{"id":10496,"date":"2025-12-01T11:21:39","date_gmt":"2025-12-01T14:21:39","guid":{"rendered":"https:\/\/www.legislapp.com.br\/index.php\/avulso-inicial-pl-2719-2025-camara\/"},"modified":"2025-12-01T11:21:39","modified_gmt":"2025-12-01T14:21:39","slug":"avulso-inicial-pl-2719-2025-camara","status":"publish","type":"page","link":"https:\/\/www.legislapp.com.br\/index.php\/avulso-inicial-pl-2719-2025-camara\/","title":{"rendered":"Avulso Inicial &#8211; PL 2719\/2025 &#8211; C\u00e2mara"},"content":{"rendered":"<h1 style='text-align: center;'>Avulso Inicial &#8211; Autoria de J\u00fanior Mano<\/h3>\n<p><\/p>\n<article>GABINETE DO DEPUTADO FEDERAL JUNIOR MANO \u2013<br \/>\nPSB\/CE<br \/>\nPROJETO DE LEI N\u00ba                  , de 2025<br \/>\n(Do Sr J\u00fanior Mano)<br \/>\nReconhece a panelada como patrim\u00f4nio<br \/>\ncultural e imaterial do Estado do Cear\u00e1 e<br \/>\nd\u00e1 outras provid\u00eancias.<br \/>\nO CONGRESSO NACIONAL decreta:<br \/>\nArt. 1\u00ba Fica reconhecida como patrim\u00f4nio cultural e imaterial do Brasil, nos<br \/>\ntermos do art. 216 da Constitui\u00e7\u00e3o Federal, a panelada, express\u00e3o da culin\u00e1ria<br \/>\ntradicional do Estado do Cear\u00e1.<br \/>\nArt. 2\u00ba Para os efeitos desta Lei entende-se por panelada o prato t\u00edpico<br \/>\npreparado a partir de v\u00edsceras bovinas (bucho e patas), temperado com ervas e<br \/>\nespeciarias regionais, sendo parte integrante da identidade cultural, social e<br \/>\ngastron\u00f4mica do povo cearense.<br \/>\nArt. 3\u00ba O Poder Executivo, por meio do Instituto do Patrim\u00f4nio Hist\u00f3rico e<br \/>\nArt\u00edstico Nacional \u2013 IPHAN, adotar\u00e1 as provid\u00eancias cab\u00edveis para o registro da<br \/>\npanelada como bem imaterial no Livro de Registro dos Saberes, conforme o Decreto n\u00ba<br \/>\n3.551, de 4 de agosto de 2000.<br \/>\nArt. 4\u00ba Esta Lei entra em vigor na data de sua publica\u00e7\u00e3o.<br \/>\nPara verificar a assinatura, acesse https:\/\/infoleg-autenticidade-assinatura.camara.leg.br\/CD255519504700<br \/>\nAssinado eletronicamente pelo(a) Dep. J\u00fanior Mano<br \/>\nApresenta\u00e7\u00e3o: 05\/06\/2025 10:52:31.603 &#8211; Mesa<br \/>\n*CD255519504700* PL n.2719\/2025<br \/>GABINETE DO DEPUTADO FEDERAL JUNIOR MANO \u2013<br \/>\nPSB\/CE<br \/>\nJUSTIFICATIVA<br \/>\nO presente Projeto de Lei visa reconhecer a panelada como patrim\u00f4nio cultural<br \/>\ne imaterial do Estado do Cear\u00e1 devido todo o seu significado e import\u00e2ncia para o povo<br \/>\ncearense.<br \/>\nA panelada \u00e9 um prato tradicional profundamente enraizado na cultura popular<br \/>\ndo Cear\u00e1, presente em feiras, mercados, festas populares e celebra\u00e7\u00f5es familiares, ela<br \/>\nrepresenta mais que um alimento: \u00e9 um s\u00edmbolo de resist\u00eancia, de mem\u00f3ria afetiva e<br \/>\nde conviv\u00eancia social.<br \/>\nReconhecer a panelada como patrim\u00f4nio cultural e imaterial \u00e9 valorizar a<br \/>\nculin\u00e1ria regional e proteger um saber que atravessa gera\u00e7\u00f5es, contribuindo para a<br \/>\npreserva\u00e7\u00e3o da identidade nordestina e o fortalecimento da economia criativa local.<br \/>\nDiante disso, solicito o apoio dos nobres colegas para a aprova\u00e7\u00e3o deste<br \/>\nimportante projeto.<br \/>\nSala das Sess\u00f5es, em  de  de 2025.<br \/>\nDeputado J\u00fanior Mano<br \/>\nPSB \u2013 Cear\u00e1<br \/>\nPara verificar a assinatura, acesse https:\/\/infoleg-autenticidade-assinatura.camara.leg.br\/CD255519504700<br \/>\nAssinado eletronicamente pelo(a) Dep. J\u00fanior Mano<br \/>\nApresenta\u00e7\u00e3o: 05\/06\/2025 10:52:31.603 &#8211; Mesa<br \/>\n*CD255519504700* PL n.2719\/2025<\/article>\n<p><a href='https:\/\/app.legislapp.com.br\/#\/busca?termo=Reconhecimento'>Reconhecimento<\/a>, <a href='https:\/\/app.legislapp.com.br\/#\/busca?termo=Panelada'>Panelada<\/a>, <a href='https:\/\/app.legislapp.com.br\/#\/busca?termo=Patrim\u00f4nio cultural'>Patrim\u00f4nio cultural<\/a>, <a href='https:\/\/app.legislapp.com.br\/#\/busca?termo=Patrim\u00f4nio imaterial'>Patrim\u00f4nio imaterial<\/a>, <a href='https:\/\/app.legislapp.com.br\/#\/busca?termo=manifesta\u00e7\u00e3o cultural'>manifesta\u00e7\u00e3o cultural<\/a>, <a href='https:\/\/app.legislapp.com.br\/#\/busca?termo=culin\u00e1ria'>culin\u00e1ria<\/a>, <a href='https:\/\/app.legislapp.com.br\/#\/busca?termo=Cear\u00e1.'>Cear\u00e1.<\/a><\/p>\n<div style=\"text-align: center\">\n      <img decoding=\"async\" style=\"width: 14%;\" src=\"https:\/\/www.legislapp.com.br\/wp-content\/uploads\/2021\/07\/Logo-Legislapp-1-03-1.png\"><br \/>\n      <\/p>\n<div style=\"margin-bottom: 20px;\" class=\"et_pb_button_module_wrapper et_pb_button_5_tb_body_wrapper et_pb_button_alignment_center et_pb_module \">\n         <a class=\"et_pb_button et_pb_button_5_tb_body et_hover_enabled et_pb_bg_layout_dark\" style=\"width: 50%;background-color: black;\" href=\"https:\/\/app.legislapp.com.br\" target=\"_blank\" rel=\"noopener\">Visualizar completo na nossa plataforma (30 dias gr\u00e1tis)<\/a><\/p><\/div>\n<p>      <a href=\"https:\/\/play.google.com\/store\/apps\/details?id=br.com.legislapp\"><img decoding=\"async\" style=\"width: 15%; min-width: 130px;\" src=\"https:\/\/www.legislapp.com.br\/wp-content\/uploads\/google-play.png\"><\/a><br \/>\n      <a href=\"https:\/\/apps.apple.com\/us\/app\/legislapp\/id1568929859\"><img decoding=\"async\" style=\"width: 15%; min-width: 130px\" src=\"https:\/\/www.legislapp.com.br\/wp-content\/uploads\/apple-store.png\"><\/a>\n   <\/div>\n","protected":false},"excerpt":{"rendered":"<p>Avulso Inicial &#8211; Autoria de J\u00fanior Mano GABINETE DO DEPUTADO FEDERAL JUNIOR MANO \u2013 PSB\/CE PROJETO DE LEI N\u00ba , de 2025 (Do Sr J\u00fanior Mano) Reconhece a panelada como patrim\u00f4nio cultural e imaterial do Estado do Cear\u00e1 e d\u00e1 outras provid\u00eancias. O CONGRESSO NACIONAL decreta: Art. 1\u00ba Fica reconhecida como patrim\u00f4nio cultural e imaterial [&hellip;]<\/p>\n","protected":false},"author":1,"featured_media":0,"parent":0,"menu_order":0,"comment_status":"closed","ping_status":"closed","template":"page-template-blank.php","meta":{"_et_pb_use_builder":"","_et_pb_old_content":"","_et_gb_content_width":"1080","ngg_post_thumbnail":0,"footnotes":""},"class_list":["post-10496","page","type-page","status-publish","hentry"],"yoast_head":"<!-- This site is optimized with the Yoast SEO plugin v24.4 - https:\/\/yoast.com\/wordpress\/plugins\/seo\/ -->\n<title>Avulso Inicial - PL 2719\/2025 - C\u00e2mara - Legislapp<\/title>\n<meta name=\"robots\" content=\"index, follow, max-snippet:-1, max-image-preview:large, max-video-preview:-1\" \/>\n<link rel=\"canonical\" href=\"https:\/\/www.legislapp.com.br\/index.php\/avulso-inicial-pl-2719-2025-camara\/\" \/>\n<meta property=\"og:locale\" content=\"pt_BR\" \/>\n<meta property=\"og:type\" content=\"article\" \/>\n<meta property=\"og:title\" content=\"Avulso Inicial - PL 2719\/2025 - C\u00e2mara - Legislapp\" \/>\n<meta property=\"og:description\" content=\"Avulso Inicial &#8211; Autoria de J\u00fanior Mano GABINETE DO DEPUTADO FEDERAL JUNIOR MANO \u2013 PSB\/CE PROJETO DE LEI N\u00ba , de 2025 (Do Sr J\u00fanior Mano) Reconhece a panelada como patrim\u00f4nio cultural e imaterial do Estado do Cear\u00e1 e d\u00e1 outras provid\u00eancias. O CONGRESSO NACIONAL decreta: Art. 1\u00ba Fica reconhecida como patrim\u00f4nio cultural e imaterial [&hellip;]\" \/>\n<meta property=\"og:url\" content=\"https:\/\/www.legislapp.com.br\/index.php\/avulso-inicial-pl-2719-2025-camara\/\" \/>\n<meta property=\"og:site_name\" content=\"Legislapp\" \/>\n<meta property=\"article:publisher\" content=\"https:\/\/www.instagram.com\/legislapp\/\" \/>\n<meta property=\"og:image\" content=\"https:\/\/www.legislapp.com.br\/wp-content\/uploads\/2021\/07\/Logo-Legislapp-1-03-1.png\" \/>\n<meta name=\"twitter:card\" content=\"summary_large_image\" \/>\n<meta name=\"twitter:label1\" content=\"Est. tempo de leitura\" \/>\n\t<meta name=\"twitter:data1\" content=\"2 minutos\" \/>\n<script type=\"application\/ld+json\" class=\"yoast-schema-graph\">{\"@context\":\"https:\/\/schema.org\",\"@graph\":[{\"@type\":\"WebPage\",\"@id\":\"https:\/\/www.legislapp.com.br\/index.php\/avulso-inicial-pl-2719-2025-camara\/\",\"url\":\"https:\/\/www.legislapp.com.br\/index.php\/avulso-inicial-pl-2719-2025-camara\/\",\"name\":\"Avulso Inicial - PL 2719\/2025 - C\u00e2mara - Legislapp\",\"isPartOf\":{\"@id\":\"https:\/\/www.legislapp.com.br\/#website\"},\"primaryImageOfPage\":{\"@id\":\"https:\/\/www.legislapp.com.br\/index.php\/avulso-inicial-pl-2719-2025-camara\/#primaryimage\"},\"image\":{\"@id\":\"https:\/\/www.legislapp.com.br\/index.php\/avulso-inicial-pl-2719-2025-camara\/#primaryimage\"},\"thumbnailUrl\":\"https:\/\/www.legislapp.com.br\/wp-content\/uploads\/2021\/07\/Logo-Legislapp-1-03-1.png\",\"datePublished\":\"2025-12-01T14:21:39+00:00\",\"breadcrumb\":{\"@id\":\"https:\/\/www.legislapp.com.br\/index.php\/avulso-inicial-pl-2719-2025-camara\/#breadcrumb\"},\"inLanguage\":\"pt-BR\",\"potentialAction\":[{\"@type\":\"ReadAction\",\"target\":[\"https:\/\/www.legislapp.com.br\/index.php\/avulso-inicial-pl-2719-2025-camara\/\"]}]},{\"@type\":\"ImageObject\",\"inLanguage\":\"pt-BR\",\"@id\":\"https:\/\/www.legislapp.com.br\/index.php\/avulso-inicial-pl-2719-2025-camara\/#primaryimage\",\"url\":\"https:\/\/www.legislapp.com.br\/wp-content\/uploads\/2021\/07\/Logo-Legislapp-1-03-1.png\",\"contentUrl\":\"https:\/\/www.legislapp.com.br\/wp-content\/uploads\/2021\/07\/Logo-Legislapp-1-03-1.png\",\"width\":2679,\"height\":2697},{\"@type\":\"BreadcrumbList\",\"@id\":\"https:\/\/www.legislapp.com.br\/index.php\/avulso-inicial-pl-2719-2025-camara\/#breadcrumb\",\"itemListElement\":[{\"@type\":\"ListItem\",\"position\":1,\"name\":\"In\u00edcio\",\"item\":\"https:\/\/www.legislapp.com.br\/\"},{\"@type\":\"ListItem\",\"position\":2,\"name\":\"Avulso Inicial &#8211; PL 2719\/2025 &#8211; C\u00e2mara\"}]},{\"@type\":\"WebSite\",\"@id\":\"https:\/\/www.legislapp.com.br\/#website\",\"url\":\"https:\/\/www.legislapp.com.br\/\",\"name\":\"Legislapp\",\"description\":\"Intelig\u00eancia governamental em tempo real\",\"publisher\":{\"@id\":\"https:\/\/www.legislapp.com.br\/#organization\"},\"potentialAction\":[{\"@type\":\"SearchAction\",\"target\":{\"@type\":\"EntryPoint\",\"urlTemplate\":\"https:\/\/www.legislapp.com.br\/?s={search_term_string}\"},\"query-input\":{\"@type\":\"PropertyValueSpecification\",\"valueRequired\":true,\"valueName\":\"search_term_string\"}}],\"inLanguage\":\"pt-BR\"},{\"@type\":\"Organization\",\"@id\":\"https:\/\/www.legislapp.com.br\/#organization\",\"name\":\"Legislapp Monitoramento e Intelig\u00eancia Governamental\",\"url\":\"https:\/\/www.legislapp.com.br\/\",\"logo\":{\"@type\":\"ImageObject\",\"inLanguage\":\"pt-BR\",\"@id\":\"https:\/\/www.legislapp.com.br\/#\/schema\/logo\/image\/\",\"url\":\"https:\/\/www.legislapp.com.br\/wp-content\/uploads\/icon.png\",\"contentUrl\":\"https:\/\/www.legislapp.com.br\/wp-content\/uploads\/icon.png\",\"width\":1024,\"height\":1024,\"caption\":\"Legislapp Monitoramento e Intelig\u00eancia Governamental\"},\"image\":{\"@id\":\"https:\/\/www.legislapp.com.br\/#\/schema\/logo\/image\/\"},\"sameAs\":[\"https:\/\/www.instagram.com\/legislapp\/\"]}]}<\/script>\n<!-- \/ Yoast SEO plugin. -->","yoast_head_json":{"title":"Avulso Inicial - PL 2719\/2025 - C\u00e2mara - Legislapp","robots":{"index":"index","follow":"follow","max-snippet":"max-snippet:-1","max-image-preview":"max-image-preview:large","max-video-preview":"max-video-preview:-1"},"canonical":"https:\/\/www.legislapp.com.br\/index.php\/avulso-inicial-pl-2719-2025-camara\/","og_locale":"pt_BR","og_type":"article","og_title":"Avulso Inicial - PL 2719\/2025 - C\u00e2mara - Legislapp","og_description":"Avulso Inicial &#8211; Autoria de J\u00fanior Mano GABINETE DO DEPUTADO FEDERAL JUNIOR MANO \u2013 PSB\/CE PROJETO DE LEI N\u00ba , de 2025 (Do Sr J\u00fanior Mano) Reconhece a panelada como patrim\u00f4nio cultural e imaterial do Estado do Cear\u00e1 e d\u00e1 outras provid\u00eancias. O CONGRESSO NACIONAL decreta: Art. 1\u00ba Fica reconhecida como patrim\u00f4nio cultural e imaterial [&hellip;]","og_url":"https:\/\/www.legislapp.com.br\/index.php\/avulso-inicial-pl-2719-2025-camara\/","og_site_name":"Legislapp","article_publisher":"https:\/\/www.instagram.com\/legislapp\/","og_image":[{"url":"https:\/\/www.legislapp.com.br\/wp-content\/uploads\/2021\/07\/Logo-Legislapp-1-03-1.png","type":"","width":"","height":""}],"twitter_card":"summary_large_image","twitter_misc":{"Est. tempo de leitura":"2 minutos"},"schema":{"@context":"https:\/\/schema.org","@graph":[{"@type":"WebPage","@id":"https:\/\/www.legislapp.com.br\/index.php\/avulso-inicial-pl-2719-2025-camara\/","url":"https:\/\/www.legislapp.com.br\/index.php\/avulso-inicial-pl-2719-2025-camara\/","name":"Avulso Inicial - PL 2719\/2025 - C\u00e2mara - Legislapp","isPartOf":{"@id":"https:\/\/www.legislapp.com.br\/#website"},"primaryImageOfPage":{"@id":"https:\/\/www.legislapp.com.br\/index.php\/avulso-inicial-pl-2719-2025-camara\/#primaryimage"},"image":{"@id":"https:\/\/www.legislapp.com.br\/index.php\/avulso-inicial-pl-2719-2025-camara\/#primaryimage"},"thumbnailUrl":"https:\/\/www.legislapp.com.br\/wp-content\/uploads\/2021\/07\/Logo-Legislapp-1-03-1.png","datePublished":"2025-12-01T14:21:39+00:00","breadcrumb":{"@id":"https:\/\/www.legislapp.com.br\/index.php\/avulso-inicial-pl-2719-2025-camara\/#breadcrumb"},"inLanguage":"pt-BR","potentialAction":[{"@type":"ReadAction","target":["https:\/\/www.legislapp.com.br\/index.php\/avulso-inicial-pl-2719-2025-camara\/"]}]},{"@type":"ImageObject","inLanguage":"pt-BR","@id":"https:\/\/www.legislapp.com.br\/index.php\/avulso-inicial-pl-2719-2025-camara\/#primaryimage","url":"https:\/\/www.legislapp.com.br\/wp-content\/uploads\/2021\/07\/Logo-Legislapp-1-03-1.png","contentUrl":"https:\/\/www.legislapp.com.br\/wp-content\/uploads\/2021\/07\/Logo-Legislapp-1-03-1.png","width":2679,"height":2697},{"@type":"BreadcrumbList","@id":"https:\/\/www.legislapp.com.br\/index.php\/avulso-inicial-pl-2719-2025-camara\/#breadcrumb","itemListElement":[{"@type":"ListItem","position":1,"name":"In\u00edcio","item":"https:\/\/www.legislapp.com.br\/"},{"@type":"ListItem","position":2,"name":"Avulso Inicial &#8211; PL 2719\/2025 &#8211; C\u00e2mara"}]},{"@type":"WebSite","@id":"https:\/\/www.legislapp.com.br\/#website","url":"https:\/\/www.legislapp.com.br\/","name":"Legislapp","description":"Intelig\u00eancia governamental em tempo real","publisher":{"@id":"https:\/\/www.legislapp.com.br\/#organization"},"potentialAction":[{"@type":"SearchAction","target":{"@type":"EntryPoint","urlTemplate":"https:\/\/www.legislapp.com.br\/?s={search_term_string}"},"query-input":{"@type":"PropertyValueSpecification","valueRequired":true,"valueName":"search_term_string"}}],"inLanguage":"pt-BR"},{"@type":"Organization","@id":"https:\/\/www.legislapp.com.br\/#organization","name":"Legislapp Monitoramento e Intelig\u00eancia Governamental","url":"https:\/\/www.legislapp.com.br\/","logo":{"@type":"ImageObject","inLanguage":"pt-BR","@id":"https:\/\/www.legislapp.com.br\/#\/schema\/logo\/image\/","url":"https:\/\/www.legislapp.com.br\/wp-content\/uploads\/icon.png","contentUrl":"https:\/\/www.legislapp.com.br\/wp-content\/uploads\/icon.png","width":1024,"height":1024,"caption":"Legislapp Monitoramento e Intelig\u00eancia Governamental"},"image":{"@id":"https:\/\/www.legislapp.com.br\/#\/schema\/logo\/image\/"},"sameAs":["https:\/\/www.instagram.com\/legislapp\/"]}]}},"_links":{"self":[{"href":"https:\/\/www.legislapp.com.br\/index.php\/wp-json\/wp\/v2\/pages\/10496","targetHints":{"allow":["GET"]}}],"collection":[{"href":"https:\/\/www.legislapp.com.br\/index.php\/wp-json\/wp\/v2\/pages"}],"about":[{"href":"https:\/\/www.legislapp.com.br\/index.php\/wp-json\/wp\/v2\/types\/page"}],"author":[{"embeddable":true,"href":"https:\/\/www.legislapp.com.br\/index.php\/wp-json\/wp\/v2\/users\/1"}],"replies":[{"embeddable":true,"href":"https:\/\/www.legislapp.com.br\/index.php\/wp-json\/wp\/v2\/comments?post=10496"}],"version-history":[{"count":0,"href":"https:\/\/www.legislapp.com.br\/index.php\/wp-json\/wp\/v2\/pages\/10496\/revisions"}],"wp:attachment":[{"href":"https:\/\/www.legislapp.com.br\/index.php\/wp-json\/wp\/v2\/media?parent=10496"}],"curies":[{"name":"wp","href":"https:\/\/api.w.org\/{rel}","templated":true}]}}