{"id":10506,"date":"2025-12-01T11:22:08","date_gmt":"2025-12-01T14:22:08","guid":{"rendered":"https:\/\/www.legislapp.com.br\/index.php\/avulso-inicial-pl-2041-2025-camara\/"},"modified":"2025-12-01T11:22:08","modified_gmt":"2025-12-01T14:22:08","slug":"avulso-inicial-pl-2041-2025-camara","status":"publish","type":"page","link":"https:\/\/www.legislapp.com.br\/index.php\/avulso-inicial-pl-2041-2025-camara\/","title":{"rendered":"Avulso Inicial &#8211; PL 2041\/2025 &#8211; C\u00e2mara"},"content":{"rendered":"<h1 style='text-align: center;'>Avulso Inicial &#8211; Autoria de Senado Federal<\/h3>\n<p><\/p>\n<article>Altera a Lei n\u00ba 14.995, de 10 de outubro de<br \/>\n2024, para possibilitar a utiliza\u00e7\u00e3o de linha<br \/>\nde cr\u00e9dito especial para financiar a<br \/>\naquisi\u00e7\u00e3o de ve\u00edculos destinados \u00e0<br \/>\nrenova\u00e7\u00e3o da frota utilizada na presta\u00e7\u00e3o<br \/>\nde servi\u00e7os por mototaxistas.<br \/>\nO Congresso Nacional decreta:<br \/>\nArt. 1\u00ba O Cap\u00edtulo VII da Lei n\u00ba 14.995, de 10 de outubro de 2024, passa a<br \/>\nvigorar com as seguintes altera\u00e7\u00f5es:<br \/>\n\u201cCAP\u00cdTULO VII<br \/>\nDA CRIA\u00c7\u00c3O DE LINHA DE CR\u00c9DITO ESPECIAL PARA FINANCIAMENTO<br \/>\nDA AQUISI\u00c7\u00c3O DE VE\u00cdCULOS DESTINADOS \u00c0 RENOVA\u00c7\u00c3O DA FROTA<br \/>\nUTILIZADA NA PRESTA\u00c7\u00c3O DE SERVI\u00c7OS DE T\u00c1XI E DE MOTOT\u00c1XI\u201d (NR)<br \/>\n\u201cArt. 42-A. A linha de cr\u00e9dito criada na forma do art. 42 destina-se<br \/>\ntamb\u00e9m a financiar a aquisi\u00e7\u00e3o de ve\u00edculos destinados \u00e0 renova\u00e7\u00e3o da frota<br \/>\nutilizada na presta\u00e7\u00e3o de servi\u00e7os por mototaxistas regulamentados nos<br \/>\ntermos da Lei n\u00ba 12.009, de 29 de julho de 2009.<br \/>\n\u00a7 1\u00ba Poder\u00e3o ter direito \u00e0 linha de cr\u00e9dito de que trata o caput deste<br \/>\nartigo as pessoas f\u00edsicas propriet\u00e1rias de motocicletas ou motonetas<br \/>\nutilizadas na presta\u00e7\u00e3o de servi\u00e7os de motot\u00e1xi autorizadas pelo poder<br \/>\np\u00fablico concedente na forma do art. 135 da Lei n\u00ba 9.503, de 23 de setembro<br \/>\nde 1997 (C\u00f3digo de Tr\u00e2nsito Brasileiro).<br \/>\n\u00a7 2\u00ba Poder\u00e3o ser financiados com a linha de cr\u00e9dito de que trata o<br \/>\ncaput deste artigo os ve\u00edculos de passageiros ou de uso misto, de fabrica\u00e7\u00e3o<br \/>\nnacional, novos, movidos a combust\u00edvel de origem f\u00f3ssil ou renov\u00e1vel,<br \/>\ninclusive os ve\u00edculos h\u00edbridos e el\u00e9tricos, destinados \u00e0 comprovada<br \/>\nutiliza\u00e7\u00e3o na presta\u00e7\u00e3o de servi\u00e7os inerentes \u00e0 atividade de mototaxista, que<br \/>\nse enquadrem nas condi\u00e7\u00f5es estabelecidas na legisla\u00e7\u00e3o vigente, podendo<br \/>\ntamb\u00e9m ser financiados o seguro inicial dos bens e os itens para<br \/>\ncarregamento da bateria dos ve\u00edculos movidos por energia el\u00e9trica.<br \/>\n\u00a7 3\u00ba A habilita\u00e7\u00e3o ao cr\u00e9dito dar-se-\u00e1 mediante apresenta\u00e7\u00e3o de<br \/>\ndocumenta\u00e7\u00e3o h\u00e1bil que comprove o exerc\u00edcio da atividade de mototaxista<br \/>\nAutenticado Eletronicamente, ap\u00f3s confer\u00eancia com o original.<br \/>\nApresenta\u00e7\u00e3o: 07\/07\/2025 14:13:59.797 &#8211; Mesa<br \/>\n*CD257059492500* PL n.2041\/2025<br \/>2<br \/>\npor parte do interessado no financiamento, respeitada a pol\u00edtica de cr\u00e9dito<br \/>\nde cada agente financeiro.\u201d<br \/>\nArt. 2\u00ba Esta Lei entra em vigor na data de sua publica\u00e7\u00e3o.<br \/>\nBras\u00edlia, na data da assinatura.<br \/>\nSenador Davi Alcolumbre<br \/>\nPresidente do Senado Federal<br \/>\ngsl\/pl25-2041rev<br \/>\nAutenticado Eletronicamente, ap\u00f3s confer\u00eancia com o original.<br \/>\nApresenta\u00e7\u00e3o: 07\/07\/2025 14:13:59.797 &#8211; Mesa<br \/>\n*CD257059492500* PL n.2041\/2025<\/article>\n<p><a href='https:\/\/app.legislapp.com.br\/#\/busca?termo=Altera\u00e7\u00e3o'>Altera\u00e7\u00e3o<\/a>, <a href='https:\/\/app.legislapp.com.br\/#\/busca?termo=lei federal'>lei federal<\/a>, <a href='https:\/\/app.legislapp.com.br\/#\/busca?termo=motot\u00e1xi'>motot\u00e1xi<\/a>, <a href='https:\/\/app.legislapp.com.br\/#\/busca?termo=linha de cr\u00e9dito'>linha de cr\u00e9dito<\/a>, <a href='https:\/\/app.legislapp.com.br\/#\/busca?termo=financiamento'>financiamento<\/a>, <a href='https:\/\/app.legislapp.com.br\/#\/busca?termo=aquisi\u00e7\u00e3o'>aquisi\u00e7\u00e3o<\/a>, <a href='https:\/\/app.legislapp.com.br\/#\/busca?termo=ve\u00edculo novo'>ve\u00edculo novo<\/a>, <a href='https:\/\/app.legislapp.com.br\/#\/busca?termo=fabrica\u00e7\u00e3o nacional'>fabrica\u00e7\u00e3o nacional<\/a>, <a href='https:\/\/app.legislapp.com.br\/#\/busca?termo=mototaxista'>mototaxista<\/a>, <a href='https:\/\/app.legislapp.com.br\/#\/busca?termo=comprova\u00e7\u00e3o'>comprova\u00e7\u00e3o<\/a>, <a href='https:\/\/app.legislapp.com.br\/#\/busca?termo=exerc\u00edcio profissional'>exerc\u00edcio profissional<\/a>, <a href='https:\/\/app.legislapp.com.br\/#\/busca?termo=transporte urbano'>transporte urbano<\/a>, <a href='https:\/\/app.legislapp.com.br\/#\/busca?termo=renova\u00e7\u00e3o'>renova\u00e7\u00e3o<\/a>, <a href='https:\/\/app.legislapp.com.br\/#\/busca?termo=frota.'>frota.<\/a><\/p>\n<div style=\"text-align: center\">\n      <img decoding=\"async\" style=\"width: 14%;\" src=\"https:\/\/www.legislapp.com.br\/wp-content\/uploads\/2021\/07\/Logo-Legislapp-1-03-1.png\"><br \/>\n      <\/p>\n<div style=\"margin-bottom: 20px;\" class=\"et_pb_button_module_wrapper et_pb_button_5_tb_body_wrapper et_pb_button_alignment_center et_pb_module \">\n         <a class=\"et_pb_button et_pb_button_5_tb_body et_hover_enabled et_pb_bg_layout_dark\" style=\"width: 50%;background-color: black;\" href=\"https:\/\/app.legislapp.com.br\" target=\"_blank\" rel=\"noopener\">Visualizar completo na nossa plataforma (30 dias gr\u00e1tis)<\/a><\/p><\/div>\n<p>      <a href=\"https:\/\/play.google.com\/store\/apps\/details?id=br.com.legislapp\"><img decoding=\"async\" style=\"width: 15%; min-width: 130px;\" src=\"https:\/\/www.legislapp.com.br\/wp-content\/uploads\/google-play.png\"><\/a><br \/>\n      <a href=\"https:\/\/apps.apple.com\/us\/app\/legislapp\/id1568929859\"><img decoding=\"async\" style=\"width: 15%; min-width: 130px\" src=\"https:\/\/www.legislapp.com.br\/wp-content\/uploads\/apple-store.png\"><\/a>\n   <\/div>\n","protected":false},"excerpt":{"rendered":"<p>Avulso Inicial &#8211; Autoria de Senado Federal Altera a Lei n\u00ba 14.995, de 10 de outubro de 2024, para possibilitar a utiliza\u00e7\u00e3o de linha de cr\u00e9dito especial para financiar a aquisi\u00e7\u00e3o de ve\u00edculos destinados \u00e0 renova\u00e7\u00e3o da frota utilizada na presta\u00e7\u00e3o de servi\u00e7os por mototaxistas. O Congresso Nacional decreta: Art. 1\u00ba O Cap\u00edtulo VII da [&hellip;]<\/p>\n","protected":false},"author":1,"featured_media":0,"parent":0,"menu_order":0,"comment_status":"closed","ping_status":"closed","template":"page-template-blank.php","meta":{"_et_pb_use_builder":"","_et_pb_old_content":"","_et_gb_content_width":"1080","ngg_post_thumbnail":0,"footnotes":""},"class_list":["post-10506","page","type-page","status-publish","hentry"],"yoast_head":"<!-- This site is optimized with the Yoast SEO plugin v24.4 - https:\/\/yoast.com\/wordpress\/plugins\/seo\/ -->\n<title>Avulso Inicial - PL 2041\/2025 - C\u00e2mara - Legislapp<\/title>\n<meta name=\"robots\" content=\"index, follow, max-snippet:-1, max-image-preview:large, max-video-preview:-1\" \/>\n<link rel=\"canonical\" href=\"https:\/\/www.legislapp.com.br\/index.php\/avulso-inicial-pl-2041-2025-camara\/\" \/>\n<meta property=\"og:locale\" content=\"pt_BR\" \/>\n<meta property=\"og:type\" content=\"article\" \/>\n<meta property=\"og:title\" content=\"Avulso Inicial - PL 2041\/2025 - C\u00e2mara - Legislapp\" \/>\n<meta property=\"og:description\" content=\"Avulso Inicial &#8211; Autoria de Senado Federal Altera a Lei n\u00ba 14.995, de 10 de outubro de 2024, para possibilitar a utiliza\u00e7\u00e3o de linha de cr\u00e9dito especial para financiar a aquisi\u00e7\u00e3o de ve\u00edculos destinados \u00e0 renova\u00e7\u00e3o da frota utilizada na presta\u00e7\u00e3o de servi\u00e7os por mototaxistas. O Congresso Nacional decreta: Art. 1\u00ba O Cap\u00edtulo VII da [&hellip;]\" \/>\n<meta property=\"og:url\" content=\"https:\/\/www.legislapp.com.br\/index.php\/avulso-inicial-pl-2041-2025-camara\/\" \/>\n<meta property=\"og:site_name\" content=\"Legislapp\" \/>\n<meta property=\"article:publisher\" content=\"https:\/\/www.instagram.com\/legislapp\/\" \/>\n<meta property=\"og:image\" content=\"https:\/\/www.legislapp.com.br\/wp-content\/uploads\/2021\/07\/Logo-Legislapp-1-03-1.png\" \/>\n<meta name=\"twitter:card\" content=\"summary_large_image\" \/>\n<meta name=\"twitter:label1\" content=\"Est. tempo de leitura\" \/>\n\t<meta name=\"twitter:data1\" content=\"2 minutos\" \/>\n<script type=\"application\/ld+json\" class=\"yoast-schema-graph\">{\"@context\":\"https:\/\/schema.org\",\"@graph\":[{\"@type\":\"WebPage\",\"@id\":\"https:\/\/www.legislapp.com.br\/index.php\/avulso-inicial-pl-2041-2025-camara\/\",\"url\":\"https:\/\/www.legislapp.com.br\/index.php\/avulso-inicial-pl-2041-2025-camara\/\",\"name\":\"Avulso Inicial - PL 2041\/2025 - C\u00e2mara - Legislapp\",\"isPartOf\":{\"@id\":\"https:\/\/www.legislapp.com.br\/#website\"},\"primaryImageOfPage\":{\"@id\":\"https:\/\/www.legislapp.com.br\/index.php\/avulso-inicial-pl-2041-2025-camara\/#primaryimage\"},\"image\":{\"@id\":\"https:\/\/www.legislapp.com.br\/index.php\/avulso-inicial-pl-2041-2025-camara\/#primaryimage\"},\"thumbnailUrl\":\"https:\/\/www.legislapp.com.br\/wp-content\/uploads\/2021\/07\/Logo-Legislapp-1-03-1.png\",\"datePublished\":\"2025-12-01T14:22:08+00:00\",\"breadcrumb\":{\"@id\":\"https:\/\/www.legislapp.com.br\/index.php\/avulso-inicial-pl-2041-2025-camara\/#breadcrumb\"},\"inLanguage\":\"pt-BR\",\"potentialAction\":[{\"@type\":\"ReadAction\",\"target\":[\"https:\/\/www.legislapp.com.br\/index.php\/avulso-inicial-pl-2041-2025-camara\/\"]}]},{\"@type\":\"ImageObject\",\"inLanguage\":\"pt-BR\",\"@id\":\"https:\/\/www.legislapp.com.br\/index.php\/avulso-inicial-pl-2041-2025-camara\/#primaryimage\",\"url\":\"https:\/\/www.legislapp.com.br\/wp-content\/uploads\/2021\/07\/Logo-Legislapp-1-03-1.png\",\"contentUrl\":\"https:\/\/www.legislapp.com.br\/wp-content\/uploads\/2021\/07\/Logo-Legislapp-1-03-1.png\",\"width\":2679,\"height\":2697},{\"@type\":\"BreadcrumbList\",\"@id\":\"https:\/\/www.legislapp.com.br\/index.php\/avulso-inicial-pl-2041-2025-camara\/#breadcrumb\",\"itemListElement\":[{\"@type\":\"ListItem\",\"position\":1,\"name\":\"In\u00edcio\",\"item\":\"https:\/\/www.legislapp.com.br\/\"},{\"@type\":\"ListItem\",\"position\":2,\"name\":\"Avulso Inicial &#8211; PL 2041\/2025 &#8211; C\u00e2mara\"}]},{\"@type\":\"WebSite\",\"@id\":\"https:\/\/www.legislapp.com.br\/#website\",\"url\":\"https:\/\/www.legislapp.com.br\/\",\"name\":\"Legislapp\",\"description\":\"Intelig\u00eancia governamental em tempo real\",\"publisher\":{\"@id\":\"https:\/\/www.legislapp.com.br\/#organization\"},\"potentialAction\":[{\"@type\":\"SearchAction\",\"target\":{\"@type\":\"EntryPoint\",\"urlTemplate\":\"https:\/\/www.legislapp.com.br\/?s={search_term_string}\"},\"query-input\":{\"@type\":\"PropertyValueSpecification\",\"valueRequired\":true,\"valueName\":\"search_term_string\"}}],\"inLanguage\":\"pt-BR\"},{\"@type\":\"Organization\",\"@id\":\"https:\/\/www.legislapp.com.br\/#organization\",\"name\":\"Legislapp Monitoramento e Intelig\u00eancia Governamental\",\"url\":\"https:\/\/www.legislapp.com.br\/\",\"logo\":{\"@type\":\"ImageObject\",\"inLanguage\":\"pt-BR\",\"@id\":\"https:\/\/www.legislapp.com.br\/#\/schema\/logo\/image\/\",\"url\":\"https:\/\/www.legislapp.com.br\/wp-content\/uploads\/icon.png\",\"contentUrl\":\"https:\/\/www.legislapp.com.br\/wp-content\/uploads\/icon.png\",\"width\":1024,\"height\":1024,\"caption\":\"Legislapp Monitoramento e Intelig\u00eancia Governamental\"},\"image\":{\"@id\":\"https:\/\/www.legislapp.com.br\/#\/schema\/logo\/image\/\"},\"sameAs\":[\"https:\/\/www.instagram.com\/legislapp\/\"]}]}<\/script>\n<!-- \/ Yoast SEO plugin. -->","yoast_head_json":{"title":"Avulso Inicial - PL 2041\/2025 - C\u00e2mara - Legislapp","robots":{"index":"index","follow":"follow","max-snippet":"max-snippet:-1","max-image-preview":"max-image-preview:large","max-video-preview":"max-video-preview:-1"},"canonical":"https:\/\/www.legislapp.com.br\/index.php\/avulso-inicial-pl-2041-2025-camara\/","og_locale":"pt_BR","og_type":"article","og_title":"Avulso Inicial - PL 2041\/2025 - C\u00e2mara - Legislapp","og_description":"Avulso Inicial &#8211; Autoria de Senado Federal Altera a Lei n\u00ba 14.995, de 10 de outubro de 2024, para possibilitar a utiliza\u00e7\u00e3o de linha de cr\u00e9dito especial para financiar a aquisi\u00e7\u00e3o de ve\u00edculos destinados \u00e0 renova\u00e7\u00e3o da frota utilizada na presta\u00e7\u00e3o de servi\u00e7os por mototaxistas. O Congresso Nacional decreta: Art. 1\u00ba O Cap\u00edtulo VII da [&hellip;]","og_url":"https:\/\/www.legislapp.com.br\/index.php\/avulso-inicial-pl-2041-2025-camara\/","og_site_name":"Legislapp","article_publisher":"https:\/\/www.instagram.com\/legislapp\/","og_image":[{"url":"https:\/\/www.legislapp.com.br\/wp-content\/uploads\/2021\/07\/Logo-Legislapp-1-03-1.png","type":"","width":"","height":""}],"twitter_card":"summary_large_image","twitter_misc":{"Est. tempo de leitura":"2 minutos"},"schema":{"@context":"https:\/\/schema.org","@graph":[{"@type":"WebPage","@id":"https:\/\/www.legislapp.com.br\/index.php\/avulso-inicial-pl-2041-2025-camara\/","url":"https:\/\/www.legislapp.com.br\/index.php\/avulso-inicial-pl-2041-2025-camara\/","name":"Avulso Inicial - PL 2041\/2025 - C\u00e2mara - Legislapp","isPartOf":{"@id":"https:\/\/www.legislapp.com.br\/#website"},"primaryImageOfPage":{"@id":"https:\/\/www.legislapp.com.br\/index.php\/avulso-inicial-pl-2041-2025-camara\/#primaryimage"},"image":{"@id":"https:\/\/www.legislapp.com.br\/index.php\/avulso-inicial-pl-2041-2025-camara\/#primaryimage"},"thumbnailUrl":"https:\/\/www.legislapp.com.br\/wp-content\/uploads\/2021\/07\/Logo-Legislapp-1-03-1.png","datePublished":"2025-12-01T14:22:08+00:00","breadcrumb":{"@id":"https:\/\/www.legislapp.com.br\/index.php\/avulso-inicial-pl-2041-2025-camara\/#breadcrumb"},"inLanguage":"pt-BR","potentialAction":[{"@type":"ReadAction","target":["https:\/\/www.legislapp.com.br\/index.php\/avulso-inicial-pl-2041-2025-camara\/"]}]},{"@type":"ImageObject","inLanguage":"pt-BR","@id":"https:\/\/www.legislapp.com.br\/index.php\/avulso-inicial-pl-2041-2025-camara\/#primaryimage","url":"https:\/\/www.legislapp.com.br\/wp-content\/uploads\/2021\/07\/Logo-Legislapp-1-03-1.png","contentUrl":"https:\/\/www.legislapp.com.br\/wp-content\/uploads\/2021\/07\/Logo-Legislapp-1-03-1.png","width":2679,"height":2697},{"@type":"BreadcrumbList","@id":"https:\/\/www.legislapp.com.br\/index.php\/avulso-inicial-pl-2041-2025-camara\/#breadcrumb","itemListElement":[{"@type":"ListItem","position":1,"name":"In\u00edcio","item":"https:\/\/www.legislapp.com.br\/"},{"@type":"ListItem","position":2,"name":"Avulso Inicial &#8211; PL 2041\/2025 &#8211; C\u00e2mara"}]},{"@type":"WebSite","@id":"https:\/\/www.legislapp.com.br\/#website","url":"https:\/\/www.legislapp.com.br\/","name":"Legislapp","description":"Intelig\u00eancia governamental em tempo real","publisher":{"@id":"https:\/\/www.legislapp.com.br\/#organization"},"potentialAction":[{"@type":"SearchAction","target":{"@type":"EntryPoint","urlTemplate":"https:\/\/www.legislapp.com.br\/?s={search_term_string}"},"query-input":{"@type":"PropertyValueSpecification","valueRequired":true,"valueName":"search_term_string"}}],"inLanguage":"pt-BR"},{"@type":"Organization","@id":"https:\/\/www.legislapp.com.br\/#organization","name":"Legislapp Monitoramento e Intelig\u00eancia Governamental","url":"https:\/\/www.legislapp.com.br\/","logo":{"@type":"ImageObject","inLanguage":"pt-BR","@id":"https:\/\/www.legislapp.com.br\/#\/schema\/logo\/image\/","url":"https:\/\/www.legislapp.com.br\/wp-content\/uploads\/icon.png","contentUrl":"https:\/\/www.legislapp.com.br\/wp-content\/uploads\/icon.png","width":1024,"height":1024,"caption":"Legislapp Monitoramento e Intelig\u00eancia Governamental"},"image":{"@id":"https:\/\/www.legislapp.com.br\/#\/schema\/logo\/image\/"},"sameAs":["https:\/\/www.instagram.com\/legislapp\/"]}]}},"_links":{"self":[{"href":"https:\/\/www.legislapp.com.br\/index.php\/wp-json\/wp\/v2\/pages\/10506","targetHints":{"allow":["GET"]}}],"collection":[{"href":"https:\/\/www.legislapp.com.br\/index.php\/wp-json\/wp\/v2\/pages"}],"about":[{"href":"https:\/\/www.legislapp.com.br\/index.php\/wp-json\/wp\/v2\/types\/page"}],"author":[{"embeddable":true,"href":"https:\/\/www.legislapp.com.br\/index.php\/wp-json\/wp\/v2\/users\/1"}],"replies":[{"embeddable":true,"href":"https:\/\/www.legislapp.com.br\/index.php\/wp-json\/wp\/v2\/comments?post=10506"}],"version-history":[{"count":0,"href":"https:\/\/www.legislapp.com.br\/index.php\/wp-json\/wp\/v2\/pages\/10506\/revisions"}],"wp:attachment":[{"href":"https:\/\/www.legislapp.com.br\/index.php\/wp-json\/wp\/v2\/media?parent=10506"}],"curies":[{"name":"wp","href":"https:\/\/api.w.org\/{rel}","templated":true}]}}