{"id":10508,"date":"2025-12-01T11:22:16","date_gmt":"2025-12-01T14:22:16","guid":{"rendered":"https:\/\/www.legislapp.com.br\/index.php\/avulso-inicial-pl-3562-2025-camara\/"},"modified":"2025-12-01T11:22:16","modified_gmt":"2025-12-01T14:22:16","slug":"avulso-inicial-pl-3562-2025-camara","status":"publish","type":"page","link":"https:\/\/www.legislapp.com.br\/index.php\/avulso-inicial-pl-3562-2025-camara\/","title":{"rendered":"Avulso Inicial &#8211; PL 3562\/2025 &#8211; C\u00e2mara"},"content":{"rendered":"<h1 style='text-align: center;'>Avulso Inicial &#8211; Autoria de Cobalchini<\/h3>\n<p><\/p>\n<article>C\u00e2mara dos Deputados<br \/>\nGabinete do Deputado Cobalchini \u2013 MDB\/SC<br \/>\nPROJETO DE LEI N\u00ba          , DE 2025<br \/>\n(Do Sr. COBALCHINI)<br \/>\nAltera a Lei n\u00ba 6.996, de 7 de junho de<br \/>\n1982 e a Lei n\u00ba 4.737, de 1965, para alterar<br \/>\nas exig\u00eancias de transfer\u00eancia do domicilio<br \/>\neleitoral.<br \/>\nO Congresso Nacional decreta:<br \/>\nArt. 1\u00ba Esta Lei altera a Lei n\u00ba 6.996, de 1982 e a Lei n\u00ba 4.737,<br \/>\nde 1965, para alterar as exig\u00eancias de transfer\u00eancia do domicilio eleitoral.<br \/>\n Art. 2\u00ba A Lei n\u00ba 6.996, de 1982, passa a vigorar com as<br \/>\nseguintes altera\u00e7\u00f5es:<br \/>\n\u201cArt. 8\u00ba&#8230;&#8230;&#8230;&#8230;&#8230;&#8230;&#8230;&#8230;&#8230;&#8230;&#8230;&#8230;&#8230;&#8230;&#8230;&#8230;&#8230;&#8230;&#8230;&#8230;&#8230;&#8230;&#8230;&#8230;&#8230;&#8230;&#8230;&#8230;&#8230;&#8230;<br \/>\nI &#8211; entrada do requerimento no Cart\u00f3rio Eleitoral do novo<br \/>\ndomic\u00edlio at\u00e9 180 (cento e oitenta) dias antes da data da<br \/>\nelei\u00e7\u00e3o;(NR)<br \/>\nII &#8211; transcurso de, pelo menos, 1 (um) ano da inscri\u00e7\u00e3o<br \/>\nanterior;<br \/>\nIII &#8211; resid\u00eancia m\u00ednima de 6 (seis) meses no novo<br \/>\ndomic\u00edlio, mediante comprovante de resid\u00eancia oficial em<br \/>\nseu nome, emitido nos \u00faltimos seis meses, para fins de<br \/>\ncomprova\u00e7\u00e3o legal da resid\u00eancia na circunscri\u00e7\u00e3o do novo<br \/>\ndomic\u00edlio eleitoral, tais como contas de \u00e1gua, luz, g\u00e1s,<br \/>\ntelefone fixo, ou correspond\u00eancia oficial expedida por<br \/>\n\u00f3rg\u00e3o governamental.(NR)<br \/>\nPar\u00e1grafo \u00fanico &#8211; O disposto nos incisos II e III deste<br \/>\nartigo n\u00e3o se aplica \u00e0 transfer\u00eancia de t\u00edtulo eleitoral de<br \/>\nservidor p\u00fablico civil, militar, aut\u00e1rquico, ou de membro de<br \/>\nsua fam\u00edlia, por motivo de remo\u00e7\u00e3o ou transfer\u00eancia,<br \/>\ndesde que apresentado a documenta\u00e7\u00e3o comprobat\u00f3ria<br \/>\nda remo\u00e7\u00e3o ou transfer\u00eancia.(NR)\u201d<br \/>\nArt. 3\u00ba A Lei n\u00ba 4.737, de 1965, passa a vigorar com as<br \/>\nseguintes altera\u00e7\u00f5es:<br \/>\nC\u00e2mara dos Deputados | Anexo IV \u2013 Gabinete 358 | CEP: 70160-900 \u2013 Bras\u00edlia\/DF<br \/>\nTelefone: (61) 3215-5358 | dep.cobalchini@camara.leg.br<br \/>\nPara verificar a assinatura, acesse https:\/\/infoleg-autenticidade-assinatura.camara.leg.br\/CD254801826600<br \/>\nAssinado eletronicamente pelo(a) Dep. Cobalchini<br \/>\nApresenta\u00e7\u00e3o: 18\/07\/2025 10:44:30.557 &#8211; Mesa<br \/>\n*CD254801826600* PL n.3562\/2025<br \/>C\u00e2mara dos Deputados<br \/>\nGabinete do Deputado Cobalchini \u2013 MDB\/SC<br \/>\n\u201cArt. 55&#8230;&#8230;&#8230;&#8230;&#8230;&#8230;&#8230;&#8230;&#8230;&#8230;&#8230;&#8230;&#8230;&#8230;&#8230;&#8230;&#8230;&#8230;&#8230;&#8230;&#8230;&#8230;&#8230;&#8230;&#8230;&#8230;&#8230;&#8230;&#8230;&#8230;<br \/>\n\u00a7 1\u00ba&#8230;&#8230;&#8230;&#8230;&#8230;&#8230;&#8230;&#8230;&#8230;&#8230;&#8230;&#8230;&#8230;&#8230;&#8230;&#8230;&#8230;&#8230;&#8230;&#8230;&#8230;&#8230;&#8230;&#8230;&#8230;&#8230;&#8230;&#8230;&#8230;&#8230;&#8230;..<br \/>\nI &#8211; entrada do requerimento no Cart\u00f3rio Eleitoral do novo<br \/>\ndomic\u00edlio at\u00e9 180 (cento e oitenta) dias antes da data da<br \/>\nelei\u00e7\u00e3o;(NR)<br \/>\nII &#8211; transcurso de, pelo menos, 1 (um) ano da inscri\u00e7\u00e3o<br \/>\nanterior;(NR)<br \/>\nIII &#8211; resid\u00eancia m\u00ednima de 6 (seis) meses no novo<br \/>\ndomic\u00edlio, mediante comprovante de resid\u00eancia oficial em<br \/>\nseu nome, emitido nos \u00faltimos seis meses, para fins de<br \/>\ncomprova\u00e7\u00e3o legal da resid\u00eancia na circunscri\u00e7\u00e3o do novo<br \/>\ndomic\u00edlio eleitoral, tais como contas de \u00e1gua, luz, g\u00e1s,<br \/>\ntelefone fixo, ou correspond\u00eancia oficial expedida por<br \/>\n\u00f3rg\u00e3o governamental.(NR)<br \/>\n\u00a7 2\u00ba &#8211; O disposto nos incisos II e III, do par\u00e1grafo anterior,<br \/>\nn\u00e3o se aplica \u00e0 transfer\u00eancia de t\u00edtulo eleitoral de servidor<br \/>\np\u00fablico civil, militar, aut\u00e1rquico, ou de membro de sua<br \/>\nfam\u00edlia, por motivo de remo\u00e7\u00e3o ou transfer\u00eancia, desde<br \/>\nque apresentado a documenta\u00e7\u00e3o comprobat\u00f3ria da<br \/>\nremo\u00e7\u00e3o ou transfer\u00eancia.(NR)\u201d<br \/>\nArt. 4\u00ba Esta Lei entra em vigor na data de sua publica\u00e7\u00e3o.<br \/>\nJUSTIFICA\u00c7\u00c3O<br \/>\nO presente Projeto de Lei tem por objetivo alterar a Lei n\u00ba<br \/>\n6.996, de 7 de maio de 1982 e a Lei n\u00ba 4.737, de 1965, com a finalidade de<br \/>\naperfei\u00e7oar o processo de transfer\u00eancia do domic\u00edlio eleitoral, tornando-o mais<br \/>\nseguro, transparente e alinhado com o princ\u00edpio da soberania popular.<br \/>\nA proposta tem ainda como fundamento o aprimoramento do<br \/>\nprocesso eleitoral, garantindo maior seguran\u00e7a jur\u00eddica e transpar\u00eancia \u00e0<br \/>\ntransfer\u00eancia de domic\u00edlio eleitoral, ao mesmo tempo em que combate fraudes<br \/>\ne distor\u00e7\u00f5es que podem comprometer a representatividade democr\u00e1tica em<br \/>\ndeterminadas regi\u00f5es, sobretudo em pequenos munic\u00edpios que 200 (duzentos)<br \/>\nvotos tem a possibilidade de alterar o resultado das elei\u00e7\u00f5es.<br \/>\nC\u00e2mara dos Deputados | Anexo IV \u2013 Gabinete 358 | CEP: 70160-900 \u2013 Bras\u00edlia\/DF<br \/>\nTelefone: (61) 3215-5358 | dep.cobalchini@camara.leg.br<br \/>\nPara verificar a assinatura, acesse https:\/\/infoleg-autenticidade-assinatura.camara.leg.br\/CD254801826600<br \/>\nAssinado eletronicamente pelo(a) Dep. Cobalchini<br \/>\nApresenta\u00e7\u00e3o: 18\/07\/2025 10:44:30.557 &#8211; Mesa<br \/>\n*CD254801826600* PL n.3562\/2025<br \/>C\u00e2mara dos Deputados<br \/>\nGabinete do Deputado Cobalchini \u2013 MDB\/SC<br \/>\nAtualmente, a legisla\u00e7\u00e3o eleitoral permite que o eleitor solicite a<br \/>\ntransfer\u00eancia de seu domic\u00edlio at\u00e9 100 (cem) dias antes da elei\u00e7\u00e3o, mediante<br \/>\ndeclara\u00e7\u00e3o de resid\u00eancia no novo domic\u00edlio por, no m\u00ednimo, tr\u00eas meses, o que<br \/>\npode ser feito com base apenas em uma declara\u00e7\u00e3o do pr\u00f3prio requerente,<br \/>\nsem a exig\u00eancia de documentos oficiais em seu nome.<br \/>\nEssa situa\u00e7\u00e3o tem aberto brechas para fraudes e distor\u00e7\u00f5es no<br \/>\nalistamento eleitoral, especialmente em munic\u00edpios pequenos, onde h\u00e1<br \/>\nregistros de localidades com mais eleitores do que habitantes. A pr\u00e1tica de<br \/>\ntransfer\u00eancias em massa de eleitores com o \u00fanico intuito de influenciar o<br \/>\nresultado de elei\u00e7\u00f5es locais \u00e9 uma afronta \u00e0 legitimidade do processo<br \/>\ndemocr\u00e1tico e enfraquece a representa\u00e7\u00e3o popular aut\u00eantica.<br \/>\nDiante disso, o presente projeto prop\u00f5e duas mudan\u00e7as<br \/>\ncentrais:<br \/>\n1\u00ba. Amplia\u00e7\u00e3o do prazo para requerimento de transfer\u00eancia do<br \/>\ndomic\u00edlio eleitoral de 100 (cem) para 180 (cento e oitenta) dias antes da<br \/>\nelei\u00e7\u00e3o, possibilitando \u00e0 Justi\u00e7a Eleitoral um per\u00edodo maior para analisar com<br \/>\nrigor os pedidos e coibir irregularidades.<br \/>\n2\u00ba. Exig\u00eancia de comprova\u00e7\u00e3o de resid\u00eancia m\u00ednima de 6 (seis)<br \/>\nmeses no novo domic\u00edlio, mediante apresenta\u00e7\u00e3o de comprovante oficial de<br \/>\nresid\u00eancia emitido em nome do eleitor, tais como contas de \u00e1gua, luz, g\u00e1s,<br \/>\ntelefone fixo ou correspond\u00eancia oficial de \u00f3rg\u00e3os p\u00fablicos, expedidos nos<br \/>\n\u00faltimos seis meses, substituindo a atual sistem\u00e1tica que permite a mera<br \/>\ndeclara\u00e7\u00e3o do interessado.<br \/>\nEssas medidas visam conferir maior controle, autenticidade e<br \/>\nrastreabilidade aos pedidos de transfer\u00eancia eleitoral, evitando fraudes,<br \/>\nprotegendo a igualdade de condi\u00e7\u00f5es entre os candidatos e garantindo que a<br \/>\nvontade do eleitorado reflita efetivamente os anseios da comunidade residente<br \/>\nnaquele territ\u00f3rio e refor\u00e7a o princ\u00edpio da moralidade administrativa, da<br \/>\nveracidade documental e da legitimidade do v\u00ednculo entre o eleitor e o seu<br \/>\ndomic\u00edlio eleitoral.<br \/>\nC\u00e2mara dos Deputados | Anexo IV \u2013 Gabinete 358 | CEP: 70160-900 \u2013 Bras\u00edlia\/DF<br \/>\nTelefone: (61) 3215-5358 | dep.cobalchini@camara.leg.br<br \/>\nPara verificar a assinatura, acesse https:\/\/infoleg-autenticidade-assinatura.camara.leg.br\/CD254801826600<br \/>\nAssinado eletronicamente pelo(a) Dep. Cobalchini<br \/>\nApresenta\u00e7\u00e3o: 18\/07\/2025 10:44:30.557 &#8211; Mesa<br \/>\n*CD254801826600* PL n.3562\/2025<br \/>C\u00e2mara dos Deputados<br \/>\nGabinete do Deputado Cobalchini \u2013 MDB\/SC<br \/>\nAssim, ao propor tais altera\u00e7\u00f5es, o projeto busca fortalecer a<br \/>\nintegridade das elei\u00e7\u00f5es brasileiras, resguardando a lisura do processo<br \/>\ndemocr\u00e1tico e prevenindo pr\u00e1ticas que comprometem a legitimidade do voto.<br \/>\nEm vista do exposto, solicito o apoio dos nobres Colegas para<br \/>\na aprova\u00e7\u00e3o deste importante projeto de lei.<br \/>\nSala das Sess\u00f5es, em        de                     de 2025.<br \/>\nVALDIR COBALCHINI<br \/>\nDeputado Federal \u2013 MDB\/SC<br \/>\nC\u00e2mara dos Deputados | Anexo IV \u2013 Gabinete 358 | CEP: 70160-900 \u2013 Bras\u00edlia\/DF<br \/>\nTelefone: (61) 3215-5358 | dep.cobalchini@camara.leg.br<br \/>\nPara verificar a assinatura, acesse https:\/\/infoleg-autenticidade-assinatura.camara.leg.br\/CD254801826600<br \/>\nAssinado eletronicamente pelo(a) Dep. Cobalchini<br \/>\nApresenta\u00e7\u00e3o: 18\/07\/2025 10:44:30.557 &#8211; Mesa<br \/>\n*CD254801826600* PL n.3562\/2025<\/article>\n<p><a href='https:\/\/app.legislapp.com.br\/#\/busca?termo='><\/a><\/p>\n<div style=\"text-align: center\">\n      <img decoding=\"async\" style=\"width: 14%;\" src=\"https:\/\/www.legislapp.com.br\/wp-content\/uploads\/2021\/07\/Logo-Legislapp-1-03-1.png\"><br \/>\n      <\/p>\n<div style=\"margin-bottom: 20px;\" class=\"et_pb_button_module_wrapper et_pb_button_5_tb_body_wrapper et_pb_button_alignment_center et_pb_module \">\n         <a class=\"et_pb_button et_pb_button_5_tb_body et_hover_enabled et_pb_bg_layout_dark\" style=\"width: 50%;background-color: black;\" href=\"https:\/\/app.legislapp.com.br\" target=\"_blank\" rel=\"noopener\">Visualizar completo na nossa plataforma (30 dias gr\u00e1tis)<\/a><\/p><\/div>\n<p>      <a href=\"https:\/\/play.google.com\/store\/apps\/details?id=br.com.legislapp\"><img decoding=\"async\" style=\"width: 15%; min-width: 130px;\" src=\"https:\/\/www.legislapp.com.br\/wp-content\/uploads\/google-play.png\"><\/a><br \/>\n      <a href=\"https:\/\/apps.apple.com\/us\/app\/legislapp\/id1568929859\"><img decoding=\"async\" style=\"width: 15%; min-width: 130px\" src=\"https:\/\/www.legislapp.com.br\/wp-content\/uploads\/apple-store.png\"><\/a>\n   <\/div>\n","protected":false},"excerpt":{"rendered":"<p>Avulso Inicial &#8211; Autoria de Cobalchini C\u00e2mara dos Deputados Gabinete do Deputado Cobalchini \u2013 MDB\/SC PROJETO DE LEI N\u00ba , DE 2025 (Do Sr. COBALCHINI) Altera a Lei n\u00ba 6.996, de 7 de junho de 1982 e a Lei n\u00ba 4.737, de 1965, para alterar as exig\u00eancias de transfer\u00eancia do domicilio eleitoral. O Congresso Nacional [&hellip;]<\/p>\n","protected":false},"author":1,"featured_media":0,"parent":0,"menu_order":0,"comment_status":"closed","ping_status":"closed","template":"page-template-blank.php","meta":{"_et_pb_use_builder":"","_et_pb_old_content":"","_et_gb_content_width":"1080","ngg_post_thumbnail":0,"footnotes":""},"class_list":["post-10508","page","type-page","status-publish","hentry"],"yoast_head":"<!-- This site is optimized with the Yoast SEO plugin v24.4 - https:\/\/yoast.com\/wordpress\/plugins\/seo\/ -->\n<title>Avulso Inicial - PL 3562\/2025 - C\u00e2mara - Legislapp<\/title>\n<meta name=\"robots\" content=\"index, follow, max-snippet:-1, max-image-preview:large, max-video-preview:-1\" \/>\n<link rel=\"canonical\" href=\"https:\/\/www.legislapp.com.br\/index.php\/avulso-inicial-pl-3562-2025-camara\/\" \/>\n<meta property=\"og:locale\" content=\"pt_BR\" \/>\n<meta property=\"og:type\" content=\"article\" \/>\n<meta property=\"og:title\" content=\"Avulso Inicial - PL 3562\/2025 - C\u00e2mara - Legislapp\" \/>\n<meta property=\"og:description\" content=\"Avulso Inicial &#8211; Autoria de Cobalchini C\u00e2mara dos Deputados Gabinete do Deputado Cobalchini \u2013 MDB\/SC PROJETO DE LEI N\u00ba , DE 2025 (Do Sr. COBALCHINI) Altera a Lei n\u00ba 6.996, de 7 de junho de 1982 e a Lei n\u00ba 4.737, de 1965, para alterar as exig\u00eancias de transfer\u00eancia do domicilio eleitoral. O Congresso Nacional [&hellip;]\" \/>\n<meta property=\"og:url\" content=\"https:\/\/www.legislapp.com.br\/index.php\/avulso-inicial-pl-3562-2025-camara\/\" \/>\n<meta property=\"og:site_name\" content=\"Legislapp\" \/>\n<meta property=\"article:publisher\" content=\"https:\/\/www.instagram.com\/legislapp\/\" \/>\n<meta property=\"og:image\" content=\"https:\/\/www.legislapp.com.br\/wp-content\/uploads\/2021\/07\/Logo-Legislapp-1-03-1.png\" \/>\n<meta name=\"twitter:card\" content=\"summary_large_image\" \/>\n<meta name=\"twitter:label1\" content=\"Est. tempo de leitura\" \/>\n\t<meta name=\"twitter:data1\" content=\"6 minutos\" \/>\n<script type=\"application\/ld+json\" class=\"yoast-schema-graph\">{\"@context\":\"https:\/\/schema.org\",\"@graph\":[{\"@type\":\"WebPage\",\"@id\":\"https:\/\/www.legislapp.com.br\/index.php\/avulso-inicial-pl-3562-2025-camara\/\",\"url\":\"https:\/\/www.legislapp.com.br\/index.php\/avulso-inicial-pl-3562-2025-camara\/\",\"name\":\"Avulso Inicial - PL 3562\/2025 - C\u00e2mara - Legislapp\",\"isPartOf\":{\"@id\":\"https:\/\/www.legislapp.com.br\/#website\"},\"primaryImageOfPage\":{\"@id\":\"https:\/\/www.legislapp.com.br\/index.php\/avulso-inicial-pl-3562-2025-camara\/#primaryimage\"},\"image\":{\"@id\":\"https:\/\/www.legislapp.com.br\/index.php\/avulso-inicial-pl-3562-2025-camara\/#primaryimage\"},\"thumbnailUrl\":\"https:\/\/www.legislapp.com.br\/wp-content\/uploads\/2021\/07\/Logo-Legislapp-1-03-1.png\",\"datePublished\":\"2025-12-01T14:22:16+00:00\",\"breadcrumb\":{\"@id\":\"https:\/\/www.legislapp.com.br\/index.php\/avulso-inicial-pl-3562-2025-camara\/#breadcrumb\"},\"inLanguage\":\"pt-BR\",\"potentialAction\":[{\"@type\":\"ReadAction\",\"target\":[\"https:\/\/www.legislapp.com.br\/index.php\/avulso-inicial-pl-3562-2025-camara\/\"]}]},{\"@type\":\"ImageObject\",\"inLanguage\":\"pt-BR\",\"@id\":\"https:\/\/www.legislapp.com.br\/index.php\/avulso-inicial-pl-3562-2025-camara\/#primaryimage\",\"url\":\"https:\/\/www.legislapp.com.br\/wp-content\/uploads\/2021\/07\/Logo-Legislapp-1-03-1.png\",\"contentUrl\":\"https:\/\/www.legislapp.com.br\/wp-content\/uploads\/2021\/07\/Logo-Legislapp-1-03-1.png\",\"width\":2679,\"height\":2697},{\"@type\":\"BreadcrumbList\",\"@id\":\"https:\/\/www.legislapp.com.br\/index.php\/avulso-inicial-pl-3562-2025-camara\/#breadcrumb\",\"itemListElement\":[{\"@type\":\"ListItem\",\"position\":1,\"name\":\"In\u00edcio\",\"item\":\"https:\/\/www.legislapp.com.br\/\"},{\"@type\":\"ListItem\",\"position\":2,\"name\":\"Avulso Inicial &#8211; PL 3562\/2025 &#8211; C\u00e2mara\"}]},{\"@type\":\"WebSite\",\"@id\":\"https:\/\/www.legislapp.com.br\/#website\",\"url\":\"https:\/\/www.legislapp.com.br\/\",\"name\":\"Legislapp\",\"description\":\"Intelig\u00eancia governamental em tempo real\",\"publisher\":{\"@id\":\"https:\/\/www.legislapp.com.br\/#organization\"},\"potentialAction\":[{\"@type\":\"SearchAction\",\"target\":{\"@type\":\"EntryPoint\",\"urlTemplate\":\"https:\/\/www.legislapp.com.br\/?s={search_term_string}\"},\"query-input\":{\"@type\":\"PropertyValueSpecification\",\"valueRequired\":true,\"valueName\":\"search_term_string\"}}],\"inLanguage\":\"pt-BR\"},{\"@type\":\"Organization\",\"@id\":\"https:\/\/www.legislapp.com.br\/#organization\",\"name\":\"Legislapp Monitoramento e Intelig\u00eancia Governamental\",\"url\":\"https:\/\/www.legislapp.com.br\/\",\"logo\":{\"@type\":\"ImageObject\",\"inLanguage\":\"pt-BR\",\"@id\":\"https:\/\/www.legislapp.com.br\/#\/schema\/logo\/image\/\",\"url\":\"https:\/\/www.legislapp.com.br\/wp-content\/uploads\/icon.png\",\"contentUrl\":\"https:\/\/www.legislapp.com.br\/wp-content\/uploads\/icon.png\",\"width\":1024,\"height\":1024,\"caption\":\"Legislapp Monitoramento e Intelig\u00eancia Governamental\"},\"image\":{\"@id\":\"https:\/\/www.legislapp.com.br\/#\/schema\/logo\/image\/\"},\"sameAs\":[\"https:\/\/www.instagram.com\/legislapp\/\"]}]}<\/script>\n<!-- \/ Yoast SEO plugin. -->","yoast_head_json":{"title":"Avulso Inicial - PL 3562\/2025 - C\u00e2mara - Legislapp","robots":{"index":"index","follow":"follow","max-snippet":"max-snippet:-1","max-image-preview":"max-image-preview:large","max-video-preview":"max-video-preview:-1"},"canonical":"https:\/\/www.legislapp.com.br\/index.php\/avulso-inicial-pl-3562-2025-camara\/","og_locale":"pt_BR","og_type":"article","og_title":"Avulso Inicial - PL 3562\/2025 - C\u00e2mara - Legislapp","og_description":"Avulso Inicial &#8211; Autoria de Cobalchini C\u00e2mara dos Deputados Gabinete do Deputado Cobalchini \u2013 MDB\/SC PROJETO DE LEI N\u00ba , DE 2025 (Do Sr. COBALCHINI) Altera a Lei n\u00ba 6.996, de 7 de junho de 1982 e a Lei n\u00ba 4.737, de 1965, para alterar as exig\u00eancias de transfer\u00eancia do domicilio eleitoral. O Congresso Nacional [&hellip;]","og_url":"https:\/\/www.legislapp.com.br\/index.php\/avulso-inicial-pl-3562-2025-camara\/","og_site_name":"Legislapp","article_publisher":"https:\/\/www.instagram.com\/legislapp\/","og_image":[{"url":"https:\/\/www.legislapp.com.br\/wp-content\/uploads\/2021\/07\/Logo-Legislapp-1-03-1.png","type":"","width":"","height":""}],"twitter_card":"summary_large_image","twitter_misc":{"Est. tempo de leitura":"6 minutos"},"schema":{"@context":"https:\/\/schema.org","@graph":[{"@type":"WebPage","@id":"https:\/\/www.legislapp.com.br\/index.php\/avulso-inicial-pl-3562-2025-camara\/","url":"https:\/\/www.legislapp.com.br\/index.php\/avulso-inicial-pl-3562-2025-camara\/","name":"Avulso Inicial - PL 3562\/2025 - C\u00e2mara - Legislapp","isPartOf":{"@id":"https:\/\/www.legislapp.com.br\/#website"},"primaryImageOfPage":{"@id":"https:\/\/www.legislapp.com.br\/index.php\/avulso-inicial-pl-3562-2025-camara\/#primaryimage"},"image":{"@id":"https:\/\/www.legislapp.com.br\/index.php\/avulso-inicial-pl-3562-2025-camara\/#primaryimage"},"thumbnailUrl":"https:\/\/www.legislapp.com.br\/wp-content\/uploads\/2021\/07\/Logo-Legislapp-1-03-1.png","datePublished":"2025-12-01T14:22:16+00:00","breadcrumb":{"@id":"https:\/\/www.legislapp.com.br\/index.php\/avulso-inicial-pl-3562-2025-camara\/#breadcrumb"},"inLanguage":"pt-BR","potentialAction":[{"@type":"ReadAction","target":["https:\/\/www.legislapp.com.br\/index.php\/avulso-inicial-pl-3562-2025-camara\/"]}]},{"@type":"ImageObject","inLanguage":"pt-BR","@id":"https:\/\/www.legislapp.com.br\/index.php\/avulso-inicial-pl-3562-2025-camara\/#primaryimage","url":"https:\/\/www.legislapp.com.br\/wp-content\/uploads\/2021\/07\/Logo-Legislapp-1-03-1.png","contentUrl":"https:\/\/www.legislapp.com.br\/wp-content\/uploads\/2021\/07\/Logo-Legislapp-1-03-1.png","width":2679,"height":2697},{"@type":"BreadcrumbList","@id":"https:\/\/www.legislapp.com.br\/index.php\/avulso-inicial-pl-3562-2025-camara\/#breadcrumb","itemListElement":[{"@type":"ListItem","position":1,"name":"In\u00edcio","item":"https:\/\/www.legislapp.com.br\/"},{"@type":"ListItem","position":2,"name":"Avulso Inicial &#8211; PL 3562\/2025 &#8211; C\u00e2mara"}]},{"@type":"WebSite","@id":"https:\/\/www.legislapp.com.br\/#website","url":"https:\/\/www.legislapp.com.br\/","name":"Legislapp","description":"Intelig\u00eancia governamental em tempo real","publisher":{"@id":"https:\/\/www.legislapp.com.br\/#organization"},"potentialAction":[{"@type":"SearchAction","target":{"@type":"EntryPoint","urlTemplate":"https:\/\/www.legislapp.com.br\/?s={search_term_string}"},"query-input":{"@type":"PropertyValueSpecification","valueRequired":true,"valueName":"search_term_string"}}],"inLanguage":"pt-BR"},{"@type":"Organization","@id":"https:\/\/www.legislapp.com.br\/#organization","name":"Legislapp Monitoramento e Intelig\u00eancia Governamental","url":"https:\/\/www.legislapp.com.br\/","logo":{"@type":"ImageObject","inLanguage":"pt-BR","@id":"https:\/\/www.legislapp.com.br\/#\/schema\/logo\/image\/","url":"https:\/\/www.legislapp.com.br\/wp-content\/uploads\/icon.png","contentUrl":"https:\/\/www.legislapp.com.br\/wp-content\/uploads\/icon.png","width":1024,"height":1024,"caption":"Legislapp Monitoramento e Intelig\u00eancia Governamental"},"image":{"@id":"https:\/\/www.legislapp.com.br\/#\/schema\/logo\/image\/"},"sameAs":["https:\/\/www.instagram.com\/legislapp\/"]}]}},"_links":{"self":[{"href":"https:\/\/www.legislapp.com.br\/index.php\/wp-json\/wp\/v2\/pages\/10508","targetHints":{"allow":["GET"]}}],"collection":[{"href":"https:\/\/www.legislapp.com.br\/index.php\/wp-json\/wp\/v2\/pages"}],"about":[{"href":"https:\/\/www.legislapp.com.br\/index.php\/wp-json\/wp\/v2\/types\/page"}],"author":[{"embeddable":true,"href":"https:\/\/www.legislapp.com.br\/index.php\/wp-json\/wp\/v2\/users\/1"}],"replies":[{"embeddable":true,"href":"https:\/\/www.legislapp.com.br\/index.php\/wp-json\/wp\/v2\/comments?post=10508"}],"version-history":[{"count":0,"href":"https:\/\/www.legislapp.com.br\/index.php\/wp-json\/wp\/v2\/pages\/10508\/revisions"}],"wp:attachment":[{"href":"https:\/\/www.legislapp.com.br\/index.php\/wp-json\/wp\/v2\/media?parent=10508"}],"curies":[{"name":"wp","href":"https:\/\/api.w.org\/{rel}","templated":true}]}}