{"id":10516,"date":"2025-12-01T11:22:43","date_gmt":"2025-12-01T14:22:43","guid":{"rendered":"https:\/\/www.legislapp.com.br\/index.php\/avulso-inicial-pl-4317-2025-camara\/"},"modified":"2025-12-01T11:22:43","modified_gmt":"2025-12-01T14:22:43","slug":"avulso-inicial-pl-4317-2025-camara","status":"publish","type":"page","link":"https:\/\/www.legislapp.com.br\/index.php\/avulso-inicial-pl-4317-2025-camara\/","title":{"rendered":"Avulso Inicial &#8211; PL 4317\/2025 &#8211; C\u00e2mara"},"content":{"rendered":"<h1 style='text-align: center;'>Avulso Inicial &#8211; Autoria de Professora Luciene Cavalcante<\/h3>\n<p><\/p>\n<article>PROJETO DE LEI N\u00ba ______, DE 2025<br \/>\n(Da Sra. PROFESSORA LUCIENE CAVALCANTE)<br \/>\nAcrescenta e altera dispositivos da Lei<br \/>\nn\u00ba 7.713, de 22 de dezembro de 1988,<br \/>\npara isentar do Imposto sobre a Renda<br \/>\ndas Pessoas F\u00edsicas os rendimentos dos<br \/>\nprofessores da educa\u00e7\u00e3o b\u00e1sica e<br \/>\nsuperior, inclusive proventos,<br \/>\nresultantes de seu trabalho docente, no<br \/>\n\u00e2mbito do territ\u00f3rio nacional.<br \/>\nO Congresso Nacional decreta:<br \/>\nArt.1\u00ba. O art. 6\u00ba, acrescido do inciso XXIV, e o art. 7\u00ba da Lei n\u00ba 7.713, de 22 de<br \/>\ndezembro de 1988, passam a vigorar com a seguinte reda\u00e7\u00e3o:<br \/>\n\u201cArt. 6\u00ba. &#8230;&#8230;&#8230;&#8230;&#8230;&#8230;&#8230;&#8230;&#8230;&#8230;&#8230;&#8230;&#8230;&#8230;&#8230;&#8230;&#8230;&#8230;&#8230;&#8230;&#8230;&#8230;&#8230;&#8230;&#8230;&#8230;&#8230;&#8230;&#8230;&#8230;&#8230;.<br \/>\nXXIV \u2013 sobre os rendimentos dos professores da educa\u00e7\u00e3o b\u00e1sica e superior, inclusive<br \/>\nproventos, resultantes de seu trabalho docente, no \u00e2mbito do territ\u00f3rio nacional;<br \/>\nArt. 2\u00ba. O art. 7\u00ba, inciso I, passa a vigorar com a seguinte reda\u00e7\u00e3o:<br \/>\n\u201cArt.7\u00ba. &#8230;&#8230;&#8230;&#8230;&#8230;&#8230;&#8230;&#8230;&#8230;&#8230;&#8230;&#8230;&#8230;&#8230;&#8230;&#8230;&#8230;&#8230;&#8230;&#8230;&#8230;&#8230;&#8230;&#8230;&#8230;&#8230;&#8230;&#8230;&#8230;&#8230;&#8230;..<br \/>\nI &#8211; os rendimentos do trabalho assalariado, pagos ou creditados por pessoas f\u00edsicas ou<br \/>\njur\u00eddicas, excetuado o previsto no art. 6\u00ba, XXIV\u201d<br \/>\nArt. 2\u00ba. Para efeito desta lei, considera-se professor o profissional que exercer<br \/>\natividade de doc\u00eancia em institui\u00e7\u00f5es de ensino p\u00fablicas ou privadas, com ensino regular, em<br \/>\nqualquer n\u00edvel de escolaridade.<br \/>\nArt. 3\u00ba. Esta lei entra em vigor na data de sua publica\u00e7\u00e3o.<br \/>\nJUSTIFICA\u00c7\u00c3O<br \/>\nPara verificar a assinatura, acesse https:\/\/infoleg-autenticidade-assinatura.camara.leg.br\/CD253884923200<br \/>\nAssinado eletronicamente pelo(a) Dep. Professora Luciene Cavalcante<br \/>\nApresenta\u00e7\u00e3o: 28\/08\/2025 17:55:01.510 &#8211; Mesa<br \/>\n*CD253884923200* PL n.4317\/2025<br \/>A educa\u00e7\u00e3o constitui um dos pilares fundamentais para o desenvolvimento de uma<br \/>\nsociedade mais justa, igualit\u00e1ria e sustent\u00e1vel. Os professores, por sua dedica\u00e7\u00e3o e esfor\u00e7o,<br \/>\ndesempenham papel essencial na forma\u00e7\u00e3o de cidad\u00e3os cr\u00edticos, criativos e preparados para<br \/>\nos desafios do mundo contempor\u00e2neo.<br \/>\nNo Brasil, os profissionais da educa\u00e7\u00e3o enfrentam m\u00faltiplos desafios, incluindo baixa<br \/>\nremunera\u00e7\u00e3o, carga hor\u00e1ria excessiva e condi\u00e7\u00f5es de trabalho muitas vezes prec\u00e1rias. Apesar<br \/>\nde sua import\u00e2ncia social, os docentes frequentemente concentram seus esfor\u00e7os na forma\u00e7\u00e3o<br \/>\nde futuras gera\u00e7\u00f5es com recursos limitados, o que impacta diretamente na sua qualidade de<br \/>\nvida.<br \/>\nA proposta de conceder isen\u00e7\u00e3o do Imposto de Renda aos professores busca<br \/>\nreconhecer e valorizar esses profissionais essenciais \u00e0 constru\u00e7\u00e3o de uma sociedade mais<br \/>\njusta. Essa medida visa diminuir o impacto da carga tribut\u00e1ria sobre os sal\u00e1rios dos docentes,<br \/>\nproporcionando-lhes maior poder de aquisi\u00e7\u00e3o, estimulando o aprimoramento profissional e<br \/>\ncontribuindo para a valoriza\u00e7\u00e3o da carreira docente.<br \/>\nAl\u00e9m disso, tal isen\u00e7\u00e3o est\u00e1 alinhada com pol\u00edticas de incentivo \u00e0 educa\u00e7\u00e3o e \u00e0<br \/>\nvaloriza\u00e7\u00e3o do magist\u00e9rio, elementos essenciais para a melhoria da qualidade do ensino e o<br \/>\ndesenvolvimento socioecon\u00f4mico do pa\u00eds. Assim, reconhecer o esfor\u00e7o dos professores por<br \/>\nmeio de incentivos fiscais \u00e9 uma medida justa e necess\u00e1ria para incentivar a perman\u00eancia e o<br \/>\naprimoramento desses profissionais na carreira.<br \/>\nDiante do exposto, justifica-se a proposi\u00e7\u00e3o de lei que garanta a isen\u00e7\u00e3o do imposto<br \/>\nde renda para os professores da educa\u00e7\u00e3o b\u00e1sica e superior, como forma de valorizar, apoiar e<br \/>\npromover a valoriza\u00e7\u00e3o destes agentes fundamentais para o progresso de nossa sociedade.<br \/>\nEis as justificativas da presente propositura que submeto \u00e0 avalia\u00e7\u00e3o dos nobres<br \/>\nlegisladores.<br \/>\nPROFESSORA LUCIENE CAVALCANTE<br \/>\nDeputada Federal PSOL\/SP<br \/>\nPara verificar a assinatura, acesse https:\/\/infoleg-autenticidade-assinatura.camara.leg.br\/CD253884923200<br \/>\nAssinado eletronicamente pelo(a) Dep. Professora Luciene Cavalcante<br \/>\nApresenta\u00e7\u00e3o: 28\/08\/2025 17:55:01.510 &#8211; Mesa<br \/>\n*CD253884923200* PL n.4317\/2025<\/article>\n<p><a href='https:\/\/app.legislapp.com.br\/#\/busca?termo='><\/a><\/p>\n<div style=\"text-align: center\">\n      <img decoding=\"async\" style=\"width: 14%;\" src=\"https:\/\/www.legislapp.com.br\/wp-content\/uploads\/2021\/07\/Logo-Legislapp-1-03-1.png\"><br \/>\n      <\/p>\n<div style=\"margin-bottom: 20px;\" class=\"et_pb_button_module_wrapper et_pb_button_5_tb_body_wrapper et_pb_button_alignment_center et_pb_module \">\n         <a class=\"et_pb_button et_pb_button_5_tb_body et_hover_enabled et_pb_bg_layout_dark\" style=\"width: 50%;background-color: black;\" href=\"https:\/\/app.legislapp.com.br\" target=\"_blank\" rel=\"noopener\">Visualizar completo na nossa plataforma (30 dias gr\u00e1tis)<\/a><\/p><\/div>\n<p>      <a href=\"https:\/\/play.google.com\/store\/apps\/details?id=br.com.legislapp\"><img decoding=\"async\" style=\"width: 15%; min-width: 130px;\" src=\"https:\/\/www.legislapp.com.br\/wp-content\/uploads\/google-play.png\"><\/a><br \/>\n      <a href=\"https:\/\/apps.apple.com\/us\/app\/legislapp\/id1568929859\"><img decoding=\"async\" style=\"width: 15%; min-width: 130px\" src=\"https:\/\/www.legislapp.com.br\/wp-content\/uploads\/apple-store.png\"><\/a>\n   <\/div>\n","protected":false},"excerpt":{"rendered":"<p>Avulso Inicial &#8211; Autoria de Professora Luciene Cavalcante PROJETO DE LEI N\u00ba ______, DE 2025 (Da Sra. PROFESSORA LUCIENE CAVALCANTE) Acrescenta e altera dispositivos da Lei n\u00ba 7.713, de 22 de dezembro de 1988, para isentar do Imposto sobre a Renda das Pessoas F\u00edsicas os rendimentos dos professores da educa\u00e7\u00e3o b\u00e1sica e superior, inclusive proventos, [&hellip;]<\/p>\n","protected":false},"author":1,"featured_media":0,"parent":0,"menu_order":0,"comment_status":"closed","ping_status":"closed","template":"page-template-blank.php","meta":{"_et_pb_use_builder":"","_et_pb_old_content":"","_et_gb_content_width":"1080","ngg_post_thumbnail":0,"footnotes":""},"class_list":["post-10516","page","type-page","status-publish","hentry"],"yoast_head":"<!-- This site is optimized with the Yoast SEO plugin v24.4 - https:\/\/yoast.com\/wordpress\/plugins\/seo\/ -->\n<title>Avulso Inicial - PL 4317\/2025 - C\u00e2mara - Legislapp<\/title>\n<meta name=\"robots\" content=\"index, follow, max-snippet:-1, max-image-preview:large, max-video-preview:-1\" \/>\n<link rel=\"canonical\" href=\"https:\/\/www.legislapp.com.br\/index.php\/avulso-inicial-pl-4317-2025-camara\/\" \/>\n<meta property=\"og:locale\" content=\"pt_BR\" \/>\n<meta property=\"og:type\" content=\"article\" \/>\n<meta property=\"og:title\" content=\"Avulso Inicial - PL 4317\/2025 - C\u00e2mara - Legislapp\" \/>\n<meta property=\"og:description\" content=\"Avulso Inicial &#8211; Autoria de Professora Luciene Cavalcante PROJETO DE LEI N\u00ba ______, DE 2025 (Da Sra. PROFESSORA LUCIENE CAVALCANTE) Acrescenta e altera dispositivos da Lei n\u00ba 7.713, de 22 de dezembro de 1988, para isentar do Imposto sobre a Renda das Pessoas F\u00edsicas os rendimentos dos professores da educa\u00e7\u00e3o b\u00e1sica e superior, inclusive proventos, [&hellip;]\" \/>\n<meta property=\"og:url\" content=\"https:\/\/www.legislapp.com.br\/index.php\/avulso-inicial-pl-4317-2025-camara\/\" \/>\n<meta property=\"og:site_name\" content=\"Legislapp\" \/>\n<meta property=\"article:publisher\" content=\"https:\/\/www.instagram.com\/legislapp\/\" \/>\n<meta property=\"og:image\" content=\"https:\/\/www.legislapp.com.br\/wp-content\/uploads\/2021\/07\/Logo-Legislapp-1-03-1.png\" \/>\n<meta name=\"twitter:card\" content=\"summary_large_image\" \/>\n<meta name=\"twitter:label1\" content=\"Est. tempo de leitura\" \/>\n\t<meta name=\"twitter:data1\" content=\"3 minutos\" \/>\n<script type=\"application\/ld+json\" class=\"yoast-schema-graph\">{\"@context\":\"https:\/\/schema.org\",\"@graph\":[{\"@type\":\"WebPage\",\"@id\":\"https:\/\/www.legislapp.com.br\/index.php\/avulso-inicial-pl-4317-2025-camara\/\",\"url\":\"https:\/\/www.legislapp.com.br\/index.php\/avulso-inicial-pl-4317-2025-camara\/\",\"name\":\"Avulso Inicial - PL 4317\/2025 - C\u00e2mara - Legislapp\",\"isPartOf\":{\"@id\":\"https:\/\/www.legislapp.com.br\/#website\"},\"primaryImageOfPage\":{\"@id\":\"https:\/\/www.legislapp.com.br\/index.php\/avulso-inicial-pl-4317-2025-camara\/#primaryimage\"},\"image\":{\"@id\":\"https:\/\/www.legislapp.com.br\/index.php\/avulso-inicial-pl-4317-2025-camara\/#primaryimage\"},\"thumbnailUrl\":\"https:\/\/www.legislapp.com.br\/wp-content\/uploads\/2021\/07\/Logo-Legislapp-1-03-1.png\",\"datePublished\":\"2025-12-01T14:22:43+00:00\",\"breadcrumb\":{\"@id\":\"https:\/\/www.legislapp.com.br\/index.php\/avulso-inicial-pl-4317-2025-camara\/#breadcrumb\"},\"inLanguage\":\"pt-BR\",\"potentialAction\":[{\"@type\":\"ReadAction\",\"target\":[\"https:\/\/www.legislapp.com.br\/index.php\/avulso-inicial-pl-4317-2025-camara\/\"]}]},{\"@type\":\"ImageObject\",\"inLanguage\":\"pt-BR\",\"@id\":\"https:\/\/www.legislapp.com.br\/index.php\/avulso-inicial-pl-4317-2025-camara\/#primaryimage\",\"url\":\"https:\/\/www.legislapp.com.br\/wp-content\/uploads\/2021\/07\/Logo-Legislapp-1-03-1.png\",\"contentUrl\":\"https:\/\/www.legislapp.com.br\/wp-content\/uploads\/2021\/07\/Logo-Legislapp-1-03-1.png\",\"width\":2679,\"height\":2697},{\"@type\":\"BreadcrumbList\",\"@id\":\"https:\/\/www.legislapp.com.br\/index.php\/avulso-inicial-pl-4317-2025-camara\/#breadcrumb\",\"itemListElement\":[{\"@type\":\"ListItem\",\"position\":1,\"name\":\"In\u00edcio\",\"item\":\"https:\/\/www.legislapp.com.br\/\"},{\"@type\":\"ListItem\",\"position\":2,\"name\":\"Avulso Inicial &#8211; PL 4317\/2025 &#8211; C\u00e2mara\"}]},{\"@type\":\"WebSite\",\"@id\":\"https:\/\/www.legislapp.com.br\/#website\",\"url\":\"https:\/\/www.legislapp.com.br\/\",\"name\":\"Legislapp\",\"description\":\"Intelig\u00eancia governamental em tempo real\",\"publisher\":{\"@id\":\"https:\/\/www.legislapp.com.br\/#organization\"},\"potentialAction\":[{\"@type\":\"SearchAction\",\"target\":{\"@type\":\"EntryPoint\",\"urlTemplate\":\"https:\/\/www.legislapp.com.br\/?s={search_term_string}\"},\"query-input\":{\"@type\":\"PropertyValueSpecification\",\"valueRequired\":true,\"valueName\":\"search_term_string\"}}],\"inLanguage\":\"pt-BR\"},{\"@type\":\"Organization\",\"@id\":\"https:\/\/www.legislapp.com.br\/#organization\",\"name\":\"Legislapp Monitoramento e Intelig\u00eancia Governamental\",\"url\":\"https:\/\/www.legislapp.com.br\/\",\"logo\":{\"@type\":\"ImageObject\",\"inLanguage\":\"pt-BR\",\"@id\":\"https:\/\/www.legislapp.com.br\/#\/schema\/logo\/image\/\",\"url\":\"https:\/\/www.legislapp.com.br\/wp-content\/uploads\/icon.png\",\"contentUrl\":\"https:\/\/www.legislapp.com.br\/wp-content\/uploads\/icon.png\",\"width\":1024,\"height\":1024,\"caption\":\"Legislapp Monitoramento e Intelig\u00eancia Governamental\"},\"image\":{\"@id\":\"https:\/\/www.legislapp.com.br\/#\/schema\/logo\/image\/\"},\"sameAs\":[\"https:\/\/www.instagram.com\/legislapp\/\"]}]}<\/script>\n<!-- \/ Yoast SEO plugin. -->","yoast_head_json":{"title":"Avulso Inicial - PL 4317\/2025 - C\u00e2mara - Legislapp","robots":{"index":"index","follow":"follow","max-snippet":"max-snippet:-1","max-image-preview":"max-image-preview:large","max-video-preview":"max-video-preview:-1"},"canonical":"https:\/\/www.legislapp.com.br\/index.php\/avulso-inicial-pl-4317-2025-camara\/","og_locale":"pt_BR","og_type":"article","og_title":"Avulso Inicial - PL 4317\/2025 - C\u00e2mara - Legislapp","og_description":"Avulso Inicial &#8211; Autoria de Professora Luciene Cavalcante PROJETO DE LEI N\u00ba ______, DE 2025 (Da Sra. PROFESSORA LUCIENE CAVALCANTE) Acrescenta e altera dispositivos da Lei n\u00ba 7.713, de 22 de dezembro de 1988, para isentar do Imposto sobre a Renda das Pessoas F\u00edsicas os rendimentos dos professores da educa\u00e7\u00e3o b\u00e1sica e superior, inclusive proventos, [&hellip;]","og_url":"https:\/\/www.legislapp.com.br\/index.php\/avulso-inicial-pl-4317-2025-camara\/","og_site_name":"Legislapp","article_publisher":"https:\/\/www.instagram.com\/legislapp\/","og_image":[{"url":"https:\/\/www.legislapp.com.br\/wp-content\/uploads\/2021\/07\/Logo-Legislapp-1-03-1.png","type":"","width":"","height":""}],"twitter_card":"summary_large_image","twitter_misc":{"Est. tempo de leitura":"3 minutos"},"schema":{"@context":"https:\/\/schema.org","@graph":[{"@type":"WebPage","@id":"https:\/\/www.legislapp.com.br\/index.php\/avulso-inicial-pl-4317-2025-camara\/","url":"https:\/\/www.legislapp.com.br\/index.php\/avulso-inicial-pl-4317-2025-camara\/","name":"Avulso Inicial - PL 4317\/2025 - C\u00e2mara - Legislapp","isPartOf":{"@id":"https:\/\/www.legislapp.com.br\/#website"},"primaryImageOfPage":{"@id":"https:\/\/www.legislapp.com.br\/index.php\/avulso-inicial-pl-4317-2025-camara\/#primaryimage"},"image":{"@id":"https:\/\/www.legislapp.com.br\/index.php\/avulso-inicial-pl-4317-2025-camara\/#primaryimage"},"thumbnailUrl":"https:\/\/www.legislapp.com.br\/wp-content\/uploads\/2021\/07\/Logo-Legislapp-1-03-1.png","datePublished":"2025-12-01T14:22:43+00:00","breadcrumb":{"@id":"https:\/\/www.legislapp.com.br\/index.php\/avulso-inicial-pl-4317-2025-camara\/#breadcrumb"},"inLanguage":"pt-BR","potentialAction":[{"@type":"ReadAction","target":["https:\/\/www.legislapp.com.br\/index.php\/avulso-inicial-pl-4317-2025-camara\/"]}]},{"@type":"ImageObject","inLanguage":"pt-BR","@id":"https:\/\/www.legislapp.com.br\/index.php\/avulso-inicial-pl-4317-2025-camara\/#primaryimage","url":"https:\/\/www.legislapp.com.br\/wp-content\/uploads\/2021\/07\/Logo-Legislapp-1-03-1.png","contentUrl":"https:\/\/www.legislapp.com.br\/wp-content\/uploads\/2021\/07\/Logo-Legislapp-1-03-1.png","width":2679,"height":2697},{"@type":"BreadcrumbList","@id":"https:\/\/www.legislapp.com.br\/index.php\/avulso-inicial-pl-4317-2025-camara\/#breadcrumb","itemListElement":[{"@type":"ListItem","position":1,"name":"In\u00edcio","item":"https:\/\/www.legislapp.com.br\/"},{"@type":"ListItem","position":2,"name":"Avulso Inicial &#8211; PL 4317\/2025 &#8211; C\u00e2mara"}]},{"@type":"WebSite","@id":"https:\/\/www.legislapp.com.br\/#website","url":"https:\/\/www.legislapp.com.br\/","name":"Legislapp","description":"Intelig\u00eancia governamental em tempo real","publisher":{"@id":"https:\/\/www.legislapp.com.br\/#organization"},"potentialAction":[{"@type":"SearchAction","target":{"@type":"EntryPoint","urlTemplate":"https:\/\/www.legislapp.com.br\/?s={search_term_string}"},"query-input":{"@type":"PropertyValueSpecification","valueRequired":true,"valueName":"search_term_string"}}],"inLanguage":"pt-BR"},{"@type":"Organization","@id":"https:\/\/www.legislapp.com.br\/#organization","name":"Legislapp Monitoramento e Intelig\u00eancia Governamental","url":"https:\/\/www.legislapp.com.br\/","logo":{"@type":"ImageObject","inLanguage":"pt-BR","@id":"https:\/\/www.legislapp.com.br\/#\/schema\/logo\/image\/","url":"https:\/\/www.legislapp.com.br\/wp-content\/uploads\/icon.png","contentUrl":"https:\/\/www.legislapp.com.br\/wp-content\/uploads\/icon.png","width":1024,"height":1024,"caption":"Legislapp Monitoramento e Intelig\u00eancia Governamental"},"image":{"@id":"https:\/\/www.legislapp.com.br\/#\/schema\/logo\/image\/"},"sameAs":["https:\/\/www.instagram.com\/legislapp\/"]}]}},"_links":{"self":[{"href":"https:\/\/www.legislapp.com.br\/index.php\/wp-json\/wp\/v2\/pages\/10516","targetHints":{"allow":["GET"]}}],"collection":[{"href":"https:\/\/www.legislapp.com.br\/index.php\/wp-json\/wp\/v2\/pages"}],"about":[{"href":"https:\/\/www.legislapp.com.br\/index.php\/wp-json\/wp\/v2\/types\/page"}],"author":[{"embeddable":true,"href":"https:\/\/www.legislapp.com.br\/index.php\/wp-json\/wp\/v2\/users\/1"}],"replies":[{"embeddable":true,"href":"https:\/\/www.legislapp.com.br\/index.php\/wp-json\/wp\/v2\/comments?post=10516"}],"version-history":[{"count":0,"href":"https:\/\/www.legislapp.com.br\/index.php\/wp-json\/wp\/v2\/pages\/10516\/revisions"}],"wp:attachment":[{"href":"https:\/\/www.legislapp.com.br\/index.php\/wp-json\/wp\/v2\/media?parent=10516"}],"curies":[{"name":"wp","href":"https:\/\/api.w.org\/{rel}","templated":true}]}}