{"id":10520,"date":"2025-12-01T11:22:55","date_gmt":"2025-12-01T14:22:55","guid":{"rendered":"https:\/\/www.legislapp.com.br\/index.php\/avulso-inicial-pl-3187-2025-camara\/"},"modified":"2025-12-01T11:22:55","modified_gmt":"2025-12-01T14:22:55","slug":"avulso-inicial-pl-3187-2025-camara","status":"publish","type":"page","link":"https:\/\/www.legislapp.com.br\/index.php\/avulso-inicial-pl-3187-2025-camara\/","title":{"rendered":"Avulso Inicial &#8211; PL 3187\/2025 &#8211; C\u00e2mara"},"content":{"rendered":"<h1 style='text-align: center;'>Avulso Inicial &#8211; Autoria de Luiz Carlos Busato<\/h3>\n<p><\/p>\n<article>PROJETO DE LEI N\u00ba ___, DE 2025<br \/>\n(Do Sr. Luiz Carlos Busato)<br \/>\nDisp\u00f5e sobre a obrigatoriedade<br \/>\nda inclus\u00e3o do n\u00famero do CPF dos pais ou<br \/>\nrespons\u00e1veis legais na certid\u00e3o de nascimento e<br \/>\nnos documentos de identifica\u00e7\u00e3o civil de filhos<br \/>\nmenores de idade, com o objetivo de prevenir<br \/>\nhom\u00f4nimos e fortalecer a identifica\u00e7\u00e3o civil.<br \/>\nO Congresso Nacional decreta:<br \/>\nArt. 1\u00ba Esta Lei disp\u00f5e sobre a obrigatoriedade de constar o<br \/>\nn\u00famero do Cadastro de Pessoa F\u00edsica (CPF) dos pais ou respons\u00e1veis legais na<br \/>\ncertid\u00e3o de nascimento e nos documentos de identifica\u00e7\u00e3o civil de seus filhos<br \/>\nmenores de idade.<br \/>\nArt. 2\u00ba A certid\u00e3o de nascimento lavrada nos cart\u00f3rios de registro<br \/>\ncivil dever\u00e1 conter, obrigatoriamente:<br \/>\nI \u2013 o n\u00famero do CPF da m\u00e3e;<br \/>\nII \u2013 o n\u00famero do CPF do pai.<br \/>\n\u00a7 1\u00ba Caso apenas um dos genitores conste no registro de<br \/>\nnascimento, ser\u00e1 inclu\u00eddo somente o CPF do genitor registrado.<br \/>\n\u00a7 2\u00ba Na hip\u00f3tese de o genitor registrado n\u00e3o possuir CPF no<br \/>\nmomento da lavratura da certid\u00e3o, essa informa\u00e7\u00e3o ser\u00e1 anotada expressamente<br \/>\nno registro.<br \/>\n\u00a7 3\u00ba A aus\u00eancia de um ou de ambos os CPFs n\u00e3o impedir\u00e1 a<br \/>\nlavratura da certid\u00e3o, que dever\u00e1 conter campo espec\u00edfico para futura inclus\u00e3o.<br \/>\n\u00a7 4\u00ba Nos casos de filia\u00e7\u00e3o decorrente de ado\u00e7\u00e3o, ser\u00e1 inclu\u00eddo o<br \/>\nCPF dos pais adotivos, nos termos da senten\u00e7a ou termo judicial correspondente.<br \/>\nArt. 3\u00ba O n\u00famero do CPF dos genitores dever\u00e1 ser vinculado<br \/>\ntamb\u00e9m aos registros de identifica\u00e7\u00e3o civil do menor, tais como:<br \/>\nI \u2013 Registro Geral (RG);<br \/>\nII \u2013 Cadastro de Pessoa F\u00edsica (CPF);<br \/>\nPara verificar a assinatura, acesse https:\/\/infoleg-autenticidade-assinatura.camara.leg.br\/CD250536202400<br \/>\nAssinado eletronicamente pelo(a) Dep. Luiz Carlos Busato<br \/>\nApresenta\u00e7\u00e3o: 02\/07\/2025 12:25:43.930 &#8211; Mesa<br \/>\n*CD250536202400* PL n.3187\/2025<br \/>III \u2013 Documento Nacional de Identidade (DNI), quando expedido.<br \/>\nArt. 4\u00ba O Poder Executivo, em articula\u00e7\u00e3o com os \u00f3rg\u00e3os de<br \/>\nregistro civil, poder\u00e1 editar normas complementares para regulamentar os<br \/>\nprocedimentos t\u00e9cnicos necess\u00e1rios ao cumprimento desta Lei.<br \/>\nArt. 5\u00ba Os \u00f3rg\u00e3os emissores de documentos civis e os cart\u00f3rios de<br \/>\nregistro civil ter\u00e3o o prazo de 180 (cento e oitenta) dias, a contar da publica\u00e7\u00e3o<br \/>\ndesta Lei, para se adequar \u00e0s exig\u00eancias nela previstas.<br \/>\nArt. 6\u00ba Esta Lei entra em vigor na data de sua publica\u00e7\u00e3o.<br \/>\nJUSTIFICA\u00c7\u00c3O<br \/>\nA presente proposi\u00e7\u00e3o tem como finalidade aprimorar o sistema<br \/>\nde identifica\u00e7\u00e3o civil no Brasil, por meio da obrigatoriedade da inclus\u00e3o do n\u00famero<br \/>\ndo Cadastro de Pessoa F\u00edsica (CPF) dos genitores ou respons\u00e1veis legais na<br \/>\ncertid\u00e3o de nascimento e nos documentos de identifica\u00e7\u00e3o civil de seus filhos<br \/>\nmenores.<br \/>\nO contexto atual revela um cen\u00e1rio de vulnerabilidade nos<br \/>\nregistros civis, especialmente quando h\u00e1 coincid\u00eancia de nomes \u2014 os chamados<br \/>\nhom\u00f4nimos. Situa\u00e7\u00f5es de duplicidade ou equ\u00edvocos cadastrais t\u00eam gerado, com<br \/>\nfrequ\u00eancia crescente, problemas relevantes para cidad\u00e3os e para o poder p\u00fablico:<br \/>\nbloqueios indevidos de contas, erros judiciais, negativa de servi\u00e7os, fraudes e<br \/>\nconstrangimentos burocr\u00e1ticos. Em tempos de crescente digitaliza\u00e7\u00e3o dos servi\u00e7os<br \/>\np\u00fablicos e privados, o uso de identificadores \u00fanicos e padronizados torna-se n\u00e3o<br \/>\napenas desej\u00e1vel, mas indispens\u00e1vel.<br \/>\nO CPF \u00e9, hoje, o principal elemento de individualiza\u00e7\u00e3o civil no<br \/>\nBrasil. \u00c9 um n\u00famero \u00fanico, vital\u00edcio, reconhecido nacionalmente, j\u00e1 integrado a<br \/>\ndiversos sistemas informatizados e de f\u00e1cil consulta. Ao vincul\u00e1-lo, desde a<br \/>\ncertid\u00e3o de nascimento, \u00e0 identidade dos genitores, promove-se uma rela\u00e7\u00e3o<br \/>\ndocumental mais segura, transparente e rastre\u00e1vel, fortalecendo o elo entre pais e<br \/>\nfilhos no \u00e2mbito administrativo e jur\u00eddico.<br \/>\nAl\u00e9m disso, a proposta resguarda os casos em que um ou ambos<br \/>\nos genitores n\u00e3o tenham CPF no momento do registro, assegurando a lavratura da<br \/>\nPara verificar a assinatura, acesse https:\/\/infoleg-autenticidade-assinatura.camara.leg.br\/CD250536202400<br \/>\nAssinado eletronicamente pelo(a) Dep. Luiz Carlos Busato<br \/>\nApresenta\u00e7\u00e3o: 02\/07\/2025 12:25:43.930 &#8211; Mesa<br \/>\n*CD250536202400* PL n.3187\/2025<br \/>certid\u00e3o e prevendo a possibilidade de futura complementa\u00e7\u00e3o da informa\u00e7\u00e3o.<br \/>\nEssa flexibilidade evita barreiras ao acesso \u00e0 documenta\u00e7\u00e3o b\u00e1sica, em especial<br \/>\npara popula\u00e7\u00f5es em situa\u00e7\u00e3o de vulnerabilidade social, ao mesmo tempo em que<br \/>\nprojeta uma melhoria progressiva e cont\u00ednua na qualidade dos dados civis.<br \/>\nA proposta tamb\u00e9m se preocupa com a realidade social e jur\u00eddica<br \/>\ndo pa\u00eds. Prev\u00ea a inclus\u00e3o dos dados mesmo em casos de ado\u00e7\u00e3o, garantindo a<br \/>\nprote\u00e7\u00e3o legal da nova filia\u00e7\u00e3o, e assegura que, mesmo na aus\u00eancia tempor\u00e1ria do<br \/>\nCPF, a certid\u00e3o ser\u00e1 emitida, com espa\u00e7o reservado \u00e0 futura complementa\u00e7\u00e3o da<br \/>\ninforma\u00e7\u00e3o. Dessa forma, preserva-se o direito \u00e0 cidadania e evita-se qualquer<br \/>\nforma de exclus\u00e3o documental.<br \/>\nOutro m\u00e9rito relevante da medida \u00e9 seu impacto positivo na<br \/>\nformula\u00e7\u00e3o de pol\u00edticas p\u00fablicas. Ao permitir maior rastreabilidade e confiabilidade<br \/>\nnos dados familiares, contribui-se para a efici\u00eancia administrativa, a preven\u00e7\u00e3o de<br \/>\nfraudes e a melhoria de programas sociais, educacionais e de sa\u00fade, que muitas<br \/>\nvezes esbarram em inconsist\u00eancias cadastrais.<br \/>\nAl\u00e9m disso, o projeto refor\u00e7a o alinhamento com a Identidade Civil<br \/>\nNacional, a Lei Geral de Prote\u00e7\u00e3o de Dados e os princ\u00edpios de interoperabilidade<br \/>\nentre os sistemas de governo, preparando o pa\u00eds para uma gest\u00e3o mais integrada,<br \/>\nsegura e eficiente dos dados da popula\u00e7\u00e3o.<br \/>\nPor fim, trata-se de uma iniciativa que refor\u00e7a o princ\u00edpio do<br \/>\nmelhor interesse da crian\u00e7a, assegurando que seus dados civis sejam protegidos<br \/>\ndesde os primeiros passos da vida, por meio de instrumentos tecnol\u00f3gicos<br \/>\nmodernos e integrados \u00e0s bases p\u00fablicas.<br \/>\nDiante do exposto, solicito o apoio dos nobres Parlamentares para<br \/>\na aprova\u00e7\u00e3o desta proposi\u00e7\u00e3o, que representa um avan\u00e7o concreto na prote\u00e7\u00e3o da<br \/>\nidentidade das crian\u00e7as brasileiras, na moderniza\u00e7\u00e3o do registro civil e na<br \/>\npromo\u00e7\u00e3o de maior seguran\u00e7a jur\u00eddica, social e administrativa em nosso pa\u00eds.<br \/>\nSala das Sess\u00f5es, em 2 de julho de 2025.<br \/>\nLuiz Carlos Busato<br \/>\nDeputado Federal<br \/>\nUni\u00e3o Brasil \u2013 RS<br \/>\nPara verificar a assinatura, acesse https:\/\/infoleg-autenticidade-assinatura.camara.leg.br\/CD250536202400<br \/>\nAssinado eletronicamente pelo(a) Dep. Luiz Carlos Busato<br \/>\nApresenta\u00e7\u00e3o: 02\/07\/2025 12:25:43.930 &#8211; Mesa<br \/>\n*CD250536202400* PL n.3187\/2025<\/article>\n<p><a href='https:\/\/app.legislapp.com.br\/#\/busca?termo='><\/a><\/p>\n<div style=\"text-align: center\">\n      <img decoding=\"async\" style=\"width: 14%;\" src=\"https:\/\/www.legislapp.com.br\/wp-content\/uploads\/2021\/07\/Logo-Legislapp-1-03-1.png\"><br \/>\n      <\/p>\n<div style=\"margin-bottom: 20px;\" class=\"et_pb_button_module_wrapper et_pb_button_5_tb_body_wrapper et_pb_button_alignment_center et_pb_module \">\n         <a class=\"et_pb_button et_pb_button_5_tb_body et_hover_enabled et_pb_bg_layout_dark\" style=\"width: 50%;background-color: black;\" href=\"https:\/\/app.legislapp.com.br\" target=\"_blank\" rel=\"noopener\">Visualizar completo na nossa plataforma (30 dias gr\u00e1tis)<\/a><\/p><\/div>\n<p>      <a href=\"https:\/\/play.google.com\/store\/apps\/details?id=br.com.legislapp\"><img decoding=\"async\" style=\"width: 15%; min-width: 130px;\" src=\"https:\/\/www.legislapp.com.br\/wp-content\/uploads\/google-play.png\"><\/a><br \/>\n      <a href=\"https:\/\/apps.apple.com\/us\/app\/legislapp\/id1568929859\"><img decoding=\"async\" style=\"width: 15%; min-width: 130px\" src=\"https:\/\/www.legislapp.com.br\/wp-content\/uploads\/apple-store.png\"><\/a>\n   <\/div>\n","protected":false},"excerpt":{"rendered":"<p>Avulso Inicial &#8211; Autoria de Luiz Carlos Busato PROJETO DE LEI N\u00ba ___, DE 2025 (Do Sr. Luiz Carlos Busato) Disp\u00f5e sobre a obrigatoriedade da inclus\u00e3o do n\u00famero do CPF dos pais ou respons\u00e1veis legais na certid\u00e3o de nascimento e nos documentos de identifica\u00e7\u00e3o civil de filhos menores de idade, com o objetivo de prevenir [&hellip;]<\/p>\n","protected":false},"author":1,"featured_media":0,"parent":0,"menu_order":0,"comment_status":"closed","ping_status":"closed","template":"page-template-blank.php","meta":{"_et_pb_use_builder":"","_et_pb_old_content":"","_et_gb_content_width":"1080","ngg_post_thumbnail":0,"footnotes":""},"class_list":["post-10520","page","type-page","status-publish","hentry"],"yoast_head":"<!-- This site is optimized with the Yoast SEO plugin v24.4 - https:\/\/yoast.com\/wordpress\/plugins\/seo\/ -->\n<title>Avulso Inicial - PL 3187\/2025 - C\u00e2mara - Legislapp<\/title>\n<meta name=\"robots\" content=\"index, follow, max-snippet:-1, max-image-preview:large, max-video-preview:-1\" \/>\n<link rel=\"canonical\" href=\"https:\/\/www.legislapp.com.br\/index.php\/avulso-inicial-pl-3187-2025-camara\/\" \/>\n<meta property=\"og:locale\" content=\"pt_BR\" \/>\n<meta property=\"og:type\" content=\"article\" \/>\n<meta property=\"og:title\" content=\"Avulso Inicial - PL 3187\/2025 - C\u00e2mara - Legislapp\" \/>\n<meta property=\"og:description\" content=\"Avulso Inicial &#8211; Autoria de Luiz Carlos Busato PROJETO DE LEI N\u00ba ___, DE 2025 (Do Sr. Luiz Carlos Busato) Disp\u00f5e sobre a obrigatoriedade da inclus\u00e3o do n\u00famero do CPF dos pais ou respons\u00e1veis legais na certid\u00e3o de nascimento e nos documentos de identifica\u00e7\u00e3o civil de filhos menores de idade, com o objetivo de prevenir [&hellip;]\" \/>\n<meta property=\"og:url\" content=\"https:\/\/www.legislapp.com.br\/index.php\/avulso-inicial-pl-3187-2025-camara\/\" \/>\n<meta property=\"og:site_name\" content=\"Legislapp\" \/>\n<meta property=\"article:publisher\" content=\"https:\/\/www.instagram.com\/legislapp\/\" \/>\n<meta property=\"og:image\" content=\"https:\/\/www.legislapp.com.br\/wp-content\/uploads\/2021\/07\/Logo-Legislapp-1-03-1.png\" \/>\n<meta name=\"twitter:card\" content=\"summary_large_image\" \/>\n<meta name=\"twitter:label1\" content=\"Est. tempo de leitura\" \/>\n\t<meta name=\"twitter:data1\" content=\"5 minutos\" \/>\n<script type=\"application\/ld+json\" class=\"yoast-schema-graph\">{\"@context\":\"https:\/\/schema.org\",\"@graph\":[{\"@type\":\"WebPage\",\"@id\":\"https:\/\/www.legislapp.com.br\/index.php\/avulso-inicial-pl-3187-2025-camara\/\",\"url\":\"https:\/\/www.legislapp.com.br\/index.php\/avulso-inicial-pl-3187-2025-camara\/\",\"name\":\"Avulso Inicial - PL 3187\/2025 - C\u00e2mara - Legislapp\",\"isPartOf\":{\"@id\":\"https:\/\/www.legislapp.com.br\/#website\"},\"primaryImageOfPage\":{\"@id\":\"https:\/\/www.legislapp.com.br\/index.php\/avulso-inicial-pl-3187-2025-camara\/#primaryimage\"},\"image\":{\"@id\":\"https:\/\/www.legislapp.com.br\/index.php\/avulso-inicial-pl-3187-2025-camara\/#primaryimage\"},\"thumbnailUrl\":\"https:\/\/www.legislapp.com.br\/wp-content\/uploads\/2021\/07\/Logo-Legislapp-1-03-1.png\",\"datePublished\":\"2025-12-01T14:22:55+00:00\",\"breadcrumb\":{\"@id\":\"https:\/\/www.legislapp.com.br\/index.php\/avulso-inicial-pl-3187-2025-camara\/#breadcrumb\"},\"inLanguage\":\"pt-BR\",\"potentialAction\":[{\"@type\":\"ReadAction\",\"target\":[\"https:\/\/www.legislapp.com.br\/index.php\/avulso-inicial-pl-3187-2025-camara\/\"]}]},{\"@type\":\"ImageObject\",\"inLanguage\":\"pt-BR\",\"@id\":\"https:\/\/www.legislapp.com.br\/index.php\/avulso-inicial-pl-3187-2025-camara\/#primaryimage\",\"url\":\"https:\/\/www.legislapp.com.br\/wp-content\/uploads\/2021\/07\/Logo-Legislapp-1-03-1.png\",\"contentUrl\":\"https:\/\/www.legislapp.com.br\/wp-content\/uploads\/2021\/07\/Logo-Legislapp-1-03-1.png\",\"width\":2679,\"height\":2697},{\"@type\":\"BreadcrumbList\",\"@id\":\"https:\/\/www.legislapp.com.br\/index.php\/avulso-inicial-pl-3187-2025-camara\/#breadcrumb\",\"itemListElement\":[{\"@type\":\"ListItem\",\"position\":1,\"name\":\"In\u00edcio\",\"item\":\"https:\/\/www.legislapp.com.br\/\"},{\"@type\":\"ListItem\",\"position\":2,\"name\":\"Avulso Inicial &#8211; PL 3187\/2025 &#8211; C\u00e2mara\"}]},{\"@type\":\"WebSite\",\"@id\":\"https:\/\/www.legislapp.com.br\/#website\",\"url\":\"https:\/\/www.legislapp.com.br\/\",\"name\":\"Legislapp\",\"description\":\"Intelig\u00eancia governamental em tempo real\",\"publisher\":{\"@id\":\"https:\/\/www.legislapp.com.br\/#organization\"},\"potentialAction\":[{\"@type\":\"SearchAction\",\"target\":{\"@type\":\"EntryPoint\",\"urlTemplate\":\"https:\/\/www.legislapp.com.br\/?s={search_term_string}\"},\"query-input\":{\"@type\":\"PropertyValueSpecification\",\"valueRequired\":true,\"valueName\":\"search_term_string\"}}],\"inLanguage\":\"pt-BR\"},{\"@type\":\"Organization\",\"@id\":\"https:\/\/www.legislapp.com.br\/#organization\",\"name\":\"Legislapp Monitoramento e Intelig\u00eancia Governamental\",\"url\":\"https:\/\/www.legislapp.com.br\/\",\"logo\":{\"@type\":\"ImageObject\",\"inLanguage\":\"pt-BR\",\"@id\":\"https:\/\/www.legislapp.com.br\/#\/schema\/logo\/image\/\",\"url\":\"https:\/\/www.legislapp.com.br\/wp-content\/uploads\/icon.png\",\"contentUrl\":\"https:\/\/www.legislapp.com.br\/wp-content\/uploads\/icon.png\",\"width\":1024,\"height\":1024,\"caption\":\"Legislapp Monitoramento e Intelig\u00eancia Governamental\"},\"image\":{\"@id\":\"https:\/\/www.legislapp.com.br\/#\/schema\/logo\/image\/\"},\"sameAs\":[\"https:\/\/www.instagram.com\/legislapp\/\"]}]}<\/script>\n<!-- \/ Yoast SEO plugin. -->","yoast_head_json":{"title":"Avulso Inicial - PL 3187\/2025 - C\u00e2mara - Legislapp","robots":{"index":"index","follow":"follow","max-snippet":"max-snippet:-1","max-image-preview":"max-image-preview:large","max-video-preview":"max-video-preview:-1"},"canonical":"https:\/\/www.legislapp.com.br\/index.php\/avulso-inicial-pl-3187-2025-camara\/","og_locale":"pt_BR","og_type":"article","og_title":"Avulso Inicial - PL 3187\/2025 - C\u00e2mara - Legislapp","og_description":"Avulso Inicial &#8211; Autoria de Luiz Carlos Busato PROJETO DE LEI N\u00ba ___, DE 2025 (Do Sr. Luiz Carlos Busato) Disp\u00f5e sobre a obrigatoriedade da inclus\u00e3o do n\u00famero do CPF dos pais ou respons\u00e1veis legais na certid\u00e3o de nascimento e nos documentos de identifica\u00e7\u00e3o civil de filhos menores de idade, com o objetivo de prevenir [&hellip;]","og_url":"https:\/\/www.legislapp.com.br\/index.php\/avulso-inicial-pl-3187-2025-camara\/","og_site_name":"Legislapp","article_publisher":"https:\/\/www.instagram.com\/legislapp\/","og_image":[{"url":"https:\/\/www.legislapp.com.br\/wp-content\/uploads\/2021\/07\/Logo-Legislapp-1-03-1.png","type":"","width":"","height":""}],"twitter_card":"summary_large_image","twitter_misc":{"Est. tempo de leitura":"5 minutos"},"schema":{"@context":"https:\/\/schema.org","@graph":[{"@type":"WebPage","@id":"https:\/\/www.legislapp.com.br\/index.php\/avulso-inicial-pl-3187-2025-camara\/","url":"https:\/\/www.legislapp.com.br\/index.php\/avulso-inicial-pl-3187-2025-camara\/","name":"Avulso Inicial - PL 3187\/2025 - C\u00e2mara - Legislapp","isPartOf":{"@id":"https:\/\/www.legislapp.com.br\/#website"},"primaryImageOfPage":{"@id":"https:\/\/www.legislapp.com.br\/index.php\/avulso-inicial-pl-3187-2025-camara\/#primaryimage"},"image":{"@id":"https:\/\/www.legislapp.com.br\/index.php\/avulso-inicial-pl-3187-2025-camara\/#primaryimage"},"thumbnailUrl":"https:\/\/www.legislapp.com.br\/wp-content\/uploads\/2021\/07\/Logo-Legislapp-1-03-1.png","datePublished":"2025-12-01T14:22:55+00:00","breadcrumb":{"@id":"https:\/\/www.legislapp.com.br\/index.php\/avulso-inicial-pl-3187-2025-camara\/#breadcrumb"},"inLanguage":"pt-BR","potentialAction":[{"@type":"ReadAction","target":["https:\/\/www.legislapp.com.br\/index.php\/avulso-inicial-pl-3187-2025-camara\/"]}]},{"@type":"ImageObject","inLanguage":"pt-BR","@id":"https:\/\/www.legislapp.com.br\/index.php\/avulso-inicial-pl-3187-2025-camara\/#primaryimage","url":"https:\/\/www.legislapp.com.br\/wp-content\/uploads\/2021\/07\/Logo-Legislapp-1-03-1.png","contentUrl":"https:\/\/www.legislapp.com.br\/wp-content\/uploads\/2021\/07\/Logo-Legislapp-1-03-1.png","width":2679,"height":2697},{"@type":"BreadcrumbList","@id":"https:\/\/www.legislapp.com.br\/index.php\/avulso-inicial-pl-3187-2025-camara\/#breadcrumb","itemListElement":[{"@type":"ListItem","position":1,"name":"In\u00edcio","item":"https:\/\/www.legislapp.com.br\/"},{"@type":"ListItem","position":2,"name":"Avulso Inicial &#8211; PL 3187\/2025 &#8211; C\u00e2mara"}]},{"@type":"WebSite","@id":"https:\/\/www.legislapp.com.br\/#website","url":"https:\/\/www.legislapp.com.br\/","name":"Legislapp","description":"Intelig\u00eancia governamental em tempo real","publisher":{"@id":"https:\/\/www.legislapp.com.br\/#organization"},"potentialAction":[{"@type":"SearchAction","target":{"@type":"EntryPoint","urlTemplate":"https:\/\/www.legislapp.com.br\/?s={search_term_string}"},"query-input":{"@type":"PropertyValueSpecification","valueRequired":true,"valueName":"search_term_string"}}],"inLanguage":"pt-BR"},{"@type":"Organization","@id":"https:\/\/www.legislapp.com.br\/#organization","name":"Legislapp Monitoramento e Intelig\u00eancia Governamental","url":"https:\/\/www.legislapp.com.br\/","logo":{"@type":"ImageObject","inLanguage":"pt-BR","@id":"https:\/\/www.legislapp.com.br\/#\/schema\/logo\/image\/","url":"https:\/\/www.legislapp.com.br\/wp-content\/uploads\/icon.png","contentUrl":"https:\/\/www.legislapp.com.br\/wp-content\/uploads\/icon.png","width":1024,"height":1024,"caption":"Legislapp Monitoramento e Intelig\u00eancia Governamental"},"image":{"@id":"https:\/\/www.legislapp.com.br\/#\/schema\/logo\/image\/"},"sameAs":["https:\/\/www.instagram.com\/legislapp\/"]}]}},"_links":{"self":[{"href":"https:\/\/www.legislapp.com.br\/index.php\/wp-json\/wp\/v2\/pages\/10520","targetHints":{"allow":["GET"]}}],"collection":[{"href":"https:\/\/www.legislapp.com.br\/index.php\/wp-json\/wp\/v2\/pages"}],"about":[{"href":"https:\/\/www.legislapp.com.br\/index.php\/wp-json\/wp\/v2\/types\/page"}],"author":[{"embeddable":true,"href":"https:\/\/www.legislapp.com.br\/index.php\/wp-json\/wp\/v2\/users\/1"}],"replies":[{"embeddable":true,"href":"https:\/\/www.legislapp.com.br\/index.php\/wp-json\/wp\/v2\/comments?post=10520"}],"version-history":[{"count":0,"href":"https:\/\/www.legislapp.com.br\/index.php\/wp-json\/wp\/v2\/pages\/10520\/revisions"}],"wp:attachment":[{"href":"https:\/\/www.legislapp.com.br\/index.php\/wp-json\/wp\/v2\/media?parent=10520"}],"curies":[{"name":"wp","href":"https:\/\/api.w.org\/{rel}","templated":true}]}}