{"id":10550,"date":"2025-12-01T11:25:02","date_gmt":"2025-12-01T14:25:02","guid":{"rendered":"https:\/\/www.legislapp.com.br\/index.php\/avulso-inicial-pl-5122-2025-camara\/"},"modified":"2025-12-01T11:25:02","modified_gmt":"2025-12-01T14:25:02","slug":"avulso-inicial-pl-5122-2025-camara","status":"publish","type":"page","link":"https:\/\/www.legislapp.com.br\/index.php\/avulso-inicial-pl-5122-2025-camara\/","title":{"rendered":"Avulso Inicial &#8211; PL 5122\/2025 &#8211; C\u00e2mara"},"content":{"rendered":"<h1 style='text-align: center;'>Avulso Inicial &#8211; Autoria de Clodoaldo Magalh\u00e3es<\/h3>\n<p><\/p>\n<article>\n                                  C\u00c2MARA DOS DEPUTADOS<br \/>\nPROJETO DE LEI N\u00ba      , DE 2025<br \/>\n (Do Sr. Clodoaldo Magalh\u00e3es)<br \/>\nInstitui o Programa Nacional de<br \/>\nRastreio Ativo do C\u00e2ncer de Mama,<br \/>\nvoltado \u00e0 busca ativa e ao diagn\u00f3stico<br \/>\nprecoce da doen\u00e7a no \u00e2mbito do Sistema<br \/>\n\u00danico de Sa\u00fade (SUS), e torna obrigat\u00f3ria<br \/>\na oferta gratuita de ultrassonografia<br \/>\nmam\u00e1ria para mulheres com mamas<br \/>\ndensas, complementando o exame de<br \/>\nmamografia.<br \/>\nO Congresso Nacional decreta:<br \/>\nArt. 1\u00ba Fica institu\u00eddo, no \u00e2mbito do Sistema \u00danico de Sa\u00fade<br \/>\n(SUS), o Programa Nacional de Rastreio Ativo do C\u00e2ncer de Mama,<br \/>\ncom o objetivo de ampliar a cobertura de exames preventivos e<br \/>\npromover o diagn\u00f3stico precoce da doen\u00e7a em mulheres em todo o<br \/>\nterrit\u00f3rio nacional.<br \/>\nArt. 2\u00ba O Programa tem como diretrizes:<br \/>\n I \u2013 a realiza\u00e7\u00e3o de busca ativa de mulheres com idade indicada<br \/>\npara a realiza\u00e7\u00e3o da mamografia, que n\u00e3o tenham realizado o exame<br \/>\nPara verificar a assinatura, acesse https:\/\/infoleg-autenticidade-assinatura.camara.leg.br\/CD251952871300<br \/>\nAssinado eletronicamente pelo(a) Dep. Clodoaldo Magalh\u00e3es<br \/>\nApresenta\u00e7\u00e3o: 14\/10\/2025 13:34:03.183 &#8211; Mesa<br \/>\n*CD251952871300* PL n.5122\/2025<br \/>nos \u00faltimos dois anos;<br \/>\n II \u2013 a prioriza\u00e7\u00e3o de \u00e1reas rurais, ribeirinhas, quilombolas,<br \/>\nind\u00edgenas e de dif\u00edcil acesso, mediante utiliza\u00e7\u00e3o de unidades m\u00f3veis de<br \/>\ndiagn\u00f3stico e equipes itinerantes de sa\u00fade;<br \/>\n III \u2013 o registro e acompanhamento das pacientes identificadas,<br \/>\ngarantindo o retorno para os exames complementares e eventuais<br \/>\ntratamentos necess\u00e1rios;<br \/>\n IV \u2013 a integra\u00e7\u00e3o com programas de aten\u00e7\u00e3o prim\u00e1ria e vigil\u00e2ncia<br \/>\nem sa\u00fade da mulher.<br \/>\nArt. 3\u00ba Fica o SUS obrigado a oferecer, de forma gratuita,<br \/>\nultrassonografia mam\u00e1ria complementar \u00e0 mamografia para mulheres<br \/>\ncom mamas densas, conforme laudo do exame e protocolos cl\u00ednicos<br \/>\nestabelecidos pelo Minist\u00e9rio da Sa\u00fade.<br \/>\nArt. 4\u00ba A ultrassonografia prevista no artigo anterior dever\u00e1 ser<br \/>\nofertada na mesma unidade ou servi\u00e7o em que a mamografia for<br \/>\nrealizada, sempre que poss\u00edvel, garantindo a continuidade diagn\u00f3stica e<br \/>\nevitando a necessidade de novo agendamento.<br \/>\nArt. 5\u00ba O Minist\u00e9rio da Sa\u00fade regulamentar\u00e1 esta Lei no prazo de<br \/>\n90 (noventa) dias a contar de sua publica\u00e7\u00e3o, podendo estabelecer<br \/>\ncrit\u00e9rios t\u00e9cnicos, faixas et\u00e1rias priorit\u00e1rias e fluxos de refer\u00eancia e<br \/>\ncontrarrefer\u00eancia para execu\u00e7\u00e3o do Programa.<br \/>\nArt. 6\u00ba As despesas decorrentes da execu\u00e7\u00e3o desta Lei correr\u00e3o \u00e0<br \/>\nconta das dota\u00e7\u00f5es or\u00e7ament\u00e1rias pr\u00f3prias, podendo ser<br \/>\nsuplementadas, se necess\u00e1rio.<br \/>\nArt. 7\u00ba Esta Lei entra em vigor na data de sua publica\u00e7\u00e3o.<br \/>\nPara verificar a assinatura, acesse https:\/\/infoleg-autenticidade-assinatura.camara.leg.br\/CD251952871300<br \/>\nAssinado eletronicamente pelo(a) Dep. Clodoaldo Magalh\u00e3es<br \/>\nApresenta\u00e7\u00e3o: 14\/10\/2025 13:34:03.183 &#8211; Mesa<br \/>\n*CD251952871300* PL n.5122\/2025<br \/>JUSTIFICA\u00c7\u00c3O<br \/>\nO c\u00e2ncer de mama \u00e9 o tipo de c\u00e2ncer mais incidente entre as<br \/>\nmulheres no Brasil e a principal causa de morte por neoplasia na<br \/>\npopula\u00e7\u00e3o feminina. A detec\u00e7\u00e3o precoce \u00e9 a estrat\u00e9gia mais eficaz para<br \/>\nreduzir a mortalidade, melhorar o progn\u00f3stico e aumentar as chances de<br \/>\ncura.<br \/>\nContudo, ainda existem desigualdades significativas no acesso<br \/>\naos exames preventivos, especialmente entre mulheres que vivem em<br \/>\n\u00e1reas rurais, ribeirinhas e regi\u00f5es de dif\u00edcil deslocamento. O Programa<br \/>\nNacional de Rastreio Ativo do C\u00e2ncer de Mama vem responder a essa<br \/>\nlacuna, promovendo busca ativa, descentraliza\u00e7\u00e3o dos servi\u00e7os e uso<br \/>\nde unidades m\u00f3veis de diagn\u00f3stico, garantindo que nenhuma mulher<br \/>\ndeixe de realizar a mamografia por falta de acesso.<br \/>\nAl\u00e9m disso, h\u00e1 um grupo espec\u00edfico de mulheres que, mesmo<br \/>\nrealizando a mamografia, podem ter resultados inconclusivos ou<br \/>\nfalsamente negativos devido \u00e0 densidade mam\u00e1ria aumentada, uma<br \/>\ncondi\u00e7\u00e3o que dificulta a visualiza\u00e7\u00e3o de les\u00f5es nos exames de imagem.<br \/>\nA inclus\u00e3o da ultrassonografia mam\u00e1ria como exame<br \/>\ncomplementar obrigat\u00f3rio para esses casos \u00e9 medida t\u00e9cnica e<br \/>\ncientificamente recomendada, adotada em diversos pa\u00edses como parte<br \/>\ndos protocolos modernos de rastreamento, por aumentar<br \/>\nsignificativamente a taxa de detec\u00e7\u00e3o de tumores em est\u00e1gios iniciais.<br \/>\nPortanto, esta proposi\u00e7\u00e3o busca garantir equidade, acesso e<br \/>\nprecis\u00e3o diagn\u00f3stica, fortalecendo as pol\u00edticas p\u00fablicas de sa\u00fade da<br \/>\nmulher, em sintonia com os princ\u00edpios do SUS e com o esp\u00edrito do<br \/>\nmovimento Outubro Rosa, que simboliza a import\u00e2ncia da preven\u00e7\u00e3o e<br \/>\ndo cuidado cont\u00ednuo com a sa\u00fade feminina.<br \/>\nDiante da relev\u00e2ncia social, sanit\u00e1ria e humana da mat\u00e9ria,<br \/>\ncontamos com o apoio dos nobres pares para a aprova\u00e7\u00e3o deste<br \/>\nProjeto de Lei.<br \/>\nPara verificar a assinatura, acesse https:\/\/infoleg-autenticidade-assinatura.camara.leg.br\/CD251952871300<br \/>\nAssinado eletronicamente pelo(a) Dep. Clodoaldo Magalh\u00e3es<br \/>\nApresenta\u00e7\u00e3o: 14\/10\/2025 13:34:03.183 &#8211; Mesa<br \/>\n*CD251952871300* PL n.5122\/2025<br \/>Sala das Sess\u00f5es, em         de                         de<br \/>\n2025.<br \/>\nDeputado Clodoaldo Magalh\u00e3es<br \/>\nPV\/PE<br \/>\nPara verificar a assinatura, acesse https:\/\/infoleg-autenticidade-assinatura.camara.leg.br\/CD251952871300<br \/>\nAssinado eletronicamente pelo(a) Dep. Clodoaldo Magalh\u00e3es<br \/>\nApresenta\u00e7\u00e3o: 14\/10\/2025 13:34:03.183 &#8211; Mesa<br \/>\n*CD251952871300* PL n.5122\/2025<\/article>\n<p><a href='https:\/\/app.legislapp.com.br\/#\/busca?termo=Cria\u00e7\u00e3o'>Cria\u00e7\u00e3o<\/a>, <a href='https:\/\/app.legislapp.com.br\/#\/busca?termo=Programa Nacional de Rastreio Ativo do C\u00e2ncer de Mama'>Programa Nacional de Rastreio Ativo do C\u00e2ncer de Mama<\/a>, <a href='https:\/\/app.legislapp.com.br\/#\/busca?termo=Diagn\u00f3stico precoce'>Diagn\u00f3stico precoce<\/a>, <a href='https:\/\/app.legislapp.com.br\/#\/busca?termo=Sistema \u00danico de Sa\u00fade (SUS)'>Sistema \u00danico de Sa\u00fade (SUS)<\/a>, <a href='https:\/\/app.legislapp.com.br\/#\/busca?termo=diretrizes.'>diretrizes.<\/a><\/p>\n<div style=\"text-align: center\">\n      <img decoding=\"async\" style=\"width: 14%;\" src=\"https:\/\/www.legislapp.com.br\/wp-content\/uploads\/2021\/07\/Logo-Legislapp-1-03-1.png\"><br \/>\n      <\/p>\n<div style=\"margin-bottom: 20px;\" class=\"et_pb_button_module_wrapper et_pb_button_5_tb_body_wrapper et_pb_button_alignment_center et_pb_module \">\n         <a class=\"et_pb_button et_pb_button_5_tb_body et_hover_enabled et_pb_bg_layout_dark\" style=\"width: 50%;background-color: black;\" href=\"https:\/\/app.legislapp.com.br\" target=\"_blank\" rel=\"noopener\">Visualizar completo na nossa plataforma (30 dias gr\u00e1tis)<\/a><\/p><\/div>\n<p>      <a href=\"https:\/\/play.google.com\/store\/apps\/details?id=br.com.legislapp\"><img decoding=\"async\" style=\"width: 15%; min-width: 130px;\" src=\"https:\/\/www.legislapp.com.br\/wp-content\/uploads\/google-play.png\"><\/a><br \/>\n      <a href=\"https:\/\/apps.apple.com\/us\/app\/legislapp\/id1568929859\"><img decoding=\"async\" style=\"width: 15%; min-width: 130px\" src=\"https:\/\/www.legislapp.com.br\/wp-content\/uploads\/apple-store.png\"><\/a>\n   <\/div>\n","protected":false},"excerpt":{"rendered":"<p>Avulso Inicial &#8211; Autoria de Clodoaldo Magalh\u00e3es C\u00c2MARA DOS DEPUTADOS PROJETO DE LEI N\u00ba , DE 2025 (Do Sr. Clodoaldo Magalh\u00e3es) Institui o Programa Nacional de Rastreio Ativo do C\u00e2ncer de Mama, voltado \u00e0 busca ativa e ao diagn\u00f3stico precoce da doen\u00e7a no \u00e2mbito do Sistema \u00danico de Sa\u00fade (SUS), e torna obrigat\u00f3ria a oferta [&hellip;]<\/p>\n","protected":false},"author":1,"featured_media":0,"parent":0,"menu_order":0,"comment_status":"closed","ping_status":"closed","template":"page-template-blank.php","meta":{"_et_pb_use_builder":"","_et_pb_old_content":"","_et_gb_content_width":"1080","ngg_post_thumbnail":0,"footnotes":""},"class_list":["post-10550","page","type-page","status-publish","hentry"],"yoast_head":"<!-- This site is optimized with the Yoast SEO plugin v24.4 - https:\/\/yoast.com\/wordpress\/plugins\/seo\/ -->\n<title>Avulso Inicial - PL 5122\/2025 - C\u00e2mara - Legislapp<\/title>\n<meta name=\"robots\" content=\"index, follow, max-snippet:-1, max-image-preview:large, max-video-preview:-1\" \/>\n<link rel=\"canonical\" href=\"https:\/\/www.legislapp.com.br\/index.php\/avulso-inicial-pl-5122-2025-camara\/\" \/>\n<meta property=\"og:locale\" content=\"pt_BR\" \/>\n<meta property=\"og:type\" content=\"article\" \/>\n<meta property=\"og:title\" content=\"Avulso Inicial - PL 5122\/2025 - C\u00e2mara - Legislapp\" \/>\n<meta property=\"og:description\" content=\"Avulso Inicial &#8211; Autoria de Clodoaldo Magalh\u00e3es C\u00c2MARA DOS DEPUTADOS PROJETO DE LEI N\u00ba , DE 2025 (Do Sr. Clodoaldo Magalh\u00e3es) Institui o Programa Nacional de Rastreio Ativo do C\u00e2ncer de Mama, voltado \u00e0 busca ativa e ao diagn\u00f3stico precoce da doen\u00e7a no \u00e2mbito do Sistema \u00danico de Sa\u00fade (SUS), e torna obrigat\u00f3ria a oferta [&hellip;]\" \/>\n<meta property=\"og:url\" content=\"https:\/\/www.legislapp.com.br\/index.php\/avulso-inicial-pl-5122-2025-camara\/\" \/>\n<meta property=\"og:site_name\" content=\"Legislapp\" \/>\n<meta property=\"article:publisher\" content=\"https:\/\/www.instagram.com\/legislapp\/\" \/>\n<meta property=\"og:image\" content=\"https:\/\/www.legislapp.com.br\/wp-content\/uploads\/2021\/07\/Logo-Legislapp-1-03-1.png\" \/>\n<meta name=\"twitter:card\" content=\"summary_large_image\" \/>\n<meta name=\"twitter:label1\" content=\"Est. tempo de leitura\" \/>\n\t<meta name=\"twitter:data1\" content=\"4 minutos\" \/>\n<script type=\"application\/ld+json\" class=\"yoast-schema-graph\">{\"@context\":\"https:\/\/schema.org\",\"@graph\":[{\"@type\":\"WebPage\",\"@id\":\"https:\/\/www.legislapp.com.br\/index.php\/avulso-inicial-pl-5122-2025-camara\/\",\"url\":\"https:\/\/www.legislapp.com.br\/index.php\/avulso-inicial-pl-5122-2025-camara\/\",\"name\":\"Avulso Inicial - PL 5122\/2025 - C\u00e2mara - Legislapp\",\"isPartOf\":{\"@id\":\"https:\/\/www.legislapp.com.br\/#website\"},\"primaryImageOfPage\":{\"@id\":\"https:\/\/www.legislapp.com.br\/index.php\/avulso-inicial-pl-5122-2025-camara\/#primaryimage\"},\"image\":{\"@id\":\"https:\/\/www.legislapp.com.br\/index.php\/avulso-inicial-pl-5122-2025-camara\/#primaryimage\"},\"thumbnailUrl\":\"https:\/\/www.legislapp.com.br\/wp-content\/uploads\/2021\/07\/Logo-Legislapp-1-03-1.png\",\"datePublished\":\"2025-12-01T14:25:02+00:00\",\"breadcrumb\":{\"@id\":\"https:\/\/www.legislapp.com.br\/index.php\/avulso-inicial-pl-5122-2025-camara\/#breadcrumb\"},\"inLanguage\":\"pt-BR\",\"potentialAction\":[{\"@type\":\"ReadAction\",\"target\":[\"https:\/\/www.legislapp.com.br\/index.php\/avulso-inicial-pl-5122-2025-camara\/\"]}]},{\"@type\":\"ImageObject\",\"inLanguage\":\"pt-BR\",\"@id\":\"https:\/\/www.legislapp.com.br\/index.php\/avulso-inicial-pl-5122-2025-camara\/#primaryimage\",\"url\":\"https:\/\/www.legislapp.com.br\/wp-content\/uploads\/2021\/07\/Logo-Legislapp-1-03-1.png\",\"contentUrl\":\"https:\/\/www.legislapp.com.br\/wp-content\/uploads\/2021\/07\/Logo-Legislapp-1-03-1.png\",\"width\":2679,\"height\":2697},{\"@type\":\"BreadcrumbList\",\"@id\":\"https:\/\/www.legislapp.com.br\/index.php\/avulso-inicial-pl-5122-2025-camara\/#breadcrumb\",\"itemListElement\":[{\"@type\":\"ListItem\",\"position\":1,\"name\":\"In\u00edcio\",\"item\":\"https:\/\/www.legislapp.com.br\/\"},{\"@type\":\"ListItem\",\"position\":2,\"name\":\"Avulso Inicial &#8211; PL 5122\/2025 &#8211; C\u00e2mara\"}]},{\"@type\":\"WebSite\",\"@id\":\"https:\/\/www.legislapp.com.br\/#website\",\"url\":\"https:\/\/www.legislapp.com.br\/\",\"name\":\"Legislapp\",\"description\":\"Intelig\u00eancia governamental em tempo real\",\"publisher\":{\"@id\":\"https:\/\/www.legislapp.com.br\/#organization\"},\"potentialAction\":[{\"@type\":\"SearchAction\",\"target\":{\"@type\":\"EntryPoint\",\"urlTemplate\":\"https:\/\/www.legislapp.com.br\/?s={search_term_string}\"},\"query-input\":{\"@type\":\"PropertyValueSpecification\",\"valueRequired\":true,\"valueName\":\"search_term_string\"}}],\"inLanguage\":\"pt-BR\"},{\"@type\":\"Organization\",\"@id\":\"https:\/\/www.legislapp.com.br\/#organization\",\"name\":\"Legislapp Monitoramento e Intelig\u00eancia Governamental\",\"url\":\"https:\/\/www.legislapp.com.br\/\",\"logo\":{\"@type\":\"ImageObject\",\"inLanguage\":\"pt-BR\",\"@id\":\"https:\/\/www.legislapp.com.br\/#\/schema\/logo\/image\/\",\"url\":\"https:\/\/www.legislapp.com.br\/wp-content\/uploads\/icon.png\",\"contentUrl\":\"https:\/\/www.legislapp.com.br\/wp-content\/uploads\/icon.png\",\"width\":1024,\"height\":1024,\"caption\":\"Legislapp Monitoramento e Intelig\u00eancia Governamental\"},\"image\":{\"@id\":\"https:\/\/www.legislapp.com.br\/#\/schema\/logo\/image\/\"},\"sameAs\":[\"https:\/\/www.instagram.com\/legislapp\/\"]}]}<\/script>\n<!-- \/ Yoast SEO plugin. -->","yoast_head_json":{"title":"Avulso Inicial - PL 5122\/2025 - C\u00e2mara - Legislapp","robots":{"index":"index","follow":"follow","max-snippet":"max-snippet:-1","max-image-preview":"max-image-preview:large","max-video-preview":"max-video-preview:-1"},"canonical":"https:\/\/www.legislapp.com.br\/index.php\/avulso-inicial-pl-5122-2025-camara\/","og_locale":"pt_BR","og_type":"article","og_title":"Avulso Inicial - PL 5122\/2025 - C\u00e2mara - Legislapp","og_description":"Avulso Inicial &#8211; Autoria de Clodoaldo Magalh\u00e3es C\u00c2MARA DOS DEPUTADOS PROJETO DE LEI N\u00ba , DE 2025 (Do Sr. Clodoaldo Magalh\u00e3es) Institui o Programa Nacional de Rastreio Ativo do C\u00e2ncer de Mama, voltado \u00e0 busca ativa e ao diagn\u00f3stico precoce da doen\u00e7a no \u00e2mbito do Sistema \u00danico de Sa\u00fade (SUS), e torna obrigat\u00f3ria a oferta [&hellip;]","og_url":"https:\/\/www.legislapp.com.br\/index.php\/avulso-inicial-pl-5122-2025-camara\/","og_site_name":"Legislapp","article_publisher":"https:\/\/www.instagram.com\/legislapp\/","og_image":[{"url":"https:\/\/www.legislapp.com.br\/wp-content\/uploads\/2021\/07\/Logo-Legislapp-1-03-1.png","type":"","width":"","height":""}],"twitter_card":"summary_large_image","twitter_misc":{"Est. tempo de leitura":"4 minutos"},"schema":{"@context":"https:\/\/schema.org","@graph":[{"@type":"WebPage","@id":"https:\/\/www.legislapp.com.br\/index.php\/avulso-inicial-pl-5122-2025-camara\/","url":"https:\/\/www.legislapp.com.br\/index.php\/avulso-inicial-pl-5122-2025-camara\/","name":"Avulso Inicial - PL 5122\/2025 - C\u00e2mara - Legislapp","isPartOf":{"@id":"https:\/\/www.legislapp.com.br\/#website"},"primaryImageOfPage":{"@id":"https:\/\/www.legislapp.com.br\/index.php\/avulso-inicial-pl-5122-2025-camara\/#primaryimage"},"image":{"@id":"https:\/\/www.legislapp.com.br\/index.php\/avulso-inicial-pl-5122-2025-camara\/#primaryimage"},"thumbnailUrl":"https:\/\/www.legislapp.com.br\/wp-content\/uploads\/2021\/07\/Logo-Legislapp-1-03-1.png","datePublished":"2025-12-01T14:25:02+00:00","breadcrumb":{"@id":"https:\/\/www.legislapp.com.br\/index.php\/avulso-inicial-pl-5122-2025-camara\/#breadcrumb"},"inLanguage":"pt-BR","potentialAction":[{"@type":"ReadAction","target":["https:\/\/www.legislapp.com.br\/index.php\/avulso-inicial-pl-5122-2025-camara\/"]}]},{"@type":"ImageObject","inLanguage":"pt-BR","@id":"https:\/\/www.legislapp.com.br\/index.php\/avulso-inicial-pl-5122-2025-camara\/#primaryimage","url":"https:\/\/www.legislapp.com.br\/wp-content\/uploads\/2021\/07\/Logo-Legislapp-1-03-1.png","contentUrl":"https:\/\/www.legislapp.com.br\/wp-content\/uploads\/2021\/07\/Logo-Legislapp-1-03-1.png","width":2679,"height":2697},{"@type":"BreadcrumbList","@id":"https:\/\/www.legislapp.com.br\/index.php\/avulso-inicial-pl-5122-2025-camara\/#breadcrumb","itemListElement":[{"@type":"ListItem","position":1,"name":"In\u00edcio","item":"https:\/\/www.legislapp.com.br\/"},{"@type":"ListItem","position":2,"name":"Avulso Inicial &#8211; PL 5122\/2025 &#8211; C\u00e2mara"}]},{"@type":"WebSite","@id":"https:\/\/www.legislapp.com.br\/#website","url":"https:\/\/www.legislapp.com.br\/","name":"Legislapp","description":"Intelig\u00eancia governamental em tempo real","publisher":{"@id":"https:\/\/www.legislapp.com.br\/#organization"},"potentialAction":[{"@type":"SearchAction","target":{"@type":"EntryPoint","urlTemplate":"https:\/\/www.legislapp.com.br\/?s={search_term_string}"},"query-input":{"@type":"PropertyValueSpecification","valueRequired":true,"valueName":"search_term_string"}}],"inLanguage":"pt-BR"},{"@type":"Organization","@id":"https:\/\/www.legislapp.com.br\/#organization","name":"Legislapp Monitoramento e Intelig\u00eancia Governamental","url":"https:\/\/www.legislapp.com.br\/","logo":{"@type":"ImageObject","inLanguage":"pt-BR","@id":"https:\/\/www.legislapp.com.br\/#\/schema\/logo\/image\/","url":"https:\/\/www.legislapp.com.br\/wp-content\/uploads\/icon.png","contentUrl":"https:\/\/www.legislapp.com.br\/wp-content\/uploads\/icon.png","width":1024,"height":1024,"caption":"Legislapp Monitoramento e Intelig\u00eancia Governamental"},"image":{"@id":"https:\/\/www.legislapp.com.br\/#\/schema\/logo\/image\/"},"sameAs":["https:\/\/www.instagram.com\/legislapp\/"]}]}},"_links":{"self":[{"href":"https:\/\/www.legislapp.com.br\/index.php\/wp-json\/wp\/v2\/pages\/10550","targetHints":{"allow":["GET"]}}],"collection":[{"href":"https:\/\/www.legislapp.com.br\/index.php\/wp-json\/wp\/v2\/pages"}],"about":[{"href":"https:\/\/www.legislapp.com.br\/index.php\/wp-json\/wp\/v2\/types\/page"}],"author":[{"embeddable":true,"href":"https:\/\/www.legislapp.com.br\/index.php\/wp-json\/wp\/v2\/users\/1"}],"replies":[{"embeddable":true,"href":"https:\/\/www.legislapp.com.br\/index.php\/wp-json\/wp\/v2\/comments?post=10550"}],"version-history":[{"count":0,"href":"https:\/\/www.legislapp.com.br\/index.php\/wp-json\/wp\/v2\/pages\/10550\/revisions"}],"wp:attachment":[{"href":"https:\/\/www.legislapp.com.br\/index.php\/wp-json\/wp\/v2\/media?parent=10550"}],"curies":[{"name":"wp","href":"https:\/\/api.w.org\/{rel}","templated":true}]}}