{"id":10553,"date":"2025-12-01T11:25:11","date_gmt":"2025-12-01T14:25:11","guid":{"rendered":"https:\/\/www.legislapp.com.br\/index.php\/avulso-inicial-pl-3977-2015-camara\/"},"modified":"2025-12-01T11:25:11","modified_gmt":"2025-12-01T14:25:11","slug":"avulso-inicial-pl-3977-2015-camara","status":"publish","type":"page","link":"https:\/\/www.legislapp.com.br\/index.php\/avulso-inicial-pl-3977-2015-camara\/","title":{"rendered":"Avulso Inicial &#8211; PL 3977\/2015 &#8211; C\u00e2mara"},"content":{"rendered":"<h1 style='text-align: center;'>Avulso Inicial &#8211; Autoria de Marx Beltr\u00e3o<\/h3>\n<p><\/p>\n<article>PROJETO DE LEI N\u00ba      , DE 2015<br \/>\n(Do Sr. MARX BELTR\u00c3O)<br \/>\nAltera o art. 8\u00ba da Lei n\u00ba 9.250, de 26<br \/>\nde dezembro de 1995, para incluir as<br \/>\ndespesas com aquisi\u00e7\u00e3o de medicamentos<br \/>\nde uso cont\u00ednuo nas hip\u00f3teses de dedu\u00e7\u00e3o<br \/>\nda base de c\u00e1lculo do imposto de renda das<br \/>\npessoas f\u00edsicas.<br \/>\nO Congresso Nacional decreta:<br \/>\nArt. 1\u00ba O art. 8\u00ba da Lei n\u00ba 9.250, de 26 de dezembro de<br \/>\n1995, passa a vigorar com a seguinte reda\u00e7\u00e3o:<br \/>\n\u201cArt. 8\u00ba &#8230;&#8230;&#8230;&#8230;&#8230;&#8230;&#8230;&#8230;&#8230;&#8230;&#8230;&#8230;&#8230;&#8230;&#8230;&#8230;&#8230;&#8230;&#8230;&#8230;&#8230;&#8230;&#8230;..<br \/>\n&#8230;&#8230;&#8230;&#8230;&#8230;&#8230;&#8230;&#8230;&#8230;&#8230;&#8230;&#8230;&#8230;&#8230;&#8230;&#8230;&#8230;&#8230;&#8230;&#8230;&#8230;&#8230;&#8230;&#8230;&#8230;&#8230;&#8230;&#8230;<br \/>\nII \u2013 &#8230;&#8230;&#8230;&#8230;&#8230;&#8230;&#8230;&#8230;&#8230;&#8230;&#8230;&#8230;&#8230;&#8230;&#8230;&#8230;&#8230;&#8230;&#8230;&#8230;&#8230;&#8230;&#8230;&#8230;&#8230;..<br \/>\n aos pagamentos efetuados, no ano-calend\u00e1rio, a<br \/>\nm\u00e9dicos, dentistas, psic\u00f3logos, fisioterapeutas,<br \/>\nfonoaudi\u00f3logos, terapeutas ocupacionais e hospitais, bem<br \/>\ncomo as despesas com exames laboratoriais, servi\u00e7os<br \/>\nradiol\u00f3gicos, aparelhos ortop\u00e9dicos, pr\u00f3teses ortop\u00e9dicas<br \/>\ne dent\u00e1rias, e medicamentos de uso cont\u00ednuo;<br \/>\n&#8230;&#8230;&#8230;&#8230;&#8230;&#8230;&#8230;&#8230;&#8230;&#8230;&#8230;&#8230;&#8230;&#8230;&#8230;&#8230;&#8230;&#8230;&#8230;&#8230;&#8230;&#8230;&#8230;&#8230;&#8230;&#8230;&#8230;.<br \/>\n\u00a7 2\u00ba &#8230;&#8230;&#8230;&#8230;&#8230;&#8230;&#8230;&#8230;&#8230;&#8230;&#8230;&#8230;&#8230;&#8230;&#8230;&#8230;&#8230;&#8230;&#8230;&#8230;&#8230;&#8230;&#8230;&#8230;&#8230;.<br \/>\n&#8230;&#8230;&#8230;&#8230;&#8230;&#8230;&#8230;&#8230;&#8230;&#8230;&#8230;&#8230;&#8230;&#8230;&#8230;&#8230;&#8230;&#8230;&#8230;&#8230;&#8230;&#8230;&#8230;&#8230;&#8230;&#8230;&#8230;&#8230;<br \/>\nVI \u2013 no caso das despesas com medicamentos de<br \/>\nuso cont\u00ednuo, o Minist\u00e9rio da Sa\u00fade especificar\u00e1 aqueles<br \/>\ndedut\u00edveis da base de c\u00e1lculo do imposto de renda e a<br \/>\npessoa f\u00edsica dever\u00e1 comprovar ser portador de doen\u00e7a<br \/>\ncr\u00f4nica mediante laudo pericial emitido por servi\u00e7o <br \/>2<br \/>\nm\u00e9dico oficial da Uni\u00e3o, dos Estados, do Distrito Federal<br \/>\ne dos Munic\u00edpios.\u201d (NR)<br \/>\nArt. 2\u00ba Esta lei entra em vigor na data de sua publica\u00e7\u00e3o.<br \/>\nJUSTIFICA\u00c7\u00c3O<br \/>\nEm 2011, o Minist\u00e9rio da Sa\u00fade lan\u00e7ou o Plano de A\u00e7\u00f5es<br \/>\nEstrat\u00e9gicas para o Enfrentamento de Doen\u00e7as Cr\u00f4nicas n\u00e3o Transmiss\u00edveis<br \/>\nno Brasil, com o objetivo de promover o desenvolvimento e a implementa\u00e7\u00e3o<br \/>\nde pol\u00edticas p\u00fablicas efetivas, integradas, sustent\u00e1veis e baseadas em<br \/>\nevid\u00eancias para a preven\u00e7\u00e3o e o cuidado dessas enfermidades e seus fatores<br \/>\nde risco, com a\u00e7\u00f5es voltadas para vigil\u00e2ncia, informa\u00e7\u00e3o, avalia\u00e7\u00e3o,<br \/>\nmonitoramento, promo\u00e7\u00e3o da sa\u00fade e cuidado integral.<br \/>\nO cuidado integral abrange a defini\u00e7\u00e3o e a<br \/>\nimplementa\u00e7\u00e3o da Rede de Aten\u00e7\u00e3o \u00e0 Sa\u00fade das Pessoas com Doen\u00e7as<br \/>\nCr\u00f4nicas, destinada a realizar a aten\u00e7\u00e3o integral \u00e0 sa\u00fade dessas pessoas,<br \/>\nmediante a realiza\u00e7\u00e3o de a\u00e7\u00f5es e servi\u00e7os de promo\u00e7\u00e3o e prote\u00e7\u00e3o da sa\u00fade,<br \/>\npreven\u00e7\u00e3o de agravos, diagn\u00f3stico, tratamento, reabilita\u00e7\u00e3o, redu\u00e7\u00e3o de danos<br \/>\ne manuten\u00e7\u00e3o da sa\u00fade.<br \/>\nNesse contexto e sens\u00edveis \u00e0 necessidade de especial<br \/>\naten\u00e7\u00e3o a essa parcela da popula\u00e7\u00e3o brasileira, apresentamos este projeto de<br \/>\nlei para possibilitar que o contribuinte deduza da base de c\u00e1lculo do imposto de<br \/>\nrenda as despesas com medicamentos de uso cont\u00ednuo para tratamento de<br \/>\ndoen\u00e7as cr\u00f4nicas de que ele pr\u00f3prio ou seu dependente for acometido. Posto<br \/>\nque tais doen\u00e7as representam despesas permanentes e elevadas para o<br \/>\ncidad\u00e3o, trata-se de medida justa, ao adequar a incid\u00eancia do tributo \u00e0 sua<br \/>\nefetiva capacidade contributiva, pelo que contamos com o apoio dos nobres<br \/>\npares para a sua aprova\u00e7\u00e3o.<br \/>\nSala das Sess\u00f5es, em         de                         de 2015.<br \/>\nDeputado MARX BELTR\u00c3O<br \/>\n2015-23832 <\/article>\n<p><a href='https:\/\/app.legislapp.com.br\/#\/busca?termo=Altera\u00e7\u00e3o'>Altera\u00e7\u00e3o<\/a>, <a href='https:\/\/app.legislapp.com.br\/#\/busca?termo=Legisla\u00e7\u00e3o Tribut\u00e1ria Federal'>Legisla\u00e7\u00e3o Tribut\u00e1ria Federal<\/a>, <a href='https:\/\/app.legislapp.com.br\/#\/busca?termo=dedu\u00e7\u00e3o'>dedu\u00e7\u00e3o<\/a>, <a href='https:\/\/app.legislapp.com.br\/#\/busca?termo=Imposto sobre a Renda da Pessoa F\u00edsica (IRPF)'>Imposto sobre a Renda da Pessoa F\u00edsica (IRPF)<\/a>, <a href='https:\/\/app.legislapp.com.br\/#\/busca?termo=despesa'>despesa<\/a>, <a href='https:\/\/app.legislapp.com.br\/#\/busca?termo=medicamento de uso cont\u00ednuo'>medicamento de uso cont\u00ednuo<\/a>, <a href='https:\/\/app.legislapp.com.br\/#\/busca?termo=doen\u00e7a cr\u00f4nica'>doen\u00e7a cr\u00f4nica<\/a>, <a href='https:\/\/app.legislapp.com.br\/#\/busca?termo=tributa\u00e7\u00e3o'>tributa\u00e7\u00e3o<\/a>, <a href='https:\/\/app.legislapp.com.br\/#\/busca?termo=benef\u00edcio fiscal.'>benef\u00edcio fiscal.<\/a><\/p>\n<div style=\"text-align: center\">\n      <img decoding=\"async\" style=\"width: 14%;\" src=\"https:\/\/www.legislapp.com.br\/wp-content\/uploads\/2021\/07\/Logo-Legislapp-1-03-1.png\"><br \/>\n      <\/p>\n<div style=\"margin-bottom: 20px;\" class=\"et_pb_button_module_wrapper et_pb_button_5_tb_body_wrapper et_pb_button_alignment_center et_pb_module \">\n         <a class=\"et_pb_button et_pb_button_5_tb_body et_hover_enabled et_pb_bg_layout_dark\" style=\"width: 50%;background-color: black;\" href=\"https:\/\/app.legislapp.com.br\" target=\"_blank\" rel=\"noopener\">Visualizar completo na nossa plataforma (30 dias gr\u00e1tis)<\/a><\/p><\/div>\n<p>      <a href=\"https:\/\/play.google.com\/store\/apps\/details?id=br.com.legislapp\"><img decoding=\"async\" style=\"width: 15%; min-width: 130px;\" src=\"https:\/\/www.legislapp.com.br\/wp-content\/uploads\/google-play.png\"><\/a><br \/>\n      <a href=\"https:\/\/apps.apple.com\/us\/app\/legislapp\/id1568929859\"><img decoding=\"async\" style=\"width: 15%; min-width: 130px\" src=\"https:\/\/www.legislapp.com.br\/wp-content\/uploads\/apple-store.png\"><\/a>\n   <\/div>\n","protected":false},"excerpt":{"rendered":"<p>Avulso Inicial &#8211; Autoria de Marx Beltr\u00e3o PROJETO DE LEI N\u00ba , DE 2015 (Do Sr. MARX BELTR\u00c3O) Altera o art. 8\u00ba da Lei n\u00ba 9.250, de 26 de dezembro de 1995, para incluir as despesas com aquisi\u00e7\u00e3o de medicamentos de uso cont\u00ednuo nas hip\u00f3teses de dedu\u00e7\u00e3o da base de c\u00e1lculo do imposto de renda [&hellip;]<\/p>\n","protected":false},"author":1,"featured_media":0,"parent":0,"menu_order":0,"comment_status":"closed","ping_status":"closed","template":"page-template-blank.php","meta":{"_et_pb_use_builder":"","_et_pb_old_content":"","_et_gb_content_width":"1080","ngg_post_thumbnail":0,"footnotes":""},"class_list":["post-10553","page","type-page","status-publish","hentry"],"yoast_head":"<!-- This site is optimized with the Yoast SEO plugin v24.4 - https:\/\/yoast.com\/wordpress\/plugins\/seo\/ -->\n<title>Avulso Inicial - PL 3977\/2015 - C\u00e2mara - Legislapp<\/title>\n<meta name=\"robots\" content=\"index, follow, max-snippet:-1, max-image-preview:large, max-video-preview:-1\" \/>\n<link rel=\"canonical\" href=\"https:\/\/www.legislapp.com.br\/index.php\/avulso-inicial-pl-3977-2015-camara\/\" \/>\n<meta property=\"og:locale\" content=\"pt_BR\" \/>\n<meta property=\"og:type\" content=\"article\" \/>\n<meta property=\"og:title\" content=\"Avulso Inicial - PL 3977\/2015 - C\u00e2mara - Legislapp\" \/>\n<meta property=\"og:description\" content=\"Avulso Inicial &#8211; Autoria de Marx Beltr\u00e3o PROJETO DE LEI N\u00ba , DE 2015 (Do Sr. MARX BELTR\u00c3O) Altera o art. 8\u00ba da Lei n\u00ba 9.250, de 26 de dezembro de 1995, para incluir as despesas com aquisi\u00e7\u00e3o de medicamentos de uso cont\u00ednuo nas hip\u00f3teses de dedu\u00e7\u00e3o da base de c\u00e1lculo do imposto de renda [&hellip;]\" \/>\n<meta property=\"og:url\" content=\"https:\/\/www.legislapp.com.br\/index.php\/avulso-inicial-pl-3977-2015-camara\/\" \/>\n<meta property=\"og:site_name\" content=\"Legislapp\" \/>\n<meta property=\"article:publisher\" content=\"https:\/\/www.instagram.com\/legislapp\/\" \/>\n<meta property=\"og:image\" content=\"https:\/\/www.legislapp.com.br\/wp-content\/uploads\/2021\/07\/Logo-Legislapp-1-03-1.png\" \/>\n<meta name=\"twitter:card\" content=\"summary_large_image\" \/>\n<meta name=\"twitter:label1\" content=\"Est. tempo de leitura\" \/>\n\t<meta name=\"twitter:data1\" content=\"3 minutos\" \/>\n<script type=\"application\/ld+json\" class=\"yoast-schema-graph\">{\"@context\":\"https:\/\/schema.org\",\"@graph\":[{\"@type\":\"WebPage\",\"@id\":\"https:\/\/www.legislapp.com.br\/index.php\/avulso-inicial-pl-3977-2015-camara\/\",\"url\":\"https:\/\/www.legislapp.com.br\/index.php\/avulso-inicial-pl-3977-2015-camara\/\",\"name\":\"Avulso Inicial - PL 3977\/2015 - C\u00e2mara - Legislapp\",\"isPartOf\":{\"@id\":\"https:\/\/www.legislapp.com.br\/#website\"},\"primaryImageOfPage\":{\"@id\":\"https:\/\/www.legislapp.com.br\/index.php\/avulso-inicial-pl-3977-2015-camara\/#primaryimage\"},\"image\":{\"@id\":\"https:\/\/www.legislapp.com.br\/index.php\/avulso-inicial-pl-3977-2015-camara\/#primaryimage\"},\"thumbnailUrl\":\"https:\/\/www.legislapp.com.br\/wp-content\/uploads\/2021\/07\/Logo-Legislapp-1-03-1.png\",\"datePublished\":\"2025-12-01T14:25:11+00:00\",\"breadcrumb\":{\"@id\":\"https:\/\/www.legislapp.com.br\/index.php\/avulso-inicial-pl-3977-2015-camara\/#breadcrumb\"},\"inLanguage\":\"pt-BR\",\"potentialAction\":[{\"@type\":\"ReadAction\",\"target\":[\"https:\/\/www.legislapp.com.br\/index.php\/avulso-inicial-pl-3977-2015-camara\/\"]}]},{\"@type\":\"ImageObject\",\"inLanguage\":\"pt-BR\",\"@id\":\"https:\/\/www.legislapp.com.br\/index.php\/avulso-inicial-pl-3977-2015-camara\/#primaryimage\",\"url\":\"https:\/\/www.legislapp.com.br\/wp-content\/uploads\/2021\/07\/Logo-Legislapp-1-03-1.png\",\"contentUrl\":\"https:\/\/www.legislapp.com.br\/wp-content\/uploads\/2021\/07\/Logo-Legislapp-1-03-1.png\",\"width\":2679,\"height\":2697},{\"@type\":\"BreadcrumbList\",\"@id\":\"https:\/\/www.legislapp.com.br\/index.php\/avulso-inicial-pl-3977-2015-camara\/#breadcrumb\",\"itemListElement\":[{\"@type\":\"ListItem\",\"position\":1,\"name\":\"In\u00edcio\",\"item\":\"https:\/\/www.legislapp.com.br\/\"},{\"@type\":\"ListItem\",\"position\":2,\"name\":\"Avulso Inicial &#8211; PL 3977\/2015 &#8211; C\u00e2mara\"}]},{\"@type\":\"WebSite\",\"@id\":\"https:\/\/www.legislapp.com.br\/#website\",\"url\":\"https:\/\/www.legislapp.com.br\/\",\"name\":\"Legislapp\",\"description\":\"Intelig\u00eancia governamental em tempo real\",\"publisher\":{\"@id\":\"https:\/\/www.legislapp.com.br\/#organization\"},\"potentialAction\":[{\"@type\":\"SearchAction\",\"target\":{\"@type\":\"EntryPoint\",\"urlTemplate\":\"https:\/\/www.legislapp.com.br\/?s={search_term_string}\"},\"query-input\":{\"@type\":\"PropertyValueSpecification\",\"valueRequired\":true,\"valueName\":\"search_term_string\"}}],\"inLanguage\":\"pt-BR\"},{\"@type\":\"Organization\",\"@id\":\"https:\/\/www.legislapp.com.br\/#organization\",\"name\":\"Legislapp Monitoramento e Intelig\u00eancia Governamental\",\"url\":\"https:\/\/www.legislapp.com.br\/\",\"logo\":{\"@type\":\"ImageObject\",\"inLanguage\":\"pt-BR\",\"@id\":\"https:\/\/www.legislapp.com.br\/#\/schema\/logo\/image\/\",\"url\":\"https:\/\/www.legislapp.com.br\/wp-content\/uploads\/icon.png\",\"contentUrl\":\"https:\/\/www.legislapp.com.br\/wp-content\/uploads\/icon.png\",\"width\":1024,\"height\":1024,\"caption\":\"Legislapp Monitoramento e Intelig\u00eancia Governamental\"},\"image\":{\"@id\":\"https:\/\/www.legislapp.com.br\/#\/schema\/logo\/image\/\"},\"sameAs\":[\"https:\/\/www.instagram.com\/legislapp\/\"]}]}<\/script>\n<!-- \/ Yoast SEO plugin. -->","yoast_head_json":{"title":"Avulso Inicial - PL 3977\/2015 - C\u00e2mara - Legislapp","robots":{"index":"index","follow":"follow","max-snippet":"max-snippet:-1","max-image-preview":"max-image-preview:large","max-video-preview":"max-video-preview:-1"},"canonical":"https:\/\/www.legislapp.com.br\/index.php\/avulso-inicial-pl-3977-2015-camara\/","og_locale":"pt_BR","og_type":"article","og_title":"Avulso Inicial - PL 3977\/2015 - C\u00e2mara - Legislapp","og_description":"Avulso Inicial &#8211; Autoria de Marx Beltr\u00e3o PROJETO DE LEI N\u00ba , DE 2015 (Do Sr. MARX BELTR\u00c3O) Altera o art. 8\u00ba da Lei n\u00ba 9.250, de 26 de dezembro de 1995, para incluir as despesas com aquisi\u00e7\u00e3o de medicamentos de uso cont\u00ednuo nas hip\u00f3teses de dedu\u00e7\u00e3o da base de c\u00e1lculo do imposto de renda [&hellip;]","og_url":"https:\/\/www.legislapp.com.br\/index.php\/avulso-inicial-pl-3977-2015-camara\/","og_site_name":"Legislapp","article_publisher":"https:\/\/www.instagram.com\/legislapp\/","og_image":[{"url":"https:\/\/www.legislapp.com.br\/wp-content\/uploads\/2021\/07\/Logo-Legislapp-1-03-1.png","type":"","width":"","height":""}],"twitter_card":"summary_large_image","twitter_misc":{"Est. tempo de leitura":"3 minutos"},"schema":{"@context":"https:\/\/schema.org","@graph":[{"@type":"WebPage","@id":"https:\/\/www.legislapp.com.br\/index.php\/avulso-inicial-pl-3977-2015-camara\/","url":"https:\/\/www.legislapp.com.br\/index.php\/avulso-inicial-pl-3977-2015-camara\/","name":"Avulso Inicial - PL 3977\/2015 - C\u00e2mara - Legislapp","isPartOf":{"@id":"https:\/\/www.legislapp.com.br\/#website"},"primaryImageOfPage":{"@id":"https:\/\/www.legislapp.com.br\/index.php\/avulso-inicial-pl-3977-2015-camara\/#primaryimage"},"image":{"@id":"https:\/\/www.legislapp.com.br\/index.php\/avulso-inicial-pl-3977-2015-camara\/#primaryimage"},"thumbnailUrl":"https:\/\/www.legislapp.com.br\/wp-content\/uploads\/2021\/07\/Logo-Legislapp-1-03-1.png","datePublished":"2025-12-01T14:25:11+00:00","breadcrumb":{"@id":"https:\/\/www.legislapp.com.br\/index.php\/avulso-inicial-pl-3977-2015-camara\/#breadcrumb"},"inLanguage":"pt-BR","potentialAction":[{"@type":"ReadAction","target":["https:\/\/www.legislapp.com.br\/index.php\/avulso-inicial-pl-3977-2015-camara\/"]}]},{"@type":"ImageObject","inLanguage":"pt-BR","@id":"https:\/\/www.legislapp.com.br\/index.php\/avulso-inicial-pl-3977-2015-camara\/#primaryimage","url":"https:\/\/www.legislapp.com.br\/wp-content\/uploads\/2021\/07\/Logo-Legislapp-1-03-1.png","contentUrl":"https:\/\/www.legislapp.com.br\/wp-content\/uploads\/2021\/07\/Logo-Legislapp-1-03-1.png","width":2679,"height":2697},{"@type":"BreadcrumbList","@id":"https:\/\/www.legislapp.com.br\/index.php\/avulso-inicial-pl-3977-2015-camara\/#breadcrumb","itemListElement":[{"@type":"ListItem","position":1,"name":"In\u00edcio","item":"https:\/\/www.legislapp.com.br\/"},{"@type":"ListItem","position":2,"name":"Avulso Inicial &#8211; PL 3977\/2015 &#8211; C\u00e2mara"}]},{"@type":"WebSite","@id":"https:\/\/www.legislapp.com.br\/#website","url":"https:\/\/www.legislapp.com.br\/","name":"Legislapp","description":"Intelig\u00eancia governamental em tempo real","publisher":{"@id":"https:\/\/www.legislapp.com.br\/#organization"},"potentialAction":[{"@type":"SearchAction","target":{"@type":"EntryPoint","urlTemplate":"https:\/\/www.legislapp.com.br\/?s={search_term_string}"},"query-input":{"@type":"PropertyValueSpecification","valueRequired":true,"valueName":"search_term_string"}}],"inLanguage":"pt-BR"},{"@type":"Organization","@id":"https:\/\/www.legislapp.com.br\/#organization","name":"Legislapp Monitoramento e Intelig\u00eancia Governamental","url":"https:\/\/www.legislapp.com.br\/","logo":{"@type":"ImageObject","inLanguage":"pt-BR","@id":"https:\/\/www.legislapp.com.br\/#\/schema\/logo\/image\/","url":"https:\/\/www.legislapp.com.br\/wp-content\/uploads\/icon.png","contentUrl":"https:\/\/www.legislapp.com.br\/wp-content\/uploads\/icon.png","width":1024,"height":1024,"caption":"Legislapp Monitoramento e Intelig\u00eancia Governamental"},"image":{"@id":"https:\/\/www.legislapp.com.br\/#\/schema\/logo\/image\/"},"sameAs":["https:\/\/www.instagram.com\/legislapp\/"]}]}},"_links":{"self":[{"href":"https:\/\/www.legislapp.com.br\/index.php\/wp-json\/wp\/v2\/pages\/10553","targetHints":{"allow":["GET"]}}],"collection":[{"href":"https:\/\/www.legislapp.com.br\/index.php\/wp-json\/wp\/v2\/pages"}],"about":[{"href":"https:\/\/www.legislapp.com.br\/index.php\/wp-json\/wp\/v2\/types\/page"}],"author":[{"embeddable":true,"href":"https:\/\/www.legislapp.com.br\/index.php\/wp-json\/wp\/v2\/users\/1"}],"replies":[{"embeddable":true,"href":"https:\/\/www.legislapp.com.br\/index.php\/wp-json\/wp\/v2\/comments?post=10553"}],"version-history":[{"count":0,"href":"https:\/\/www.legislapp.com.br\/index.php\/wp-json\/wp\/v2\/pages\/10553\/revisions"}],"wp:attachment":[{"href":"https:\/\/www.legislapp.com.br\/index.php\/wp-json\/wp\/v2\/media?parent=10553"}],"curies":[{"name":"wp","href":"https:\/\/api.w.org\/{rel}","templated":true}]}}