{"id":10592,"date":"2025-12-01T11:28:04","date_gmt":"2025-12-01T14:28:04","guid":{"rendered":"https:\/\/www.legislapp.com.br\/index.php\/avulso-inicial-pl-4315-2025-camara\/"},"modified":"2025-12-01T11:28:04","modified_gmt":"2025-12-01T14:28:04","slug":"avulso-inicial-pl-4315-2025-camara","status":"publish","type":"page","link":"https:\/\/www.legislapp.com.br\/index.php\/avulso-inicial-pl-4315-2025-camara\/","title":{"rendered":"Avulso Inicial &#8211; PL 4315\/2025 &#8211; C\u00e2mara"},"content":{"rendered":"<h1 style='text-align: center;'>Avulso Inicial &#8211; Autoria de Augusto Coutinho<\/h3>\n<p><\/p>\n<article>PROJETO DE LEI N\u00ba          , DE 2025<br \/>\n(Do Sr. AUGUSTO COUTINHO)<br \/>\nAltera a Lei n\u00ba 14.133, de 1\u00ba de abril de<br \/>\n2021, para dispor sobre o contrato de<br \/>\npermuta de im\u00f3vel p\u00fablico por edifica\u00e7\u00e3o a<br \/>\nconstruir com libera\u00e7\u00e3o antecipada do bem,<br \/>\nmediante garantia de conclus\u00e3o.<br \/>\nO Congresso Nacional decreta:<br \/>\nArt. 1\u00ba A Lei n\u00ba 14.133, de 1\u00ba de abril de 2021, passa a vigorar<br \/>\nacrescida do art. 102-A:<br \/>\n&#8220;Art. 102-A. Nas contrata\u00e7\u00f5es de obras e servi\u00e7os de engenharia que<br \/>\nenvolvam a permuta de bem im\u00f3vel da Administra\u00e7\u00e3o P\u00fablica por<br \/>\nedifica\u00e7\u00f5es a construir, nos termos da Lei n\u00ba 9.636, de 15 de maio de<br \/>\n1998, o edital poder\u00e1 prever a transfer\u00eancia da posse ou da<br \/>\npropriedade do im\u00f3vel ao contratado antes da conclus\u00e3o do objeto,<br \/>\ndesde que observadas as seguintes condi\u00e7\u00f5es cumulativas:<br \/>\nI \u2013 a transfer\u00eancia do im\u00f3vel somente ocorrer\u00e1 ap\u00f3s a adjudica\u00e7\u00e3o<br \/>\npelo vencedor do contrato;<br \/>\nII \u2013 o contratado dever\u00e1 apresentar, como condi\u00e7\u00e3o para a<br \/>\ntransfer\u00eancia do im\u00f3vel e para o in\u00edcio da execu\u00e7\u00e3o contratual,<br \/>\ngarantia na modalidade seguro-garantia, que preveja a obriga\u00e7\u00e3o de<br \/>\na seguradora, em caso de inadimplemento pelo contratado, assumir<br \/>\na execu\u00e7\u00e3o e concluir o objeto do contrato, nos termos do art. 102<br \/>\ndesta Lei;<br \/>\n\u00a71\u00ba O valor da garantia prevista no inciso II deste artigo n\u00e3o ser\u00e1<br \/>\ninferior a 100% (cem por cento) do valor de avalia\u00e7\u00e3o do im\u00f3vel<br \/>\np\u00fablico a ser permutado ou a 100% (cem por cento) do valor do<br \/>\ncontrato para a execu\u00e7\u00e3o da obra, aplicando-se o que for maior.<br \/>\n\u00a7 2\u00ba Alternativamente ao seguro-garantia de que trata o inciso II do<br \/>\ncaput deste artigo, ser\u00e1 admitida fian\u00e7a banc\u00e1ria que contenha<br \/>\ncl\u00e1usula de performance equivalente, obrigando a institui\u00e7\u00e3o<br \/>\nPara verificar a assinatura, acesse https:\/\/infoleg-autenticidade-assinatura.camara.leg.br\/CD258363322200<br \/>\nAssinado eletronicamente pelo(a) Dep. Augusto Coutinho<br \/>\nApresenta\u00e7\u00e3o: 28\/08\/2025 16:44:23.593 &#8211; Mesa<br \/>\n*CD258363322200* PL n.4315\/2025<br \/>2<br \/>\nfinanceira, em caso de inadimplemento do afian\u00e7ado, a assegurar a<br \/>\nconclus\u00e3o da obra, seja pela contrata\u00e7\u00e3o de terceiros ou por outros<br \/>\nmeios eficazes, sob as mesmas condi\u00e7\u00f5es de valor e prazo de<br \/>\ngarantia.<br \/>\n\u00a73\u00ba O edital de licita\u00e7\u00e3o, a ser realizada preferencialmente na<br \/>\nmodalidade concorr\u00eancia ou leil\u00e3o, dever\u00e1 prever as condi\u00e7\u00f5es e os<br \/>\nrequisitos m\u00ednimos e obrigat\u00f3rios da ap\u00f3lice de seguro-garantia ou<br \/>\nda carta de fian\u00e7a banc\u00e1ria, incluindo, necessariamente, cl\u00e1usulas<br \/>\nque definam o rito e os prazos para a caracteriza\u00e7\u00e3o do<br \/>\ninadimplemento e para o acionamento da cl\u00e1usula de retomada da<br \/>\nexecu\u00e7\u00e3o pela seguradora ou institui\u00e7\u00e3o financeira, visando \u00e0<br \/>\ncontinuidade e \u00e0 conclus\u00e3o da obra.<br \/>\n\u00a74\u00ba O custo estimado da garantia exigida neste artigo dever\u00e1 constar<br \/>\nda composi\u00e7\u00e3o da taxa de Benef\u00edcios e Despesas Indiretas (BDI) do<br \/>\nor\u00e7amento de refer\u00eancia da Administra\u00e7\u00e3o, devendo o valor final ser<br \/>\nrefletido na proposta de pre\u00e7o do licitante vencedor.\u201d (NR)<br \/>\nArt. 2\u00ba Esta Lei entra em vigor na data de sua publica\u00e7\u00e3o.<br \/>\nJUSTIFICA\u00c7\u00c3O<br \/>\nNossa proposi\u00e7\u00e3o legislativa visa a modernizar os instrumentos<br \/>\nde contrata\u00e7\u00e3o da Administra\u00e7\u00e3o P\u00fablica, criando um mecanismo seguro e<br \/>\neficiente para viabilizar empreendimentos de infraestrutura, especialmente<br \/>\naqueles que podem ser realizados por meio da permuta de im\u00f3veis p\u00fablicos<br \/>\nociosos por obras de interesse coletivo.<br \/>\nO modelo atual, regido pela Lei n\u00ba 14.133\/2021 (Nova Lei de<br \/>\nLicita\u00e7\u00f5es e Contratos), embora tenha avan\u00e7ado, ainda se mostra restritivo<br \/>\npara opera\u00e7\u00f5es complexas como a permuta de um im\u00f3vel por obra com<br \/>\npagamento antecipado in natura. A Lei n\u00ba 14.133\/2021 trata a antecipa\u00e7\u00e3o de<br \/>\npagamento como uma exce\u00e7\u00e3o (art. 145) e estabelece limites de garantia (art.<br \/>\n96) insuficientes para mitigar o risco inerente \u00e0 transfer\u00eancia de um ativo<br \/>\np\u00fablico antes do recebimento da contrapresta\u00e7\u00e3o.<br \/>\nPara verificar a assinatura, acesse https:\/\/infoleg-autenticidade-assinatura.camara.leg.br\/CD258363322200<br \/>\nAssinado eletronicamente pelo(a) Dep. Augusto Coutinho<br \/>\nApresenta\u00e7\u00e3o: 28\/08\/2025 16:44:23.593 &#8211; Mesa<br \/>\n*CD258363322200* PL n.4315\/2025<br \/>3<br \/>\nEssa situa\u00e7\u00e3o gera inseguran\u00e7a jur\u00eddica para o gestor p\u00fablico,<br \/>\nque hesita em adotar solu\u00e7\u00f5es inovadoras por receio de questionamentos<br \/>\n(justific\u00e1veis) dos \u00f3rg\u00e3os de controle.<br \/>\nNosso projeto de lei vem para preencher essa lacuna, ao criar<br \/>\numa nova modalidade contratual, o contrato de permuta com libera\u00e7\u00e3o<br \/>\nantecipada e garantia de conclus\u00e3o, estabelecendo regras e salvaguardas<br \/>\nrobustas.<br \/>\nA proposta est\u00e1 assentada na premissa fundamental da<br \/>\ngarantia integral e de performance, por meio da exig\u00eancia de um seguro-<br \/>\ngarantia com cl\u00e1usula de retomada (step-in) ou fian\u00e7a banc\u00e1ria equivalente, no<br \/>\nvalor de 100% do risco.<br \/>\nEssa garantia n\u00e3o se limita a uma indeniza\u00e7\u00e3o financeira, mas<br \/>\nbusca assegurar a conclus\u00e3o da obra, que \u00e9 a real materializa\u00e7\u00e3o do interesse<br \/>\np\u00fablico. Ao transformar a seguradora ou o banco em um gestor de crise com<br \/>\ninteresse direto no sucesso do projeto, cria-se uma poderosa camada de<br \/>\nfiscaliza\u00e7\u00e3o e gest\u00e3o de risco, alinhando os interesses privados ao p\u00fablico.<br \/>\nA exig\u00eancia de garantias, especialmente uma de performance<br \/>\nque pode chegar a 100% do valor do im\u00f3vel ou do contrato, representa um<br \/>\ncusto financeiro significativo para o licitante. Esse custo, materializado no<br \/>\npr\u00eamio do seguro ou na comiss\u00e3o da fian\u00e7a banc\u00e1ria, \u00e9 um componente direto<br \/>\ndo pre\u00e7o final da obra e, por conseguinte, onera o valor das propostas<br \/>\napresentadas na licita\u00e7\u00e3o. Se a Administra\u00e7\u00e3o n\u00e3o incluir uma estimativa para<br \/>\nessa despesa em sua planilha or\u00e7ament\u00e1ria, o valor de refer\u00eancia do certame<br \/>\nse tornar\u00e1 artificialmente baixo e, portanto, irrealista. Tomamos o cuidado<br \/>\nespecial de dispor sobre essa quest\u00e3o no nosso PL.<br \/>\nAfinal, eventual omiss\u00e3o de nossa parte geraria um risco<br \/>\nsist\u00eamico para a contrata\u00e7\u00e3o. Propostas de licitantes diligentes, que<br \/>\ncorretamente precificarem o alto custo da garantia, seriam provavelmente<br \/>\ndesclassificadas por excederem um or\u00e7amento de refer\u00eancia falho. Isso<br \/>\npoderia levar a licita\u00e7\u00f5es fracassadas (sem propostas v\u00e1lidas) ou desertas<br \/>\n(sem interessados). O cen\u00e1rio mais perigoso, contudo, \u00e9 o que favorece a<br \/>\nsele\u00e7\u00e3o adversa: a contrata\u00e7\u00e3o de uma empresa que, para vencer o certame,<br \/>\napresenta uma proposta inexequ\u00edvel por ter subestimado ou ignorado o custo<br \/>\nPara verificar a assinatura, acesse https:\/\/infoleg-autenticidade-assinatura.camara.leg.br\/CD258363322200<br \/>\nAssinado eletronicamente pelo(a) Dep. Augusto Coutinho<br \/>\nApresenta\u00e7\u00e3o: 28\/08\/2025 16:44:23.593 &#8211; Mesa<br \/>\n*CD258363322200* PL n.4315\/2025<br \/>4<br \/>\nda garantia. Tal empresa teria maior probabilidade de enfrentar dificuldades<br \/>\nfinanceiras durante a execu\u00e7\u00e3o do contrato, aumentando o risco de<br \/>\ninadimplemento \u2013 o exato evento que a garantia de alta performance visa<br \/>\nmitigar.<br \/>\nA legisla\u00e7\u00e3o e a jurisprud\u00eancia dos \u00f3rg\u00e3os de controle s\u00e3o<br \/>\nclaras quanto \u00e0 necessidade de or\u00e7ar tais custos. O Decreto n\u00ba 7.983\/2013,<br \/>\nque estabelece regras para a elabora\u00e7\u00e3o de or\u00e7amentos de obras e servi\u00e7os<br \/>\nde engenharia, determina (no art. 9\u00ba) que o pre\u00e7o global de refer\u00eancia deve ser<br \/>\nacrescido do BDI (Benef\u00edcios e Despesas Indiretas), o qual deve evidenciar em<br \/>\nsua composi\u00e7\u00e3o, no m\u00ednimo, a &#8220;taxa de risco, seguro e garantia do<br \/>\nempreendimento&#8221;. Por sua vez, o Tribunal de Contas da Uni\u00e3o (TCU) refor\u00e7a<br \/>\nessa diretriz de forma consistente. O Ac\u00f3rd\u00e3o n\u00ba 2.622\/2013-Plen\u00e1rio, por<br \/>\nexemplo, n\u00e3o apenas reitera que seguros e garantias comp\u00f5em o BDI, como<br \/>\ntamb\u00e9m apresenta faixas de percentuais de refer\u00eancia para o item &#8220;Seguro +<br \/>\nGarantia&#8221;, demonstrando que a estimativa desse custo \u00e9 uma pr\u00e1tica<br \/>\nconsolidada e tecnicamente vi\u00e1vel.<br \/>\nA correta aloca\u00e7\u00e3o do custo da garantia no BDI do or\u00e7amento<br \/>\nde refer\u00eancia transcende o formalismo cont\u00e1bil. \u00c9 um vetor de transpar\u00eancia,<br \/>\ngovernan\u00e7a e planejamento. Ao ser obrigada a estimar esse custo, a<br \/>\nAdministra\u00e7\u00e3o \u00e9 compelida a realizar uma an\u00e1lise custo-benef\u00edcio expl\u00edcita<br \/>\nsobre a exig\u00eancia da garantia, avaliando se o n\u00edvel de seguran\u00e7a pretendido<br \/>\njustifica o \u00f4nus financeiro transferido ao custo final do projeto. Isso torna o<br \/>\n&#8220;pre\u00e7o da seguran\u00e7a&#8221; uma vari\u00e1vel transparente para a sociedade e para os<br \/>\n\u00f3rg\u00e3os de controle, permitindo uma avalia\u00e7\u00e3o mais precisa da vantajosidade da<br \/>\nopera\u00e7\u00e3o de permuta em rela\u00e7\u00e3o a outros modelos contratuais.<br \/>\nOs benef\u00edcios esperados s\u00e3o o fomento a investimentos em<br \/>\ninfraestrutura, aumento da competitividade nas licita\u00e7\u00f5es, potencial redu\u00e7\u00e3o de<br \/>\ncustos para o Estado e maior celeridade na entrega de benfeitorias e<br \/>\nequipamentos p\u00fablicos \u00e0 sociedade (hospitais, rodovias, escolas etc.).<br \/>\nAo regulamentar esse tipo de opera\u00e7\u00e3o, inspirada em<br \/>\nestruturas financeiras modernas como o Project Finance, o Brasil dar\u00e1 um<br \/>\npasso importante para destravar investimentos e modernizar sua<br \/>\nPara verificar a assinatura, acesse https:\/\/infoleg-autenticidade-assinatura.camara.leg.br\/CD258363322200<br \/>\nAssinado eletronicamente pelo(a) Dep. Augusto Coutinho<br \/>\nApresenta\u00e7\u00e3o: 28\/08\/2025 16:44:23.593 &#8211; Mesa<br \/>\n*CD258363322200* PL n.4315\/2025<br \/>5<br \/>\nAdministra\u00e7\u00e3o, tudo isso dentro de um ambiente de m\u00e1xima seguran\u00e7a jur\u00eddica<br \/>\ne prote\u00e7\u00e3o ao er\u00e1rio.<br \/>\nPor essas raz\u00f5es, contamos com o apoio dos nobres Pares, no<br \/>\nsentido do debate, aprimoramento e aprova\u00e7\u00e3o desta relevante proposi\u00e7\u00e3o.<br \/>\nSala das Sess\u00f5es, em        de                     de 2025.<br \/>\nDeputado AUGUSTO COUTINHO<br \/>\n2025-13658<br \/>\nPara verificar a assinatura, acesse https:\/\/infoleg-autenticidade-assinatura.camara.leg.br\/CD258363322200<br \/>\nAssinado eletronicamente pelo(a) Dep. Augusto Coutinho<br \/>\nApresenta\u00e7\u00e3o: 28\/08\/2025 16:44:23.593 &#8211; Mesa<br \/>\n*CD258363322200* PL n.4315\/2025<\/article>\n<p><a href='https:\/\/app.legislapp.com.br\/#\/busca?termo='><\/a><\/p>\n<div style=\"text-align: center\">\n      <img decoding=\"async\" style=\"width: 14%;\" src=\"https:\/\/www.legislapp.com.br\/wp-content\/uploads\/2021\/07\/Logo-Legislapp-1-03-1.png\"><br \/>\n      <\/p>\n<div style=\"margin-bottom: 20px;\" class=\"et_pb_button_module_wrapper et_pb_button_5_tb_body_wrapper et_pb_button_alignment_center et_pb_module \">\n         <a class=\"et_pb_button et_pb_button_5_tb_body et_hover_enabled et_pb_bg_layout_dark\" style=\"width: 50%;background-color: black;\" href=\"https:\/\/app.legislapp.com.br\" target=\"_blank\" rel=\"noopener\">Visualizar completo na nossa plataforma (30 dias gr\u00e1tis)<\/a><\/p><\/div>\n<p>      <a href=\"https:\/\/play.google.com\/store\/apps\/details?id=br.com.legislapp\"><img decoding=\"async\" style=\"width: 15%; min-width: 130px;\" src=\"https:\/\/www.legislapp.com.br\/wp-content\/uploads\/google-play.png\"><\/a><br \/>\n      <a href=\"https:\/\/apps.apple.com\/us\/app\/legislapp\/id1568929859\"><img decoding=\"async\" style=\"width: 15%; min-width: 130px\" src=\"https:\/\/www.legislapp.com.br\/wp-content\/uploads\/apple-store.png\"><\/a>\n   <\/div>\n","protected":false},"excerpt":{"rendered":"<p>Avulso Inicial &#8211; Autoria de Augusto Coutinho PROJETO DE LEI N\u00ba , DE 2025 (Do Sr. AUGUSTO COUTINHO) Altera a Lei n\u00ba 14.133, de 1\u00ba de abril de 2021, para dispor sobre o contrato de permuta de im\u00f3vel p\u00fablico por edifica\u00e7\u00e3o a construir com libera\u00e7\u00e3o antecipada do bem, mediante garantia de conclus\u00e3o. O Congresso Nacional [&hellip;]<\/p>\n","protected":false},"author":1,"featured_media":0,"parent":0,"menu_order":0,"comment_status":"closed","ping_status":"closed","template":"page-template-blank.php","meta":{"_et_pb_use_builder":"","_et_pb_old_content":"","_et_gb_content_width":"1080","ngg_post_thumbnail":0,"footnotes":""},"class_list":["post-10592","page","type-page","status-publish","hentry"],"yoast_head":"<!-- This site is optimized with the Yoast SEO plugin v24.4 - https:\/\/yoast.com\/wordpress\/plugins\/seo\/ -->\n<title>Avulso Inicial - PL 4315\/2025 - C\u00e2mara - Legislapp<\/title>\n<meta name=\"robots\" content=\"index, follow, max-snippet:-1, max-image-preview:large, max-video-preview:-1\" \/>\n<link rel=\"canonical\" href=\"https:\/\/www.legislapp.com.br\/index.php\/avulso-inicial-pl-4315-2025-camara\/\" \/>\n<meta property=\"og:locale\" content=\"pt_BR\" \/>\n<meta property=\"og:type\" content=\"article\" \/>\n<meta property=\"og:title\" content=\"Avulso Inicial - PL 4315\/2025 - C\u00e2mara - Legislapp\" \/>\n<meta property=\"og:description\" content=\"Avulso Inicial &#8211; Autoria de Augusto Coutinho PROJETO DE LEI N\u00ba , DE 2025 (Do Sr. AUGUSTO COUTINHO) Altera a Lei n\u00ba 14.133, de 1\u00ba de abril de 2021, para dispor sobre o contrato de permuta de im\u00f3vel p\u00fablico por edifica\u00e7\u00e3o a construir com libera\u00e7\u00e3o antecipada do bem, mediante garantia de conclus\u00e3o. O Congresso Nacional [&hellip;]\" \/>\n<meta property=\"og:url\" content=\"https:\/\/www.legislapp.com.br\/index.php\/avulso-inicial-pl-4315-2025-camara\/\" \/>\n<meta property=\"og:site_name\" content=\"Legislapp\" \/>\n<meta property=\"article:publisher\" content=\"https:\/\/www.instagram.com\/legislapp\/\" \/>\n<meta property=\"og:image\" content=\"https:\/\/www.legislapp.com.br\/wp-content\/uploads\/2021\/07\/Logo-Legislapp-1-03-1.png\" \/>\n<meta name=\"twitter:card\" content=\"summary_large_image\" \/>\n<meta name=\"twitter:label1\" content=\"Est. tempo de leitura\" \/>\n\t<meta name=\"twitter:data1\" content=\"8 minutos\" \/>\n<script type=\"application\/ld+json\" class=\"yoast-schema-graph\">{\"@context\":\"https:\/\/schema.org\",\"@graph\":[{\"@type\":\"WebPage\",\"@id\":\"https:\/\/www.legislapp.com.br\/index.php\/avulso-inicial-pl-4315-2025-camara\/\",\"url\":\"https:\/\/www.legislapp.com.br\/index.php\/avulso-inicial-pl-4315-2025-camara\/\",\"name\":\"Avulso Inicial - PL 4315\/2025 - C\u00e2mara - Legislapp\",\"isPartOf\":{\"@id\":\"https:\/\/www.legislapp.com.br\/#website\"},\"primaryImageOfPage\":{\"@id\":\"https:\/\/www.legislapp.com.br\/index.php\/avulso-inicial-pl-4315-2025-camara\/#primaryimage\"},\"image\":{\"@id\":\"https:\/\/www.legislapp.com.br\/index.php\/avulso-inicial-pl-4315-2025-camara\/#primaryimage\"},\"thumbnailUrl\":\"https:\/\/www.legislapp.com.br\/wp-content\/uploads\/2021\/07\/Logo-Legislapp-1-03-1.png\",\"datePublished\":\"2025-12-01T14:28:04+00:00\",\"breadcrumb\":{\"@id\":\"https:\/\/www.legislapp.com.br\/index.php\/avulso-inicial-pl-4315-2025-camara\/#breadcrumb\"},\"inLanguage\":\"pt-BR\",\"potentialAction\":[{\"@type\":\"ReadAction\",\"target\":[\"https:\/\/www.legislapp.com.br\/index.php\/avulso-inicial-pl-4315-2025-camara\/\"]}]},{\"@type\":\"ImageObject\",\"inLanguage\":\"pt-BR\",\"@id\":\"https:\/\/www.legislapp.com.br\/index.php\/avulso-inicial-pl-4315-2025-camara\/#primaryimage\",\"url\":\"https:\/\/www.legislapp.com.br\/wp-content\/uploads\/2021\/07\/Logo-Legislapp-1-03-1.png\",\"contentUrl\":\"https:\/\/www.legislapp.com.br\/wp-content\/uploads\/2021\/07\/Logo-Legislapp-1-03-1.png\",\"width\":2679,\"height\":2697},{\"@type\":\"BreadcrumbList\",\"@id\":\"https:\/\/www.legislapp.com.br\/index.php\/avulso-inicial-pl-4315-2025-camara\/#breadcrumb\",\"itemListElement\":[{\"@type\":\"ListItem\",\"position\":1,\"name\":\"In\u00edcio\",\"item\":\"https:\/\/www.legislapp.com.br\/\"},{\"@type\":\"ListItem\",\"position\":2,\"name\":\"Avulso Inicial &#8211; PL 4315\/2025 &#8211; C\u00e2mara\"}]},{\"@type\":\"WebSite\",\"@id\":\"https:\/\/www.legislapp.com.br\/#website\",\"url\":\"https:\/\/www.legislapp.com.br\/\",\"name\":\"Legislapp\",\"description\":\"Intelig\u00eancia governamental em tempo real\",\"publisher\":{\"@id\":\"https:\/\/www.legislapp.com.br\/#organization\"},\"potentialAction\":[{\"@type\":\"SearchAction\",\"target\":{\"@type\":\"EntryPoint\",\"urlTemplate\":\"https:\/\/www.legislapp.com.br\/?s={search_term_string}\"},\"query-input\":{\"@type\":\"PropertyValueSpecification\",\"valueRequired\":true,\"valueName\":\"search_term_string\"}}],\"inLanguage\":\"pt-BR\"},{\"@type\":\"Organization\",\"@id\":\"https:\/\/www.legislapp.com.br\/#organization\",\"name\":\"Legislapp Monitoramento e Intelig\u00eancia Governamental\",\"url\":\"https:\/\/www.legislapp.com.br\/\",\"logo\":{\"@type\":\"ImageObject\",\"inLanguage\":\"pt-BR\",\"@id\":\"https:\/\/www.legislapp.com.br\/#\/schema\/logo\/image\/\",\"url\":\"https:\/\/www.legislapp.com.br\/wp-content\/uploads\/icon.png\",\"contentUrl\":\"https:\/\/www.legislapp.com.br\/wp-content\/uploads\/icon.png\",\"width\":1024,\"height\":1024,\"caption\":\"Legislapp Monitoramento e Intelig\u00eancia Governamental\"},\"image\":{\"@id\":\"https:\/\/www.legislapp.com.br\/#\/schema\/logo\/image\/\"},\"sameAs\":[\"https:\/\/www.instagram.com\/legislapp\/\"]}]}<\/script>\n<!-- \/ Yoast SEO plugin. -->","yoast_head_json":{"title":"Avulso Inicial - PL 4315\/2025 - C\u00e2mara - Legislapp","robots":{"index":"index","follow":"follow","max-snippet":"max-snippet:-1","max-image-preview":"max-image-preview:large","max-video-preview":"max-video-preview:-1"},"canonical":"https:\/\/www.legislapp.com.br\/index.php\/avulso-inicial-pl-4315-2025-camara\/","og_locale":"pt_BR","og_type":"article","og_title":"Avulso Inicial - PL 4315\/2025 - C\u00e2mara - Legislapp","og_description":"Avulso Inicial &#8211; Autoria de Augusto Coutinho PROJETO DE LEI N\u00ba , DE 2025 (Do Sr. AUGUSTO COUTINHO) Altera a Lei n\u00ba 14.133, de 1\u00ba de abril de 2021, para dispor sobre o contrato de permuta de im\u00f3vel p\u00fablico por edifica\u00e7\u00e3o a construir com libera\u00e7\u00e3o antecipada do bem, mediante garantia de conclus\u00e3o. O Congresso Nacional [&hellip;]","og_url":"https:\/\/www.legislapp.com.br\/index.php\/avulso-inicial-pl-4315-2025-camara\/","og_site_name":"Legislapp","article_publisher":"https:\/\/www.instagram.com\/legislapp\/","og_image":[{"url":"https:\/\/www.legislapp.com.br\/wp-content\/uploads\/2021\/07\/Logo-Legislapp-1-03-1.png","type":"","width":"","height":""}],"twitter_card":"summary_large_image","twitter_misc":{"Est. tempo de leitura":"8 minutos"},"schema":{"@context":"https:\/\/schema.org","@graph":[{"@type":"WebPage","@id":"https:\/\/www.legislapp.com.br\/index.php\/avulso-inicial-pl-4315-2025-camara\/","url":"https:\/\/www.legislapp.com.br\/index.php\/avulso-inicial-pl-4315-2025-camara\/","name":"Avulso Inicial - PL 4315\/2025 - C\u00e2mara - Legislapp","isPartOf":{"@id":"https:\/\/www.legislapp.com.br\/#website"},"primaryImageOfPage":{"@id":"https:\/\/www.legislapp.com.br\/index.php\/avulso-inicial-pl-4315-2025-camara\/#primaryimage"},"image":{"@id":"https:\/\/www.legislapp.com.br\/index.php\/avulso-inicial-pl-4315-2025-camara\/#primaryimage"},"thumbnailUrl":"https:\/\/www.legislapp.com.br\/wp-content\/uploads\/2021\/07\/Logo-Legislapp-1-03-1.png","datePublished":"2025-12-01T14:28:04+00:00","breadcrumb":{"@id":"https:\/\/www.legislapp.com.br\/index.php\/avulso-inicial-pl-4315-2025-camara\/#breadcrumb"},"inLanguage":"pt-BR","potentialAction":[{"@type":"ReadAction","target":["https:\/\/www.legislapp.com.br\/index.php\/avulso-inicial-pl-4315-2025-camara\/"]}]},{"@type":"ImageObject","inLanguage":"pt-BR","@id":"https:\/\/www.legislapp.com.br\/index.php\/avulso-inicial-pl-4315-2025-camara\/#primaryimage","url":"https:\/\/www.legislapp.com.br\/wp-content\/uploads\/2021\/07\/Logo-Legislapp-1-03-1.png","contentUrl":"https:\/\/www.legislapp.com.br\/wp-content\/uploads\/2021\/07\/Logo-Legislapp-1-03-1.png","width":2679,"height":2697},{"@type":"BreadcrumbList","@id":"https:\/\/www.legislapp.com.br\/index.php\/avulso-inicial-pl-4315-2025-camara\/#breadcrumb","itemListElement":[{"@type":"ListItem","position":1,"name":"In\u00edcio","item":"https:\/\/www.legislapp.com.br\/"},{"@type":"ListItem","position":2,"name":"Avulso Inicial &#8211; PL 4315\/2025 &#8211; C\u00e2mara"}]},{"@type":"WebSite","@id":"https:\/\/www.legislapp.com.br\/#website","url":"https:\/\/www.legislapp.com.br\/","name":"Legislapp","description":"Intelig\u00eancia governamental em tempo real","publisher":{"@id":"https:\/\/www.legislapp.com.br\/#organization"},"potentialAction":[{"@type":"SearchAction","target":{"@type":"EntryPoint","urlTemplate":"https:\/\/www.legislapp.com.br\/?s={search_term_string}"},"query-input":{"@type":"PropertyValueSpecification","valueRequired":true,"valueName":"search_term_string"}}],"inLanguage":"pt-BR"},{"@type":"Organization","@id":"https:\/\/www.legislapp.com.br\/#organization","name":"Legislapp Monitoramento e Intelig\u00eancia Governamental","url":"https:\/\/www.legislapp.com.br\/","logo":{"@type":"ImageObject","inLanguage":"pt-BR","@id":"https:\/\/www.legislapp.com.br\/#\/schema\/logo\/image\/","url":"https:\/\/www.legislapp.com.br\/wp-content\/uploads\/icon.png","contentUrl":"https:\/\/www.legislapp.com.br\/wp-content\/uploads\/icon.png","width":1024,"height":1024,"caption":"Legislapp Monitoramento e Intelig\u00eancia Governamental"},"image":{"@id":"https:\/\/www.legislapp.com.br\/#\/schema\/logo\/image\/"},"sameAs":["https:\/\/www.instagram.com\/legislapp\/"]}]}},"_links":{"self":[{"href":"https:\/\/www.legislapp.com.br\/index.php\/wp-json\/wp\/v2\/pages\/10592","targetHints":{"allow":["GET"]}}],"collection":[{"href":"https:\/\/www.legislapp.com.br\/index.php\/wp-json\/wp\/v2\/pages"}],"about":[{"href":"https:\/\/www.legislapp.com.br\/index.php\/wp-json\/wp\/v2\/types\/page"}],"author":[{"embeddable":true,"href":"https:\/\/www.legislapp.com.br\/index.php\/wp-json\/wp\/v2\/users\/1"}],"replies":[{"embeddable":true,"href":"https:\/\/www.legislapp.com.br\/index.php\/wp-json\/wp\/v2\/comments?post=10592"}],"version-history":[{"count":0,"href":"https:\/\/www.legislapp.com.br\/index.php\/wp-json\/wp\/v2\/pages\/10592\/revisions"}],"wp:attachment":[{"href":"https:\/\/www.legislapp.com.br\/index.php\/wp-json\/wp\/v2\/media?parent=10592"}],"curies":[{"name":"wp","href":"https:\/\/api.w.org\/{rel}","templated":true}]}}