{"id":10595,"date":"2025-12-01T11:28:12","date_gmt":"2025-12-01T14:28:12","guid":{"rendered":"https:\/\/www.legislapp.com.br\/index.php\/avulso-inicial-pl-4221-2025-camara\/"},"modified":"2025-12-01T11:28:12","modified_gmt":"2025-12-01T14:28:12","slug":"avulso-inicial-pl-4221-2025-camara","status":"publish","type":"page","link":"https:\/\/www.legislapp.com.br\/index.php\/avulso-inicial-pl-4221-2025-camara\/","title":{"rendered":"Avulso Inicial &#8211; PL 4221\/2025 &#8211; C\u00e2mara"},"content":{"rendered":"<h1 style='text-align: center;'>Avulso Inicial &#8211; Autoria de Capit\u00e3o Alberto Neto<\/h3>\n<p><\/p>\n<article>C\u00e2mara dos Deputados<br \/>\nGabinete do Deputado Capit\u00e3o Alberto Neto<br \/>\nPROJETO DE LEI N\u00ba          , DE 2025<br \/>\n(Do Sr. CAPIT\u00c3O ALBERTO NETO)<br \/>\nAltera a Lei n\u00ba 7.116, de 29 de agosto<br \/>\nde 1983, de forma a dispor sobre a<br \/>\nobrigatoriedade de inser\u00e7\u00e3o do tipo<br \/>\nsangu\u00edneo do titular na Carteira de<br \/>\nIdentidade.<br \/>\nO Congresso Nacional decreta:<br \/>\nArt. 1\u00ba A Lei n\u00ba 7.116, de 29 de agosto de 1983, passa a vigorar acrescida do<br \/>\nseguinte artigo 3\u00ba-A:<br \/>\n\u201cArt. 3\u00ba-A A Carteira de Identidade emitida pelos \u00f3rg\u00e3os<br \/>\nde identifica\u00e7\u00e3o civil da Uni\u00e3o, dos Estados e do Distrito<br \/>\nFederal conter\u00e1, obrigatoriamente, a informa\u00e7\u00e3o relativa ao tipo<br \/>\nsangu\u00edneo e ao fator Rh do titular.<br \/>\n\u00a7 1\u00ba A inclus\u00e3o da informa\u00e7\u00e3o referida no caput ser\u00e1<br \/>\nfeita mediante apresenta\u00e7\u00e3o de exame laboratorial<br \/>\ncomprobat\u00f3rio, realizado por institui\u00e7\u00e3o ou laborat\u00f3rio<br \/>\ndevidamente habilitado.<br \/>\n\u00a7 2\u00ba O \u00f3rg\u00e3o emissor da Carteira de Identidade ficar\u00e1<br \/>\nrespons\u00e1vel por inserir a informa\u00e7\u00e3o fornecida no campo<br \/>\npr\u00f3prio do documento, observadas as normas de padroniza\u00e7\u00e3o<br \/>\nnacional.<br \/>\n\u00a7 3\u00ba A obrigatoriedade prevista neste artigo aplica-se a<br \/>\ntodas as novas emiss\u00f5es e segundas vias da Carteira de<br \/>\nIdentidade expedidas a partir da vig\u00eancia desta Lei, sendo<br \/>\nfacultada ao cidad\u00e3o a atualiza\u00e7\u00e3o de documento j\u00e1 emitido.\u201d<br \/>\nPara verificar a assinatura, acesse https:\/\/infoleg-autenticidade-assinatura.camara.leg.br\/CD254712089800<br \/>\nAssinado eletronicamente pelo(a) Dep. Capit\u00e3o Alberto Neto<br \/>\nApresenta\u00e7\u00e3o: 26\/08\/2025 17:18:44.170 &#8211; Mesa<br \/>\n*CD254712089800* PL n.4221\/2025<br \/>Art. 2\u00ba Esta Lei entra em vigor 120 (cento e vinte) dias<br \/>\nap\u00f3s a sua publica\u00e7\u00e3o.<br \/>\nJUSTIFICA\u00c7\u00c3O<br \/>\nO presente Projeto de Lei tem por objetivo incluir, de forma<br \/>\nobrigat\u00f3ria, a informa\u00e7\u00e3o sobre o tipo sangu\u00edneo do titular nos documentos de<br \/>\nidentidade civil emitidos no territ\u00f3rio nacional, em especial na Carteira de<br \/>\nIdentidade (RG).<br \/>\nA medida tem como fundamento principal a prote\u00e7\u00e3o \u00e0 vida e \u00e0<br \/>\nsa\u00fade dos cidad\u00e3os, especialmente em situa\u00e7\u00f5es emergenciais em que o<br \/>\nindiv\u00edduo esteja impossibilitado de se comunicar. Em acidentes graves,<br \/>\ncat\u00e1strofes, desastres naturais ou epis\u00f3dios de atendimento de urg\u00eancia, o<br \/>\nr\u00e1pido acesso \u00e0 informa\u00e7\u00e3o sobre o tipo sangu\u00edneo pode salvar vidas, ao<br \/>\npossibilitar a imediata ado\u00e7\u00e3o de procedimentos m\u00e9dicos, inclusive a<br \/>\nrealiza\u00e7\u00e3o de transfus\u00f5es.<br \/>\nEmbora os exames laboratoriais possam confirmar a tipagem<br \/>\nsangu\u00ednea, este processo demanda tempo e estrutura que, em momentos<br \/>\ncr\u00edticos, pode n\u00e3o estar dispon\u00edvel ou n\u00e3o ser compat\u00edvel com a urg\u00eancia do<br \/>\natendimento. A presen\u00e7a do dado no documento de identifica\u00e7\u00e3o, de ampla<br \/>\naceita\u00e7\u00e3o e uso cotidiano, acelera o atendimento m\u00e9dico-hospitalar e reduz os<br \/>\nriscos \u00e0 integridade f\u00edsica do paciente.<br \/>\nDo ponto de vista da cidadania, a medida n\u00e3o representa<br \/>\nqualquer viola\u00e7\u00e3o \u00e0 intimidade ou privacidade do titular, pois trata-se de dado<br \/>\nobjetivo, amplamente utilizado em exames de rotina, sem car\u00e1ter sens\u00edvel<br \/>\nquanto \u00e0 vida privada do indiv\u00edduo, diferentemente de outros dados m\u00e9dicos.<br \/>\nAl\u00e9m disso, o Projeto de Lei n\u00e3o gera \u00f4nus relevante ao<br \/>\nEstado, j\u00e1 que a inclus\u00e3o da informa\u00e7\u00e3o poder\u00e1 ser feita de forma integrada no<br \/>\nprocesso de emiss\u00e3o da carteira de identidade, mediante simples apresenta\u00e7\u00e3o<br \/>\nde exame laboratorial pelo cidad\u00e3o no ato do registro.<br \/>\nEm s\u00edntese, a proposta atende ao interesse p\u00fablico prim\u00e1rio de<br \/>\npreserva\u00e7\u00e3o da vida, fortalecendo os mecanismos de prote\u00e7\u00e3o da sa\u00fade da<br \/>\npopula\u00e7\u00e3o e oferecendo maior seguran\u00e7a aos brasileiros em situa\u00e7\u00f5es de<br \/>\nemerg\u00eancia.<br \/>\nPara verificar a assinatura, acesse https:\/\/infoleg-autenticidade-assinatura.camara.leg.br\/CD254712089800<br \/>\nAssinado eletronicamente pelo(a) Dep. Capit\u00e3o Alberto Neto<br \/>\nApresenta\u00e7\u00e3o: 26\/08\/2025 17:18:44.170 &#8211; Mesa<br \/>\n*CD254712089800* PL n.4221\/2025<br \/>Por essas raz\u00f5es, submetemos o presente Projeto \u00e0<br \/>\nconsidera\u00e7\u00e3o dos nobres Pares, certos de que sua aprova\u00e7\u00e3o representar\u00e1<br \/>\nimportante avan\u00e7o em mat\u00e9ria de sa\u00fade p\u00fablica e de cidadania.<br \/>\nSala das Sess\u00f5es, em 26 de agosto de 2025.<br \/>\nDeputado CAPIT\u00c3O ALBERTO NETO<br \/>\nPara verificar a assinatura, acesse https:\/\/infoleg-autenticidade-assinatura.camara.leg.br\/CD254712089800<br \/>\nAssinado eletronicamente pelo(a) Dep. Capit\u00e3o Alberto Neto<br \/>\nApresenta\u00e7\u00e3o: 26\/08\/2025 17:18:44.170 &#8211; Mesa<br \/>\n*CD254712089800* PL n.4221\/2025<\/article>\n<p><a href='https:\/\/app.legislapp.com.br\/#\/busca?termo='><\/a><\/p>\n<div style=\"text-align: center\">\n      <img decoding=\"async\" style=\"width: 14%;\" src=\"https:\/\/www.legislapp.com.br\/wp-content\/uploads\/2021\/07\/Logo-Legislapp-1-03-1.png\"><br \/>\n      <\/p>\n<div style=\"margin-bottom: 20px;\" class=\"et_pb_button_module_wrapper et_pb_button_5_tb_body_wrapper et_pb_button_alignment_center et_pb_module \">\n         <a class=\"et_pb_button et_pb_button_5_tb_body et_hover_enabled et_pb_bg_layout_dark\" style=\"width: 50%;background-color: black;\" href=\"https:\/\/app.legislapp.com.br\" target=\"_blank\" rel=\"noopener\">Visualizar completo na nossa plataforma (30 dias gr\u00e1tis)<\/a><\/p><\/div>\n<p>      <a href=\"https:\/\/play.google.com\/store\/apps\/details?id=br.com.legislapp\"><img decoding=\"async\" style=\"width: 15%; min-width: 130px;\" src=\"https:\/\/www.legislapp.com.br\/wp-content\/uploads\/google-play.png\"><\/a><br \/>\n      <a href=\"https:\/\/apps.apple.com\/us\/app\/legislapp\/id1568929859\"><img decoding=\"async\" style=\"width: 15%; min-width: 130px\" src=\"https:\/\/www.legislapp.com.br\/wp-content\/uploads\/apple-store.png\"><\/a>\n   <\/div>\n","protected":false},"excerpt":{"rendered":"<p>Avulso Inicial &#8211; Autoria de Capit\u00e3o Alberto Neto C\u00e2mara dos Deputados Gabinete do Deputado Capit\u00e3o Alberto Neto PROJETO DE LEI N\u00ba , DE 2025 (Do Sr. CAPIT\u00c3O ALBERTO NETO) Altera a Lei n\u00ba 7.116, de 29 de agosto de 1983, de forma a dispor sobre a obrigatoriedade de inser\u00e7\u00e3o do tipo sangu\u00edneo do titular na [&hellip;]<\/p>\n","protected":false},"author":1,"featured_media":0,"parent":0,"menu_order":0,"comment_status":"closed","ping_status":"closed","template":"page-template-blank.php","meta":{"_et_pb_use_builder":"","_et_pb_old_content":"","_et_gb_content_width":"1080","ngg_post_thumbnail":0,"footnotes":""},"class_list":["post-10595","page","type-page","status-publish","hentry"],"yoast_head":"<!-- This site is optimized with the Yoast SEO plugin v24.4 - https:\/\/yoast.com\/wordpress\/plugins\/seo\/ -->\n<title>Avulso Inicial - PL 4221\/2025 - C\u00e2mara - Legislapp<\/title>\n<meta name=\"robots\" content=\"index, follow, max-snippet:-1, max-image-preview:large, max-video-preview:-1\" \/>\n<link rel=\"canonical\" href=\"https:\/\/www.legislapp.com.br\/index.php\/avulso-inicial-pl-4221-2025-camara\/\" \/>\n<meta property=\"og:locale\" content=\"pt_BR\" \/>\n<meta property=\"og:type\" content=\"article\" \/>\n<meta property=\"og:title\" content=\"Avulso Inicial - PL 4221\/2025 - C\u00e2mara - Legislapp\" \/>\n<meta property=\"og:description\" content=\"Avulso Inicial &#8211; Autoria de Capit\u00e3o Alberto Neto C\u00e2mara dos Deputados Gabinete do Deputado Capit\u00e3o Alberto Neto PROJETO DE LEI N\u00ba , DE 2025 (Do Sr. CAPIT\u00c3O ALBERTO NETO) Altera a Lei n\u00ba 7.116, de 29 de agosto de 1983, de forma a dispor sobre a obrigatoriedade de inser\u00e7\u00e3o do tipo sangu\u00edneo do titular na [&hellip;]\" \/>\n<meta property=\"og:url\" content=\"https:\/\/www.legislapp.com.br\/index.php\/avulso-inicial-pl-4221-2025-camara\/\" \/>\n<meta property=\"og:site_name\" content=\"Legislapp\" \/>\n<meta property=\"article:publisher\" content=\"https:\/\/www.instagram.com\/legislapp\/\" \/>\n<meta property=\"og:image\" content=\"https:\/\/www.legislapp.com.br\/wp-content\/uploads\/2021\/07\/Logo-Legislapp-1-03-1.png\" \/>\n<meta name=\"twitter:card\" content=\"summary_large_image\" \/>\n<meta name=\"twitter:label1\" content=\"Est. tempo de leitura\" \/>\n\t<meta name=\"twitter:data1\" content=\"3 minutos\" \/>\n<script type=\"application\/ld+json\" class=\"yoast-schema-graph\">{\"@context\":\"https:\/\/schema.org\",\"@graph\":[{\"@type\":\"WebPage\",\"@id\":\"https:\/\/www.legislapp.com.br\/index.php\/avulso-inicial-pl-4221-2025-camara\/\",\"url\":\"https:\/\/www.legislapp.com.br\/index.php\/avulso-inicial-pl-4221-2025-camara\/\",\"name\":\"Avulso Inicial - PL 4221\/2025 - C\u00e2mara - Legislapp\",\"isPartOf\":{\"@id\":\"https:\/\/www.legislapp.com.br\/#website\"},\"primaryImageOfPage\":{\"@id\":\"https:\/\/www.legislapp.com.br\/index.php\/avulso-inicial-pl-4221-2025-camara\/#primaryimage\"},\"image\":{\"@id\":\"https:\/\/www.legislapp.com.br\/index.php\/avulso-inicial-pl-4221-2025-camara\/#primaryimage\"},\"thumbnailUrl\":\"https:\/\/www.legislapp.com.br\/wp-content\/uploads\/2021\/07\/Logo-Legislapp-1-03-1.png\",\"datePublished\":\"2025-12-01T14:28:12+00:00\",\"breadcrumb\":{\"@id\":\"https:\/\/www.legislapp.com.br\/index.php\/avulso-inicial-pl-4221-2025-camara\/#breadcrumb\"},\"inLanguage\":\"pt-BR\",\"potentialAction\":[{\"@type\":\"ReadAction\",\"target\":[\"https:\/\/www.legislapp.com.br\/index.php\/avulso-inicial-pl-4221-2025-camara\/\"]}]},{\"@type\":\"ImageObject\",\"inLanguage\":\"pt-BR\",\"@id\":\"https:\/\/www.legislapp.com.br\/index.php\/avulso-inicial-pl-4221-2025-camara\/#primaryimage\",\"url\":\"https:\/\/www.legislapp.com.br\/wp-content\/uploads\/2021\/07\/Logo-Legislapp-1-03-1.png\",\"contentUrl\":\"https:\/\/www.legislapp.com.br\/wp-content\/uploads\/2021\/07\/Logo-Legislapp-1-03-1.png\",\"width\":2679,\"height\":2697},{\"@type\":\"BreadcrumbList\",\"@id\":\"https:\/\/www.legislapp.com.br\/index.php\/avulso-inicial-pl-4221-2025-camara\/#breadcrumb\",\"itemListElement\":[{\"@type\":\"ListItem\",\"position\":1,\"name\":\"In\u00edcio\",\"item\":\"https:\/\/www.legislapp.com.br\/\"},{\"@type\":\"ListItem\",\"position\":2,\"name\":\"Avulso Inicial &#8211; PL 4221\/2025 &#8211; C\u00e2mara\"}]},{\"@type\":\"WebSite\",\"@id\":\"https:\/\/www.legislapp.com.br\/#website\",\"url\":\"https:\/\/www.legislapp.com.br\/\",\"name\":\"Legislapp\",\"description\":\"Intelig\u00eancia governamental em tempo real\",\"publisher\":{\"@id\":\"https:\/\/www.legislapp.com.br\/#organization\"},\"potentialAction\":[{\"@type\":\"SearchAction\",\"target\":{\"@type\":\"EntryPoint\",\"urlTemplate\":\"https:\/\/www.legislapp.com.br\/?s={search_term_string}\"},\"query-input\":{\"@type\":\"PropertyValueSpecification\",\"valueRequired\":true,\"valueName\":\"search_term_string\"}}],\"inLanguage\":\"pt-BR\"},{\"@type\":\"Organization\",\"@id\":\"https:\/\/www.legislapp.com.br\/#organization\",\"name\":\"Legislapp Monitoramento e Intelig\u00eancia Governamental\",\"url\":\"https:\/\/www.legislapp.com.br\/\",\"logo\":{\"@type\":\"ImageObject\",\"inLanguage\":\"pt-BR\",\"@id\":\"https:\/\/www.legislapp.com.br\/#\/schema\/logo\/image\/\",\"url\":\"https:\/\/www.legislapp.com.br\/wp-content\/uploads\/icon.png\",\"contentUrl\":\"https:\/\/www.legislapp.com.br\/wp-content\/uploads\/icon.png\",\"width\":1024,\"height\":1024,\"caption\":\"Legislapp Monitoramento e Intelig\u00eancia Governamental\"},\"image\":{\"@id\":\"https:\/\/www.legislapp.com.br\/#\/schema\/logo\/image\/\"},\"sameAs\":[\"https:\/\/www.instagram.com\/legislapp\/\"]}]}<\/script>\n<!-- \/ Yoast SEO plugin. -->","yoast_head_json":{"title":"Avulso Inicial - PL 4221\/2025 - C\u00e2mara - Legislapp","robots":{"index":"index","follow":"follow","max-snippet":"max-snippet:-1","max-image-preview":"max-image-preview:large","max-video-preview":"max-video-preview:-1"},"canonical":"https:\/\/www.legislapp.com.br\/index.php\/avulso-inicial-pl-4221-2025-camara\/","og_locale":"pt_BR","og_type":"article","og_title":"Avulso Inicial - PL 4221\/2025 - C\u00e2mara - Legislapp","og_description":"Avulso Inicial &#8211; Autoria de Capit\u00e3o Alberto Neto C\u00e2mara dos Deputados Gabinete do Deputado Capit\u00e3o Alberto Neto PROJETO DE LEI N\u00ba , DE 2025 (Do Sr. CAPIT\u00c3O ALBERTO NETO) Altera a Lei n\u00ba 7.116, de 29 de agosto de 1983, de forma a dispor sobre a obrigatoriedade de inser\u00e7\u00e3o do tipo sangu\u00edneo do titular na [&hellip;]","og_url":"https:\/\/www.legislapp.com.br\/index.php\/avulso-inicial-pl-4221-2025-camara\/","og_site_name":"Legislapp","article_publisher":"https:\/\/www.instagram.com\/legislapp\/","og_image":[{"url":"https:\/\/www.legislapp.com.br\/wp-content\/uploads\/2021\/07\/Logo-Legislapp-1-03-1.png","type":"","width":"","height":""}],"twitter_card":"summary_large_image","twitter_misc":{"Est. tempo de leitura":"3 minutos"},"schema":{"@context":"https:\/\/schema.org","@graph":[{"@type":"WebPage","@id":"https:\/\/www.legislapp.com.br\/index.php\/avulso-inicial-pl-4221-2025-camara\/","url":"https:\/\/www.legislapp.com.br\/index.php\/avulso-inicial-pl-4221-2025-camara\/","name":"Avulso Inicial - PL 4221\/2025 - C\u00e2mara - Legislapp","isPartOf":{"@id":"https:\/\/www.legislapp.com.br\/#website"},"primaryImageOfPage":{"@id":"https:\/\/www.legislapp.com.br\/index.php\/avulso-inicial-pl-4221-2025-camara\/#primaryimage"},"image":{"@id":"https:\/\/www.legislapp.com.br\/index.php\/avulso-inicial-pl-4221-2025-camara\/#primaryimage"},"thumbnailUrl":"https:\/\/www.legislapp.com.br\/wp-content\/uploads\/2021\/07\/Logo-Legislapp-1-03-1.png","datePublished":"2025-12-01T14:28:12+00:00","breadcrumb":{"@id":"https:\/\/www.legislapp.com.br\/index.php\/avulso-inicial-pl-4221-2025-camara\/#breadcrumb"},"inLanguage":"pt-BR","potentialAction":[{"@type":"ReadAction","target":["https:\/\/www.legislapp.com.br\/index.php\/avulso-inicial-pl-4221-2025-camara\/"]}]},{"@type":"ImageObject","inLanguage":"pt-BR","@id":"https:\/\/www.legislapp.com.br\/index.php\/avulso-inicial-pl-4221-2025-camara\/#primaryimage","url":"https:\/\/www.legislapp.com.br\/wp-content\/uploads\/2021\/07\/Logo-Legislapp-1-03-1.png","contentUrl":"https:\/\/www.legislapp.com.br\/wp-content\/uploads\/2021\/07\/Logo-Legislapp-1-03-1.png","width":2679,"height":2697},{"@type":"BreadcrumbList","@id":"https:\/\/www.legislapp.com.br\/index.php\/avulso-inicial-pl-4221-2025-camara\/#breadcrumb","itemListElement":[{"@type":"ListItem","position":1,"name":"In\u00edcio","item":"https:\/\/www.legislapp.com.br\/"},{"@type":"ListItem","position":2,"name":"Avulso Inicial &#8211; PL 4221\/2025 &#8211; C\u00e2mara"}]},{"@type":"WebSite","@id":"https:\/\/www.legislapp.com.br\/#website","url":"https:\/\/www.legislapp.com.br\/","name":"Legislapp","description":"Intelig\u00eancia governamental em tempo real","publisher":{"@id":"https:\/\/www.legislapp.com.br\/#organization"},"potentialAction":[{"@type":"SearchAction","target":{"@type":"EntryPoint","urlTemplate":"https:\/\/www.legislapp.com.br\/?s={search_term_string}"},"query-input":{"@type":"PropertyValueSpecification","valueRequired":true,"valueName":"search_term_string"}}],"inLanguage":"pt-BR"},{"@type":"Organization","@id":"https:\/\/www.legislapp.com.br\/#organization","name":"Legislapp Monitoramento e Intelig\u00eancia Governamental","url":"https:\/\/www.legislapp.com.br\/","logo":{"@type":"ImageObject","inLanguage":"pt-BR","@id":"https:\/\/www.legislapp.com.br\/#\/schema\/logo\/image\/","url":"https:\/\/www.legislapp.com.br\/wp-content\/uploads\/icon.png","contentUrl":"https:\/\/www.legislapp.com.br\/wp-content\/uploads\/icon.png","width":1024,"height":1024,"caption":"Legislapp Monitoramento e Intelig\u00eancia Governamental"},"image":{"@id":"https:\/\/www.legislapp.com.br\/#\/schema\/logo\/image\/"},"sameAs":["https:\/\/www.instagram.com\/legislapp\/"]}]}},"_links":{"self":[{"href":"https:\/\/www.legislapp.com.br\/index.php\/wp-json\/wp\/v2\/pages\/10595","targetHints":{"allow":["GET"]}}],"collection":[{"href":"https:\/\/www.legislapp.com.br\/index.php\/wp-json\/wp\/v2\/pages"}],"about":[{"href":"https:\/\/www.legislapp.com.br\/index.php\/wp-json\/wp\/v2\/types\/page"}],"author":[{"embeddable":true,"href":"https:\/\/www.legislapp.com.br\/index.php\/wp-json\/wp\/v2\/users\/1"}],"replies":[{"embeddable":true,"href":"https:\/\/www.legislapp.com.br\/index.php\/wp-json\/wp\/v2\/comments?post=10595"}],"version-history":[{"count":0,"href":"https:\/\/www.legislapp.com.br\/index.php\/wp-json\/wp\/v2\/pages\/10595\/revisions"}],"wp:attachment":[{"href":"https:\/\/www.legislapp.com.br\/index.php\/wp-json\/wp\/v2\/media?parent=10595"}],"curies":[{"name":"wp","href":"https:\/\/api.w.org\/{rel}","templated":true}]}}