{"id":10617,"date":"2025-12-01T11:29:35","date_gmt":"2025-12-01T14:29:35","guid":{"rendered":"https:\/\/www.legislapp.com.br\/index.php\/avulso-inicial-pl-3409-2025-camara\/"},"modified":"2025-12-01T11:29:35","modified_gmt":"2025-12-01T14:29:35","slug":"avulso-inicial-pl-3409-2025-camara","status":"publish","type":"page","link":"https:\/\/www.legislapp.com.br\/index.php\/avulso-inicial-pl-3409-2025-camara\/","title":{"rendered":"Avulso Inicial &#8211; PL 3409\/2025 &#8211; C\u00e2mara"},"content":{"rendered":"<h1 style='text-align: center;'>Avulso Inicial &#8211; Autoria de Merlong Solano<\/h3>\n<p><\/p>\n<article>PROJETO DE LEI N\u00ba          , DE 2025<br \/>\n(Do Sr. MERLONG SOLANO)<br \/>\nAcrescenta o inciso XV ao art. 39 da<br \/>\nLei n\u00ba 8.078, de 11 de setembro de 1990<br \/>\n(C\u00f3digo de Defesa do Consumidor), para<br \/>\nclassificar como pr\u00e1tica abusiva a cobran\u00e7a<br \/>\nde taxa de conveni\u00eancia por empresas que<br \/>\ncomercializam ingressos pela internet para<br \/>\nespet\u00e1culos culturais, de entretenimento e<br \/>\neventos esportivos<br \/>\nO Congresso Nacional decreta:<br \/>\nArt. 1\u00ba Esta lei altera a Lei n\u00ba 8.078, de 11 de setembro de<br \/>\n1990, para classificar como pr\u00e1tica abusiva a cobran\u00e7a de taxa de<br \/>\nconveni\u00eancia por empresas que comercializam ingressos pela internet para<br \/>\nespet\u00e1culos culturais, de entretenimento e eventos esportivos.<br \/>\nArt. 2\u00ba O art. 39 da Lei n\u00ba 8.078, de 11 de setembro de 1990,<br \/>\npassa a vigorar acrescido do seguinte inciso XV:<br \/>\n\u201cArt. 39. &#8230;&#8230;&#8230;&#8230;&#8230;&#8230;&#8230;&#8230;&#8230;&#8230;&#8230;&#8230;&#8230;&#8230;&#8230;&#8230;&#8230;&#8230;.<br \/>\n&#8230;&#8230;&#8230;&#8230;&#8230;&#8230;&#8230;&#8230;&#8230;&#8230;&#8230;&#8230;&#8230;&#8230;&#8230;&#8230;&#8230;&#8230;&#8230;&#8230;&#8230;&#8230;..<br \/>\nXV \u2013 cobrar taxa de conveni\u00eancia ou qualquer outro encargo<br \/>\nadicional na venda de ingressos pela internet ou por aplica\u00e7\u00f5es de<br \/>\ninternet para espet\u00e1culos culturais, de entretenimento ou eventos<br \/>\nesportivos.<br \/>\n&#8230;&#8230;&#8230;&#8230;&#8230;&#8230;&#8230;&#8230;&#8230;&#8230;&#8230;&#8230;&#8230;&#8230;&#8230;&#8230;&#8230;&#8230;&#8230;&#8230;&#8230; \u201c (NR)<br \/>\nArt. 3\u00ba Esta lei entra em vigor na data de sua publica\u00e7\u00e3o.<br \/>\nJUSTIFICA\u00c7\u00c3O<br \/>\nPara verificar a assinatura, acesse https:\/\/infoleg-autenticidade-assinatura.camara.leg.br\/CD255539951000<br \/>\nAssinado eletronicamente pelo(a) Dep. Merlong Solano<br \/>\nApresenta\u00e7\u00e3o: 15\/07\/2025 14:02:33.267 &#8211; Mesa<br \/>\n*CD255539951000* PL n.3409\/2025<br \/>2<br \/>\nA imposi\u00e7\u00e3o de &#8220;taxa de conveni\u00eancia&#8221; na venda de ingressos<br \/>\npela internet vem se tornando pr\u00e1tica majorit\u00e1ria nos modelos de neg\u00f3cios das<br \/>\nempresas de intermedia\u00e7\u00e3o de bilheteria. Na ampla maioria dos casos, o que<br \/>\ndeveria ser uma op\u00e7\u00e3o de comodidade para a aquisi\u00e7\u00e3o de ingressos,<br \/>\ntransformou-se em mecanismo aut\u00f4nomo de remunera\u00e7\u00e3o para os produtores<br \/>\nde eventos culturais ou esportivos.<br \/>\nPor meio da restri\u00e7\u00e3o do prazo de venda e do n\u00famero de<br \/>\npostos f\u00edsicos para compra de ingressos de forma presencial, a compra online<br \/>\ntransformou-se na \u00fanica op\u00e7\u00e3o vi\u00e1vel para a aquisi\u00e7\u00e3o de ingressos para<br \/>\neventos. Nesse quadro a chamada taxa de conveni\u00eancia perde sua condi\u00e7\u00e3o<br \/>\nde servi\u00e7o opcional e converte-se em encargo obrigat\u00f3rio o que, a nosso ver,<br \/>\nconsiste em flagrante pr\u00e1tica de venda casada.<br \/>\nA internet, por sua natureza, promove a automatiza\u00e7\u00e3o de<br \/>\nprocessos e a redu\u00e7\u00e3o de custos operacionais. Em lugar de repassar tais<br \/>\nbenef\u00edcios aos consumidores, produtores culturais se utilizam da infraestrutura<br \/>\ndigital como mecanismo para mascarar o pre\u00e7o efetivo do produto e elevar sua<br \/>\nlucratividade. Entendemos que essa pr\u00e1tica representa uma distor\u00e7\u00e3o no<br \/>\nequil\u00edbrio contratual e infringe princ\u00edpios fundamentais do C\u00f3digo de Defesa do<br \/>\nConsumidor, em especial os da boa-f\u00e9 objetiva e da transpar\u00eancia.<br \/>\nVale ressaltar que a chamada &#8220;taxa de conveni\u00eancia&#8221; \u00e9 imposta<br \/>\nmesmo quando o consumidor realiza todo o processo de compra de forma<br \/>\naut\u00f4noma. A emiss\u00e3o do ingresso eletr\u00f4nico, a sele\u00e7\u00e3o de assentos e o<br \/>\npagamento s\u00e3o realizados integralmente pelo consumidor, que, apesar disso,<br \/>\nv\u00ea-se obrigado a pagar por um &#8220;servi\u00e7o&#8221; que n\u00e3o solicitou e que,<br \/>\nverdadeiramente, sequer foi prestado.<br \/>\nEssa cobran\u00e7a compuls\u00f3ria, camuflada sob diferentes<br \/>\nnomenclaturas, cria uma vantagem econ\u00f4mica desproporcional em favor do<br \/>\nfornecedor e lesa o consumidor, particularmente quando, na pr\u00e1tica, a<br \/>\nalternativa f\u00edsica de compra inexiste ou quando o canal online \u00e9 o \u00fanico<br \/>\ndisponibilizado.<br \/>\nN\u00e3o temos d\u00favidas que referido comportamento \u00e9 ileg\u00edtimo e,<br \/>\npor esse motivo, apresentamos a presente proposi\u00e7\u00e3o para tipificar, de modo<br \/>\nPara verificar a assinatura, acesse https:\/\/infoleg-autenticidade-assinatura.camara.leg.br\/CD255539951000<br \/>\nAssinado eletronicamente pelo(a) Dep. Merlong Solano<br \/>\nApresenta\u00e7\u00e3o: 15\/07\/2025 14:02:33.267 &#8211; Mesa<br \/>\n*CD255539951000* PL n.3409\/2025<br \/>3<br \/>\nexpresso, a taxa de conveni\u00eancia como pr\u00e1tica abusiva. Contamos com o apoio<br \/>\ndos nobres parlamentares para a aprova\u00e7\u00e3o desta medida legislativa, em<br \/>\ndefesa da justi\u00e7a nas rela\u00e7\u00f5es de consumo e do acesso democr\u00e1tico \u00e0 cultura,<br \/>\nao esporte e ao lazer.<br \/>\nSala das Sess\u00f5es, em        de                     de 2025.<br \/>\nDeputado MERLONG SOLANO<br \/>\n2025-3711<br \/>\nPara verificar a assinatura, acesse https:\/\/infoleg-autenticidade-assinatura.camara.leg.br\/CD255539951000<br \/>\nAssinado eletronicamente pelo(a) Dep. Merlong Solano<br \/>\nApresenta\u00e7\u00e3o: 15\/07\/2025 14:02:33.267 &#8211; Mesa<br \/>\n*CD255539951000* PL n.3409\/2025<\/article>\n<p><a href='https:\/\/app.legislapp.com.br\/#\/busca?termo=Altera\u00e7\u00e3o'>Altera\u00e7\u00e3o<\/a>, <a href='https:\/\/app.legislapp.com.br\/#\/busca?termo=C\u00f3digo de Defesa do Consumidor (1990)'>C\u00f3digo de Defesa do Consumidor (1990)<\/a>, <a href='https:\/\/app.legislapp.com.br\/#\/busca?termo=classifica\u00e7\u00e3o'>classifica\u00e7\u00e3o<\/a>, <a href='https:\/\/app.legislapp.com.br\/#\/busca?termo=Pr\u00e1tica abusiva'>Pr\u00e1tica abusiva<\/a>, <a href='https:\/\/app.legislapp.com.br\/#\/busca?termo=Cobran\u00e7a'>Cobran\u00e7a<\/a>, <a href='https:\/\/app.legislapp.com.br\/#\/busca?termo=Taxa de conveni\u00eancia'>Taxa de conveni\u00eancia<\/a>, <a href='https:\/\/app.legislapp.com.br\/#\/busca?termo=Encargo'>Encargo<\/a>, <a href='https:\/\/app.legislapp.com.br\/#\/busca?termo=Ingresso'>Ingresso<\/a>, <a href='https:\/\/app.legislapp.com.br\/#\/busca?termo=comercializa\u00e7\u00e3o'>comercializa\u00e7\u00e3o<\/a>, <a href='https:\/\/app.legislapp.com.br\/#\/busca?termo=Internet'>Internet<\/a>, <a href='https:\/\/app.legislapp.com.br\/#\/busca?termo=Evento cultural'>Evento cultural<\/a>, <a href='https:\/\/app.legislapp.com.br\/#\/busca?termo=Espet\u00e1culo'>Espet\u00e1culo<\/a>, <a href='https:\/\/app.legislapp.com.br\/#\/busca?termo=Evento desportivo.'>Evento desportivo.<\/a><\/p>\n<div style=\"text-align: center\">\n      <img decoding=\"async\" style=\"width: 14%;\" src=\"https:\/\/www.legislapp.com.br\/wp-content\/uploads\/2021\/07\/Logo-Legislapp-1-03-1.png\"><br \/>\n      <\/p>\n<div style=\"margin-bottom: 20px;\" class=\"et_pb_button_module_wrapper et_pb_button_5_tb_body_wrapper et_pb_button_alignment_center et_pb_module \">\n         <a class=\"et_pb_button et_pb_button_5_tb_body et_hover_enabled et_pb_bg_layout_dark\" style=\"width: 50%;background-color: black;\" href=\"https:\/\/app.legislapp.com.br\" target=\"_blank\" rel=\"noopener\">Visualizar completo na nossa plataforma (30 dias gr\u00e1tis)<\/a><\/p><\/div>\n<p>      <a href=\"https:\/\/play.google.com\/store\/apps\/details?id=br.com.legislapp\"><img decoding=\"async\" style=\"width: 15%; min-width: 130px;\" src=\"https:\/\/www.legislapp.com.br\/wp-content\/uploads\/google-play.png\"><\/a><br \/>\n      <a href=\"https:\/\/apps.apple.com\/us\/app\/legislapp\/id1568929859\"><img decoding=\"async\" style=\"width: 15%; min-width: 130px\" src=\"https:\/\/www.legislapp.com.br\/wp-content\/uploads\/apple-store.png\"><\/a>\n   <\/div>\n","protected":false},"excerpt":{"rendered":"<p>Avulso Inicial &#8211; Autoria de Merlong Solano PROJETO DE LEI N\u00ba , DE 2025 (Do Sr. MERLONG SOLANO) Acrescenta o inciso XV ao art. 39 da Lei n\u00ba 8.078, de 11 de setembro de 1990 (C\u00f3digo de Defesa do Consumidor), para classificar como pr\u00e1tica abusiva a cobran\u00e7a de taxa de conveni\u00eancia por empresas que comercializam [&hellip;]<\/p>\n","protected":false},"author":1,"featured_media":0,"parent":0,"menu_order":0,"comment_status":"closed","ping_status":"closed","template":"page-template-blank.php","meta":{"_et_pb_use_builder":"","_et_pb_old_content":"","_et_gb_content_width":"1080","ngg_post_thumbnail":0,"footnotes":""},"class_list":["post-10617","page","type-page","status-publish","hentry"],"yoast_head":"<!-- This site is optimized with the Yoast SEO plugin v24.4 - https:\/\/yoast.com\/wordpress\/plugins\/seo\/ -->\n<title>Avulso Inicial - PL 3409\/2025 - C\u00e2mara - Legislapp<\/title>\n<meta name=\"robots\" content=\"index, follow, max-snippet:-1, max-image-preview:large, max-video-preview:-1\" \/>\n<link rel=\"canonical\" href=\"https:\/\/www.legislapp.com.br\/index.php\/avulso-inicial-pl-3409-2025-camara\/\" \/>\n<meta property=\"og:locale\" content=\"pt_BR\" \/>\n<meta property=\"og:type\" content=\"article\" \/>\n<meta property=\"og:title\" content=\"Avulso Inicial - PL 3409\/2025 - C\u00e2mara - Legislapp\" \/>\n<meta property=\"og:description\" content=\"Avulso Inicial &#8211; Autoria de Merlong Solano PROJETO DE LEI N\u00ba , DE 2025 (Do Sr. MERLONG SOLANO) Acrescenta o inciso XV ao art. 39 da Lei n\u00ba 8.078, de 11 de setembro de 1990 (C\u00f3digo de Defesa do Consumidor), para classificar como pr\u00e1tica abusiva a cobran\u00e7a de taxa de conveni\u00eancia por empresas que comercializam [&hellip;]\" \/>\n<meta property=\"og:url\" content=\"https:\/\/www.legislapp.com.br\/index.php\/avulso-inicial-pl-3409-2025-camara\/\" \/>\n<meta property=\"og:site_name\" content=\"Legislapp\" \/>\n<meta property=\"article:publisher\" content=\"https:\/\/www.instagram.com\/legislapp\/\" \/>\n<meta property=\"og:image\" content=\"https:\/\/www.legislapp.com.br\/wp-content\/uploads\/2021\/07\/Logo-Legislapp-1-03-1.png\" \/>\n<meta name=\"twitter:card\" content=\"summary_large_image\" \/>\n<meta name=\"twitter:label1\" content=\"Est. tempo de leitura\" \/>\n\t<meta name=\"twitter:data1\" content=\"4 minutos\" \/>\n<script type=\"application\/ld+json\" class=\"yoast-schema-graph\">{\"@context\":\"https:\/\/schema.org\",\"@graph\":[{\"@type\":\"WebPage\",\"@id\":\"https:\/\/www.legislapp.com.br\/index.php\/avulso-inicial-pl-3409-2025-camara\/\",\"url\":\"https:\/\/www.legislapp.com.br\/index.php\/avulso-inicial-pl-3409-2025-camara\/\",\"name\":\"Avulso Inicial - PL 3409\/2025 - C\u00e2mara - Legislapp\",\"isPartOf\":{\"@id\":\"https:\/\/www.legislapp.com.br\/#website\"},\"primaryImageOfPage\":{\"@id\":\"https:\/\/www.legislapp.com.br\/index.php\/avulso-inicial-pl-3409-2025-camara\/#primaryimage\"},\"image\":{\"@id\":\"https:\/\/www.legislapp.com.br\/index.php\/avulso-inicial-pl-3409-2025-camara\/#primaryimage\"},\"thumbnailUrl\":\"https:\/\/www.legislapp.com.br\/wp-content\/uploads\/2021\/07\/Logo-Legislapp-1-03-1.png\",\"datePublished\":\"2025-12-01T14:29:35+00:00\",\"breadcrumb\":{\"@id\":\"https:\/\/www.legislapp.com.br\/index.php\/avulso-inicial-pl-3409-2025-camara\/#breadcrumb\"},\"inLanguage\":\"pt-BR\",\"potentialAction\":[{\"@type\":\"ReadAction\",\"target\":[\"https:\/\/www.legislapp.com.br\/index.php\/avulso-inicial-pl-3409-2025-camara\/\"]}]},{\"@type\":\"ImageObject\",\"inLanguage\":\"pt-BR\",\"@id\":\"https:\/\/www.legislapp.com.br\/index.php\/avulso-inicial-pl-3409-2025-camara\/#primaryimage\",\"url\":\"https:\/\/www.legislapp.com.br\/wp-content\/uploads\/2021\/07\/Logo-Legislapp-1-03-1.png\",\"contentUrl\":\"https:\/\/www.legislapp.com.br\/wp-content\/uploads\/2021\/07\/Logo-Legislapp-1-03-1.png\",\"width\":2679,\"height\":2697},{\"@type\":\"BreadcrumbList\",\"@id\":\"https:\/\/www.legislapp.com.br\/index.php\/avulso-inicial-pl-3409-2025-camara\/#breadcrumb\",\"itemListElement\":[{\"@type\":\"ListItem\",\"position\":1,\"name\":\"In\u00edcio\",\"item\":\"https:\/\/www.legislapp.com.br\/\"},{\"@type\":\"ListItem\",\"position\":2,\"name\":\"Avulso Inicial &#8211; PL 3409\/2025 &#8211; C\u00e2mara\"}]},{\"@type\":\"WebSite\",\"@id\":\"https:\/\/www.legislapp.com.br\/#website\",\"url\":\"https:\/\/www.legislapp.com.br\/\",\"name\":\"Legislapp\",\"description\":\"Intelig\u00eancia governamental em tempo real\",\"publisher\":{\"@id\":\"https:\/\/www.legislapp.com.br\/#organization\"},\"potentialAction\":[{\"@type\":\"SearchAction\",\"target\":{\"@type\":\"EntryPoint\",\"urlTemplate\":\"https:\/\/www.legislapp.com.br\/?s={search_term_string}\"},\"query-input\":{\"@type\":\"PropertyValueSpecification\",\"valueRequired\":true,\"valueName\":\"search_term_string\"}}],\"inLanguage\":\"pt-BR\"},{\"@type\":\"Organization\",\"@id\":\"https:\/\/www.legislapp.com.br\/#organization\",\"name\":\"Legislapp Monitoramento e Intelig\u00eancia Governamental\",\"url\":\"https:\/\/www.legislapp.com.br\/\",\"logo\":{\"@type\":\"ImageObject\",\"inLanguage\":\"pt-BR\",\"@id\":\"https:\/\/www.legislapp.com.br\/#\/schema\/logo\/image\/\",\"url\":\"https:\/\/www.legislapp.com.br\/wp-content\/uploads\/icon.png\",\"contentUrl\":\"https:\/\/www.legislapp.com.br\/wp-content\/uploads\/icon.png\",\"width\":1024,\"height\":1024,\"caption\":\"Legislapp Monitoramento e Intelig\u00eancia Governamental\"},\"image\":{\"@id\":\"https:\/\/www.legislapp.com.br\/#\/schema\/logo\/image\/\"},\"sameAs\":[\"https:\/\/www.instagram.com\/legislapp\/\"]}]}<\/script>\n<!-- \/ Yoast SEO plugin. -->","yoast_head_json":{"title":"Avulso Inicial - PL 3409\/2025 - C\u00e2mara - Legislapp","robots":{"index":"index","follow":"follow","max-snippet":"max-snippet:-1","max-image-preview":"max-image-preview:large","max-video-preview":"max-video-preview:-1"},"canonical":"https:\/\/www.legislapp.com.br\/index.php\/avulso-inicial-pl-3409-2025-camara\/","og_locale":"pt_BR","og_type":"article","og_title":"Avulso Inicial - PL 3409\/2025 - C\u00e2mara - Legislapp","og_description":"Avulso Inicial &#8211; Autoria de Merlong Solano PROJETO DE LEI N\u00ba , DE 2025 (Do Sr. MERLONG SOLANO) Acrescenta o inciso XV ao art. 39 da Lei n\u00ba 8.078, de 11 de setembro de 1990 (C\u00f3digo de Defesa do Consumidor), para classificar como pr\u00e1tica abusiva a cobran\u00e7a de taxa de conveni\u00eancia por empresas que comercializam [&hellip;]","og_url":"https:\/\/www.legislapp.com.br\/index.php\/avulso-inicial-pl-3409-2025-camara\/","og_site_name":"Legislapp","article_publisher":"https:\/\/www.instagram.com\/legislapp\/","og_image":[{"url":"https:\/\/www.legislapp.com.br\/wp-content\/uploads\/2021\/07\/Logo-Legislapp-1-03-1.png","type":"","width":"","height":""}],"twitter_card":"summary_large_image","twitter_misc":{"Est. tempo de leitura":"4 minutos"},"schema":{"@context":"https:\/\/schema.org","@graph":[{"@type":"WebPage","@id":"https:\/\/www.legislapp.com.br\/index.php\/avulso-inicial-pl-3409-2025-camara\/","url":"https:\/\/www.legislapp.com.br\/index.php\/avulso-inicial-pl-3409-2025-camara\/","name":"Avulso Inicial - PL 3409\/2025 - C\u00e2mara - Legislapp","isPartOf":{"@id":"https:\/\/www.legislapp.com.br\/#website"},"primaryImageOfPage":{"@id":"https:\/\/www.legislapp.com.br\/index.php\/avulso-inicial-pl-3409-2025-camara\/#primaryimage"},"image":{"@id":"https:\/\/www.legislapp.com.br\/index.php\/avulso-inicial-pl-3409-2025-camara\/#primaryimage"},"thumbnailUrl":"https:\/\/www.legislapp.com.br\/wp-content\/uploads\/2021\/07\/Logo-Legislapp-1-03-1.png","datePublished":"2025-12-01T14:29:35+00:00","breadcrumb":{"@id":"https:\/\/www.legislapp.com.br\/index.php\/avulso-inicial-pl-3409-2025-camara\/#breadcrumb"},"inLanguage":"pt-BR","potentialAction":[{"@type":"ReadAction","target":["https:\/\/www.legislapp.com.br\/index.php\/avulso-inicial-pl-3409-2025-camara\/"]}]},{"@type":"ImageObject","inLanguage":"pt-BR","@id":"https:\/\/www.legislapp.com.br\/index.php\/avulso-inicial-pl-3409-2025-camara\/#primaryimage","url":"https:\/\/www.legislapp.com.br\/wp-content\/uploads\/2021\/07\/Logo-Legislapp-1-03-1.png","contentUrl":"https:\/\/www.legislapp.com.br\/wp-content\/uploads\/2021\/07\/Logo-Legislapp-1-03-1.png","width":2679,"height":2697},{"@type":"BreadcrumbList","@id":"https:\/\/www.legislapp.com.br\/index.php\/avulso-inicial-pl-3409-2025-camara\/#breadcrumb","itemListElement":[{"@type":"ListItem","position":1,"name":"In\u00edcio","item":"https:\/\/www.legislapp.com.br\/"},{"@type":"ListItem","position":2,"name":"Avulso Inicial &#8211; PL 3409\/2025 &#8211; C\u00e2mara"}]},{"@type":"WebSite","@id":"https:\/\/www.legislapp.com.br\/#website","url":"https:\/\/www.legislapp.com.br\/","name":"Legislapp","description":"Intelig\u00eancia governamental em tempo real","publisher":{"@id":"https:\/\/www.legislapp.com.br\/#organization"},"potentialAction":[{"@type":"SearchAction","target":{"@type":"EntryPoint","urlTemplate":"https:\/\/www.legislapp.com.br\/?s={search_term_string}"},"query-input":{"@type":"PropertyValueSpecification","valueRequired":true,"valueName":"search_term_string"}}],"inLanguage":"pt-BR"},{"@type":"Organization","@id":"https:\/\/www.legislapp.com.br\/#organization","name":"Legislapp Monitoramento e Intelig\u00eancia Governamental","url":"https:\/\/www.legislapp.com.br\/","logo":{"@type":"ImageObject","inLanguage":"pt-BR","@id":"https:\/\/www.legislapp.com.br\/#\/schema\/logo\/image\/","url":"https:\/\/www.legislapp.com.br\/wp-content\/uploads\/icon.png","contentUrl":"https:\/\/www.legislapp.com.br\/wp-content\/uploads\/icon.png","width":1024,"height":1024,"caption":"Legislapp Monitoramento e Intelig\u00eancia Governamental"},"image":{"@id":"https:\/\/www.legislapp.com.br\/#\/schema\/logo\/image\/"},"sameAs":["https:\/\/www.instagram.com\/legislapp\/"]}]}},"_links":{"self":[{"href":"https:\/\/www.legislapp.com.br\/index.php\/wp-json\/wp\/v2\/pages\/10617","targetHints":{"allow":["GET"]}}],"collection":[{"href":"https:\/\/www.legislapp.com.br\/index.php\/wp-json\/wp\/v2\/pages"}],"about":[{"href":"https:\/\/www.legislapp.com.br\/index.php\/wp-json\/wp\/v2\/types\/page"}],"author":[{"embeddable":true,"href":"https:\/\/www.legislapp.com.br\/index.php\/wp-json\/wp\/v2\/users\/1"}],"replies":[{"embeddable":true,"href":"https:\/\/www.legislapp.com.br\/index.php\/wp-json\/wp\/v2\/comments?post=10617"}],"version-history":[{"count":0,"href":"https:\/\/www.legislapp.com.br\/index.php\/wp-json\/wp\/v2\/pages\/10617\/revisions"}],"wp:attachment":[{"href":"https:\/\/www.legislapp.com.br\/index.php\/wp-json\/wp\/v2\/media?parent=10617"}],"curies":[{"name":"wp","href":"https:\/\/api.w.org\/{rel}","templated":true}]}}