{"id":10624,"date":"2025-12-01T11:29:57","date_gmt":"2025-12-01T14:29:57","guid":{"rendered":"https:\/\/www.legislapp.com.br\/index.php\/avulso-inicial-pl-4464-2025-camara\/"},"modified":"2025-12-01T11:29:57","modified_gmt":"2025-12-01T14:29:57","slug":"avulso-inicial-pl-4464-2025-camara","status":"publish","type":"page","link":"https:\/\/www.legislapp.com.br\/index.php\/avulso-inicial-pl-4464-2025-camara\/","title":{"rendered":"Avulso Inicial &#8211; PL 4464\/2025 &#8211; C\u00e2mara"},"content":{"rendered":"<h1 style='text-align: center;'>Avulso Inicial &#8211; Autoria de Duda Salabert<\/h3>\n<p><\/p>\n<article>C\u00c2MARA DOS DEPUTADOS<br \/>\nGabinete da Deputada Duda Salabert &#8211; PDT\/MG<br \/>\nPROJETO DE LEI N\u00ba ______ , DE 2025<br \/>\n(Da Sra. Duda Salabert)<br \/>\nPro\u00edbe a pr\u00e1tica da debicagem em<br \/>\naves em territ\u00f3rio nacional.<br \/>\nO Congresso Nacional decreta:<br \/>\nArt. 1\u00ba Fica proibida, em todo o territ\u00f3rio nacional, a pr\u00e1tica da<br \/>\ndebicagem, entendida como o corte total ou parcial do bico de aves, qualquer<br \/>\nque seja a sua finalidade.<br \/>\nPar\u00e1grafo \u00fanico. Para fins desta Lei, entende-se por debicagem o corte,<br \/>\na amputa\u00e7\u00e3o ou a mutila\u00e7\u00e3o parcial ou total do bico de aves, realizado por<br \/>\nqualquer m\u00e9todo ou tecnologia, inclusive com l\u00e2mina aquecida, laser,<br \/>\ninfravermelho ou similares.<br \/>\nArt. 2\u00ba A infra\u00e7\u00e3o ao disposto nesta Lei sujeitar\u00e1 o infrator \u00e0s<br \/>\npenalidades previstas na Lei n\u00ba 9.605, de 12 de fevereiro de 1998 (Lei de<br \/>\nCrimes Ambientais).<br \/>\nArt. 3\u00ba Esta Lei entra em vigor ap\u00f3s decorridos 90 (noventa) dias de sua<br \/>\npublica\u00e7\u00e3o oficial.<br \/>\nJUSTIFICA\u00c7\u00c3O<br \/>\nA debicagem, tamb\u00e9m chamada de corte de bico, \u00e9 uma pr\u00e1tica<br \/>\namplamente utilizada na avicultura industrial para evitar o canibalismo e o<br \/>\nbicamento de penas, problemas comuns em ambientes de confinamento<br \/>\nintensivo. Consiste na amputa\u00e7\u00e3o parcial do bico das aves, geralmente quando<br \/>\nainda s\u00e3o pintinhos, por meio de l\u00e2mina aquecida, laser ou infravermelho.<br \/>\nPara verificar a assinatura, acesse https:\/\/infoleg-autenticidade-assinatura.camara.leg.br\/CD254771094300<br \/>\nAssinado eletronicamente pelo(a) Dep. Duda Salabert<br \/>\nApresenta\u00e7\u00e3o: 05\/09\/2025 15:54:13.007 &#8211; Mesa<br \/>\n*CD254771094300* PL n.4464\/2025<br \/>C\u00c2MARA DOS DEPUTADOS<br \/>\nGabinete da Deputada Duda Salabert &#8211; PDT\/MG<br \/>\nEntretanto, essa pr\u00e1tica provoca dor aguda e cr\u00f4nica, estresse,<br \/>\ndificuldade de apreens\u00e3o de alimento e preju\u00edzo ao comportamento natural das<br \/>\naves, sendo considerada uma viola\u00e7\u00e3o aos princ\u00edpios de bem-estar animal.<br \/>\nDiversos estudos cient\u00edficos, inclusive no Brasil, apontam que a debicagem<br \/>\ncausa sofrimento prolongado e pode reduzir a qualidade de vida e o<br \/>\ndesempenho das aves.<br \/>\nInternacionalmente, v\u00e1rios pa\u00edses europeus j\u00e1 vedaram ou restringiram<br \/>\nseveramente a pr\u00e1tica, estimulando alternativas baseadas em melhorias de<br \/>\nmanejo, enriquecimento ambiental, redu\u00e7\u00e3o da densidade de aves e sele\u00e7\u00e3o<br \/>\ngen\u00e9tica menos agressiva. No Brasil, embora algumas normativas t\u00e9cnicas e<br \/>\nprotocolos da Embrapa e da ABPA ainda regulamentem a debicagem, h\u00e1<br \/>\ncontradi\u00e7\u00e3o com normativos oficiais, como a Instru\u00e7\u00e3o Normativa MAPA n\u00ba<br \/>\n46\/2011, que j\u00e1 pro\u00edbe a pr\u00e1tica.<br \/>\nAl\u00e9m disso, certifica\u00e7\u00f5es de bem-estar animal e a produ\u00e7\u00e3o org\u00e2nica j\u00e1<br \/>\nvedam a debicagem, permitindo apenas a apara m\u00ednima em condi\u00e7\u00f5es<br \/>\nespec\u00edficas. Portanto, a presente proposi\u00e7\u00e3o busca consolidar, em lei federal, a<br \/>\nproibi\u00e7\u00e3o da debicagem em territ\u00f3rio nacional, promovendo maior seguran\u00e7a<br \/>\njur\u00eddica, harmoniza\u00e7\u00e3o normativa e alinhamento do Brasil a padr\u00f5es<br \/>\ninternacionais de bem-estar animal.<br \/>\nSala das Sess\u00f5es, 5 de setembro de 2025<br \/>\nDeputada DUDA SALABERT<br \/>\nPDT\/MG<br \/>\nPara verificar a assinatura, acesse https:\/\/infoleg-autenticidade-assinatura.camara.leg.br\/CD254771094300<br \/>\nAssinado eletronicamente pelo(a) Dep. Duda Salabert<br \/>\nApresenta\u00e7\u00e3o: 05\/09\/2025 15:54:13.007 &#8211; Mesa<br \/>\n*CD254771094300* PL n.4464\/2025<\/article>\n<p><a href='https:\/\/app.legislapp.com.br\/#\/busca?termo='><\/a><\/p>\n<div style=\"text-align: center\">\n      <img decoding=\"async\" style=\"width: 14%;\" src=\"https:\/\/www.legislapp.com.br\/wp-content\/uploads\/2021\/07\/Logo-Legislapp-1-03-1.png\"><br \/>\n      <\/p>\n<div style=\"margin-bottom: 20px;\" class=\"et_pb_button_module_wrapper et_pb_button_5_tb_body_wrapper et_pb_button_alignment_center et_pb_module \">\n         <a class=\"et_pb_button et_pb_button_5_tb_body et_hover_enabled et_pb_bg_layout_dark\" style=\"width: 50%;background-color: black;\" href=\"https:\/\/app.legislapp.com.br\" target=\"_blank\" rel=\"noopener\">Visualizar completo na nossa plataforma (30 dias gr\u00e1tis)<\/a><\/p><\/div>\n<p>      <a href=\"https:\/\/play.google.com\/store\/apps\/details?id=br.com.legislapp\"><img decoding=\"async\" style=\"width: 15%; min-width: 130px;\" src=\"https:\/\/www.legislapp.com.br\/wp-content\/uploads\/google-play.png\"><\/a><br \/>\n      <a href=\"https:\/\/apps.apple.com\/us\/app\/legislapp\/id1568929859\"><img decoding=\"async\" style=\"width: 15%; min-width: 130px\" src=\"https:\/\/www.legislapp.com.br\/wp-content\/uploads\/apple-store.png\"><\/a>\n   <\/div>\n","protected":false},"excerpt":{"rendered":"<p>Avulso Inicial &#8211; Autoria de Duda Salabert C\u00c2MARA DOS DEPUTADOS Gabinete da Deputada Duda Salabert &#8211; PDT\/MG PROJETO DE LEI N\u00ba ______ , DE 2025 (Da Sra. Duda Salabert) Pro\u00edbe a pr\u00e1tica da debicagem em aves em territ\u00f3rio nacional. O Congresso Nacional decreta: Art. 1\u00ba Fica proibida, em todo o territ\u00f3rio nacional, a pr\u00e1tica da [&hellip;]<\/p>\n","protected":false},"author":1,"featured_media":0,"parent":0,"menu_order":0,"comment_status":"closed","ping_status":"closed","template":"page-template-blank.php","meta":{"_et_pb_use_builder":"","_et_pb_old_content":"","_et_gb_content_width":"1080","ngg_post_thumbnail":0,"footnotes":""},"class_list":["post-10624","page","type-page","status-publish","hentry"],"yoast_head":"<!-- This site is optimized with the Yoast SEO plugin v24.4 - https:\/\/yoast.com\/wordpress\/plugins\/seo\/ -->\n<title>Avulso Inicial - PL 4464\/2025 - C\u00e2mara - Legislapp<\/title>\n<meta name=\"robots\" content=\"index, follow, max-snippet:-1, max-image-preview:large, max-video-preview:-1\" \/>\n<link rel=\"canonical\" href=\"https:\/\/www.legislapp.com.br\/index.php\/avulso-inicial-pl-4464-2025-camara\/\" \/>\n<meta property=\"og:locale\" content=\"pt_BR\" \/>\n<meta property=\"og:type\" content=\"article\" \/>\n<meta property=\"og:title\" content=\"Avulso Inicial - PL 4464\/2025 - C\u00e2mara - Legislapp\" \/>\n<meta property=\"og:description\" content=\"Avulso Inicial &#8211; Autoria de Duda Salabert C\u00c2MARA DOS DEPUTADOS Gabinete da Deputada Duda Salabert &#8211; PDT\/MG PROJETO DE LEI N\u00ba ______ , DE 2025 (Da Sra. Duda Salabert) Pro\u00edbe a pr\u00e1tica da debicagem em aves em territ\u00f3rio nacional. O Congresso Nacional decreta: Art. 1\u00ba Fica proibida, em todo o territ\u00f3rio nacional, a pr\u00e1tica da [&hellip;]\" \/>\n<meta property=\"og:url\" content=\"https:\/\/www.legislapp.com.br\/index.php\/avulso-inicial-pl-4464-2025-camara\/\" \/>\n<meta property=\"og:site_name\" content=\"Legislapp\" \/>\n<meta property=\"article:publisher\" content=\"https:\/\/www.instagram.com\/legislapp\/\" \/>\n<meta property=\"og:image\" content=\"https:\/\/www.legislapp.com.br\/wp-content\/uploads\/2021\/07\/Logo-Legislapp-1-03-1.png\" \/>\n<meta name=\"twitter:card\" content=\"summary_large_image\" \/>\n<meta name=\"twitter:label1\" content=\"Est. tempo de leitura\" \/>\n\t<meta name=\"twitter:data1\" content=\"3 minutos\" \/>\n<script type=\"application\/ld+json\" class=\"yoast-schema-graph\">{\"@context\":\"https:\/\/schema.org\",\"@graph\":[{\"@type\":\"WebPage\",\"@id\":\"https:\/\/www.legislapp.com.br\/index.php\/avulso-inicial-pl-4464-2025-camara\/\",\"url\":\"https:\/\/www.legislapp.com.br\/index.php\/avulso-inicial-pl-4464-2025-camara\/\",\"name\":\"Avulso Inicial - PL 4464\/2025 - C\u00e2mara - Legislapp\",\"isPartOf\":{\"@id\":\"https:\/\/www.legislapp.com.br\/#website\"},\"primaryImageOfPage\":{\"@id\":\"https:\/\/www.legislapp.com.br\/index.php\/avulso-inicial-pl-4464-2025-camara\/#primaryimage\"},\"image\":{\"@id\":\"https:\/\/www.legislapp.com.br\/index.php\/avulso-inicial-pl-4464-2025-camara\/#primaryimage\"},\"thumbnailUrl\":\"https:\/\/www.legislapp.com.br\/wp-content\/uploads\/2021\/07\/Logo-Legislapp-1-03-1.png\",\"datePublished\":\"2025-12-01T14:29:57+00:00\",\"breadcrumb\":{\"@id\":\"https:\/\/www.legislapp.com.br\/index.php\/avulso-inicial-pl-4464-2025-camara\/#breadcrumb\"},\"inLanguage\":\"pt-BR\",\"potentialAction\":[{\"@type\":\"ReadAction\",\"target\":[\"https:\/\/www.legislapp.com.br\/index.php\/avulso-inicial-pl-4464-2025-camara\/\"]}]},{\"@type\":\"ImageObject\",\"inLanguage\":\"pt-BR\",\"@id\":\"https:\/\/www.legislapp.com.br\/index.php\/avulso-inicial-pl-4464-2025-camara\/#primaryimage\",\"url\":\"https:\/\/www.legislapp.com.br\/wp-content\/uploads\/2021\/07\/Logo-Legislapp-1-03-1.png\",\"contentUrl\":\"https:\/\/www.legislapp.com.br\/wp-content\/uploads\/2021\/07\/Logo-Legislapp-1-03-1.png\",\"width\":2679,\"height\":2697},{\"@type\":\"BreadcrumbList\",\"@id\":\"https:\/\/www.legislapp.com.br\/index.php\/avulso-inicial-pl-4464-2025-camara\/#breadcrumb\",\"itemListElement\":[{\"@type\":\"ListItem\",\"position\":1,\"name\":\"In\u00edcio\",\"item\":\"https:\/\/www.legislapp.com.br\/\"},{\"@type\":\"ListItem\",\"position\":2,\"name\":\"Avulso Inicial &#8211; PL 4464\/2025 &#8211; C\u00e2mara\"}]},{\"@type\":\"WebSite\",\"@id\":\"https:\/\/www.legislapp.com.br\/#website\",\"url\":\"https:\/\/www.legislapp.com.br\/\",\"name\":\"Legislapp\",\"description\":\"Intelig\u00eancia governamental em tempo real\",\"publisher\":{\"@id\":\"https:\/\/www.legislapp.com.br\/#organization\"},\"potentialAction\":[{\"@type\":\"SearchAction\",\"target\":{\"@type\":\"EntryPoint\",\"urlTemplate\":\"https:\/\/www.legislapp.com.br\/?s={search_term_string}\"},\"query-input\":{\"@type\":\"PropertyValueSpecification\",\"valueRequired\":true,\"valueName\":\"search_term_string\"}}],\"inLanguage\":\"pt-BR\"},{\"@type\":\"Organization\",\"@id\":\"https:\/\/www.legislapp.com.br\/#organization\",\"name\":\"Legislapp Monitoramento e Intelig\u00eancia Governamental\",\"url\":\"https:\/\/www.legislapp.com.br\/\",\"logo\":{\"@type\":\"ImageObject\",\"inLanguage\":\"pt-BR\",\"@id\":\"https:\/\/www.legislapp.com.br\/#\/schema\/logo\/image\/\",\"url\":\"https:\/\/www.legislapp.com.br\/wp-content\/uploads\/icon.png\",\"contentUrl\":\"https:\/\/www.legislapp.com.br\/wp-content\/uploads\/icon.png\",\"width\":1024,\"height\":1024,\"caption\":\"Legislapp Monitoramento e Intelig\u00eancia Governamental\"},\"image\":{\"@id\":\"https:\/\/www.legislapp.com.br\/#\/schema\/logo\/image\/\"},\"sameAs\":[\"https:\/\/www.instagram.com\/legislapp\/\"]}]}<\/script>\n<!-- \/ Yoast SEO plugin. -->","yoast_head_json":{"title":"Avulso Inicial - PL 4464\/2025 - C\u00e2mara - Legislapp","robots":{"index":"index","follow":"follow","max-snippet":"max-snippet:-1","max-image-preview":"max-image-preview:large","max-video-preview":"max-video-preview:-1"},"canonical":"https:\/\/www.legislapp.com.br\/index.php\/avulso-inicial-pl-4464-2025-camara\/","og_locale":"pt_BR","og_type":"article","og_title":"Avulso Inicial - PL 4464\/2025 - C\u00e2mara - Legislapp","og_description":"Avulso Inicial &#8211; Autoria de Duda Salabert C\u00c2MARA DOS DEPUTADOS Gabinete da Deputada Duda Salabert &#8211; PDT\/MG PROJETO DE LEI N\u00ba ______ , DE 2025 (Da Sra. Duda Salabert) Pro\u00edbe a pr\u00e1tica da debicagem em aves em territ\u00f3rio nacional. O Congresso Nacional decreta: Art. 1\u00ba Fica proibida, em todo o territ\u00f3rio nacional, a pr\u00e1tica da [&hellip;]","og_url":"https:\/\/www.legislapp.com.br\/index.php\/avulso-inicial-pl-4464-2025-camara\/","og_site_name":"Legislapp","article_publisher":"https:\/\/www.instagram.com\/legislapp\/","og_image":[{"url":"https:\/\/www.legislapp.com.br\/wp-content\/uploads\/2021\/07\/Logo-Legislapp-1-03-1.png","type":"","width":"","height":""}],"twitter_card":"summary_large_image","twitter_misc":{"Est. tempo de leitura":"3 minutos"},"schema":{"@context":"https:\/\/schema.org","@graph":[{"@type":"WebPage","@id":"https:\/\/www.legislapp.com.br\/index.php\/avulso-inicial-pl-4464-2025-camara\/","url":"https:\/\/www.legislapp.com.br\/index.php\/avulso-inicial-pl-4464-2025-camara\/","name":"Avulso Inicial - PL 4464\/2025 - C\u00e2mara - Legislapp","isPartOf":{"@id":"https:\/\/www.legislapp.com.br\/#website"},"primaryImageOfPage":{"@id":"https:\/\/www.legislapp.com.br\/index.php\/avulso-inicial-pl-4464-2025-camara\/#primaryimage"},"image":{"@id":"https:\/\/www.legislapp.com.br\/index.php\/avulso-inicial-pl-4464-2025-camara\/#primaryimage"},"thumbnailUrl":"https:\/\/www.legislapp.com.br\/wp-content\/uploads\/2021\/07\/Logo-Legislapp-1-03-1.png","datePublished":"2025-12-01T14:29:57+00:00","breadcrumb":{"@id":"https:\/\/www.legislapp.com.br\/index.php\/avulso-inicial-pl-4464-2025-camara\/#breadcrumb"},"inLanguage":"pt-BR","potentialAction":[{"@type":"ReadAction","target":["https:\/\/www.legislapp.com.br\/index.php\/avulso-inicial-pl-4464-2025-camara\/"]}]},{"@type":"ImageObject","inLanguage":"pt-BR","@id":"https:\/\/www.legislapp.com.br\/index.php\/avulso-inicial-pl-4464-2025-camara\/#primaryimage","url":"https:\/\/www.legislapp.com.br\/wp-content\/uploads\/2021\/07\/Logo-Legislapp-1-03-1.png","contentUrl":"https:\/\/www.legislapp.com.br\/wp-content\/uploads\/2021\/07\/Logo-Legislapp-1-03-1.png","width":2679,"height":2697},{"@type":"BreadcrumbList","@id":"https:\/\/www.legislapp.com.br\/index.php\/avulso-inicial-pl-4464-2025-camara\/#breadcrumb","itemListElement":[{"@type":"ListItem","position":1,"name":"In\u00edcio","item":"https:\/\/www.legislapp.com.br\/"},{"@type":"ListItem","position":2,"name":"Avulso Inicial &#8211; PL 4464\/2025 &#8211; C\u00e2mara"}]},{"@type":"WebSite","@id":"https:\/\/www.legislapp.com.br\/#website","url":"https:\/\/www.legislapp.com.br\/","name":"Legislapp","description":"Intelig\u00eancia governamental em tempo real","publisher":{"@id":"https:\/\/www.legislapp.com.br\/#organization"},"potentialAction":[{"@type":"SearchAction","target":{"@type":"EntryPoint","urlTemplate":"https:\/\/www.legislapp.com.br\/?s={search_term_string}"},"query-input":{"@type":"PropertyValueSpecification","valueRequired":true,"valueName":"search_term_string"}}],"inLanguage":"pt-BR"},{"@type":"Organization","@id":"https:\/\/www.legislapp.com.br\/#organization","name":"Legislapp Monitoramento e Intelig\u00eancia Governamental","url":"https:\/\/www.legislapp.com.br\/","logo":{"@type":"ImageObject","inLanguage":"pt-BR","@id":"https:\/\/www.legislapp.com.br\/#\/schema\/logo\/image\/","url":"https:\/\/www.legislapp.com.br\/wp-content\/uploads\/icon.png","contentUrl":"https:\/\/www.legislapp.com.br\/wp-content\/uploads\/icon.png","width":1024,"height":1024,"caption":"Legislapp Monitoramento e Intelig\u00eancia Governamental"},"image":{"@id":"https:\/\/www.legislapp.com.br\/#\/schema\/logo\/image\/"},"sameAs":["https:\/\/www.instagram.com\/legislapp\/"]}]}},"_links":{"self":[{"href":"https:\/\/www.legislapp.com.br\/index.php\/wp-json\/wp\/v2\/pages\/10624","targetHints":{"allow":["GET"]}}],"collection":[{"href":"https:\/\/www.legislapp.com.br\/index.php\/wp-json\/wp\/v2\/pages"}],"about":[{"href":"https:\/\/www.legislapp.com.br\/index.php\/wp-json\/wp\/v2\/types\/page"}],"author":[{"embeddable":true,"href":"https:\/\/www.legislapp.com.br\/index.php\/wp-json\/wp\/v2\/users\/1"}],"replies":[{"embeddable":true,"href":"https:\/\/www.legislapp.com.br\/index.php\/wp-json\/wp\/v2\/comments?post=10624"}],"version-history":[{"count":0,"href":"https:\/\/www.legislapp.com.br\/index.php\/wp-json\/wp\/v2\/pages\/10624\/revisions"}],"wp:attachment":[{"href":"https:\/\/www.legislapp.com.br\/index.php\/wp-json\/wp\/v2\/media?parent=10624"}],"curies":[{"name":"wp","href":"https:\/\/api.w.org\/{rel}","templated":true}]}}