{"id":10626,"date":"2025-12-01T11:30:04","date_gmt":"2025-12-01T14:30:04","guid":{"rendered":"https:\/\/www.legislapp.com.br\/index.php\/avulso-inicial-pl-4801-2025-camara\/"},"modified":"2025-12-01T11:30:04","modified_gmt":"2025-12-01T14:30:04","slug":"avulso-inicial-pl-4801-2025-camara","status":"publish","type":"page","link":"https:\/\/www.legislapp.com.br\/index.php\/avulso-inicial-pl-4801-2025-camara\/","title":{"rendered":"Avulso Inicial &#8211; PL 4801\/2025 &#8211; C\u00e2mara"},"content":{"rendered":"<h1 style='text-align: center;'>Avulso Inicial &#8211; Autoria de Andreia Siqueira<\/h3>\n<p><\/p>\n<article>PROJETO DE LEI N\u00ba          , DE 2025<br \/>\n(Da Sra. ANDREIA SIQUEIRA)<br \/>\nAltera a Lei n\u00ba 14.965, de 9 de<br \/>\nsetembro de 2024, para dispor sobre a<br \/>\nisen\u00e7\u00e3o de taxa de inscri\u00e7\u00e3o em concurso<br \/>\np\u00fablico para a candidata doadora de leite<br \/>\nmaterno.<br \/>\nO Congresso Nacional decreta:<br \/>\nArt. 1\u00ba Esta Lei altera a Lei n\u00ba 14.965, de 9 de setembro de<br \/>\n2024, para dispor sobre a isen\u00e7\u00e3o de taxa de inscri\u00e7\u00e3o em concurso p\u00fablico<br \/>\npara a candidata doadora de leite materno.<br \/>\nArt. 2\u00b0 O art. 7\u00ba da Lei n\u00ba 14.965, de 9 de setembro de 2024,<br \/>\npassa a vigorar acrescido do seguinte \u00a7 2\u00ba, renumerando-se o atual par\u00e1grafo<br \/>\n\u00fanico:<br \/>\n\u201cArt. 7\u00ba &#8230;&#8230;&#8230;&#8230;&#8230;&#8230;&#8230;&#8230;&#8230;&#8230;&#8230;&#8230;&#8230;&#8230;&#8230;&#8230;&#8230;&#8230;&#8230;&#8230;&#8230;&#8230;&#8230;&#8230;&#8230;&#8230;&#8230;&#8230;&#8230;.<br \/>\n&#8230;&#8230;&#8230;&#8230;&#8230;&#8230;&#8230;&#8230;&#8230;&#8230;&#8230;&#8230;&#8230;&#8230;&#8230;&#8230;&#8230;&#8230;&#8230;&#8230;&#8230;&#8230;&#8230;&#8230;&#8230;&#8230;&#8230;&#8230;&#8230;&#8230;&#8230;&#8230;&#8230;..<br \/>\n\u00a7 1\u00ba &#8230;&#8230;&#8230;&#8230;&#8230;&#8230;&#8230;&#8230;&#8230;&#8230;&#8230;&#8230;&#8230;&#8230;&#8230;&#8230;&#8230;&#8230;&#8230;&#8230;&#8230;&#8230;&#8230;&#8230;&#8230;&#8230;&#8230;&#8230;&#8230;&#8230;&#8230;.<br \/>\n\u00a7 2\u00ba Ser\u00e1 isenta de pagamento da taxa de inscri\u00e7\u00e3o no<br \/>\nconcurso p\u00fablico a candidata doadora de leite materno, cuja<br \/>\ncondi\u00e7\u00e3o ser\u00e1 comprovada mediante declara\u00e7\u00e3o emitida por<br \/>\nbanco de leite humano ou unidade de sa\u00fade credenciada ao<br \/>\nSistema \u00danico de Sa\u00fade, com validade de at\u00e9 60 (sessenta)<br \/>\ndias.\u201d (NR)<br \/>\nArt. 3\u00ba Esta Lei n\u00e3o se aplica aos concursos p\u00fablicos e<br \/>\nprocessos seletivos cujos editais se encontrem publicados na data de sua<br \/>\nentrada em vigor.<br \/>\nArt. 4\u00ba Esta Lei entra em vigor na data de sua publica\u00e7\u00e3o<br \/>\nPara verificar a assinatura, acesse https:\/\/infoleg-autenticidade-assinatura.camara.leg.br\/CD255081379700<br \/>\nAssinado eletronicamente pelo(a) Dep. Andreia Siqueira<br \/>\nApresenta\u00e7\u00e3o: 29\/09\/2025 10:48:26.990 &#8211; Mesa<br \/>\n*CD255081379700* PL n.4801\/2025<br \/>2<br \/>\nJUSTIFICA\u00c7\u00c3O<br \/>\nEste Projeto de Lei altera a Lei Geral dos Concursos P\u00fablicos,<br \/>\npara assegurar isen\u00e7\u00e3o da taxa de inscri\u00e7\u00e3o \u00e0 candidata doadora de leite<br \/>\nmaterno, com comprova\u00e7\u00e3o simples: declara\u00e7\u00e3o emitida por banco de leite<br \/>\nhumano ou unidade de sa\u00fade credenciada ao SUS. Trata-se de medida de<br \/>\njusti\u00e7a social, de promo\u00e7\u00e3o da sa\u00fade e de est\u00edmulo a um ato solid\u00e1rio que<br \/>\nsalva vidas.<br \/>\nDoar leite materno \u00e9 pol\u00edtica p\u00fablica estrat\u00e9gica para a<br \/>\nprote\u00e7\u00e3o da primeira inf\u00e2ncia. O reconhecimento estatal dessa contribui\u00e7\u00e3o \u2014<br \/>\npor meio da isen\u00e7\u00e3o proposta \u2014 funciona como incentivo adicional \u00e0 doa\u00e7\u00e3o,<br \/>\ncom potencial de ampliar a cobertura e reduzir morbimortalidade neonatal.<br \/>\nA iniciativa, ademais, alinha-se ao Programa Nacional de<br \/>\nPromo\u00e7\u00e3o, Prote\u00e7\u00e3o e Apoio \u00e0 Amamenta\u00e7\u00e3o e \u00e0s diretrizes do SUS de<br \/>\nest\u00edmulo ao aleitamento materno. Ao valorizar a doa\u00e7\u00e3o de leite, a medida<br \/>\nrefor\u00e7a a rede de bancos de leite humano e concretiza o direito \u00e0 sa\u00fade (art.<br \/>\n196 da Constitui\u00e7\u00e3o), o dever de prote\u00e7\u00e3o integral \u00e0 crian\u00e7a com absoluta<br \/>\nprioridade (art. 227) e a promo\u00e7\u00e3o de pol\u00edticas p\u00fablicas vocacionadas \u00e0<br \/>\nredu\u00e7\u00e3o de desigualdades.<br \/>\nH\u00e1, ainda, coer\u00eancia sist\u00eamica com a legisla\u00e7\u00e3o federal que j\u00e1<br \/>\nconcede isen\u00e7\u00e3o da taxa de inscri\u00e7\u00e3o a doadores de medula \u00f3ssea e a<br \/>\npessoas de baixa renda (Lei n\u00ba 13.656, de 2018). A extens\u00e3o do benef\u00edcio \u00e0s<br \/>\ndoadoras de leite materno guarda proporcionalidade e razoabilidade:<br \/>\nreconhece-se, de modo ison\u00f4mico, a relev\u00e2ncia social de diferentes formas de<br \/>\ndoa\u00e7\u00e3o que salvam vidas, sem distorcer a l\u00f3gica meritocr\u00e1tica dos concursos.<br \/>\nPor todo o exposto, contamos com o apoio dos nobres Pares<br \/>\npara a aprova\u00e7\u00e3o deste projeto de lei.<br \/>\nSala das Sess\u00f5es, em        de                     de 2025.<br \/>\nDeputada ANDREIA SIQUEIRA<br \/>\nPara verificar a assinatura, acesse https:\/\/infoleg-autenticidade-assinatura.camara.leg.br\/CD255081379700<br \/>\nAssinado eletronicamente pelo(a) Dep. Andreia Siqueira<br \/>\nApresenta\u00e7\u00e3o: 29\/09\/2025 10:48:26.990 &#8211; Mesa<br \/>\n*CD255081379700* PL n.4801\/2025<\/article>\n<p><a href='https:\/\/app.legislapp.com.br\/#\/busca?termo=Altera\u00e7\u00e3o'>Altera\u00e7\u00e3o<\/a>, <a href='https:\/\/app.legislapp.com.br\/#\/busca?termo=Lei Federal'>Lei Federal<\/a>, <a href='https:\/\/app.legislapp.com.br\/#\/busca?termo=concess\u00e3o'>concess\u00e3o<\/a>, <a href='https:\/\/app.legislapp.com.br\/#\/busca?termo=isen\u00e7\u00e3o'>isen\u00e7\u00e3o<\/a>, <a href='https:\/\/app.legislapp.com.br\/#\/busca?termo=taxa de inscri\u00e7\u00e3o'>taxa de inscri\u00e7\u00e3o<\/a>, <a href='https:\/\/app.legislapp.com.br\/#\/busca?termo=concurso p\u00fablico'>concurso p\u00fablico<\/a>, <a href='https:\/\/app.legislapp.com.br\/#\/busca?termo=candidato'>candidato<\/a>, <a href='https:\/\/app.legislapp.com.br\/#\/busca?termo=mulher'>mulher<\/a>, <a href='https:\/\/app.legislapp.com.br\/#\/busca?termo=doa\u00e7\u00e3o'>doa\u00e7\u00e3o<\/a>, <a href='https:\/\/app.legislapp.com.br\/#\/busca?termo=leite materno.'>leite materno.<\/a><\/p>\n<div style=\"text-align: center\">\n      <img decoding=\"async\" style=\"width: 14%;\" src=\"https:\/\/www.legislapp.com.br\/wp-content\/uploads\/2021\/07\/Logo-Legislapp-1-03-1.png\"><br \/>\n      <\/p>\n<div style=\"margin-bottom: 20px;\" class=\"et_pb_button_module_wrapper et_pb_button_5_tb_body_wrapper et_pb_button_alignment_center et_pb_module \">\n         <a class=\"et_pb_button et_pb_button_5_tb_body et_hover_enabled et_pb_bg_layout_dark\" style=\"width: 50%;background-color: black;\" href=\"https:\/\/app.legislapp.com.br\" target=\"_blank\" rel=\"noopener\">Visualizar completo na nossa plataforma (30 dias gr\u00e1tis)<\/a><\/p><\/div>\n<p>      <a href=\"https:\/\/play.google.com\/store\/apps\/details?id=br.com.legislapp\"><img decoding=\"async\" style=\"width: 15%; min-width: 130px;\" src=\"https:\/\/www.legislapp.com.br\/wp-content\/uploads\/google-play.png\"><\/a><br \/>\n      <a href=\"https:\/\/apps.apple.com\/us\/app\/legislapp\/id1568929859\"><img decoding=\"async\" style=\"width: 15%; min-width: 130px\" src=\"https:\/\/www.legislapp.com.br\/wp-content\/uploads\/apple-store.png\"><\/a>\n   <\/div>\n","protected":false},"excerpt":{"rendered":"<p>Avulso Inicial &#8211; Autoria de Andreia Siqueira PROJETO DE LEI N\u00ba , DE 2025 (Da Sra. ANDREIA SIQUEIRA) Altera a Lei n\u00ba 14.965, de 9 de setembro de 2024, para dispor sobre a isen\u00e7\u00e3o de taxa de inscri\u00e7\u00e3o em concurso p\u00fablico para a candidata doadora de leite materno. O Congresso Nacional decreta: Art. 1\u00ba Esta [&hellip;]<\/p>\n","protected":false},"author":1,"featured_media":0,"parent":0,"menu_order":0,"comment_status":"closed","ping_status":"closed","template":"page-template-blank.php","meta":{"_et_pb_use_builder":"","_et_pb_old_content":"","_et_gb_content_width":"1080","ngg_post_thumbnail":0,"footnotes":""},"class_list":["post-10626","page","type-page","status-publish","hentry"],"yoast_head":"<!-- This site is optimized with the Yoast SEO plugin v24.4 - https:\/\/yoast.com\/wordpress\/plugins\/seo\/ -->\n<title>Avulso Inicial - PL 4801\/2025 - C\u00e2mara - Legislapp<\/title>\n<meta name=\"robots\" content=\"index, follow, max-snippet:-1, max-image-preview:large, max-video-preview:-1\" \/>\n<link rel=\"canonical\" href=\"https:\/\/www.legislapp.com.br\/index.php\/avulso-inicial-pl-4801-2025-camara\/\" \/>\n<meta property=\"og:locale\" content=\"pt_BR\" \/>\n<meta property=\"og:type\" content=\"article\" \/>\n<meta property=\"og:title\" content=\"Avulso Inicial - PL 4801\/2025 - C\u00e2mara - Legislapp\" \/>\n<meta property=\"og:description\" content=\"Avulso Inicial &#8211; Autoria de Andreia Siqueira PROJETO DE LEI N\u00ba , DE 2025 (Da Sra. ANDREIA SIQUEIRA) Altera a Lei n\u00ba 14.965, de 9 de setembro de 2024, para dispor sobre a isen\u00e7\u00e3o de taxa de inscri\u00e7\u00e3o em concurso p\u00fablico para a candidata doadora de leite materno. O Congresso Nacional decreta: Art. 1\u00ba Esta [&hellip;]\" \/>\n<meta property=\"og:url\" content=\"https:\/\/www.legislapp.com.br\/index.php\/avulso-inicial-pl-4801-2025-camara\/\" \/>\n<meta property=\"og:site_name\" content=\"Legislapp\" \/>\n<meta property=\"article:publisher\" content=\"https:\/\/www.instagram.com\/legislapp\/\" \/>\n<meta property=\"og:image\" content=\"https:\/\/www.legislapp.com.br\/wp-content\/uploads\/2021\/07\/Logo-Legislapp-1-03-1.png\" \/>\n<meta name=\"twitter:card\" content=\"summary_large_image\" \/>\n<meta name=\"twitter:label1\" content=\"Est. tempo de leitura\" \/>\n\t<meta name=\"twitter:data1\" content=\"3 minutos\" \/>\n<script type=\"application\/ld+json\" class=\"yoast-schema-graph\">{\"@context\":\"https:\/\/schema.org\",\"@graph\":[{\"@type\":\"WebPage\",\"@id\":\"https:\/\/www.legislapp.com.br\/index.php\/avulso-inicial-pl-4801-2025-camara\/\",\"url\":\"https:\/\/www.legislapp.com.br\/index.php\/avulso-inicial-pl-4801-2025-camara\/\",\"name\":\"Avulso Inicial - PL 4801\/2025 - C\u00e2mara - Legislapp\",\"isPartOf\":{\"@id\":\"https:\/\/www.legislapp.com.br\/#website\"},\"primaryImageOfPage\":{\"@id\":\"https:\/\/www.legislapp.com.br\/index.php\/avulso-inicial-pl-4801-2025-camara\/#primaryimage\"},\"image\":{\"@id\":\"https:\/\/www.legislapp.com.br\/index.php\/avulso-inicial-pl-4801-2025-camara\/#primaryimage\"},\"thumbnailUrl\":\"https:\/\/www.legislapp.com.br\/wp-content\/uploads\/2021\/07\/Logo-Legislapp-1-03-1.png\",\"datePublished\":\"2025-12-01T14:30:04+00:00\",\"breadcrumb\":{\"@id\":\"https:\/\/www.legislapp.com.br\/index.php\/avulso-inicial-pl-4801-2025-camara\/#breadcrumb\"},\"inLanguage\":\"pt-BR\",\"potentialAction\":[{\"@type\":\"ReadAction\",\"target\":[\"https:\/\/www.legislapp.com.br\/index.php\/avulso-inicial-pl-4801-2025-camara\/\"]}]},{\"@type\":\"ImageObject\",\"inLanguage\":\"pt-BR\",\"@id\":\"https:\/\/www.legislapp.com.br\/index.php\/avulso-inicial-pl-4801-2025-camara\/#primaryimage\",\"url\":\"https:\/\/www.legislapp.com.br\/wp-content\/uploads\/2021\/07\/Logo-Legislapp-1-03-1.png\",\"contentUrl\":\"https:\/\/www.legislapp.com.br\/wp-content\/uploads\/2021\/07\/Logo-Legislapp-1-03-1.png\",\"width\":2679,\"height\":2697},{\"@type\":\"BreadcrumbList\",\"@id\":\"https:\/\/www.legislapp.com.br\/index.php\/avulso-inicial-pl-4801-2025-camara\/#breadcrumb\",\"itemListElement\":[{\"@type\":\"ListItem\",\"position\":1,\"name\":\"In\u00edcio\",\"item\":\"https:\/\/www.legislapp.com.br\/\"},{\"@type\":\"ListItem\",\"position\":2,\"name\":\"Avulso Inicial &#8211; PL 4801\/2025 &#8211; C\u00e2mara\"}]},{\"@type\":\"WebSite\",\"@id\":\"https:\/\/www.legislapp.com.br\/#website\",\"url\":\"https:\/\/www.legislapp.com.br\/\",\"name\":\"Legislapp\",\"description\":\"Intelig\u00eancia governamental em tempo real\",\"publisher\":{\"@id\":\"https:\/\/www.legislapp.com.br\/#organization\"},\"potentialAction\":[{\"@type\":\"SearchAction\",\"target\":{\"@type\":\"EntryPoint\",\"urlTemplate\":\"https:\/\/www.legislapp.com.br\/?s={search_term_string}\"},\"query-input\":{\"@type\":\"PropertyValueSpecification\",\"valueRequired\":true,\"valueName\":\"search_term_string\"}}],\"inLanguage\":\"pt-BR\"},{\"@type\":\"Organization\",\"@id\":\"https:\/\/www.legislapp.com.br\/#organization\",\"name\":\"Legislapp Monitoramento e Intelig\u00eancia Governamental\",\"url\":\"https:\/\/www.legislapp.com.br\/\",\"logo\":{\"@type\":\"ImageObject\",\"inLanguage\":\"pt-BR\",\"@id\":\"https:\/\/www.legislapp.com.br\/#\/schema\/logo\/image\/\",\"url\":\"https:\/\/www.legislapp.com.br\/wp-content\/uploads\/icon.png\",\"contentUrl\":\"https:\/\/www.legislapp.com.br\/wp-content\/uploads\/icon.png\",\"width\":1024,\"height\":1024,\"caption\":\"Legislapp Monitoramento e Intelig\u00eancia Governamental\"},\"image\":{\"@id\":\"https:\/\/www.legislapp.com.br\/#\/schema\/logo\/image\/\"},\"sameAs\":[\"https:\/\/www.instagram.com\/legislapp\/\"]}]}<\/script>\n<!-- \/ Yoast SEO plugin. -->","yoast_head_json":{"title":"Avulso Inicial - PL 4801\/2025 - C\u00e2mara - Legislapp","robots":{"index":"index","follow":"follow","max-snippet":"max-snippet:-1","max-image-preview":"max-image-preview:large","max-video-preview":"max-video-preview:-1"},"canonical":"https:\/\/www.legislapp.com.br\/index.php\/avulso-inicial-pl-4801-2025-camara\/","og_locale":"pt_BR","og_type":"article","og_title":"Avulso Inicial - PL 4801\/2025 - C\u00e2mara - Legislapp","og_description":"Avulso Inicial &#8211; Autoria de Andreia Siqueira PROJETO DE LEI N\u00ba , DE 2025 (Da Sra. ANDREIA SIQUEIRA) Altera a Lei n\u00ba 14.965, de 9 de setembro de 2024, para dispor sobre a isen\u00e7\u00e3o de taxa de inscri\u00e7\u00e3o em concurso p\u00fablico para a candidata doadora de leite materno. O Congresso Nacional decreta: Art. 1\u00ba Esta [&hellip;]","og_url":"https:\/\/www.legislapp.com.br\/index.php\/avulso-inicial-pl-4801-2025-camara\/","og_site_name":"Legislapp","article_publisher":"https:\/\/www.instagram.com\/legislapp\/","og_image":[{"url":"https:\/\/www.legislapp.com.br\/wp-content\/uploads\/2021\/07\/Logo-Legislapp-1-03-1.png","type":"","width":"","height":""}],"twitter_card":"summary_large_image","twitter_misc":{"Est. tempo de leitura":"3 minutos"},"schema":{"@context":"https:\/\/schema.org","@graph":[{"@type":"WebPage","@id":"https:\/\/www.legislapp.com.br\/index.php\/avulso-inicial-pl-4801-2025-camara\/","url":"https:\/\/www.legislapp.com.br\/index.php\/avulso-inicial-pl-4801-2025-camara\/","name":"Avulso Inicial - PL 4801\/2025 - C\u00e2mara - Legislapp","isPartOf":{"@id":"https:\/\/www.legislapp.com.br\/#website"},"primaryImageOfPage":{"@id":"https:\/\/www.legislapp.com.br\/index.php\/avulso-inicial-pl-4801-2025-camara\/#primaryimage"},"image":{"@id":"https:\/\/www.legislapp.com.br\/index.php\/avulso-inicial-pl-4801-2025-camara\/#primaryimage"},"thumbnailUrl":"https:\/\/www.legislapp.com.br\/wp-content\/uploads\/2021\/07\/Logo-Legislapp-1-03-1.png","datePublished":"2025-12-01T14:30:04+00:00","breadcrumb":{"@id":"https:\/\/www.legislapp.com.br\/index.php\/avulso-inicial-pl-4801-2025-camara\/#breadcrumb"},"inLanguage":"pt-BR","potentialAction":[{"@type":"ReadAction","target":["https:\/\/www.legislapp.com.br\/index.php\/avulso-inicial-pl-4801-2025-camara\/"]}]},{"@type":"ImageObject","inLanguage":"pt-BR","@id":"https:\/\/www.legislapp.com.br\/index.php\/avulso-inicial-pl-4801-2025-camara\/#primaryimage","url":"https:\/\/www.legislapp.com.br\/wp-content\/uploads\/2021\/07\/Logo-Legislapp-1-03-1.png","contentUrl":"https:\/\/www.legislapp.com.br\/wp-content\/uploads\/2021\/07\/Logo-Legislapp-1-03-1.png","width":2679,"height":2697},{"@type":"BreadcrumbList","@id":"https:\/\/www.legislapp.com.br\/index.php\/avulso-inicial-pl-4801-2025-camara\/#breadcrumb","itemListElement":[{"@type":"ListItem","position":1,"name":"In\u00edcio","item":"https:\/\/www.legislapp.com.br\/"},{"@type":"ListItem","position":2,"name":"Avulso Inicial &#8211; PL 4801\/2025 &#8211; C\u00e2mara"}]},{"@type":"WebSite","@id":"https:\/\/www.legislapp.com.br\/#website","url":"https:\/\/www.legislapp.com.br\/","name":"Legislapp","description":"Intelig\u00eancia governamental em tempo real","publisher":{"@id":"https:\/\/www.legislapp.com.br\/#organization"},"potentialAction":[{"@type":"SearchAction","target":{"@type":"EntryPoint","urlTemplate":"https:\/\/www.legislapp.com.br\/?s={search_term_string}"},"query-input":{"@type":"PropertyValueSpecification","valueRequired":true,"valueName":"search_term_string"}}],"inLanguage":"pt-BR"},{"@type":"Organization","@id":"https:\/\/www.legislapp.com.br\/#organization","name":"Legislapp Monitoramento e Intelig\u00eancia Governamental","url":"https:\/\/www.legislapp.com.br\/","logo":{"@type":"ImageObject","inLanguage":"pt-BR","@id":"https:\/\/www.legislapp.com.br\/#\/schema\/logo\/image\/","url":"https:\/\/www.legislapp.com.br\/wp-content\/uploads\/icon.png","contentUrl":"https:\/\/www.legislapp.com.br\/wp-content\/uploads\/icon.png","width":1024,"height":1024,"caption":"Legislapp Monitoramento e Intelig\u00eancia Governamental"},"image":{"@id":"https:\/\/www.legislapp.com.br\/#\/schema\/logo\/image\/"},"sameAs":["https:\/\/www.instagram.com\/legislapp\/"]}]}},"_links":{"self":[{"href":"https:\/\/www.legislapp.com.br\/index.php\/wp-json\/wp\/v2\/pages\/10626","targetHints":{"allow":["GET"]}}],"collection":[{"href":"https:\/\/www.legislapp.com.br\/index.php\/wp-json\/wp\/v2\/pages"}],"about":[{"href":"https:\/\/www.legislapp.com.br\/index.php\/wp-json\/wp\/v2\/types\/page"}],"author":[{"embeddable":true,"href":"https:\/\/www.legislapp.com.br\/index.php\/wp-json\/wp\/v2\/users\/1"}],"replies":[{"embeddable":true,"href":"https:\/\/www.legislapp.com.br\/index.php\/wp-json\/wp\/v2\/comments?post=10626"}],"version-history":[{"count":0,"href":"https:\/\/www.legislapp.com.br\/index.php\/wp-json\/wp\/v2\/pages\/10626\/revisions"}],"wp:attachment":[{"href":"https:\/\/www.legislapp.com.br\/index.php\/wp-json\/wp\/v2\/media?parent=10626"}],"curies":[{"name":"wp","href":"https:\/\/api.w.org\/{rel}","templated":true}]}}