{"id":10628,"date":"2025-12-01T11:30:10","date_gmt":"2025-12-01T14:30:10","guid":{"rendered":"https:\/\/www.legislapp.com.br\/index.php\/avulso-inicial-pl-4213-2025-camara\/"},"modified":"2025-12-01T11:30:10","modified_gmt":"2025-12-01T14:30:10","slug":"avulso-inicial-pl-4213-2025-camara","status":"publish","type":"page","link":"https:\/\/www.legislapp.com.br\/index.php\/avulso-inicial-pl-4213-2025-camara\/","title":{"rendered":"Avulso Inicial &#8211; PL 4213\/2025 &#8211; C\u00e2mara"},"content":{"rendered":"<h1 style='text-align: center;'>Avulso Inicial &#8211; Autoria de Sargento Gon\u00e7alves<\/h3>\n<p><\/p>\n<article>C\u00c2MARA DOS DEPUTADOS<br \/>\nGABINETE DO DEPUTADO SARGENTO GON\u00c7ALVES<br \/>\nPROJETO DE LEI N\u00ba            , DE 2025<br \/>\n(Do Sr. SARGENTO GON\u00c7ALVES) <\/p>\n<p>Altera o Decreto-Lei n\u00ba 2.848, de 07 de<br \/>\ndezembro de 1940 (C\u00f3digo Penal), para<br \/>\ntipificar o crime de fuga de blitz com<br \/>\ndire\u00e7\u00e3o perigosa.<\/p>\n<p>O Congresso Nacional decreta:<br \/>\nArt. 1\u00ba O Decreto-Lei n\u00ba 2.848, de 07 de dezembro de 1940 (C\u00f3digo<br \/>\nPenal), passa a vigorar acrescida do seguinte art. 330-A:<br \/>\nArt. 330-A. Fugir de blitz, posto de fiscaliza\u00e7\u00e3o ou<br \/>\nopera\u00e7\u00e3o policial, desobedecendo \u00e0 ordem legal de parada<br \/>\nemitida por agente da autoridade de tr\u00e2nsito ou por<br \/>\nautoridade policial, com dire\u00e7\u00e3o perigosa e exposi\u00e7\u00e3o a<br \/>\nrisco para terceiros ou para agentes p\u00fablicos.<br \/>\nPena: reclus\u00e3o, de 1 (um) a 4 (quatro) anos, multa e<br \/>\nsuspens\u00e3o ou proibi\u00e7\u00e3o de se obter a permiss\u00e3o ou a<br \/>\nhabilita\u00e7\u00e3o para dirigir ve\u00edculo automotor.<br \/>\n\u00a7 1\u00ba A ordem de parada poder\u00e1 ser realizada por meio de<br \/>\nsinaliza\u00e7\u00e3o ostensiva, gestual ou sonora, desde que<br \/>\nclaramente identific\u00e1vel como proveniente de autoridade<br \/>\ncompetente.<br \/>\n\u00a7 2\u00ba A pena ser\u00e1 aplicada sem preju\u00edzo das san\u00e7\u00f5es c\u00edveis,<br \/>\nadministrativas e penais relativas a outras infra\u00e7\u00f5es ou<br \/>\nC\u00e2mara dos Deputados, Anexo III, Gabinete 569, CEP 70160-900 &#8211; Bras\u00edlia\/DF<br \/>\ndep.sargentogoncalves@camara.leg.br | (61) 3215-5569 \/ 3215-3569<br \/>\nPara verificar a assinatura, acesse https:\/\/infoleg-autenticidade-assinatura.camara.leg.br\/CD252224512500<br \/>\nAssinado eletronicamente pelo(a) Dep. Sargento Gon\u00e7alves<br \/>\nApresenta\u00e7\u00e3o: 26\/08\/2025 14:05:26.060 &#8211; Mesa<br \/>\n*CD252224512500* PL n.4213\/2025<br \/>C\u00c2MARA DOS DEPUTADOS<br \/>\nGABINETE DO DEPUTADO SARGENTO GON\u00c7ALVES<br \/>\ncrimes eventualmente praticados no mesmo contexto ou<br \/>\ncuja a\u00e7\u00e3o resultar.<br \/>\n\u00a7 3\u00ba Nos casos previstos neste artigo, considera-se<br \/>\nleg\u00edtimo o uso progressivo da for\u00e7a, inclusive mediante<br \/>\nemprego de arma de fogo, contra o autor da infra\u00e7\u00e3o,<br \/>\nquando presente risco atual e concreto \u00e0 integridade f\u00edsica<br \/>\nde terceiros ou dos agentes p\u00fablicos.<br \/>\n\u00a7 4\u00ba Presume-se, salvo prova em contr\u00e1rio, que o agente<br \/>\np\u00fablico agiu no exerc\u00edcio regular do dever legal nas<br \/>\nsitua\u00e7\u00f5es descritas no \u00a7 3\u00ba.<br \/>\nArt. 2\u00ba Esta Lei entra em vigor ap\u00f3s decorridos 60 (sessenta) dias de<br \/>\nsua publica\u00e7\u00e3o oficial.<br \/>\n JUSTIFICA\u00c7\u00c3O<br \/>\nA presente proposi\u00e7\u00e3o legislativa visa preencher lacuna normativa<br \/>\nrelevante no ordenamento penal brasileiro, mediante a tipifica\u00e7\u00e3o aut\u00f4noma, no<br \/>\nC\u00f3digo Penal, da conduta de fuga deliberada de blitz, posto de fiscaliza\u00e7\u00e3o ou<br \/>\nopera\u00e7\u00e3o policial, realizada mediante desobedi\u00eancia \u00e0 ordem de parada legal e com<br \/>\nemprego de dire\u00e7\u00e3o perigosa.<br \/>\nAtualmente, condutas dessa natureza, embora grav\u00edssimas, acabam<br \/>\nsendo tratadas de forma gen\u00e9rica e branda, por meio dos tipos penais de<br \/>\ndesobedi\u00eancia ou resist\u00eancia, ou ainda apenas como infra\u00e7\u00e3o administrativa prevista<br \/>\nno C\u00f3digo de Tr\u00e2nsito Brasileiro. Tal cen\u00e1rio gera impunidade, inseguran\u00e7a jur\u00eddica<br \/>\ne desprote\u00e7\u00e3o tanto \u00e0 sociedade civil quanto aos agentes de seguran\u00e7a p\u00fablica.<br \/>\nA presente proposta busca reverter esse quadro, instituindo tipo<br \/>\npenal pr\u00f3prio no C\u00f3digo Penal, com penas proporcionais \u00e0 gravidade da conduta,<br \/>\npreservando a possibilidade de aplica\u00e7\u00e3o simult\u00e2nea das san\u00e7\u00f5es administrativas<br \/>\nprevistas na legisla\u00e7\u00e3o de tr\u00e2nsito.<br \/>\nC\u00e2mara dos Deputados, Anexo III, Gabinete 569, CEP 70160-900 &#8211; Bras\u00edlia\/DF<br \/>\ndep.sargentogoncalves@camara.leg.br | (61) 3215-5569 \/ 3215-3569<br \/>\nPara verificar a assinatura, acesse https:\/\/infoleg-autenticidade-assinatura.camara.leg.br\/CD252224512500<br \/>\nAssinado eletronicamente pelo(a) Dep. Sargento Gon\u00e7alves<br \/>\nApresenta\u00e7\u00e3o: 26\/08\/2025 14:05:26.060 &#8211; Mesa<br \/>\n*CD252224512500* PL n.4213\/2025<br \/>C\u00c2MARA DOS DEPUTADOS<br \/>\nGABINETE DO DEPUTADO SARGENTO GON\u00c7ALVES<br \/>\nImportante destacar que o condutor que, deliberadamente,<br \/>\ndesobedece \u00e0 ordem de parada emanada de autoridade competente e empreende fuga<br \/>\nem alta velocidade assume voluntariamente os riscos inerentes \u00e0 sua conduta, tanto<br \/>\nem rela\u00e7\u00e3o \u00e0 pr\u00f3pria integridade f\u00edsica quanto \u00e0 integridade de terceiros.<br \/>\nAs vias p\u00fablicas e cal\u00e7adas est\u00e3o regularmente ocupadas por<br \/>\ntranseuntes, ciclistas, crian\u00e7as, idosos, trabalhadores e demais usu\u00e1rios vulner\u00e1veis,<br \/>\nque se tornam alvos potenciais do ve\u00edculo conduzido em fuga. Ao transpor a barreira<br \/>\nde fiscaliza\u00e7\u00e3o, o infrator exp\u00f5e essas pessoas a perigo concreto de atropelamento,<br \/>\ncolis\u00f5es ou outros eventos danosos de natureza grave.<br \/>\nAl\u00e9m disso, os agentes p\u00fablicos envolvidos na tentativa de conter a<br \/>\nfuga passam a ocupar posi\u00e7\u00e3o de extrema vulnerabilidade. A persegui\u00e7\u00e3o policial em<br \/>\nalta velocidade, especialmente em ambiente urbano, representa risco real e elevado \u00e0<br \/>\nvida dos policiais, que se veem for\u00e7ados a executar manobras perigosas, sob amea\u00e7a<br \/>\ndireta de acidente de tr\u00e2nsito ou emboscada.<br \/>\nDessa forma, o uso da for\u00e7a por parte do agente estatal, inclusive<br \/>\nmediante emprego de arma de fogo, deve ser compreendido como leg\u00edtimo e<br \/>\nnecess\u00e1rio, nos estritos termos da legalidade, com o objetivo de cessar a amea\u00e7a<br \/>\niminente e proteger vidas \u2014 n\u00e3o apenas dos pr\u00f3prios policiais, mas de toda a<br \/>\ncoletividade presente no ambiente urbano.<br \/>\nCom a inclus\u00e3o de crit\u00e9rios objetivos para o reconhecimento da<br \/>\nlegitimidade da a\u00e7\u00e3o policial e a previs\u00e3o da presun\u00e7\u00e3o de legalidade do ato,<br \/>\nassegura-se seguran\u00e7a jur\u00eddica aos operadores da seguran\u00e7a p\u00fablica, sem preju\u00edzo da<br \/>\napura\u00e7\u00e3o e responsabiliza\u00e7\u00e3o em caso de excessos comprovados.<br \/>\nTrata-se, portanto, de proposi\u00e7\u00e3o que fortalece a repress\u00e3o penal \u00e0<br \/>\nconduta altamente lesiva de fuga de fiscaliza\u00e7\u00e3o, ao mesmo tempo em que valoriza a<br \/>\nfun\u00e7\u00e3o policial e protege a vida da popula\u00e7\u00e3o que ocupa o espa\u00e7o urbano.<br \/>\nPelo exposto, solicita-se o apoio dos nobres Parlamentares \u00e0<br \/>\naprova\u00e7\u00e3o do presente Projeto de Lei.<br \/>\nSala das Sess\u00f5es, 22 de abril de 2025.<br \/>\nC\u00e2mara dos Deputados, Anexo III, Gabinete 569, CEP 70160-900 &#8211; Bras\u00edlia\/DF<br \/>\ndep.sargentogoncalves@camara.leg.br | (61) 3215-5569 \/ 3215-3569<br \/>\nPara verificar a assinatura, acesse https:\/\/infoleg-autenticidade-assinatura.camara.leg.br\/CD252224512500<br \/>\nAssinado eletronicamente pelo(a) Dep. Sargento Gon\u00e7alves<br \/>\nApresenta\u00e7\u00e3o: 26\/08\/2025 14:05:26.060 &#8211; Mesa<br \/>\n*CD252224512500* PL n.4213\/2025<br \/>C\u00c2MARA DOS DEPUTADOS<br \/>\nGABINETE DO DEPUTADO SARGENTO GON\u00c7ALVES<br \/>\nDeputado SARGENTO GON\u00c7ALVES<br \/>\nPL\/RN<br \/>\nC\u00e2mara dos Deputados, Anexo III, Gabinete 569, CEP 70160-900 &#8211; Bras\u00edlia\/DF<br \/>\ndep.sargentogoncalves@camara.leg.br | (61) 3215-5569 \/ 3215-3569<br \/>\nPara verificar a assinatura, acesse https:\/\/infoleg-autenticidade-assinatura.camara.leg.br\/CD252224512500<br \/>\nAssinado eletronicamente pelo(a) Dep. Sargento Gon\u00e7alves<br \/>\nApresenta\u00e7\u00e3o: 26\/08\/2025 14:05:26.060 &#8211; Mesa<br \/>\n*CD252224512500* PL n.4213\/2025<\/article>\n<p><a href='https:\/\/app.legislapp.com.br\/#\/busca?termo='><\/a><\/p>\n<div style=\"text-align: center\">\n      <img decoding=\"async\" style=\"width: 14%;\" src=\"https:\/\/www.legislapp.com.br\/wp-content\/uploads\/2021\/07\/Logo-Legislapp-1-03-1.png\"><br \/>\n      <\/p>\n<div style=\"margin-bottom: 20px;\" class=\"et_pb_button_module_wrapper et_pb_button_5_tb_body_wrapper et_pb_button_alignment_center et_pb_module \">\n         <a class=\"et_pb_button et_pb_button_5_tb_body et_hover_enabled et_pb_bg_layout_dark\" style=\"width: 50%;background-color: black;\" href=\"https:\/\/app.legislapp.com.br\" target=\"_blank\" rel=\"noopener\">Visualizar completo na nossa plataforma (30 dias gr\u00e1tis)<\/a><\/p><\/div>\n<p>      <a href=\"https:\/\/play.google.com\/store\/apps\/details?id=br.com.legislapp\"><img decoding=\"async\" style=\"width: 15%; min-width: 130px;\" src=\"https:\/\/www.legislapp.com.br\/wp-content\/uploads\/google-play.png\"><\/a><br \/>\n      <a href=\"https:\/\/apps.apple.com\/us\/app\/legislapp\/id1568929859\"><img decoding=\"async\" style=\"width: 15%; min-width: 130px\" src=\"https:\/\/www.legislapp.com.br\/wp-content\/uploads\/apple-store.png\"><\/a>\n   <\/div>\n","protected":false},"excerpt":{"rendered":"<p>Avulso Inicial &#8211; Autoria de Sargento Gon\u00e7alves C\u00c2MARA DOS DEPUTADOS GABINETE DO DEPUTADO SARGENTO GON\u00c7ALVES PROJETO DE LEI N\u00ba , DE 2025 (Do Sr. SARGENTO GON\u00c7ALVES) Altera o Decreto-Lei n\u00ba 2.848, de 07 de dezembro de 1940 (C\u00f3digo Penal), para tipificar o crime de fuga de blitz com dire\u00e7\u00e3o perigosa. O Congresso Nacional decreta: Art. [&hellip;]<\/p>\n","protected":false},"author":1,"featured_media":0,"parent":0,"menu_order":0,"comment_status":"closed","ping_status":"closed","template":"page-template-blank.php","meta":{"_et_pb_use_builder":"","_et_pb_old_content":"","_et_gb_content_width":"1080","ngg_post_thumbnail":0,"footnotes":""},"class_list":["post-10628","page","type-page","status-publish","hentry"],"yoast_head":"<!-- This site is optimized with the Yoast SEO plugin v24.4 - https:\/\/yoast.com\/wordpress\/plugins\/seo\/ -->\n<title>Avulso Inicial - PL 4213\/2025 - C\u00e2mara - Legislapp<\/title>\n<meta name=\"robots\" content=\"index, follow, max-snippet:-1, max-image-preview:large, max-video-preview:-1\" \/>\n<link rel=\"canonical\" href=\"https:\/\/www.legislapp.com.br\/index.php\/avulso-inicial-pl-4213-2025-camara\/\" \/>\n<meta property=\"og:locale\" content=\"pt_BR\" \/>\n<meta property=\"og:type\" content=\"article\" \/>\n<meta property=\"og:title\" content=\"Avulso Inicial - PL 4213\/2025 - C\u00e2mara - Legislapp\" \/>\n<meta property=\"og:description\" content=\"Avulso Inicial &#8211; Autoria de Sargento Gon\u00e7alves C\u00c2MARA DOS DEPUTADOS GABINETE DO DEPUTADO SARGENTO GON\u00c7ALVES PROJETO DE LEI N\u00ba , DE 2025 (Do Sr. SARGENTO GON\u00c7ALVES) Altera o Decreto-Lei n\u00ba 2.848, de 07 de dezembro de 1940 (C\u00f3digo Penal), para tipificar o crime de fuga de blitz com dire\u00e7\u00e3o perigosa. O Congresso Nacional decreta: Art. [&hellip;]\" \/>\n<meta property=\"og:url\" content=\"https:\/\/www.legislapp.com.br\/index.php\/avulso-inicial-pl-4213-2025-camara\/\" \/>\n<meta property=\"og:site_name\" content=\"Legislapp\" \/>\n<meta property=\"article:publisher\" content=\"https:\/\/www.instagram.com\/legislapp\/\" \/>\n<meta property=\"og:image\" content=\"https:\/\/www.legislapp.com.br\/wp-content\/uploads\/2021\/07\/Logo-Legislapp-1-03-1.png\" \/>\n<meta name=\"twitter:card\" content=\"summary_large_image\" \/>\n<meta name=\"twitter:label1\" content=\"Est. tempo de leitura\" \/>\n\t<meta name=\"twitter:data1\" content=\"5 minutos\" \/>\n<script type=\"application\/ld+json\" class=\"yoast-schema-graph\">{\"@context\":\"https:\/\/schema.org\",\"@graph\":[{\"@type\":\"WebPage\",\"@id\":\"https:\/\/www.legislapp.com.br\/index.php\/avulso-inicial-pl-4213-2025-camara\/\",\"url\":\"https:\/\/www.legislapp.com.br\/index.php\/avulso-inicial-pl-4213-2025-camara\/\",\"name\":\"Avulso Inicial - PL 4213\/2025 - C\u00e2mara - Legislapp\",\"isPartOf\":{\"@id\":\"https:\/\/www.legislapp.com.br\/#website\"},\"primaryImageOfPage\":{\"@id\":\"https:\/\/www.legislapp.com.br\/index.php\/avulso-inicial-pl-4213-2025-camara\/#primaryimage\"},\"image\":{\"@id\":\"https:\/\/www.legislapp.com.br\/index.php\/avulso-inicial-pl-4213-2025-camara\/#primaryimage\"},\"thumbnailUrl\":\"https:\/\/www.legislapp.com.br\/wp-content\/uploads\/2021\/07\/Logo-Legislapp-1-03-1.png\",\"datePublished\":\"2025-12-01T14:30:10+00:00\",\"breadcrumb\":{\"@id\":\"https:\/\/www.legislapp.com.br\/index.php\/avulso-inicial-pl-4213-2025-camara\/#breadcrumb\"},\"inLanguage\":\"pt-BR\",\"potentialAction\":[{\"@type\":\"ReadAction\",\"target\":[\"https:\/\/www.legislapp.com.br\/index.php\/avulso-inicial-pl-4213-2025-camara\/\"]}]},{\"@type\":\"ImageObject\",\"inLanguage\":\"pt-BR\",\"@id\":\"https:\/\/www.legislapp.com.br\/index.php\/avulso-inicial-pl-4213-2025-camara\/#primaryimage\",\"url\":\"https:\/\/www.legislapp.com.br\/wp-content\/uploads\/2021\/07\/Logo-Legislapp-1-03-1.png\",\"contentUrl\":\"https:\/\/www.legislapp.com.br\/wp-content\/uploads\/2021\/07\/Logo-Legislapp-1-03-1.png\",\"width\":2679,\"height\":2697},{\"@type\":\"BreadcrumbList\",\"@id\":\"https:\/\/www.legislapp.com.br\/index.php\/avulso-inicial-pl-4213-2025-camara\/#breadcrumb\",\"itemListElement\":[{\"@type\":\"ListItem\",\"position\":1,\"name\":\"In\u00edcio\",\"item\":\"https:\/\/www.legislapp.com.br\/\"},{\"@type\":\"ListItem\",\"position\":2,\"name\":\"Avulso Inicial &#8211; PL 4213\/2025 &#8211; C\u00e2mara\"}]},{\"@type\":\"WebSite\",\"@id\":\"https:\/\/www.legislapp.com.br\/#website\",\"url\":\"https:\/\/www.legislapp.com.br\/\",\"name\":\"Legislapp\",\"description\":\"Intelig\u00eancia governamental em tempo real\",\"publisher\":{\"@id\":\"https:\/\/www.legislapp.com.br\/#organization\"},\"potentialAction\":[{\"@type\":\"SearchAction\",\"target\":{\"@type\":\"EntryPoint\",\"urlTemplate\":\"https:\/\/www.legislapp.com.br\/?s={search_term_string}\"},\"query-input\":{\"@type\":\"PropertyValueSpecification\",\"valueRequired\":true,\"valueName\":\"search_term_string\"}}],\"inLanguage\":\"pt-BR\"},{\"@type\":\"Organization\",\"@id\":\"https:\/\/www.legislapp.com.br\/#organization\",\"name\":\"Legislapp Monitoramento e Intelig\u00eancia Governamental\",\"url\":\"https:\/\/www.legislapp.com.br\/\",\"logo\":{\"@type\":\"ImageObject\",\"inLanguage\":\"pt-BR\",\"@id\":\"https:\/\/www.legislapp.com.br\/#\/schema\/logo\/image\/\",\"url\":\"https:\/\/www.legislapp.com.br\/wp-content\/uploads\/icon.png\",\"contentUrl\":\"https:\/\/www.legislapp.com.br\/wp-content\/uploads\/icon.png\",\"width\":1024,\"height\":1024,\"caption\":\"Legislapp Monitoramento e Intelig\u00eancia Governamental\"},\"image\":{\"@id\":\"https:\/\/www.legislapp.com.br\/#\/schema\/logo\/image\/\"},\"sameAs\":[\"https:\/\/www.instagram.com\/legislapp\/\"]}]}<\/script>\n<!-- \/ Yoast SEO plugin. -->","yoast_head_json":{"title":"Avulso Inicial - PL 4213\/2025 - C\u00e2mara - Legislapp","robots":{"index":"index","follow":"follow","max-snippet":"max-snippet:-1","max-image-preview":"max-image-preview:large","max-video-preview":"max-video-preview:-1"},"canonical":"https:\/\/www.legislapp.com.br\/index.php\/avulso-inicial-pl-4213-2025-camara\/","og_locale":"pt_BR","og_type":"article","og_title":"Avulso Inicial - PL 4213\/2025 - C\u00e2mara - Legislapp","og_description":"Avulso Inicial &#8211; Autoria de Sargento Gon\u00e7alves C\u00c2MARA DOS DEPUTADOS GABINETE DO DEPUTADO SARGENTO GON\u00c7ALVES PROJETO DE LEI N\u00ba , DE 2025 (Do Sr. SARGENTO GON\u00c7ALVES) Altera o Decreto-Lei n\u00ba 2.848, de 07 de dezembro de 1940 (C\u00f3digo Penal), para tipificar o crime de fuga de blitz com dire\u00e7\u00e3o perigosa. O Congresso Nacional decreta: Art. [&hellip;]","og_url":"https:\/\/www.legislapp.com.br\/index.php\/avulso-inicial-pl-4213-2025-camara\/","og_site_name":"Legislapp","article_publisher":"https:\/\/www.instagram.com\/legislapp\/","og_image":[{"url":"https:\/\/www.legislapp.com.br\/wp-content\/uploads\/2021\/07\/Logo-Legislapp-1-03-1.png","type":"","width":"","height":""}],"twitter_card":"summary_large_image","twitter_misc":{"Est. tempo de leitura":"5 minutos"},"schema":{"@context":"https:\/\/schema.org","@graph":[{"@type":"WebPage","@id":"https:\/\/www.legislapp.com.br\/index.php\/avulso-inicial-pl-4213-2025-camara\/","url":"https:\/\/www.legislapp.com.br\/index.php\/avulso-inicial-pl-4213-2025-camara\/","name":"Avulso Inicial - PL 4213\/2025 - C\u00e2mara - Legislapp","isPartOf":{"@id":"https:\/\/www.legislapp.com.br\/#website"},"primaryImageOfPage":{"@id":"https:\/\/www.legislapp.com.br\/index.php\/avulso-inicial-pl-4213-2025-camara\/#primaryimage"},"image":{"@id":"https:\/\/www.legislapp.com.br\/index.php\/avulso-inicial-pl-4213-2025-camara\/#primaryimage"},"thumbnailUrl":"https:\/\/www.legislapp.com.br\/wp-content\/uploads\/2021\/07\/Logo-Legislapp-1-03-1.png","datePublished":"2025-12-01T14:30:10+00:00","breadcrumb":{"@id":"https:\/\/www.legislapp.com.br\/index.php\/avulso-inicial-pl-4213-2025-camara\/#breadcrumb"},"inLanguage":"pt-BR","potentialAction":[{"@type":"ReadAction","target":["https:\/\/www.legislapp.com.br\/index.php\/avulso-inicial-pl-4213-2025-camara\/"]}]},{"@type":"ImageObject","inLanguage":"pt-BR","@id":"https:\/\/www.legislapp.com.br\/index.php\/avulso-inicial-pl-4213-2025-camara\/#primaryimage","url":"https:\/\/www.legislapp.com.br\/wp-content\/uploads\/2021\/07\/Logo-Legislapp-1-03-1.png","contentUrl":"https:\/\/www.legislapp.com.br\/wp-content\/uploads\/2021\/07\/Logo-Legislapp-1-03-1.png","width":2679,"height":2697},{"@type":"BreadcrumbList","@id":"https:\/\/www.legislapp.com.br\/index.php\/avulso-inicial-pl-4213-2025-camara\/#breadcrumb","itemListElement":[{"@type":"ListItem","position":1,"name":"In\u00edcio","item":"https:\/\/www.legislapp.com.br\/"},{"@type":"ListItem","position":2,"name":"Avulso Inicial &#8211; PL 4213\/2025 &#8211; C\u00e2mara"}]},{"@type":"WebSite","@id":"https:\/\/www.legislapp.com.br\/#website","url":"https:\/\/www.legislapp.com.br\/","name":"Legislapp","description":"Intelig\u00eancia governamental em tempo real","publisher":{"@id":"https:\/\/www.legislapp.com.br\/#organization"},"potentialAction":[{"@type":"SearchAction","target":{"@type":"EntryPoint","urlTemplate":"https:\/\/www.legislapp.com.br\/?s={search_term_string}"},"query-input":{"@type":"PropertyValueSpecification","valueRequired":true,"valueName":"search_term_string"}}],"inLanguage":"pt-BR"},{"@type":"Organization","@id":"https:\/\/www.legislapp.com.br\/#organization","name":"Legislapp Monitoramento e Intelig\u00eancia Governamental","url":"https:\/\/www.legislapp.com.br\/","logo":{"@type":"ImageObject","inLanguage":"pt-BR","@id":"https:\/\/www.legislapp.com.br\/#\/schema\/logo\/image\/","url":"https:\/\/www.legislapp.com.br\/wp-content\/uploads\/icon.png","contentUrl":"https:\/\/www.legislapp.com.br\/wp-content\/uploads\/icon.png","width":1024,"height":1024,"caption":"Legislapp Monitoramento e Intelig\u00eancia Governamental"},"image":{"@id":"https:\/\/www.legislapp.com.br\/#\/schema\/logo\/image\/"},"sameAs":["https:\/\/www.instagram.com\/legislapp\/"]}]}},"_links":{"self":[{"href":"https:\/\/www.legislapp.com.br\/index.php\/wp-json\/wp\/v2\/pages\/10628","targetHints":{"allow":["GET"]}}],"collection":[{"href":"https:\/\/www.legislapp.com.br\/index.php\/wp-json\/wp\/v2\/pages"}],"about":[{"href":"https:\/\/www.legislapp.com.br\/index.php\/wp-json\/wp\/v2\/types\/page"}],"author":[{"embeddable":true,"href":"https:\/\/www.legislapp.com.br\/index.php\/wp-json\/wp\/v2\/users\/1"}],"replies":[{"embeddable":true,"href":"https:\/\/www.legislapp.com.br\/index.php\/wp-json\/wp\/v2\/comments?post=10628"}],"version-history":[{"count":0,"href":"https:\/\/www.legislapp.com.br\/index.php\/wp-json\/wp\/v2\/pages\/10628\/revisions"}],"wp:attachment":[{"href":"https:\/\/www.legislapp.com.br\/index.php\/wp-json\/wp\/v2\/media?parent=10628"}],"curies":[{"name":"wp","href":"https:\/\/api.w.org\/{rel}","templated":true}]}}