{"id":10645,"date":"2025-12-01T11:30:59","date_gmt":"2025-12-01T14:30:59","guid":{"rendered":"https:\/\/www.legislapp.com.br\/index.php\/avulso-inicial-pl-3932-2025-camara\/"},"modified":"2025-12-01T11:30:59","modified_gmt":"2025-12-01T14:30:59","slug":"avulso-inicial-pl-3932-2025-camara","status":"publish","type":"page","link":"https:\/\/www.legislapp.com.br\/index.php\/avulso-inicial-pl-3932-2025-camara\/","title":{"rendered":"Avulso Inicial &#8211; PL 3932\/2025 &#8211; C\u00e2mara"},"content":{"rendered":"<h1 style='text-align: center;'>Avulso Inicial &#8211; Autoria de Jilmar Tatto<\/h3>\n<p><\/p>\n<article>PROJETO DE LEI N\u00ba          , DE 2025<br \/>\n(Do Sr. JILMAR TATTO)<br \/>\nAltera a Lei n\u00ba 9.478, de 1997, e a Lei<br \/>\nn\u00ba 12.351, de 2010, para destinar parcela<br \/>\ndos royalties devidos pela produ\u00e7\u00e3o de<br \/>\npetr\u00f3leo e de g\u00e1s natural para o custeio de<br \/>\ntarifa zero do transporte coletivo urbano de<br \/>\npassageiros.<br \/>\nO Congresso Nacional decreta:<br \/>\nArt. 1\u00ba Esta Lei altera a Lei n\u00ba 9.478, de 6 de agosto de 1997, e<br \/>\na Lei n\u00ba 12.351, de 22 de dezembro de 2010, com o prop\u00f3sito de destinar<br \/>\nparcela dos royalties devidos pela produ\u00e7\u00e3o de petr\u00f3leo e de g\u00e1s natural para o<br \/>\ncusteio de tarifa zero do transporte coletivo urbano de passageiros.<br \/>\nArt. 2\u00ba A Lei n\u00ba 9.478, de 1997, passa a vigorar com as<br \/>\nseguintes altera\u00e7\u00f5es:<br \/>\n\u201cArt. 47. Os royalties ser\u00e3o pagos mensalmente, em moeda<br \/>\nnacional, a partir da data de in\u00edcio da produ\u00e7\u00e3o comercial de<br \/>\ncada campo, em montante correspondente a onze por cento da<br \/>\nprodu\u00e7\u00e3o de petr\u00f3leo ou g\u00e1s natural.<br \/>\n&#8230;&#8230;&#8230;&#8230;&#8230;&#8230;&#8230;&#8230;&#8230;&#8230;&#8230;&#8230;&#8230;&#8230;&#8230;&#8230;&#8230;&#8230;&#8230;&#8230;&#8230;&#8230;&#8230;&#8230;&#8230;&#8230;&#8230;&#8230;&#8230;&#8230;.\u201d (NR)<br \/>\n\u201cArt. 47-A. O montante de royalties de que trata o caput do art.<br \/>\n47 desta Lei ter\u00e1 a seguinte distribui\u00e7\u00e3o:<br \/>\nI \u2013 a parcela correspondente a at\u00e9 dez por cento do valor da<br \/>\nprodu\u00e7\u00e3o ser\u00e1 distribu\u00edda em conformidade com o disposto nos<br \/>\narts. 48 a 49-C desta Lei; e<br \/>\nII \u2013 a parcela dos royalties que exceder a dez por cento da<br \/>\nprodu\u00e7\u00e3o ser\u00e1 destinada a subsidiar o transporte p\u00fablico<br \/>\ncoletivo urbano nos Munic\u00edpios que oferecem o servi\u00e7o sem<br \/>\ncobran\u00e7a de tarifa ao usu\u00e1rio, nos termos do regulamento.\u201d<br \/>\nArt. 3\u00ba A Lei n\u00ba 12.351, de 2010, passa a vigorar com as<br \/>\nseguintes altera\u00e7\u00f5es:<br \/>\n\u201cArt. 42. &#8230;&#8230;&#8230;&#8230;&#8230;&#8230;&#8230;&#8230;&#8230;&#8230;&#8230;&#8230;&#8230;&#8230;&#8230;&#8230;&#8230;&#8230;&#8230;&#8230;&#8230;&#8230;&#8230;&#8230;&#8230;&#8230;&#8230;&#8230;&#8230;.<br \/>\nPara verificar a assinatura, acesse https:\/\/infoleg-autenticidade-assinatura.camara.leg.br\/CD256756511900<br \/>\nAssinado eletronicamente pelo(a) Dep. Jilmar Tatto<br \/>\nApresenta\u00e7\u00e3o: 12\/08\/2025 17:22:49.167 &#8211; Mesa<br \/>\n*CD256756511900* PL n.3932\/2025<br \/>2<br \/>\n&#8230;&#8230;&#8230;&#8230;&#8230;&#8230;&#8230;&#8230;&#8230;&#8230;&#8230;&#8230;&#8230;&#8230;&#8230;&#8230;&#8230;&#8230;&#8230;&#8230;&#8230;&#8230;&#8230;&#8230;&#8230;&#8230;&#8230;&#8230;&#8230;&#8230;&#8230;&#8230;&#8230;..<br \/>\n\u00a7 1\u00ba Os royalties, com al\u00edquota de 16% (dezesseis por cento)<br \/>\ndo valor da produ\u00e7\u00e3o, correspondem \u00e0 compensa\u00e7\u00e3o financeira<br \/>\npela explora\u00e7\u00e3o do petr\u00f3leo, de g\u00e1s natural e de outros<br \/>\nhidrocarbonetos l\u00edquidos de que trata o \u00a7 1\u00ba do art. 20 da<br \/>\nConstitui\u00e7\u00e3o Federal, sendo vedado, em qualquer hip\u00f3tese,<br \/>\nseu ressarcimento ao contratado e sua inclus\u00e3o no c\u00e1lculo do<br \/>\ncusto em \u00f3leo.<br \/>\n&#8230;&#8230;&#8230;&#8230;&#8230;&#8230;&#8230;&#8230;&#8230;&#8230;&#8230;&#8230;&#8230;&#8230;&#8230;&#8230;&#8230;&#8230;&#8230;&#8230;&#8230;&#8230;&#8230;&#8230;&#8230;&#8230;&#8230;&#8230;&#8230;.\u201d (NR)<br \/>\n\u201cArt. 42-B. A parcela dos royalties correspondente a at\u00e9 quinze<br \/>\npor cento do valor da produ\u00e7\u00e3o de petr\u00f3leo, de g\u00e1s natural e de<br \/>\noutros hidrocarbonetos fluidos sob o regime de partilha de<br \/>\nprodu\u00e7\u00e3o ser\u00e1 distribu\u00edda da seguinte forma:<br \/>\n&#8230;&#8230;&#8230;&#8230;&#8230;&#8230;&#8230;&#8230;&#8230;&#8230;&#8230;&#8230;&#8230;&#8230;&#8230;&#8230;&#8230;&#8230;&#8230;&#8230;&#8230;&#8230;&#8230;&#8230;&#8230;&#8230;&#8230;&#8230;&#8230;&#8230;..\u201d (NR)<br \/>\n\u201cArt. 42-D. A parcela dos royalties que exceder a quinze por<br \/>\ncento do valor da produ\u00e7\u00e3o de petr\u00f3leo, de g\u00e1s natural e de<br \/>\noutros hidrocarbonetos fluidos sob o regime de partilha de<br \/>\nprodu\u00e7\u00e3o ser\u00e1 destinada a subsidiar o transporte p\u00fablico<br \/>\ncoletivo urbano nos Munic\u00edpios que oferecem o servi\u00e7o sem<br \/>\ncobran\u00e7a de tarifa ao usu\u00e1rio, nos termos do regulamento.\u201d<br \/>\nArt. 4\u00ba Esta Lei entra em vigor na data de sua publica\u00e7\u00e3o.<br \/>\nJUSTIFICA\u00c7\u00c3O<br \/>\nO petr\u00f3leo \u00e9 um recurso natural finito e estrat\u00e9gico que<br \/>\npertence \u00e0 Uni\u00e3o, sendo bem p\u00fablico cuja explora\u00e7\u00e3o deve ser conduzida com<br \/>\nresponsabilidade e visando o benef\u00edcio coletivo da sociedade brasileira. Os<br \/>\nroyalties incidentes sobre a produ\u00e7\u00e3o de petr\u00f3leo e g\u00e1s natural representam<br \/>\numa compensa\u00e7\u00e3o financeira justa pela extra\u00e7\u00e3o desses recursos n\u00e3o<br \/>\nrenov\u00e1veis, que devem ser utilizados para promover o desenvolvimento social<br \/>\ne econ\u00f4mico do Pa\u00eds. Nesse sentido, \u00e9 imprescind\u00edvel que parte desses<br \/>\nrecursos seja direcionada para pol\u00edticas p\u00fablicas que gerem impactos positivos<br \/>\ne duradouros para a popula\u00e7\u00e3o.<br \/>\nO custeio da tarifa zero no transporte coletivo urbano \u00e9 uma<br \/>\ndessas pol\u00edticas essenciais, pois promove a inclus\u00e3o social ao garantir o<br \/>\nacesso universal e gratuito ao transporte p\u00fablico, facilitando a mobilidade das<br \/>\ncamadas mais vulner\u00e1veis da sociedade. Al\u00e9m disso, a tarifa zero contribui<br \/>\nPara verificar a assinatura, acesse https:\/\/infoleg-autenticidade-assinatura.camara.leg.br\/CD256756511900<br \/>\nAssinado eletronicamente pelo(a) Dep. Jilmar Tatto<br \/>\nApresenta\u00e7\u00e3o: 12\/08\/2025 17:22:49.167 &#8211; Mesa<br \/>\n*CD256756511900* PL n.3932\/2025<br \/>3<br \/>\npara a redu\u00e7\u00e3o da desigualdade social, melhora a qualidade de vida nas<br \/>\ncidades e incentiva o uso do transporte coletivo, o que resulta em menor<br \/>\nemiss\u00e3o de poluentes e melhor fluidez do tr\u00e2nsito urbano, promovendo a<br \/>\nsustentabilidade ambiental.<br \/>\nConsiderando que a arrecada\u00e7\u00e3o tarif\u00e1ria sozinha n\u00e3o \u00e9<br \/>\nsuficiente para garantir a manuten\u00e7\u00e3o e a qualidade dos servi\u00e7os de transporte<br \/>\np\u00fablico, torna-se necess\u00e1rio buscar fontes complementares de financiamento.<br \/>\nA destina\u00e7\u00e3o de parte dos royalties da explora\u00e7\u00e3o do petr\u00f3leo para custear a<br \/>\ntarifa zero \u00e9 medida estrat\u00e9gica, que assegura que a riqueza gerada por um<br \/>\nrecurso finito seja revertida em benef\u00edcios sociais concretos e acess\u00edveis a toda<br \/>\na popula\u00e7\u00e3o. Al\u00e9m disso, essa iniciativa contribui para a constru\u00e7\u00e3o de modelo<br \/>\nurbano mais justo e sustent\u00e1vel, preparando as cidades brasileiras para os<br \/>\ndesafios futuros, especialmente diante da perspectiva de redu\u00e7\u00e3o gradual da<br \/>\nprodu\u00e7\u00e3o petrol\u00edfera.<br \/>\nAssim, considerando que o disposto neste projeto de lei<br \/>\ncontribuir\u00e1 significativamente para promover a justi\u00e7a social e a melhoria das<br \/>\ncondi\u00e7\u00f5es de vida nos centros urbanos brasileiros, utilizando de maneira<br \/>\nrespons\u00e1vel os recursos provenientes da explora\u00e7\u00e3o do petr\u00f3leo, solicitamos o<br \/>\ndecisivo apoio dos colegas Parlamentares para sua r\u00e1pida aprova\u00e7\u00e3o.<br \/>\nSala das Sess\u00f5es, em        de                     de 2025.<br \/>\nDeputado JILMAR TATTO<br \/>\n2025-11069<br \/>\nPara verificar a assinatura, acesse https:\/\/infoleg-autenticidade-assinatura.camara.leg.br\/CD256756511900<br \/>\nAssinado eletronicamente pelo(a) Dep. Jilmar Tatto<br \/>\nApresenta\u00e7\u00e3o: 12\/08\/2025 17:22:49.167 &#8211; Mesa<br \/>\n*CD256756511900* PL n.3932\/2025<\/article>\n<p><a href='https:\/\/app.legislapp.com.br\/#\/busca?termo='><\/a><\/p>\n<div style=\"text-align: center\">\n      <img decoding=\"async\" style=\"width: 14%;\" src=\"https:\/\/www.legislapp.com.br\/wp-content\/uploads\/2021\/07\/Logo-Legislapp-1-03-1.png\"><br \/>\n      <\/p>\n<div style=\"margin-bottom: 20px;\" class=\"et_pb_button_module_wrapper et_pb_button_5_tb_body_wrapper et_pb_button_alignment_center et_pb_module \">\n         <a class=\"et_pb_button et_pb_button_5_tb_body et_hover_enabled et_pb_bg_layout_dark\" style=\"width: 50%;background-color: black;\" href=\"https:\/\/app.legislapp.com.br\" target=\"_blank\" rel=\"noopener\">Visualizar completo na nossa plataforma (30 dias gr\u00e1tis)<\/a><\/p><\/div>\n<p>      <a href=\"https:\/\/play.google.com\/store\/apps\/details?id=br.com.legislapp\"><img decoding=\"async\" style=\"width: 15%; min-width: 130px;\" src=\"https:\/\/www.legislapp.com.br\/wp-content\/uploads\/google-play.png\"><\/a><br \/>\n      <a href=\"https:\/\/apps.apple.com\/us\/app\/legislapp\/id1568929859\"><img decoding=\"async\" style=\"width: 15%; min-width: 130px\" src=\"https:\/\/www.legislapp.com.br\/wp-content\/uploads\/apple-store.png\"><\/a>\n   <\/div>\n","protected":false},"excerpt":{"rendered":"<p>Avulso Inicial &#8211; Autoria de Jilmar Tatto PROJETO DE LEI N\u00ba , DE 2025 (Do Sr. JILMAR TATTO) Altera a Lei n\u00ba 9.478, de 1997, e a Lei n\u00ba 12.351, de 2010, para destinar parcela dos royalties devidos pela produ\u00e7\u00e3o de petr\u00f3leo e de g\u00e1s natural para o custeio de tarifa zero do transporte coletivo [&hellip;]<\/p>\n","protected":false},"author":1,"featured_media":0,"parent":0,"menu_order":0,"comment_status":"closed","ping_status":"closed","template":"page-template-blank.php","meta":{"_et_pb_use_builder":"","_et_pb_old_content":"","_et_gb_content_width":"1080","ngg_post_thumbnail":0,"footnotes":""},"class_list":["post-10645","page","type-page","status-publish","hentry"],"yoast_head":"<!-- This site is optimized with the Yoast SEO plugin v24.4 - https:\/\/yoast.com\/wordpress\/plugins\/seo\/ -->\n<title>Avulso Inicial - PL 3932\/2025 - C\u00e2mara - Legislapp<\/title>\n<meta name=\"robots\" content=\"index, follow, max-snippet:-1, max-image-preview:large, max-video-preview:-1\" \/>\n<link rel=\"canonical\" href=\"https:\/\/www.legislapp.com.br\/index.php\/avulso-inicial-pl-3932-2025-camara\/\" \/>\n<meta property=\"og:locale\" content=\"pt_BR\" \/>\n<meta property=\"og:type\" content=\"article\" \/>\n<meta property=\"og:title\" content=\"Avulso Inicial - PL 3932\/2025 - C\u00e2mara - Legislapp\" \/>\n<meta property=\"og:description\" content=\"Avulso Inicial &#8211; Autoria de Jilmar Tatto PROJETO DE LEI N\u00ba , DE 2025 (Do Sr. JILMAR TATTO) Altera a Lei n\u00ba 9.478, de 1997, e a Lei n\u00ba 12.351, de 2010, para destinar parcela dos royalties devidos pela produ\u00e7\u00e3o de petr\u00f3leo e de g\u00e1s natural para o custeio de tarifa zero do transporte coletivo [&hellip;]\" \/>\n<meta property=\"og:url\" content=\"https:\/\/www.legislapp.com.br\/index.php\/avulso-inicial-pl-3932-2025-camara\/\" \/>\n<meta property=\"og:site_name\" content=\"Legislapp\" \/>\n<meta property=\"article:publisher\" content=\"https:\/\/www.instagram.com\/legislapp\/\" \/>\n<meta property=\"og:image\" content=\"https:\/\/www.legislapp.com.br\/wp-content\/uploads\/2021\/07\/Logo-Legislapp-1-03-1.png\" \/>\n<meta name=\"twitter:card\" content=\"summary_large_image\" \/>\n<meta name=\"twitter:label1\" content=\"Est. tempo de leitura\" \/>\n\t<meta name=\"twitter:data1\" content=\"5 minutos\" \/>\n<script type=\"application\/ld+json\" class=\"yoast-schema-graph\">{\"@context\":\"https:\/\/schema.org\",\"@graph\":[{\"@type\":\"WebPage\",\"@id\":\"https:\/\/www.legislapp.com.br\/index.php\/avulso-inicial-pl-3932-2025-camara\/\",\"url\":\"https:\/\/www.legislapp.com.br\/index.php\/avulso-inicial-pl-3932-2025-camara\/\",\"name\":\"Avulso Inicial - PL 3932\/2025 - C\u00e2mara - Legislapp\",\"isPartOf\":{\"@id\":\"https:\/\/www.legislapp.com.br\/#website\"},\"primaryImageOfPage\":{\"@id\":\"https:\/\/www.legislapp.com.br\/index.php\/avulso-inicial-pl-3932-2025-camara\/#primaryimage\"},\"image\":{\"@id\":\"https:\/\/www.legislapp.com.br\/index.php\/avulso-inicial-pl-3932-2025-camara\/#primaryimage\"},\"thumbnailUrl\":\"https:\/\/www.legislapp.com.br\/wp-content\/uploads\/2021\/07\/Logo-Legislapp-1-03-1.png\",\"datePublished\":\"2025-12-01T14:30:59+00:00\",\"breadcrumb\":{\"@id\":\"https:\/\/www.legislapp.com.br\/index.php\/avulso-inicial-pl-3932-2025-camara\/#breadcrumb\"},\"inLanguage\":\"pt-BR\",\"potentialAction\":[{\"@type\":\"ReadAction\",\"target\":[\"https:\/\/www.legislapp.com.br\/index.php\/avulso-inicial-pl-3932-2025-camara\/\"]}]},{\"@type\":\"ImageObject\",\"inLanguage\":\"pt-BR\",\"@id\":\"https:\/\/www.legislapp.com.br\/index.php\/avulso-inicial-pl-3932-2025-camara\/#primaryimage\",\"url\":\"https:\/\/www.legislapp.com.br\/wp-content\/uploads\/2021\/07\/Logo-Legislapp-1-03-1.png\",\"contentUrl\":\"https:\/\/www.legislapp.com.br\/wp-content\/uploads\/2021\/07\/Logo-Legislapp-1-03-1.png\",\"width\":2679,\"height\":2697},{\"@type\":\"BreadcrumbList\",\"@id\":\"https:\/\/www.legislapp.com.br\/index.php\/avulso-inicial-pl-3932-2025-camara\/#breadcrumb\",\"itemListElement\":[{\"@type\":\"ListItem\",\"position\":1,\"name\":\"In\u00edcio\",\"item\":\"https:\/\/www.legislapp.com.br\/\"},{\"@type\":\"ListItem\",\"position\":2,\"name\":\"Avulso Inicial &#8211; PL 3932\/2025 &#8211; C\u00e2mara\"}]},{\"@type\":\"WebSite\",\"@id\":\"https:\/\/www.legislapp.com.br\/#website\",\"url\":\"https:\/\/www.legislapp.com.br\/\",\"name\":\"Legislapp\",\"description\":\"Intelig\u00eancia governamental em tempo real\",\"publisher\":{\"@id\":\"https:\/\/www.legislapp.com.br\/#organization\"},\"potentialAction\":[{\"@type\":\"SearchAction\",\"target\":{\"@type\":\"EntryPoint\",\"urlTemplate\":\"https:\/\/www.legislapp.com.br\/?s={search_term_string}\"},\"query-input\":{\"@type\":\"PropertyValueSpecification\",\"valueRequired\":true,\"valueName\":\"search_term_string\"}}],\"inLanguage\":\"pt-BR\"},{\"@type\":\"Organization\",\"@id\":\"https:\/\/www.legislapp.com.br\/#organization\",\"name\":\"Legislapp Monitoramento e Intelig\u00eancia Governamental\",\"url\":\"https:\/\/www.legislapp.com.br\/\",\"logo\":{\"@type\":\"ImageObject\",\"inLanguage\":\"pt-BR\",\"@id\":\"https:\/\/www.legislapp.com.br\/#\/schema\/logo\/image\/\",\"url\":\"https:\/\/www.legislapp.com.br\/wp-content\/uploads\/icon.png\",\"contentUrl\":\"https:\/\/www.legislapp.com.br\/wp-content\/uploads\/icon.png\",\"width\":1024,\"height\":1024,\"caption\":\"Legislapp Monitoramento e Intelig\u00eancia Governamental\"},\"image\":{\"@id\":\"https:\/\/www.legislapp.com.br\/#\/schema\/logo\/image\/\"},\"sameAs\":[\"https:\/\/www.instagram.com\/legislapp\/\"]}]}<\/script>\n<!-- \/ Yoast SEO plugin. -->","yoast_head_json":{"title":"Avulso Inicial - PL 3932\/2025 - C\u00e2mara - Legislapp","robots":{"index":"index","follow":"follow","max-snippet":"max-snippet:-1","max-image-preview":"max-image-preview:large","max-video-preview":"max-video-preview:-1"},"canonical":"https:\/\/www.legislapp.com.br\/index.php\/avulso-inicial-pl-3932-2025-camara\/","og_locale":"pt_BR","og_type":"article","og_title":"Avulso Inicial - PL 3932\/2025 - C\u00e2mara - Legislapp","og_description":"Avulso Inicial &#8211; Autoria de Jilmar Tatto PROJETO DE LEI N\u00ba , DE 2025 (Do Sr. JILMAR TATTO) Altera a Lei n\u00ba 9.478, de 1997, e a Lei n\u00ba 12.351, de 2010, para destinar parcela dos royalties devidos pela produ\u00e7\u00e3o de petr\u00f3leo e de g\u00e1s natural para o custeio de tarifa zero do transporte coletivo [&hellip;]","og_url":"https:\/\/www.legislapp.com.br\/index.php\/avulso-inicial-pl-3932-2025-camara\/","og_site_name":"Legislapp","article_publisher":"https:\/\/www.instagram.com\/legislapp\/","og_image":[{"url":"https:\/\/www.legislapp.com.br\/wp-content\/uploads\/2021\/07\/Logo-Legislapp-1-03-1.png","type":"","width":"","height":""}],"twitter_card":"summary_large_image","twitter_misc":{"Est. tempo de leitura":"5 minutos"},"schema":{"@context":"https:\/\/schema.org","@graph":[{"@type":"WebPage","@id":"https:\/\/www.legislapp.com.br\/index.php\/avulso-inicial-pl-3932-2025-camara\/","url":"https:\/\/www.legislapp.com.br\/index.php\/avulso-inicial-pl-3932-2025-camara\/","name":"Avulso Inicial - PL 3932\/2025 - C\u00e2mara - Legislapp","isPartOf":{"@id":"https:\/\/www.legislapp.com.br\/#website"},"primaryImageOfPage":{"@id":"https:\/\/www.legislapp.com.br\/index.php\/avulso-inicial-pl-3932-2025-camara\/#primaryimage"},"image":{"@id":"https:\/\/www.legislapp.com.br\/index.php\/avulso-inicial-pl-3932-2025-camara\/#primaryimage"},"thumbnailUrl":"https:\/\/www.legislapp.com.br\/wp-content\/uploads\/2021\/07\/Logo-Legislapp-1-03-1.png","datePublished":"2025-12-01T14:30:59+00:00","breadcrumb":{"@id":"https:\/\/www.legislapp.com.br\/index.php\/avulso-inicial-pl-3932-2025-camara\/#breadcrumb"},"inLanguage":"pt-BR","potentialAction":[{"@type":"ReadAction","target":["https:\/\/www.legislapp.com.br\/index.php\/avulso-inicial-pl-3932-2025-camara\/"]}]},{"@type":"ImageObject","inLanguage":"pt-BR","@id":"https:\/\/www.legislapp.com.br\/index.php\/avulso-inicial-pl-3932-2025-camara\/#primaryimage","url":"https:\/\/www.legislapp.com.br\/wp-content\/uploads\/2021\/07\/Logo-Legislapp-1-03-1.png","contentUrl":"https:\/\/www.legislapp.com.br\/wp-content\/uploads\/2021\/07\/Logo-Legislapp-1-03-1.png","width":2679,"height":2697},{"@type":"BreadcrumbList","@id":"https:\/\/www.legislapp.com.br\/index.php\/avulso-inicial-pl-3932-2025-camara\/#breadcrumb","itemListElement":[{"@type":"ListItem","position":1,"name":"In\u00edcio","item":"https:\/\/www.legislapp.com.br\/"},{"@type":"ListItem","position":2,"name":"Avulso Inicial &#8211; PL 3932\/2025 &#8211; C\u00e2mara"}]},{"@type":"WebSite","@id":"https:\/\/www.legislapp.com.br\/#website","url":"https:\/\/www.legislapp.com.br\/","name":"Legislapp","description":"Intelig\u00eancia governamental em tempo real","publisher":{"@id":"https:\/\/www.legislapp.com.br\/#organization"},"potentialAction":[{"@type":"SearchAction","target":{"@type":"EntryPoint","urlTemplate":"https:\/\/www.legislapp.com.br\/?s={search_term_string}"},"query-input":{"@type":"PropertyValueSpecification","valueRequired":true,"valueName":"search_term_string"}}],"inLanguage":"pt-BR"},{"@type":"Organization","@id":"https:\/\/www.legislapp.com.br\/#organization","name":"Legislapp Monitoramento e Intelig\u00eancia Governamental","url":"https:\/\/www.legislapp.com.br\/","logo":{"@type":"ImageObject","inLanguage":"pt-BR","@id":"https:\/\/www.legislapp.com.br\/#\/schema\/logo\/image\/","url":"https:\/\/www.legislapp.com.br\/wp-content\/uploads\/icon.png","contentUrl":"https:\/\/www.legislapp.com.br\/wp-content\/uploads\/icon.png","width":1024,"height":1024,"caption":"Legislapp Monitoramento e Intelig\u00eancia Governamental"},"image":{"@id":"https:\/\/www.legislapp.com.br\/#\/schema\/logo\/image\/"},"sameAs":["https:\/\/www.instagram.com\/legislapp\/"]}]}},"_links":{"self":[{"href":"https:\/\/www.legislapp.com.br\/index.php\/wp-json\/wp\/v2\/pages\/10645","targetHints":{"allow":["GET"]}}],"collection":[{"href":"https:\/\/www.legislapp.com.br\/index.php\/wp-json\/wp\/v2\/pages"}],"about":[{"href":"https:\/\/www.legislapp.com.br\/index.php\/wp-json\/wp\/v2\/types\/page"}],"author":[{"embeddable":true,"href":"https:\/\/www.legislapp.com.br\/index.php\/wp-json\/wp\/v2\/users\/1"}],"replies":[{"embeddable":true,"href":"https:\/\/www.legislapp.com.br\/index.php\/wp-json\/wp\/v2\/comments?post=10645"}],"version-history":[{"count":0,"href":"https:\/\/www.legislapp.com.br\/index.php\/wp-json\/wp\/v2\/pages\/10645\/revisions"}],"wp:attachment":[{"href":"https:\/\/www.legislapp.com.br\/index.php\/wp-json\/wp\/v2\/media?parent=10645"}],"curies":[{"name":"wp","href":"https:\/\/api.w.org\/{rel}","templated":true}]}}