{"id":10648,"date":"2025-12-01T11:31:08","date_gmt":"2025-12-01T14:31:08","guid":{"rendered":"https:\/\/www.legislapp.com.br\/index.php\/avulso-inicial-pec-81-2011-camara\/"},"modified":"2025-12-01T11:31:08","modified_gmt":"2025-12-01T14:31:08","slug":"avulso-inicial-pec-81-2011-camara","status":"publish","type":"page","link":"https:\/\/www.legislapp.com.br\/index.php\/avulso-inicial-pec-81-2011-camara\/","title":{"rendered":"Avulso Inicial &#8211; PEC 81\/2011 &#8211; C\u00e2mara"},"content":{"rendered":"<h1 style='text-align: center;'>Avulso Inicial &#8211; Autoria de Ant\u00f4nia L\u00facia<\/h3>\n<p><\/p>\n<article>C\u00c2MARA DOS DEPUTADOS<br \/>\nGABINETE DA DEPUTADA ANT\u00d4NIA L\u00daCIA <\/p>\n<p>PROPOSTA DE EMENDA \u00c0 CONSTITUI\u00c7\u00c3O N.       , DE 2011<br \/>\n(Da Sra. Ant\u00f4nia L\u00facia e Outros) <\/p>\n<p>Altera o art. 144 da Constitui\u00e7\u00e3o<br \/>\nFederal para criar a Guarda de<br \/>\nFronteira.<br \/>\nAs Mesas da C\u00e2mara dos Deputados e do Senado Federal, nos termos do \u00a7<br \/>\n3\u00ba, do art. 60, da Constitui\u00e7\u00e3o Federal, promulgam a seguinte Emenda ao texto<br \/>\nconstitucional:<br \/>\nArt. 1\u00ba  O caput do artigo 144 da Constitui\u00e7\u00e3o Federal<br \/>\npassa a vigorar acrescido do seguinte inciso VI:<br \/>\n\u201cArt.144. &#8230;&#8230;&#8230;&#8230;&#8230;&#8230;&#8230;&#8230;&#8230;&#8230;&#8230;&#8230;&#8230;&#8230;&#8230;&#8230;&#8230;&#8230;&#8230;&#8230;&#8230;&#8230;&#8230;&#8230;&#8230;&#8230;&#8230;&#8230;&#8230;&#8230;.<br \/>\n&#8230;&#8230;&#8230;&#8230;&#8230;&#8230;&#8230;&#8230;&#8230;&#8230;&#8230;&#8230;&#8230;&#8230;&#8230;&#8230;&#8230;&#8230;&#8230;&#8230;&#8230;&#8230;&#8230;&#8230;&#8230;&#8230;&#8230;&#8230;&#8230;&#8230;&#8230;&#8230;&#8230;&#8230;&#8230;.<br \/>\nVI \u2013 guarda de fronteira.\u201d<br \/>\nArt. 2\u00ba  O inciso III do artigo 144 da Constitui\u00e7\u00e3o Federal<br \/>\npassa a vigorar com a seguinte reda\u00e7\u00e3o:<br \/>\n\u201cArt.144. &#8230;&#8230;&#8230;&#8230;&#8230;&#8230;&#8230;&#8230;&#8230;&#8230;&#8230;&#8230;&#8230;&#8230;&#8230;&#8230;&#8230;&#8230;&#8230;&#8230;&#8230;&#8230;&#8230;&#8230;&#8230;&#8230;&#8230;&#8230;&#8230;&#8230;.<br \/>\n&#8230;&#8230;&#8230;&#8230;&#8230;&#8230;&#8230;&#8230;&#8230;&#8230;&#8230;&#8230;&#8230;&#8230;&#8230;&#8230;&#8230;&#8230;&#8230;&#8230;&#8230;&#8230;&#8230;&#8230;&#8230;&#8230;&#8230;&#8230;&#8230;&#8230;&#8230;&#8230;&#8230;&#8230;&#8230;.<br \/>\nIII \u2013 exercer as fun\u00e7\u00f5es de pol\u00edcia mar\u00edtima, aeroportu\u00e1ria e de<br \/>\nfronteiras, observado o disposto no \u00a7 10 deste artigo;\u201d<br \/>\nArt. 3\u00ba  O artigo 144 da Constitui\u00e7\u00e3o Federal passa a<br \/>\nvigorar acrescido do seguinte \u00a7 10:<br \/>\n\u201c\u00a7 10.  A guarda de fronteira, \u00f3rg\u00e3o permanente, organizada pela<br \/>\nUni\u00e3o, com integrantes das for\u00e7as policiais de n\u00edvel federal e<br \/>\nestadual e das guardas municipais dos Munic\u00edpios localizados na<br \/>\nfaixa de fronteira, ser\u00e1 mantida pela Uni\u00e3o, pelos Estados e<br \/>\nMunic\u00edpios, destinando-se, na forma da lei, ao patrulhamento<br \/>\nostensivo da faixa de fronteira e \u00e0 apura\u00e7\u00e3o de infra\u00e7\u00f5es penais<br \/>\ndecorrentes do ingresso no pa\u00eds ou tentativa de sa\u00edda,<br \/>\n1<br \/>\n <br \/>C\u00c2MARA DOS DEPUTADOS<br \/>\nGABINETE DA DEPUTADA ANT\u00d4NIA L\u00daCIA <\/p>\n<p>  2<br \/>\nindevidamente, pela fronteira, dos respectivos autores, v\u00edtimas,<br \/>\nobjetos, instrumentos ou produtos, bem como \u00e0s a\u00e7\u00f5es de pol\u00edcia<br \/>\njudici\u00e1ria pertinentes.\u201d<br \/>\nArt. 4\u00ba Esta Emenda entra em vigor cento e oitenta dias<br \/>\nsubsequentes ao da sua publica\u00e7\u00e3o.<br \/>\nJUSTIFICA\u00c7\u00c3O<br \/>\nEmbora a atividade de pol\u00edcia de fronteiras seja atribui\u00e7\u00e3o<br \/>\nda pol\u00edcia federal, a teor do disposto no inciso III do \u00a7 1\u00ba do art. 144 da<br \/>\nConstitui\u00e7\u00e3o, a escassez de recursos humanos e materiais, aliada \u00e0 multif\u00e1ria<br \/>\ncompet\u00eancia da pol\u00edcia federal, dificulta o adequado patrulhamento das<br \/>\nfronteiras do Brasil.<br \/>\nEm consequ\u00eancia, \u00e9 de todos conhecida a facilidade com<br \/>\nque ocorre o contrabando, o descaminho, a imigra\u00e7\u00e3o ilegal e, o que \u00e9 pior, o<br \/>\ntr\u00e1fico il\u00edcito de drogas, armas e pessoas pelos mais de 16.000 km de<br \/>\nfronteiras terrestres de nosso pa\u00eds.<br \/>\nDiante da compet\u00eancia da Uni\u00e3o, os Estados e Munic\u00edpios<br \/>\nfronteiri\u00e7os, mesmo que quisessem e dispusessem de recursos para atuar no<br \/>\npatrulhamento da faixa de fronteira e na repress\u00e3o dos crimes que a\u00ed ocorrem,<br \/>\nnada poderiam fazer, dada a restri\u00e7\u00e3o constitucional.<br \/>\nDesta forma, propusemos a cria\u00e7\u00e3o de novo \u00f3rg\u00e3o, de<br \/>\nnatureza permanente, mas composto por integrantes das diversas for\u00e7as<br \/>\npoliciais, federais e estaduais, al\u00e9m das guardas municipais. A organiza\u00e7\u00e3o fica<br \/>\na cargo da Uni\u00e3o, mas a manuten\u00e7\u00e3o desse \u00f3rg\u00e3o ser\u00e1 compartilhada pela<br \/>\nUni\u00e3o, pelos Estados e Munic\u00edpios. A exclus\u00e3o do Distrito Federal \u00e9<br \/>\ncompreens\u00edvel, na medida em que a manuten\u00e7\u00e3o da seguran\u00e7a p\u00fablica desse<br \/>\nente federado \u00e9 de compet\u00eancia da Uni\u00e3o.<br \/>\nAssim, a lei regulamentadora dispor\u00e1 sobre essa forma de<br \/>\nparticipa\u00e7\u00e3o, incluindo, eventualmente, a contribui\u00e7\u00e3o majorit\u00e1ria da Uni\u00e3o,<br \/>\nbem como a participa\u00e7\u00e3o em montante maior por parte dos Estados e<br \/>\nMunic\u00edpios fronteiri\u00e7os em rela\u00e7\u00e3o aos demais, podendo mesmo utilizar o<br \/>\ncrit\u00e9rio da extens\u00e3o da linha de fronteira e outros crit\u00e9rios relevantes, como a<br \/>\nrenda per capita, a popula\u00e7\u00e3o etc.<br \/>\n 2 <br \/>C\u00c2MARA DOS DEPUTADOS<br \/>\nGABINETE DA DEPUTADA ANT\u00d4NIA L\u00daCIA <\/p>\n<p>  3<br \/>\nEssa disposi\u00e7\u00e3o, que inclui a participa\u00e7\u00e3o de todos os<br \/>\nEstados e Munic\u00edpios \u00e9 pertinente, na medida em que o tr\u00e1fico de droga n\u00e3o<br \/>\nreprimido na fronteira afeta, profundamente, o Munic\u00edpio do interior, situado a<br \/>\nmilhares de quil\u00f4metros.<br \/>\nNoutro passo, o princ\u00edpio da solidariedade federativa<br \/>\ninsculpido no art. 241 do texto magno recomenda a atua\u00e7\u00e3o conjunta dos entes<br \/>\nfederados em todos os aspectos do desenvolvimento nacional.<br \/>\nO car\u00e1ter h\u00edbrido do novo \u00f3rg\u00e3o n\u00e3o obsta sua exist\u00eancia.<br \/>\nExemplo disso \u00e9 a For\u00e7a Nacional de Seguran\u00e7a P\u00fablica, criada pelo Decreto<br \/>\nn. 5.289, de 29 de novembro de 2004, sendo que a possibilidade dessa a\u00e7\u00e3o<br \/>\nconjunta dos \u00f3rg\u00e3os de seguran\u00e7a federais e estaduais foi ratificada pela Lei n.<br \/>\n11.473, de 10 de maio de 2007, que disp\u00f5e sobre coopera\u00e7\u00e3o federativa no<br \/>\n\u00e2mbito da seguran\u00e7a p\u00fablica.<br \/>\nPela reda\u00e7\u00e3o do \u00a7 10 que se pretende acrescentar ao art.<br \/>\n144, delineamos o alcance das atividades do novo \u00f3rg\u00e3o, com atribui\u00e7\u00f5es<br \/>\npreventivas e repressivas, t\u00e3o somente em rela\u00e7\u00e3o a eventos envolvendo o<br \/>\ncometimento de il\u00edcitos pela linha de fronteira. Remetemos, por\u00e9m, \u00e0 lei<br \/>\nordin\u00e1ria, a regula\u00e7\u00e3o detalhada do funcionamento do novo \u00f3rg\u00e3o.<br \/>\nAssim, as pol\u00edcias civis poderiam colaborar na apura\u00e7\u00e3o<br \/>\nde infra\u00e7\u00f5es penais, especialmente mediante atua\u00e7\u00e3o dos \u00f3rg\u00e3os periciais e de<br \/>\nintelig\u00eancia. As pol\u00edcias militares auxiliariam no patrulhamento, assim como a<br \/>\npol\u00edcia rodovi\u00e1ria federal, em rela\u00e7\u00e3o \u00e0s vias de acesso ao territ\u00f3rio nacional.<br \/>\nPor outra \u00f3ptica, as for\u00e7as de seguran\u00e7a locais, por seu<br \/>\nconhecimento do territ\u00f3rio e modus operandi dos delinquentes, poderia coibir<br \/>\na\u00e7\u00f5es ilegais com mais efetividade. A integra\u00e7\u00e3o da guarda de fronteira por<br \/>\npoliciais aut\u00f3ctones evita, ainda, a dificuldade de lota\u00e7\u00f5es e remo\u00e7\u00f5es<br \/>\nperi\u00f3dicas de policiais oriundos dos grandes centros. Ao inibir a rotatividade,<br \/>\npermite a acumula\u00e7\u00e3o de experi\u00eancia dos policiais envolvidos.<br \/>\nA lei regulamentadora, certamente, n\u00e3o teria o cond\u00e3o de<br \/>\nefetuar ajustes das assimetrias remunerat\u00f3rias. Entretanto, assim como ocorre<br \/>\nem rela\u00e7\u00e3o \u00e0 For\u00e7a Nacional de Seguran\u00e7a P\u00fablica, os integrantes da guarda<br \/>\nde fronteira, evidentemente selecionados dentre seus pares, poderiam ser<br \/>\n 3 <br \/>C\u00c2MARA DOS DEPUTADOS<br \/>\nGABINETE DA DEPUTADA ANT\u00d4NIA L\u00daCIA <\/p>\n<p>  4<br \/>\nremunerados por adicionais pertinentes \u00e0 atividade, dado o risco envolvido e a<br \/>\ninospitalidade relativa da \u00e1rea de lota\u00e7\u00e3o. Esse objetivo poderia ser atingido<br \/>\nmediante institui\u00e7\u00e3o, pela pr\u00f3pria lei regulamentadora, de fundo espec\u00edfico, nos<br \/>\nmoldes do Fundo Nacional de Seguran\u00e7a P\u00fablica, cujos recursos seriam<br \/>\noriginados das contribui\u00e7\u00f5es da Uni\u00e3o, dos Estados e dos Munic\u00edpios.<br \/>\nVisando a integrar o texto constitucional com a altera\u00e7\u00e3o<br \/>\nproposta, propusemos a altera\u00e7\u00e3o do inciso III do \u00a7 1\u00ba do art. 144, visando a<br \/>\nprevenir eventuais discuss\u00f5es acerca da compet\u00eancia da pol\u00edcia federal para o<br \/>\npoliciamento de fronteiras.<br \/>\nPor fim, estabelecemos o prazo de cento e oitenta dias<br \/>\npara entrada em vigor da Emenda, tempo a nosso ver suficiente para as<br \/>\ntratativas entre os entes federados no sentido de construir as bases para o<br \/>\nnovo \u00f3rg\u00e3o e a apresentar o projeto da lei regulamentadora do dispositivo<br \/>\nconstitucional ora sugerido.<br \/>\n\u00c0 vista do exposto, pe\u00e7o o apoio dos meus ilustres Pares<br \/>\n\u00e0 presente Proposta de Emenda \u00e0 Constitui\u00e7\u00e3o.<br \/>\nSala das Sess\u00f5es, em         de                         de 2011. <\/p>\n<p>DEPUTADA ANT\u00d4NIA L\u00daCIA  <\/p>\n<p>2011_8254 <\/p>\n<p> 4 <br \/>C\u00c2MARA DOS DEPUTADOS<br \/>\nGABINETE DA DEPUTADA ANT\u00d4NIA L\u00daCIA <\/p>\n<p>  5<br \/>\nPROPOSI\u00c7\u00c3O:  PEC n. &#8230;, de 2011 <\/p>\n<p>AUTOR: Deputada Ant\u00f4nia L\u00facia e outros<br \/>\nASSUNTO : Altera o art. 144 da Constitui\u00e7\u00e3o Federal para criar a<br \/>\nGuarda de Fronteira. <\/p>\n<p>LISTA DE ASSINATURAS <\/p>\n<p>DEPUTADO GAB PARTIDO UF ASSINATURA <\/p>\n<p>2011_8254 <\/p>\n<p> 5 <\/article>\n<p><a href='https:\/\/app.legislapp.com.br\/#\/busca?termo=Cria\u00e7\u00e3o'>Cria\u00e7\u00e3o<\/a>, <a href='https:\/\/app.legislapp.com.br\/#\/busca?termo=guarda'>guarda<\/a>, <a href='https:\/\/app.legislapp.com.br\/#\/busca?termo=fronteira'>fronteira<\/a>, <a href='https:\/\/app.legislapp.com.br\/#\/busca?termo=pol\u00edcia mar\u00edtima.'>pol\u00edcia mar\u00edtima.<\/a><\/p>\n<div style=\"text-align: center\">\n      <img decoding=\"async\" style=\"width: 14%;\" src=\"https:\/\/www.legislapp.com.br\/wp-content\/uploads\/2021\/07\/Logo-Legislapp-1-03-1.png\"><br \/>\n      <\/p>\n<div style=\"margin-bottom: 20px;\" class=\"et_pb_button_module_wrapper et_pb_button_5_tb_body_wrapper et_pb_button_alignment_center et_pb_module \">\n         <a class=\"et_pb_button et_pb_button_5_tb_body et_hover_enabled et_pb_bg_layout_dark\" style=\"width: 50%;background-color: black;\" href=\"https:\/\/app.legislapp.com.br\" target=\"_blank\" rel=\"noopener\">Visualizar completo na nossa plataforma (30 dias gr\u00e1tis)<\/a><\/p><\/div>\n<p>      <a href=\"https:\/\/play.google.com\/store\/apps\/details?id=br.com.legislapp\"><img decoding=\"async\" style=\"width: 15%; min-width: 130px;\" src=\"https:\/\/www.legislapp.com.br\/wp-content\/uploads\/google-play.png\"><\/a><br \/>\n      <a href=\"https:\/\/apps.apple.com\/us\/app\/legislapp\/id1568929859\"><img decoding=\"async\" style=\"width: 15%; min-width: 130px\" src=\"https:\/\/www.legislapp.com.br\/wp-content\/uploads\/apple-store.png\"><\/a>\n   <\/div>\n","protected":false},"excerpt":{"rendered":"<p>Avulso Inicial &#8211; Autoria de Ant\u00f4nia L\u00facia C\u00c2MARA DOS DEPUTADOS GABINETE DA DEPUTADA ANT\u00d4NIA L\u00daCIA PROPOSTA DE EMENDA \u00c0 CONSTITUI\u00c7\u00c3O N. , DE 2011 (Da Sra. Ant\u00f4nia L\u00facia e Outros) Altera o art. 144 da Constitui\u00e7\u00e3o Federal para criar a Guarda de Fronteira. As Mesas da C\u00e2mara dos Deputados e do Senado Federal, nos termos [&hellip;]<\/p>\n","protected":false},"author":1,"featured_media":0,"parent":0,"menu_order":0,"comment_status":"closed","ping_status":"closed","template":"page-template-blank.php","meta":{"_et_pb_use_builder":"","_et_pb_old_content":"","_et_gb_content_width":"1080","ngg_post_thumbnail":0,"footnotes":""},"class_list":["post-10648","page","type-page","status-publish","hentry"],"yoast_head":"<!-- This site is optimized with the Yoast SEO plugin v24.4 - https:\/\/yoast.com\/wordpress\/plugins\/seo\/ -->\n<title>Avulso Inicial - PEC 81\/2011 - C\u00e2mara - Legislapp<\/title>\n<meta name=\"robots\" content=\"index, follow, max-snippet:-1, max-image-preview:large, max-video-preview:-1\" \/>\n<link rel=\"canonical\" href=\"https:\/\/www.legislapp.com.br\/index.php\/avulso-inicial-pec-81-2011-camara\/\" \/>\n<meta property=\"og:locale\" content=\"pt_BR\" \/>\n<meta property=\"og:type\" content=\"article\" \/>\n<meta property=\"og:title\" content=\"Avulso Inicial - PEC 81\/2011 - C\u00e2mara - Legislapp\" \/>\n<meta property=\"og:description\" content=\"Avulso Inicial &#8211; Autoria de Ant\u00f4nia L\u00facia C\u00c2MARA DOS DEPUTADOS GABINETE DA DEPUTADA ANT\u00d4NIA L\u00daCIA PROPOSTA DE EMENDA \u00c0 CONSTITUI\u00c7\u00c3O N. , DE 2011 (Da Sra. Ant\u00f4nia L\u00facia e Outros) Altera o art. 144 da Constitui\u00e7\u00e3o Federal para criar a Guarda de Fronteira. As Mesas da C\u00e2mara dos Deputados e do Senado Federal, nos termos [&hellip;]\" \/>\n<meta property=\"og:url\" content=\"https:\/\/www.legislapp.com.br\/index.php\/avulso-inicial-pec-81-2011-camara\/\" \/>\n<meta property=\"og:site_name\" content=\"Legislapp\" \/>\n<meta property=\"article:publisher\" content=\"https:\/\/www.instagram.com\/legislapp\/\" \/>\n<meta property=\"og:image\" content=\"https:\/\/www.legislapp.com.br\/wp-content\/uploads\/2021\/07\/Logo-Legislapp-1-03-1.png\" \/>\n<meta name=\"twitter:card\" content=\"summary_large_image\" \/>\n<meta name=\"twitter:label1\" content=\"Est. tempo de leitura\" \/>\n\t<meta name=\"twitter:data1\" content=\"6 minutos\" \/>\n<script type=\"application\/ld+json\" class=\"yoast-schema-graph\">{\"@context\":\"https:\/\/schema.org\",\"@graph\":[{\"@type\":\"WebPage\",\"@id\":\"https:\/\/www.legislapp.com.br\/index.php\/avulso-inicial-pec-81-2011-camara\/\",\"url\":\"https:\/\/www.legislapp.com.br\/index.php\/avulso-inicial-pec-81-2011-camara\/\",\"name\":\"Avulso Inicial - PEC 81\/2011 - C\u00e2mara - Legislapp\",\"isPartOf\":{\"@id\":\"https:\/\/www.legislapp.com.br\/#website\"},\"primaryImageOfPage\":{\"@id\":\"https:\/\/www.legislapp.com.br\/index.php\/avulso-inicial-pec-81-2011-camara\/#primaryimage\"},\"image\":{\"@id\":\"https:\/\/www.legislapp.com.br\/index.php\/avulso-inicial-pec-81-2011-camara\/#primaryimage\"},\"thumbnailUrl\":\"https:\/\/www.legislapp.com.br\/wp-content\/uploads\/2021\/07\/Logo-Legislapp-1-03-1.png\",\"datePublished\":\"2025-12-01T14:31:08+00:00\",\"breadcrumb\":{\"@id\":\"https:\/\/www.legislapp.com.br\/index.php\/avulso-inicial-pec-81-2011-camara\/#breadcrumb\"},\"inLanguage\":\"pt-BR\",\"potentialAction\":[{\"@type\":\"ReadAction\",\"target\":[\"https:\/\/www.legislapp.com.br\/index.php\/avulso-inicial-pec-81-2011-camara\/\"]}]},{\"@type\":\"ImageObject\",\"inLanguage\":\"pt-BR\",\"@id\":\"https:\/\/www.legislapp.com.br\/index.php\/avulso-inicial-pec-81-2011-camara\/#primaryimage\",\"url\":\"https:\/\/www.legislapp.com.br\/wp-content\/uploads\/2021\/07\/Logo-Legislapp-1-03-1.png\",\"contentUrl\":\"https:\/\/www.legislapp.com.br\/wp-content\/uploads\/2021\/07\/Logo-Legislapp-1-03-1.png\",\"width\":2679,\"height\":2697},{\"@type\":\"BreadcrumbList\",\"@id\":\"https:\/\/www.legislapp.com.br\/index.php\/avulso-inicial-pec-81-2011-camara\/#breadcrumb\",\"itemListElement\":[{\"@type\":\"ListItem\",\"position\":1,\"name\":\"In\u00edcio\",\"item\":\"https:\/\/www.legislapp.com.br\/\"},{\"@type\":\"ListItem\",\"position\":2,\"name\":\"Avulso Inicial &#8211; PEC 81\/2011 &#8211; C\u00e2mara\"}]},{\"@type\":\"WebSite\",\"@id\":\"https:\/\/www.legislapp.com.br\/#website\",\"url\":\"https:\/\/www.legislapp.com.br\/\",\"name\":\"Legislapp\",\"description\":\"Intelig\u00eancia governamental em tempo real\",\"publisher\":{\"@id\":\"https:\/\/www.legislapp.com.br\/#organization\"},\"potentialAction\":[{\"@type\":\"SearchAction\",\"target\":{\"@type\":\"EntryPoint\",\"urlTemplate\":\"https:\/\/www.legislapp.com.br\/?s={search_term_string}\"},\"query-input\":{\"@type\":\"PropertyValueSpecification\",\"valueRequired\":true,\"valueName\":\"search_term_string\"}}],\"inLanguage\":\"pt-BR\"},{\"@type\":\"Organization\",\"@id\":\"https:\/\/www.legislapp.com.br\/#organization\",\"name\":\"Legislapp Monitoramento e Intelig\u00eancia Governamental\",\"url\":\"https:\/\/www.legislapp.com.br\/\",\"logo\":{\"@type\":\"ImageObject\",\"inLanguage\":\"pt-BR\",\"@id\":\"https:\/\/www.legislapp.com.br\/#\/schema\/logo\/image\/\",\"url\":\"https:\/\/www.legislapp.com.br\/wp-content\/uploads\/icon.png\",\"contentUrl\":\"https:\/\/www.legislapp.com.br\/wp-content\/uploads\/icon.png\",\"width\":1024,\"height\":1024,\"caption\":\"Legislapp Monitoramento e Intelig\u00eancia Governamental\"},\"image\":{\"@id\":\"https:\/\/www.legislapp.com.br\/#\/schema\/logo\/image\/\"},\"sameAs\":[\"https:\/\/www.instagram.com\/legislapp\/\"]}]}<\/script>\n<!-- \/ Yoast SEO plugin. -->","yoast_head_json":{"title":"Avulso Inicial - PEC 81\/2011 - C\u00e2mara - Legislapp","robots":{"index":"index","follow":"follow","max-snippet":"max-snippet:-1","max-image-preview":"max-image-preview:large","max-video-preview":"max-video-preview:-1"},"canonical":"https:\/\/www.legislapp.com.br\/index.php\/avulso-inicial-pec-81-2011-camara\/","og_locale":"pt_BR","og_type":"article","og_title":"Avulso Inicial - PEC 81\/2011 - C\u00e2mara - Legislapp","og_description":"Avulso Inicial &#8211; Autoria de Ant\u00f4nia L\u00facia C\u00c2MARA DOS DEPUTADOS GABINETE DA DEPUTADA ANT\u00d4NIA L\u00daCIA PROPOSTA DE EMENDA \u00c0 CONSTITUI\u00c7\u00c3O N. , DE 2011 (Da Sra. Ant\u00f4nia L\u00facia e Outros) Altera o art. 144 da Constitui\u00e7\u00e3o Federal para criar a Guarda de Fronteira. As Mesas da C\u00e2mara dos Deputados e do Senado Federal, nos termos [&hellip;]","og_url":"https:\/\/www.legislapp.com.br\/index.php\/avulso-inicial-pec-81-2011-camara\/","og_site_name":"Legislapp","article_publisher":"https:\/\/www.instagram.com\/legislapp\/","og_image":[{"url":"https:\/\/www.legislapp.com.br\/wp-content\/uploads\/2021\/07\/Logo-Legislapp-1-03-1.png","type":"","width":"","height":""}],"twitter_card":"summary_large_image","twitter_misc":{"Est. tempo de leitura":"6 minutos"},"schema":{"@context":"https:\/\/schema.org","@graph":[{"@type":"WebPage","@id":"https:\/\/www.legislapp.com.br\/index.php\/avulso-inicial-pec-81-2011-camara\/","url":"https:\/\/www.legislapp.com.br\/index.php\/avulso-inicial-pec-81-2011-camara\/","name":"Avulso Inicial - PEC 81\/2011 - C\u00e2mara - Legislapp","isPartOf":{"@id":"https:\/\/www.legislapp.com.br\/#website"},"primaryImageOfPage":{"@id":"https:\/\/www.legislapp.com.br\/index.php\/avulso-inicial-pec-81-2011-camara\/#primaryimage"},"image":{"@id":"https:\/\/www.legislapp.com.br\/index.php\/avulso-inicial-pec-81-2011-camara\/#primaryimage"},"thumbnailUrl":"https:\/\/www.legislapp.com.br\/wp-content\/uploads\/2021\/07\/Logo-Legislapp-1-03-1.png","datePublished":"2025-12-01T14:31:08+00:00","breadcrumb":{"@id":"https:\/\/www.legislapp.com.br\/index.php\/avulso-inicial-pec-81-2011-camara\/#breadcrumb"},"inLanguage":"pt-BR","potentialAction":[{"@type":"ReadAction","target":["https:\/\/www.legislapp.com.br\/index.php\/avulso-inicial-pec-81-2011-camara\/"]}]},{"@type":"ImageObject","inLanguage":"pt-BR","@id":"https:\/\/www.legislapp.com.br\/index.php\/avulso-inicial-pec-81-2011-camara\/#primaryimage","url":"https:\/\/www.legislapp.com.br\/wp-content\/uploads\/2021\/07\/Logo-Legislapp-1-03-1.png","contentUrl":"https:\/\/www.legislapp.com.br\/wp-content\/uploads\/2021\/07\/Logo-Legislapp-1-03-1.png","width":2679,"height":2697},{"@type":"BreadcrumbList","@id":"https:\/\/www.legislapp.com.br\/index.php\/avulso-inicial-pec-81-2011-camara\/#breadcrumb","itemListElement":[{"@type":"ListItem","position":1,"name":"In\u00edcio","item":"https:\/\/www.legislapp.com.br\/"},{"@type":"ListItem","position":2,"name":"Avulso Inicial &#8211; PEC 81\/2011 &#8211; C\u00e2mara"}]},{"@type":"WebSite","@id":"https:\/\/www.legislapp.com.br\/#website","url":"https:\/\/www.legislapp.com.br\/","name":"Legislapp","description":"Intelig\u00eancia governamental em tempo real","publisher":{"@id":"https:\/\/www.legislapp.com.br\/#organization"},"potentialAction":[{"@type":"SearchAction","target":{"@type":"EntryPoint","urlTemplate":"https:\/\/www.legislapp.com.br\/?s={search_term_string}"},"query-input":{"@type":"PropertyValueSpecification","valueRequired":true,"valueName":"search_term_string"}}],"inLanguage":"pt-BR"},{"@type":"Organization","@id":"https:\/\/www.legislapp.com.br\/#organization","name":"Legislapp Monitoramento e Intelig\u00eancia Governamental","url":"https:\/\/www.legislapp.com.br\/","logo":{"@type":"ImageObject","inLanguage":"pt-BR","@id":"https:\/\/www.legislapp.com.br\/#\/schema\/logo\/image\/","url":"https:\/\/www.legislapp.com.br\/wp-content\/uploads\/icon.png","contentUrl":"https:\/\/www.legislapp.com.br\/wp-content\/uploads\/icon.png","width":1024,"height":1024,"caption":"Legislapp Monitoramento e Intelig\u00eancia Governamental"},"image":{"@id":"https:\/\/www.legislapp.com.br\/#\/schema\/logo\/image\/"},"sameAs":["https:\/\/www.instagram.com\/legislapp\/"]}]}},"_links":{"self":[{"href":"https:\/\/www.legislapp.com.br\/index.php\/wp-json\/wp\/v2\/pages\/10648","targetHints":{"allow":["GET"]}}],"collection":[{"href":"https:\/\/www.legislapp.com.br\/index.php\/wp-json\/wp\/v2\/pages"}],"about":[{"href":"https:\/\/www.legislapp.com.br\/index.php\/wp-json\/wp\/v2\/types\/page"}],"author":[{"embeddable":true,"href":"https:\/\/www.legislapp.com.br\/index.php\/wp-json\/wp\/v2\/users\/1"}],"replies":[{"embeddable":true,"href":"https:\/\/www.legislapp.com.br\/index.php\/wp-json\/wp\/v2\/comments?post=10648"}],"version-history":[{"count":0,"href":"https:\/\/www.legislapp.com.br\/index.php\/wp-json\/wp\/v2\/pages\/10648\/revisions"}],"wp:attachment":[{"href":"https:\/\/www.legislapp.com.br\/index.php\/wp-json\/wp\/v2\/media?parent=10648"}],"curies":[{"name":"wp","href":"https:\/\/api.w.org\/{rel}","templated":true}]}}