{"id":10655,"date":"2025-12-01T11:31:23","date_gmt":"2025-12-01T14:31:23","guid":{"rendered":"https:\/\/www.legislapp.com.br\/index.php\/avulso-inicial-pl-5740-2025-camara\/"},"modified":"2025-12-01T11:31:23","modified_gmt":"2025-12-01T14:31:23","slug":"avulso-inicial-pl-5740-2025-camara","status":"publish","type":"page","link":"https:\/\/www.legislapp.com.br\/index.php\/avulso-inicial-pl-5740-2025-camara\/","title":{"rendered":"Avulso Inicial &#8211; PL 5740\/2025 &#8211; C\u00e2mara"},"content":{"rendered":"<h1 style='text-align: center;'>Avulso Inicial &#8211; Autoria de Laura Carneiro<\/h3>\n<p><\/p>\n<article>PROJETO DE LEI N\u00ba          , DE 2025<br \/>\n(Da Sra. Deputada Federal LAURA CARNEIRO)<br \/>\nAltera o art. 35 da Lei n\u00ba 5.991, de 17<br \/>\nde dezembro de 1973, para tornar<br \/>\nobrigat\u00f3ria a emiss\u00e3o digitada, datilografada<br \/>\nou eletr\u00f4nica de receitas e prescri\u00e7\u00f5es de<br \/>\nsa\u00fade, e d\u00e1 outras provid\u00eancias.<br \/>\nO Congresso Nacional decreta:<br \/>\nArt. 1\u00ba Esta Lei altera o art. 35 da Lei n\u00ba 5.991, de 17 de<br \/>\ndezembro de 1973, que disp\u00f5e sobre o controle sanit\u00e1rio do com\u00e9rcio de<br \/>\ndrogas, medicamentos, insumos farmac\u00eauticos e correlatos, para tornar<br \/>\nobrigat\u00f3ria a emiss\u00e3o digitada, datilografada ou eletr\u00f4nica de receitas e<br \/>\nprescri\u00e7\u00f5es de sa\u00fade emitidas no territ\u00f3rio nacional por profissionais e<br \/>\nestabelecimentos p\u00fablicos ou privados de sa\u00fade.<br \/>\nArt. 1\u00ba O art. 35 da Lei n\u00ba 5.991, de 17 de dezembro de 1973,<br \/>\npassa a vigorar com a seguinte reda\u00e7\u00e3o:<br \/>\n\u201cArt. 35. &#8230;&#8230;&#8230;&#8230;&#8230;&#8230;&#8230;&#8230;&#8230;&#8230;&#8230;&#8230;&#8230;&#8230;&#8230;&#8230;&#8230;&#8230;&#8230;&#8230;&#8230;&#8230;&#8230;&#8230;&#8230;&#8230;&#8230;&#8230;&#8230;.<br \/>\nI &#8211; que seja escrita no vern\u00e1culo, redigida sem abrevia\u00e7\u00f5es,<br \/>\nque observe a nomenclatura e o sistema de pesos e medidas oficiais e que<br \/>\nseja digitada, datilografada ou eletr\u00f4nica, na forma do regulamento;<br \/>\nII<br \/>\n&#8211; &#8230;&#8230;&#8230;&#8230;&#8230;&#8230;&#8230;&#8230;&#8230;&#8230;&#8230;&#8230;&#8230;&#8230;&#8230;&#8230;&#8230;&#8230;&#8230;&#8230;&#8230;&#8230;&#8230;&#8230;&#8230;&#8230;&#8230;&#8230;&#8230;&#8230;&#8230;&#8230;.<br \/>\nIII<br \/>\n&#8211; &#8230;&#8230;&#8230;&#8230;&#8230;&#8230;&#8230;&#8230;&#8230;&#8230;&#8230;&#8230;&#8230;&#8230;&#8230;&#8230;&#8230;&#8230;&#8230;&#8230;&#8230;&#8230;&#8230;&#8230;&#8230;&#8230;&#8230;&#8230;&#8230;&#8230;&#8230;&#8230;<br \/>\n\u00a7<br \/>\n1\u00ba &#8230;&#8230;&#8230;&#8230;&#8230;&#8230;&#8230;&#8230;&#8230;&#8230;&#8230;&#8230;&#8230;&#8230;&#8230;&#8230;&#8230;&#8230;&#8230;&#8230;&#8230;&#8230;&#8230;&#8230;&#8230;&#8230;&#8230;&#8230;&#8230;&#8230;&#8230;..<br \/>\n\u00a7<br \/>\n2\u00ba &#8230;&#8230;&#8230;&#8230;&#8230;&#8230;&#8230;&#8230;&#8230;&#8230;&#8230;&#8230;&#8230;&#8230;&#8230;&#8230;&#8230;&#8230;&#8230;&#8230;&#8230;&#8230;&#8230;&#8230;&#8230;&#8230;&#8230;&#8230;&#8230;&#8230;&#8230;..<br \/>\nPara verificar a assinatura, acesse https:\/\/infoleg-autenticidade-assinatura.camara.leg.br\/CD252894304900<br \/>\nAssinado eletronicamente pelo(a) Dep. Laura Carneiro<br \/>\nApresenta\u00e7\u00e3o: 07\/11\/2025 12:59:24.200 &#8211; Mesa<br \/>\n*CD252894304900* PL n.5740\/2025<br \/>2<br \/>\n\u00a7<br \/>\n3\u00ba &#8230;&#8230;&#8230;&#8230;&#8230;&#8230;&#8230;&#8230;&#8230;&#8230;&#8230;&#8230;&#8230;&#8230;&#8230;&#8230;&#8230;&#8230;&#8230;&#8230;&#8230;&#8230;&#8230;&#8230;&#8230;&#8230;&#8230;&#8230;&#8230;&#8230;&#8230;..<br \/>\n\u00a7 4\u00ba A prescri\u00e7\u00e3o manuscrita somente ser\u00e1 admitida em casos<br \/>\nfortuitos ou de for\u00e7a maior, devidamente justificados no prontu\u00e1rio do paciente,<br \/>\ndevendo, nessa hip\u00f3tese, o documento ser redigido de forma leg\u00edvel e sem<br \/>\nrasuras, obedecidas as exig\u00eancias deste artigo e as normas sanit\u00e1rias.<br \/>\n\u00a7 5\u00ba Os estabelecimentos p\u00fablicos e privados de sa\u00fade, bem<br \/>\ncomo os profissionais aut\u00f4nomos, devem garantir a disponibilidade de<br \/>\nequipamentos e sistemas necess\u00e1rios \u00e0 emiss\u00e3o digitada ou eletr\u00f4nica das<br \/>\nprescri\u00e7\u00f5es e assegurar suporte e treinamento adequados aos profissionais de<br \/>\nsa\u00fade.\u201d (NR)<br \/>\nArt. 3\u00ba Esta Lei entra em vigor ap\u00f3s decorridos 180 (cento e<br \/>\noitenta) dias de sua publica\u00e7\u00e3o oficial.<br \/>\nJUSTIFICA\u00c7\u00c3O<br \/>\nA ilegibilidade de receitas prescritas por profissionais de sa\u00fade<br \/>\n\u00e9 causa conhecida de erros de dispensa\u00e7\u00e3o. Segundo Cassiani (2005), 39%<br \/>\ndos erros de medica\u00e7\u00e3o ocorrem durante a prescri\u00e7\u00e3o, 12% na transcri\u00e7\u00e3o,<br \/>\n11% na dispensa\u00e7\u00e3o e 38% durante a administra\u00e7\u00e3o.<br \/>\nO projeto que apresento amplia a seguran\u00e7a para os usu\u00e1rios<br \/>\nde medicamentos e insumos farmac\u00eauticos, por meio da obriga\u00e7\u00e3o da emiss\u00e3o<br \/>\ndigitada, datilografada ou eletr\u00f4nica de receitas e prescri\u00e7\u00f5es de sa\u00fade. Al\u00e9m<br \/>\ndisso, esse tipo de emiss\u00e3o pode favorecer a rastreabilidade, a redu\u00e7\u00e3o de<br \/>\nfraudes e falsifica\u00e7\u00f5es e ampliar a comunica\u00e7\u00e3o direta entre prescritores e<br \/>\nfarm\u00e1cias.<br \/>\nO art. 35 da Lei n\u00ba 5.991, de 1973, determina que as<br \/>\nprescri\u00e7\u00f5es devem ser escritas no vern\u00e1culo, de forma leg\u00edvel e sem<br \/>\nabrevia\u00e7\u00f5es e que as receitas eletr\u00f4nicas somente s\u00e3o v\u00e1lidas se assinadas<br \/>\ncom assinatura eletr\u00f4nica avan\u00e7ada ou qualificada. Todavia, a norma federal,<br \/>\nalterada pela Lei n\u00ba 14.063\/2020, n\u00e3o torna obrigat\u00f3rio, por exemplo, o<br \/>\nPara verificar a assinatura, acesse https:\/\/infoleg-autenticidade-assinatura.camara.leg.br\/CD252894304900<br \/>\nAssinado eletronicamente pelo(a) Dep. Laura Carneiro<br \/>\nApresenta\u00e7\u00e3o: 07\/11\/2025 12:59:24.200 &#8211; Mesa<br \/>\n*CD252894304900* PL n.5740\/2025<br \/>3<br \/>\nreceitu\u00e1rio digital; limita-se a regulamentar sua validade. O Sistema Nacional<br \/>\nde Controle de Receitu\u00e1rio (SNCR), criado pela Anvisa em 2024, aprimora a<br \/>\nnumera\u00e7\u00e3o dos receitu\u00e1rios de medicamentos sujeitos a controle especial, mas<br \/>\nn\u00e3o constitui plataforma de emiss\u00e3o de prescri\u00e7\u00f5es.<br \/>\nA proposi\u00e7\u00e3o ora apresentada busca suprir essa lacuna<br \/>\nmediante altera\u00e7\u00e3o pontual do art. 35. O inciso I passa a exigir que a receita,<br \/>\nal\u00e9m de escrita no vern\u00e1culo e sem abrevia\u00e7\u00f5es, seja digitada, datilografada ou<br \/>\neletr\u00f4nica, conferindo car\u00e1ter obrigat\u00f3rio \u00e0 utiliza\u00e7\u00e3o de processos mec\u00e2nicos<br \/>\nou digitais para garantir a legibilidade. O par\u00e1grafo 4\u00ba estabelece que a<br \/>\nprescri\u00e7\u00e3o manuscrita s\u00f3 ser\u00e1 admitida em casos fortuitos ou de for\u00e7a maior,<br \/>\ndevidamente justificados, e mesmo assim dever\u00e1 ser leg\u00edvel e sem rasuras. J\u00e1<br \/>\no par\u00e1grafo  5\u00ba imp\u00f5e aos estabelecimentos de sa\u00fade p\u00fablicos e privados e aos<br \/>\nprofissionais aut\u00f4nomos o dever de assegurar equipamentos, sistemas e<br \/>\ntreinamento para viabilizar a emiss\u00e3o digitada ou eletr\u00f4nica.<br \/>\nO projeto moderniza a rela\u00e7\u00e3o entre prescritor, paciente e<br \/>\ndispensador e reduz as chances de erros de leitura. Al\u00e9m disso, mant\u00e9m a<br \/>\nvalidade nacional do receitu\u00e1rio, j\u00e1 assegurada pela legisla\u00e7\u00e3o atual, e confere<br \/>\nprazo de 180 dias para que profissionais e estabelecimentos se adaptem,<br \/>\npossibilitando os devidos ajustes tecnol\u00f3gicos.<br \/>\nDiante do exposto, solicito o apoio dos nobres Pares para a<br \/>\naprova\u00e7\u00e3o desta proposi\u00e7\u00e3o.<br \/>\nSala das Sess\u00f5es, em 07 de novembro de 2025.<br \/>\n Deputada Federal LAURA CARNEIRO<br \/>\n2025-18689<br \/>\nPara verificar a assinatura, acesse https:\/\/infoleg-autenticidade-assinatura.camara.leg.br\/CD252894304900<br \/>\nAssinado eletronicamente pelo(a) Dep. Laura Carneiro<br \/>\nApresenta\u00e7\u00e3o: 07\/11\/2025 12:59:24.200 &#8211; Mesa<br \/>\n*CD252894304900* PL n.5740\/2025<\/article>\n<p><a href='https:\/\/app.legislapp.com.br\/#\/busca?termo='><\/a><\/p>\n<div style=\"text-align: center\">\n      <img decoding=\"async\" style=\"width: 14%;\" src=\"https:\/\/www.legislapp.com.br\/wp-content\/uploads\/2021\/07\/Logo-Legislapp-1-03-1.png\"><br \/>\n      <\/p>\n<div style=\"margin-bottom: 20px;\" class=\"et_pb_button_module_wrapper et_pb_button_5_tb_body_wrapper et_pb_button_alignment_center et_pb_module \">\n         <a class=\"et_pb_button et_pb_button_5_tb_body et_hover_enabled et_pb_bg_layout_dark\" style=\"width: 50%;background-color: black;\" href=\"https:\/\/app.legislapp.com.br\" target=\"_blank\" rel=\"noopener\">Visualizar completo na nossa plataforma (30 dias gr\u00e1tis)<\/a><\/p><\/div>\n<p>      <a href=\"https:\/\/play.google.com\/store\/apps\/details?id=br.com.legislapp\"><img decoding=\"async\" style=\"width: 15%; min-width: 130px;\" src=\"https:\/\/www.legislapp.com.br\/wp-content\/uploads\/google-play.png\"><\/a><br \/>\n      <a href=\"https:\/\/apps.apple.com\/us\/app\/legislapp\/id1568929859\"><img decoding=\"async\" style=\"width: 15%; min-width: 130px\" src=\"https:\/\/www.legislapp.com.br\/wp-content\/uploads\/apple-store.png\"><\/a>\n   <\/div>\n","protected":false},"excerpt":{"rendered":"<p>Avulso Inicial &#8211; Autoria de Laura Carneiro PROJETO DE LEI N\u00ba , DE 2025 (Da Sra. Deputada Federal LAURA CARNEIRO) Altera o art. 35 da Lei n\u00ba 5.991, de 17 de dezembro de 1973, para tornar obrigat\u00f3ria a emiss\u00e3o digitada, datilografada ou eletr\u00f4nica de receitas e prescri\u00e7\u00f5es de sa\u00fade, e d\u00e1 outras provid\u00eancias. O Congresso [&hellip;]<\/p>\n","protected":false},"author":1,"featured_media":0,"parent":0,"menu_order":0,"comment_status":"closed","ping_status":"closed","template":"page-template-blank.php","meta":{"_et_pb_use_builder":"","_et_pb_old_content":"","_et_gb_content_width":"1080","ngg_post_thumbnail":0,"footnotes":""},"class_list":["post-10655","page","type-page","status-publish","hentry"],"yoast_head":"<!-- This site is optimized with the Yoast SEO plugin v24.4 - https:\/\/yoast.com\/wordpress\/plugins\/seo\/ -->\n<title>Avulso Inicial - PL 5740\/2025 - C\u00e2mara - Legislapp<\/title>\n<meta name=\"robots\" content=\"index, follow, max-snippet:-1, max-image-preview:large, max-video-preview:-1\" \/>\n<link rel=\"canonical\" href=\"https:\/\/www.legislapp.com.br\/index.php\/avulso-inicial-pl-5740-2025-camara\/\" \/>\n<meta property=\"og:locale\" content=\"pt_BR\" \/>\n<meta property=\"og:type\" content=\"article\" \/>\n<meta property=\"og:title\" content=\"Avulso Inicial - PL 5740\/2025 - C\u00e2mara - Legislapp\" \/>\n<meta property=\"og:description\" content=\"Avulso Inicial &#8211; Autoria de Laura Carneiro PROJETO DE LEI N\u00ba , DE 2025 (Da Sra. Deputada Federal LAURA CARNEIRO) Altera o art. 35 da Lei n\u00ba 5.991, de 17 de dezembro de 1973, para tornar obrigat\u00f3ria a emiss\u00e3o digitada, datilografada ou eletr\u00f4nica de receitas e prescri\u00e7\u00f5es de sa\u00fade, e d\u00e1 outras provid\u00eancias. O Congresso [&hellip;]\" \/>\n<meta property=\"og:url\" content=\"https:\/\/www.legislapp.com.br\/index.php\/avulso-inicial-pl-5740-2025-camara\/\" \/>\n<meta property=\"og:site_name\" content=\"Legislapp\" \/>\n<meta property=\"article:publisher\" content=\"https:\/\/www.instagram.com\/legislapp\/\" \/>\n<meta property=\"og:image\" content=\"https:\/\/www.legislapp.com.br\/wp-content\/uploads\/2021\/07\/Logo-Legislapp-1-03-1.png\" \/>\n<meta name=\"twitter:card\" content=\"summary_large_image\" \/>\n<meta name=\"twitter:label1\" content=\"Est. tempo de leitura\" \/>\n\t<meta name=\"twitter:data1\" content=\"4 minutos\" \/>\n<script type=\"application\/ld+json\" class=\"yoast-schema-graph\">{\"@context\":\"https:\/\/schema.org\",\"@graph\":[{\"@type\":\"WebPage\",\"@id\":\"https:\/\/www.legislapp.com.br\/index.php\/avulso-inicial-pl-5740-2025-camara\/\",\"url\":\"https:\/\/www.legislapp.com.br\/index.php\/avulso-inicial-pl-5740-2025-camara\/\",\"name\":\"Avulso Inicial - PL 5740\/2025 - C\u00e2mara - Legislapp\",\"isPartOf\":{\"@id\":\"https:\/\/www.legislapp.com.br\/#website\"},\"primaryImageOfPage\":{\"@id\":\"https:\/\/www.legislapp.com.br\/index.php\/avulso-inicial-pl-5740-2025-camara\/#primaryimage\"},\"image\":{\"@id\":\"https:\/\/www.legislapp.com.br\/index.php\/avulso-inicial-pl-5740-2025-camara\/#primaryimage\"},\"thumbnailUrl\":\"https:\/\/www.legislapp.com.br\/wp-content\/uploads\/2021\/07\/Logo-Legislapp-1-03-1.png\",\"datePublished\":\"2025-12-01T14:31:23+00:00\",\"breadcrumb\":{\"@id\":\"https:\/\/www.legislapp.com.br\/index.php\/avulso-inicial-pl-5740-2025-camara\/#breadcrumb\"},\"inLanguage\":\"pt-BR\",\"potentialAction\":[{\"@type\":\"ReadAction\",\"target\":[\"https:\/\/www.legislapp.com.br\/index.php\/avulso-inicial-pl-5740-2025-camara\/\"]}]},{\"@type\":\"ImageObject\",\"inLanguage\":\"pt-BR\",\"@id\":\"https:\/\/www.legislapp.com.br\/index.php\/avulso-inicial-pl-5740-2025-camara\/#primaryimage\",\"url\":\"https:\/\/www.legislapp.com.br\/wp-content\/uploads\/2021\/07\/Logo-Legislapp-1-03-1.png\",\"contentUrl\":\"https:\/\/www.legislapp.com.br\/wp-content\/uploads\/2021\/07\/Logo-Legislapp-1-03-1.png\",\"width\":2679,\"height\":2697},{\"@type\":\"BreadcrumbList\",\"@id\":\"https:\/\/www.legislapp.com.br\/index.php\/avulso-inicial-pl-5740-2025-camara\/#breadcrumb\",\"itemListElement\":[{\"@type\":\"ListItem\",\"position\":1,\"name\":\"In\u00edcio\",\"item\":\"https:\/\/www.legislapp.com.br\/\"},{\"@type\":\"ListItem\",\"position\":2,\"name\":\"Avulso Inicial &#8211; PL 5740\/2025 &#8211; C\u00e2mara\"}]},{\"@type\":\"WebSite\",\"@id\":\"https:\/\/www.legislapp.com.br\/#website\",\"url\":\"https:\/\/www.legislapp.com.br\/\",\"name\":\"Legislapp\",\"description\":\"Intelig\u00eancia governamental em tempo real\",\"publisher\":{\"@id\":\"https:\/\/www.legislapp.com.br\/#organization\"},\"potentialAction\":[{\"@type\":\"SearchAction\",\"target\":{\"@type\":\"EntryPoint\",\"urlTemplate\":\"https:\/\/www.legislapp.com.br\/?s={search_term_string}\"},\"query-input\":{\"@type\":\"PropertyValueSpecification\",\"valueRequired\":true,\"valueName\":\"search_term_string\"}}],\"inLanguage\":\"pt-BR\"},{\"@type\":\"Organization\",\"@id\":\"https:\/\/www.legislapp.com.br\/#organization\",\"name\":\"Legislapp Monitoramento e Intelig\u00eancia Governamental\",\"url\":\"https:\/\/www.legislapp.com.br\/\",\"logo\":{\"@type\":\"ImageObject\",\"inLanguage\":\"pt-BR\",\"@id\":\"https:\/\/www.legislapp.com.br\/#\/schema\/logo\/image\/\",\"url\":\"https:\/\/www.legislapp.com.br\/wp-content\/uploads\/icon.png\",\"contentUrl\":\"https:\/\/www.legislapp.com.br\/wp-content\/uploads\/icon.png\",\"width\":1024,\"height\":1024,\"caption\":\"Legislapp Monitoramento e Intelig\u00eancia Governamental\"},\"image\":{\"@id\":\"https:\/\/www.legislapp.com.br\/#\/schema\/logo\/image\/\"},\"sameAs\":[\"https:\/\/www.instagram.com\/legislapp\/\"]}]}<\/script>\n<!-- \/ Yoast SEO plugin. -->","yoast_head_json":{"title":"Avulso Inicial - PL 5740\/2025 - C\u00e2mara - Legislapp","robots":{"index":"index","follow":"follow","max-snippet":"max-snippet:-1","max-image-preview":"max-image-preview:large","max-video-preview":"max-video-preview:-1"},"canonical":"https:\/\/www.legislapp.com.br\/index.php\/avulso-inicial-pl-5740-2025-camara\/","og_locale":"pt_BR","og_type":"article","og_title":"Avulso Inicial - PL 5740\/2025 - C\u00e2mara - Legislapp","og_description":"Avulso Inicial &#8211; Autoria de Laura Carneiro PROJETO DE LEI N\u00ba , DE 2025 (Da Sra. Deputada Federal LAURA CARNEIRO) Altera o art. 35 da Lei n\u00ba 5.991, de 17 de dezembro de 1973, para tornar obrigat\u00f3ria a emiss\u00e3o digitada, datilografada ou eletr\u00f4nica de receitas e prescri\u00e7\u00f5es de sa\u00fade, e d\u00e1 outras provid\u00eancias. O Congresso [&hellip;]","og_url":"https:\/\/www.legislapp.com.br\/index.php\/avulso-inicial-pl-5740-2025-camara\/","og_site_name":"Legislapp","article_publisher":"https:\/\/www.instagram.com\/legislapp\/","og_image":[{"url":"https:\/\/www.legislapp.com.br\/wp-content\/uploads\/2021\/07\/Logo-Legislapp-1-03-1.png","type":"","width":"","height":""}],"twitter_card":"summary_large_image","twitter_misc":{"Est. tempo de leitura":"4 minutos"},"schema":{"@context":"https:\/\/schema.org","@graph":[{"@type":"WebPage","@id":"https:\/\/www.legislapp.com.br\/index.php\/avulso-inicial-pl-5740-2025-camara\/","url":"https:\/\/www.legislapp.com.br\/index.php\/avulso-inicial-pl-5740-2025-camara\/","name":"Avulso Inicial - PL 5740\/2025 - C\u00e2mara - Legislapp","isPartOf":{"@id":"https:\/\/www.legislapp.com.br\/#website"},"primaryImageOfPage":{"@id":"https:\/\/www.legislapp.com.br\/index.php\/avulso-inicial-pl-5740-2025-camara\/#primaryimage"},"image":{"@id":"https:\/\/www.legislapp.com.br\/index.php\/avulso-inicial-pl-5740-2025-camara\/#primaryimage"},"thumbnailUrl":"https:\/\/www.legislapp.com.br\/wp-content\/uploads\/2021\/07\/Logo-Legislapp-1-03-1.png","datePublished":"2025-12-01T14:31:23+00:00","breadcrumb":{"@id":"https:\/\/www.legislapp.com.br\/index.php\/avulso-inicial-pl-5740-2025-camara\/#breadcrumb"},"inLanguage":"pt-BR","potentialAction":[{"@type":"ReadAction","target":["https:\/\/www.legislapp.com.br\/index.php\/avulso-inicial-pl-5740-2025-camara\/"]}]},{"@type":"ImageObject","inLanguage":"pt-BR","@id":"https:\/\/www.legislapp.com.br\/index.php\/avulso-inicial-pl-5740-2025-camara\/#primaryimage","url":"https:\/\/www.legislapp.com.br\/wp-content\/uploads\/2021\/07\/Logo-Legislapp-1-03-1.png","contentUrl":"https:\/\/www.legislapp.com.br\/wp-content\/uploads\/2021\/07\/Logo-Legislapp-1-03-1.png","width":2679,"height":2697},{"@type":"BreadcrumbList","@id":"https:\/\/www.legislapp.com.br\/index.php\/avulso-inicial-pl-5740-2025-camara\/#breadcrumb","itemListElement":[{"@type":"ListItem","position":1,"name":"In\u00edcio","item":"https:\/\/www.legislapp.com.br\/"},{"@type":"ListItem","position":2,"name":"Avulso Inicial &#8211; PL 5740\/2025 &#8211; C\u00e2mara"}]},{"@type":"WebSite","@id":"https:\/\/www.legislapp.com.br\/#website","url":"https:\/\/www.legislapp.com.br\/","name":"Legislapp","description":"Intelig\u00eancia governamental em tempo real","publisher":{"@id":"https:\/\/www.legislapp.com.br\/#organization"},"potentialAction":[{"@type":"SearchAction","target":{"@type":"EntryPoint","urlTemplate":"https:\/\/www.legislapp.com.br\/?s={search_term_string}"},"query-input":{"@type":"PropertyValueSpecification","valueRequired":true,"valueName":"search_term_string"}}],"inLanguage":"pt-BR"},{"@type":"Organization","@id":"https:\/\/www.legislapp.com.br\/#organization","name":"Legislapp Monitoramento e Intelig\u00eancia Governamental","url":"https:\/\/www.legislapp.com.br\/","logo":{"@type":"ImageObject","inLanguage":"pt-BR","@id":"https:\/\/www.legislapp.com.br\/#\/schema\/logo\/image\/","url":"https:\/\/www.legislapp.com.br\/wp-content\/uploads\/icon.png","contentUrl":"https:\/\/www.legislapp.com.br\/wp-content\/uploads\/icon.png","width":1024,"height":1024,"caption":"Legislapp Monitoramento e Intelig\u00eancia Governamental"},"image":{"@id":"https:\/\/www.legislapp.com.br\/#\/schema\/logo\/image\/"},"sameAs":["https:\/\/www.instagram.com\/legislapp\/"]}]}},"_links":{"self":[{"href":"https:\/\/www.legislapp.com.br\/index.php\/wp-json\/wp\/v2\/pages\/10655","targetHints":{"allow":["GET"]}}],"collection":[{"href":"https:\/\/www.legislapp.com.br\/index.php\/wp-json\/wp\/v2\/pages"}],"about":[{"href":"https:\/\/www.legislapp.com.br\/index.php\/wp-json\/wp\/v2\/types\/page"}],"author":[{"embeddable":true,"href":"https:\/\/www.legislapp.com.br\/index.php\/wp-json\/wp\/v2\/users\/1"}],"replies":[{"embeddable":true,"href":"https:\/\/www.legislapp.com.br\/index.php\/wp-json\/wp\/v2\/comments?post=10655"}],"version-history":[{"count":0,"href":"https:\/\/www.legislapp.com.br\/index.php\/wp-json\/wp\/v2\/pages\/10655\/revisions"}],"wp:attachment":[{"href":"https:\/\/www.legislapp.com.br\/index.php\/wp-json\/wp\/v2\/media?parent=10655"}],"curies":[{"name":"wp","href":"https:\/\/api.w.org\/{rel}","templated":true}]}}