{"id":10657,"date":"2025-12-01T11:31:27","date_gmt":"2025-12-01T14:31:27","guid":{"rendered":"https:\/\/www.legislapp.com.br\/index.php\/avulso-inicial-pl-3408-2025-camara\/"},"modified":"2025-12-01T11:31:27","modified_gmt":"2025-12-01T14:31:27","slug":"avulso-inicial-pl-3408-2025-camara","status":"publish","type":"page","link":"https:\/\/www.legislapp.com.br\/index.php\/avulso-inicial-pl-3408-2025-camara\/","title":{"rendered":"Avulso Inicial &#8211; PL 3408\/2025 &#8211; C\u00e2mara"},"content":{"rendered":"<h1 style='text-align: center;'>Avulso Inicial &#8211; Autoria de Leo Prates<\/h3>\n<p><\/p>\n<article>PROJETO DE LEI N\u00ba          , DE 2025<br \/>\n(Do Sr. L\u00c9O PRATES)<br \/>\nAltera a Lei n\u00ba 12.764, de 27 de<br \/>\ndezembro de 2012, para obrigar o Sistema<br \/>\n\u00danico de Sa\u00fade a disponibilizar testes<br \/>\nautomatizados de rastreamento ocular para<br \/>\ndetec\u00e7\u00e3o do transtorno do espectro autista.<br \/>\nO Congresso Nacional decreta:<br \/>\nArt. 1\u00ba Esta lei altera a Lei n\u00ba 12.764, de 27 de dezembro de<br \/>\n2012, para obrigar o Sistema \u00danico de Sa\u00fade a disponibilizar testes<br \/>\nautomatizados de rastreamento ocular para detec\u00e7\u00e3o do transtorno do espectro<br \/>\nautista.<br \/>\nArt. 2\u00b0O art. 3\u00ba da Lei n\u00ba 12.764, de 27 de dezembro de 2012,<br \/>\npassa a vigorar com a seguinte altera\u00e7\u00e3o:<br \/>\n\u201cArt. 3\u00ba &#8230;&#8230;&#8230;&#8230;&#8230;&#8230;&#8230;&#8230;&#8230;&#8230;&#8230;&#8230;&#8230;&#8230;&#8230;&#8230;&#8230;&#8230;&#8230;&#8230;&#8230;&#8230;&#8230;&#8230;&#8230;&#8230;&#8230;<br \/>\n&#8230;&#8230;&#8230;&#8230;&#8230;&#8230;&#8230;&#8230;&#8230;&#8230;&#8230;&#8230;&#8230;&#8230;&#8230;&#8230;&#8230;&#8230;&#8230;&#8230;&#8230;&#8230;&#8230;&#8230;&#8230;&#8230;&#8230;&#8230;&#8230;&#8230;&#8230;<br \/>\n\u00a7 3\u00ba Para fins de auxiliar o diagn\u00f3stico precoce, de que<br \/>\ntrata o inc. III deste artigo, o Sistema \u00danico de Sa\u00fade<br \/>\ndever\u00e1 disponibilizar testes automatizados de<br \/>\nrastreamento ocular para detec\u00e7\u00e3o do transtorno do<br \/>\nespectro autista.\u201d (NR)<br \/>\nArt. 3\u00ba Esta lei entra em vigor ap\u00f3s decorridos sessenta dias de<br \/>\nsua publica\u00e7\u00e3o oficial.<br \/>\nJUSTIFICA\u00c7\u00c3O<br \/>\nO objetivo desta proposi\u00e7\u00e3o \u00e9 obrigar o Sistema \u00danico de<br \/>\nSa\u00fade dever\u00e1 disponibilizar testes automatizados de rastreamento ocular para<br \/>\ndetec\u00e7\u00e3o do transtorno do espectro autista (TEA).<br \/>\nPara verificar a assinatura, acesse https:\/\/infoleg-autenticidade-assinatura.camara.leg.br\/CD252604091100<br \/>\nAssinado eletronicamente pelo(a) Dep. Leo Prates<br \/>\nApresenta\u00e7\u00e3o: 15\/07\/2025 13:55:09.860 &#8211; Mesa<br \/>\n*CD252604091100* PL n.3408\/2025<br \/>2<br \/>\nO diagn\u00f3stico precoce do TEA \u00e9 essencial, mas ainda<br \/>\nrepresenta um grande obst\u00e1culo para muitas fam\u00edlias brasileiras. Atualmente, \u00e9<br \/>\ncomum que crian\u00e7as aguardem anos por avalia\u00e7\u00f5es cl\u00ednicas completas no<br \/>\nSUS, enfrentando filas longas e falta de especialistas, o que atrasa o acesso \u00e0s<br \/>\ninterven\u00e7\u00f5es fundamentais que deveriam ser realizadas ainda nos primeiros<br \/>\nanos de vida.<br \/>\nContudo, nos \u00faltimos meses, surgiram boas not\u00edcias: exames<br \/>\ninovadores de rastreamento ocular, como a Avalia\u00e7\u00e3o EarliPoint\u00ae, foram<br \/>\naprovados pelos \u00f3rg\u00e3os reguladores dos EUA em agosto de 2023 e j\u00e1 est\u00e3o<br \/>\nem uso em dezenas de centros, detectando sinais de autismo em apenas 15<br \/>\nminutos com cerca de 80 % de precis\u00e3o.<br \/>\nIncorpor\u00e1-los ao SUS representaria um avan\u00e7o relevante, pois<br \/>\npermitiria identificar crian\u00e7as em risco de TEA muito antes do habitual \u2014<br \/>\nquando ainda h\u00e1 perda substancial de oportunidades de desenvolvimento.<br \/>\nAl\u00e9m disso, aliviaria o sofrimento e a ang\u00fastia das fam\u00edlias, que relatam<br \/>\ndificuldades para conseguir laudo, recorrer \u00e0 rede p\u00fablica ou encarar custos<br \/>\ncom neuropsic\u00f3logos e psiquiatras particulares.<br \/>\nPortanto, diante dos recentes avan\u00e7os em rastreamento ocular<br \/>\ne das necessidades reais das fam\u00edlias, o SUS deveria priorizar a incorpora\u00e7\u00e3o<br \/>\ndestes testes automatizados. Mais r\u00e1pido, justo e eficaz, esse recurso pode<br \/>\ntransformar a jornada diagn\u00f3stica no Brasil \u2014 rompendo o ciclo da espera e<br \/>\ncontribuindo diretamente para um desenvolvimento infantil mais saud\u00e1vel e<br \/>\nigualit\u00e1rio.<br \/>\nEm face ao exposto, pe\u00e7o a meus nobres Pares o apoio<br \/>\nnecess\u00e1rio para aprova\u00e7\u00e3o deste projeto de lei.<br \/>\nSala das Sess\u00f5es, em        de                     de 2025.<br \/>\nDeputado L\u00c9O PRATES<br \/>\n2025-8999<br \/>\nPara verificar a assinatura, acesse https:\/\/infoleg-autenticidade-assinatura.camara.leg.br\/CD252604091100<br \/>\nAssinado eletronicamente pelo(a) Dep. Leo Prates<br \/>\nApresenta\u00e7\u00e3o: 15\/07\/2025 13:55:09.860 &#8211; Mesa<br \/>\n*CD252604091100* PL n.3408\/2025<\/article>\n<p><a href='https:\/\/app.legislapp.com.br\/#\/busca?termo=Altera\u00e7\u00e3o'>Altera\u00e7\u00e3o<\/a>, <a href='https:\/\/app.legislapp.com.br\/#\/busca?termo=Lei Berenice Piana (2012)'>Lei Berenice Piana (2012)<\/a>, <a href='https:\/\/app.legislapp.com.br\/#\/busca?termo=obrigatoriedade'>obrigatoriedade<\/a>, <a href='https:\/\/app.legislapp.com.br\/#\/busca?termo=disponibiliza\u00e7\u00e3o'>disponibiliza\u00e7\u00e3o<\/a>, <a href='https:\/\/app.legislapp.com.br\/#\/busca?termo=Sistema \u00danico de Sa\u00fade (SUS)'>Sistema \u00danico de Sa\u00fade (SUS)<\/a>, <a href='https:\/\/app.legislapp.com.br\/#\/busca?termo=Teste (sa\u00fade)'>Teste (sa\u00fade)<\/a>, <a href='https:\/\/app.legislapp.com.br\/#\/busca?termo=Rastreamento de doen\u00e7as'>Rastreamento de doen\u00e7as<\/a>, <a href='https:\/\/app.legislapp.com.br\/#\/busca?termo=detec\u00e7\u00e3o'>detec\u00e7\u00e3o<\/a>, <a href='https:\/\/app.legislapp.com.br\/#\/busca?termo=Diagn\u00f3stico precoce'>Diagn\u00f3stico precoce<\/a>, <a href='https:\/\/app.legislapp.com.br\/#\/busca?termo=Transtorno do Espectro Autista (TEA).'>Transtorno do Espectro Autista (TEA).<\/a><\/p>\n<div style=\"text-align: center\">\n      <img decoding=\"async\" style=\"width: 14%;\" src=\"https:\/\/www.legislapp.com.br\/wp-content\/uploads\/2021\/07\/Logo-Legislapp-1-03-1.png\"><br \/>\n      <\/p>\n<div style=\"margin-bottom: 20px;\" class=\"et_pb_button_module_wrapper et_pb_button_5_tb_body_wrapper et_pb_button_alignment_center et_pb_module \">\n         <a class=\"et_pb_button et_pb_button_5_tb_body et_hover_enabled et_pb_bg_layout_dark\" style=\"width: 50%;background-color: black;\" href=\"https:\/\/app.legislapp.com.br\" target=\"_blank\" rel=\"noopener\">Visualizar completo na nossa plataforma (30 dias gr\u00e1tis)<\/a><\/p><\/div>\n<p>      <a href=\"https:\/\/play.google.com\/store\/apps\/details?id=br.com.legislapp\"><img decoding=\"async\" style=\"width: 15%; min-width: 130px;\" src=\"https:\/\/www.legislapp.com.br\/wp-content\/uploads\/google-play.png\"><\/a><br \/>\n      <a href=\"https:\/\/apps.apple.com\/us\/app\/legislapp\/id1568929859\"><img decoding=\"async\" style=\"width: 15%; min-width: 130px\" src=\"https:\/\/www.legislapp.com.br\/wp-content\/uploads\/apple-store.png\"><\/a>\n   <\/div>\n","protected":false},"excerpt":{"rendered":"<p>Avulso Inicial &#8211; Autoria de Leo Prates PROJETO DE LEI N\u00ba , DE 2025 (Do Sr. L\u00c9O PRATES) Altera a Lei n\u00ba 12.764, de 27 de dezembro de 2012, para obrigar o Sistema \u00danico de Sa\u00fade a disponibilizar testes automatizados de rastreamento ocular para detec\u00e7\u00e3o do transtorno do espectro autista. O Congresso Nacional decreta: Art. [&hellip;]<\/p>\n","protected":false},"author":1,"featured_media":0,"parent":0,"menu_order":0,"comment_status":"closed","ping_status":"closed","template":"page-template-blank.php","meta":{"_et_pb_use_builder":"","_et_pb_old_content":"","_et_gb_content_width":"1080","ngg_post_thumbnail":0,"footnotes":""},"class_list":["post-10657","page","type-page","status-publish","hentry"],"yoast_head":"<!-- This site is optimized with the Yoast SEO plugin v24.4 - https:\/\/yoast.com\/wordpress\/plugins\/seo\/ -->\n<title>Avulso Inicial - PL 3408\/2025 - C\u00e2mara - Legislapp<\/title>\n<meta name=\"robots\" content=\"index, follow, max-snippet:-1, max-image-preview:large, max-video-preview:-1\" \/>\n<link rel=\"canonical\" href=\"https:\/\/www.legislapp.com.br\/index.php\/avulso-inicial-pl-3408-2025-camara\/\" \/>\n<meta property=\"og:locale\" content=\"pt_BR\" \/>\n<meta property=\"og:type\" content=\"article\" \/>\n<meta property=\"og:title\" content=\"Avulso Inicial - PL 3408\/2025 - C\u00e2mara - Legislapp\" \/>\n<meta property=\"og:description\" content=\"Avulso Inicial &#8211; Autoria de Leo Prates PROJETO DE LEI N\u00ba , DE 2025 (Do Sr. L\u00c9O PRATES) Altera a Lei n\u00ba 12.764, de 27 de dezembro de 2012, para obrigar o Sistema \u00danico de Sa\u00fade a disponibilizar testes automatizados de rastreamento ocular para detec\u00e7\u00e3o do transtorno do espectro autista. O Congresso Nacional decreta: Art. [&hellip;]\" \/>\n<meta property=\"og:url\" content=\"https:\/\/www.legislapp.com.br\/index.php\/avulso-inicial-pl-3408-2025-camara\/\" \/>\n<meta property=\"og:site_name\" content=\"Legislapp\" \/>\n<meta property=\"article:publisher\" content=\"https:\/\/www.instagram.com\/legislapp\/\" \/>\n<meta property=\"og:image\" content=\"https:\/\/www.legislapp.com.br\/wp-content\/uploads\/2021\/07\/Logo-Legislapp-1-03-1.png\" \/>\n<meta name=\"twitter:card\" content=\"summary_large_image\" \/>\n<meta name=\"twitter:label1\" content=\"Est. tempo de leitura\" \/>\n\t<meta name=\"twitter:data1\" content=\"3 minutos\" \/>\n<script type=\"application\/ld+json\" class=\"yoast-schema-graph\">{\"@context\":\"https:\/\/schema.org\",\"@graph\":[{\"@type\":\"WebPage\",\"@id\":\"https:\/\/www.legislapp.com.br\/index.php\/avulso-inicial-pl-3408-2025-camara\/\",\"url\":\"https:\/\/www.legislapp.com.br\/index.php\/avulso-inicial-pl-3408-2025-camara\/\",\"name\":\"Avulso Inicial - PL 3408\/2025 - C\u00e2mara - Legislapp\",\"isPartOf\":{\"@id\":\"https:\/\/www.legislapp.com.br\/#website\"},\"primaryImageOfPage\":{\"@id\":\"https:\/\/www.legislapp.com.br\/index.php\/avulso-inicial-pl-3408-2025-camara\/#primaryimage\"},\"image\":{\"@id\":\"https:\/\/www.legislapp.com.br\/index.php\/avulso-inicial-pl-3408-2025-camara\/#primaryimage\"},\"thumbnailUrl\":\"https:\/\/www.legislapp.com.br\/wp-content\/uploads\/2021\/07\/Logo-Legislapp-1-03-1.png\",\"datePublished\":\"2025-12-01T14:31:27+00:00\",\"breadcrumb\":{\"@id\":\"https:\/\/www.legislapp.com.br\/index.php\/avulso-inicial-pl-3408-2025-camara\/#breadcrumb\"},\"inLanguage\":\"pt-BR\",\"potentialAction\":[{\"@type\":\"ReadAction\",\"target\":[\"https:\/\/www.legislapp.com.br\/index.php\/avulso-inicial-pl-3408-2025-camara\/\"]}]},{\"@type\":\"ImageObject\",\"inLanguage\":\"pt-BR\",\"@id\":\"https:\/\/www.legislapp.com.br\/index.php\/avulso-inicial-pl-3408-2025-camara\/#primaryimage\",\"url\":\"https:\/\/www.legislapp.com.br\/wp-content\/uploads\/2021\/07\/Logo-Legislapp-1-03-1.png\",\"contentUrl\":\"https:\/\/www.legislapp.com.br\/wp-content\/uploads\/2021\/07\/Logo-Legislapp-1-03-1.png\",\"width\":2679,\"height\":2697},{\"@type\":\"BreadcrumbList\",\"@id\":\"https:\/\/www.legislapp.com.br\/index.php\/avulso-inicial-pl-3408-2025-camara\/#breadcrumb\",\"itemListElement\":[{\"@type\":\"ListItem\",\"position\":1,\"name\":\"In\u00edcio\",\"item\":\"https:\/\/www.legislapp.com.br\/\"},{\"@type\":\"ListItem\",\"position\":2,\"name\":\"Avulso Inicial &#8211; PL 3408\/2025 &#8211; C\u00e2mara\"}]},{\"@type\":\"WebSite\",\"@id\":\"https:\/\/www.legislapp.com.br\/#website\",\"url\":\"https:\/\/www.legislapp.com.br\/\",\"name\":\"Legislapp\",\"description\":\"Intelig\u00eancia governamental em tempo real\",\"publisher\":{\"@id\":\"https:\/\/www.legislapp.com.br\/#organization\"},\"potentialAction\":[{\"@type\":\"SearchAction\",\"target\":{\"@type\":\"EntryPoint\",\"urlTemplate\":\"https:\/\/www.legislapp.com.br\/?s={search_term_string}\"},\"query-input\":{\"@type\":\"PropertyValueSpecification\",\"valueRequired\":true,\"valueName\":\"search_term_string\"}}],\"inLanguage\":\"pt-BR\"},{\"@type\":\"Organization\",\"@id\":\"https:\/\/www.legislapp.com.br\/#organization\",\"name\":\"Legislapp Monitoramento e Intelig\u00eancia Governamental\",\"url\":\"https:\/\/www.legislapp.com.br\/\",\"logo\":{\"@type\":\"ImageObject\",\"inLanguage\":\"pt-BR\",\"@id\":\"https:\/\/www.legislapp.com.br\/#\/schema\/logo\/image\/\",\"url\":\"https:\/\/www.legislapp.com.br\/wp-content\/uploads\/icon.png\",\"contentUrl\":\"https:\/\/www.legislapp.com.br\/wp-content\/uploads\/icon.png\",\"width\":1024,\"height\":1024,\"caption\":\"Legislapp Monitoramento e Intelig\u00eancia Governamental\"},\"image\":{\"@id\":\"https:\/\/www.legislapp.com.br\/#\/schema\/logo\/image\/\"},\"sameAs\":[\"https:\/\/www.instagram.com\/legislapp\/\"]}]}<\/script>\n<!-- \/ Yoast SEO plugin. -->","yoast_head_json":{"title":"Avulso Inicial - PL 3408\/2025 - C\u00e2mara - Legislapp","robots":{"index":"index","follow":"follow","max-snippet":"max-snippet:-1","max-image-preview":"max-image-preview:large","max-video-preview":"max-video-preview:-1"},"canonical":"https:\/\/www.legislapp.com.br\/index.php\/avulso-inicial-pl-3408-2025-camara\/","og_locale":"pt_BR","og_type":"article","og_title":"Avulso Inicial - PL 3408\/2025 - C\u00e2mara - Legislapp","og_description":"Avulso Inicial &#8211; Autoria de Leo Prates PROJETO DE LEI N\u00ba , DE 2025 (Do Sr. L\u00c9O PRATES) Altera a Lei n\u00ba 12.764, de 27 de dezembro de 2012, para obrigar o Sistema \u00danico de Sa\u00fade a disponibilizar testes automatizados de rastreamento ocular para detec\u00e7\u00e3o do transtorno do espectro autista. O Congresso Nacional decreta: Art. [&hellip;]","og_url":"https:\/\/www.legislapp.com.br\/index.php\/avulso-inicial-pl-3408-2025-camara\/","og_site_name":"Legislapp","article_publisher":"https:\/\/www.instagram.com\/legislapp\/","og_image":[{"url":"https:\/\/www.legislapp.com.br\/wp-content\/uploads\/2021\/07\/Logo-Legislapp-1-03-1.png","type":"","width":"","height":""}],"twitter_card":"summary_large_image","twitter_misc":{"Est. tempo de leitura":"3 minutos"},"schema":{"@context":"https:\/\/schema.org","@graph":[{"@type":"WebPage","@id":"https:\/\/www.legislapp.com.br\/index.php\/avulso-inicial-pl-3408-2025-camara\/","url":"https:\/\/www.legislapp.com.br\/index.php\/avulso-inicial-pl-3408-2025-camara\/","name":"Avulso Inicial - PL 3408\/2025 - C\u00e2mara - Legislapp","isPartOf":{"@id":"https:\/\/www.legislapp.com.br\/#website"},"primaryImageOfPage":{"@id":"https:\/\/www.legislapp.com.br\/index.php\/avulso-inicial-pl-3408-2025-camara\/#primaryimage"},"image":{"@id":"https:\/\/www.legislapp.com.br\/index.php\/avulso-inicial-pl-3408-2025-camara\/#primaryimage"},"thumbnailUrl":"https:\/\/www.legislapp.com.br\/wp-content\/uploads\/2021\/07\/Logo-Legislapp-1-03-1.png","datePublished":"2025-12-01T14:31:27+00:00","breadcrumb":{"@id":"https:\/\/www.legislapp.com.br\/index.php\/avulso-inicial-pl-3408-2025-camara\/#breadcrumb"},"inLanguage":"pt-BR","potentialAction":[{"@type":"ReadAction","target":["https:\/\/www.legislapp.com.br\/index.php\/avulso-inicial-pl-3408-2025-camara\/"]}]},{"@type":"ImageObject","inLanguage":"pt-BR","@id":"https:\/\/www.legislapp.com.br\/index.php\/avulso-inicial-pl-3408-2025-camara\/#primaryimage","url":"https:\/\/www.legislapp.com.br\/wp-content\/uploads\/2021\/07\/Logo-Legislapp-1-03-1.png","contentUrl":"https:\/\/www.legislapp.com.br\/wp-content\/uploads\/2021\/07\/Logo-Legislapp-1-03-1.png","width":2679,"height":2697},{"@type":"BreadcrumbList","@id":"https:\/\/www.legislapp.com.br\/index.php\/avulso-inicial-pl-3408-2025-camara\/#breadcrumb","itemListElement":[{"@type":"ListItem","position":1,"name":"In\u00edcio","item":"https:\/\/www.legislapp.com.br\/"},{"@type":"ListItem","position":2,"name":"Avulso Inicial &#8211; PL 3408\/2025 &#8211; C\u00e2mara"}]},{"@type":"WebSite","@id":"https:\/\/www.legislapp.com.br\/#website","url":"https:\/\/www.legislapp.com.br\/","name":"Legislapp","description":"Intelig\u00eancia governamental em tempo real","publisher":{"@id":"https:\/\/www.legislapp.com.br\/#organization"},"potentialAction":[{"@type":"SearchAction","target":{"@type":"EntryPoint","urlTemplate":"https:\/\/www.legislapp.com.br\/?s={search_term_string}"},"query-input":{"@type":"PropertyValueSpecification","valueRequired":true,"valueName":"search_term_string"}}],"inLanguage":"pt-BR"},{"@type":"Organization","@id":"https:\/\/www.legislapp.com.br\/#organization","name":"Legislapp Monitoramento e Intelig\u00eancia Governamental","url":"https:\/\/www.legislapp.com.br\/","logo":{"@type":"ImageObject","inLanguage":"pt-BR","@id":"https:\/\/www.legislapp.com.br\/#\/schema\/logo\/image\/","url":"https:\/\/www.legislapp.com.br\/wp-content\/uploads\/icon.png","contentUrl":"https:\/\/www.legislapp.com.br\/wp-content\/uploads\/icon.png","width":1024,"height":1024,"caption":"Legislapp Monitoramento e Intelig\u00eancia Governamental"},"image":{"@id":"https:\/\/www.legislapp.com.br\/#\/schema\/logo\/image\/"},"sameAs":["https:\/\/www.instagram.com\/legislapp\/"]}]}},"_links":{"self":[{"href":"https:\/\/www.legislapp.com.br\/index.php\/wp-json\/wp\/v2\/pages\/10657","targetHints":{"allow":["GET"]}}],"collection":[{"href":"https:\/\/www.legislapp.com.br\/index.php\/wp-json\/wp\/v2\/pages"}],"about":[{"href":"https:\/\/www.legislapp.com.br\/index.php\/wp-json\/wp\/v2\/types\/page"}],"author":[{"embeddable":true,"href":"https:\/\/www.legislapp.com.br\/index.php\/wp-json\/wp\/v2\/users\/1"}],"replies":[{"embeddable":true,"href":"https:\/\/www.legislapp.com.br\/index.php\/wp-json\/wp\/v2\/comments?post=10657"}],"version-history":[{"count":0,"href":"https:\/\/www.legislapp.com.br\/index.php\/wp-json\/wp\/v2\/pages\/10657\/revisions"}],"wp:attachment":[{"href":"https:\/\/www.legislapp.com.br\/index.php\/wp-json\/wp\/v2\/media?parent=10657"}],"curies":[{"name":"wp","href":"https:\/\/api.w.org\/{rel}","templated":true}]}}