{"id":10660,"date":"2025-12-01T11:31:36","date_gmt":"2025-12-01T14:31:36","guid":{"rendered":"https:\/\/www.legislapp.com.br\/index.php\/avulso-inicial-pl-5058-2025-camara\/"},"modified":"2025-12-01T11:31:36","modified_gmt":"2025-12-01T14:31:36","slug":"avulso-inicial-pl-5058-2025-camara","status":"publish","type":"page","link":"https:\/\/www.legislapp.com.br\/index.php\/avulso-inicial-pl-5058-2025-camara\/","title":{"rendered":"Avulso Inicial &#8211; PL 5058\/2025 &#8211; C\u00e2mara"},"content":{"rendered":"<h1 style='text-align: center;'>Avulso Inicial &#8211; Autoria de Cabo Gilberto Silva<\/h3>\n<p><\/p>\n<article>\nPROJETO DE LEI N\u00b0 DE 2025<br \/>\n(DO SR. CABO GILBERTO SILVA)<br \/>\nInstitui o Padre Manoel da N\u00f3brega como Patrono<br \/>\nda Educa\u00e7\u00e3o Brasileira, reconhecendo o pioneirismo<br \/>\nde N\u00f3brega na funda\u00e7\u00e3o das primeiras escolas e<br \/>\ninstitui\u00e7\u00f5es educacionais no pa\u00eds.<br \/>\nO Congresso Nacional decreta:<br \/>\nArt. 1\u00ba O Padre Manoel da N\u00f3brega \u00e9 institu\u00eddo como Patrono da Educa\u00e7\u00e3o Brasileira.<br \/>\nArt. 2\u00ba Esta Lei entra em vigor na data de sua publica\u00e7\u00e3o.<br \/>\nJUSTIFICATIVA<br \/>\nA presente proposta de lei visa instituir o Padre Manoel da N\u00f3brega como Patrono da<br \/>\nEduca\u00e7\u00e3o Brasileira, reconhecendo seu papel fundamental como pioneiro na implanta\u00e7\u00e3o de um<br \/>\nsistema educacional no territ\u00f3rio que viria a se tornar o Brasil. Nascido em 18 de outubro de 1517,<br \/>\nem Sanfins do Douro, Portugal, N\u00f3brega foi um sacerdote jesu\u00edta que liderou a primeira miss\u00e3o da<br \/>\nCompanhia de Jesus na Am\u00e9rica, chegando ao Brasil em 1549 a bordo da armada de Tom\u00e9 de<br \/>\nSousa, o primeiro governador-geral. Sua vis\u00e3o educacional integrava a f\u00e9 crist\u00e3 com o<br \/>\ndesenvolvimento humano, priorizando a eleva\u00e7\u00e3o espiritual e o progresso cultural por meio de<br \/>\nferramentas como a leitura, m\u00fasica, artes e outros saberes.<br \/>\nA catequese promovida por N\u00f3brega n\u00e3o era mero conhecimento religioso, mas um<br \/>\nprocesso cultural que visava a forma\u00e7\u00e3o integral dos indiv\u00edduos, preparando-os para uma vida de<br \/>\nvirtude e contribui\u00e7\u00e3o social, beneficiando ind\u00edgenas e colonos, sem acep\u00e7\u00e3o de pessoas.<br \/>\nComo grande educador e l\u00edder da primeira miss\u00e3o jesu\u00edtica no Brasil, N\u00f3brega<br \/>\nimpulsionou a cria\u00e7\u00e3o das primeiras escolas coloniais, focadas na catequese e na alfabetiza\u00e7\u00e3o de<br \/>\nind\u00edgenas e demais habitantes, ainda nos prim\u00f3rdios da forma\u00e7\u00e3o do pa\u00eds. Ele fundou as primeiras<br \/>\ninstitui\u00e7\u00f5es educacionais, come\u00e7ando pelo Col\u00e9gio de Salvador, na Bahia, e expandindo para outros<br \/>\ncentros.<br \/>\nPara verificar a assinatura, acesse https:\/\/infoleg-autenticidade-assinatura.camara.leg.br\/CD250992595900<br \/>\nAssinado eletronicamente pelo(a) Dep. Cabo Gilberto Silva<br \/>\nApresenta\u00e7\u00e3o: 08\/10\/2025 20:11:18.350 &#8211; Mesa<br \/>\n*CD250992595900* PL n.5058\/2025<br \/> <br \/>\nEm 1554, em parceria com Jos\u00e9 de Anchieta, N\u00f3brega celebrou a primeira missa no<br \/>\nCol\u00e9gio de S\u00e3o Paulo dos Campos de Piratininga, marcando o nascimento da cidade de S\u00e3o Paulo e<br \/>\nestabelecendo um n\u00facleo educacional que integrava m\u00fasica \u00e0 catequese, possivelmente com<br \/>\ninstrumentos como o \u201c\u00f3rg\u00e3o\u201d trazidos pelos jesu\u00edtas para enriquecer as miss\u00f5es e col\u00e9gios.<br \/>\nPosteriormente, contribuiu para a funda\u00e7\u00e3o de institui\u00e7\u00f5es em \u00e1reas como ci\u00eancias m\u00e9dicas,<br \/>\nbotic\u00e1rio (farm\u00e1cia primitiva), m\u00fasica e demais saberes, adaptando conhecimentos europeus \u00e0s<br \/>\nrealidades locais. N\u00f3brega ajudou a expandir as primeiras escolas no Brasil, criando aldeias<br \/>\nmission\u00e1rias (aldeamentos) onde os ind\u00edgenas eram instru\u00eddos e educados em l\u00ednguas, religi\u00e3o<br \/>\ncat\u00f3lica, gram\u00e1tica e outros saberes. Seu trabalho foi pioneiro ao usar a m\u00fasica como ferramenta<br \/>\npedag\u00f3gica para a evangeliza\u00e7\u00e3o de crian\u00e7as, facilitando a absor\u00e7\u00e3o de conceitos espirituais e<br \/>\nculturais de forma acess\u00edvel e envolvente.<br \/>\nO relato no livro &#8220;Hist\u00f3ria do Brasil&#8221;, do Padre Raphael Galanti, destaca N\u00f3brega como<br \/>\nfundador das primeiras institui\u00e7\u00f5es educativas no Brasil, enfatizando sua dire\u00e7\u00e3o na miss\u00e3o jesu\u00edtica<br \/>\nde 1549 e a integra\u00e7\u00e3o de elementos como a m\u00fasica nas escolas de S\u00e3o Paulo em 1554. Galanti, em<br \/>\nsua obra did\u00e1tica e hist\u00f3rica, retrata N\u00f3brega como um grande educador que uniu a tradi\u00e7\u00e3o<br \/>\njesu\u00edtica \u00e0 realidade brasileira, promovendo uma educa\u00e7\u00e3o c\u00edvica e espiritual que influenciou<br \/>\ngera\u00e7\u00f5es. Essa vis\u00e3o refor\u00e7a a import\u00e2ncia de N\u00f3brega como um articulador n\u00e3o apenas religioso,<br \/>\nmas tamb\u00e9m pol\u00edtico e cultural, que aconselhou governadores e defendeu os direitos ind\u00edgenas<br \/>\ncontra choques culturais com colonos.<br \/>\nManoel da N\u00f3brega trouxe para o Brasil, ainda no per\u00edodo de sua forma\u00e7\u00e3o, experi\u00eancias<br \/>\nem v\u00e1rias \u00e1reas do conhecimento adquiridas durante sua forma\u00e7\u00e3o na Europa, nas universidades de<br \/>\nSalamanca e Coimbra, onde estudou humanidades, direito can\u00f4nico e filosofia. Essas experi\u00eancias<br \/>\ninclu\u00edam leitura religiosa, m\u00fasica, estat\u00edstica, astronomia, literatura, pintura e produ\u00e7\u00e3o art\u00edstica,<br \/>\nenriquecidas por intera\u00e7\u00f5es com a Igreja Cat\u00f3lica, judeus, portugueses, espanh\u00f3is, italianos e<br \/>\nintegrantes da corte real.<br \/>\nEssa bagagem multicultural permitiu que N\u00f3brega adaptasse m\u00e9todos educativos europeus<br \/>\nao contexto brasileiro, criando um modelo de ensino que valorizava as m\u00faltiplas diferen\u00e7as e o<br \/>\ndesenvolvimento integral. Seus esfor\u00e7os resultaram na funda\u00e7\u00e3o de col\u00e9gios no Rio de Janeiro<br \/>\n(1567) e outras regi\u00f5es, onde educou filhos de chefes ind\u00edgenas e colonos, fomentando a unidade<br \/>\nsocial, o progresso cultural e a expans\u00e3o territorial.<br \/>\nPara verificar a assinatura, acesse https:\/\/infoleg-autenticidade-assinatura.camara.leg.br\/CD250992595900<br \/>\nAssinado eletronicamente pelo(a) Dep. Cabo Gilberto Silva<br \/>\nApresenta\u00e7\u00e3o: 08\/10\/2025 20:11:18.350 &#8211; Mesa<br \/>\n*CD250992595900* PL n.5058\/2025<br \/> <br \/>\nInstituir o Padre Manoel N\u00f3brega como patrono da Educa\u00e7\u00e3o brasileira \u00e9 uma homenagem<br \/>\nmerecida, uma vez que ele foi o vision\u00e1rio que plantou as sementes da educa\u00e7\u00e3o brasileira,<br \/>\npriorizando valores como a inclus\u00e3o, a prote\u00e7\u00e3o aos vulner\u00e1veis e a integra\u00e7\u00e3o de saberes crist\u00e3os<br \/>\ncom a forma\u00e7\u00e3o cultural do pa\u00eds. Sua heran\u00e7a contrasta com abordagens mais recentes e<br \/>\nideologizadas, oferecendo um modelo conservador e eficaz que pode inspirar reformas<br \/>\neducacionais.<br \/>\nPor fim, ao revogar patronatos anteriores e adotar N\u00f3brega, o Brasil resgata sua raiz<br \/>\nhist\u00f3rica, promovendo uma educa\u00e7\u00e3o que eleva o esp\u00edrito e impulsiona o progresso cultural e<br \/>\nintelectual de toda a na\u00e7\u00e3o.<br \/>\nSala de Sess\u00f5es, em de          de 2025<br \/>\nCabo Gilberto Silva<br \/>\nDeputado Federal<br \/>\nPL\/PB<br \/>\nPara verificar a assinatura, acesse https:\/\/infoleg-autenticidade-assinatura.camara.leg.br\/CD250992595900<br \/>\nAssinado eletronicamente pelo(a) Dep. Cabo Gilberto Silva<br \/>\nApresenta\u00e7\u00e3o: 08\/10\/2025 20:11:18.350 &#8211; Mesa<br \/>\n*CD250992595900* PL n.5058\/2025<\/article>\n<p><a href='https:\/\/app.legislapp.com.br\/#\/busca?termo='><\/a><\/p>\n<div style=\"text-align: center\">\n      <img decoding=\"async\" style=\"width: 14%;\" src=\"https:\/\/www.legislapp.com.br\/wp-content\/uploads\/2021\/07\/Logo-Legislapp-1-03-1.png\"><br \/>\n      <\/p>\n<div style=\"margin-bottom: 20px;\" class=\"et_pb_button_module_wrapper et_pb_button_5_tb_body_wrapper et_pb_button_alignment_center et_pb_module \">\n         <a class=\"et_pb_button et_pb_button_5_tb_body et_hover_enabled et_pb_bg_layout_dark\" style=\"width: 50%;background-color: black;\" href=\"https:\/\/app.legislapp.com.br\" target=\"_blank\" rel=\"noopener\">Visualizar completo na nossa plataforma (30 dias gr\u00e1tis)<\/a><\/p><\/div>\n<p>      <a href=\"https:\/\/play.google.com\/store\/apps\/details?id=br.com.legislapp\"><img decoding=\"async\" style=\"width: 15%; min-width: 130px;\" src=\"https:\/\/www.legislapp.com.br\/wp-content\/uploads\/google-play.png\"><\/a><br \/>\n      <a href=\"https:\/\/apps.apple.com\/us\/app\/legislapp\/id1568929859\"><img decoding=\"async\" style=\"width: 15%; min-width: 130px\" src=\"https:\/\/www.legislapp.com.br\/wp-content\/uploads\/apple-store.png\"><\/a>\n   <\/div>\n","protected":false},"excerpt":{"rendered":"<p>Avulso Inicial &#8211; Autoria de Cabo Gilberto Silva PROJETO DE LEI N\u00b0 DE 2025 (DO SR. CABO GILBERTO SILVA) Institui o Padre Manoel da N\u00f3brega como Patrono da Educa\u00e7\u00e3o Brasileira, reconhecendo o pioneirismo de N\u00f3brega na funda\u00e7\u00e3o das primeiras escolas e institui\u00e7\u00f5es educacionais no pa\u00eds. O Congresso Nacional decreta: Art. 1\u00ba O Padre Manoel da [&hellip;]<\/p>\n","protected":false},"author":1,"featured_media":0,"parent":0,"menu_order":0,"comment_status":"closed","ping_status":"closed","template":"page-template-blank.php","meta":{"_et_pb_use_builder":"","_et_pb_old_content":"","_et_gb_content_width":"1080","ngg_post_thumbnail":0,"footnotes":""},"class_list":["post-10660","page","type-page","status-publish","hentry"],"yoast_head":"<!-- This site is optimized with the Yoast SEO plugin v24.4 - https:\/\/yoast.com\/wordpress\/plugins\/seo\/ -->\n<title>Avulso Inicial - PL 5058\/2025 - C\u00e2mara - Legislapp<\/title>\n<meta name=\"robots\" content=\"index, follow, max-snippet:-1, max-image-preview:large, max-video-preview:-1\" \/>\n<link rel=\"canonical\" href=\"https:\/\/www.legislapp.com.br\/index.php\/avulso-inicial-pl-5058-2025-camara\/\" \/>\n<meta property=\"og:locale\" content=\"pt_BR\" \/>\n<meta property=\"og:type\" content=\"article\" \/>\n<meta property=\"og:title\" content=\"Avulso Inicial - PL 5058\/2025 - C\u00e2mara - Legislapp\" \/>\n<meta property=\"og:description\" content=\"Avulso Inicial &#8211; Autoria de Cabo Gilberto Silva PROJETO DE LEI N\u00b0 DE 2025 (DO SR. CABO GILBERTO SILVA) Institui o Padre Manoel da N\u00f3brega como Patrono da Educa\u00e7\u00e3o Brasileira, reconhecendo o pioneirismo de N\u00f3brega na funda\u00e7\u00e3o das primeiras escolas e institui\u00e7\u00f5es educacionais no pa\u00eds. O Congresso Nacional decreta: Art. 1\u00ba O Padre Manoel da [&hellip;]\" \/>\n<meta property=\"og:url\" content=\"https:\/\/www.legislapp.com.br\/index.php\/avulso-inicial-pl-5058-2025-camara\/\" \/>\n<meta property=\"og:site_name\" content=\"Legislapp\" \/>\n<meta property=\"article:publisher\" content=\"https:\/\/www.instagram.com\/legislapp\/\" \/>\n<meta property=\"og:image\" content=\"https:\/\/www.legislapp.com.br\/wp-content\/uploads\/2021\/07\/Logo-Legislapp-1-03-1.png\" \/>\n<meta name=\"twitter:card\" content=\"summary_large_image\" \/>\n<meta name=\"twitter:label1\" content=\"Est. tempo de leitura\" \/>\n\t<meta name=\"twitter:data1\" content=\"5 minutos\" \/>\n<script type=\"application\/ld+json\" class=\"yoast-schema-graph\">{\"@context\":\"https:\/\/schema.org\",\"@graph\":[{\"@type\":\"WebPage\",\"@id\":\"https:\/\/www.legislapp.com.br\/index.php\/avulso-inicial-pl-5058-2025-camara\/\",\"url\":\"https:\/\/www.legislapp.com.br\/index.php\/avulso-inicial-pl-5058-2025-camara\/\",\"name\":\"Avulso Inicial - PL 5058\/2025 - C\u00e2mara - Legislapp\",\"isPartOf\":{\"@id\":\"https:\/\/www.legislapp.com.br\/#website\"},\"primaryImageOfPage\":{\"@id\":\"https:\/\/www.legislapp.com.br\/index.php\/avulso-inicial-pl-5058-2025-camara\/#primaryimage\"},\"image\":{\"@id\":\"https:\/\/www.legislapp.com.br\/index.php\/avulso-inicial-pl-5058-2025-camara\/#primaryimage\"},\"thumbnailUrl\":\"https:\/\/www.legislapp.com.br\/wp-content\/uploads\/2021\/07\/Logo-Legislapp-1-03-1.png\",\"datePublished\":\"2025-12-01T14:31:36+00:00\",\"breadcrumb\":{\"@id\":\"https:\/\/www.legislapp.com.br\/index.php\/avulso-inicial-pl-5058-2025-camara\/#breadcrumb\"},\"inLanguage\":\"pt-BR\",\"potentialAction\":[{\"@type\":\"ReadAction\",\"target\":[\"https:\/\/www.legislapp.com.br\/index.php\/avulso-inicial-pl-5058-2025-camara\/\"]}]},{\"@type\":\"ImageObject\",\"inLanguage\":\"pt-BR\",\"@id\":\"https:\/\/www.legislapp.com.br\/index.php\/avulso-inicial-pl-5058-2025-camara\/#primaryimage\",\"url\":\"https:\/\/www.legislapp.com.br\/wp-content\/uploads\/2021\/07\/Logo-Legislapp-1-03-1.png\",\"contentUrl\":\"https:\/\/www.legislapp.com.br\/wp-content\/uploads\/2021\/07\/Logo-Legislapp-1-03-1.png\",\"width\":2679,\"height\":2697},{\"@type\":\"BreadcrumbList\",\"@id\":\"https:\/\/www.legislapp.com.br\/index.php\/avulso-inicial-pl-5058-2025-camara\/#breadcrumb\",\"itemListElement\":[{\"@type\":\"ListItem\",\"position\":1,\"name\":\"In\u00edcio\",\"item\":\"https:\/\/www.legislapp.com.br\/\"},{\"@type\":\"ListItem\",\"position\":2,\"name\":\"Avulso Inicial &#8211; PL 5058\/2025 &#8211; C\u00e2mara\"}]},{\"@type\":\"WebSite\",\"@id\":\"https:\/\/www.legislapp.com.br\/#website\",\"url\":\"https:\/\/www.legislapp.com.br\/\",\"name\":\"Legislapp\",\"description\":\"Intelig\u00eancia governamental em tempo real\",\"publisher\":{\"@id\":\"https:\/\/www.legislapp.com.br\/#organization\"},\"potentialAction\":[{\"@type\":\"SearchAction\",\"target\":{\"@type\":\"EntryPoint\",\"urlTemplate\":\"https:\/\/www.legislapp.com.br\/?s={search_term_string}\"},\"query-input\":{\"@type\":\"PropertyValueSpecification\",\"valueRequired\":true,\"valueName\":\"search_term_string\"}}],\"inLanguage\":\"pt-BR\"},{\"@type\":\"Organization\",\"@id\":\"https:\/\/www.legislapp.com.br\/#organization\",\"name\":\"Legislapp Monitoramento e Intelig\u00eancia Governamental\",\"url\":\"https:\/\/www.legislapp.com.br\/\",\"logo\":{\"@type\":\"ImageObject\",\"inLanguage\":\"pt-BR\",\"@id\":\"https:\/\/www.legislapp.com.br\/#\/schema\/logo\/image\/\",\"url\":\"https:\/\/www.legislapp.com.br\/wp-content\/uploads\/icon.png\",\"contentUrl\":\"https:\/\/www.legislapp.com.br\/wp-content\/uploads\/icon.png\",\"width\":1024,\"height\":1024,\"caption\":\"Legislapp Monitoramento e Intelig\u00eancia Governamental\"},\"image\":{\"@id\":\"https:\/\/www.legislapp.com.br\/#\/schema\/logo\/image\/\"},\"sameAs\":[\"https:\/\/www.instagram.com\/legislapp\/\"]}]}<\/script>\n<!-- \/ Yoast SEO plugin. -->","yoast_head_json":{"title":"Avulso Inicial - PL 5058\/2025 - C\u00e2mara - Legislapp","robots":{"index":"index","follow":"follow","max-snippet":"max-snippet:-1","max-image-preview":"max-image-preview:large","max-video-preview":"max-video-preview:-1"},"canonical":"https:\/\/www.legislapp.com.br\/index.php\/avulso-inicial-pl-5058-2025-camara\/","og_locale":"pt_BR","og_type":"article","og_title":"Avulso Inicial - PL 5058\/2025 - C\u00e2mara - Legislapp","og_description":"Avulso Inicial &#8211; Autoria de Cabo Gilberto Silva PROJETO DE LEI N\u00b0 DE 2025 (DO SR. CABO GILBERTO SILVA) Institui o Padre Manoel da N\u00f3brega como Patrono da Educa\u00e7\u00e3o Brasileira, reconhecendo o pioneirismo de N\u00f3brega na funda\u00e7\u00e3o das primeiras escolas e institui\u00e7\u00f5es educacionais no pa\u00eds. O Congresso Nacional decreta: Art. 1\u00ba O Padre Manoel da [&hellip;]","og_url":"https:\/\/www.legislapp.com.br\/index.php\/avulso-inicial-pl-5058-2025-camara\/","og_site_name":"Legislapp","article_publisher":"https:\/\/www.instagram.com\/legislapp\/","og_image":[{"url":"https:\/\/www.legislapp.com.br\/wp-content\/uploads\/2021\/07\/Logo-Legislapp-1-03-1.png","type":"","width":"","height":""}],"twitter_card":"summary_large_image","twitter_misc":{"Est. tempo de leitura":"5 minutos"},"schema":{"@context":"https:\/\/schema.org","@graph":[{"@type":"WebPage","@id":"https:\/\/www.legislapp.com.br\/index.php\/avulso-inicial-pl-5058-2025-camara\/","url":"https:\/\/www.legislapp.com.br\/index.php\/avulso-inicial-pl-5058-2025-camara\/","name":"Avulso Inicial - PL 5058\/2025 - C\u00e2mara - Legislapp","isPartOf":{"@id":"https:\/\/www.legislapp.com.br\/#website"},"primaryImageOfPage":{"@id":"https:\/\/www.legislapp.com.br\/index.php\/avulso-inicial-pl-5058-2025-camara\/#primaryimage"},"image":{"@id":"https:\/\/www.legislapp.com.br\/index.php\/avulso-inicial-pl-5058-2025-camara\/#primaryimage"},"thumbnailUrl":"https:\/\/www.legislapp.com.br\/wp-content\/uploads\/2021\/07\/Logo-Legislapp-1-03-1.png","datePublished":"2025-12-01T14:31:36+00:00","breadcrumb":{"@id":"https:\/\/www.legislapp.com.br\/index.php\/avulso-inicial-pl-5058-2025-camara\/#breadcrumb"},"inLanguage":"pt-BR","potentialAction":[{"@type":"ReadAction","target":["https:\/\/www.legislapp.com.br\/index.php\/avulso-inicial-pl-5058-2025-camara\/"]}]},{"@type":"ImageObject","inLanguage":"pt-BR","@id":"https:\/\/www.legislapp.com.br\/index.php\/avulso-inicial-pl-5058-2025-camara\/#primaryimage","url":"https:\/\/www.legislapp.com.br\/wp-content\/uploads\/2021\/07\/Logo-Legislapp-1-03-1.png","contentUrl":"https:\/\/www.legislapp.com.br\/wp-content\/uploads\/2021\/07\/Logo-Legislapp-1-03-1.png","width":2679,"height":2697},{"@type":"BreadcrumbList","@id":"https:\/\/www.legislapp.com.br\/index.php\/avulso-inicial-pl-5058-2025-camara\/#breadcrumb","itemListElement":[{"@type":"ListItem","position":1,"name":"In\u00edcio","item":"https:\/\/www.legislapp.com.br\/"},{"@type":"ListItem","position":2,"name":"Avulso Inicial &#8211; PL 5058\/2025 &#8211; C\u00e2mara"}]},{"@type":"WebSite","@id":"https:\/\/www.legislapp.com.br\/#website","url":"https:\/\/www.legislapp.com.br\/","name":"Legislapp","description":"Intelig\u00eancia governamental em tempo real","publisher":{"@id":"https:\/\/www.legislapp.com.br\/#organization"},"potentialAction":[{"@type":"SearchAction","target":{"@type":"EntryPoint","urlTemplate":"https:\/\/www.legislapp.com.br\/?s={search_term_string}"},"query-input":{"@type":"PropertyValueSpecification","valueRequired":true,"valueName":"search_term_string"}}],"inLanguage":"pt-BR"},{"@type":"Organization","@id":"https:\/\/www.legislapp.com.br\/#organization","name":"Legislapp Monitoramento e Intelig\u00eancia Governamental","url":"https:\/\/www.legislapp.com.br\/","logo":{"@type":"ImageObject","inLanguage":"pt-BR","@id":"https:\/\/www.legislapp.com.br\/#\/schema\/logo\/image\/","url":"https:\/\/www.legislapp.com.br\/wp-content\/uploads\/icon.png","contentUrl":"https:\/\/www.legislapp.com.br\/wp-content\/uploads\/icon.png","width":1024,"height":1024,"caption":"Legislapp Monitoramento e Intelig\u00eancia Governamental"},"image":{"@id":"https:\/\/www.legislapp.com.br\/#\/schema\/logo\/image\/"},"sameAs":["https:\/\/www.instagram.com\/legislapp\/"]}]}},"_links":{"self":[{"href":"https:\/\/www.legislapp.com.br\/index.php\/wp-json\/wp\/v2\/pages\/10660","targetHints":{"allow":["GET"]}}],"collection":[{"href":"https:\/\/www.legislapp.com.br\/index.php\/wp-json\/wp\/v2\/pages"}],"about":[{"href":"https:\/\/www.legislapp.com.br\/index.php\/wp-json\/wp\/v2\/types\/page"}],"author":[{"embeddable":true,"href":"https:\/\/www.legislapp.com.br\/index.php\/wp-json\/wp\/v2\/users\/1"}],"replies":[{"embeddable":true,"href":"https:\/\/www.legislapp.com.br\/index.php\/wp-json\/wp\/v2\/comments?post=10660"}],"version-history":[{"count":0,"href":"https:\/\/www.legislapp.com.br\/index.php\/wp-json\/wp\/v2\/pages\/10660\/revisions"}],"wp:attachment":[{"href":"https:\/\/www.legislapp.com.br\/index.php\/wp-json\/wp\/v2\/media?parent=10660"}],"curies":[{"name":"wp","href":"https:\/\/api.w.org\/{rel}","templated":true}]}}