{"id":10674,"date":"2025-12-01T11:32:07","date_gmt":"2025-12-01T14:32:07","guid":{"rendered":"https:\/\/www.legislapp.com.br\/index.php\/avulso-inicial-pl-4923-2025-camara\/"},"modified":"2025-12-01T11:32:07","modified_gmt":"2025-12-01T14:32:07","slug":"avulso-inicial-pl-4923-2025-camara","status":"publish","type":"page","link":"https:\/\/www.legislapp.com.br\/index.php\/avulso-inicial-pl-4923-2025-camara\/","title":{"rendered":"Avulso Inicial &#8211; PL 4923\/2025 &#8211; C\u00e2mara"},"content":{"rendered":"<h1 style='text-align: center;'>Avulso Inicial &#8211; Autoria de Da Vitoria<\/h3>\n<p><\/p>\n<article>PROJETO DE LEI N\u00ba          , DE 2025<br \/>\n(Do Sr. Dep. DA VIT\u00d3RIA)<br \/>\nAltera o art. 250 do C\u00f3digo Penal para<br \/>\ndispor sobre o crime de inc\u00eandio qualificado,<br \/>\npraticado contra embarca\u00e7\u00e3o, aeronave,<br \/>\ncomboio, ve\u00edculo p\u00fablico ou de<br \/>\nconcession\u00e1rias de servi\u00e7o p\u00fablico, ve\u00edculo<br \/>\nda rede de atendimento \u00e0 sa\u00fade ou das<br \/>\nfor\u00e7as de seguran\u00e7a p\u00fablica.<br \/>\nO Congresso Nacional decreta:<br \/>\nArt. 1\u00ba Esta lei altera o art. 250 do Decreto-lei n\u00ba 2.848, de 7 de<br \/>\ndezembro de 1940 \u2013 C\u00f3digo Penal, a fim de disciplinar o crime de inc\u00eandio<br \/>\nqualificado, praticado contra embarca\u00e7\u00e3o, aeronave, comboio, ve\u00edculo p\u00fablico<br \/>\nou de concession\u00e1rias de servi\u00e7o p\u00fablico, ve\u00edculo da rede de atendimento \u00e0<br \/>\nsa\u00fade ou das for\u00e7as de seguran\u00e7a p\u00fablica.<br \/>\nArt. 2\u00ba. O art. 250 do Decreto-lei n\u00ba 2.848, de 7 de setembro de<br \/>\n1940, passa a vigorar com a seguinte reda\u00e7\u00e3o:<br \/>\n\u201cArt. 250. (&#8230;)<br \/>\nInc\u00eandio Qualificado<br \/>\n \u00a7 3\u00b0. Se o inc\u00eandio \u00e9 em embarca\u00e7\u00e3o, aeronave, comboio,<br \/>\nve\u00edculo p\u00fablico ou de concession\u00e1rias de servi\u00e7o p\u00fablico,<br \/>\nve\u00edculo da rede de atendimento \u00e0 sa\u00fade ou das for\u00e7as de<br \/>\nseguran\u00e7a p\u00fablica, a pena ser\u00e1 de quatro a oito anos e multa.<br \/>\nAtos preparat\u00f3rios de Inc\u00eandio Qualificado<br \/>\n\u00a7 4\u00ba. Realizar atos preparat\u00f3rios com o prop\u00f3sito inequ\u00edvoco de<br \/>\nconsumar inc\u00eandio qualificado.<br \/>\nPena &#8211; a correspondente ao delito consumado, diminu\u00edda de<br \/>\num quarto at\u00e9 a metade.<br \/>\nPara verificar a assinatura, acesse https:\/\/infoleg-autenticidade-assinatura.camara.leg.br\/CD250052091100<br \/>\nAssinado eletronicamente pelo(a) Dep. Da Vitoria<br \/>\nApresenta\u00e7\u00e3o: 01\/10\/2025 19:49:10.017 &#8211; Mesa<br \/>\n*CD250052091100* PL n.4923\/2025<br \/>2<br \/>\nArt. 3\u00ba Fica revogada a al\u00ednea \u201cc\u201d, do par\u00e1grafo 1\u00ba, do art. 250.<br \/>\nArt. 4\u00ba Esta lei entra em vigor na data de sua publica\u00e7\u00e3o.<br \/>\nJUSTIFICA\u00c7\u00c3O<br \/>\nO Brasil tem enfrentado, de forma reiterada, epis\u00f3dios de<br \/>\nviol\u00eancia que atingem diretamente o transporte coletivo urbano, ve\u00edculos<br \/>\np\u00fablicos e o patrim\u00f4nio das for\u00e7as de seguran\u00e7a p\u00fablica.<br \/>\nDe acordo com levantamento da Associa\u00e7\u00e3o Nacional das<br \/>\nEmpresas de Transportes Urbanos (NTU), entre 1987 e 2024 foram registrados<br \/>\n4.898 \u00f4nibus incendiados no pa\u00eds. Apenas em 2024, houve 69 ocorr\u00eancias,<br \/>\nresultando em 27 mortes, cerca de 80 feridos graves e preju\u00edzo estimado em<br \/>\nR$ 41,7 milh\u00f5es. Isso equivale a um \u00f4nibus incendiado a cada cinco dias.<br \/>\nEsses n\u00fameros demonstram n\u00e3o se tratar de fen\u00f4meno isolado, mas de uma<br \/>\npr\u00e1tica criminosa recorrente, com graves consequ\u00eancias sociais e econ\u00f4micas.<br \/>\nEm alguns estados, a situa\u00e7\u00e3o assume propor\u00e7\u00f5es ainda mais<br \/>\nalarmantes. Recentemente, no Esp\u00edrito Santo, a Grande Vit\u00f3ria vivenciou<br \/>\nsucessivos inc\u00eandios a coletivos, inclusive em retalia\u00e7\u00e3o a opera\u00e7\u00f5es policiais,<br \/>\no que levou \u00e0 altera\u00e7\u00e3o de itiner\u00e1rios, suspens\u00e3o tempor\u00e1ria de linhas e<br \/>\npreju\u00edzo direto ao direito de ir e vir de milhares de brasileiros.<br \/>\nJ\u00e1 no Rio de Janeiro, somente em 2024, foram contabilizados<br \/>\nmais de 1,7 mil casos de ataques a \u00f4nibus, entre inc\u00eandios e depreda\u00e7\u00f5es. Em<br \/>\nS\u00e3o Paulo, apenas tr\u00eas empresas de transporte urbano concentraram quase<br \/>\ncem ocorr\u00eancias em poucos meses, levando a Pol\u00edcia Militar a deflagrar a<br \/>\nopera\u00e7\u00e3o \u201cImpacto \u2013 Prote\u00e7\u00e3o a Coletivos\u201d, com mobiliza\u00e7\u00e3o de milhares de<br \/>\npoliciais e viaturas. Esses dados ilustram a escala nacional do problema.<br \/>\nOs ataques, contudo, n\u00e3o se limitam a ve\u00edculos de transporte<br \/>\ncoletivo. Viaturas policiais tamb\u00e9m t\u00eam sido alvos de inc\u00eandio e depreda\u00e7\u00e3o,<br \/>\ncomo se verificou tamb\u00e9m no estado do Esp\u00edrito Santo e em Rond\u00f4nia, em<br \/>\n2025, quando uma onda criminosa deixou ve\u00edculos destru\u00eddos, incluindo<br \/>\nviaturas. Epis\u00f3dios semelhantes foram registrados em outros estados, como o<br \/>\nCear\u00e1, geralmente como retalia\u00e7\u00e3o a opera\u00e7\u00f5es policiais ou demonstra\u00e7\u00e3o de<br \/>\nPara verificar a assinatura, acesse https:\/\/infoleg-autenticidade-assinatura.camara.leg.br\/CD250052091100<br \/>\nAssinado eletronicamente pelo(a) Dep. Da Vitoria<br \/>\nApresenta\u00e7\u00e3o: 01\/10\/2025 19:49:10.017 &#8211; Mesa<br \/>\n*CD250052091100* PL n.4923\/2025<br \/>3<br \/>\nfor\u00e7a de fac\u00e7\u00f5es criminosas. Tais atentados n\u00e3o apenas danificam patrim\u00f4nio<br \/>\np\u00fablico, mas comprometem diretamente a capacidade de policiamento e a<br \/>\npresen\u00e7a do Estado nas ruas.<br \/>\nA legisla\u00e7\u00e3o penal vigente, ao prever genericamente o crime de<br \/>\ninc\u00eandio, no entanto, n\u00e3o distingue de forma adequada a gravidade especial<br \/>\ndessas condutas, cujo alvo geralmente s\u00e3o ve\u00edculos em servi\u00e7o essencial \u2014<br \/>\nseja no transporte coletivo urbano, na \u00e1rea da sa\u00fade ou seguran\u00e7a. A<br \/>\ndestrui\u00e7\u00e3o deliberada desses bens n\u00e3o \u00e9 um dano individualizado, mas uma<br \/>\nagress\u00e3o que atinge a coletividade, paralisa servi\u00e7os, eleva custos sist\u00eamicos e<br \/>\ntransmite \u00e0 popula\u00e7\u00e3o a sensa\u00e7\u00e3o de inseguran\u00e7a e vulnerabilidade.<br \/>\nNesse contexto, a altera\u00e7\u00e3o proposta ao art. 250 do C\u00f3digo<br \/>\nPenal busca preencher uma lacuna normativa, tipificando expressamente o<br \/>\ninc\u00eandio qualificado, al\u00e9m de coibir atos preparat\u00f3rios desse grave delito, com<br \/>\npena proporcional \u00e0 gravidade desse tipo de conduta.<br \/>\nA medida alinha-se ao princ\u00edpio da proporcionalidade, d\u00e1<br \/>\nclareza e seguran\u00e7a jur\u00eddica \u00e0 persecu\u00e7\u00e3o penal e, sobretudo, cumpre fun\u00e7\u00e3o<br \/>\ndissuas\u00f3ria, sinalizando de forma inequ\u00edvoca que a destrui\u00e7\u00e3o de servi\u00e7os<br \/>\np\u00fablicos essenciais ter\u00e1 resposta mais firme e adequada do Estado.<br \/>\nCerto de que meus nobres pares bem aquilatar\u00e3o a<br \/>\nconveni\u00eancia e oportunidade da altera\u00e7\u00e3o legislativa proposta, conclamo-os a<br \/>\napoiar a aprova\u00e7\u00e3o deste projeto de lei.<br \/>\nSala das Sess\u00f5es, em        de                     de 2025.<br \/>\nDeputado DA VITORIA<br \/>\nPara verificar a assinatura, acesse https:\/\/infoleg-autenticidade-assinatura.camara.leg.br\/CD250052091100<br \/>\nAssinado eletronicamente pelo(a) Dep. Da Vitoria<br \/>\nApresenta\u00e7\u00e3o: 01\/10\/2025 19:49:10.017 &#8211; Mesa<br \/>\n*CD250052091100* PL n.4923\/2025<\/article>\n<p><a href='https:\/\/app.legislapp.com.br\/#\/busca?termo='><\/a><\/p>\n<div style=\"text-align: center\">\n      <img decoding=\"async\" style=\"width: 14%;\" src=\"https:\/\/www.legislapp.com.br\/wp-content\/uploads\/2021\/07\/Logo-Legislapp-1-03-1.png\"><br \/>\n      <\/p>\n<div style=\"margin-bottom: 20px;\" class=\"et_pb_button_module_wrapper et_pb_button_5_tb_body_wrapper et_pb_button_alignment_center et_pb_module \">\n         <a class=\"et_pb_button et_pb_button_5_tb_body et_hover_enabled et_pb_bg_layout_dark\" style=\"width: 50%;background-color: black;\" href=\"https:\/\/app.legislapp.com.br\" target=\"_blank\" rel=\"noopener\">Visualizar completo na nossa plataforma (30 dias gr\u00e1tis)<\/a><\/p><\/div>\n<p>      <a href=\"https:\/\/play.google.com\/store\/apps\/details?id=br.com.legislapp\"><img decoding=\"async\" style=\"width: 15%; min-width: 130px;\" src=\"https:\/\/www.legislapp.com.br\/wp-content\/uploads\/google-play.png\"><\/a><br \/>\n      <a href=\"https:\/\/apps.apple.com\/us\/app\/legislapp\/id1568929859\"><img decoding=\"async\" style=\"width: 15%; min-width: 130px\" src=\"https:\/\/www.legislapp.com.br\/wp-content\/uploads\/apple-store.png\"><\/a>\n   <\/div>\n","protected":false},"excerpt":{"rendered":"<p>Avulso Inicial &#8211; Autoria de Da Vitoria PROJETO DE LEI N\u00ba , DE 2025 (Do Sr. Dep. DA VIT\u00d3RIA) Altera o art. 250 do C\u00f3digo Penal para dispor sobre o crime de inc\u00eandio qualificado, praticado contra embarca\u00e7\u00e3o, aeronave, comboio, ve\u00edculo p\u00fablico ou de concession\u00e1rias de servi\u00e7o p\u00fablico, ve\u00edculo da rede de atendimento \u00e0 sa\u00fade ou [&hellip;]<\/p>\n","protected":false},"author":1,"featured_media":0,"parent":0,"menu_order":0,"comment_status":"closed","ping_status":"closed","template":"page-template-blank.php","meta":{"_et_pb_use_builder":"","_et_pb_old_content":"","_et_gb_content_width":"1080","ngg_post_thumbnail":0,"footnotes":""},"class_list":["post-10674","page","type-page","status-publish","hentry"],"yoast_head":"<!-- This site is optimized with the Yoast SEO plugin v24.4 - https:\/\/yoast.com\/wordpress\/plugins\/seo\/ -->\n<title>Avulso Inicial - PL 4923\/2025 - C\u00e2mara - Legislapp<\/title>\n<meta name=\"robots\" content=\"index, follow, max-snippet:-1, max-image-preview:large, max-video-preview:-1\" \/>\n<link rel=\"canonical\" href=\"https:\/\/www.legislapp.com.br\/index.php\/avulso-inicial-pl-4923-2025-camara\/\" \/>\n<meta property=\"og:locale\" content=\"pt_BR\" \/>\n<meta property=\"og:type\" content=\"article\" \/>\n<meta property=\"og:title\" content=\"Avulso Inicial - PL 4923\/2025 - C\u00e2mara - Legislapp\" \/>\n<meta property=\"og:description\" content=\"Avulso Inicial &#8211; Autoria de Da Vitoria PROJETO DE LEI N\u00ba , DE 2025 (Do Sr. Dep. DA VIT\u00d3RIA) Altera o art. 250 do C\u00f3digo Penal para dispor sobre o crime de inc\u00eandio qualificado, praticado contra embarca\u00e7\u00e3o, aeronave, comboio, ve\u00edculo p\u00fablico ou de concession\u00e1rias de servi\u00e7o p\u00fablico, ve\u00edculo da rede de atendimento \u00e0 sa\u00fade ou [&hellip;]\" \/>\n<meta property=\"og:url\" content=\"https:\/\/www.legislapp.com.br\/index.php\/avulso-inicial-pl-4923-2025-camara\/\" \/>\n<meta property=\"og:site_name\" content=\"Legislapp\" \/>\n<meta property=\"article:publisher\" content=\"https:\/\/www.instagram.com\/legislapp\/\" \/>\n<meta property=\"og:image\" content=\"https:\/\/www.legislapp.com.br\/wp-content\/uploads\/2021\/07\/Logo-Legislapp-1-03-1.png\" \/>\n<meta name=\"twitter:card\" content=\"summary_large_image\" \/>\n<meta name=\"twitter:label1\" content=\"Est. tempo de leitura\" \/>\n\t<meta name=\"twitter:data1\" content=\"5 minutos\" \/>\n<script type=\"application\/ld+json\" class=\"yoast-schema-graph\">{\"@context\":\"https:\/\/schema.org\",\"@graph\":[{\"@type\":\"WebPage\",\"@id\":\"https:\/\/www.legislapp.com.br\/index.php\/avulso-inicial-pl-4923-2025-camara\/\",\"url\":\"https:\/\/www.legislapp.com.br\/index.php\/avulso-inicial-pl-4923-2025-camara\/\",\"name\":\"Avulso Inicial - PL 4923\/2025 - C\u00e2mara - Legislapp\",\"isPartOf\":{\"@id\":\"https:\/\/www.legislapp.com.br\/#website\"},\"primaryImageOfPage\":{\"@id\":\"https:\/\/www.legislapp.com.br\/index.php\/avulso-inicial-pl-4923-2025-camara\/#primaryimage\"},\"image\":{\"@id\":\"https:\/\/www.legislapp.com.br\/index.php\/avulso-inicial-pl-4923-2025-camara\/#primaryimage\"},\"thumbnailUrl\":\"https:\/\/www.legislapp.com.br\/wp-content\/uploads\/2021\/07\/Logo-Legislapp-1-03-1.png\",\"datePublished\":\"2025-12-01T14:32:07+00:00\",\"breadcrumb\":{\"@id\":\"https:\/\/www.legislapp.com.br\/index.php\/avulso-inicial-pl-4923-2025-camara\/#breadcrumb\"},\"inLanguage\":\"pt-BR\",\"potentialAction\":[{\"@type\":\"ReadAction\",\"target\":[\"https:\/\/www.legislapp.com.br\/index.php\/avulso-inicial-pl-4923-2025-camara\/\"]}]},{\"@type\":\"ImageObject\",\"inLanguage\":\"pt-BR\",\"@id\":\"https:\/\/www.legislapp.com.br\/index.php\/avulso-inicial-pl-4923-2025-camara\/#primaryimage\",\"url\":\"https:\/\/www.legislapp.com.br\/wp-content\/uploads\/2021\/07\/Logo-Legislapp-1-03-1.png\",\"contentUrl\":\"https:\/\/www.legislapp.com.br\/wp-content\/uploads\/2021\/07\/Logo-Legislapp-1-03-1.png\",\"width\":2679,\"height\":2697},{\"@type\":\"BreadcrumbList\",\"@id\":\"https:\/\/www.legislapp.com.br\/index.php\/avulso-inicial-pl-4923-2025-camara\/#breadcrumb\",\"itemListElement\":[{\"@type\":\"ListItem\",\"position\":1,\"name\":\"In\u00edcio\",\"item\":\"https:\/\/www.legislapp.com.br\/\"},{\"@type\":\"ListItem\",\"position\":2,\"name\":\"Avulso Inicial &#8211; PL 4923\/2025 &#8211; C\u00e2mara\"}]},{\"@type\":\"WebSite\",\"@id\":\"https:\/\/www.legislapp.com.br\/#website\",\"url\":\"https:\/\/www.legislapp.com.br\/\",\"name\":\"Legislapp\",\"description\":\"Intelig\u00eancia governamental em tempo real\",\"publisher\":{\"@id\":\"https:\/\/www.legislapp.com.br\/#organization\"},\"potentialAction\":[{\"@type\":\"SearchAction\",\"target\":{\"@type\":\"EntryPoint\",\"urlTemplate\":\"https:\/\/www.legislapp.com.br\/?s={search_term_string}\"},\"query-input\":{\"@type\":\"PropertyValueSpecification\",\"valueRequired\":true,\"valueName\":\"search_term_string\"}}],\"inLanguage\":\"pt-BR\"},{\"@type\":\"Organization\",\"@id\":\"https:\/\/www.legislapp.com.br\/#organization\",\"name\":\"Legislapp Monitoramento e Intelig\u00eancia Governamental\",\"url\":\"https:\/\/www.legislapp.com.br\/\",\"logo\":{\"@type\":\"ImageObject\",\"inLanguage\":\"pt-BR\",\"@id\":\"https:\/\/www.legislapp.com.br\/#\/schema\/logo\/image\/\",\"url\":\"https:\/\/www.legislapp.com.br\/wp-content\/uploads\/icon.png\",\"contentUrl\":\"https:\/\/www.legislapp.com.br\/wp-content\/uploads\/icon.png\",\"width\":1024,\"height\":1024,\"caption\":\"Legislapp Monitoramento e Intelig\u00eancia Governamental\"},\"image\":{\"@id\":\"https:\/\/www.legislapp.com.br\/#\/schema\/logo\/image\/\"},\"sameAs\":[\"https:\/\/www.instagram.com\/legislapp\/\"]}]}<\/script>\n<!-- \/ Yoast SEO plugin. -->","yoast_head_json":{"title":"Avulso Inicial - PL 4923\/2025 - C\u00e2mara - Legislapp","robots":{"index":"index","follow":"follow","max-snippet":"max-snippet:-1","max-image-preview":"max-image-preview:large","max-video-preview":"max-video-preview:-1"},"canonical":"https:\/\/www.legislapp.com.br\/index.php\/avulso-inicial-pl-4923-2025-camara\/","og_locale":"pt_BR","og_type":"article","og_title":"Avulso Inicial - PL 4923\/2025 - C\u00e2mara - Legislapp","og_description":"Avulso Inicial &#8211; Autoria de Da Vitoria PROJETO DE LEI N\u00ba , DE 2025 (Do Sr. Dep. DA VIT\u00d3RIA) Altera o art. 250 do C\u00f3digo Penal para dispor sobre o crime de inc\u00eandio qualificado, praticado contra embarca\u00e7\u00e3o, aeronave, comboio, ve\u00edculo p\u00fablico ou de concession\u00e1rias de servi\u00e7o p\u00fablico, ve\u00edculo da rede de atendimento \u00e0 sa\u00fade ou [&hellip;]","og_url":"https:\/\/www.legislapp.com.br\/index.php\/avulso-inicial-pl-4923-2025-camara\/","og_site_name":"Legislapp","article_publisher":"https:\/\/www.instagram.com\/legislapp\/","og_image":[{"url":"https:\/\/www.legislapp.com.br\/wp-content\/uploads\/2021\/07\/Logo-Legislapp-1-03-1.png","type":"","width":"","height":""}],"twitter_card":"summary_large_image","twitter_misc":{"Est. tempo de leitura":"5 minutos"},"schema":{"@context":"https:\/\/schema.org","@graph":[{"@type":"WebPage","@id":"https:\/\/www.legislapp.com.br\/index.php\/avulso-inicial-pl-4923-2025-camara\/","url":"https:\/\/www.legislapp.com.br\/index.php\/avulso-inicial-pl-4923-2025-camara\/","name":"Avulso Inicial - PL 4923\/2025 - C\u00e2mara - Legislapp","isPartOf":{"@id":"https:\/\/www.legislapp.com.br\/#website"},"primaryImageOfPage":{"@id":"https:\/\/www.legislapp.com.br\/index.php\/avulso-inicial-pl-4923-2025-camara\/#primaryimage"},"image":{"@id":"https:\/\/www.legislapp.com.br\/index.php\/avulso-inicial-pl-4923-2025-camara\/#primaryimage"},"thumbnailUrl":"https:\/\/www.legislapp.com.br\/wp-content\/uploads\/2021\/07\/Logo-Legislapp-1-03-1.png","datePublished":"2025-12-01T14:32:07+00:00","breadcrumb":{"@id":"https:\/\/www.legislapp.com.br\/index.php\/avulso-inicial-pl-4923-2025-camara\/#breadcrumb"},"inLanguage":"pt-BR","potentialAction":[{"@type":"ReadAction","target":["https:\/\/www.legislapp.com.br\/index.php\/avulso-inicial-pl-4923-2025-camara\/"]}]},{"@type":"ImageObject","inLanguage":"pt-BR","@id":"https:\/\/www.legislapp.com.br\/index.php\/avulso-inicial-pl-4923-2025-camara\/#primaryimage","url":"https:\/\/www.legislapp.com.br\/wp-content\/uploads\/2021\/07\/Logo-Legislapp-1-03-1.png","contentUrl":"https:\/\/www.legislapp.com.br\/wp-content\/uploads\/2021\/07\/Logo-Legislapp-1-03-1.png","width":2679,"height":2697},{"@type":"BreadcrumbList","@id":"https:\/\/www.legislapp.com.br\/index.php\/avulso-inicial-pl-4923-2025-camara\/#breadcrumb","itemListElement":[{"@type":"ListItem","position":1,"name":"In\u00edcio","item":"https:\/\/www.legislapp.com.br\/"},{"@type":"ListItem","position":2,"name":"Avulso Inicial &#8211; PL 4923\/2025 &#8211; C\u00e2mara"}]},{"@type":"WebSite","@id":"https:\/\/www.legislapp.com.br\/#website","url":"https:\/\/www.legislapp.com.br\/","name":"Legislapp","description":"Intelig\u00eancia governamental em tempo real","publisher":{"@id":"https:\/\/www.legislapp.com.br\/#organization"},"potentialAction":[{"@type":"SearchAction","target":{"@type":"EntryPoint","urlTemplate":"https:\/\/www.legislapp.com.br\/?s={search_term_string}"},"query-input":{"@type":"PropertyValueSpecification","valueRequired":true,"valueName":"search_term_string"}}],"inLanguage":"pt-BR"},{"@type":"Organization","@id":"https:\/\/www.legislapp.com.br\/#organization","name":"Legislapp Monitoramento e Intelig\u00eancia Governamental","url":"https:\/\/www.legislapp.com.br\/","logo":{"@type":"ImageObject","inLanguage":"pt-BR","@id":"https:\/\/www.legislapp.com.br\/#\/schema\/logo\/image\/","url":"https:\/\/www.legislapp.com.br\/wp-content\/uploads\/icon.png","contentUrl":"https:\/\/www.legislapp.com.br\/wp-content\/uploads\/icon.png","width":1024,"height":1024,"caption":"Legislapp Monitoramento e Intelig\u00eancia Governamental"},"image":{"@id":"https:\/\/www.legislapp.com.br\/#\/schema\/logo\/image\/"},"sameAs":["https:\/\/www.instagram.com\/legislapp\/"]}]}},"_links":{"self":[{"href":"https:\/\/www.legislapp.com.br\/index.php\/wp-json\/wp\/v2\/pages\/10674","targetHints":{"allow":["GET"]}}],"collection":[{"href":"https:\/\/www.legislapp.com.br\/index.php\/wp-json\/wp\/v2\/pages"}],"about":[{"href":"https:\/\/www.legislapp.com.br\/index.php\/wp-json\/wp\/v2\/types\/page"}],"author":[{"embeddable":true,"href":"https:\/\/www.legislapp.com.br\/index.php\/wp-json\/wp\/v2\/users\/1"}],"replies":[{"embeddable":true,"href":"https:\/\/www.legislapp.com.br\/index.php\/wp-json\/wp\/v2\/comments?post=10674"}],"version-history":[{"count":0,"href":"https:\/\/www.legislapp.com.br\/index.php\/wp-json\/wp\/v2\/pages\/10674\/revisions"}],"wp:attachment":[{"href":"https:\/\/www.legislapp.com.br\/index.php\/wp-json\/wp\/v2\/media?parent=10674"}],"curies":[{"name":"wp","href":"https:\/\/api.w.org\/{rel}","templated":true}]}}