{"id":10688,"date":"2025-12-01T11:32:35","date_gmt":"2025-12-01T14:32:35","guid":{"rendered":"https:\/\/www.legislapp.com.br\/index.php\/avulso-inicial-pl-2973-2025-camara\/"},"modified":"2025-12-01T11:32:35","modified_gmt":"2025-12-01T14:32:35","slug":"avulso-inicial-pl-2973-2025-camara","status":"publish","type":"page","link":"https:\/\/www.legislapp.com.br\/index.php\/avulso-inicial-pl-2973-2025-camara\/","title":{"rendered":"Avulso Inicial &#8211; PL 2973\/2025 &#8211; C\u00e2mara"},"content":{"rendered":"<h1 style='text-align: center;'>Avulso Inicial &#8211; Autoria de Duda Ramos<\/h3>\n<p><\/p>\n<article>PROJETO DE LEI N\u00ba          , DE 2025<br \/>\n(Do Sr. DUDA RAMOS)<br \/>\nDisp\u00f5e sobre medidas de responsabiliza\u00e7\u00e3o<br \/>\nem casos de viol\u00eancia escolar, com previs\u00e3o<br \/>\nde san\u00e7\u00f5es administrativas, nos termos do<br \/>\nartigo 205 e seguintes da Constitui\u00e7\u00e3o<br \/>\nFederal, e d\u00e1 outras provid\u00eancias.<br \/>\nO Congresso Nacional decreta:<br \/>\nArt. 1\u00ba Esta Lei estabelece medidas administrativas e de<br \/>\nresponsabiliza\u00e7\u00e3o nos casos de viol\u00eancia praticada por alunos no ambiente<br \/>\nescolar, especialmente contra profissionais da educa\u00e7\u00e3o, assegurado o<br \/>\ncontradit\u00f3rio, a ampla defesa e a prote\u00e7\u00e3o \u00e0 integridade f\u00edsica, ps\u00edquica e moral<br \/>\nde todos os envolvidos no ambiente escolar.<br \/>\nArt. 2\u00ba Configurada, mediante apura\u00e7\u00e3o regular, a pr\u00e1tica de<br \/>\natos graves de viol\u00eancia ou intimida\u00e7\u00e3o por parte de alunos, a institui\u00e7\u00e3o de<br \/>\nensino poder\u00e1, observados os princ\u00edpios do devido processo legal:<br \/>\nI \u2013 aplicar san\u00e7\u00f5es pedag\u00f3gicas adequadas e proporcionais,<br \/>\npodendo incluir:<br \/>\na) advert\u00eancia formal;<br \/>\nb) suspens\u00e3o tempor\u00e1ria com encaminhamento a atividades<br \/>\nsocioeducativas;<br \/>\nc) em caso de reincid\u00eancia ou gravidade do ato, suspens\u00e3o da<br \/>\nmatr\u00edcula ou transfer\u00eancia obrigat\u00f3ria para outra institui\u00e7\u00e3o da rede p\u00fablica,<br \/>\nmediante decis\u00e3o motivada e avalia\u00e7\u00e3o da autoridade educacional competente.<br \/>\n\u00a71\u00ba A aplica\u00e7\u00e3o das san\u00e7\u00f5es previstas no inciso I, al\u00edneas \u201cb\u201d e<br \/>\n\u201cc\u201d, depender\u00e1 de parecer t\u00e9cnico-pedag\u00f3gico e de avalia\u00e7\u00e3o do Conselho<br \/>\nEscolar ou inst\u00e2ncia equivalente.<br \/>\nPara verificar a assinatura, acesse https:\/\/infoleg-autenticidade-assinatura.camara.leg.br\/CD254850083500<br \/>\nAssinado eletronicamente pelo(a) Dep. Duda Ramos<br \/>\nApresenta\u00e7\u00e3o: 17\/06\/2025 20:54:06.923 &#8211; Mesa<br \/>\n*CD254850083500* PL n.2973\/2025<br \/>2<br \/>\n\u00a72\u00ba As redes p\u00fablicas de ensino dever\u00e3o garantir o<br \/>\nacompanhamento psicol\u00f3gico e social do aluno e de sua fam\u00edlia, antes e ap\u00f3s<br \/>\na aplica\u00e7\u00e3o de san\u00e7\u00f5es mais severas.<br \/>\nArt. 3\u00ba Os pais ou respons\u00e1veis legais pelo aluno ser\u00e3o<br \/>\ncorresponsabilizados nos termos do artigo 229 da Constitui\u00e7\u00e3o Federal e do<br \/>\nartigo 22 do Estatuto da Crian\u00e7a e do Adolescente, podendo ser convocados a<br \/>\nfirmar termo de compromisso de apoio \u00e0s medidas educativas e de preven\u00e7\u00e3o<br \/>\n\u00e0 viol\u00eancia escolar.<br \/>\nArt. 4\u00ba Esta Lei ser\u00e1 regulamentada pelos sistemas de ensino<br \/>\nestaduais e municipais.<br \/>\nArt. 5\u00ba Esta Lei entra em vigor na data de sua publica\u00e7\u00e3o.<br \/>\nJUSTIFICA\u00c7\u00c3O<br \/>\nA presente proposta visa enfrentar o crescente n\u00famero de<br \/>\ncasos de viol\u00eancia nas escolas brasileiras, protegendo a integridade dos<br \/>\nprofissionais da educa\u00e7\u00e3o e preservando o ambiente escolar como espa\u00e7o de<br \/>\npaz, aprendizado e respeito m\u00fatuo.<br \/>\nA Constitui\u00e7\u00e3o Federal, em seu artigo 205, consagra a<br \/>\neduca\u00e7\u00e3o como um direito de todos e um dever do Estado e da fam\u00edlia, visando<br \/>\no pleno desenvolvimento da pessoa e o preparo para o exerc\u00edcio da cidadania.<br \/>\nA viol\u00eancia escolar atenta diretamente contra esse direito e compromete a<br \/>\nfun\u00e7\u00e3o social da escola.<br \/>\nDe forma equilibrada, a proposta assegura o devido processo<br \/>\nlegal, a ampla defesa e a responsabilidade compartilhada entre Estado, escola,<br \/>\nfam\u00edlia e aluno. O projeto inova ao prever san\u00e7\u00f5es proporcionais, inclusive a<br \/>\nsuspens\u00e3o da matr\u00edcula ou transfer\u00eancia obrigat\u00f3ria em casos graves ou<br \/>\nreincidentes, uma medida que se justifica pela prote\u00e7\u00e3o do coletivo e pela<br \/>\nincapacidade da perman\u00eancia do aluno em ambiente onde gera riscos<br \/>\nconcretos.<br \/>\nTr\u00eas casos recentes demonstram a urg\u00eancia do tema:<br \/>\nPara verificar a assinatura, acesse https:\/\/infoleg-autenticidade-assinatura.camara.leg.br\/CD254850083500<br \/>\nAssinado eletronicamente pelo(a) Dep. Duda Ramos<br \/>\nApresenta\u00e7\u00e3o: 17\/06\/2025 20:54:06.923 &#8211; Mesa<br \/>\n*CD254850083500* PL n.2973\/2025<br \/>3<br \/>\nEm Roraima, uma diretora de escola p\u00fablica renunciou ao<br \/>\ncargo ap\u00f3s amea\u00e7as reiteradas de alunos, em raz\u00e3o do cumprimento da lei que<br \/>\nrestringe o uso de celulares. A aus\u00eancia de suporte e puni\u00e7\u00f5es efetivas gerou<br \/>\ndesamparo e inseguran\u00e7a \u00e0 profissional.<br \/>\nEm S\u00e3o Paulo (2023), um aluno de 13 anos esfaqueou uma<br \/>\nprofessora dentro da sala de aula, ap\u00f3s desentendimento relacionado a<br \/>\ndisciplina e advert\u00eancia escolar.<br \/>\nNo Par\u00e1, um professor sofreu amea\u00e7a de morte por aplicar<br \/>\nprovas em data n\u00e3o desejada por grupo de alunos. A escola se omitiu diante do<br \/>\ntemor de repercuss\u00f5es judiciais.<br \/>\nDiante da escalada desses casos, \u00e9 urgente garantir<br \/>\ninstrumentos legais que assegurem a autoridade pedag\u00f3gica da escola, a<br \/>\nseguran\u00e7a da comunidade escolar e a responsabiliza\u00e7\u00e3o efetiva dos pais e<br \/>\nalunos por atos de viol\u00eancia.<br \/>\nA proposta respeita os princ\u00edpios constitucionais e encontra<br \/>\nrespaldo no Estatuto da Crian\u00e7a e do Adolescente (ECA), que, em seu artigo<br \/>\n18, garante \u00e0 crian\u00e7a e ao adolescente a prote\u00e7\u00e3o contra qualquer forma de<br \/>\nneglig\u00eancia ou viol\u00eancia, inclusive no ambiente escolar.<br \/>\nContamos com o apoio dos nobres pares para aprova\u00e7\u00e3o desta<br \/>\nmedida necess\u00e1ria, respons\u00e1vel e constitucional.<br \/>\nSala das Sess\u00f5es, em 17 de junho de 2025.<br \/>\nDeputado DUDA RAMOS<br \/>\nPara verificar a assinatura, acesse https:\/\/infoleg-autenticidade-assinatura.camara.leg.br\/CD254850083500<br \/>\nAssinado eletronicamente pelo(a) Dep. Duda Ramos<br \/>\nApresenta\u00e7\u00e3o: 17\/06\/2025 20:54:06.923 &#8211; Mesa<br \/>\n*CD254850083500* PL n.2973\/2025<\/article>\n<p><a href='https:\/\/app.legislapp.com.br\/#\/busca?termo='><\/a><\/p>\n<div style=\"text-align: center\">\n      <img decoding=\"async\" style=\"width: 14%;\" src=\"https:\/\/www.legislapp.com.br\/wp-content\/uploads\/2021\/07\/Logo-Legislapp-1-03-1.png\"><br \/>\n      <\/p>\n<div style=\"margin-bottom: 20px;\" class=\"et_pb_button_module_wrapper et_pb_button_5_tb_body_wrapper et_pb_button_alignment_center et_pb_module \">\n         <a class=\"et_pb_button et_pb_button_5_tb_body et_hover_enabled et_pb_bg_layout_dark\" style=\"width: 50%;background-color: black;\" href=\"https:\/\/app.legislapp.com.br\" target=\"_blank\" rel=\"noopener\">Visualizar completo na nossa plataforma (30 dias gr\u00e1tis)<\/a><\/p><\/div>\n<p>      <a href=\"https:\/\/play.google.com\/store\/apps\/details?id=br.com.legislapp\"><img decoding=\"async\" style=\"width: 15%; min-width: 130px;\" src=\"https:\/\/www.legislapp.com.br\/wp-content\/uploads\/google-play.png\"><\/a><br \/>\n      <a href=\"https:\/\/apps.apple.com\/us\/app\/legislapp\/id1568929859\"><img decoding=\"async\" style=\"width: 15%; min-width: 130px\" src=\"https:\/\/www.legislapp.com.br\/wp-content\/uploads\/apple-store.png\"><\/a>\n   <\/div>\n","protected":false},"excerpt":{"rendered":"<p>Avulso Inicial &#8211; Autoria de Duda Ramos PROJETO DE LEI N\u00ba , DE 2025 (Do Sr. DUDA RAMOS) Disp\u00f5e sobre medidas de responsabiliza\u00e7\u00e3o em casos de viol\u00eancia escolar, com previs\u00e3o de san\u00e7\u00f5es administrativas, nos termos do artigo 205 e seguintes da Constitui\u00e7\u00e3o Federal, e d\u00e1 outras provid\u00eancias. O Congresso Nacional decreta: Art. 1\u00ba Esta Lei [&hellip;]<\/p>\n","protected":false},"author":1,"featured_media":0,"parent":0,"menu_order":0,"comment_status":"closed","ping_status":"closed","template":"page-template-blank.php","meta":{"_et_pb_use_builder":"","_et_pb_old_content":"","_et_gb_content_width":"1080","ngg_post_thumbnail":0,"footnotes":""},"class_list":["post-10688","page","type-page","status-publish","hentry"],"yoast_head":"<!-- This site is optimized with the Yoast SEO plugin v24.4 - https:\/\/yoast.com\/wordpress\/plugins\/seo\/ -->\n<title>Avulso Inicial - PL 2973\/2025 - C\u00e2mara - Legislapp<\/title>\n<meta name=\"robots\" content=\"index, follow, max-snippet:-1, max-image-preview:large, max-video-preview:-1\" \/>\n<link rel=\"canonical\" href=\"https:\/\/www.legislapp.com.br\/index.php\/avulso-inicial-pl-2973-2025-camara\/\" \/>\n<meta property=\"og:locale\" content=\"pt_BR\" \/>\n<meta property=\"og:type\" content=\"article\" \/>\n<meta property=\"og:title\" content=\"Avulso Inicial - PL 2973\/2025 - C\u00e2mara - Legislapp\" \/>\n<meta property=\"og:description\" content=\"Avulso Inicial &#8211; Autoria de Duda Ramos PROJETO DE LEI N\u00ba , DE 2025 (Do Sr. DUDA RAMOS) Disp\u00f5e sobre medidas de responsabiliza\u00e7\u00e3o em casos de viol\u00eancia escolar, com previs\u00e3o de san\u00e7\u00f5es administrativas, nos termos do artigo 205 e seguintes da Constitui\u00e7\u00e3o Federal, e d\u00e1 outras provid\u00eancias. O Congresso Nacional decreta: Art. 1\u00ba Esta Lei [&hellip;]\" \/>\n<meta property=\"og:url\" content=\"https:\/\/www.legislapp.com.br\/index.php\/avulso-inicial-pl-2973-2025-camara\/\" \/>\n<meta property=\"og:site_name\" content=\"Legislapp\" \/>\n<meta property=\"article:publisher\" content=\"https:\/\/www.instagram.com\/legislapp\/\" \/>\n<meta property=\"og:image\" content=\"https:\/\/www.legislapp.com.br\/wp-content\/uploads\/2021\/07\/Logo-Legislapp-1-03-1.png\" \/>\n<meta name=\"twitter:card\" content=\"summary_large_image\" \/>\n<meta name=\"twitter:label1\" content=\"Est. tempo de leitura\" \/>\n\t<meta name=\"twitter:data1\" content=\"4 minutos\" \/>\n<script type=\"application\/ld+json\" class=\"yoast-schema-graph\">{\"@context\":\"https:\/\/schema.org\",\"@graph\":[{\"@type\":\"WebPage\",\"@id\":\"https:\/\/www.legislapp.com.br\/index.php\/avulso-inicial-pl-2973-2025-camara\/\",\"url\":\"https:\/\/www.legislapp.com.br\/index.php\/avulso-inicial-pl-2973-2025-camara\/\",\"name\":\"Avulso Inicial - PL 2973\/2025 - C\u00e2mara - Legislapp\",\"isPartOf\":{\"@id\":\"https:\/\/www.legislapp.com.br\/#website\"},\"primaryImageOfPage\":{\"@id\":\"https:\/\/www.legislapp.com.br\/index.php\/avulso-inicial-pl-2973-2025-camara\/#primaryimage\"},\"image\":{\"@id\":\"https:\/\/www.legislapp.com.br\/index.php\/avulso-inicial-pl-2973-2025-camara\/#primaryimage\"},\"thumbnailUrl\":\"https:\/\/www.legislapp.com.br\/wp-content\/uploads\/2021\/07\/Logo-Legislapp-1-03-1.png\",\"datePublished\":\"2025-12-01T14:32:35+00:00\",\"breadcrumb\":{\"@id\":\"https:\/\/www.legislapp.com.br\/index.php\/avulso-inicial-pl-2973-2025-camara\/#breadcrumb\"},\"inLanguage\":\"pt-BR\",\"potentialAction\":[{\"@type\":\"ReadAction\",\"target\":[\"https:\/\/www.legislapp.com.br\/index.php\/avulso-inicial-pl-2973-2025-camara\/\"]}]},{\"@type\":\"ImageObject\",\"inLanguage\":\"pt-BR\",\"@id\":\"https:\/\/www.legislapp.com.br\/index.php\/avulso-inicial-pl-2973-2025-camara\/#primaryimage\",\"url\":\"https:\/\/www.legislapp.com.br\/wp-content\/uploads\/2021\/07\/Logo-Legislapp-1-03-1.png\",\"contentUrl\":\"https:\/\/www.legislapp.com.br\/wp-content\/uploads\/2021\/07\/Logo-Legislapp-1-03-1.png\",\"width\":2679,\"height\":2697},{\"@type\":\"BreadcrumbList\",\"@id\":\"https:\/\/www.legislapp.com.br\/index.php\/avulso-inicial-pl-2973-2025-camara\/#breadcrumb\",\"itemListElement\":[{\"@type\":\"ListItem\",\"position\":1,\"name\":\"In\u00edcio\",\"item\":\"https:\/\/www.legislapp.com.br\/\"},{\"@type\":\"ListItem\",\"position\":2,\"name\":\"Avulso Inicial &#8211; PL 2973\/2025 &#8211; C\u00e2mara\"}]},{\"@type\":\"WebSite\",\"@id\":\"https:\/\/www.legislapp.com.br\/#website\",\"url\":\"https:\/\/www.legislapp.com.br\/\",\"name\":\"Legislapp\",\"description\":\"Intelig\u00eancia governamental em tempo real\",\"publisher\":{\"@id\":\"https:\/\/www.legislapp.com.br\/#organization\"},\"potentialAction\":[{\"@type\":\"SearchAction\",\"target\":{\"@type\":\"EntryPoint\",\"urlTemplate\":\"https:\/\/www.legislapp.com.br\/?s={search_term_string}\"},\"query-input\":{\"@type\":\"PropertyValueSpecification\",\"valueRequired\":true,\"valueName\":\"search_term_string\"}}],\"inLanguage\":\"pt-BR\"},{\"@type\":\"Organization\",\"@id\":\"https:\/\/www.legislapp.com.br\/#organization\",\"name\":\"Legislapp Monitoramento e Intelig\u00eancia Governamental\",\"url\":\"https:\/\/www.legislapp.com.br\/\",\"logo\":{\"@type\":\"ImageObject\",\"inLanguage\":\"pt-BR\",\"@id\":\"https:\/\/www.legislapp.com.br\/#\/schema\/logo\/image\/\",\"url\":\"https:\/\/www.legislapp.com.br\/wp-content\/uploads\/icon.png\",\"contentUrl\":\"https:\/\/www.legislapp.com.br\/wp-content\/uploads\/icon.png\",\"width\":1024,\"height\":1024,\"caption\":\"Legislapp Monitoramento e Intelig\u00eancia Governamental\"},\"image\":{\"@id\":\"https:\/\/www.legislapp.com.br\/#\/schema\/logo\/image\/\"},\"sameAs\":[\"https:\/\/www.instagram.com\/legislapp\/\"]}]}<\/script>\n<!-- \/ Yoast SEO plugin. -->","yoast_head_json":{"title":"Avulso Inicial - PL 2973\/2025 - C\u00e2mara - Legislapp","robots":{"index":"index","follow":"follow","max-snippet":"max-snippet:-1","max-image-preview":"max-image-preview:large","max-video-preview":"max-video-preview:-1"},"canonical":"https:\/\/www.legislapp.com.br\/index.php\/avulso-inicial-pl-2973-2025-camara\/","og_locale":"pt_BR","og_type":"article","og_title":"Avulso Inicial - PL 2973\/2025 - C\u00e2mara - Legislapp","og_description":"Avulso Inicial &#8211; Autoria de Duda Ramos PROJETO DE LEI N\u00ba , DE 2025 (Do Sr. DUDA RAMOS) Disp\u00f5e sobre medidas de responsabiliza\u00e7\u00e3o em casos de viol\u00eancia escolar, com previs\u00e3o de san\u00e7\u00f5es administrativas, nos termos do artigo 205 e seguintes da Constitui\u00e7\u00e3o Federal, e d\u00e1 outras provid\u00eancias. O Congresso Nacional decreta: Art. 1\u00ba Esta Lei [&hellip;]","og_url":"https:\/\/www.legislapp.com.br\/index.php\/avulso-inicial-pl-2973-2025-camara\/","og_site_name":"Legislapp","article_publisher":"https:\/\/www.instagram.com\/legislapp\/","og_image":[{"url":"https:\/\/www.legislapp.com.br\/wp-content\/uploads\/2021\/07\/Logo-Legislapp-1-03-1.png","type":"","width":"","height":""}],"twitter_card":"summary_large_image","twitter_misc":{"Est. tempo de leitura":"4 minutos"},"schema":{"@context":"https:\/\/schema.org","@graph":[{"@type":"WebPage","@id":"https:\/\/www.legislapp.com.br\/index.php\/avulso-inicial-pl-2973-2025-camara\/","url":"https:\/\/www.legislapp.com.br\/index.php\/avulso-inicial-pl-2973-2025-camara\/","name":"Avulso Inicial - PL 2973\/2025 - C\u00e2mara - Legislapp","isPartOf":{"@id":"https:\/\/www.legislapp.com.br\/#website"},"primaryImageOfPage":{"@id":"https:\/\/www.legislapp.com.br\/index.php\/avulso-inicial-pl-2973-2025-camara\/#primaryimage"},"image":{"@id":"https:\/\/www.legislapp.com.br\/index.php\/avulso-inicial-pl-2973-2025-camara\/#primaryimage"},"thumbnailUrl":"https:\/\/www.legislapp.com.br\/wp-content\/uploads\/2021\/07\/Logo-Legislapp-1-03-1.png","datePublished":"2025-12-01T14:32:35+00:00","breadcrumb":{"@id":"https:\/\/www.legislapp.com.br\/index.php\/avulso-inicial-pl-2973-2025-camara\/#breadcrumb"},"inLanguage":"pt-BR","potentialAction":[{"@type":"ReadAction","target":["https:\/\/www.legislapp.com.br\/index.php\/avulso-inicial-pl-2973-2025-camara\/"]}]},{"@type":"ImageObject","inLanguage":"pt-BR","@id":"https:\/\/www.legislapp.com.br\/index.php\/avulso-inicial-pl-2973-2025-camara\/#primaryimage","url":"https:\/\/www.legislapp.com.br\/wp-content\/uploads\/2021\/07\/Logo-Legislapp-1-03-1.png","contentUrl":"https:\/\/www.legislapp.com.br\/wp-content\/uploads\/2021\/07\/Logo-Legislapp-1-03-1.png","width":2679,"height":2697},{"@type":"BreadcrumbList","@id":"https:\/\/www.legislapp.com.br\/index.php\/avulso-inicial-pl-2973-2025-camara\/#breadcrumb","itemListElement":[{"@type":"ListItem","position":1,"name":"In\u00edcio","item":"https:\/\/www.legislapp.com.br\/"},{"@type":"ListItem","position":2,"name":"Avulso Inicial &#8211; PL 2973\/2025 &#8211; C\u00e2mara"}]},{"@type":"WebSite","@id":"https:\/\/www.legislapp.com.br\/#website","url":"https:\/\/www.legislapp.com.br\/","name":"Legislapp","description":"Intelig\u00eancia governamental em tempo real","publisher":{"@id":"https:\/\/www.legislapp.com.br\/#organization"},"potentialAction":[{"@type":"SearchAction","target":{"@type":"EntryPoint","urlTemplate":"https:\/\/www.legislapp.com.br\/?s={search_term_string}"},"query-input":{"@type":"PropertyValueSpecification","valueRequired":true,"valueName":"search_term_string"}}],"inLanguage":"pt-BR"},{"@type":"Organization","@id":"https:\/\/www.legislapp.com.br\/#organization","name":"Legislapp Monitoramento e Intelig\u00eancia Governamental","url":"https:\/\/www.legislapp.com.br\/","logo":{"@type":"ImageObject","inLanguage":"pt-BR","@id":"https:\/\/www.legislapp.com.br\/#\/schema\/logo\/image\/","url":"https:\/\/www.legislapp.com.br\/wp-content\/uploads\/icon.png","contentUrl":"https:\/\/www.legislapp.com.br\/wp-content\/uploads\/icon.png","width":1024,"height":1024,"caption":"Legislapp Monitoramento e Intelig\u00eancia Governamental"},"image":{"@id":"https:\/\/www.legislapp.com.br\/#\/schema\/logo\/image\/"},"sameAs":["https:\/\/www.instagram.com\/legislapp\/"]}]}},"_links":{"self":[{"href":"https:\/\/www.legislapp.com.br\/index.php\/wp-json\/wp\/v2\/pages\/10688","targetHints":{"allow":["GET"]}}],"collection":[{"href":"https:\/\/www.legislapp.com.br\/index.php\/wp-json\/wp\/v2\/pages"}],"about":[{"href":"https:\/\/www.legislapp.com.br\/index.php\/wp-json\/wp\/v2\/types\/page"}],"author":[{"embeddable":true,"href":"https:\/\/www.legislapp.com.br\/index.php\/wp-json\/wp\/v2\/users\/1"}],"replies":[{"embeddable":true,"href":"https:\/\/www.legislapp.com.br\/index.php\/wp-json\/wp\/v2\/comments?post=10688"}],"version-history":[{"count":0,"href":"https:\/\/www.legislapp.com.br\/index.php\/wp-json\/wp\/v2\/pages\/10688\/revisions"}],"wp:attachment":[{"href":"https:\/\/www.legislapp.com.br\/index.php\/wp-json\/wp\/v2\/media?parent=10688"}],"curies":[{"name":"wp","href":"https:\/\/api.w.org\/{rel}","templated":true}]}}