{"id":10690,"date":"2025-12-01T11:32:39","date_gmt":"2025-12-01T14:32:39","guid":{"rendered":"https:\/\/www.legislapp.com.br\/index.php\/avulso-inicial-pl-4330-2025-camara\/"},"modified":"2025-12-01T11:32:39","modified_gmt":"2025-12-01T14:32:39","slug":"avulso-inicial-pl-4330-2025-camara","status":"publish","type":"page","link":"https:\/\/www.legislapp.com.br\/index.php\/avulso-inicial-pl-4330-2025-camara\/","title":{"rendered":"Avulso Inicial &#8211; PL 4330\/2025 &#8211; C\u00e2mara"},"content":{"rendered":"<h1 style='text-align: center;'>Avulso Inicial &#8211; Autoria de Messias Donato<\/h3>\n<p><\/p>\n<article>C\u00c2MARA DOS DEPUTADOS<br \/>\nGabinete do Deputado Federal Messias Donato<br \/>\nPROJETO DE LEI N\u00ba          , DE 2025<br \/>\n(Do Sr. MESSIAS DONATO)<br \/>\nAltera o Decreto-Lei n\u00ba 2.848\/1940<br \/>\n(C\u00f3digo Penal), a Lei n\u00ba 13.260\/2016<br \/>\n(Lei Antiterrorismo), a Lei n\u00ba 8.072\/1990<br \/>\n(Lei dos Crimes Hediondos), a Lei n\u00ba<br \/>\n7.210\/1984 (Lei de Execu\u00e7\u00e3o Penal) e o<br \/>\nDecreto-Lei n\u00ba 3.689\/1941 (C\u00f3digo de<br \/>\nProcesso Penal), para equiparar o<br \/>\nhomic\u00eddio de agentes de seguran\u00e7a<br \/>\np\u00fablica \u00e0 pr\u00e1tica de terrorismo, instituir<br \/>\nregime penal m\u00e1ximo e endurecer os<br \/>\nprocedimentos de investiga\u00e7\u00e3o e puni\u00e7\u00e3o.<br \/>\nO CONGRESSO NACIONAL decreta:<br \/>\nArt. 1\u00ba O art. 121 do Decreto-Lei n\u00ba 2.848\/1940 (C\u00f3digo Penal), passa<br \/>\na vigorar acrescido do seguinte par\u00e1grafo:<br \/>\nArt. 121. &#8230;&#8230;&#8230;&#8230;&#8230;&#8230;&#8230;&#8230;&#8230;&#8230;&#8230;&#8230;&#8230;&#8230;&#8230;&#8230;&#8230;&#8230;&#8230;&#8230;&#8230;&#8230;&#8230;&#8230;&#8230;&#8230;&#8230;&#8230;&#8230;&#8230;&#8230;&#8230;<br \/>\n                                               &#8230;&#8230;&#8230;&#8230;&#8230;&#8230;&#8230;&#8230;&#8230;&#8230;&#8230;&#8230;&#8230;&#8230;&#8230;&#8230;&#8230;&#8230;&#8230;&#8230;&#8230;&#8230;&#8230;&#8230;&#8230;&#8230;&#8230;&#8230;&#8230;&#8230;&#8230;&#8230;&#8230;&#8230;&#8230;&#8230;&#8230;&#8230;&#8230;..<br \/>\n\u00a7 6\u00ba-C. O homic\u00eddio praticado contra policial civil, policial militar,<br \/>\npolicial federal, policial rodovi\u00e1rio federal, policial ferrovi\u00e1rio federal, bombeiro<br \/>\nmilitar, guarda municipal, policial penal ou agente do sistema socioeducativo, no<br \/>\nexerc\u00edcio da fun\u00e7\u00e3o ou em raz\u00e3o dela, ser\u00e1 considerado ato de terrorismo, punido com<br \/>\nreclus\u00e3o de 20 (vinte) a 40 (quarenta) anos, em regime fechado, sem possibilidade de<br \/>\nprogress\u00e3o ou indulto, cumul\u00e1vel com outras qualificadoras.<br \/>\nArt. 2\u00ba O art. 2\u00ba da Lei n\u00ba 13.260\/2016 (Lei Antiterrorismo) passa a<br \/>\nvigorar acrescido dos seguintes par\u00e1grafos:<br \/>\nArt. 2\u00ba &#8230;&#8230;&#8230;&#8230;&#8230;&#8230;&#8230;&#8230;&#8230;&#8230;&#8230;&#8230;&#8230;&#8230;&#8230;&#8230;&#8230;&#8230;&#8230;&#8230;&#8230;&#8230;&#8230;&#8230;&#8230;&#8230;&#8230;&#8230;&#8230;&#8230;&#8230;&#8230;&#8230;<br \/>\nPara verificar a assinatura, acesse https:\/\/infoleg-autenticidade-assinatura.camara.leg.br\/CD258640651300<br \/>\nAssinado eletronicamente pelo(a) Dep. Messias Donato<br \/>\nApresenta\u00e7\u00e3o: 29\/08\/2025 19:22:39.370 &#8211; Mesa<br \/>\n*CD258640651300* PL n.4330\/2025<br \/>C\u00c2MARA DOS DEPUTADOS<br \/>\nGabinete do Deputado Federal Messias Donato<br \/>\n                                               &#8230;&#8230;&#8230;&#8230;&#8230;&#8230;&#8230;&#8230;&#8230;&#8230;&#8230;&#8230;&#8230;&#8230;&#8230;&#8230;&#8230;&#8230;&#8230;&#8230;&#8230;&#8230;&#8230;&#8230;&#8230;&#8230;&#8230;&#8230;&#8230;&#8230;&#8230;&#8230;&#8230;&#8230;&#8230;&#8230;&#8230;&#8230;&#8230;..<br \/>\n\u00a7 3\u00ba Consideram-se igualmente atos de terrorismo, para os efeitos<br \/>\ndesta Lei, todos os atos violentos dolosos contra a vida de agentes de seguran\u00e7a p\u00fablica,<br \/>\ninclusive quando praticados de forma isolada, com ou sem motiva\u00e7\u00e3o ideol\u00f3gica,<br \/>\npol\u00edtica, religiosa, racial ou de outra natureza, que causem intimida\u00e7\u00e3o, instabilidade<br \/>\ninstitucional ou afeta\u00e7\u00e3o da ordem p\u00fablica.<br \/>\n\u00a7 4\u00ba A pena para os atos previstos no \u00a7 3\u00ba ser\u00e1 de reclus\u00e3o de 20<br \/>\n(vinte) a 40 (quarenta) anos, sem direito \u00e0 progress\u00e3o de regime, livramento condicional<br \/>\nou convers\u00e3o da pena em medidas alternativas.<br \/>\nArt. 3\u00ba O art. 1\u00ba da Lei n\u00ba 8.072\/1990 (Lei dos Crimes Hediondos)<br \/>\npassa a vigorar com o acr\u00e9scimo do seguinte inciso:<br \/>\nArt. 1\u00ba &#8230;&#8230;&#8230;&#8230;&#8230;&#8230;&#8230;&#8230;&#8230;&#8230;&#8230;&#8230;&#8230;&#8230;&#8230;&#8230;&#8230;&#8230;&#8230;&#8230;&#8230;&#8230;&#8230;&#8230;&#8230;&#8230;&#8230;&#8230;&#8230;&#8230;&#8230;&#8230;&#8230;.<br \/>\n                                               &#8230;&#8230;&#8230;&#8230;&#8230;&#8230;&#8230;&#8230;&#8230;&#8230;&#8230;&#8230;&#8230;&#8230;&#8230;&#8230;&#8230;&#8230;&#8230;&#8230;&#8230;&#8230;&#8230;&#8230;&#8230;&#8230;&#8230;&#8230;&#8230;&#8230;&#8230;&#8230;&#8230;&#8230;&#8230;&#8230;&#8230;&#8230;&#8230;&#8230;.<br \/>\nI-C &#8211; homic\u00eddio (art. 121), quando praticado contra policial civil,<br \/>\npolicial militar, policial federal, policial rodovi\u00e1rio federal, policial ferrovi\u00e1rio federal,<br \/>\nbombeiro militar, guarda municipal, policial penal ou agente do sistema socioeducativo,<br \/>\nno exerc\u00edcio da fun\u00e7\u00e3o ou em raz\u00e3o dela, independentemente da motiva\u00e7\u00e3o do agente;<br \/>\nArt. 4\u00ba &#8211; Inclui-se o art. 112-A na Lei n\u00ba 7.210\/1984 (Lei de Execu\u00e7\u00e3o<br \/>\nPenal), com a seguinte reda\u00e7\u00e3o:<br \/>\nArt. 112-A. O condenado por crime de homic\u00eddio contra agente de<br \/>\nseguran\u00e7a p\u00fablica, equiparado a terrorismo, n\u00e3o far\u00e1 jus \u00e0 progress\u00e3o de regime, \u00e0 sa\u00edda<br \/>\ntempor\u00e1ria, ao livramento condicional ou ao indulto, sendo obrigatoriamente mantido<br \/>\nem regime disciplinar diferenciado por tempo m\u00ednimo de 10 (dez) anos.<br \/>\nArt. 5\u00ba &#8211; Inclui-se o art. 313-A no Decreto-Lei n\u00ba 3.689\/1941 (C\u00f3digo<br \/>\nde Processo Penal):<br \/>\nArt. 313-A. Em caso de crime de homic\u00eddio ou tentativa de homic\u00eddio<br \/>\ncontra agente de seguran\u00e7a p\u00fablica, ser\u00e1 obrigat\u00f3ria a decreta\u00e7\u00e3o de pris\u00e3o preventiva, a<br \/>\nser mantida at\u00e9 o tr\u00e2nsito em julgado da senten\u00e7a penal condenat\u00f3ria.<br \/>\n2<br \/>\nPara verificar a assinatura, acesse https:\/\/infoleg-autenticidade-assinatura.camara.leg.br\/CD258640651300<br \/>\nAssinado eletronicamente pelo(a) Dep. Messias Donato<br \/>\nApresenta\u00e7\u00e3o: 29\/08\/2025 19:22:39.370 &#8211; Mesa<br \/>\n*CD258640651300* PL n.4330\/2025<br \/>C\u00c2MARA DOS DEPUTADOS<br \/>\nGabinete do Deputado Federal Messias Donato<br \/>\nArt. 6\u00ba Para os fins desta Lei, considera-se agente de seguran\u00e7a<br \/>\np\u00fablica o servidor ativo ou inativo pertencente a qualquer das seguintes corpora\u00e7\u00f5es ou<br \/>\ninstitui\u00e7\u00f5es, quando no exerc\u00edcio da fun\u00e7\u00e3o ou em decorr\u00eancia dela:<br \/>\nI \u2013 Pol\u00edcia Federal;<br \/>\nII \u2013 Pol\u00edcia Rodovi\u00e1ria Federal;<br \/>\nIII \u2013 Pol\u00edcia Ferrovi\u00e1ria Federal;<br \/>\nIV \u2013 Pol\u00edcia Civil;<br \/>\nV \u2013 Pol\u00edcia Militar;<br \/>\nVI \u2013 Corpo de Bombeiros Militar;<br \/>\nVII \u2013 Guarda Municipal;<br \/>\nVIII \u2013 Pol\u00edcia Penal federal, estadual ou distrital;<br \/>\nIX \u2013 Agente do sistema socioeducativo, nos termos da legisla\u00e7\u00e3o<br \/>\nespec\u00edfica aplic\u00e1vel.<br \/>\nArt. 7\u00ba Ficam revogadas todas as disposi\u00e7\u00f5es legais que contrariem<br \/>\nesta Lei.<br \/>\nArt. 8\u00ba Esta Lei entra em vigor na data de sua publica\u00e7\u00e3o.<br \/>\nJUSTIFICA\u00c7\u00c3O<br \/>\nA presente proposi\u00e7\u00e3o tem como objetivo fortalecer a prote\u00e7\u00e3o<br \/>\njur\u00eddica aos profissionais da seguran\u00e7a p\u00fablica, tipificando o homic\u00eddio doloso contra<br \/>\nesses agentes, no exerc\u00edcio de suas fun\u00e7\u00f5es ou em raz\u00e3o delas, como ato de terrorismo.<br \/>\nA medida visa responder com firmeza e clareza aos ataques deliberados contra aqueles<br \/>\nque dedicam suas vidas \u00e0 defesa da ordem, da paz social e da prote\u00e7\u00e3o da popula\u00e7\u00e3o<br \/>\nbrasileira.<br \/>\nOs agentes de seguran\u00e7a p\u00fablica previstos na Constitui\u00e7\u00e3o Federal,<br \/>\nentre eles policiais federais, rodovi\u00e1rios federais, ferrovi\u00e1rios federais, civis, militares,<br \/>\n3<br \/>\nPara verificar a assinatura, acesse https:\/\/infoleg-autenticidade-assinatura.camara.leg.br\/CD258640651300<br \/>\nAssinado eletronicamente pelo(a) Dep. Messias Donato<br \/>\nApresenta\u00e7\u00e3o: 29\/08\/2025 19:22:39.370 &#8211; Mesa<br \/>\n*CD258640651300* PL n.4330\/2025<br \/>C\u00c2MARA DOS DEPUTADOS<br \/>\nGabinete do Deputado Federal Messias Donato<br \/>\nbombeiros militares e guardas municipais, exercem fun\u00e7\u00f5es essenciais ao Estado<br \/>\nDemocr\u00e1tico de Direito, atuando na preven\u00e7\u00e3o e repress\u00e3o da criminalidade, na<br \/>\nmanuten\u00e7\u00e3o da ordem p\u00fablica e na prote\u00e7\u00e3o da vida. Com a Emenda Constitucional n\u00ba<br \/>\n104\/2019, os policiais penais passaram tamb\u00e9m a integrar expressamente o rol das<br \/>\nfor\u00e7as de seguran\u00e7a p\u00fablica. Da mesma forma, os agentes do sistema socioeducativo<br \/>\ndesempenham fun\u00e7\u00f5es correlatas, muitas vezes em condi\u00e7\u00f5es de igual ou maior risco,<br \/>\nsendo igualmente alvos de a\u00e7\u00f5es criminosas.<br \/>\nNos \u00faltimos anos, tem-se observado o agravamento de ataques<br \/>\ncovardes e premeditados contra esses profissionais, inclusive fora do hor\u00e1rio de servi\u00e7o<br \/>\ne mesmo em suas resid\u00eancias, com o objetivo de intimidar o Estado e enfraquecer a<br \/>\npresen\u00e7a das for\u00e7as de seguran\u00e7a em \u00e1reas de risco. Tais crimes n\u00e3o s\u00e3o meros<br \/>\nhomic\u00eddios: representam um atentado \u00e0 pr\u00f3pria estrutura do Estado e ao sentimento<br \/>\ncoletivo de seguran\u00e7a, gerando instabilidade social e institucional.<br \/>\nDiante disso, prop\u00f5e-se que o homic\u00eddio doloso praticado contra esses<br \/>\nagentes seja enquadrado como ato de terrorismo, com pena agravada de reclus\u00e3o de 20 a<br \/>\n40 anos, em regime fechado, sem progress\u00e3o de regime, livramento condicional, indulto<br \/>\nou penas alternativas. Essa medida visa n\u00e3o apenas punir com rigor os respons\u00e1veis,<br \/>\nmas tamb\u00e9m funcionar como um instrumento de dissuas\u00e3o, estabelecendo um marco<br \/>\nlegal de prote\u00e7\u00e3o especial a esses servidores p\u00fablicos.<br \/>\nA proposta tamb\u00e9m altera a Lei dos Crimes Hediondos (Lei n\u00ba<br \/>\n8.072\/1990), para incluir esse tipo espec\u00edfico de homic\u00eddio no rol dos crimes mais<br \/>\ngraves do ordenamento jur\u00eddico, com as consequ\u00eancias processuais e penais cab\u00edveis.<br \/>\nAinda, modifica a Lei de Execu\u00e7\u00e3o Penal para impedir benef\u00edcios penais ao condenado,<br \/>\ne o C\u00f3digo de Processo Penal, para tornar obrigat\u00f3ria a decreta\u00e7\u00e3o da pris\u00e3o preventiva<br \/>\ndo autor at\u00e9 o tr\u00e2nsito em julgado da senten\u00e7a penal condenat\u00f3ria.<br \/>\n\u00c9 importante destacar que a presente proposta foi cuidadosamente<br \/>\nredigida para se limitar aos servidores expressamente reconhecidos pela Constitui\u00e7\u00e3o<br \/>\nFederal como integrantes das for\u00e7as de seguran\u00e7a p\u00fablica (art. 144), incluindo os<br \/>\npoliciais penais (EC n\u00ba 104\/2019) e os agentes do sistema socioeducativo, cuja atua\u00e7\u00e3o<br \/>\nest\u00e1 diretamente relacionada \u00e0 preserva\u00e7\u00e3o da ordem, seguran\u00e7a e estabilidade<br \/>\ninstitucional.<br \/>\n4<br \/>\nPara verificar a assinatura, acesse https:\/\/infoleg-autenticidade-assinatura.camara.leg.br\/CD258640651300<br \/>\nAssinado eletronicamente pelo(a) Dep. Messias Donato<br \/>\nApresenta\u00e7\u00e3o: 29\/08\/2025 19:22:39.370 &#8211; Mesa<br \/>\n*CD258640651300* PL n.4330\/2025<br \/>C\u00c2MARA DOS DEPUTADOS<br \/>\nGabinete do Deputado Federal Messias Donato<br \/>\nTrata-se, portanto, de uma resposta proporcional e necess\u00e1ria ao<br \/>\ncen\u00e1rio de crescente viol\u00eancia contra servidores que exercem fun\u00e7\u00f5es de risco elevado<br \/>\nem nome do bem comum. A valoriza\u00e7\u00e3o e a prote\u00e7\u00e3o da vida desses profissionais \u00e9<br \/>\nmedida urgente e inadi\u00e1vel para a preserva\u00e7\u00e3o da autoridade p\u00fablica e da paz social.<br \/>\nDiante de tudo o que foi exposto, contamos com o apoio dos nobres<br \/>\nParlamentares para a aprova\u00e7\u00e3o desta importante iniciativa, que visa garantir seguran\u00e7a<br \/>\njur\u00eddica, refor\u00e7ar a autoridade do Estado e proteger a vida dos agentes respons\u00e1veis por<br \/>\nzelar pela ordem e pela seguran\u00e7a da sociedade brasileira.<br \/>\nSala das Sess\u00f5es, em      de agosto de 2025.<br \/>\nDEPUTADO FEDERAL MESSIAS DONATO<br \/>\nREPUBLICANOS &#8211; ES<br \/>\n5<br \/>\nPara verificar a assinatura, acesse https:\/\/infoleg-autenticidade-assinatura.camara.leg.br\/CD258640651300<br \/>\nAssinado eletronicamente pelo(a) Dep. Messias Donato<br \/>\nApresenta\u00e7\u00e3o: 29\/08\/2025 19:22:39.370 &#8211; Mesa<br \/>\n*CD258640651300* PL n.4330\/2025<\/article>\n<p><a href='https:\/\/app.legislapp.com.br\/#\/busca?termo='><\/a><\/p>\n<div style=\"text-align: center\">\n      <img decoding=\"async\" style=\"width: 14%;\" src=\"https:\/\/www.legislapp.com.br\/wp-content\/uploads\/2021\/07\/Logo-Legislapp-1-03-1.png\"><br \/>\n      <\/p>\n<div style=\"margin-bottom: 20px;\" class=\"et_pb_button_module_wrapper et_pb_button_5_tb_body_wrapper et_pb_button_alignment_center et_pb_module \">\n         <a class=\"et_pb_button et_pb_button_5_tb_body et_hover_enabled et_pb_bg_layout_dark\" style=\"width: 50%;background-color: black;\" href=\"https:\/\/app.legislapp.com.br\" target=\"_blank\" rel=\"noopener\">Visualizar completo na nossa plataforma (30 dias gr\u00e1tis)<\/a><\/p><\/div>\n<p>      <a href=\"https:\/\/play.google.com\/store\/apps\/details?id=br.com.legislapp\"><img decoding=\"async\" style=\"width: 15%; min-width: 130px;\" src=\"https:\/\/www.legislapp.com.br\/wp-content\/uploads\/google-play.png\"><\/a><br \/>\n      <a href=\"https:\/\/apps.apple.com\/us\/app\/legislapp\/id1568929859\"><img decoding=\"async\" style=\"width: 15%; min-width: 130px\" src=\"https:\/\/www.legislapp.com.br\/wp-content\/uploads\/apple-store.png\"><\/a>\n   <\/div>\n","protected":false},"excerpt":{"rendered":"<p>Avulso Inicial &#8211; Autoria de Messias Donato C\u00c2MARA DOS DEPUTADOS Gabinete do Deputado Federal Messias Donato PROJETO DE LEI N\u00ba , DE 2025 (Do Sr. MESSIAS DONATO) Altera o Decreto-Lei n\u00ba 2.848\/1940 (C\u00f3digo Penal), a Lei n\u00ba 13.260\/2016 (Lei Antiterrorismo), a Lei n\u00ba 8.072\/1990 (Lei dos Crimes Hediondos), a Lei n\u00ba 7.210\/1984 (Lei de Execu\u00e7\u00e3o [&hellip;]<\/p>\n","protected":false},"author":1,"featured_media":0,"parent":0,"menu_order":0,"comment_status":"closed","ping_status":"closed","template":"page-template-blank.php","meta":{"_et_pb_use_builder":"","_et_pb_old_content":"","_et_gb_content_width":"1080","ngg_post_thumbnail":0,"footnotes":""},"class_list":["post-10690","page","type-page","status-publish","hentry"],"yoast_head":"<!-- This site is optimized with the Yoast SEO plugin v24.4 - https:\/\/yoast.com\/wordpress\/plugins\/seo\/ -->\n<title>Avulso Inicial - PL 4330\/2025 - C\u00e2mara - Legislapp<\/title>\n<meta name=\"robots\" content=\"index, follow, max-snippet:-1, max-image-preview:large, max-video-preview:-1\" \/>\n<link rel=\"canonical\" href=\"https:\/\/www.legislapp.com.br\/index.php\/avulso-inicial-pl-4330-2025-camara\/\" \/>\n<meta property=\"og:locale\" content=\"pt_BR\" \/>\n<meta property=\"og:type\" content=\"article\" \/>\n<meta property=\"og:title\" content=\"Avulso Inicial - PL 4330\/2025 - C\u00e2mara - Legislapp\" \/>\n<meta property=\"og:description\" content=\"Avulso Inicial &#8211; Autoria de Messias Donato C\u00c2MARA DOS DEPUTADOS Gabinete do Deputado Federal Messias Donato PROJETO DE LEI N\u00ba , DE 2025 (Do Sr. MESSIAS DONATO) Altera o Decreto-Lei n\u00ba 2.848\/1940 (C\u00f3digo Penal), a Lei n\u00ba 13.260\/2016 (Lei Antiterrorismo), a Lei n\u00ba 8.072\/1990 (Lei dos Crimes Hediondos), a Lei n\u00ba 7.210\/1984 (Lei de Execu\u00e7\u00e3o [&hellip;]\" \/>\n<meta property=\"og:url\" content=\"https:\/\/www.legislapp.com.br\/index.php\/avulso-inicial-pl-4330-2025-camara\/\" \/>\n<meta property=\"og:site_name\" content=\"Legislapp\" \/>\n<meta property=\"article:publisher\" content=\"https:\/\/www.instagram.com\/legislapp\/\" \/>\n<meta property=\"og:image\" content=\"https:\/\/www.legislapp.com.br\/wp-content\/uploads\/2021\/07\/Logo-Legislapp-1-03-1.png\" \/>\n<meta name=\"twitter:card\" content=\"summary_large_image\" \/>\n<meta name=\"twitter:label1\" content=\"Est. tempo de leitura\" \/>\n\t<meta name=\"twitter:data1\" content=\"7 minutos\" \/>\n<script type=\"application\/ld+json\" class=\"yoast-schema-graph\">{\"@context\":\"https:\/\/schema.org\",\"@graph\":[{\"@type\":\"WebPage\",\"@id\":\"https:\/\/www.legislapp.com.br\/index.php\/avulso-inicial-pl-4330-2025-camara\/\",\"url\":\"https:\/\/www.legislapp.com.br\/index.php\/avulso-inicial-pl-4330-2025-camara\/\",\"name\":\"Avulso Inicial - PL 4330\/2025 - C\u00e2mara - Legislapp\",\"isPartOf\":{\"@id\":\"https:\/\/www.legislapp.com.br\/#website\"},\"primaryImageOfPage\":{\"@id\":\"https:\/\/www.legislapp.com.br\/index.php\/avulso-inicial-pl-4330-2025-camara\/#primaryimage\"},\"image\":{\"@id\":\"https:\/\/www.legislapp.com.br\/index.php\/avulso-inicial-pl-4330-2025-camara\/#primaryimage\"},\"thumbnailUrl\":\"https:\/\/www.legislapp.com.br\/wp-content\/uploads\/2021\/07\/Logo-Legislapp-1-03-1.png\",\"datePublished\":\"2025-12-01T14:32:39+00:00\",\"breadcrumb\":{\"@id\":\"https:\/\/www.legislapp.com.br\/index.php\/avulso-inicial-pl-4330-2025-camara\/#breadcrumb\"},\"inLanguage\":\"pt-BR\",\"potentialAction\":[{\"@type\":\"ReadAction\",\"target\":[\"https:\/\/www.legislapp.com.br\/index.php\/avulso-inicial-pl-4330-2025-camara\/\"]}]},{\"@type\":\"ImageObject\",\"inLanguage\":\"pt-BR\",\"@id\":\"https:\/\/www.legislapp.com.br\/index.php\/avulso-inicial-pl-4330-2025-camara\/#primaryimage\",\"url\":\"https:\/\/www.legislapp.com.br\/wp-content\/uploads\/2021\/07\/Logo-Legislapp-1-03-1.png\",\"contentUrl\":\"https:\/\/www.legislapp.com.br\/wp-content\/uploads\/2021\/07\/Logo-Legislapp-1-03-1.png\",\"width\":2679,\"height\":2697},{\"@type\":\"BreadcrumbList\",\"@id\":\"https:\/\/www.legislapp.com.br\/index.php\/avulso-inicial-pl-4330-2025-camara\/#breadcrumb\",\"itemListElement\":[{\"@type\":\"ListItem\",\"position\":1,\"name\":\"In\u00edcio\",\"item\":\"https:\/\/www.legislapp.com.br\/\"},{\"@type\":\"ListItem\",\"position\":2,\"name\":\"Avulso Inicial &#8211; PL 4330\/2025 &#8211; C\u00e2mara\"}]},{\"@type\":\"WebSite\",\"@id\":\"https:\/\/www.legislapp.com.br\/#website\",\"url\":\"https:\/\/www.legislapp.com.br\/\",\"name\":\"Legislapp\",\"description\":\"Intelig\u00eancia governamental em tempo real\",\"publisher\":{\"@id\":\"https:\/\/www.legislapp.com.br\/#organization\"},\"potentialAction\":[{\"@type\":\"SearchAction\",\"target\":{\"@type\":\"EntryPoint\",\"urlTemplate\":\"https:\/\/www.legislapp.com.br\/?s={search_term_string}\"},\"query-input\":{\"@type\":\"PropertyValueSpecification\",\"valueRequired\":true,\"valueName\":\"search_term_string\"}}],\"inLanguage\":\"pt-BR\"},{\"@type\":\"Organization\",\"@id\":\"https:\/\/www.legislapp.com.br\/#organization\",\"name\":\"Legislapp Monitoramento e Intelig\u00eancia Governamental\",\"url\":\"https:\/\/www.legislapp.com.br\/\",\"logo\":{\"@type\":\"ImageObject\",\"inLanguage\":\"pt-BR\",\"@id\":\"https:\/\/www.legislapp.com.br\/#\/schema\/logo\/image\/\",\"url\":\"https:\/\/www.legislapp.com.br\/wp-content\/uploads\/icon.png\",\"contentUrl\":\"https:\/\/www.legislapp.com.br\/wp-content\/uploads\/icon.png\",\"width\":1024,\"height\":1024,\"caption\":\"Legislapp Monitoramento e Intelig\u00eancia Governamental\"},\"image\":{\"@id\":\"https:\/\/www.legislapp.com.br\/#\/schema\/logo\/image\/\"},\"sameAs\":[\"https:\/\/www.instagram.com\/legislapp\/\"]}]}<\/script>\n<!-- \/ Yoast SEO plugin. -->","yoast_head_json":{"title":"Avulso Inicial - PL 4330\/2025 - C\u00e2mara - Legislapp","robots":{"index":"index","follow":"follow","max-snippet":"max-snippet:-1","max-image-preview":"max-image-preview:large","max-video-preview":"max-video-preview:-1"},"canonical":"https:\/\/www.legislapp.com.br\/index.php\/avulso-inicial-pl-4330-2025-camara\/","og_locale":"pt_BR","og_type":"article","og_title":"Avulso Inicial - PL 4330\/2025 - C\u00e2mara - Legislapp","og_description":"Avulso Inicial &#8211; Autoria de Messias Donato C\u00c2MARA DOS DEPUTADOS Gabinete do Deputado Federal Messias Donato PROJETO DE LEI N\u00ba , DE 2025 (Do Sr. MESSIAS DONATO) Altera o Decreto-Lei n\u00ba 2.848\/1940 (C\u00f3digo Penal), a Lei n\u00ba 13.260\/2016 (Lei Antiterrorismo), a Lei n\u00ba 8.072\/1990 (Lei dos Crimes Hediondos), a Lei n\u00ba 7.210\/1984 (Lei de Execu\u00e7\u00e3o [&hellip;]","og_url":"https:\/\/www.legislapp.com.br\/index.php\/avulso-inicial-pl-4330-2025-camara\/","og_site_name":"Legislapp","article_publisher":"https:\/\/www.instagram.com\/legislapp\/","og_image":[{"url":"https:\/\/www.legislapp.com.br\/wp-content\/uploads\/2021\/07\/Logo-Legislapp-1-03-1.png","type":"","width":"","height":""}],"twitter_card":"summary_large_image","twitter_misc":{"Est. tempo de leitura":"7 minutos"},"schema":{"@context":"https:\/\/schema.org","@graph":[{"@type":"WebPage","@id":"https:\/\/www.legislapp.com.br\/index.php\/avulso-inicial-pl-4330-2025-camara\/","url":"https:\/\/www.legislapp.com.br\/index.php\/avulso-inicial-pl-4330-2025-camara\/","name":"Avulso Inicial - PL 4330\/2025 - C\u00e2mara - Legislapp","isPartOf":{"@id":"https:\/\/www.legislapp.com.br\/#website"},"primaryImageOfPage":{"@id":"https:\/\/www.legislapp.com.br\/index.php\/avulso-inicial-pl-4330-2025-camara\/#primaryimage"},"image":{"@id":"https:\/\/www.legislapp.com.br\/index.php\/avulso-inicial-pl-4330-2025-camara\/#primaryimage"},"thumbnailUrl":"https:\/\/www.legislapp.com.br\/wp-content\/uploads\/2021\/07\/Logo-Legislapp-1-03-1.png","datePublished":"2025-12-01T14:32:39+00:00","breadcrumb":{"@id":"https:\/\/www.legislapp.com.br\/index.php\/avulso-inicial-pl-4330-2025-camara\/#breadcrumb"},"inLanguage":"pt-BR","potentialAction":[{"@type":"ReadAction","target":["https:\/\/www.legislapp.com.br\/index.php\/avulso-inicial-pl-4330-2025-camara\/"]}]},{"@type":"ImageObject","inLanguage":"pt-BR","@id":"https:\/\/www.legislapp.com.br\/index.php\/avulso-inicial-pl-4330-2025-camara\/#primaryimage","url":"https:\/\/www.legislapp.com.br\/wp-content\/uploads\/2021\/07\/Logo-Legislapp-1-03-1.png","contentUrl":"https:\/\/www.legislapp.com.br\/wp-content\/uploads\/2021\/07\/Logo-Legislapp-1-03-1.png","width":2679,"height":2697},{"@type":"BreadcrumbList","@id":"https:\/\/www.legislapp.com.br\/index.php\/avulso-inicial-pl-4330-2025-camara\/#breadcrumb","itemListElement":[{"@type":"ListItem","position":1,"name":"In\u00edcio","item":"https:\/\/www.legislapp.com.br\/"},{"@type":"ListItem","position":2,"name":"Avulso Inicial &#8211; PL 4330\/2025 &#8211; C\u00e2mara"}]},{"@type":"WebSite","@id":"https:\/\/www.legislapp.com.br\/#website","url":"https:\/\/www.legislapp.com.br\/","name":"Legislapp","description":"Intelig\u00eancia governamental em tempo real","publisher":{"@id":"https:\/\/www.legislapp.com.br\/#organization"},"potentialAction":[{"@type":"SearchAction","target":{"@type":"EntryPoint","urlTemplate":"https:\/\/www.legislapp.com.br\/?s={search_term_string}"},"query-input":{"@type":"PropertyValueSpecification","valueRequired":true,"valueName":"search_term_string"}}],"inLanguage":"pt-BR"},{"@type":"Organization","@id":"https:\/\/www.legislapp.com.br\/#organization","name":"Legislapp Monitoramento e Intelig\u00eancia Governamental","url":"https:\/\/www.legislapp.com.br\/","logo":{"@type":"ImageObject","inLanguage":"pt-BR","@id":"https:\/\/www.legislapp.com.br\/#\/schema\/logo\/image\/","url":"https:\/\/www.legislapp.com.br\/wp-content\/uploads\/icon.png","contentUrl":"https:\/\/www.legislapp.com.br\/wp-content\/uploads\/icon.png","width":1024,"height":1024,"caption":"Legislapp Monitoramento e Intelig\u00eancia Governamental"},"image":{"@id":"https:\/\/www.legislapp.com.br\/#\/schema\/logo\/image\/"},"sameAs":["https:\/\/www.instagram.com\/legislapp\/"]}]}},"_links":{"self":[{"href":"https:\/\/www.legislapp.com.br\/index.php\/wp-json\/wp\/v2\/pages\/10690","targetHints":{"allow":["GET"]}}],"collection":[{"href":"https:\/\/www.legislapp.com.br\/index.php\/wp-json\/wp\/v2\/pages"}],"about":[{"href":"https:\/\/www.legislapp.com.br\/index.php\/wp-json\/wp\/v2\/types\/page"}],"author":[{"embeddable":true,"href":"https:\/\/www.legislapp.com.br\/index.php\/wp-json\/wp\/v2\/users\/1"}],"replies":[{"embeddable":true,"href":"https:\/\/www.legislapp.com.br\/index.php\/wp-json\/wp\/v2\/comments?post=10690"}],"version-history":[{"count":0,"href":"https:\/\/www.legislapp.com.br\/index.php\/wp-json\/wp\/v2\/pages\/10690\/revisions"}],"wp:attachment":[{"href":"https:\/\/www.legislapp.com.br\/index.php\/wp-json\/wp\/v2\/media?parent=10690"}],"curies":[{"name":"wp","href":"https:\/\/api.w.org\/{rel}","templated":true}]}}