{"id":10694,"date":"2025-12-01T11:32:49","date_gmt":"2025-12-01T14:32:49","guid":{"rendered":"https:\/\/www.legislapp.com.br\/index.php\/avulso-inicial-pl-6304-2005-camara\/"},"modified":"2025-12-01T11:32:49","modified_gmt":"2025-12-01T14:32:49","slug":"avulso-inicial-pl-6304-2005-camara","status":"publish","type":"page","link":"https:\/\/www.legislapp.com.br\/index.php\/avulso-inicial-pl-6304-2005-camara\/","title":{"rendered":"Avulso Inicial &#8211; PL 6304\/2005 &#8211; C\u00e2mara"},"content":{"rendered":"<h1 style='text-align: center;'>Avulso Inicial &#8211; Autoria de Edinho Montemor<\/h3>\n<p><\/p>\n<article>PROJETO DE LEI N\u00ba             DE 2005<br \/>\n(do Deputado Edinho Montemor)<br \/>\nO Congresso Nacional Decreta<br \/>\nEstabelece per\u00edodos para a realiza\u00e7\u00e3o de<br \/>\nconcursos ou processos seletivos para<br \/>\nprovimento de cargos p\u00fablicos e de exames<br \/>\nvestibulares, no \u00e2mbito Nacional e d\u00e1 outras<br \/>\nprovid\u00eancias.<br \/>\nArt. 1\u00ba As provas de concurso ou processo seletivo para provimento de cargos<br \/>\np\u00fablicos e os exames vestibulares das Universidades P\u00f9blicas e Privadas ser\u00e3o realizadas no<br \/>\nper\u00edodo de Domingo \u00e0 Sexta-feira, no hor\u00e1rio compreendido entre as 08;00 e 18:00 horas;<br \/>\n\u00a7 1\u00ba &#8211; Quando invi\u00e1vel a promo\u00e7\u00e3o dos certames em confrmidade com o \u201ccaput\u201d<br \/>\ndeste artigo, a entidade organizadora poder\u00e1 reliz\u00e1-los no S\u00e1bado, devendo permitir ao candidato,<br \/>\nque assim alegar motivo de cren\u00e7a religiosa, a possibilidade de faz\u00ea-lo ap\u00f3s o por do sol de s\u00e1bado;<br \/>\n\u00a7 2\u00ba &#8211; Devido a varia\u00e7\u00e3o do fuso hor\u00e1rio no pa\u00eds, caber\u00e1 a cada estado, junto \u00e0s<br \/>\ndevidas autoridades eclesi\u00e1sticas, definir o hor\u00e1rio em que se aplica o disposto no artigo 1\u00ba;<br \/>\n\u00a7 3\u00ba &#8211; A permiss\u00e3o de que trata o par\u00e1grafo anterior dever\u00e1 ser precedida de<br \/>\nrequerimento, assinado pelo pr\u00f3prio interessado, dirigido \u00e0 entidade organizadora, at\u00e9 72 (setenta e<br \/>\nduas) horas anteriores ao hor\u00e1rio de in\u00edcio do certame;<br \/>\n\u00a7 4\u00ba &#8211; Na hip\u00f3tese do \u00a7 1\u00ba, o candidato ficar\u00e1 incomunic\u00e1vel desde o hor\u00e1rio regular<br \/>\nprevisto para os exames at\u00e9 o in\u00edcio do hor\u00e1rio alternativo para ele estabelecido previamente.<br \/>\nArtigo 2\u00ba &#8211; \u00c9 assegurado ao aluno, devidamente matriculado nos estabelecimentos de<br \/>\nensino p\u00fablico ou privado, de ensino fundamental, m\u00e9dio ou superior, a aplica\u00e7\u00e3o de provas em<br \/>\ndias n\u00e3o coincidentes com o per\u00edodo de guarda religiosa, previsto no \u201ccaput\u201d do Artigo 1\u00ba;<br \/>\n\u00a7 1\u00ba &#8211; Poder\u00e1 o aluno, pelos mesmos motivos previstos neste artigo, requerer \u00e0 escola<br \/>\nque, em substitui\u00e7\u00e3o\u00e0 sua presen\u00e7a na sala de aula e para fins de obten\u00e7\u00e3o de frequ\u00eancia, seja-lhe<br \/>\nassegurada, alternativamente, a apresenta\u00e7\u00e3o de trabalho escrito ou qualquer outra atividade de<br \/>\npesquisa, acad\u00eamica, determinados pelo estabelecimento de ensino, observados os par\u00e2metros<br \/>\ncurriculares e plano de aula do dia de sua aus\u00eancia;<br \/>\n\u00a7 2\u00ba &#8211; Os requerimentos de que trata este artigo ser\u00e3o obrigatoriamente deferidos<br \/>\npelos estabelecimentos de ensino.<br \/>\nArtigo 3\u00ba &#8211; As despesa decorrentes com a execu\u00e7\u00e3o desta Lei correr\u00e3o \u00e0 conta das<br \/>\ndota\u00e7\u00f5es pr\u00f3prias consignadas no Or\u00e7amento da Uni\u00e3o, suplementadas se necess\u00e1rio<br \/>\nArtigo 4\u00ba &#8211; Esta Lei entra em vigor na data de sua publica\u00e7\u00e3o, revogadas as<br \/>\ndisposi\u00e7\u00f5esem contr\u00e1rio.<br \/>\nSala da Sess\u00f5es<br \/>\nEdinho Montemor<br \/>\nDeputado Federal PL\/SP<br \/>JUSTIFICA\u00c7\u00c3O<br \/>\nA liberdade religiosa \u00e9 um dos direitos essenciais ao homem. A afirma\u00e7\u00e3o, hoje uma<br \/>\nid\u00e9ia comum, demorara longo processo hist\u00f3rico para vir e incorporar-se na coletividade com um<br \/>\nvalor imanente, a ser preservada pelo Estado Democr\u00e1tico de Direito.<br \/>\nBasta ver que a primeira emenda \u00e0 Constitui\u00e7\u00e3o dos Estados Unidos da Am\u00e9rica,<br \/>\nmonumento jur\u00eddico que at\u00e9 hoje serve de inspira\u00e7\u00e3o, preocupara-se em outorga-lhe prote\u00e7\u00e3o e<br \/>\ndestaque primordiais.<br \/>\nEnte n\u00f3s, a C.F. de 1988 a contempla expressamente no seu Art.5\u00ba, VIII, no qual<br \/>\ndesponta a preocupa\u00e7\u00e3o de conciliar as obriga\u00e7\u00f5es e anseios naturais do indiv\u00edduo com a<br \/>\npreserva\u00e7\u00e3o de sua cren\u00e7a.<br \/>\n\u00c9 nessa esteira que se insere o presente objeto, atentando a uma dificuldade h\u00e9culea<br \/>\nque v\u00eam emfrentando diversas denomina\u00e7\u00f5es religiosas, concernentes \u00e0 guarda do s\u00e1bado (guarda<br \/>\nsab\u00e1tica), per\u00edodo que se estende do por do sol de sexta-feira at\u00e9 o por do sol de s\u00e1bado.<br \/>\nA guarda em quest\u00e3o, que importa em santificar esse per\u00edodo mencionado, de<br \/>\ndedica\u00e7\u00e3o \u00e0 profiss\u00e3o religiosa, tem impedido inumer\u00e1veis pessoas  de exercerem , para n\u00e3o violar<br \/>\nsua cren\u00e7a, direitos b\u00e1sicos, como o de terem franqueado sem cerceio, sob o prisma real e n\u00e3o<br \/>\nmeramente nominal, sua atividade estudantil e acesso a cargos p\u00fablicos por meio de concurso.<br \/>\nAssim, com vista a preservar tais direitos, a fim de conciliar os interesses jur\u00eddicos<br \/>\nem jogo e n\u00e3o fazer t\u00e1bula rasa do princ\u00edpio constitucional de liberdade de credo acolhido em nosso<br \/>\nordenamento, \u00e9 que se prop\u00f5e este Projeto, o qual visa garantir tal liberdade, preservadas as<br \/>\nresponsabilidades, sigilo e os interesses p\u00fablicos, que n\u00e3o pode alherar-se da prote\u00e7\u00e3o enfocada.<\/article>\n<p><a href='https:\/\/app.legislapp.com.br\/#\/busca?termo=Fixa\u00e7\u00e3o'>Fixa\u00e7\u00e3o<\/a>, <a href='https:\/\/app.legislapp.com.br\/#\/busca?termo=per\u00edodo'>per\u00edodo<\/a>, <a href='https:\/\/app.legislapp.com.br\/#\/busca?termo=domingo'>domingo<\/a>, <a href='https:\/\/app.legislapp.com.br\/#\/busca?termo=sexta-feira'>sexta-feira<\/a>, <a href='https:\/\/app.legislapp.com.br\/#\/busca?termo=realiza\u00e7\u00e3o'>realiza\u00e7\u00e3o<\/a>, <a href='https:\/\/app.legislapp.com.br\/#\/busca?termo=prova'>prova<\/a>, <a href='https:\/\/app.legislapp.com.br\/#\/busca?termo=concurso p\u00fablico'>concurso p\u00fablico<\/a>, <a href='https:\/\/app.legislapp.com.br\/#\/busca?termo=exame vestibular'>exame vestibular<\/a>, <a href='https:\/\/app.legislapp.com.br\/#\/busca?termo=universidade p\u00fablica'>universidade p\u00fablica<\/a>, <a href='https:\/\/app.legislapp.com.br\/#\/busca?termo=universidade particular'>universidade particular<\/a>, <a href='https:\/\/app.legislapp.com.br\/#\/busca?termo=garantia'>garantia<\/a>, <a href='https:\/\/app.legislapp.com.br\/#\/busca?termo=candidato'>candidato<\/a>, <a href='https:\/\/app.legislapp.com.br\/#\/busca?termo=Igreja Adventista'>Igreja Adventista<\/a>, <a href='https:\/\/app.legislapp.com.br\/#\/busca?termo=altera\u00e7\u00e3o'>altera\u00e7\u00e3o<\/a>, <a href='https:\/\/app.legislapp.com.br\/#\/busca?termo=hor\u00e1rio'>hor\u00e1rio<\/a>, <a href='https:\/\/app.legislapp.com.br\/#\/busca?termo=direitos'>direitos<\/a>, <a href='https:\/\/app.legislapp.com.br\/#\/busca?termo=aluno'>aluno<\/a>, <a href='https:\/\/app.legislapp.com.br\/#\/busca?termo=ensino fundamental'>ensino fundamental<\/a>, <a href='https:\/\/app.legislapp.com.br\/#\/busca?termo=ensino m\u00e9dio'>ensino m\u00e9dio<\/a>, <a href='https:\/\/app.legislapp.com.br\/#\/busca?termo=ensino superior'>ensino superior<\/a>, <a href='https:\/\/app.legislapp.com.br\/#\/busca?termo=substitui\u00e7\u00e3o'>substitui\u00e7\u00e3o<\/a>, <a href='https:\/\/app.legislapp.com.br\/#\/busca?termo=aus\u00eancia'>aus\u00eancia<\/a>, <a href='https:\/\/app.legislapp.com.br\/#\/busca?termo=sala de aula'>sala de aula<\/a>, <a href='https:\/\/app.legislapp.com.br\/#\/busca?termo=apresenta\u00e7\u00e3o'>apresenta\u00e7\u00e3o<\/a>, <a href='https:\/\/app.legislapp.com.br\/#\/busca?termo=trabalho.'>trabalho.<\/a><\/p>\n<div style=\"text-align: center\">\n      <img decoding=\"async\" style=\"width: 14%;\" src=\"https:\/\/www.legislapp.com.br\/wp-content\/uploads\/2021\/07\/Logo-Legislapp-1-03-1.png\"><br \/>\n      <\/p>\n<div style=\"margin-bottom: 20px;\" class=\"et_pb_button_module_wrapper et_pb_button_5_tb_body_wrapper et_pb_button_alignment_center et_pb_module \">\n         <a class=\"et_pb_button et_pb_button_5_tb_body et_hover_enabled et_pb_bg_layout_dark\" style=\"width: 50%;background-color: black;\" href=\"https:\/\/app.legislapp.com.br\" target=\"_blank\" rel=\"noopener\">Visualizar completo na nossa plataforma (30 dias gr\u00e1tis)<\/a><\/p><\/div>\n<p>      <a href=\"https:\/\/play.google.com\/store\/apps\/details?id=br.com.legislapp\"><img decoding=\"async\" style=\"width: 15%; min-width: 130px;\" src=\"https:\/\/www.legislapp.com.br\/wp-content\/uploads\/google-play.png\"><\/a><br \/>\n      <a href=\"https:\/\/apps.apple.com\/us\/app\/legislapp\/id1568929859\"><img decoding=\"async\" style=\"width: 15%; min-width: 130px\" src=\"https:\/\/www.legislapp.com.br\/wp-content\/uploads\/apple-store.png\"><\/a>\n   <\/div>\n","protected":false},"excerpt":{"rendered":"<p>Avulso Inicial &#8211; Autoria de Edinho Montemor PROJETO DE LEI N\u00ba DE 2005 (do Deputado Edinho Montemor) O Congresso Nacional Decreta Estabelece per\u00edodos para a realiza\u00e7\u00e3o de concursos ou processos seletivos para provimento de cargos p\u00fablicos e de exames vestibulares, no \u00e2mbito Nacional e d\u00e1 outras provid\u00eancias. Art. 1\u00ba As provas de concurso ou processo [&hellip;]<\/p>\n","protected":false},"author":1,"featured_media":0,"parent":0,"menu_order":0,"comment_status":"closed","ping_status":"closed","template":"page-template-blank.php","meta":{"_et_pb_use_builder":"","_et_pb_old_content":"","_et_gb_content_width":"1080","ngg_post_thumbnail":0,"footnotes":""},"class_list":["post-10694","page","type-page","status-publish","hentry"],"yoast_head":"<!-- This site is optimized with the Yoast SEO plugin v24.4 - https:\/\/yoast.com\/wordpress\/plugins\/seo\/ -->\n<title>Avulso Inicial - PL 6304\/2005 - C\u00e2mara - Legislapp<\/title>\n<meta name=\"robots\" content=\"index, follow, max-snippet:-1, max-image-preview:large, max-video-preview:-1\" \/>\n<link rel=\"canonical\" href=\"https:\/\/www.legislapp.com.br\/index.php\/avulso-inicial-pl-6304-2005-camara\/\" \/>\n<meta property=\"og:locale\" content=\"pt_BR\" \/>\n<meta property=\"og:type\" content=\"article\" \/>\n<meta property=\"og:title\" content=\"Avulso Inicial - PL 6304\/2005 - C\u00e2mara - Legislapp\" \/>\n<meta property=\"og:description\" content=\"Avulso Inicial &#8211; Autoria de Edinho Montemor PROJETO DE LEI N\u00ba DE 2005 (do Deputado Edinho Montemor) O Congresso Nacional Decreta Estabelece per\u00edodos para a realiza\u00e7\u00e3o de concursos ou processos seletivos para provimento de cargos p\u00fablicos e de exames vestibulares, no \u00e2mbito Nacional e d\u00e1 outras provid\u00eancias. Art. 1\u00ba As provas de concurso ou processo [&hellip;]\" \/>\n<meta property=\"og:url\" content=\"https:\/\/www.legislapp.com.br\/index.php\/avulso-inicial-pl-6304-2005-camara\/\" \/>\n<meta property=\"og:site_name\" content=\"Legislapp\" \/>\n<meta property=\"article:publisher\" content=\"https:\/\/www.instagram.com\/legislapp\/\" \/>\n<meta property=\"og:image\" content=\"https:\/\/www.legislapp.com.br\/wp-content\/uploads\/2021\/07\/Logo-Legislapp-1-03-1.png\" \/>\n<meta name=\"twitter:card\" content=\"summary_large_image\" \/>\n<meta name=\"twitter:label1\" content=\"Est. tempo de leitura\" \/>\n\t<meta name=\"twitter:data1\" content=\"4 minutos\" \/>\n<script type=\"application\/ld+json\" class=\"yoast-schema-graph\">{\"@context\":\"https:\/\/schema.org\",\"@graph\":[{\"@type\":\"WebPage\",\"@id\":\"https:\/\/www.legislapp.com.br\/index.php\/avulso-inicial-pl-6304-2005-camara\/\",\"url\":\"https:\/\/www.legislapp.com.br\/index.php\/avulso-inicial-pl-6304-2005-camara\/\",\"name\":\"Avulso Inicial - PL 6304\/2005 - C\u00e2mara - Legislapp\",\"isPartOf\":{\"@id\":\"https:\/\/www.legislapp.com.br\/#website\"},\"primaryImageOfPage\":{\"@id\":\"https:\/\/www.legislapp.com.br\/index.php\/avulso-inicial-pl-6304-2005-camara\/#primaryimage\"},\"image\":{\"@id\":\"https:\/\/www.legislapp.com.br\/index.php\/avulso-inicial-pl-6304-2005-camara\/#primaryimage\"},\"thumbnailUrl\":\"https:\/\/www.legislapp.com.br\/wp-content\/uploads\/2021\/07\/Logo-Legislapp-1-03-1.png\",\"datePublished\":\"2025-12-01T14:32:49+00:00\",\"breadcrumb\":{\"@id\":\"https:\/\/www.legislapp.com.br\/index.php\/avulso-inicial-pl-6304-2005-camara\/#breadcrumb\"},\"inLanguage\":\"pt-BR\",\"potentialAction\":[{\"@type\":\"ReadAction\",\"target\":[\"https:\/\/www.legislapp.com.br\/index.php\/avulso-inicial-pl-6304-2005-camara\/\"]}]},{\"@type\":\"ImageObject\",\"inLanguage\":\"pt-BR\",\"@id\":\"https:\/\/www.legislapp.com.br\/index.php\/avulso-inicial-pl-6304-2005-camara\/#primaryimage\",\"url\":\"https:\/\/www.legislapp.com.br\/wp-content\/uploads\/2021\/07\/Logo-Legislapp-1-03-1.png\",\"contentUrl\":\"https:\/\/www.legislapp.com.br\/wp-content\/uploads\/2021\/07\/Logo-Legislapp-1-03-1.png\",\"width\":2679,\"height\":2697},{\"@type\":\"BreadcrumbList\",\"@id\":\"https:\/\/www.legislapp.com.br\/index.php\/avulso-inicial-pl-6304-2005-camara\/#breadcrumb\",\"itemListElement\":[{\"@type\":\"ListItem\",\"position\":1,\"name\":\"In\u00edcio\",\"item\":\"https:\/\/www.legislapp.com.br\/\"},{\"@type\":\"ListItem\",\"position\":2,\"name\":\"Avulso Inicial &#8211; PL 6304\/2005 &#8211; C\u00e2mara\"}]},{\"@type\":\"WebSite\",\"@id\":\"https:\/\/www.legislapp.com.br\/#website\",\"url\":\"https:\/\/www.legislapp.com.br\/\",\"name\":\"Legislapp\",\"description\":\"Intelig\u00eancia governamental em tempo real\",\"publisher\":{\"@id\":\"https:\/\/www.legislapp.com.br\/#organization\"},\"potentialAction\":[{\"@type\":\"SearchAction\",\"target\":{\"@type\":\"EntryPoint\",\"urlTemplate\":\"https:\/\/www.legislapp.com.br\/?s={search_term_string}\"},\"query-input\":{\"@type\":\"PropertyValueSpecification\",\"valueRequired\":true,\"valueName\":\"search_term_string\"}}],\"inLanguage\":\"pt-BR\"},{\"@type\":\"Organization\",\"@id\":\"https:\/\/www.legislapp.com.br\/#organization\",\"name\":\"Legislapp Monitoramento e Intelig\u00eancia Governamental\",\"url\":\"https:\/\/www.legislapp.com.br\/\",\"logo\":{\"@type\":\"ImageObject\",\"inLanguage\":\"pt-BR\",\"@id\":\"https:\/\/www.legislapp.com.br\/#\/schema\/logo\/image\/\",\"url\":\"https:\/\/www.legislapp.com.br\/wp-content\/uploads\/icon.png\",\"contentUrl\":\"https:\/\/www.legislapp.com.br\/wp-content\/uploads\/icon.png\",\"width\":1024,\"height\":1024,\"caption\":\"Legislapp Monitoramento e Intelig\u00eancia Governamental\"},\"image\":{\"@id\":\"https:\/\/www.legislapp.com.br\/#\/schema\/logo\/image\/\"},\"sameAs\":[\"https:\/\/www.instagram.com\/legislapp\/\"]}]}<\/script>\n<!-- \/ Yoast SEO plugin. -->","yoast_head_json":{"title":"Avulso Inicial - PL 6304\/2005 - C\u00e2mara - Legislapp","robots":{"index":"index","follow":"follow","max-snippet":"max-snippet:-1","max-image-preview":"max-image-preview:large","max-video-preview":"max-video-preview:-1"},"canonical":"https:\/\/www.legislapp.com.br\/index.php\/avulso-inicial-pl-6304-2005-camara\/","og_locale":"pt_BR","og_type":"article","og_title":"Avulso Inicial - PL 6304\/2005 - C\u00e2mara - Legislapp","og_description":"Avulso Inicial &#8211; Autoria de Edinho Montemor PROJETO DE LEI N\u00ba DE 2005 (do Deputado Edinho Montemor) O Congresso Nacional Decreta Estabelece per\u00edodos para a realiza\u00e7\u00e3o de concursos ou processos seletivos para provimento de cargos p\u00fablicos e de exames vestibulares, no \u00e2mbito Nacional e d\u00e1 outras provid\u00eancias. Art. 1\u00ba As provas de concurso ou processo [&hellip;]","og_url":"https:\/\/www.legislapp.com.br\/index.php\/avulso-inicial-pl-6304-2005-camara\/","og_site_name":"Legislapp","article_publisher":"https:\/\/www.instagram.com\/legislapp\/","og_image":[{"url":"https:\/\/www.legislapp.com.br\/wp-content\/uploads\/2021\/07\/Logo-Legislapp-1-03-1.png","type":"","width":"","height":""}],"twitter_card":"summary_large_image","twitter_misc":{"Est. tempo de leitura":"4 minutos"},"schema":{"@context":"https:\/\/schema.org","@graph":[{"@type":"WebPage","@id":"https:\/\/www.legislapp.com.br\/index.php\/avulso-inicial-pl-6304-2005-camara\/","url":"https:\/\/www.legislapp.com.br\/index.php\/avulso-inicial-pl-6304-2005-camara\/","name":"Avulso Inicial - PL 6304\/2005 - C\u00e2mara - Legislapp","isPartOf":{"@id":"https:\/\/www.legislapp.com.br\/#website"},"primaryImageOfPage":{"@id":"https:\/\/www.legislapp.com.br\/index.php\/avulso-inicial-pl-6304-2005-camara\/#primaryimage"},"image":{"@id":"https:\/\/www.legislapp.com.br\/index.php\/avulso-inicial-pl-6304-2005-camara\/#primaryimage"},"thumbnailUrl":"https:\/\/www.legislapp.com.br\/wp-content\/uploads\/2021\/07\/Logo-Legislapp-1-03-1.png","datePublished":"2025-12-01T14:32:49+00:00","breadcrumb":{"@id":"https:\/\/www.legislapp.com.br\/index.php\/avulso-inicial-pl-6304-2005-camara\/#breadcrumb"},"inLanguage":"pt-BR","potentialAction":[{"@type":"ReadAction","target":["https:\/\/www.legislapp.com.br\/index.php\/avulso-inicial-pl-6304-2005-camara\/"]}]},{"@type":"ImageObject","inLanguage":"pt-BR","@id":"https:\/\/www.legislapp.com.br\/index.php\/avulso-inicial-pl-6304-2005-camara\/#primaryimage","url":"https:\/\/www.legislapp.com.br\/wp-content\/uploads\/2021\/07\/Logo-Legislapp-1-03-1.png","contentUrl":"https:\/\/www.legislapp.com.br\/wp-content\/uploads\/2021\/07\/Logo-Legislapp-1-03-1.png","width":2679,"height":2697},{"@type":"BreadcrumbList","@id":"https:\/\/www.legislapp.com.br\/index.php\/avulso-inicial-pl-6304-2005-camara\/#breadcrumb","itemListElement":[{"@type":"ListItem","position":1,"name":"In\u00edcio","item":"https:\/\/www.legislapp.com.br\/"},{"@type":"ListItem","position":2,"name":"Avulso Inicial &#8211; PL 6304\/2005 &#8211; C\u00e2mara"}]},{"@type":"WebSite","@id":"https:\/\/www.legislapp.com.br\/#website","url":"https:\/\/www.legislapp.com.br\/","name":"Legislapp","description":"Intelig\u00eancia governamental em tempo real","publisher":{"@id":"https:\/\/www.legislapp.com.br\/#organization"},"potentialAction":[{"@type":"SearchAction","target":{"@type":"EntryPoint","urlTemplate":"https:\/\/www.legislapp.com.br\/?s={search_term_string}"},"query-input":{"@type":"PropertyValueSpecification","valueRequired":true,"valueName":"search_term_string"}}],"inLanguage":"pt-BR"},{"@type":"Organization","@id":"https:\/\/www.legislapp.com.br\/#organization","name":"Legislapp Monitoramento e Intelig\u00eancia Governamental","url":"https:\/\/www.legislapp.com.br\/","logo":{"@type":"ImageObject","inLanguage":"pt-BR","@id":"https:\/\/www.legislapp.com.br\/#\/schema\/logo\/image\/","url":"https:\/\/www.legislapp.com.br\/wp-content\/uploads\/icon.png","contentUrl":"https:\/\/www.legislapp.com.br\/wp-content\/uploads\/icon.png","width":1024,"height":1024,"caption":"Legislapp Monitoramento e Intelig\u00eancia Governamental"},"image":{"@id":"https:\/\/www.legislapp.com.br\/#\/schema\/logo\/image\/"},"sameAs":["https:\/\/www.instagram.com\/legislapp\/"]}]}},"_links":{"self":[{"href":"https:\/\/www.legislapp.com.br\/index.php\/wp-json\/wp\/v2\/pages\/10694","targetHints":{"allow":["GET"]}}],"collection":[{"href":"https:\/\/www.legislapp.com.br\/index.php\/wp-json\/wp\/v2\/pages"}],"about":[{"href":"https:\/\/www.legislapp.com.br\/index.php\/wp-json\/wp\/v2\/types\/page"}],"author":[{"embeddable":true,"href":"https:\/\/www.legislapp.com.br\/index.php\/wp-json\/wp\/v2\/users\/1"}],"replies":[{"embeddable":true,"href":"https:\/\/www.legislapp.com.br\/index.php\/wp-json\/wp\/v2\/comments?post=10694"}],"version-history":[{"count":0,"href":"https:\/\/www.legislapp.com.br\/index.php\/wp-json\/wp\/v2\/pages\/10694\/revisions"}],"wp:attachment":[{"href":"https:\/\/www.legislapp.com.br\/index.php\/wp-json\/wp\/v2\/media?parent=10694"}],"curies":[{"name":"wp","href":"https:\/\/api.w.org\/{rel}","templated":true}]}}