{"id":10698,"date":"2025-12-01T11:33:03","date_gmt":"2025-12-01T14:33:03","guid":{"rendered":"https:\/\/www.legislapp.com.br\/index.php\/avulso-inicial-pl-4589-2025-camara\/"},"modified":"2025-12-01T11:33:03","modified_gmt":"2025-12-01T14:33:03","slug":"avulso-inicial-pl-4589-2025-camara","status":"publish","type":"page","link":"https:\/\/www.legislapp.com.br\/index.php\/avulso-inicial-pl-4589-2025-camara\/","title":{"rendered":"Avulso Inicial &#8211; PL 4589\/2025 &#8211; C\u00e2mara"},"content":{"rendered":"<h1 style='text-align: center;'>Avulso Inicial &#8211; Autoria de Samuel Santos<\/h3>\n<p><\/p>\n<article>PROJETO DE LEI N\u00ba          , DE 2025<br \/>\n(Do Sr. SAMUEL SANTOS)<br \/>\nInstitui o Dia Nacional da Gratid\u00e3o.<br \/>\nO Congresso Nacional decreta:<br \/>\nArt. 1\u00ba Fica institu\u00eddo o Dia Nacional da Confraterniza\u00e7\u00e3o<br \/>\nUniversal e da Gratid\u00e3o, a ser comemorado, anualmente, no dia 1\u00ba de janeiro.<br \/>\nArt. 2\u00ba Esta lei entra em vigor na data de sua publica\u00e7\u00e3o.<br \/>\nJUSTIFICA\u00c7\u00c3O<br \/>\nEsta Lei tem por objetivo acrescentar o valor da gratid\u00e3o ao dia<br \/>\n1\u00ba de janeiro, reconhecido no Brasil como feriado nacional, dia da<br \/>\nconfraterniza\u00e7\u00e3o mundial e dia internacional da paz.<br \/>\nO 1\u00ba de janeiro como dia de confraterniza\u00e7\u00e3o universal surgiu<br \/>\nno Governo de Get\u00falio Vargas, com a Lei n\u00ba 108, de 1935. \u00c9 declarado como<br \/>\nferiado nacional na Lei n\u00ba 662, de 1949. O s\u00edmbolo de dia mundial da paz, por<br \/>\nsua vez, teve in\u00edcio com mensagem do Papa Paulo VI, em 1967, e,<br \/>\nposteriormente, com a institui\u00e7\u00e3o do Dia Internacional da Paz, pela<br \/>\nOrganiza\u00e7\u00e3o das Na\u00e7\u00f5es Unidas (ONU), em 1981.<br \/>\nGratid\u00e3o e paz s\u00e3o sentimentos e valores relacionados.<br \/>\nCompartilham disposi\u00e7\u00e3o interior que reconhece e valoriza o que recebemos<br \/>\n\u2014\u2013 das pessoas, da comunidade ou mesmo da pr\u00f3pria exist\u00eancia \u2014, sem<br \/>\nsignificar, no entanto, rendi\u00e7\u00e3o ou conformismo. A paz tamb\u00e9m pode se nutrir<br \/>\nda gratid\u00e3o. O reconhecimento pode proporcionar ambiente prop\u00edcio para o<br \/>\ndi\u00e1logo e o respeito m\u00fatuo, bem como atitudes conciliadoras. Parece-nos,<br \/>\nportanto, muito oportuno que, no dia da confraterniza\u00e7\u00e3o universal e da paz<br \/>\nmundial, tamb\u00e9m se promova o ideal da gratid\u00e3o.<br \/>\nPara verificar a assinatura, acesse https:\/\/infoleg-autenticidade-assinatura.camara.leg.br\/CD255558884200<br \/>\nAssinado eletronicamente pelo(a) Dep. Samuel Santos<br \/>\nApresenta\u00e7\u00e3o: 16\/09\/2025 13:27:08.167 &#8211; Mesa<br \/>\n*CD255558884200* PL n.4589\/2025<br \/>2<br \/>\nEm muitas culturas orientais, a gratid\u00e3o \u00e9 vista como uma<br \/>\nforma de rever\u00eancia permanente, n\u00e3o apenas um gesto moment\u00e2neo. No<br \/>\nJap\u00e3o, por exemplo, o conceito de on expressa a d\u00edvida de reconhecimento<br \/>\npara com quem nos ofereceu ajuda, e o giri representa o dever moral de<br \/>\nretribuir esse favor. No pensamento budista, agradecer significa perceber a<br \/>\ninterdepend\u00eancia da vida: tudo o que somos e temos resulta da contribui\u00e7\u00e3o de<br \/>\nmuitos. Nesse sentido, a gratid\u00e3o n\u00e3o \u00e9 s\u00f3 mem\u00f3ria, mas tamb\u00e9m consci\u00eancia<br \/>\n\u2014 \u00e9 reconhecer que nada existe isoladamente, que cada passo carrega a<br \/>\nmarca de outros passos. Incorporar essa vis\u00e3o amplia o entendimento de que<br \/>\nagradecer \u00e9 n\u00e3o esquecer, mas tamb\u00e9m honrar e retribuir, e assim cultivar<br \/>\nrela\u00e7\u00f5es de respeito e equil\u00edbrio.<br \/>\nTamb\u00e9m entre povos ind\u00edgenas a gratid\u00e3o se manifesta como<br \/>\nreconhecimento: do pertencimento \u00e0 terra e \u00e0 comunidade. N\u00e3o \u00e9 apenas um<br \/>\nagradecimento individual, mas um ato coletivo, que afirma a interdepend\u00eancia<br \/>\nentre seres humanos, natureza e esp\u00edritos. O costume de oferecer parte da<br \/>\nca\u00e7a ou da colheita em rituais, por exemplo, revela a consci\u00eancia de que nada<br \/>\n\u00e9 recebido isoladamente: a vida depende da generosidade da floresta, dos rios<br \/>\ne dos ancestrais. Nesse sentido, a gratid\u00e3o ind\u00edgena n\u00e3o se limita a lembrar ou<br \/>\na retribuir, mas tamb\u00e9m se traduz em cuidado cont\u00ednuo, em reciprocidade que<br \/>\npreserva o equil\u00edbrio do mundo.<br \/>\nNa tradi\u00e7\u00e3o crist\u00e3, a gratid\u00e3o ocupa lugar central como atitude<br \/>\nde f\u00e9 e de reconhecimento diante de Deus. N\u00e3o se limita a agradecer por<br \/>\nb\u00ean\u00e7\u00e3os recebidas, mas expressa uma postura cont\u00ednua de louvor, confian\u00e7a e<br \/>\nentrega. O ap\u00f3stolo Paulo exorta: \u201cEm tudo dai gra\u00e7as, porque esta \u00e9 a<br \/>\nvontade de Deus em Cristo Jesus para convosco\u201d (1Ts 5:18), de forma que a<br \/>\ngratid\u00e3o n\u00e3o depende apenas de circunst\u00e2ncias favor\u00e1veis, mas da<br \/>\nconsci\u00eancia de que a vida est\u00e1 sustentada pela gra\u00e7a divina. Nos Livro dos<br \/>\nSalmos, a a\u00e7\u00e3o de gra\u00e7as \u00e9 apresentada como forma de culto e comunh\u00e3o:<br \/>\n\u201cDai gra\u00e7as ao Senhor, porque Ele \u00e9 bom; o Seu amor dura para sempre\u201d (Sl<br \/>\n136:1). Assim, na espiritualidade crist\u00e3, agradecer \u00e9 reconhecer a presen\u00e7a<br \/>\nconstante de Deus, \u00e9 viver em atitude de humildade e rever\u00eancia, e \u00e9 tamb\u00e9m<br \/>\ngerar frutos de paz, solidariedade e esperan\u00e7a no conv\u00edvio humano.<br \/>\nPara verificar a assinatura, acesse https:\/\/infoleg-autenticidade-assinatura.camara.leg.br\/CD255558884200<br \/>\nAssinado eletronicamente pelo(a) Dep. Samuel Santos<br \/>\nApresenta\u00e7\u00e3o: 16\/09\/2025 13:27:08.167 &#8211; Mesa<br \/>\n*CD255558884200* PL n.4589\/2025<br \/>3<br \/>\nCertos de que este Projeto de Lei representa a promo\u00e7\u00e3o da<br \/>\nconfraterniza\u00e7\u00e3o universal e da paz, solicitamos o apoio dos nobres pares para<br \/>\na sua aprova\u00e7\u00e3o.<br \/>\nSala das Sess\u00f5es, em        de                     de 2025.<br \/>\nDeputado SAMUEL SANTOS<br \/>\n2025-12976<br \/>\nPara verificar a assinatura, acesse https:\/\/infoleg-autenticidade-assinatura.camara.leg.br\/CD255558884200<br \/>\nAssinado eletronicamente pelo(a) Dep. Samuel Santos<br \/>\nApresenta\u00e7\u00e3o: 16\/09\/2025 13:27:08.167 &#8211; Mesa<br \/>\n*CD255558884200* PL n.4589\/2025<\/article>\n<p><a href='https:\/\/app.legislapp.com.br\/#\/busca?termo=Cria\u00e7\u00e3o'>Cria\u00e7\u00e3o<\/a>, <a href='https:\/\/app.legislapp.com.br\/#\/busca?termo=Dia Nacional da Confraterniza\u00e7\u00e3o Universal e da Gratid\u00e3o'>Dia Nacional da Confraterniza\u00e7\u00e3o Universal e da Gratid\u00e3o<\/a>, <a href='https:\/\/app.legislapp.com.br\/#\/busca?termo=data comemorativa'>data comemorativa<\/a>, <a href='https:\/\/app.legislapp.com.br\/#\/busca?termo=janeiro.'>janeiro.<\/a><\/p>\n<div style=\"text-align: center\">\n      <img decoding=\"async\" style=\"width: 14%;\" src=\"https:\/\/www.legislapp.com.br\/wp-content\/uploads\/2021\/07\/Logo-Legislapp-1-03-1.png\"><br \/>\n      <\/p>\n<div style=\"margin-bottom: 20px;\" class=\"et_pb_button_module_wrapper et_pb_button_5_tb_body_wrapper et_pb_button_alignment_center et_pb_module \">\n         <a class=\"et_pb_button et_pb_button_5_tb_body et_hover_enabled et_pb_bg_layout_dark\" style=\"width: 50%;background-color: black;\" href=\"https:\/\/app.legislapp.com.br\" target=\"_blank\" rel=\"noopener\">Visualizar completo na nossa plataforma (30 dias gr\u00e1tis)<\/a><\/p><\/div>\n<p>      <a href=\"https:\/\/play.google.com\/store\/apps\/details?id=br.com.legislapp\"><img decoding=\"async\" style=\"width: 15%; min-width: 130px;\" src=\"https:\/\/www.legislapp.com.br\/wp-content\/uploads\/google-play.png\"><\/a><br \/>\n      <a href=\"https:\/\/apps.apple.com\/us\/app\/legislapp\/id1568929859\"><img decoding=\"async\" style=\"width: 15%; min-width: 130px\" src=\"https:\/\/www.legislapp.com.br\/wp-content\/uploads\/apple-store.png\"><\/a>\n   <\/div>\n","protected":false},"excerpt":{"rendered":"<p>Avulso Inicial &#8211; Autoria de Samuel Santos PROJETO DE LEI N\u00ba , DE 2025 (Do Sr. SAMUEL SANTOS) Institui o Dia Nacional da Gratid\u00e3o. O Congresso Nacional decreta: Art. 1\u00ba Fica institu\u00eddo o Dia Nacional da Confraterniza\u00e7\u00e3o Universal e da Gratid\u00e3o, a ser comemorado, anualmente, no dia 1\u00ba de janeiro. Art. 2\u00ba Esta lei entra [&hellip;]<\/p>\n","protected":false},"author":1,"featured_media":0,"parent":0,"menu_order":0,"comment_status":"closed","ping_status":"closed","template":"page-template-blank.php","meta":{"_et_pb_use_builder":"","_et_pb_old_content":"","_et_gb_content_width":"1080","ngg_post_thumbnail":0,"footnotes":""},"class_list":["post-10698","page","type-page","status-publish","hentry"],"yoast_head":"<!-- This site is optimized with the Yoast SEO plugin v24.4 - https:\/\/yoast.com\/wordpress\/plugins\/seo\/ -->\n<title>Avulso Inicial - PL 4589\/2025 - C\u00e2mara - Legislapp<\/title>\n<meta name=\"robots\" content=\"index, follow, max-snippet:-1, max-image-preview:large, max-video-preview:-1\" \/>\n<link rel=\"canonical\" href=\"https:\/\/www.legislapp.com.br\/index.php\/avulso-inicial-pl-4589-2025-camara\/\" \/>\n<meta property=\"og:locale\" content=\"pt_BR\" \/>\n<meta property=\"og:type\" content=\"article\" \/>\n<meta property=\"og:title\" content=\"Avulso Inicial - PL 4589\/2025 - C\u00e2mara - Legislapp\" \/>\n<meta property=\"og:description\" content=\"Avulso Inicial &#8211; Autoria de Samuel Santos PROJETO DE LEI N\u00ba , DE 2025 (Do Sr. SAMUEL SANTOS) Institui o Dia Nacional da Gratid\u00e3o. O Congresso Nacional decreta: Art. 1\u00ba Fica institu\u00eddo o Dia Nacional da Confraterniza\u00e7\u00e3o Universal e da Gratid\u00e3o, a ser comemorado, anualmente, no dia 1\u00ba de janeiro. Art. 2\u00ba Esta lei entra [&hellip;]\" \/>\n<meta property=\"og:url\" content=\"https:\/\/www.legislapp.com.br\/index.php\/avulso-inicial-pl-4589-2025-camara\/\" \/>\n<meta property=\"og:site_name\" content=\"Legislapp\" \/>\n<meta property=\"article:publisher\" content=\"https:\/\/www.instagram.com\/legislapp\/\" \/>\n<meta property=\"og:image\" content=\"https:\/\/www.legislapp.com.br\/wp-content\/uploads\/2021\/07\/Logo-Legislapp-1-03-1.png\" \/>\n<meta name=\"twitter:card\" content=\"summary_large_image\" \/>\n<meta name=\"twitter:label1\" content=\"Est. tempo de leitura\" \/>\n\t<meta name=\"twitter:data1\" content=\"4 minutos\" \/>\n<script type=\"application\/ld+json\" class=\"yoast-schema-graph\">{\"@context\":\"https:\/\/schema.org\",\"@graph\":[{\"@type\":\"WebPage\",\"@id\":\"https:\/\/www.legislapp.com.br\/index.php\/avulso-inicial-pl-4589-2025-camara\/\",\"url\":\"https:\/\/www.legislapp.com.br\/index.php\/avulso-inicial-pl-4589-2025-camara\/\",\"name\":\"Avulso Inicial - PL 4589\/2025 - C\u00e2mara - Legislapp\",\"isPartOf\":{\"@id\":\"https:\/\/www.legislapp.com.br\/#website\"},\"primaryImageOfPage\":{\"@id\":\"https:\/\/www.legislapp.com.br\/index.php\/avulso-inicial-pl-4589-2025-camara\/#primaryimage\"},\"image\":{\"@id\":\"https:\/\/www.legislapp.com.br\/index.php\/avulso-inicial-pl-4589-2025-camara\/#primaryimage\"},\"thumbnailUrl\":\"https:\/\/www.legislapp.com.br\/wp-content\/uploads\/2021\/07\/Logo-Legislapp-1-03-1.png\",\"datePublished\":\"2025-12-01T14:33:03+00:00\",\"breadcrumb\":{\"@id\":\"https:\/\/www.legislapp.com.br\/index.php\/avulso-inicial-pl-4589-2025-camara\/#breadcrumb\"},\"inLanguage\":\"pt-BR\",\"potentialAction\":[{\"@type\":\"ReadAction\",\"target\":[\"https:\/\/www.legislapp.com.br\/index.php\/avulso-inicial-pl-4589-2025-camara\/\"]}]},{\"@type\":\"ImageObject\",\"inLanguage\":\"pt-BR\",\"@id\":\"https:\/\/www.legislapp.com.br\/index.php\/avulso-inicial-pl-4589-2025-camara\/#primaryimage\",\"url\":\"https:\/\/www.legislapp.com.br\/wp-content\/uploads\/2021\/07\/Logo-Legislapp-1-03-1.png\",\"contentUrl\":\"https:\/\/www.legislapp.com.br\/wp-content\/uploads\/2021\/07\/Logo-Legislapp-1-03-1.png\",\"width\":2679,\"height\":2697},{\"@type\":\"BreadcrumbList\",\"@id\":\"https:\/\/www.legislapp.com.br\/index.php\/avulso-inicial-pl-4589-2025-camara\/#breadcrumb\",\"itemListElement\":[{\"@type\":\"ListItem\",\"position\":1,\"name\":\"In\u00edcio\",\"item\":\"https:\/\/www.legislapp.com.br\/\"},{\"@type\":\"ListItem\",\"position\":2,\"name\":\"Avulso Inicial &#8211; PL 4589\/2025 &#8211; C\u00e2mara\"}]},{\"@type\":\"WebSite\",\"@id\":\"https:\/\/www.legislapp.com.br\/#website\",\"url\":\"https:\/\/www.legislapp.com.br\/\",\"name\":\"Legislapp\",\"description\":\"Intelig\u00eancia governamental em tempo real\",\"publisher\":{\"@id\":\"https:\/\/www.legislapp.com.br\/#organization\"},\"potentialAction\":[{\"@type\":\"SearchAction\",\"target\":{\"@type\":\"EntryPoint\",\"urlTemplate\":\"https:\/\/www.legislapp.com.br\/?s={search_term_string}\"},\"query-input\":{\"@type\":\"PropertyValueSpecification\",\"valueRequired\":true,\"valueName\":\"search_term_string\"}}],\"inLanguage\":\"pt-BR\"},{\"@type\":\"Organization\",\"@id\":\"https:\/\/www.legislapp.com.br\/#organization\",\"name\":\"Legislapp Monitoramento e Intelig\u00eancia Governamental\",\"url\":\"https:\/\/www.legislapp.com.br\/\",\"logo\":{\"@type\":\"ImageObject\",\"inLanguage\":\"pt-BR\",\"@id\":\"https:\/\/www.legislapp.com.br\/#\/schema\/logo\/image\/\",\"url\":\"https:\/\/www.legislapp.com.br\/wp-content\/uploads\/icon.png\",\"contentUrl\":\"https:\/\/www.legislapp.com.br\/wp-content\/uploads\/icon.png\",\"width\":1024,\"height\":1024,\"caption\":\"Legislapp Monitoramento e Intelig\u00eancia Governamental\"},\"image\":{\"@id\":\"https:\/\/www.legislapp.com.br\/#\/schema\/logo\/image\/\"},\"sameAs\":[\"https:\/\/www.instagram.com\/legislapp\/\"]}]}<\/script>\n<!-- \/ Yoast SEO plugin. -->","yoast_head_json":{"title":"Avulso Inicial - PL 4589\/2025 - C\u00e2mara - Legislapp","robots":{"index":"index","follow":"follow","max-snippet":"max-snippet:-1","max-image-preview":"max-image-preview:large","max-video-preview":"max-video-preview:-1"},"canonical":"https:\/\/www.legislapp.com.br\/index.php\/avulso-inicial-pl-4589-2025-camara\/","og_locale":"pt_BR","og_type":"article","og_title":"Avulso Inicial - PL 4589\/2025 - C\u00e2mara - Legislapp","og_description":"Avulso Inicial &#8211; Autoria de Samuel Santos PROJETO DE LEI N\u00ba , DE 2025 (Do Sr. SAMUEL SANTOS) Institui o Dia Nacional da Gratid\u00e3o. O Congresso Nacional decreta: Art. 1\u00ba Fica institu\u00eddo o Dia Nacional da Confraterniza\u00e7\u00e3o Universal e da Gratid\u00e3o, a ser comemorado, anualmente, no dia 1\u00ba de janeiro. Art. 2\u00ba Esta lei entra [&hellip;]","og_url":"https:\/\/www.legislapp.com.br\/index.php\/avulso-inicial-pl-4589-2025-camara\/","og_site_name":"Legislapp","article_publisher":"https:\/\/www.instagram.com\/legislapp\/","og_image":[{"url":"https:\/\/www.legislapp.com.br\/wp-content\/uploads\/2021\/07\/Logo-Legislapp-1-03-1.png","type":"","width":"","height":""}],"twitter_card":"summary_large_image","twitter_misc":{"Est. tempo de leitura":"4 minutos"},"schema":{"@context":"https:\/\/schema.org","@graph":[{"@type":"WebPage","@id":"https:\/\/www.legislapp.com.br\/index.php\/avulso-inicial-pl-4589-2025-camara\/","url":"https:\/\/www.legislapp.com.br\/index.php\/avulso-inicial-pl-4589-2025-camara\/","name":"Avulso Inicial - PL 4589\/2025 - C\u00e2mara - Legislapp","isPartOf":{"@id":"https:\/\/www.legislapp.com.br\/#website"},"primaryImageOfPage":{"@id":"https:\/\/www.legislapp.com.br\/index.php\/avulso-inicial-pl-4589-2025-camara\/#primaryimage"},"image":{"@id":"https:\/\/www.legislapp.com.br\/index.php\/avulso-inicial-pl-4589-2025-camara\/#primaryimage"},"thumbnailUrl":"https:\/\/www.legislapp.com.br\/wp-content\/uploads\/2021\/07\/Logo-Legislapp-1-03-1.png","datePublished":"2025-12-01T14:33:03+00:00","breadcrumb":{"@id":"https:\/\/www.legislapp.com.br\/index.php\/avulso-inicial-pl-4589-2025-camara\/#breadcrumb"},"inLanguage":"pt-BR","potentialAction":[{"@type":"ReadAction","target":["https:\/\/www.legislapp.com.br\/index.php\/avulso-inicial-pl-4589-2025-camara\/"]}]},{"@type":"ImageObject","inLanguage":"pt-BR","@id":"https:\/\/www.legislapp.com.br\/index.php\/avulso-inicial-pl-4589-2025-camara\/#primaryimage","url":"https:\/\/www.legislapp.com.br\/wp-content\/uploads\/2021\/07\/Logo-Legislapp-1-03-1.png","contentUrl":"https:\/\/www.legislapp.com.br\/wp-content\/uploads\/2021\/07\/Logo-Legislapp-1-03-1.png","width":2679,"height":2697},{"@type":"BreadcrumbList","@id":"https:\/\/www.legislapp.com.br\/index.php\/avulso-inicial-pl-4589-2025-camara\/#breadcrumb","itemListElement":[{"@type":"ListItem","position":1,"name":"In\u00edcio","item":"https:\/\/www.legislapp.com.br\/"},{"@type":"ListItem","position":2,"name":"Avulso Inicial &#8211; PL 4589\/2025 &#8211; C\u00e2mara"}]},{"@type":"WebSite","@id":"https:\/\/www.legislapp.com.br\/#website","url":"https:\/\/www.legislapp.com.br\/","name":"Legislapp","description":"Intelig\u00eancia governamental em tempo real","publisher":{"@id":"https:\/\/www.legislapp.com.br\/#organization"},"potentialAction":[{"@type":"SearchAction","target":{"@type":"EntryPoint","urlTemplate":"https:\/\/www.legislapp.com.br\/?s={search_term_string}"},"query-input":{"@type":"PropertyValueSpecification","valueRequired":true,"valueName":"search_term_string"}}],"inLanguage":"pt-BR"},{"@type":"Organization","@id":"https:\/\/www.legislapp.com.br\/#organization","name":"Legislapp Monitoramento e Intelig\u00eancia Governamental","url":"https:\/\/www.legislapp.com.br\/","logo":{"@type":"ImageObject","inLanguage":"pt-BR","@id":"https:\/\/www.legislapp.com.br\/#\/schema\/logo\/image\/","url":"https:\/\/www.legislapp.com.br\/wp-content\/uploads\/icon.png","contentUrl":"https:\/\/www.legislapp.com.br\/wp-content\/uploads\/icon.png","width":1024,"height":1024,"caption":"Legislapp Monitoramento e Intelig\u00eancia Governamental"},"image":{"@id":"https:\/\/www.legislapp.com.br\/#\/schema\/logo\/image\/"},"sameAs":["https:\/\/www.instagram.com\/legislapp\/"]}]}},"_links":{"self":[{"href":"https:\/\/www.legislapp.com.br\/index.php\/wp-json\/wp\/v2\/pages\/10698","targetHints":{"allow":["GET"]}}],"collection":[{"href":"https:\/\/www.legislapp.com.br\/index.php\/wp-json\/wp\/v2\/pages"}],"about":[{"href":"https:\/\/www.legislapp.com.br\/index.php\/wp-json\/wp\/v2\/types\/page"}],"author":[{"embeddable":true,"href":"https:\/\/www.legislapp.com.br\/index.php\/wp-json\/wp\/v2\/users\/1"}],"replies":[{"embeddable":true,"href":"https:\/\/www.legislapp.com.br\/index.php\/wp-json\/wp\/v2\/comments?post=10698"}],"version-history":[{"count":0,"href":"https:\/\/www.legislapp.com.br\/index.php\/wp-json\/wp\/v2\/pages\/10698\/revisions"}],"wp:attachment":[{"href":"https:\/\/www.legislapp.com.br\/index.php\/wp-json\/wp\/v2\/media?parent=10698"}],"curies":[{"name":"wp","href":"https:\/\/api.w.org\/{rel}","templated":true}]}}