{"id":10708,"date":"2025-12-01T11:33:31","date_gmt":"2025-12-01T14:33:31","guid":{"rendered":"https:\/\/www.legislapp.com.br\/index.php\/avulso-inicial-pl-3882-2025-camara\/"},"modified":"2025-12-01T11:33:31","modified_gmt":"2025-12-01T14:33:31","slug":"avulso-inicial-pl-3882-2025-camara","status":"publish","type":"page","link":"https:\/\/www.legislapp.com.br\/index.php\/avulso-inicial-pl-3882-2025-camara\/","title":{"rendered":"Avulso Inicial &#8211; PL 3882\/2025 &#8211; C\u00e2mara"},"content":{"rendered":"<h1 style='text-align: center;'>Avulso Inicial &#8211; Autoria de Coronel Chris\u00f3stomo<\/h3>\n<p><\/p>\n<article>PROJETO DE LEI N\u00ba          , DE 2025<br \/>\n(Do Sr. MAUR\u00cdCIO CARVALHO e outros)<br \/>\nAltera a Lei n\u00b0 10.304, de 5 de novembro<br \/>\nde 2001, para dispor sobre a transfer\u00eancia ao<br \/>\ndom\u00ednio do Estado de Rond\u00f4nia das terras de<br \/>\npropriedade da Uni\u00e3o localizadas em seu<br \/>\nterrit\u00f3rio.<br \/>\nO Congresso Nacional decreta:<br \/>\nArt. 1\u00ba Esta Lei altera a Lei n\u00ba 10.304, de 5 de novembro de 2001, a<br \/>\nfim de estender ao Estado de Rond\u00f4nia a transfer\u00eancia das terras de propriedade da<br \/>\nUni\u00e3o nele situadas, nos mesmos termos aplic\u00e1veis aos Estados de Roraima e do<br \/>\nAmap\u00e1.<br \/>\nArt. 2\u00b0 A Lei n\u00b0 10.304, de 5 de novembro de 2001, passa a vigorar<br \/>\ncom as seguintes altera\u00e7\u00f5es:<br \/>\n \u201cArt. 1\u00b0 As terras pertencentes \u00e0 Uni\u00e3o compreendidas nos Estados<br \/>\nde Rond\u00f4nia, de Roraima e do Amap\u00e1 passam ao dom\u00ednio desses<br \/>\nEstados, mantidos os seus atuais limites e confronta\u00e7\u00f5es, nos termos<br \/>\ndo art. 14 do Ato das Disposi\u00e7\u00f5es Constitucionais Transit\u00f3rias e da<br \/>\nLei Complementar n\u00b0 41, de 22 de dezembro de 1981.\u201d (NR)<br \/>\n\u201cArt. 2\u00b0 &#8230;&#8230;&#8230;&#8230;&#8230;&#8230;&#8230;&#8230;&#8230;&#8230;&#8230;&#8230;&#8230;&#8230;&#8230;&#8230;&#8230;&#8230;&#8230;&#8230;&#8230;&#8230;&#8230;&#8230;&#8230;&#8230;&#8230;&#8230;&#8230;&#8230;<br \/>\n&#8230;&#8230;&#8230;&#8230;&#8230;&#8230;&#8230;&#8230;&#8230;&#8230;&#8230;&#8230;&#8230;&#8230;&#8230;&#8230;&#8230;&#8230;&#8230;&#8230;&#8230;&#8230;&#8230;&#8230;&#8230;&#8230;&#8230;&#8230;&#8230;&#8230;&#8230;&#8230;&#8230;&#8230;&#8230;&#8230;&#8230;..<br \/>\n&#8230;&#8230;&#8230;&#8230;&#8230;&#8230;&#8230;&#8230;&#8230;&#8230;&#8230;&#8230;&#8230;&#8230;&#8230;&#8230;&#8230;&#8230;&#8230;&#8230;&#8230;&#8230;&#8230;&#8230;&#8230;&#8230;&#8230;&#8230;&#8230;&#8230;.<br \/>\n\u00a7 3\u00ba O disposto no inciso VI do caput deste artigo n\u00e3o se aplica \u00e0s<br \/>\n\u00e1reas cujos t\u00edtulos tenham sido registrados em cart\u00f3rios de registro de<br \/>\nim\u00f3veis localizados fora dos Estados de Rond\u00f4nia, de Roraima e do<br \/>\nAmap\u00e1.<br \/>\n&#8230;&#8230;&#8230;&#8230;&#8230;&#8230;&#8230;&#8230;&#8230;&#8230;&#8230;&#8230;&#8230;&#8230;&#8230;&#8230;&#8230;&#8230;&#8230;&#8230;&#8230;&#8230;&#8230;&#8230;&#8230;&#8230;&#8230;&#8230;&#8230;&#8230;&#8230;&#8230;&#8230;&#8230;<br \/>\nPara verificar as assinaturas, acesse https:\/\/infoleg-autenticidade-assinatura.camara.leg.br\/CD259497408600<br \/>\nAssinado eletronicamente pelo(a) Dep. Maur\u00edcio Carvalho e outros<br \/>\nApresenta\u00e7\u00e3o: 11\/08\/2025 17:20:10.683 &#8211; Mesa<br \/>\n*CD259497408600* PL n.3882\/2025<br \/>2<br \/>\n\u00a7 5\u00ba A falta de georreferenciamento de \u00e1reas de dom\u00ednio federal,<br \/>\ninclu\u00eddos os assentamentos promovidos pela Uni\u00e3o ou pelo Incra, n\u00e3o<br \/>\nconstituir\u00e1 impedimento para a transfer\u00eancia das glebas da Uni\u00e3o para<br \/>\nos Estados de Rond\u00f4nia, de Roraima e do Amap\u00e1, e dever\u00e1 constar do<br \/>\ntermo de transfer\u00eancia, com for\u00e7a de escritura p\u00fablica, cl\u00e1usula<br \/>\nresolutiva das \u00e1reas de interesse da Uni\u00e3o n\u00e3o georreferenciadas.\u201d<br \/>\n(NR)<br \/>\n\u201cArt. 3\u00b0 As terras transferidas ao dom\u00ednio dos Estados de Rond\u00f4nia,<br \/>\nde Roraima e do Amap\u00e1 dever\u00e3o ser preferencialmente utilizadas em:<br \/>\n&#8230;&#8230;&#8230;&#8230;&#8230;&#8230;&#8230;&#8230;&#8230;&#8230;&#8230;&#8230;&#8230;&#8230;&#8230;&#8230;&#8230;&#8230;&#8230;&#8230;&#8230;&#8230;&#8230;&#8230;&#8230;&#8230;&#8230;&#8230;&#8230;&#8230;&#8230;&#8230;&#8230;..<br \/>\nIII \u2013 projetos de coloniza\u00e7\u00e3o e regulariza\u00e7\u00e3o fundi\u00e1ria, na forma<br \/>\nprevista na respectiva lei de terras dos Estados de Rond\u00f4nia, de<br \/>\nRoraima e do Amap\u00e1.\u201d<br \/>\n&#8230;&#8230;&#8230;&#8230;&#8230;&#8230;&#8230;&#8230;&#8230;&#8230;&#8230;&#8230;&#8230;&#8230;&#8230;&#8230;&#8230;&#8230;&#8230;&#8230;&#8230;&#8230;&#8230;&#8230;&#8230;&#8230;&#8230;&#8230;&#8230;&#8230;..\u201d (NR)<br \/>\nArt. 3\u00b0 D\u00ea-se \u00e0 ementa da Lei n\u00ba 10.304, de 5 de novembro de 2001, a<br \/>\nseguinte reda\u00e7\u00e3o:<br \/>\n\u201cTransfere ao dom\u00ednio dos Estados de Rond\u00f4nia, de Roraima e do<br \/>\nAmap\u00e1 terras pertencentes \u00e0 Uni\u00e3o.\u201d (NR)<br \/>\nArt. 4\u00b0 Esta Lei entra em vigor na data de sua publica\u00e7\u00e3o.<br \/>\nJUSTIFICA\u00c7\u00c3O<br \/>\nO presente projeto de lei tem por escopo assegurar ao Estado de<br \/>\nRond\u00f4nia o mesmo tratamento jur\u00eddico conferido aos Estados de Roraima e do Amap\u00e1<br \/>\nno que tange \u00e0 transfer\u00eancia das terras de propriedade da Uni\u00e3o localizadas em seus<br \/>\nrespectivos territ\u00f3rios, suprindo lacuna normativa que tem delineado um quadro de<br \/>\ndesigualdade entre entes federativos inseridos em um contexto amaz\u00f4nico comum.<br \/>\nPara fins de contextualiza\u00e7\u00e3o, cumpre destacar que a Lei n\u00ba 10.304,<br \/>\npromulgada nos idos de 2001, disp\u00f4s sobre a transfer\u00eancia aos Estados de Roraima e do<br \/>\nPara verificar as assinaturas, acesse https:\/\/infoleg-autenticidade-assinatura.camara.leg.br\/CD259497408600<br \/>\nAssinado eletronicamente pelo(a) Dep. Maur\u00edcio Carvalho e outros<br \/>\nApresenta\u00e7\u00e3o: 11\/08\/2025 17:20:10.683 &#8211; Mesa<br \/>\n*CD259497408600* PL n.3882\/2025<br \/>3<br \/>\nAmap\u00e1 das terras de dom\u00ednio da Uni\u00e3o situadas em seus respectivos territ\u00f3rios. Ambos<br \/>\nostentaram, at\u00e9 a promulga\u00e7\u00e3o da Constitui\u00e7\u00e3o de 1988, a condi\u00e7\u00e3o de territ\u00f3rios<br \/>\nfederais, circunst\u00e2ncia que ensejou, nas disposi\u00e7\u00f5es transit\u00f3rias do texto constitucional,<br \/>\ntratamento jur\u00eddico espec\u00edfico, \u00e0 semelhan\u00e7a do conferido ao Estado de Rond\u00f4nia,<br \/>\nigualmente oriundo da convers\u00e3o de territ\u00f3rio federal. Este \u00faltimo, contudo,<br \/>\nemancipado desde 1981, n\u00e3o foi contemplado por norma an\u00e1loga, o que resultou na<br \/>\nperman\u00eancia de significativa por\u00e7\u00e3o de seu territ\u00f3rio sob o dom\u00ednio da Uni\u00e3o, em n\u00edtido<br \/>\ndescompasso com o princ\u00edpio federativo e a busca da isonomia entre os entes<br \/>\nsubnacionais.<br \/>\nA esse respeito, ressalta-se que a Constitui\u00e7\u00e3o Federal erige, como um<br \/>\ndos objetivos fundamentais da Rep\u00fablica Federativa do Brasil, a redu\u00e7\u00e3o das<br \/>\ndesigualdades sociais e regionais. Pari passu, consagra, em seu art. 170, incisos III e<br \/>\nVII, como princ\u00edpios orientadores da ordem econ\u00f4mica, a fun\u00e7\u00e3o social da propriedade<br \/>\ne a redu\u00e7\u00e3o das desigualdades regionais e sociais.<br \/>\nNesse contexto, a realidade fundi\u00e1ria do Estado de Rond\u00f4nia, onde<br \/>\nparcela expressiva das terras permanece sob dom\u00ednio da Uni\u00e3o, evidencia, de forma<br \/>\nconsistente, entrave ao cumprimento dos comandos constitucionais aludidos. Ao<br \/>\nimpedir o avan\u00e7o das pol\u00edticas de regulariza\u00e7\u00e3o fundi\u00e1ria e restringir a gest\u00e3o territorial<br \/>\npor parte do ente federado, a manuten\u00e7\u00e3o das terras sob dom\u00ednio federal perpetua<br \/>\ninseguran\u00e7a jur\u00eddica, desestimula investimentos produtivos e inviabiliza o ordenamento<br \/>\nracional do uso do solo, fatores estes que obstam, em \u00faltima an\u00e1lise, a concretiza\u00e7\u00e3o de<br \/>\num projeto de desenvolvimento regional equitativo, integrado e ambientalmente<br \/>\nrespons\u00e1vel.<br \/>\nAdemais, n\u00e3o se pode desconsiderar que a perman\u00eancia de extensas<br \/>\n\u00e1reas do territ\u00f3rio rondoniense sob dom\u00ednio da Uni\u00e3o, sem destina\u00e7\u00e3o espec\u00edfica,<br \/>\nrepresenta uma etapa inacabada do processo de transi\u00e7\u00e3o de territ\u00f3rio federal \u00e0 condi\u00e7\u00e3o<br \/>\nde Estado-membro da Federa\u00e7\u00e3o. Estimativas indicam que cerca de 90% das terras n\u00e3o<br \/>\ndestinadas em Rond\u00f4nia ainda pertencem formalmente \u00e0 Uni\u00e3o \u2013 uma anomalia<br \/>\ninstitucional que remonta \u00e0 pr\u00f3pria g\u00eanese do estado e o coloca em desvantagem em<br \/>\nrela\u00e7\u00e3o a seus cong\u00eaneres amaz\u00f4nicos. Manter Rond\u00f4nia \u00e0 margem desse processo de<br \/>\nregulariza\u00e7\u00e3o dominial representa a cristaliza\u00e7\u00e3o de uma assimetria federativa<br \/>\ninadmiss\u00edvel, na qual um ente federado disp\u00f5e de menor autonomia sobre seu territ\u00f3rio<br \/>\ndo que aqueles que compartilham trajet\u00f3ria hist\u00f3rica semelhante.<br \/>\nPara verificar as assinaturas, acesse https:\/\/infoleg-autenticidade-assinatura.camara.leg.br\/CD259497408600<br \/>\nAssinado eletronicamente pelo(a) Dep. Maur\u00edcio Carvalho e outros<br \/>\nApresenta\u00e7\u00e3o: 11\/08\/2025 17:20:10.683 &#8211; Mesa<br \/>\n*CD259497408600* PL n.3882\/2025<br \/>4<br \/>\nCom efeito, refor\u00e7a-se que a presente iniciativa legislativa, ao<br \/>\npromover a altera\u00e7\u00e3o do diploma normativo j\u00e1 vigente no tocante aos Estados de<br \/>\nRoraima e do Amap\u00e1, preserva integralmente a l\u00f3gica jur\u00eddica, as diretrizes e a<br \/>\nsistem\u00e1tica anteriormente estabelecidas, valendo-se de um modelo normativo cuja<br \/>\naplica\u00e7\u00e3o pr\u00e1tica tem se revelado exitosa. A experi\u00eancia acumulada nesses entes<br \/>\nfederativos demonstra avan\u00e7os concretos em mat\u00e9ria de gest\u00e3o territorial, regulariza\u00e7\u00e3o<br \/>\nfundi\u00e1ria e promo\u00e7\u00e3o do desenvolvimento sustent\u00e1vel, conferindo \u00e0 proposta ora<br \/>\napresentada legitimidade jur\u00eddica e respaldo t\u00e9cnico-operacional.<br \/>\nEm face do exposto, como medida de equidade entre os entes<br \/>\nfederativos inseridos em contexto hist\u00f3rico, geopol\u00edtico e institucional an\u00e1logo, e no<br \/>\nfirme prop\u00f3sito de conferir efetiva concretude aos preceitos constitucionais, solicitamos<br \/>\no apoio dos Nobres Pares para a aprova\u00e7\u00e3o da mat\u00e9ria.<br \/>\nSala das Sess\u00f5es, em 06 de agosto de 2025.<br \/>\nDeputado MAUR\u00cdCIO CARVALHO<br \/>\nUNI\u00c3O\/RO<br \/>\nDeputado CORONEL CHRIS\u00d3STOMO<br \/>\nPL\/RO<br \/>\nDeputada CRISTIANE LOPES<br \/>\nUNI\u00c3O\/RO<br \/>\nDeputado DR. FERNANDO M\u00c1XIMO<br \/>\nUNI\u00c3O\/RO<br \/>\nDeputado L\u00daCIO MOSQUINI<br \/>\nMDB\/RO<br \/>\nDeputado RAFAEL FERA<br \/>\nPODEMOS\/RO<br \/>\nDeputada SILVIA CRISTINA<br \/>\nPP\/RO<br \/>\nPara verificar as assinaturas, acesse https:\/\/infoleg-autenticidade-assinatura.camara.leg.br\/CD259497408600<br \/>\nAssinado eletronicamente pelo(a) Dep. Maur\u00edcio Carvalho e outros<br \/>\nApresenta\u00e7\u00e3o: 11\/08\/2025 17:20:10.683 &#8211; Mesa<br \/>\n*CD259497408600* PL n.3882\/2025<br \/>5<br \/>\nDeputado THIAGO FLORES<br \/>\nREPUBLICANOS\/RO<br \/>\nPara verificar as assinaturas, acesse https:\/\/infoleg-autenticidade-assinatura.camara.leg.br\/CD259497408600<br \/>\nAssinado eletronicamente pelo(a) Dep. Maur\u00edcio Carvalho e outros<br \/>\nApresenta\u00e7\u00e3o: 11\/08\/2025 17:20:10.683 &#8211; Mesa<br \/>\n*CD259497408600* PL n.3882\/2025<br \/>C\u00c2MARA DOS DEPUTADOS<br \/>\nInfoleg &#8211; Autenticador<br \/>\nProjeto de Lei<\/p>\n<p>Deputado(s)<\/p>\n<p> 1  Dep. Maur\u00edcio Carvalho (UNI\u00c3O\/RO)<br \/>\n 2  Dep. Lucio Mosquini (MDB\/RO)<br \/>\n 3  Dep. Silvia Cristina (PP\/RO)<br \/>\n 4  Dep. Thiago Flores (REPUBLIC\/RO)<br \/>\n 5  Dep. Coronel Chris\u00f3stomo (PL\/RO)<br \/>\n 6  Dep. Rafael Fera (PODE\/RO)<br \/>\n 7  Dep. Dr. Fernando M\u00e1ximo (UNI\u00c3O\/RO)<br \/>\n 8  Dep. Cristiane Lopes (UNI\u00c3O\/RO)<br \/>\nPara verificar as assinaturas, acesse https:\/\/infoleg-autenticidade-assinatura.camara.leg.br\/CD259497408600<br \/>\nAssinado eletronicamente pelo(a) Dep. Maur\u00edcio Carvalho e outros<br \/>\nApresenta\u00e7\u00e3o: 11\/08\/2025 17:20:10.683 &#8211; Mesa<br \/>\nPL n.3882\/2025<\/article>\n<p><a href='https:\/\/app.legislapp.com.br\/#\/busca?termo=Altera\u00e7\u00e3o'>Altera\u00e7\u00e3o<\/a>, <a href='https:\/\/app.legislapp.com.br\/#\/busca?termo=Lei federal'>Lei federal<\/a>, <a href='https:\/\/app.legislapp.com.br\/#\/busca?termo=inclus\u00e3o'>inclus\u00e3o<\/a>, <a href='https:\/\/app.legislapp.com.br\/#\/busca?termo=Rond\u00f4nia'>Rond\u00f4nia<\/a>, <a href='https:\/\/app.legislapp.com.br\/#\/busca?termo=transfer\u00eancia'>transfer\u00eancia<\/a>, <a href='https:\/\/app.legislapp.com.br\/#\/busca?termo=terras p\u00fablicas'>terras p\u00fablicas<\/a>, <a href='https:\/\/app.legislapp.com.br\/#\/busca?termo=Uni\u00e3o'>Uni\u00e3o<\/a>, <a href='https:\/\/app.legislapp.com.br\/#\/busca?termo=diretrizes.'>diretrizes.<\/a><\/p>\n<div style=\"text-align: center\">\n      <img decoding=\"async\" style=\"width: 14%;\" src=\"https:\/\/www.legislapp.com.br\/wp-content\/uploads\/2021\/07\/Logo-Legislapp-1-03-1.png\"><br \/>\n      <\/p>\n<div style=\"margin-bottom: 20px;\" class=\"et_pb_button_module_wrapper et_pb_button_5_tb_body_wrapper et_pb_button_alignment_center et_pb_module \">\n         <a class=\"et_pb_button et_pb_button_5_tb_body et_hover_enabled et_pb_bg_layout_dark\" style=\"width: 50%;background-color: black;\" href=\"https:\/\/app.legislapp.com.br\" target=\"_blank\" rel=\"noopener\">Visualizar completo na nossa plataforma (30 dias gr\u00e1tis)<\/a><\/p><\/div>\n<p>      <a href=\"https:\/\/play.google.com\/store\/apps\/details?id=br.com.legislapp\"><img decoding=\"async\" style=\"width: 15%; min-width: 130px;\" src=\"https:\/\/www.legislapp.com.br\/wp-content\/uploads\/google-play.png\"><\/a><br \/>\n      <a href=\"https:\/\/apps.apple.com\/us\/app\/legislapp\/id1568929859\"><img decoding=\"async\" style=\"width: 15%; min-width: 130px\" src=\"https:\/\/www.legislapp.com.br\/wp-content\/uploads\/apple-store.png\"><\/a>\n   <\/div>\n","protected":false},"excerpt":{"rendered":"<p>Avulso Inicial &#8211; Autoria de Coronel Chris\u00f3stomo PROJETO DE LEI N\u00ba , DE 2025 (Do Sr. MAUR\u00cdCIO CARVALHO e outros) Altera a Lei n\u00b0 10.304, de 5 de novembro de 2001, para dispor sobre a transfer\u00eancia ao dom\u00ednio do Estado de Rond\u00f4nia das terras de propriedade da Uni\u00e3o localizadas em seu territ\u00f3rio. O Congresso Nacional [&hellip;]<\/p>\n","protected":false},"author":1,"featured_media":0,"parent":0,"menu_order":0,"comment_status":"closed","ping_status":"closed","template":"page-template-blank.php","meta":{"_et_pb_use_builder":"","_et_pb_old_content":"","_et_gb_content_width":"1080","ngg_post_thumbnail":0,"footnotes":""},"class_list":["post-10708","page","type-page","status-publish","hentry"],"yoast_head":"<!-- This site is optimized with the Yoast SEO plugin v24.4 - https:\/\/yoast.com\/wordpress\/plugins\/seo\/ -->\n<title>Avulso Inicial - PL 3882\/2025 - C\u00e2mara - Legislapp<\/title>\n<meta name=\"robots\" content=\"index, follow, max-snippet:-1, max-image-preview:large, max-video-preview:-1\" \/>\n<link rel=\"canonical\" href=\"https:\/\/www.legislapp.com.br\/index.php\/avulso-inicial-pl-3882-2025-camara\/\" \/>\n<meta property=\"og:locale\" content=\"pt_BR\" \/>\n<meta property=\"og:type\" content=\"article\" \/>\n<meta property=\"og:title\" content=\"Avulso Inicial - PL 3882\/2025 - C\u00e2mara - Legislapp\" \/>\n<meta property=\"og:description\" content=\"Avulso Inicial &#8211; Autoria de Coronel Chris\u00f3stomo PROJETO DE LEI N\u00ba , DE 2025 (Do Sr. MAUR\u00cdCIO CARVALHO e outros) Altera a Lei n\u00b0 10.304, de 5 de novembro de 2001, para dispor sobre a transfer\u00eancia ao dom\u00ednio do Estado de Rond\u00f4nia das terras de propriedade da Uni\u00e3o localizadas em seu territ\u00f3rio. O Congresso Nacional [&hellip;]\" \/>\n<meta property=\"og:url\" content=\"https:\/\/www.legislapp.com.br\/index.php\/avulso-inicial-pl-3882-2025-camara\/\" \/>\n<meta property=\"og:site_name\" content=\"Legislapp\" \/>\n<meta property=\"article:publisher\" content=\"https:\/\/www.instagram.com\/legislapp\/\" \/>\n<meta property=\"og:image\" content=\"https:\/\/www.legislapp.com.br\/wp-content\/uploads\/2021\/07\/Logo-Legislapp-1-03-1.png\" \/>\n<meta name=\"twitter:card\" content=\"summary_large_image\" \/>\n<meta name=\"twitter:label1\" content=\"Est. tempo de leitura\" \/>\n\t<meta name=\"twitter:data1\" content=\"7 minutos\" \/>\n<script type=\"application\/ld+json\" class=\"yoast-schema-graph\">{\"@context\":\"https:\/\/schema.org\",\"@graph\":[{\"@type\":\"WebPage\",\"@id\":\"https:\/\/www.legislapp.com.br\/index.php\/avulso-inicial-pl-3882-2025-camara\/\",\"url\":\"https:\/\/www.legislapp.com.br\/index.php\/avulso-inicial-pl-3882-2025-camara\/\",\"name\":\"Avulso Inicial - PL 3882\/2025 - C\u00e2mara - Legislapp\",\"isPartOf\":{\"@id\":\"https:\/\/www.legislapp.com.br\/#website\"},\"primaryImageOfPage\":{\"@id\":\"https:\/\/www.legislapp.com.br\/index.php\/avulso-inicial-pl-3882-2025-camara\/#primaryimage\"},\"image\":{\"@id\":\"https:\/\/www.legislapp.com.br\/index.php\/avulso-inicial-pl-3882-2025-camara\/#primaryimage\"},\"thumbnailUrl\":\"https:\/\/www.legislapp.com.br\/wp-content\/uploads\/2021\/07\/Logo-Legislapp-1-03-1.png\",\"datePublished\":\"2025-12-01T14:33:31+00:00\",\"breadcrumb\":{\"@id\":\"https:\/\/www.legislapp.com.br\/index.php\/avulso-inicial-pl-3882-2025-camara\/#breadcrumb\"},\"inLanguage\":\"pt-BR\",\"potentialAction\":[{\"@type\":\"ReadAction\",\"target\":[\"https:\/\/www.legislapp.com.br\/index.php\/avulso-inicial-pl-3882-2025-camara\/\"]}]},{\"@type\":\"ImageObject\",\"inLanguage\":\"pt-BR\",\"@id\":\"https:\/\/www.legislapp.com.br\/index.php\/avulso-inicial-pl-3882-2025-camara\/#primaryimage\",\"url\":\"https:\/\/www.legislapp.com.br\/wp-content\/uploads\/2021\/07\/Logo-Legislapp-1-03-1.png\",\"contentUrl\":\"https:\/\/www.legislapp.com.br\/wp-content\/uploads\/2021\/07\/Logo-Legislapp-1-03-1.png\",\"width\":2679,\"height\":2697},{\"@type\":\"BreadcrumbList\",\"@id\":\"https:\/\/www.legislapp.com.br\/index.php\/avulso-inicial-pl-3882-2025-camara\/#breadcrumb\",\"itemListElement\":[{\"@type\":\"ListItem\",\"position\":1,\"name\":\"In\u00edcio\",\"item\":\"https:\/\/www.legislapp.com.br\/\"},{\"@type\":\"ListItem\",\"position\":2,\"name\":\"Avulso Inicial &#8211; PL 3882\/2025 &#8211; C\u00e2mara\"}]},{\"@type\":\"WebSite\",\"@id\":\"https:\/\/www.legislapp.com.br\/#website\",\"url\":\"https:\/\/www.legislapp.com.br\/\",\"name\":\"Legislapp\",\"description\":\"Intelig\u00eancia governamental em tempo real\",\"publisher\":{\"@id\":\"https:\/\/www.legislapp.com.br\/#organization\"},\"potentialAction\":[{\"@type\":\"SearchAction\",\"target\":{\"@type\":\"EntryPoint\",\"urlTemplate\":\"https:\/\/www.legislapp.com.br\/?s={search_term_string}\"},\"query-input\":{\"@type\":\"PropertyValueSpecification\",\"valueRequired\":true,\"valueName\":\"search_term_string\"}}],\"inLanguage\":\"pt-BR\"},{\"@type\":\"Organization\",\"@id\":\"https:\/\/www.legislapp.com.br\/#organization\",\"name\":\"Legislapp Monitoramento e Intelig\u00eancia Governamental\",\"url\":\"https:\/\/www.legislapp.com.br\/\",\"logo\":{\"@type\":\"ImageObject\",\"inLanguage\":\"pt-BR\",\"@id\":\"https:\/\/www.legislapp.com.br\/#\/schema\/logo\/image\/\",\"url\":\"https:\/\/www.legislapp.com.br\/wp-content\/uploads\/icon.png\",\"contentUrl\":\"https:\/\/www.legislapp.com.br\/wp-content\/uploads\/icon.png\",\"width\":1024,\"height\":1024,\"caption\":\"Legislapp Monitoramento e Intelig\u00eancia Governamental\"},\"image\":{\"@id\":\"https:\/\/www.legislapp.com.br\/#\/schema\/logo\/image\/\"},\"sameAs\":[\"https:\/\/www.instagram.com\/legislapp\/\"]}]}<\/script>\n<!-- \/ Yoast SEO plugin. -->","yoast_head_json":{"title":"Avulso Inicial - PL 3882\/2025 - C\u00e2mara - Legislapp","robots":{"index":"index","follow":"follow","max-snippet":"max-snippet:-1","max-image-preview":"max-image-preview:large","max-video-preview":"max-video-preview:-1"},"canonical":"https:\/\/www.legislapp.com.br\/index.php\/avulso-inicial-pl-3882-2025-camara\/","og_locale":"pt_BR","og_type":"article","og_title":"Avulso Inicial - PL 3882\/2025 - C\u00e2mara - Legislapp","og_description":"Avulso Inicial &#8211; Autoria de Coronel Chris\u00f3stomo PROJETO DE LEI N\u00ba , DE 2025 (Do Sr. MAUR\u00cdCIO CARVALHO e outros) Altera a Lei n\u00b0 10.304, de 5 de novembro de 2001, para dispor sobre a transfer\u00eancia ao dom\u00ednio do Estado de Rond\u00f4nia das terras de propriedade da Uni\u00e3o localizadas em seu territ\u00f3rio. O Congresso Nacional [&hellip;]","og_url":"https:\/\/www.legislapp.com.br\/index.php\/avulso-inicial-pl-3882-2025-camara\/","og_site_name":"Legislapp","article_publisher":"https:\/\/www.instagram.com\/legislapp\/","og_image":[{"url":"https:\/\/www.legislapp.com.br\/wp-content\/uploads\/2021\/07\/Logo-Legislapp-1-03-1.png","type":"","width":"","height":""}],"twitter_card":"summary_large_image","twitter_misc":{"Est. tempo de leitura":"7 minutos"},"schema":{"@context":"https:\/\/schema.org","@graph":[{"@type":"WebPage","@id":"https:\/\/www.legislapp.com.br\/index.php\/avulso-inicial-pl-3882-2025-camara\/","url":"https:\/\/www.legislapp.com.br\/index.php\/avulso-inicial-pl-3882-2025-camara\/","name":"Avulso Inicial - PL 3882\/2025 - C\u00e2mara - Legislapp","isPartOf":{"@id":"https:\/\/www.legislapp.com.br\/#website"},"primaryImageOfPage":{"@id":"https:\/\/www.legislapp.com.br\/index.php\/avulso-inicial-pl-3882-2025-camara\/#primaryimage"},"image":{"@id":"https:\/\/www.legislapp.com.br\/index.php\/avulso-inicial-pl-3882-2025-camara\/#primaryimage"},"thumbnailUrl":"https:\/\/www.legislapp.com.br\/wp-content\/uploads\/2021\/07\/Logo-Legislapp-1-03-1.png","datePublished":"2025-12-01T14:33:31+00:00","breadcrumb":{"@id":"https:\/\/www.legislapp.com.br\/index.php\/avulso-inicial-pl-3882-2025-camara\/#breadcrumb"},"inLanguage":"pt-BR","potentialAction":[{"@type":"ReadAction","target":["https:\/\/www.legislapp.com.br\/index.php\/avulso-inicial-pl-3882-2025-camara\/"]}]},{"@type":"ImageObject","inLanguage":"pt-BR","@id":"https:\/\/www.legislapp.com.br\/index.php\/avulso-inicial-pl-3882-2025-camara\/#primaryimage","url":"https:\/\/www.legislapp.com.br\/wp-content\/uploads\/2021\/07\/Logo-Legislapp-1-03-1.png","contentUrl":"https:\/\/www.legislapp.com.br\/wp-content\/uploads\/2021\/07\/Logo-Legislapp-1-03-1.png","width":2679,"height":2697},{"@type":"BreadcrumbList","@id":"https:\/\/www.legislapp.com.br\/index.php\/avulso-inicial-pl-3882-2025-camara\/#breadcrumb","itemListElement":[{"@type":"ListItem","position":1,"name":"In\u00edcio","item":"https:\/\/www.legislapp.com.br\/"},{"@type":"ListItem","position":2,"name":"Avulso Inicial &#8211; PL 3882\/2025 &#8211; C\u00e2mara"}]},{"@type":"WebSite","@id":"https:\/\/www.legislapp.com.br\/#website","url":"https:\/\/www.legislapp.com.br\/","name":"Legislapp","description":"Intelig\u00eancia governamental em tempo real","publisher":{"@id":"https:\/\/www.legislapp.com.br\/#organization"},"potentialAction":[{"@type":"SearchAction","target":{"@type":"EntryPoint","urlTemplate":"https:\/\/www.legislapp.com.br\/?s={search_term_string}"},"query-input":{"@type":"PropertyValueSpecification","valueRequired":true,"valueName":"search_term_string"}}],"inLanguage":"pt-BR"},{"@type":"Organization","@id":"https:\/\/www.legislapp.com.br\/#organization","name":"Legislapp Monitoramento e Intelig\u00eancia Governamental","url":"https:\/\/www.legislapp.com.br\/","logo":{"@type":"ImageObject","inLanguage":"pt-BR","@id":"https:\/\/www.legislapp.com.br\/#\/schema\/logo\/image\/","url":"https:\/\/www.legislapp.com.br\/wp-content\/uploads\/icon.png","contentUrl":"https:\/\/www.legislapp.com.br\/wp-content\/uploads\/icon.png","width":1024,"height":1024,"caption":"Legislapp Monitoramento e Intelig\u00eancia Governamental"},"image":{"@id":"https:\/\/www.legislapp.com.br\/#\/schema\/logo\/image\/"},"sameAs":["https:\/\/www.instagram.com\/legislapp\/"]}]}},"_links":{"self":[{"href":"https:\/\/www.legislapp.com.br\/index.php\/wp-json\/wp\/v2\/pages\/10708","targetHints":{"allow":["GET"]}}],"collection":[{"href":"https:\/\/www.legislapp.com.br\/index.php\/wp-json\/wp\/v2\/pages"}],"about":[{"href":"https:\/\/www.legislapp.com.br\/index.php\/wp-json\/wp\/v2\/types\/page"}],"author":[{"embeddable":true,"href":"https:\/\/www.legislapp.com.br\/index.php\/wp-json\/wp\/v2\/users\/1"}],"replies":[{"embeddable":true,"href":"https:\/\/www.legislapp.com.br\/index.php\/wp-json\/wp\/v2\/comments?post=10708"}],"version-history":[{"count":0,"href":"https:\/\/www.legislapp.com.br\/index.php\/wp-json\/wp\/v2\/pages\/10708\/revisions"}],"wp:attachment":[{"href":"https:\/\/www.legislapp.com.br\/index.php\/wp-json\/wp\/v2\/media?parent=10708"}],"curies":[{"name":"wp","href":"https:\/\/api.w.org\/{rel}","templated":true}]}}