{"id":10739,"date":"2025-12-01T11:34:57","date_gmt":"2025-12-01T14:34:57","guid":{"rendered":"https:\/\/www.legislapp.com.br\/index.php\/avulso-inicial-pl-5711-2025-camara\/"},"modified":"2025-12-01T11:34:57","modified_gmt":"2025-12-01T14:34:57","slug":"avulso-inicial-pl-5711-2025-camara","status":"publish","type":"page","link":"https:\/\/www.legislapp.com.br\/index.php\/avulso-inicial-pl-5711-2025-camara\/","title":{"rendered":"Avulso Inicial &#8211; PL 5711\/2025 &#8211; C\u00e2mara"},"content":{"rendered":"<h1 style='text-align: center;'>Avulso Inicial &#8211; Autoria de Thiago de Joaldo<\/h3>\n<p><\/p>\n<article>PROJETO DE LEI N\u00ba DE 2025<br \/>\n(Do Sr. Thiago de Joaldo)<br \/>\nAltera a Lei n\u00ba 10.260, de 12 de julho de<br \/>\n2001, para incluir a presta\u00e7\u00e3o de servi\u00e7os<br \/>\nvolunt\u00e1rios e a atua\u00e7\u00e3o no Sistema \u00danico<br \/>\nde Sa\u00fade (SUS) como crit\u00e9rios de<br \/>\nabatimento no saldo devedor do Fundo de<br \/>\nFinanciamento Estudantil (FIES).<br \/>\nO CONGRESSO NACIONAL decreta:<br \/>\nArt. 1\u00ba. O art. 6\u00ba-B da Lei n\u00ba 10.260, de 12 de julho de 2001, passa a vigorar<br \/>\nacrescido dos seguintes incisos:<br \/>\n&#8220;Art. 6\u00ba-B (&#8230;)<br \/>\nIV &#8211; Profissional de Sa\u00fade, ressalvados os m\u00e9dicos enquadrados no inciso II,<br \/>\nem efetivo exerc\u00edcio que atue no \u00e2mbito do Sistema \u00danico de Sa\u00fade (SUS).<br \/>\nV &#8211; Engenheiros e Arquitetos e Urbanistas que prestar servi\u00e7os na condi\u00e7\u00e3o<br \/>\nde colaborador volunt\u00e1rio, de forma n\u00e3o remunerada, com jornada m\u00ednima de<br \/>\n8 (oito) horas semanais e o per\u00edodo m\u00ednimo ininterrupto de 1 (um) ano de<br \/>\nefetiva e comprovada atua\u00e7\u00e3o em obras e servi\u00e7os de infraestrutura social,<br \/>\nsaneamento b\u00e1sico, habita\u00e7\u00e3o de interesse social ou recupera\u00e7\u00e3o de \u00e1reas<br \/>\ndegradadas, no \u00e2mbito da Administra\u00e7\u00e3o P\u00fablica direta ou indireta federal,<br \/>\nestadual ou municipal.<br \/>\nVI &#8211; M\u00e9dicos Veterin\u00e1rios, Zootecnistas e Agr\u00f4nomos que prestar servi\u00e7os na<br \/>\ncondi\u00e7\u00e3o de colaborador volunt\u00e1rio, de forma n\u00e3o remunerada, com jornada<br \/>\nm\u00ednima de 8 (oito) horas semanais e o per\u00edodo m\u00ednimo ininterrupto de 1 (um)<br \/>\nano de efetiva e comprovada atua\u00e7\u00e3o na defesa e desenvolvimento da<br \/>\nagropecu\u00e1ria, na inspe\u00e7\u00e3o e fiscaliza\u00e7\u00e3o sanit\u00e1ria de produtos de origem<br \/>\nanimal ou na sa\u00fade p\u00fablica, no \u00e2mbito da Administra\u00e7\u00e3o P\u00fablica direta ou<br \/>\nindireta federal, estadual ou municipal.<br \/>\nVII &#8211; Contador que prestar servi\u00e7os na condi\u00e7\u00e3o de colaborador volunt\u00e1rio, de<br \/>\nforma n\u00e3o remunerada, com jornada m\u00ednima de 8 (oito) horas semanais e o<br \/>\nper\u00edodo m\u00ednimo ininterrupto de 1 (um) ano de efetiva e comprovada atua\u00e7\u00e3o<br \/>\nem atividades de auditoria, planejamento financeiro, or\u00e7amento e controle<br \/>\ninterno de recursos, no \u00e2mbito da Administra\u00e7\u00e3o P\u00fablica direta ou indireta<br \/>\nfederal, estadual ou municipal.<br \/>\nVIII &#8211; diplomado em curso de gradua\u00e7\u00e3o, financiado pelo FIES, que prestar<br \/>\nservi\u00e7os na condi\u00e7\u00e3o de colaborador volunt\u00e1rio, de forma n\u00e3o remunerada,<br \/>\nem Programas de Interesse P\u00fablico para Abatimento do FIES, conforme<br \/>\nPara verificar a assinatura, acesse https:\/\/infoleg-autenticidade-assinatura.camara.leg.br\/CD254267184400<br \/>\nAssinado eletronicamente pelo(a) Dep. Thiago de Joaldo<br \/>\nApresenta\u00e7\u00e3o: 05\/11\/2025 19:25:57.430 &#8211; Mesa<br \/>\n*CD254267184400* PL n.5711\/2025<br \/>definidos em regulamento do Poder Executivo Federal, observada a jornada<br \/>\nm\u00ednima de 8 (oito) horas semanais e o per\u00edodo m\u00ednimo ininterrupto de 1 (um)<br \/>\nano de efetiva e comprovada atua\u00e7\u00e3o.&#8221; (NR)<br \/>\nArt. 2\u00ba. Regulamento do Poder Executivo Federal dever\u00e1 especificar o<br \/>\nprocedimento administrativo para comprova\u00e7\u00e3o da atua\u00e7\u00e3o profissional prevista<br \/>\nnesta lei.<br \/>\nArt. 3\u00ba. Esta Lei entra em vigor na data de sua publica\u00e7\u00e3o.<br \/>\nJUSTIFICATIVA<br \/>\nO presente Projeto de Lei visa aprimorar e ampliar o alcance social do Fundo<br \/>\nde Financiamento Estudantil (FIES), alterando o Art. 6\u00ba-B da Lei n\u00ba 10.260\/2001. A<br \/>\nlegisla\u00e7\u00e3o atualmente em vigor limita o abatimento do saldo devedor de 1,00% ao<br \/>\nm\u00eas essencialmente a professores da rede p\u00fablica e a m\u00e9dicos atuantes em \u00e1reas<br \/>\nde car\u00eancia, al\u00e9m de uma previs\u00e3o tempor\u00e1ria para profissionais de sa\u00fade cuja<br \/>\nvalidade se encerrou com o fim da emerg\u00eancia sanit\u00e1ria da Covid-19. Esta proposta<br \/>\nbusca ir al\u00e9m, estabelecendo um novo e abrangente modelo de contrapartida social<br \/>\npor meio da valoriza\u00e7\u00e3o da presta\u00e7\u00e3o de servi\u00e7os volunt\u00e1rios especializados para<br \/>\nabater a d\u00edvida do FIES.<br \/>\nO cerne desta reforma \u00e9 a institucionaliza\u00e7\u00e3o do Servi\u00e7o Volunt\u00e1rio N\u00e3o<br \/>\nRemunerado como crit\u00e9rio para o abatimento. Ao introduzir as profiss\u00f5es de<br \/>\nEngenharia, Arquitetura, Medicina Veterin\u00e1ria, Zootecnia, Agronomia e<br \/>\nContabilidade (Inciso V, VI e VII) sob o modelo de colaborador volunt\u00e1rio, o Projeto<br \/>\nde Lei reconhece que o servi\u00e7o p\u00fablico nem sempre disp\u00f5e de capacidade<br \/>\nfinanceira para absorver esses quadros especializados em regime remunerado. O<br \/>\nmodelo de baixa carga hor\u00e1ria (8 horas semanais) e dura\u00e7\u00e3o m\u00ednima (1 ano<br \/>\nininterrupto) oferece um caminho vi\u00e1vel para que diplomados apliquem seu<br \/>\nconhecimento t\u00e9cnico (em infraestrutura, saneamento, defesa sanit\u00e1ria e controle de<br \/>\nrecursos) em projetos de interesse p\u00fablico na Administra\u00e7\u00e3o P\u00fablica, sem criar<br \/>\ncustos de pessoal para o Estado.<br \/>\nAdicionalmente, o Projeto de Lei atua no fortalecimento dos quadros do SUS<br \/>\ne na universaliza\u00e7\u00e3o do benef\u00edcio. O Inciso IV visa tornar o benef\u00edcio de abatimento<br \/>\nmais acess\u00edvel aos Profissionais de Sa\u00fade (ressalvados os m\u00e9dicos de fam\u00edlia) que<br \/>\natuam no Sistema \u00danico de Sa\u00fade (SUS), eliminando a restri\u00e7\u00e3o de &#8220;\u00e1reas de<br \/>\ncar\u00eancia&#8221; e a exig\u00eancia de jornada m\u00ednima. Esta desburocratiza\u00e7\u00e3o reconhece o<br \/>\nesfor\u00e7o de qualquer profissional de sa\u00fade dedicado \u00e0 rede p\u00fablica. J\u00e1 o Inciso VIII<br \/>\nmant\u00e9m a universalidade, permitindo que diplomados em qualquer \u00e1rea de<br \/>\nconhecimento financiada pelo FIES possam se beneficiar do abatimento por meio de<br \/>\nProgramas de Interesse P\u00fablico (PIPAP), transformando o endividamento estudantil<br \/>\nem um ciclo virtuoso de capital social e incentivando o engajamento c\u00edvico em larga<br \/>\nescala.<br \/>\nPor fim, a inclus\u00e3o do Art. 2\u00ba, que delega ao Regulamento do Poder Executivo<br \/>\na especifica\u00e7\u00e3o do procedimento administrativo para comprova\u00e7\u00e3o da atua\u00e7\u00e3o,<br \/>\ngarante que a transi\u00e7\u00e3o para o novo modelo de abatimento seja feita com a<br \/>\nPara verificar a assinatura, acesse https:\/\/infoleg-autenticidade-assinatura.camara.leg.br\/CD254267184400<br \/>\nAssinado eletronicamente pelo(a) Dep. Thiago de Joaldo<br \/>\nApresenta\u00e7\u00e3o: 05\/11\/2025 19:25:57.430 &#8211; Mesa<br \/>\n*CD254267184400* PL n.5711\/2025<br \/>necess\u00e1ria transpar\u00eancia e uniformidade em todo o territ\u00f3rio nacional. Em<br \/>\nconclus\u00e3o, este Projeto de Lei prop\u00f5e uma evolu\u00e7\u00e3o necess\u00e1ria no FIES, afastando-<br \/>\nse do modelo restrito de incentivo remunerado para um modelo inovador de<br \/>\nresponsabilidade social, que alivia o endividamento estudantil ao mesmo tempo em<br \/>\nque direciona a m\u00e3o de obra qualificada para as necessidades urgentes do<br \/>\ndesenvolvimento nacional.<br \/>\nAnte o exposto, contamos o apoio dos nobres pares.<br \/>\nSala de sess\u00f5es, em de de 2025<br \/>\nDeputado THIAGO DE JOALDO<br \/>\nPara verificar a assinatura, acesse https:\/\/infoleg-autenticidade-assinatura.camara.leg.br\/CD254267184400<br \/>\nAssinado eletronicamente pelo(a) Dep. Thiago de Joaldo<br \/>\nApresenta\u00e7\u00e3o: 05\/11\/2025 19:25:57.430 &#8211; Mesa<br \/>\n*CD254267184400* PL n.5711\/2025<\/article>\n<p><a href='https:\/\/app.legislapp.com.br\/#\/busca?termo='><\/a><\/p>\n<div style=\"text-align: center\">\n      <img decoding=\"async\" style=\"width: 14%;\" src=\"https:\/\/www.legislapp.com.br\/wp-content\/uploads\/2021\/07\/Logo-Legislapp-1-03-1.png\"><br \/>\n      <\/p>\n<div style=\"margin-bottom: 20px;\" class=\"et_pb_button_module_wrapper et_pb_button_5_tb_body_wrapper et_pb_button_alignment_center et_pb_module \">\n         <a class=\"et_pb_button et_pb_button_5_tb_body et_hover_enabled et_pb_bg_layout_dark\" style=\"width: 50%;background-color: black;\" href=\"https:\/\/app.legislapp.com.br\" target=\"_blank\" rel=\"noopener\">Visualizar completo na nossa plataforma (30 dias gr\u00e1tis)<\/a><\/p><\/div>\n<p>      <a href=\"https:\/\/play.google.com\/store\/apps\/details?id=br.com.legislapp\"><img decoding=\"async\" style=\"width: 15%; min-width: 130px;\" src=\"https:\/\/www.legislapp.com.br\/wp-content\/uploads\/google-play.png\"><\/a><br \/>\n      <a href=\"https:\/\/apps.apple.com\/us\/app\/legislapp\/id1568929859\"><img decoding=\"async\" style=\"width: 15%; min-width: 130px\" src=\"https:\/\/www.legislapp.com.br\/wp-content\/uploads\/apple-store.png\"><\/a>\n   <\/div>\n","protected":false},"excerpt":{"rendered":"<p>Avulso Inicial &#8211; Autoria de Thiago de Joaldo PROJETO DE LEI N\u00ba DE 2025 (Do Sr. Thiago de Joaldo) Altera a Lei n\u00ba 10.260, de 12 de julho de 2001, para incluir a presta\u00e7\u00e3o de servi\u00e7os volunt\u00e1rios e a atua\u00e7\u00e3o no Sistema \u00danico de Sa\u00fade (SUS) como crit\u00e9rios de abatimento no saldo devedor do Fundo [&hellip;]<\/p>\n","protected":false},"author":1,"featured_media":0,"parent":0,"menu_order":0,"comment_status":"closed","ping_status":"closed","template":"page-template-blank.php","meta":{"_et_pb_use_builder":"","_et_pb_old_content":"","_et_gb_content_width":"1080","ngg_post_thumbnail":0,"footnotes":""},"class_list":["post-10739","page","type-page","status-publish","hentry"],"yoast_head":"<!-- This site is optimized with the Yoast SEO plugin v24.4 - https:\/\/yoast.com\/wordpress\/plugins\/seo\/ -->\n<title>Avulso Inicial - PL 5711\/2025 - C\u00e2mara - Legislapp<\/title>\n<meta name=\"robots\" content=\"index, follow, max-snippet:-1, max-image-preview:large, max-video-preview:-1\" \/>\n<link rel=\"canonical\" href=\"https:\/\/www.legislapp.com.br\/index.php\/avulso-inicial-pl-5711-2025-camara\/\" \/>\n<meta property=\"og:locale\" content=\"pt_BR\" \/>\n<meta property=\"og:type\" content=\"article\" \/>\n<meta property=\"og:title\" content=\"Avulso Inicial - PL 5711\/2025 - C\u00e2mara - Legislapp\" \/>\n<meta property=\"og:description\" content=\"Avulso Inicial &#8211; Autoria de Thiago de Joaldo PROJETO DE LEI N\u00ba DE 2025 (Do Sr. Thiago de Joaldo) Altera a Lei n\u00ba 10.260, de 12 de julho de 2001, para incluir a presta\u00e7\u00e3o de servi\u00e7os volunt\u00e1rios e a atua\u00e7\u00e3o no Sistema \u00danico de Sa\u00fade (SUS) como crit\u00e9rios de abatimento no saldo devedor do Fundo [&hellip;]\" \/>\n<meta property=\"og:url\" content=\"https:\/\/www.legislapp.com.br\/index.php\/avulso-inicial-pl-5711-2025-camara\/\" \/>\n<meta property=\"og:site_name\" content=\"Legislapp\" \/>\n<meta property=\"article:publisher\" content=\"https:\/\/www.instagram.com\/legislapp\/\" \/>\n<meta property=\"og:image\" content=\"https:\/\/www.legislapp.com.br\/wp-content\/uploads\/2021\/07\/Logo-Legislapp-1-03-1.png\" \/>\n<meta name=\"twitter:card\" content=\"summary_large_image\" \/>\n<meta name=\"twitter:label1\" content=\"Est. tempo de leitura\" \/>\n\t<meta name=\"twitter:data1\" content=\"5 minutos\" \/>\n<script type=\"application\/ld+json\" class=\"yoast-schema-graph\">{\"@context\":\"https:\/\/schema.org\",\"@graph\":[{\"@type\":\"WebPage\",\"@id\":\"https:\/\/www.legislapp.com.br\/index.php\/avulso-inicial-pl-5711-2025-camara\/\",\"url\":\"https:\/\/www.legislapp.com.br\/index.php\/avulso-inicial-pl-5711-2025-camara\/\",\"name\":\"Avulso Inicial - PL 5711\/2025 - C\u00e2mara - Legislapp\",\"isPartOf\":{\"@id\":\"https:\/\/www.legislapp.com.br\/#website\"},\"primaryImageOfPage\":{\"@id\":\"https:\/\/www.legislapp.com.br\/index.php\/avulso-inicial-pl-5711-2025-camara\/#primaryimage\"},\"image\":{\"@id\":\"https:\/\/www.legislapp.com.br\/index.php\/avulso-inicial-pl-5711-2025-camara\/#primaryimage\"},\"thumbnailUrl\":\"https:\/\/www.legislapp.com.br\/wp-content\/uploads\/2021\/07\/Logo-Legislapp-1-03-1.png\",\"datePublished\":\"2025-12-01T14:34:57+00:00\",\"breadcrumb\":{\"@id\":\"https:\/\/www.legislapp.com.br\/index.php\/avulso-inicial-pl-5711-2025-camara\/#breadcrumb\"},\"inLanguage\":\"pt-BR\",\"potentialAction\":[{\"@type\":\"ReadAction\",\"target\":[\"https:\/\/www.legislapp.com.br\/index.php\/avulso-inicial-pl-5711-2025-camara\/\"]}]},{\"@type\":\"ImageObject\",\"inLanguage\":\"pt-BR\",\"@id\":\"https:\/\/www.legislapp.com.br\/index.php\/avulso-inicial-pl-5711-2025-camara\/#primaryimage\",\"url\":\"https:\/\/www.legislapp.com.br\/wp-content\/uploads\/2021\/07\/Logo-Legislapp-1-03-1.png\",\"contentUrl\":\"https:\/\/www.legislapp.com.br\/wp-content\/uploads\/2021\/07\/Logo-Legislapp-1-03-1.png\",\"width\":2679,\"height\":2697},{\"@type\":\"BreadcrumbList\",\"@id\":\"https:\/\/www.legislapp.com.br\/index.php\/avulso-inicial-pl-5711-2025-camara\/#breadcrumb\",\"itemListElement\":[{\"@type\":\"ListItem\",\"position\":1,\"name\":\"In\u00edcio\",\"item\":\"https:\/\/www.legislapp.com.br\/\"},{\"@type\":\"ListItem\",\"position\":2,\"name\":\"Avulso Inicial &#8211; PL 5711\/2025 &#8211; C\u00e2mara\"}]},{\"@type\":\"WebSite\",\"@id\":\"https:\/\/www.legislapp.com.br\/#website\",\"url\":\"https:\/\/www.legislapp.com.br\/\",\"name\":\"Legislapp\",\"description\":\"Intelig\u00eancia governamental em tempo real\",\"publisher\":{\"@id\":\"https:\/\/www.legislapp.com.br\/#organization\"},\"potentialAction\":[{\"@type\":\"SearchAction\",\"target\":{\"@type\":\"EntryPoint\",\"urlTemplate\":\"https:\/\/www.legislapp.com.br\/?s={search_term_string}\"},\"query-input\":{\"@type\":\"PropertyValueSpecification\",\"valueRequired\":true,\"valueName\":\"search_term_string\"}}],\"inLanguage\":\"pt-BR\"},{\"@type\":\"Organization\",\"@id\":\"https:\/\/www.legislapp.com.br\/#organization\",\"name\":\"Legislapp Monitoramento e Intelig\u00eancia Governamental\",\"url\":\"https:\/\/www.legislapp.com.br\/\",\"logo\":{\"@type\":\"ImageObject\",\"inLanguage\":\"pt-BR\",\"@id\":\"https:\/\/www.legislapp.com.br\/#\/schema\/logo\/image\/\",\"url\":\"https:\/\/www.legislapp.com.br\/wp-content\/uploads\/icon.png\",\"contentUrl\":\"https:\/\/www.legislapp.com.br\/wp-content\/uploads\/icon.png\",\"width\":1024,\"height\":1024,\"caption\":\"Legislapp Monitoramento e Intelig\u00eancia Governamental\"},\"image\":{\"@id\":\"https:\/\/www.legislapp.com.br\/#\/schema\/logo\/image\/\"},\"sameAs\":[\"https:\/\/www.instagram.com\/legislapp\/\"]}]}<\/script>\n<!-- \/ Yoast SEO plugin. -->","yoast_head_json":{"title":"Avulso Inicial - PL 5711\/2025 - C\u00e2mara - Legislapp","robots":{"index":"index","follow":"follow","max-snippet":"max-snippet:-1","max-image-preview":"max-image-preview:large","max-video-preview":"max-video-preview:-1"},"canonical":"https:\/\/www.legislapp.com.br\/index.php\/avulso-inicial-pl-5711-2025-camara\/","og_locale":"pt_BR","og_type":"article","og_title":"Avulso Inicial - PL 5711\/2025 - C\u00e2mara - Legislapp","og_description":"Avulso Inicial &#8211; Autoria de Thiago de Joaldo PROJETO DE LEI N\u00ba DE 2025 (Do Sr. Thiago de Joaldo) Altera a Lei n\u00ba 10.260, de 12 de julho de 2001, para incluir a presta\u00e7\u00e3o de servi\u00e7os volunt\u00e1rios e a atua\u00e7\u00e3o no Sistema \u00danico de Sa\u00fade (SUS) como crit\u00e9rios de abatimento no saldo devedor do Fundo [&hellip;]","og_url":"https:\/\/www.legislapp.com.br\/index.php\/avulso-inicial-pl-5711-2025-camara\/","og_site_name":"Legislapp","article_publisher":"https:\/\/www.instagram.com\/legislapp\/","og_image":[{"url":"https:\/\/www.legislapp.com.br\/wp-content\/uploads\/2021\/07\/Logo-Legislapp-1-03-1.png","type":"","width":"","height":""}],"twitter_card":"summary_large_image","twitter_misc":{"Est. tempo de leitura":"5 minutos"},"schema":{"@context":"https:\/\/schema.org","@graph":[{"@type":"WebPage","@id":"https:\/\/www.legislapp.com.br\/index.php\/avulso-inicial-pl-5711-2025-camara\/","url":"https:\/\/www.legislapp.com.br\/index.php\/avulso-inicial-pl-5711-2025-camara\/","name":"Avulso Inicial - PL 5711\/2025 - C\u00e2mara - Legislapp","isPartOf":{"@id":"https:\/\/www.legislapp.com.br\/#website"},"primaryImageOfPage":{"@id":"https:\/\/www.legislapp.com.br\/index.php\/avulso-inicial-pl-5711-2025-camara\/#primaryimage"},"image":{"@id":"https:\/\/www.legislapp.com.br\/index.php\/avulso-inicial-pl-5711-2025-camara\/#primaryimage"},"thumbnailUrl":"https:\/\/www.legislapp.com.br\/wp-content\/uploads\/2021\/07\/Logo-Legislapp-1-03-1.png","datePublished":"2025-12-01T14:34:57+00:00","breadcrumb":{"@id":"https:\/\/www.legislapp.com.br\/index.php\/avulso-inicial-pl-5711-2025-camara\/#breadcrumb"},"inLanguage":"pt-BR","potentialAction":[{"@type":"ReadAction","target":["https:\/\/www.legislapp.com.br\/index.php\/avulso-inicial-pl-5711-2025-camara\/"]}]},{"@type":"ImageObject","inLanguage":"pt-BR","@id":"https:\/\/www.legislapp.com.br\/index.php\/avulso-inicial-pl-5711-2025-camara\/#primaryimage","url":"https:\/\/www.legislapp.com.br\/wp-content\/uploads\/2021\/07\/Logo-Legislapp-1-03-1.png","contentUrl":"https:\/\/www.legislapp.com.br\/wp-content\/uploads\/2021\/07\/Logo-Legislapp-1-03-1.png","width":2679,"height":2697},{"@type":"BreadcrumbList","@id":"https:\/\/www.legislapp.com.br\/index.php\/avulso-inicial-pl-5711-2025-camara\/#breadcrumb","itemListElement":[{"@type":"ListItem","position":1,"name":"In\u00edcio","item":"https:\/\/www.legislapp.com.br\/"},{"@type":"ListItem","position":2,"name":"Avulso Inicial &#8211; PL 5711\/2025 &#8211; C\u00e2mara"}]},{"@type":"WebSite","@id":"https:\/\/www.legislapp.com.br\/#website","url":"https:\/\/www.legislapp.com.br\/","name":"Legislapp","description":"Intelig\u00eancia governamental em tempo real","publisher":{"@id":"https:\/\/www.legislapp.com.br\/#organization"},"potentialAction":[{"@type":"SearchAction","target":{"@type":"EntryPoint","urlTemplate":"https:\/\/www.legislapp.com.br\/?s={search_term_string}"},"query-input":{"@type":"PropertyValueSpecification","valueRequired":true,"valueName":"search_term_string"}}],"inLanguage":"pt-BR"},{"@type":"Organization","@id":"https:\/\/www.legislapp.com.br\/#organization","name":"Legislapp Monitoramento e Intelig\u00eancia Governamental","url":"https:\/\/www.legislapp.com.br\/","logo":{"@type":"ImageObject","inLanguage":"pt-BR","@id":"https:\/\/www.legislapp.com.br\/#\/schema\/logo\/image\/","url":"https:\/\/www.legislapp.com.br\/wp-content\/uploads\/icon.png","contentUrl":"https:\/\/www.legislapp.com.br\/wp-content\/uploads\/icon.png","width":1024,"height":1024,"caption":"Legislapp Monitoramento e Intelig\u00eancia Governamental"},"image":{"@id":"https:\/\/www.legislapp.com.br\/#\/schema\/logo\/image\/"},"sameAs":["https:\/\/www.instagram.com\/legislapp\/"]}]}},"_links":{"self":[{"href":"https:\/\/www.legislapp.com.br\/index.php\/wp-json\/wp\/v2\/pages\/10739","targetHints":{"allow":["GET"]}}],"collection":[{"href":"https:\/\/www.legislapp.com.br\/index.php\/wp-json\/wp\/v2\/pages"}],"about":[{"href":"https:\/\/www.legislapp.com.br\/index.php\/wp-json\/wp\/v2\/types\/page"}],"author":[{"embeddable":true,"href":"https:\/\/www.legislapp.com.br\/index.php\/wp-json\/wp\/v2\/users\/1"}],"replies":[{"embeddable":true,"href":"https:\/\/www.legislapp.com.br\/index.php\/wp-json\/wp\/v2\/comments?post=10739"}],"version-history":[{"count":0,"href":"https:\/\/www.legislapp.com.br\/index.php\/wp-json\/wp\/v2\/pages\/10739\/revisions"}],"wp:attachment":[{"href":"https:\/\/www.legislapp.com.br\/index.php\/wp-json\/wp\/v2\/media?parent=10739"}],"curies":[{"name":"wp","href":"https:\/\/api.w.org\/{rel}","templated":true}]}}