{"id":10741,"date":"2025-12-01T11:35:05","date_gmt":"2025-12-01T14:35:05","guid":{"rendered":"https:\/\/www.legislapp.com.br\/index.php\/avulso-inicial-pl-4914-2016-camara\/"},"modified":"2025-12-01T11:35:05","modified_gmt":"2025-12-01T14:35:05","slug":"avulso-inicial-pl-4914-2016-camara","status":"publish","type":"page","link":"https:\/\/www.legislapp.com.br\/index.php\/avulso-inicial-pl-4914-2016-camara\/","title":{"rendered":"Avulso Inicial &#8211; PL 4914\/2016 &#8211; C\u00e2mara"},"content":{"rendered":"<h1 style='text-align: center;'>Avulso Inicial &#8211; Autoria de Senado Federal<\/h3>\n<p><\/p>\n<article>Of\u00edcio n\u00ba 363 (SF)                           Bras\u00edlia, em 5 de abril de 2016. <\/p>\n<p>A Sua Excel\u00eancia o Senhor<br \/>\nDeputado Beto Mansur<br \/>\nPrimeiro-Secret\u00e1rio da C\u00e2mara dos Deputados <\/p>\n<p>Assunto: Projeto de Lei do Senado \u00e0 revis\u00e3o. <\/p>\n<p>Senhor Primeiro-Secret\u00e1rio, <\/p>\n<p>Encaminho a Vossa Excel\u00eancia, a fim de ser submetido \u00e0 revis\u00e3o da<br \/>\nC\u00e2mara dos Deputados, nos termos do art. 65 da Constitui\u00e7\u00e3o Federal, o Projeto de Lei<br \/>\ndo Senado  n\u00ba 345, de 2015, de autoria do Senador Marcelo Crivella, constante dos<br \/>\naut\u00f3grafos em anexo, que \u201cAltera o art. 196 da Consolida\u00e7\u00e3o das Leis do Trabalho<br \/>\n(CLT), aprovada pelo Decreto-Lei n\u00ba 5.452, de 1\u00ba de maio de 1943, para dispor sobre<br \/>\nos efeitos pecuni\u00e1rios decorrentes do trabalho em condi\u00e7\u00f5es de insalubridade ou<br \/>\npericulosidade\u201d. <\/p>\n<p>Atenciosamente, <\/p>\n<p>gab\/pls15-345t <br \/> 2<br \/>\nAltera o art. 196 da Consolida\u00e7\u00e3o das Leis<br \/>\ndo Trabalho (CLT), aprovada pelo<br \/>\nDecreto-Lei n\u00ba 5.452, de 1\u00ba de maio de<br \/>\n1943, para dispor sobre os efeitos<br \/>\npecuni\u00e1rios decorrentes do trabalho em<br \/>\ncondi\u00e7\u00f5es de insalubridade ou<br \/>\npericulosidade. <\/p>\n<p>O Congresso Nacional decreta: <\/p>\n<p>Art. 1\u00ba O art. 196 da Consolida\u00e7\u00e3o das Leis do Trabalho (CLT),<br \/>\naprovada pelo Decreto-Lei n\u00ba 5.452, de 1\u00ba de maio de 1943, passa a vigorar com a<br \/>\nseguinte reda\u00e7\u00e3o:<br \/>\n\u201cArt. 196. Respeitadas as normas do art. 11, os efeitos<br \/>\npecuni\u00e1rios decorrentes do trabalho em condi\u00e7\u00f5es de insalubridade<br \/>\nou periculosidade ser\u00e3o devidos a contar da data:<br \/>\nI \u2013 em que a respectiva atividade for considerada<br \/>\ninsalubre ou perigosa, por meio de per\u00edcia de M\u00e9dico do Trabalho<br \/>\nou Engenheiro do Trabalho registrado no Minist\u00e9rio do Trabalho e<br \/>\nPrevid\u00eancia Social; ou<br \/>\nII \u2013 da inclus\u00e3o da respectiva atividade nos quadros<br \/>\naprovados pelo Minist\u00e9rio do Trabalho e Previd\u00eancia Social.\u201d (NR)<br \/>\nArt. 2\u00ba Esta Lei entra em vigor na data de sua publica\u00e7\u00e3o. <\/p>\n<p>Senado Federal, em 5 de abril de 2016. <\/p>\n<p>Senador Renan Calheiros<br \/>\nPresidente do Senado Federal <\/p>\n<p>gab\/pls15-345 <\/article>\n<p><a href='https:\/\/app.legislapp.com.br\/#\/busca?termo=Altera\u00e7\u00e3o'>Altera\u00e7\u00e3o<\/a>, <a href='https:\/\/app.legislapp.com.br\/#\/busca?termo=Consolida\u00e7\u00e3o das Leis do Trabalho (CLT)'>Consolida\u00e7\u00e3o das Leis do Trabalho (CLT)<\/a>, <a href='https:\/\/app.legislapp.com.br\/#\/busca?termo=concess\u00e3o'>concess\u00e3o<\/a>, <a href='https:\/\/app.legislapp.com.br\/#\/busca?termo=adicional de periculosidade'>adicional de periculosidade<\/a>, <a href='https:\/\/app.legislapp.com.br\/#\/busca?termo=adicional de insalubridade'>adicional de insalubridade<\/a>, <a href='https:\/\/app.legislapp.com.br\/#\/busca?termo=condi\u00e7\u00e3o de trabalho'>condi\u00e7\u00e3o de trabalho<\/a>, <a href='https:\/\/app.legislapp.com.br\/#\/busca?termo=registro'>registro<\/a>, <a href='https:\/\/app.legislapp.com.br\/#\/busca?termo=Minist\u00e9rio do Trabalho e Previd\u00eancia Social.'>Minist\u00e9rio do Trabalho e Previd\u00eancia Social.<\/a><\/p>\n<div style=\"text-align: center\">\n      <img decoding=\"async\" style=\"width: 14%;\" src=\"https:\/\/www.legislapp.com.br\/wp-content\/uploads\/2021\/07\/Logo-Legislapp-1-03-1.png\"><br \/>\n      <\/p>\n<div style=\"margin-bottom: 20px;\" class=\"et_pb_button_module_wrapper et_pb_button_5_tb_body_wrapper et_pb_button_alignment_center et_pb_module \">\n         <a class=\"et_pb_button et_pb_button_5_tb_body et_hover_enabled et_pb_bg_layout_dark\" style=\"width: 50%;background-color: black;\" href=\"https:\/\/app.legislapp.com.br\" target=\"_blank\" rel=\"noopener\">Visualizar completo na nossa plataforma (30 dias gr\u00e1tis)<\/a><\/p><\/div>\n<p>      <a href=\"https:\/\/play.google.com\/store\/apps\/details?id=br.com.legislapp\"><img decoding=\"async\" style=\"width: 15%; min-width: 130px;\" src=\"https:\/\/www.legislapp.com.br\/wp-content\/uploads\/google-play.png\"><\/a><br \/>\n      <a href=\"https:\/\/apps.apple.com\/us\/app\/legislapp\/id1568929859\"><img decoding=\"async\" style=\"width: 15%; min-width: 130px\" src=\"https:\/\/www.legislapp.com.br\/wp-content\/uploads\/apple-store.png\"><\/a>\n   <\/div>\n","protected":false},"excerpt":{"rendered":"<p>Avulso Inicial &#8211; Autoria de Senado Federal Of\u00edcio n\u00ba 363 (SF) Bras\u00edlia, em 5 de abril de 2016. A Sua Excel\u00eancia o Senhor Deputado Beto Mansur Primeiro-Secret\u00e1rio da C\u00e2mara dos Deputados Assunto: Projeto de Lei do Senado \u00e0 revis\u00e3o. Senhor Primeiro-Secret\u00e1rio, Encaminho a Vossa Excel\u00eancia, a fim de ser submetido \u00e0 revis\u00e3o da C\u00e2mara dos [&hellip;]<\/p>\n","protected":false},"author":1,"featured_media":0,"parent":0,"menu_order":0,"comment_status":"closed","ping_status":"closed","template":"page-template-blank.php","meta":{"_et_pb_use_builder":"","_et_pb_old_content":"","_et_gb_content_width":"1080","ngg_post_thumbnail":0,"footnotes":""},"class_list":["post-10741","page","type-page","status-publish","hentry"],"yoast_head":"<!-- This site is optimized with the Yoast SEO plugin v24.4 - https:\/\/yoast.com\/wordpress\/plugins\/seo\/ -->\n<title>Avulso Inicial - PL 4914\/2016 - C\u00e2mara - Legislapp<\/title>\n<meta name=\"robots\" content=\"index, follow, max-snippet:-1, max-image-preview:large, max-video-preview:-1\" \/>\n<link rel=\"canonical\" href=\"https:\/\/www.legislapp.com.br\/index.php\/avulso-inicial-pl-4914-2016-camara\/\" \/>\n<meta property=\"og:locale\" content=\"pt_BR\" \/>\n<meta property=\"og:type\" content=\"article\" \/>\n<meta property=\"og:title\" content=\"Avulso Inicial - PL 4914\/2016 - C\u00e2mara - Legislapp\" \/>\n<meta property=\"og:description\" content=\"Avulso Inicial &#8211; Autoria de Senado Federal Of\u00edcio n\u00ba 363 (SF) Bras\u00edlia, em 5 de abril de 2016. A Sua Excel\u00eancia o Senhor Deputado Beto Mansur Primeiro-Secret\u00e1rio da C\u00e2mara dos Deputados Assunto: Projeto de Lei do Senado \u00e0 revis\u00e3o. Senhor Primeiro-Secret\u00e1rio, Encaminho a Vossa Excel\u00eancia, a fim de ser submetido \u00e0 revis\u00e3o da C\u00e2mara dos [&hellip;]\" \/>\n<meta property=\"og:url\" content=\"https:\/\/www.legislapp.com.br\/index.php\/avulso-inicial-pl-4914-2016-camara\/\" \/>\n<meta property=\"og:site_name\" content=\"Legislapp\" \/>\n<meta property=\"article:publisher\" content=\"https:\/\/www.instagram.com\/legislapp\/\" \/>\n<meta property=\"og:image\" content=\"https:\/\/www.legislapp.com.br\/wp-content\/uploads\/2021\/07\/Logo-Legislapp-1-03-1.png\" \/>\n<meta name=\"twitter:card\" content=\"summary_large_image\" \/>\n<meta name=\"twitter:label1\" content=\"Est. tempo de leitura\" \/>\n\t<meta name=\"twitter:data1\" content=\"2 minutos\" \/>\n<script type=\"application\/ld+json\" class=\"yoast-schema-graph\">{\"@context\":\"https:\/\/schema.org\",\"@graph\":[{\"@type\":\"WebPage\",\"@id\":\"https:\/\/www.legislapp.com.br\/index.php\/avulso-inicial-pl-4914-2016-camara\/\",\"url\":\"https:\/\/www.legislapp.com.br\/index.php\/avulso-inicial-pl-4914-2016-camara\/\",\"name\":\"Avulso Inicial - PL 4914\/2016 - C\u00e2mara - Legislapp\",\"isPartOf\":{\"@id\":\"https:\/\/www.legislapp.com.br\/#website\"},\"primaryImageOfPage\":{\"@id\":\"https:\/\/www.legislapp.com.br\/index.php\/avulso-inicial-pl-4914-2016-camara\/#primaryimage\"},\"image\":{\"@id\":\"https:\/\/www.legislapp.com.br\/index.php\/avulso-inicial-pl-4914-2016-camara\/#primaryimage\"},\"thumbnailUrl\":\"https:\/\/www.legislapp.com.br\/wp-content\/uploads\/2021\/07\/Logo-Legislapp-1-03-1.png\",\"datePublished\":\"2025-12-01T14:35:05+00:00\",\"breadcrumb\":{\"@id\":\"https:\/\/www.legislapp.com.br\/index.php\/avulso-inicial-pl-4914-2016-camara\/#breadcrumb\"},\"inLanguage\":\"pt-BR\",\"potentialAction\":[{\"@type\":\"ReadAction\",\"target\":[\"https:\/\/www.legislapp.com.br\/index.php\/avulso-inicial-pl-4914-2016-camara\/\"]}]},{\"@type\":\"ImageObject\",\"inLanguage\":\"pt-BR\",\"@id\":\"https:\/\/www.legislapp.com.br\/index.php\/avulso-inicial-pl-4914-2016-camara\/#primaryimage\",\"url\":\"https:\/\/www.legislapp.com.br\/wp-content\/uploads\/2021\/07\/Logo-Legislapp-1-03-1.png\",\"contentUrl\":\"https:\/\/www.legislapp.com.br\/wp-content\/uploads\/2021\/07\/Logo-Legislapp-1-03-1.png\",\"width\":2679,\"height\":2697},{\"@type\":\"BreadcrumbList\",\"@id\":\"https:\/\/www.legislapp.com.br\/index.php\/avulso-inicial-pl-4914-2016-camara\/#breadcrumb\",\"itemListElement\":[{\"@type\":\"ListItem\",\"position\":1,\"name\":\"In\u00edcio\",\"item\":\"https:\/\/www.legislapp.com.br\/\"},{\"@type\":\"ListItem\",\"position\":2,\"name\":\"Avulso Inicial &#8211; PL 4914\/2016 &#8211; C\u00e2mara\"}]},{\"@type\":\"WebSite\",\"@id\":\"https:\/\/www.legislapp.com.br\/#website\",\"url\":\"https:\/\/www.legislapp.com.br\/\",\"name\":\"Legislapp\",\"description\":\"Intelig\u00eancia governamental em tempo real\",\"publisher\":{\"@id\":\"https:\/\/www.legislapp.com.br\/#organization\"},\"potentialAction\":[{\"@type\":\"SearchAction\",\"target\":{\"@type\":\"EntryPoint\",\"urlTemplate\":\"https:\/\/www.legislapp.com.br\/?s={search_term_string}\"},\"query-input\":{\"@type\":\"PropertyValueSpecification\",\"valueRequired\":true,\"valueName\":\"search_term_string\"}}],\"inLanguage\":\"pt-BR\"},{\"@type\":\"Organization\",\"@id\":\"https:\/\/www.legislapp.com.br\/#organization\",\"name\":\"Legislapp Monitoramento e Intelig\u00eancia Governamental\",\"url\":\"https:\/\/www.legislapp.com.br\/\",\"logo\":{\"@type\":\"ImageObject\",\"inLanguage\":\"pt-BR\",\"@id\":\"https:\/\/www.legislapp.com.br\/#\/schema\/logo\/image\/\",\"url\":\"https:\/\/www.legislapp.com.br\/wp-content\/uploads\/icon.png\",\"contentUrl\":\"https:\/\/www.legislapp.com.br\/wp-content\/uploads\/icon.png\",\"width\":1024,\"height\":1024,\"caption\":\"Legislapp Monitoramento e Intelig\u00eancia Governamental\"},\"image\":{\"@id\":\"https:\/\/www.legislapp.com.br\/#\/schema\/logo\/image\/\"},\"sameAs\":[\"https:\/\/www.instagram.com\/legislapp\/\"]}]}<\/script>\n<!-- \/ Yoast SEO plugin. -->","yoast_head_json":{"title":"Avulso Inicial - PL 4914\/2016 - C\u00e2mara - Legislapp","robots":{"index":"index","follow":"follow","max-snippet":"max-snippet:-1","max-image-preview":"max-image-preview:large","max-video-preview":"max-video-preview:-1"},"canonical":"https:\/\/www.legislapp.com.br\/index.php\/avulso-inicial-pl-4914-2016-camara\/","og_locale":"pt_BR","og_type":"article","og_title":"Avulso Inicial - PL 4914\/2016 - C\u00e2mara - Legislapp","og_description":"Avulso Inicial &#8211; Autoria de Senado Federal Of\u00edcio n\u00ba 363 (SF) Bras\u00edlia, em 5 de abril de 2016. A Sua Excel\u00eancia o Senhor Deputado Beto Mansur Primeiro-Secret\u00e1rio da C\u00e2mara dos Deputados Assunto: Projeto de Lei do Senado \u00e0 revis\u00e3o. Senhor Primeiro-Secret\u00e1rio, Encaminho a Vossa Excel\u00eancia, a fim de ser submetido \u00e0 revis\u00e3o da C\u00e2mara dos [&hellip;]","og_url":"https:\/\/www.legislapp.com.br\/index.php\/avulso-inicial-pl-4914-2016-camara\/","og_site_name":"Legislapp","article_publisher":"https:\/\/www.instagram.com\/legislapp\/","og_image":[{"url":"https:\/\/www.legislapp.com.br\/wp-content\/uploads\/2021\/07\/Logo-Legislapp-1-03-1.png","type":"","width":"","height":""}],"twitter_card":"summary_large_image","twitter_misc":{"Est. tempo de leitura":"2 minutos"},"schema":{"@context":"https:\/\/schema.org","@graph":[{"@type":"WebPage","@id":"https:\/\/www.legislapp.com.br\/index.php\/avulso-inicial-pl-4914-2016-camara\/","url":"https:\/\/www.legislapp.com.br\/index.php\/avulso-inicial-pl-4914-2016-camara\/","name":"Avulso Inicial - PL 4914\/2016 - C\u00e2mara - Legislapp","isPartOf":{"@id":"https:\/\/www.legislapp.com.br\/#website"},"primaryImageOfPage":{"@id":"https:\/\/www.legislapp.com.br\/index.php\/avulso-inicial-pl-4914-2016-camara\/#primaryimage"},"image":{"@id":"https:\/\/www.legislapp.com.br\/index.php\/avulso-inicial-pl-4914-2016-camara\/#primaryimage"},"thumbnailUrl":"https:\/\/www.legislapp.com.br\/wp-content\/uploads\/2021\/07\/Logo-Legislapp-1-03-1.png","datePublished":"2025-12-01T14:35:05+00:00","breadcrumb":{"@id":"https:\/\/www.legislapp.com.br\/index.php\/avulso-inicial-pl-4914-2016-camara\/#breadcrumb"},"inLanguage":"pt-BR","potentialAction":[{"@type":"ReadAction","target":["https:\/\/www.legislapp.com.br\/index.php\/avulso-inicial-pl-4914-2016-camara\/"]}]},{"@type":"ImageObject","inLanguage":"pt-BR","@id":"https:\/\/www.legislapp.com.br\/index.php\/avulso-inicial-pl-4914-2016-camara\/#primaryimage","url":"https:\/\/www.legislapp.com.br\/wp-content\/uploads\/2021\/07\/Logo-Legislapp-1-03-1.png","contentUrl":"https:\/\/www.legislapp.com.br\/wp-content\/uploads\/2021\/07\/Logo-Legislapp-1-03-1.png","width":2679,"height":2697},{"@type":"BreadcrumbList","@id":"https:\/\/www.legislapp.com.br\/index.php\/avulso-inicial-pl-4914-2016-camara\/#breadcrumb","itemListElement":[{"@type":"ListItem","position":1,"name":"In\u00edcio","item":"https:\/\/www.legislapp.com.br\/"},{"@type":"ListItem","position":2,"name":"Avulso Inicial &#8211; PL 4914\/2016 &#8211; C\u00e2mara"}]},{"@type":"WebSite","@id":"https:\/\/www.legislapp.com.br\/#website","url":"https:\/\/www.legislapp.com.br\/","name":"Legislapp","description":"Intelig\u00eancia governamental em tempo real","publisher":{"@id":"https:\/\/www.legislapp.com.br\/#organization"},"potentialAction":[{"@type":"SearchAction","target":{"@type":"EntryPoint","urlTemplate":"https:\/\/www.legislapp.com.br\/?s={search_term_string}"},"query-input":{"@type":"PropertyValueSpecification","valueRequired":true,"valueName":"search_term_string"}}],"inLanguage":"pt-BR"},{"@type":"Organization","@id":"https:\/\/www.legislapp.com.br\/#organization","name":"Legislapp Monitoramento e Intelig\u00eancia Governamental","url":"https:\/\/www.legislapp.com.br\/","logo":{"@type":"ImageObject","inLanguage":"pt-BR","@id":"https:\/\/www.legislapp.com.br\/#\/schema\/logo\/image\/","url":"https:\/\/www.legislapp.com.br\/wp-content\/uploads\/icon.png","contentUrl":"https:\/\/www.legislapp.com.br\/wp-content\/uploads\/icon.png","width":1024,"height":1024,"caption":"Legislapp Monitoramento e Intelig\u00eancia Governamental"},"image":{"@id":"https:\/\/www.legislapp.com.br\/#\/schema\/logo\/image\/"},"sameAs":["https:\/\/www.instagram.com\/legislapp\/"]}]}},"_links":{"self":[{"href":"https:\/\/www.legislapp.com.br\/index.php\/wp-json\/wp\/v2\/pages\/10741","targetHints":{"allow":["GET"]}}],"collection":[{"href":"https:\/\/www.legislapp.com.br\/index.php\/wp-json\/wp\/v2\/pages"}],"about":[{"href":"https:\/\/www.legislapp.com.br\/index.php\/wp-json\/wp\/v2\/types\/page"}],"author":[{"embeddable":true,"href":"https:\/\/www.legislapp.com.br\/index.php\/wp-json\/wp\/v2\/users\/1"}],"replies":[{"embeddable":true,"href":"https:\/\/www.legislapp.com.br\/index.php\/wp-json\/wp\/v2\/comments?post=10741"}],"version-history":[{"count":0,"href":"https:\/\/www.legislapp.com.br\/index.php\/wp-json\/wp\/v2\/pages\/10741\/revisions"}],"wp:attachment":[{"href":"https:\/\/www.legislapp.com.br\/index.php\/wp-json\/wp\/v2\/media?parent=10741"}],"curies":[{"name":"wp","href":"https:\/\/api.w.org\/{rel}","templated":true}]}}