{"id":10758,"date":"2025-12-01T11:36:04","date_gmt":"2025-12-01T14:36:04","guid":{"rendered":"https:\/\/www.legislapp.com.br\/index.php\/avulso-inicial-pl-4872-2025-camara\/"},"modified":"2025-12-01T11:36:04","modified_gmt":"2025-12-01T14:36:04","slug":"avulso-inicial-pl-4872-2025-camara","status":"publish","type":"page","link":"https:\/\/www.legislapp.com.br\/index.php\/avulso-inicial-pl-4872-2025-camara\/","title":{"rendered":"Avulso Inicial &#8211; PL 4872\/2025 &#8211; C\u00e2mara"},"content":{"rendered":"<h1 style='text-align: center;'>Avulso Inicial &#8211; Autoria de Fl\u00e1via Morais<\/h3>\n<p><\/p>\n<article>C\u00c2MARA DOS DEPUTADOS<br \/>\nPROJETO DE LEI N\u00ba          , DE 2025<br \/>\n(Da Sra. FL\u00c1VIA MORAIS)<br \/>\nAltera a Lei n\u00ba 13.675, de 11 de junho<br \/>\nde 2018, para dispor sobre a obrigatoriedade<br \/>\nde registro audiovisual de atividades de alto<br \/>\nrisco em cursos de forma\u00e7\u00e3o, treinamentos e<br \/>\ncapacita\u00e7\u00f5es dos \u00f3rg\u00e3os que integram o<br \/>\nSistema \u00danico de Seguran\u00e7a P\u00fablica (Susp).<br \/>\nO Congresso Nacional decreta:<br \/>\nArt. 1\u00ba Art. 1\u00ba Esta Lei altera a Lei n\u00ba 13.675, de 11 de junho de<br \/>\n2018, para dispor sobre a obrigatoriedade de registro audiovisual de atividades<br \/>\nde alto risco em cursos de forma\u00e7\u00e3o, treinamentos e capacita\u00e7\u00f5es dos \u00f3rg\u00e3os<br \/>\nque integram o Sistema \u00danico de Seguran\u00e7a P\u00fablica (Susp).<br \/>\nArt. 2\u00ba Inclua-se o seguinte art. 41-A \u00e0 Lei n\u00ba 13.675, de 11 de<br \/>\njunho de 2018:<br \/>\n\u201cArt. 41-A. Constitui norma de seguran\u00e7a obrigat\u00f3ria, no \u00e2mbito<br \/>\ndos \u00f3rg\u00e3os que integram o Susp, o registro audiovisual das<br \/>\natividades de alto risco realizadas em cursos de forma\u00e7\u00e3o,<br \/>\ntreinamentos e capacita\u00e7\u00f5es, com vistas \u00e0 preserva\u00e7\u00e3o da<br \/>\nvida, \u00e0 preven\u00e7\u00e3o de acidentes e \u00e0 apura\u00e7\u00e3o de eventuais<br \/>\nirregularidades.<br \/>\n\u00a7 1\u00ba Consideram-se atividades de alto risco, para os fins do<br \/>\ndisposto neste artigo, aquelas que exponham os participantes a<br \/>\nperigo relevante de les\u00e3o grave ou morte, tais como:<br \/>\nI \u2013 exerc\u00edcios aqu\u00e1ticos, incluindo mergulhos, travessias e<br \/>\nsimula\u00e7\u00f5es de salvamento;<br \/>\nPara verificar a assinatura, acesse https:\/\/infoleg-autenticidade-assinatura.camara.leg.br\/CD255690205300<br \/>\nAssinado eletronicamente pelo(a) Dep. Fl\u00e1via Morais<br \/>\nApresenta\u00e7\u00e3o: 30\/09\/2025 19:38:50.493 &#8211; Mesa<br \/>\n*CD255690205300* PL n.4872\/2025<br \/>C\u00c2MARA DOS DEPUTADOS<br \/>\n2<br \/>\nII \u2013 treinamentos em altura, como escaladas, rapel e resgate<br \/>\nem edifica\u00e7\u00f5es;<br \/>\nIII \u2013 atividades com uso de armamento real em condi\u00e7\u00f5es<br \/>\ncontroladas de instru\u00e7\u00e3o;<br \/>\nIV \u2013 simula\u00e7\u00f5es que envolvam ambientes confinados,<br \/>\nexplosivos ou produtos perigosos.<br \/>\n\u00a7 2\u00ba O Sievap estabelecer\u00e1 os requisitos t\u00e9cnicos para a<br \/>\ncapta\u00e7\u00e3o, armazenamento e utiliza\u00e7\u00e3o dos registros,<br \/>\nobservada a Lei n\u00ba 13.709, de 14 de agosto de 2018, Lei Geral<br \/>\nde Prote\u00e7\u00e3o de Dados Pessoais.\u201d<br \/>\nArt. 3\u00ba Esta lei entra em vigor na data de sua publica\u00e7\u00e3o.<br \/>\nJUSTIFICA\u00c7\u00c3O<br \/>\nA presente proposi\u00e7\u00e3o tem como objetivo refor\u00e7ar as normas<br \/>\nde prote\u00e7\u00e3o \u00e0 vida e \u00e0 integridade dos profissionais de seguran\u00e7a p\u00fablica em<br \/>\nforma\u00e7\u00e3o, ao prever a obrigatoriedade de registro audiovisual das atividades<br \/>\nconsideradas de alto risco realizadas em cursos de forma\u00e7\u00e3o, treinamentos e<br \/>\ncapacita\u00e7\u00f5es no \u00e2mbito do Sistema \u00danico de Seguran\u00e7a P\u00fablica (Susp).<br \/>\nA experi\u00eancia nacional e internacional tem mostrado a<br \/>\nocorr\u00eancia de acidentes graves, e at\u00e9 fatais, durante instru\u00e7\u00f5es pr\u00e1ticas,<br \/>\nespecialmente em exerc\u00edcios aqu\u00e1ticos, treinamentos em altura e simula\u00e7\u00f5es<br \/>\n1<br \/>\nde salvamento ou combate. Epis\u00f3dios recentes, relatados pela imprensa ,<br \/>\ncomo os que vitimaram os jovens Rodrigo Claro e Lucas Veloso, evidenciam a<br \/>\nnecessidade de medidas preventivas mais rigorosas que garantam<br \/>\ntranspar\u00eancia e responsabilidade durante o processo de forma\u00e7\u00e3o.<br \/>\n1<br \/>\n Dispon\u00edvel em: https:\/\/www.unicanews.com.br\/cidades\/mae-de-rodrigo-claro-desabafa-espero-que-o-<br \/>\nlucas-veloso-tenha-a-justica-que-meu-filho-nao-teve\/110014<br \/>\nPara verificar a assinatura, acesse https:\/\/infoleg-autenticidade-assinatura.camara.leg.br\/CD255690205300<br \/>\nAssinado eletronicamente pelo(a) Dep. Fl\u00e1via Morais<br \/>\nApresenta\u00e7\u00e3o: 30\/09\/2025 19:38:50.493 &#8211; Mesa<br \/>\n*CD255690205300* PL n.4872\/2025<br \/>C\u00c2MARA DOS DEPUTADOS<br \/>\n3<br \/>\nO registro audiovisual das atividades de risco cumpre m\u00faltiplas<br \/>\nfun\u00e7\u00f5es: amplia a seguran\u00e7a dos alunos e instrutores; possibilita a revis\u00e3o de<br \/>\nprocedimentos t\u00e9cnicos; fortalece a fiscaliza\u00e7\u00e3o institucional; e contribui para a<br \/>\napura\u00e7\u00e3o de eventuais irregularidades ou abusos. Trata-se, portanto, de<br \/>\nmedida que, al\u00e9m de preservar a vida, fomenta uma cultura de<br \/>\nresponsabilidade, de zelo e de profissionalismo no \u00e2mbito das for\u00e7as de<br \/>\nseguran\u00e7a p\u00fablica.<br \/>\nAdemais, a proposta est\u00e1 em conson\u00e2ncia com o Programa<br \/>\nNacional de Qualidade de Vida para Profissionais de Seguran\u00e7a P\u00fablica (Pr\u00f3-<br \/>\nVida), j\u00e1 previsto no art. 41-A da Lei n\u00ba 13.675\/2018, ao integrar a sa\u00fade<br \/>\nocupacional e a seguran\u00e7a no trabalho como dimens\u00f5es indissoci\u00e1veis da<br \/>\nvaloriza\u00e7\u00e3o dos agentes. O projeto ainda assegura que tais registros sejam<br \/>\nrealizados em conformidade com a Lei Geral de Prote\u00e7\u00e3o de Dados Pessoais<br \/>\n(Lei n\u00ba 13.709\/2018), equilibrando transpar\u00eancia e prote\u00e7\u00e3o da privacidade.<br \/>\nPor todo o exposto, a proposi\u00e7\u00e3o ora apresentada se justifica<br \/>\npela sua relev\u00e2ncia social, humana e institucional, buscando assegurar que a<br \/>\nforma\u00e7\u00e3o dos profissionais de seguran\u00e7a p\u00fablica seja pautada n\u00e3o apenas pela<br \/>\nefici\u00eancia operacional, mas tamb\u00e9m pelo respeito incondicional \u00e0 vida e \u00e0<br \/>\ndignidade humana.<br \/>\nSala das Sess\u00f5es, em        de                     de 2025.<br \/>\nDeputada FL\u00c1VIA MORAIS<br \/>\n2025-15512<br \/>\nPara verificar a assinatura, acesse https:\/\/infoleg-autenticidade-assinatura.camara.leg.br\/CD255690205300<br \/>\nAssinado eletronicamente pelo(a) Dep. Fl\u00e1via Morais<br \/>\nApresenta\u00e7\u00e3o: 30\/09\/2025 19:38:50.493 &#8211; Mesa<br \/>\n*CD255690205300* PL n.4872\/2025<\/article>\n<p><a href='https:\/\/app.legislapp.com.br\/#\/busca?termo=Altera\u00e7\u00e3o'>Altera\u00e7\u00e3o<\/a>, <a href='https:\/\/app.legislapp.com.br\/#\/busca?termo=Lei Federal'>Lei Federal<\/a>, <a href='https:\/\/app.legislapp.com.br\/#\/busca?termo=obrigatoriedade'>obrigatoriedade<\/a>, <a href='https:\/\/app.legislapp.com.br\/#\/busca?termo=Registro audiovisual'>Registro audiovisual<\/a>, <a href='https:\/\/app.legislapp.com.br\/#\/busca?termo=Atividade perigosa'>Atividade perigosa<\/a>, <a href='https:\/\/app.legislapp.com.br\/#\/busca?termo=Curso de forma\u00e7\u00e3o'>Curso de forma\u00e7\u00e3o<\/a>, <a href='https:\/\/app.legislapp.com.br\/#\/busca?termo=treinamento'>treinamento<\/a>, <a href='https:\/\/app.legislapp.com.br\/#\/busca?termo=Educa\u00e7\u00e3o e forma\u00e7\u00e3o profissional'>Educa\u00e7\u00e3o e forma\u00e7\u00e3o profissional<\/a>, <a href='https:\/\/app.legislapp.com.br\/#\/busca?termo=Sistema \u00danico de Seguran\u00e7a P\u00fablica (Susp).'>Sistema \u00danico de Seguran\u00e7a P\u00fablica (Susp).<\/a><\/p>\n<div style=\"text-align: center\">\n      <img decoding=\"async\" style=\"width: 14%;\" src=\"https:\/\/www.legislapp.com.br\/wp-content\/uploads\/2021\/07\/Logo-Legislapp-1-03-1.png\"><br \/>\n      <\/p>\n<div style=\"margin-bottom: 20px;\" class=\"et_pb_button_module_wrapper et_pb_button_5_tb_body_wrapper et_pb_button_alignment_center et_pb_module \">\n         <a class=\"et_pb_button et_pb_button_5_tb_body et_hover_enabled et_pb_bg_layout_dark\" style=\"width: 50%;background-color: black;\" href=\"https:\/\/app.legislapp.com.br\" target=\"_blank\" rel=\"noopener\">Visualizar completo na nossa plataforma (30 dias gr\u00e1tis)<\/a><\/p><\/div>\n<p>      <a href=\"https:\/\/play.google.com\/store\/apps\/details?id=br.com.legislapp\"><img decoding=\"async\" style=\"width: 15%; min-width: 130px;\" src=\"https:\/\/www.legislapp.com.br\/wp-content\/uploads\/google-play.png\"><\/a><br \/>\n      <a href=\"https:\/\/apps.apple.com\/us\/app\/legislapp\/id1568929859\"><img decoding=\"async\" style=\"width: 15%; min-width: 130px\" src=\"https:\/\/www.legislapp.com.br\/wp-content\/uploads\/apple-store.png\"><\/a>\n   <\/div>\n","protected":false},"excerpt":{"rendered":"<p>Avulso Inicial &#8211; Autoria de Fl\u00e1via Morais C\u00c2MARA DOS DEPUTADOS PROJETO DE LEI N\u00ba , DE 2025 (Da Sra. FL\u00c1VIA MORAIS) Altera a Lei n\u00ba 13.675, de 11 de junho de 2018, para dispor sobre a obrigatoriedade de registro audiovisual de atividades de alto risco em cursos de forma\u00e7\u00e3o, treinamentos e capacita\u00e7\u00f5es dos \u00f3rg\u00e3os que [&hellip;]<\/p>\n","protected":false},"author":1,"featured_media":0,"parent":0,"menu_order":0,"comment_status":"closed","ping_status":"closed","template":"page-template-blank.php","meta":{"_et_pb_use_builder":"","_et_pb_old_content":"","_et_gb_content_width":"1080","ngg_post_thumbnail":0,"footnotes":""},"class_list":["post-10758","page","type-page","status-publish","hentry"],"yoast_head":"<!-- This site is optimized with the Yoast SEO plugin v24.4 - https:\/\/yoast.com\/wordpress\/plugins\/seo\/ -->\n<title>Avulso Inicial - PL 4872\/2025 - C\u00e2mara - Legislapp<\/title>\n<meta name=\"robots\" content=\"index, follow, max-snippet:-1, max-image-preview:large, max-video-preview:-1\" \/>\n<link rel=\"canonical\" href=\"https:\/\/www.legislapp.com.br\/index.php\/avulso-inicial-pl-4872-2025-camara\/\" \/>\n<meta property=\"og:locale\" content=\"pt_BR\" \/>\n<meta property=\"og:type\" content=\"article\" \/>\n<meta property=\"og:title\" content=\"Avulso Inicial - PL 4872\/2025 - C\u00e2mara - Legislapp\" \/>\n<meta property=\"og:description\" content=\"Avulso Inicial &#8211; Autoria de Fl\u00e1via Morais C\u00c2MARA DOS DEPUTADOS PROJETO DE LEI N\u00ba , DE 2025 (Da Sra. FL\u00c1VIA MORAIS) Altera a Lei n\u00ba 13.675, de 11 de junho de 2018, para dispor sobre a obrigatoriedade de registro audiovisual de atividades de alto risco em cursos de forma\u00e7\u00e3o, treinamentos e capacita\u00e7\u00f5es dos \u00f3rg\u00e3os que [&hellip;]\" \/>\n<meta property=\"og:url\" content=\"https:\/\/www.legislapp.com.br\/index.php\/avulso-inicial-pl-4872-2025-camara\/\" \/>\n<meta property=\"og:site_name\" content=\"Legislapp\" \/>\n<meta property=\"article:publisher\" content=\"https:\/\/www.instagram.com\/legislapp\/\" \/>\n<meta property=\"og:image\" content=\"https:\/\/www.legislapp.com.br\/wp-content\/uploads\/2021\/07\/Logo-Legislapp-1-03-1.png\" \/>\n<meta name=\"twitter:card\" content=\"summary_large_image\" \/>\n<meta name=\"twitter:label1\" content=\"Est. tempo de leitura\" \/>\n\t<meta name=\"twitter:data1\" content=\"4 minutos\" \/>\n<script type=\"application\/ld+json\" class=\"yoast-schema-graph\">{\"@context\":\"https:\/\/schema.org\",\"@graph\":[{\"@type\":\"WebPage\",\"@id\":\"https:\/\/www.legislapp.com.br\/index.php\/avulso-inicial-pl-4872-2025-camara\/\",\"url\":\"https:\/\/www.legislapp.com.br\/index.php\/avulso-inicial-pl-4872-2025-camara\/\",\"name\":\"Avulso Inicial - PL 4872\/2025 - C\u00e2mara - Legislapp\",\"isPartOf\":{\"@id\":\"https:\/\/www.legislapp.com.br\/#website\"},\"primaryImageOfPage\":{\"@id\":\"https:\/\/www.legislapp.com.br\/index.php\/avulso-inicial-pl-4872-2025-camara\/#primaryimage\"},\"image\":{\"@id\":\"https:\/\/www.legislapp.com.br\/index.php\/avulso-inicial-pl-4872-2025-camara\/#primaryimage\"},\"thumbnailUrl\":\"https:\/\/www.legislapp.com.br\/wp-content\/uploads\/2021\/07\/Logo-Legislapp-1-03-1.png\",\"datePublished\":\"2025-12-01T14:36:04+00:00\",\"breadcrumb\":{\"@id\":\"https:\/\/www.legislapp.com.br\/index.php\/avulso-inicial-pl-4872-2025-camara\/#breadcrumb\"},\"inLanguage\":\"pt-BR\",\"potentialAction\":[{\"@type\":\"ReadAction\",\"target\":[\"https:\/\/www.legislapp.com.br\/index.php\/avulso-inicial-pl-4872-2025-camara\/\"]}]},{\"@type\":\"ImageObject\",\"inLanguage\":\"pt-BR\",\"@id\":\"https:\/\/www.legislapp.com.br\/index.php\/avulso-inicial-pl-4872-2025-camara\/#primaryimage\",\"url\":\"https:\/\/www.legislapp.com.br\/wp-content\/uploads\/2021\/07\/Logo-Legislapp-1-03-1.png\",\"contentUrl\":\"https:\/\/www.legislapp.com.br\/wp-content\/uploads\/2021\/07\/Logo-Legislapp-1-03-1.png\",\"width\":2679,\"height\":2697},{\"@type\":\"BreadcrumbList\",\"@id\":\"https:\/\/www.legislapp.com.br\/index.php\/avulso-inicial-pl-4872-2025-camara\/#breadcrumb\",\"itemListElement\":[{\"@type\":\"ListItem\",\"position\":1,\"name\":\"In\u00edcio\",\"item\":\"https:\/\/www.legislapp.com.br\/\"},{\"@type\":\"ListItem\",\"position\":2,\"name\":\"Avulso Inicial &#8211; PL 4872\/2025 &#8211; C\u00e2mara\"}]},{\"@type\":\"WebSite\",\"@id\":\"https:\/\/www.legislapp.com.br\/#website\",\"url\":\"https:\/\/www.legislapp.com.br\/\",\"name\":\"Legislapp\",\"description\":\"Intelig\u00eancia governamental em tempo real\",\"publisher\":{\"@id\":\"https:\/\/www.legislapp.com.br\/#organization\"},\"potentialAction\":[{\"@type\":\"SearchAction\",\"target\":{\"@type\":\"EntryPoint\",\"urlTemplate\":\"https:\/\/www.legislapp.com.br\/?s={search_term_string}\"},\"query-input\":{\"@type\":\"PropertyValueSpecification\",\"valueRequired\":true,\"valueName\":\"search_term_string\"}}],\"inLanguage\":\"pt-BR\"},{\"@type\":\"Organization\",\"@id\":\"https:\/\/www.legislapp.com.br\/#organization\",\"name\":\"Legislapp Monitoramento e Intelig\u00eancia Governamental\",\"url\":\"https:\/\/www.legislapp.com.br\/\",\"logo\":{\"@type\":\"ImageObject\",\"inLanguage\":\"pt-BR\",\"@id\":\"https:\/\/www.legislapp.com.br\/#\/schema\/logo\/image\/\",\"url\":\"https:\/\/www.legislapp.com.br\/wp-content\/uploads\/icon.png\",\"contentUrl\":\"https:\/\/www.legislapp.com.br\/wp-content\/uploads\/icon.png\",\"width\":1024,\"height\":1024,\"caption\":\"Legislapp Monitoramento e Intelig\u00eancia Governamental\"},\"image\":{\"@id\":\"https:\/\/www.legislapp.com.br\/#\/schema\/logo\/image\/\"},\"sameAs\":[\"https:\/\/www.instagram.com\/legislapp\/\"]}]}<\/script>\n<!-- \/ Yoast SEO plugin. -->","yoast_head_json":{"title":"Avulso Inicial - PL 4872\/2025 - C\u00e2mara - Legislapp","robots":{"index":"index","follow":"follow","max-snippet":"max-snippet:-1","max-image-preview":"max-image-preview:large","max-video-preview":"max-video-preview:-1"},"canonical":"https:\/\/www.legislapp.com.br\/index.php\/avulso-inicial-pl-4872-2025-camara\/","og_locale":"pt_BR","og_type":"article","og_title":"Avulso Inicial - PL 4872\/2025 - C\u00e2mara - Legislapp","og_description":"Avulso Inicial &#8211; Autoria de Fl\u00e1via Morais C\u00c2MARA DOS DEPUTADOS PROJETO DE LEI N\u00ba , DE 2025 (Da Sra. FL\u00c1VIA MORAIS) Altera a Lei n\u00ba 13.675, de 11 de junho de 2018, para dispor sobre a obrigatoriedade de registro audiovisual de atividades de alto risco em cursos de forma\u00e7\u00e3o, treinamentos e capacita\u00e7\u00f5es dos \u00f3rg\u00e3os que [&hellip;]","og_url":"https:\/\/www.legislapp.com.br\/index.php\/avulso-inicial-pl-4872-2025-camara\/","og_site_name":"Legislapp","article_publisher":"https:\/\/www.instagram.com\/legislapp\/","og_image":[{"url":"https:\/\/www.legislapp.com.br\/wp-content\/uploads\/2021\/07\/Logo-Legislapp-1-03-1.png","type":"","width":"","height":""}],"twitter_card":"summary_large_image","twitter_misc":{"Est. tempo de leitura":"4 minutos"},"schema":{"@context":"https:\/\/schema.org","@graph":[{"@type":"WebPage","@id":"https:\/\/www.legislapp.com.br\/index.php\/avulso-inicial-pl-4872-2025-camara\/","url":"https:\/\/www.legislapp.com.br\/index.php\/avulso-inicial-pl-4872-2025-camara\/","name":"Avulso Inicial - PL 4872\/2025 - C\u00e2mara - Legislapp","isPartOf":{"@id":"https:\/\/www.legislapp.com.br\/#website"},"primaryImageOfPage":{"@id":"https:\/\/www.legislapp.com.br\/index.php\/avulso-inicial-pl-4872-2025-camara\/#primaryimage"},"image":{"@id":"https:\/\/www.legislapp.com.br\/index.php\/avulso-inicial-pl-4872-2025-camara\/#primaryimage"},"thumbnailUrl":"https:\/\/www.legislapp.com.br\/wp-content\/uploads\/2021\/07\/Logo-Legislapp-1-03-1.png","datePublished":"2025-12-01T14:36:04+00:00","breadcrumb":{"@id":"https:\/\/www.legislapp.com.br\/index.php\/avulso-inicial-pl-4872-2025-camara\/#breadcrumb"},"inLanguage":"pt-BR","potentialAction":[{"@type":"ReadAction","target":["https:\/\/www.legislapp.com.br\/index.php\/avulso-inicial-pl-4872-2025-camara\/"]}]},{"@type":"ImageObject","inLanguage":"pt-BR","@id":"https:\/\/www.legislapp.com.br\/index.php\/avulso-inicial-pl-4872-2025-camara\/#primaryimage","url":"https:\/\/www.legislapp.com.br\/wp-content\/uploads\/2021\/07\/Logo-Legislapp-1-03-1.png","contentUrl":"https:\/\/www.legislapp.com.br\/wp-content\/uploads\/2021\/07\/Logo-Legislapp-1-03-1.png","width":2679,"height":2697},{"@type":"BreadcrumbList","@id":"https:\/\/www.legislapp.com.br\/index.php\/avulso-inicial-pl-4872-2025-camara\/#breadcrumb","itemListElement":[{"@type":"ListItem","position":1,"name":"In\u00edcio","item":"https:\/\/www.legislapp.com.br\/"},{"@type":"ListItem","position":2,"name":"Avulso Inicial &#8211; PL 4872\/2025 &#8211; C\u00e2mara"}]},{"@type":"WebSite","@id":"https:\/\/www.legislapp.com.br\/#website","url":"https:\/\/www.legislapp.com.br\/","name":"Legislapp","description":"Intelig\u00eancia governamental em tempo real","publisher":{"@id":"https:\/\/www.legislapp.com.br\/#organization"},"potentialAction":[{"@type":"SearchAction","target":{"@type":"EntryPoint","urlTemplate":"https:\/\/www.legislapp.com.br\/?s={search_term_string}"},"query-input":{"@type":"PropertyValueSpecification","valueRequired":true,"valueName":"search_term_string"}}],"inLanguage":"pt-BR"},{"@type":"Organization","@id":"https:\/\/www.legislapp.com.br\/#organization","name":"Legislapp Monitoramento e Intelig\u00eancia Governamental","url":"https:\/\/www.legislapp.com.br\/","logo":{"@type":"ImageObject","inLanguage":"pt-BR","@id":"https:\/\/www.legislapp.com.br\/#\/schema\/logo\/image\/","url":"https:\/\/www.legislapp.com.br\/wp-content\/uploads\/icon.png","contentUrl":"https:\/\/www.legislapp.com.br\/wp-content\/uploads\/icon.png","width":1024,"height":1024,"caption":"Legislapp Monitoramento e Intelig\u00eancia Governamental"},"image":{"@id":"https:\/\/www.legislapp.com.br\/#\/schema\/logo\/image\/"},"sameAs":["https:\/\/www.instagram.com\/legislapp\/"]}]}},"_links":{"self":[{"href":"https:\/\/www.legislapp.com.br\/index.php\/wp-json\/wp\/v2\/pages\/10758","targetHints":{"allow":["GET"]}}],"collection":[{"href":"https:\/\/www.legislapp.com.br\/index.php\/wp-json\/wp\/v2\/pages"}],"about":[{"href":"https:\/\/www.legislapp.com.br\/index.php\/wp-json\/wp\/v2\/types\/page"}],"author":[{"embeddable":true,"href":"https:\/\/www.legislapp.com.br\/index.php\/wp-json\/wp\/v2\/users\/1"}],"replies":[{"embeddable":true,"href":"https:\/\/www.legislapp.com.br\/index.php\/wp-json\/wp\/v2\/comments?post=10758"}],"version-history":[{"count":0,"href":"https:\/\/www.legislapp.com.br\/index.php\/wp-json\/wp\/v2\/pages\/10758\/revisions"}],"wp:attachment":[{"href":"https:\/\/www.legislapp.com.br\/index.php\/wp-json\/wp\/v2\/media?parent=10758"}],"curies":[{"name":"wp","href":"https:\/\/api.w.org\/{rel}","templated":true}]}}