{"id":10767,"date":"2025-12-01T11:36:42","date_gmt":"2025-12-01T14:36:42","guid":{"rendered":"https:\/\/www.legislapp.com.br\/index.php\/avulso-inicial-pl-5328-2025-camara\/"},"modified":"2025-12-01T11:36:42","modified_gmt":"2025-12-01T14:36:42","slug":"avulso-inicial-pl-5328-2025-camara","status":"publish","type":"page","link":"https:\/\/www.legislapp.com.br\/index.php\/avulso-inicial-pl-5328-2025-camara\/","title":{"rendered":"Avulso Inicial &#8211; PL 5328\/2025 &#8211; C\u00e2mara"},"content":{"rendered":"<h1 style='text-align: center;'>Avulso Inicial &#8211; Autoria de Jos\u00e9 Medeiros<\/h3>\n<p><\/p>\n<article>PROJETO DE LEI N\u00ba          , DE 2025<br \/>\n(Do Sr. JOS\u00c9 MEDEIROS)<br \/>\nInstitui a Pol\u00edtica Nacional de Aten\u00e7\u00e3o<br \/>\nIntegral \u00e0 Sa\u00fade da Pessoa com Depress\u00e3o.<br \/>\nO Congresso Nacional decreta:<br \/>\nArt. 1\u00ba Institui a Pol\u00edtica Nacional de Aten\u00e7\u00e3o Integral \u00e0 Sa\u00fade<br \/>\nda Pessoa com Depress\u00e3o, a ser implementada no \u00e2mbito da Rede de Aten\u00e7\u00e3o<br \/>\nPsicossocial (RAPS).<br \/>\nArt. 2\u00ba S\u00e3o princ\u00edpios da Pol\u00edtica Nacional de de Aten\u00e7\u00e3o<br \/>\nIntegral \u00e0 Sa\u00fade da Pessoa com Depress\u00e3o:<br \/>\nI &#8211; a integralidade da aten\u00e7\u00e3o \u00e0 sa\u00fade, com abordagem<br \/>\nbiopsicossocial do indiv\u00edduo;<br \/>\nII &#8211; o acesso universal, equ\u00e2nime e em tempo oportuno aos<br \/>\ncuidados em sa\u00fade mental;<br \/>\nIII &#8211; a humaniza\u00e7\u00e3o do cuidado e o respeito \u00e0 dignidade e aos<br \/>\ndireitos da pessoa;<br \/>\nIV &#8211; o combate ao estigma e \u00e0 desinforma\u00e7\u00e3o sobre os<br \/>\ntranstornos mentais e suas modalidades de tratamento.<br \/>\nArt. 3\u00ba S\u00e3o diretrizes da Pol\u00edtica Nacional Aten\u00e7\u00e3o Integral \u00e0<br \/>\nSa\u00fade da Pessoa com Depress\u00e3o:<br \/>\nI &#8211; a promo\u00e7\u00e3o do diagn\u00f3stico precoce e preciso da depress\u00e3o<br \/>\nem seus diferentes n\u00edveis de gravidade;<br \/>\nII &#8211; a garantia de acesso ao tratamento multiprofissional,<br \/>\nincluindo acompanhamento psiqui\u00e1trico, psicol\u00f3gico e de assist\u00eancia social;<br \/>\nPara verificar a assinatura, acesse https:\/\/infoleg-autenticidade-assinatura.camara.leg.br\/CD259126293600<br \/>\nAssinado eletronicamente pelo(a) Dep. Jos\u00e9 Medeiros<br \/>\nApresenta\u00e7\u00e3o: 21\/10\/2025 18:58:29.870 &#8211; Mesa<br \/>\n*CD259126293600* PL n.5328\/2025<br \/>2<br \/>\nIII &#8211; o fortalecimento da articula\u00e7\u00e3o entre os diferentes pontos<br \/>\nde aten\u00e7\u00e3o da RAPS, com \u00eanfase no papel da Aten\u00e7\u00e3o Prim\u00e1ria \u00e0 Sa\u00fade como<br \/>\ncoordenadora do cuidado;<br \/>\nIV &#8211; o fomento \u00e0 pesquisa cient\u00edfica para o desenvolvimento de<br \/>\nnovas abordagens terap\u00eauticas e para a avalia\u00e7\u00e3o de efetividade das<br \/>\ntecnologias em sa\u00fade.<br \/>\nArt. 4\u00ba A implementa\u00e7\u00e3o da Pol\u00edtica de que trata esta Lei<br \/>\nobservar\u00e1 a pactua\u00e7\u00e3o e a coopera\u00e7\u00e3o entre a Uni\u00e3o, os Estados, o Distrito<br \/>\nFederal e os Munic\u00edpios, no \u00e2mbito das comiss\u00f5es intergestores do SUS.<br \/>\nArt. 5\u00ba As despesas da Uni\u00e3o decorrentes desta Lei correr\u00e3o \u00e0<br \/>\nconta de dota\u00e7\u00f5es or\u00e7ament\u00e1rias pr\u00f3prias do Minist\u00e9rio da Sa\u00fade, sujeitas \u00e0<br \/>\ndisponibilidade or\u00e7ament\u00e1ria e financeira de cada exerc\u00edcio.<br \/>\nArt. 6\u00ba Os planos de sa\u00fade n\u00e3o podem negar atendimento a<br \/>\nterapias ambulatoriais ou emergenciais devidamente justificadas e necess\u00e1rias<br \/>\nno tratamento e combate \u00e0 depress\u00e3o, estando sujeitos a multa a ser revertida<br \/>\npara o segurado prejudicado, al\u00e9m do dano moral ou material.<br \/>\nPar\u00e1grafo \u00fanico. A multa acima ser\u00e1 de 5 a 10 sal\u00e1rios<br \/>\nm\u00ednimos conforme a gravidade do caso.<br \/>\nArt. 6\u00ba Esta Lei entra em vigor na data de sua publica\u00e7\u00e3o.<br \/>\nPara verificar a assinatura, acesse https:\/\/infoleg-autenticidade-assinatura.camara.leg.br\/CD259126293600<br \/>\nAssinado eletronicamente pelo(a) Dep. Jos\u00e9 Medeiros<br \/>\nApresenta\u00e7\u00e3o: 21\/10\/2025 18:58:29.870 &#8211; Mesa<br \/>\n*CD259126293600* PL n.5328\/2025<br \/>3<br \/>\nJUSTIFICA\u00c7\u00c3O<br \/>\nA depress\u00e3o constitui um dos maiores desafios de sa\u00fade<br \/>\np\u00fablica do nosso tempo, afetando milh\u00f5es de brasileiros e gerando profundo<br \/>\nsofrimento individual, familiar e social. Em suas formas graves e resistentes<br \/>\naos tratamentos convencionais, a condi\u00e7\u00e3o imp\u00f5e uma carga ainda mais<br \/>\nsevera, com altos \u00edndices de incapacidade funcional e risco de suic\u00eddio.<br \/>\nEmbora o Sistema \u00danico de Sa\u00fade (SUS), por meio da Rede de Aten\u00e7\u00e3o<br \/>\nPsicossocial (RAPS), j\u00e1 preveja o cuidado em sa\u00fade mental, persistem lacunas<br \/>\nna organiza\u00e7\u00e3o da aten\u00e7\u00e3o espec\u00edfica para esses quadros mais complexos.<br \/>\nO presente Projeto de Lei visa, portanto, instituir a Pol\u00edtica<br \/>\nNacional de Aten\u00e7\u00e3o Integral \u00e0 Sa\u00fade da Pessoa com Depress\u00e3o, n\u00e3o para<br \/>\ncriar uma nova estrutura, mas para fortalecer e qualificar a rede j\u00e1 existente. A<br \/>\nproposi\u00e7\u00e3o estabelece diretrizes claras e princ\u00edpios norteadores para que o<br \/>\nEstado possa organizar o cuidado de forma mais equ\u00e2nime e resolutiva,<br \/>\ngarantindo que o direito \u00e0 sa\u00fade mental seja plenamente efetivado para essa<br \/>\npopula\u00e7\u00e3o.<br \/>\nAo eleger como princ\u00edpios a integralidade, a humaniza\u00e7\u00e3o e o<br \/>\ncombate ao estigma, e como diretrizes o diagn\u00f3stico precoce, o tratamento<br \/>\nmultiprofissional e o fomento \u00e0 pesquisa, esta proposta busca orientar a gest\u00e3o<br \/>\ndo SUS para uma abordagem mais robusta e baseada em evid\u00eancias. A \u00eanfase<br \/>\nna articula\u00e7\u00e3o da RAPS e na coopera\u00e7\u00e3o interfederativa respeita o pacto<br \/>\nfederativo e a autonomia dos gestores, oferecendo um arcabou\u00e7o legal que<br \/>\ninduz \u00e0 qualifica\u00e7\u00e3o do cuidado, sem engessar a administra\u00e7\u00e3o p\u00fablica.<br \/>\nImportante ressaltar que muitos planos de sa\u00fade v\u00eam negando<br \/>\natendimento ambulatorial e emergencial a pessoas com depress\u00e3o ilegalmente,<br \/>\npara reduzir custos e dissuad\u00ed-las a desistir, posto que a doen\u00e7a em si pr\u00f3pria<br \/>\ndeixa a pessoa inerte e sem for\u00e7as, com grave sofrimento mental.<br \/>\nAtentos a isso, propomos declarar claramente a ilegalidade<br \/>\ndessas medidas de m\u00e1-f\u00e9 dos planos, al\u00e9m de destinar multa ao segurado<br \/>\nlesado, que ajudar\u00e1 a custear medidas paliativas tempor\u00e1rias ou mesmo<br \/>\nPara verificar a assinatura, acesse https:\/\/infoleg-autenticidade-assinatura.camara.leg.br\/CD259126293600<br \/>\nAssinado eletronicamente pelo(a) Dep. Jos\u00e9 Medeiros<br \/>\nApresenta\u00e7\u00e3o: 21\/10\/2025 18:58:29.870 &#8211; Mesa<br \/>\n*CD259126293600* PL n.5328\/2025<br \/>4<br \/>\ncontrata\u00e7\u00e3o de advogado para judicializar a demanda negada, visto que esse<br \/>\nvalor gasto com advogado n\u00e3o \u00e9 indeniz\u00e1vel na justi\u00e7a, uma grave falha do<br \/>\nsistema jur\u00eddico brasileiro, j\u00e1 que a sucumb\u00eancia n\u00e3o \u00e9 mais do autor da<br \/>\ndemanda, mas do advogado.<br \/>\nDessa forma, ao aprovar esta mat\u00e9ria, o Congresso Nacional<br \/>\ndar\u00e1 um passo decisivo para assegurar que os brasileiros que enfrentam a<br \/>\ndepress\u00e3o recebam o acolhimento e o tratamento dignos e eficazes a que t\u00eam<br \/>\ndireito.<br \/>\nSala das Sess\u00f5es, em        de                     de 2025.<br \/>\nDeputado JOS\u00c9 MEDEIROS<br \/>\nPara verificar a assinatura, acesse https:\/\/infoleg-autenticidade-assinatura.camara.leg.br\/CD259126293600<br \/>\nAssinado eletronicamente pelo(a) Dep. Jos\u00e9 Medeiros<br \/>\nApresenta\u00e7\u00e3o: 21\/10\/2025 18:58:29.870 &#8211; Mesa<br \/>\n*CD259126293600* PL n.5328\/2025<\/article>\n<p><a href='https:\/\/app.legislapp.com.br\/#\/busca?termo=Cria\u00e7\u00e3o'>Cria\u00e7\u00e3o<\/a>, <a href='https:\/\/app.legislapp.com.br\/#\/busca?termo=Pol\u00edtica Nacional de Aten\u00e7\u00e3o Integral \u00e0 Sa\u00fade da Pessoa com Depress\u00e3o'>Pol\u00edtica Nacional de Aten\u00e7\u00e3o Integral \u00e0 Sa\u00fade da Pessoa com Depress\u00e3o<\/a>, <a href='https:\/\/app.legislapp.com.br\/#\/busca?termo=diretrizes'>diretrizes<\/a>, <a href='https:\/\/app.legislapp.com.br\/#\/busca?termo=sa\u00fade mental'>sa\u00fade mental<\/a>, <a href='https:\/\/app.legislapp.com.br\/#\/busca?termo=Rede de Aten\u00e7\u00e3o Psicossocial (RAPS)'>Rede de Aten\u00e7\u00e3o Psicossocial (RAPS)<\/a>, <a href='https:\/\/app.legislapp.com.br\/#\/busca?termo=Sistema \u00danico de Sa\u00fade (SUS)'>Sistema \u00danico de Sa\u00fade (SUS)<\/a>, <a href='https:\/\/app.legislapp.com.br\/#\/busca?termo=proibi\u00e7\u00e3o'>proibi\u00e7\u00e3o<\/a>, <a href='https:\/\/app.legislapp.com.br\/#\/busca?termo=plano de sa\u00fade'>plano de sa\u00fade<\/a>, <a href='https:\/\/app.legislapp.com.br\/#\/busca?termo=sa\u00fade suplementar'>sa\u00fade suplementar<\/a>, <a href='https:\/\/app.legislapp.com.br\/#\/busca?termo=negativa de cobertura'>negativa de cobertura<\/a>, <a href='https:\/\/app.legislapp.com.br\/#\/busca?termo=tratamento'>tratamento<\/a>, <a href='https:\/\/app.legislapp.com.br\/#\/busca?termo=depress\u00e3o.'>depress\u00e3o.<\/a><\/p>\n<div style=\"text-align: center\">\n      <img decoding=\"async\" style=\"width: 14%;\" src=\"https:\/\/www.legislapp.com.br\/wp-content\/uploads\/2021\/07\/Logo-Legislapp-1-03-1.png\"><br \/>\n      <\/p>\n<div style=\"margin-bottom: 20px;\" class=\"et_pb_button_module_wrapper et_pb_button_5_tb_body_wrapper et_pb_button_alignment_center et_pb_module \">\n         <a class=\"et_pb_button et_pb_button_5_tb_body et_hover_enabled et_pb_bg_layout_dark\" style=\"width: 50%;background-color: black;\" href=\"https:\/\/app.legislapp.com.br\" target=\"_blank\" rel=\"noopener\">Visualizar completo na nossa plataforma (30 dias gr\u00e1tis)<\/a><\/p><\/div>\n<p>      <a href=\"https:\/\/play.google.com\/store\/apps\/details?id=br.com.legislapp\"><img decoding=\"async\" style=\"width: 15%; min-width: 130px;\" src=\"https:\/\/www.legislapp.com.br\/wp-content\/uploads\/google-play.png\"><\/a><br \/>\n      <a href=\"https:\/\/apps.apple.com\/us\/app\/legislapp\/id1568929859\"><img decoding=\"async\" style=\"width: 15%; min-width: 130px\" src=\"https:\/\/www.legislapp.com.br\/wp-content\/uploads\/apple-store.png\"><\/a>\n   <\/div>\n","protected":false},"excerpt":{"rendered":"<p>Avulso Inicial &#8211; Autoria de Jos\u00e9 Medeiros PROJETO DE LEI N\u00ba , DE 2025 (Do Sr. JOS\u00c9 MEDEIROS) Institui a Pol\u00edtica Nacional de Aten\u00e7\u00e3o Integral \u00e0 Sa\u00fade da Pessoa com Depress\u00e3o. O Congresso Nacional decreta: Art. 1\u00ba Institui a Pol\u00edtica Nacional de Aten\u00e7\u00e3o Integral \u00e0 Sa\u00fade da Pessoa com Depress\u00e3o, a ser implementada no \u00e2mbito [&hellip;]<\/p>\n","protected":false},"author":1,"featured_media":0,"parent":0,"menu_order":0,"comment_status":"closed","ping_status":"closed","template":"page-template-blank.php","meta":{"_et_pb_use_builder":"","_et_pb_old_content":"","_et_gb_content_width":"1080","ngg_post_thumbnail":0,"footnotes":""},"class_list":["post-10767","page","type-page","status-publish","hentry"],"yoast_head":"<!-- This site is optimized with the Yoast SEO plugin v24.4 - https:\/\/yoast.com\/wordpress\/plugins\/seo\/ -->\n<title>Avulso Inicial - PL 5328\/2025 - C\u00e2mara - Legislapp<\/title>\n<meta name=\"robots\" content=\"index, follow, max-snippet:-1, max-image-preview:large, max-video-preview:-1\" \/>\n<link rel=\"canonical\" href=\"https:\/\/www.legislapp.com.br\/index.php\/avulso-inicial-pl-5328-2025-camara\/\" \/>\n<meta property=\"og:locale\" content=\"pt_BR\" \/>\n<meta property=\"og:type\" content=\"article\" \/>\n<meta property=\"og:title\" content=\"Avulso Inicial - PL 5328\/2025 - C\u00e2mara - Legislapp\" \/>\n<meta property=\"og:description\" content=\"Avulso Inicial &#8211; Autoria de Jos\u00e9 Medeiros PROJETO DE LEI N\u00ba , DE 2025 (Do Sr. JOS\u00c9 MEDEIROS) Institui a Pol\u00edtica Nacional de Aten\u00e7\u00e3o Integral \u00e0 Sa\u00fade da Pessoa com Depress\u00e3o. O Congresso Nacional decreta: Art. 1\u00ba Institui a Pol\u00edtica Nacional de Aten\u00e7\u00e3o Integral \u00e0 Sa\u00fade da Pessoa com Depress\u00e3o, a ser implementada no \u00e2mbito [&hellip;]\" \/>\n<meta property=\"og:url\" content=\"https:\/\/www.legislapp.com.br\/index.php\/avulso-inicial-pl-5328-2025-camara\/\" \/>\n<meta property=\"og:site_name\" content=\"Legislapp\" \/>\n<meta property=\"article:publisher\" content=\"https:\/\/www.instagram.com\/legislapp\/\" \/>\n<meta property=\"og:image\" content=\"https:\/\/www.legislapp.com.br\/wp-content\/uploads\/2021\/07\/Logo-Legislapp-1-03-1.png\" \/>\n<meta name=\"twitter:card\" content=\"summary_large_image\" \/>\n<meta name=\"twitter:label1\" content=\"Est. tempo de leitura\" \/>\n\t<meta name=\"twitter:data1\" content=\"5 minutos\" \/>\n<script type=\"application\/ld+json\" class=\"yoast-schema-graph\">{\"@context\":\"https:\/\/schema.org\",\"@graph\":[{\"@type\":\"WebPage\",\"@id\":\"https:\/\/www.legislapp.com.br\/index.php\/avulso-inicial-pl-5328-2025-camara\/\",\"url\":\"https:\/\/www.legislapp.com.br\/index.php\/avulso-inicial-pl-5328-2025-camara\/\",\"name\":\"Avulso Inicial - PL 5328\/2025 - C\u00e2mara - Legislapp\",\"isPartOf\":{\"@id\":\"https:\/\/www.legislapp.com.br\/#website\"},\"primaryImageOfPage\":{\"@id\":\"https:\/\/www.legislapp.com.br\/index.php\/avulso-inicial-pl-5328-2025-camara\/#primaryimage\"},\"image\":{\"@id\":\"https:\/\/www.legislapp.com.br\/index.php\/avulso-inicial-pl-5328-2025-camara\/#primaryimage\"},\"thumbnailUrl\":\"https:\/\/www.legislapp.com.br\/wp-content\/uploads\/2021\/07\/Logo-Legislapp-1-03-1.png\",\"datePublished\":\"2025-12-01T14:36:42+00:00\",\"breadcrumb\":{\"@id\":\"https:\/\/www.legislapp.com.br\/index.php\/avulso-inicial-pl-5328-2025-camara\/#breadcrumb\"},\"inLanguage\":\"pt-BR\",\"potentialAction\":[{\"@type\":\"ReadAction\",\"target\":[\"https:\/\/www.legislapp.com.br\/index.php\/avulso-inicial-pl-5328-2025-camara\/\"]}]},{\"@type\":\"ImageObject\",\"inLanguage\":\"pt-BR\",\"@id\":\"https:\/\/www.legislapp.com.br\/index.php\/avulso-inicial-pl-5328-2025-camara\/#primaryimage\",\"url\":\"https:\/\/www.legislapp.com.br\/wp-content\/uploads\/2021\/07\/Logo-Legislapp-1-03-1.png\",\"contentUrl\":\"https:\/\/www.legislapp.com.br\/wp-content\/uploads\/2021\/07\/Logo-Legislapp-1-03-1.png\",\"width\":2679,\"height\":2697},{\"@type\":\"BreadcrumbList\",\"@id\":\"https:\/\/www.legislapp.com.br\/index.php\/avulso-inicial-pl-5328-2025-camara\/#breadcrumb\",\"itemListElement\":[{\"@type\":\"ListItem\",\"position\":1,\"name\":\"In\u00edcio\",\"item\":\"https:\/\/www.legislapp.com.br\/\"},{\"@type\":\"ListItem\",\"position\":2,\"name\":\"Avulso Inicial &#8211; PL 5328\/2025 &#8211; C\u00e2mara\"}]},{\"@type\":\"WebSite\",\"@id\":\"https:\/\/www.legislapp.com.br\/#website\",\"url\":\"https:\/\/www.legislapp.com.br\/\",\"name\":\"Legislapp\",\"description\":\"Intelig\u00eancia governamental em tempo real\",\"publisher\":{\"@id\":\"https:\/\/www.legislapp.com.br\/#organization\"},\"potentialAction\":[{\"@type\":\"SearchAction\",\"target\":{\"@type\":\"EntryPoint\",\"urlTemplate\":\"https:\/\/www.legislapp.com.br\/?s={search_term_string}\"},\"query-input\":{\"@type\":\"PropertyValueSpecification\",\"valueRequired\":true,\"valueName\":\"search_term_string\"}}],\"inLanguage\":\"pt-BR\"},{\"@type\":\"Organization\",\"@id\":\"https:\/\/www.legislapp.com.br\/#organization\",\"name\":\"Legislapp Monitoramento e Intelig\u00eancia Governamental\",\"url\":\"https:\/\/www.legislapp.com.br\/\",\"logo\":{\"@type\":\"ImageObject\",\"inLanguage\":\"pt-BR\",\"@id\":\"https:\/\/www.legislapp.com.br\/#\/schema\/logo\/image\/\",\"url\":\"https:\/\/www.legislapp.com.br\/wp-content\/uploads\/icon.png\",\"contentUrl\":\"https:\/\/www.legislapp.com.br\/wp-content\/uploads\/icon.png\",\"width\":1024,\"height\":1024,\"caption\":\"Legislapp Monitoramento e Intelig\u00eancia Governamental\"},\"image\":{\"@id\":\"https:\/\/www.legislapp.com.br\/#\/schema\/logo\/image\/\"},\"sameAs\":[\"https:\/\/www.instagram.com\/legislapp\/\"]}]}<\/script>\n<!-- \/ Yoast SEO plugin. -->","yoast_head_json":{"title":"Avulso Inicial - PL 5328\/2025 - C\u00e2mara - Legislapp","robots":{"index":"index","follow":"follow","max-snippet":"max-snippet:-1","max-image-preview":"max-image-preview:large","max-video-preview":"max-video-preview:-1"},"canonical":"https:\/\/www.legislapp.com.br\/index.php\/avulso-inicial-pl-5328-2025-camara\/","og_locale":"pt_BR","og_type":"article","og_title":"Avulso Inicial - PL 5328\/2025 - C\u00e2mara - Legislapp","og_description":"Avulso Inicial &#8211; Autoria de Jos\u00e9 Medeiros PROJETO DE LEI N\u00ba , DE 2025 (Do Sr. JOS\u00c9 MEDEIROS) Institui a Pol\u00edtica Nacional de Aten\u00e7\u00e3o Integral \u00e0 Sa\u00fade da Pessoa com Depress\u00e3o. O Congresso Nacional decreta: Art. 1\u00ba Institui a Pol\u00edtica Nacional de Aten\u00e7\u00e3o Integral \u00e0 Sa\u00fade da Pessoa com Depress\u00e3o, a ser implementada no \u00e2mbito [&hellip;]","og_url":"https:\/\/www.legislapp.com.br\/index.php\/avulso-inicial-pl-5328-2025-camara\/","og_site_name":"Legislapp","article_publisher":"https:\/\/www.instagram.com\/legislapp\/","og_image":[{"url":"https:\/\/www.legislapp.com.br\/wp-content\/uploads\/2021\/07\/Logo-Legislapp-1-03-1.png","type":"","width":"","height":""}],"twitter_card":"summary_large_image","twitter_misc":{"Est. tempo de leitura":"5 minutos"},"schema":{"@context":"https:\/\/schema.org","@graph":[{"@type":"WebPage","@id":"https:\/\/www.legislapp.com.br\/index.php\/avulso-inicial-pl-5328-2025-camara\/","url":"https:\/\/www.legislapp.com.br\/index.php\/avulso-inicial-pl-5328-2025-camara\/","name":"Avulso Inicial - PL 5328\/2025 - C\u00e2mara - Legislapp","isPartOf":{"@id":"https:\/\/www.legislapp.com.br\/#website"},"primaryImageOfPage":{"@id":"https:\/\/www.legislapp.com.br\/index.php\/avulso-inicial-pl-5328-2025-camara\/#primaryimage"},"image":{"@id":"https:\/\/www.legislapp.com.br\/index.php\/avulso-inicial-pl-5328-2025-camara\/#primaryimage"},"thumbnailUrl":"https:\/\/www.legislapp.com.br\/wp-content\/uploads\/2021\/07\/Logo-Legislapp-1-03-1.png","datePublished":"2025-12-01T14:36:42+00:00","breadcrumb":{"@id":"https:\/\/www.legislapp.com.br\/index.php\/avulso-inicial-pl-5328-2025-camara\/#breadcrumb"},"inLanguage":"pt-BR","potentialAction":[{"@type":"ReadAction","target":["https:\/\/www.legislapp.com.br\/index.php\/avulso-inicial-pl-5328-2025-camara\/"]}]},{"@type":"ImageObject","inLanguage":"pt-BR","@id":"https:\/\/www.legislapp.com.br\/index.php\/avulso-inicial-pl-5328-2025-camara\/#primaryimage","url":"https:\/\/www.legislapp.com.br\/wp-content\/uploads\/2021\/07\/Logo-Legislapp-1-03-1.png","contentUrl":"https:\/\/www.legislapp.com.br\/wp-content\/uploads\/2021\/07\/Logo-Legislapp-1-03-1.png","width":2679,"height":2697},{"@type":"BreadcrumbList","@id":"https:\/\/www.legislapp.com.br\/index.php\/avulso-inicial-pl-5328-2025-camara\/#breadcrumb","itemListElement":[{"@type":"ListItem","position":1,"name":"In\u00edcio","item":"https:\/\/www.legislapp.com.br\/"},{"@type":"ListItem","position":2,"name":"Avulso Inicial &#8211; PL 5328\/2025 &#8211; C\u00e2mara"}]},{"@type":"WebSite","@id":"https:\/\/www.legislapp.com.br\/#website","url":"https:\/\/www.legislapp.com.br\/","name":"Legislapp","description":"Intelig\u00eancia governamental em tempo real","publisher":{"@id":"https:\/\/www.legislapp.com.br\/#organization"},"potentialAction":[{"@type":"SearchAction","target":{"@type":"EntryPoint","urlTemplate":"https:\/\/www.legislapp.com.br\/?s={search_term_string}"},"query-input":{"@type":"PropertyValueSpecification","valueRequired":true,"valueName":"search_term_string"}}],"inLanguage":"pt-BR"},{"@type":"Organization","@id":"https:\/\/www.legislapp.com.br\/#organization","name":"Legislapp Monitoramento e Intelig\u00eancia Governamental","url":"https:\/\/www.legislapp.com.br\/","logo":{"@type":"ImageObject","inLanguage":"pt-BR","@id":"https:\/\/www.legislapp.com.br\/#\/schema\/logo\/image\/","url":"https:\/\/www.legislapp.com.br\/wp-content\/uploads\/icon.png","contentUrl":"https:\/\/www.legislapp.com.br\/wp-content\/uploads\/icon.png","width":1024,"height":1024,"caption":"Legislapp Monitoramento e Intelig\u00eancia Governamental"},"image":{"@id":"https:\/\/www.legislapp.com.br\/#\/schema\/logo\/image\/"},"sameAs":["https:\/\/www.instagram.com\/legislapp\/"]}]}},"_links":{"self":[{"href":"https:\/\/www.legislapp.com.br\/index.php\/wp-json\/wp\/v2\/pages\/10767","targetHints":{"allow":["GET"]}}],"collection":[{"href":"https:\/\/www.legislapp.com.br\/index.php\/wp-json\/wp\/v2\/pages"}],"about":[{"href":"https:\/\/www.legislapp.com.br\/index.php\/wp-json\/wp\/v2\/types\/page"}],"author":[{"embeddable":true,"href":"https:\/\/www.legislapp.com.br\/index.php\/wp-json\/wp\/v2\/users\/1"}],"replies":[{"embeddable":true,"href":"https:\/\/www.legislapp.com.br\/index.php\/wp-json\/wp\/v2\/comments?post=10767"}],"version-history":[{"count":0,"href":"https:\/\/www.legislapp.com.br\/index.php\/wp-json\/wp\/v2\/pages\/10767\/revisions"}],"wp:attachment":[{"href":"https:\/\/www.legislapp.com.br\/index.php\/wp-json\/wp\/v2\/media?parent=10767"}],"curies":[{"name":"wp","href":"https:\/\/api.w.org\/{rel}","templated":true}]}}