{"id":10769,"date":"2025-12-01T11:36:47","date_gmt":"2025-12-01T14:36:47","guid":{"rendered":"https:\/\/www.legislapp.com.br\/index.php\/avulso-inicial-pl-5584-2025-camara\/"},"modified":"2025-12-01T11:36:47","modified_gmt":"2025-12-01T14:36:47","slug":"avulso-inicial-pl-5584-2025-camara","status":"publish","type":"page","link":"https:\/\/www.legislapp.com.br\/index.php\/avulso-inicial-pl-5584-2025-camara\/","title":{"rendered":"Avulso Inicial &#8211; PL 5584\/2025 &#8211; C\u00e2mara"},"content":{"rendered":"<h1 style='text-align: center;'>Avulso Inicial &#8211; Autoria de Sargento Gon\u00e7alves<\/h3>\n<p><\/p>\n<article>C\u00c2MARA DOS DEPUTADOS<br \/>\nGABINETE DO DEPUTADO SARGENTO GON\u00c7ALVES<br \/>\nPROJETO DE LEI N\u00ba            , DE 2025<br \/>\n(Do Sr. SARGENTO GON\u00c7ALVES) <\/p>\n<p>Altera a Lei n\u00ba 13.756, de 12 de dezembro<br \/>\nde 2018, para destinar parte dos<br \/>\nrecursos do Fundo Nacional de<br \/>\nSeguran\u00e7a P\u00fablica \u00e0 assist\u00eancia jur\u00eddica<br \/>\nde operadores de seguran\u00e7a p\u00fablica<br \/>\nprocessados por atos decorrentes do<br \/>\nexerc\u00edcio da fun\u00e7\u00e3o.<\/p>\n<p>O Congresso Nacional decreta:<br \/>\nArt. 1\u00ba O art. 5\u00ba da Lei n\u00ba 13.756, de 12 de dezembro de 2018, passa<br \/>\na vigorar acrescido do seguinte inciso XII e do \u00a7 7\u00ba:<br \/>\nArt. 5\u00ba \u2026\u2026\u2026\u2026\u2026\u2026\u2026\u2026\u2026\u2026\u2026\u2026\u2026\u2026\u2026\u2026\u2026\u2026\u2026\u2026\u2026\u2026\u2026\u2026\u2026.<br \/>\n\u2026\u2026\u2026\u2026\u2026\u2026\u2026\u2026\u2026\u2026\u2026\u2026..<br \/>\nXIII \u2013 custear a defesa jur\u00eddica de integrantes dos<br \/>\n\u00f3rg\u00e3os de seguran\u00e7a p\u00fablica referidos no art. 144<br \/>\nda Constitui\u00e7\u00e3o Federal que respondam a a\u00e7\u00f5es<br \/>\npenais ou civis por fatos ocorridos em raz\u00e3o do<br \/>\nexerc\u00edcio de suas fun\u00e7\u00f5es.<br \/>\n\u2026\u2026\u2026\u2026\u2026\u2026\u2026\u2026\u2026\u2026\u2026\u2026\u2026\u2026\u2026\u2026\u2026\u2026\u2026\u2026\u2026\u2026\u2026\u2026\u2026\u2026\u2026\u2026\u2026.<br \/>\n\u2026\u2026\u2026\u2026\u2026\u2026\u2026\u2026\u2026\u2026\u2026\u2026..<br \/>\n\u00a7 5\u00ba Os servi\u00e7os advocat\u00edcios custeados com<br \/>\nrecursos do Fundo Nacional de Seguran\u00e7a P\u00fablica,<br \/>\nnos termos do inciso XIII, ser\u00e3o prestados por<br \/>\nadvogado de livre escolha do representado,<br \/>\ndevendo os honor\u00e1rios observar os valores<br \/>\nm\u00ednimos estabelecidos na tabela de honor\u00e1rios da<br \/>\nSeccional da Ordem dos Advogados do Brasil<br \/>\ncompetente, sendo vedado o pagamento de valores<br \/>\nsuperiores aos ali previstos.<br \/>\nArt. 2\u00ba Esta Lei entra em vigor na data de sua publica\u00e7\u00e3o.<br \/>\nC\u00e2mara dos Deputados, Anexo III, Gabinete 569, CEP 70160-900 &#8211; Bras\u00edlia\/DF<br \/>\ndep.sargentogoncalves@camara.leg.br | (61) 3215-5569<br \/>\nPara verificar a assinatura, acesse https:\/\/infoleg-autenticidade-assinatura.camara.leg.br\/CD255802564700<br \/>\nAssinado eletronicamente pelo(a) Dep. Sargento Gon\u00e7alves<br \/>\nApresenta\u00e7\u00e3o: 03\/11\/2025 11:25:27.973 &#8211; Mesa<br \/>\n*CD255802564700* PL n.5584\/2025<br \/>C\u00c2MARA DOS DEPUTADOS<br \/>\nGABINETE DO DEPUTADO SARGENTO GON\u00c7ALVES<br \/>\n JUSTIFICA\u00c7\u00c3O<br \/>\nO presente Projeto de Lei tem por objetivo autorizar a destina\u00e7\u00e3o<br \/>\nde parte dos recursos do Fundo Nacional de Seguran\u00e7a P\u00fablica (FNSP) para<br \/>\ncustear a defesa jur\u00eddica de integrantes dos \u00f3rg\u00e3os de seguran\u00e7a p\u00fablica que<br \/>\nvenham a responder a processos penais ou civis em decorr\u00eancia de atos<br \/>\npraticados no exerc\u00edcio de suas fun\u00e7\u00f5es.<br \/>\nOs operadores de seguran\u00e7a p\u00fablica \u2014 como policiais federais,<br \/>\ncivis, militares, penais, rodovi\u00e1rios federais e integrantes de outros \u00f3rg\u00e3os<br \/>\nprevistos no art. 144 da Constitui\u00e7\u00e3o Federal \u2014 desempenham atividades de<br \/>\nelevado risco e complexidade, sujeitas a situa\u00e7\u00f5es de confronto, estresse e<br \/>\ntomada de decis\u00f5es em fra\u00e7\u00f5es de segundo.<br \/>\nN\u00e3o raras vezes, esses profissionais s\u00e3o alvos de a\u00e7\u00f5es judiciais<br \/>\nem virtude de fatos ocorridos durante opera\u00e7\u00f5es, patrulhamentos ou<br \/>\ninterven\u00e7\u00f5es para prote\u00e7\u00e3o da sociedade. Ainda que tenham agido no estrito<br \/>\ncumprimento do dever legal ou em leg\u00edtima defesa, acabam por enfrentar longos<br \/>\ne onerosos processos, muitas vezes sem condi\u00e7\u00f5es financeiras para arcar com<br \/>\nhonor\u00e1rios advocat\u00edcios.<br \/>\nA proposta busca corrigir essa distor\u00e7\u00e3o, garantindo que o Estado<br \/>\n\u2014 que exige desses profissionais atua\u00e7\u00e3o firme e arriscada em prol da seguran\u00e7a<br \/>\nda coletividade \u2014 tamb\u00e9m lhes assegure o direito \u00e0 ampla defesa quando forem<br \/>\nprocessados por atos inerentes \u00e0 atividade funcional.<br \/>\nO projeto visa promover, ainda, o direito do operador de<br \/>\nseguran\u00e7a p\u00fablica de escolher livremente o defensor de sua confian\u00e7a,<br \/>\nrefor\u00e7ando o princ\u00edpio constitucional da ampla defesa e da assist\u00eancia jur\u00eddica<br \/>\nadequada. Com isso, evita-se tamb\u00e9m a sobrecarga da Defensoria P\u00fablica, que<br \/>\npoder\u00e1 concentrar seus esfor\u00e7os na assist\u00eancia aos cidad\u00e3os em situa\u00e7\u00e3o de<br \/>\nC\u00e2mara dos Deputados, Anexo III, Gabinete 569, CEP 70160-900 &#8211; Bras\u00edlia\/DF<br \/>\ndep.sargentogoncalves@camara.leg.br | (61) 3215-5569<br \/>\nPara verificar a assinatura, acesse https:\/\/infoleg-autenticidade-assinatura.camara.leg.br\/CD255802564700<br \/>\nAssinado eletronicamente pelo(a) Dep. Sargento Gon\u00e7alves<br \/>\nApresenta\u00e7\u00e3o: 03\/11\/2025 11:25:27.973 &#8211; Mesa<br \/>\n*CD255802564700* PL n.5584\/2025<br \/>C\u00c2MARA DOS DEPUTADOS<br \/>\nGABINETE DO DEPUTADO SARGENTO GON\u00c7ALVES<br \/>\nvulnerabilidade social, enquanto os profissionais da seguran\u00e7a p\u00fablica ter\u00e3o<br \/>\nacesso \u00e0 defesa t\u00e9cnica custeada pelo pr\u00f3prio sistema de seguran\u00e7a que servem<br \/>\ne protegem.<br \/>\nAo prever que os honor\u00e1rios pagos observem a tabela da<br \/>\nSeccional da Ordem dos Advogados do Brasil, a medida tamb\u00e9m assegura<br \/>\ntranspar\u00eancia, economicidade e respeito \u00e0 remunera\u00e7\u00e3o digna dos profissionais<br \/>\nda advocacia.<br \/>\nA destina\u00e7\u00e3o proposta \u00e9 plenamente compat\u00edvel com as<br \/>\nfinalidades do Fundo Nacional de Seguran\u00e7a P\u00fablica, previsto na Lei n\u00ba 13.756, de<br \/>\n2018, que tem entre seus objetivos apoiar projetos e a\u00e7\u00f5es voltados \u00e0 valoriza\u00e7\u00e3o<br \/>\ne ao fortalecimento das institui\u00e7\u00f5es de seguran\u00e7a p\u00fablica.<br \/>\nTrata-se, portanto, de medida justa, moralmente necess\u00e1ria e<br \/>\njuridicamente adequada para reconhecer e proteger aqueles que, no exerc\u00edcio do<br \/>\ndever, arriscam a pr\u00f3pria vida em defesa da vida alheia e da ordem p\u00fablica.<br \/>\nDiante do exposto, conclama-se o apoio dos nobres Pares para a<br \/>\naprova\u00e7\u00e3o deste Projeto de Lei.<br \/>\nSala das Sess\u00f5es, 03 de novembro de 2025.<br \/>\nDeputado SARGENTO GON\u00c7ALVES<br \/>\nPL\/RN<br \/>\nC\u00e2mara dos Deputados, Anexo III, Gabinete 569, CEP 70160-900 &#8211; Bras\u00edlia\/DF<br \/>\ndep.sargentogoncalves@camara.leg.br | (61) 3215-5569<br \/>\nPara verificar a assinatura, acesse https:\/\/infoleg-autenticidade-assinatura.camara.leg.br\/CD255802564700<br \/>\nAssinado eletronicamente pelo(a) Dep. Sargento Gon\u00e7alves<br \/>\nApresenta\u00e7\u00e3o: 03\/11\/2025 11:25:27.973 &#8211; Mesa<br \/>\n*CD255802564700* PL n.5584\/2025<\/article>\n<p><a href='https:\/\/app.legislapp.com.br\/#\/busca?termo=Altera\u00e7\u00e3o'>Altera\u00e7\u00e3o<\/a>, <a href='https:\/\/app.legislapp.com.br\/#\/busca?termo=Legisla\u00e7\u00e3o'>Legisla\u00e7\u00e3o<\/a>, <a href='https:\/\/app.legislapp.com.br\/#\/busca?termo=Fundo Nacional de Seguran\u00e7a P\u00fablica (FNSP)'>Fundo Nacional de Seguran\u00e7a P\u00fablica (FNSP)<\/a>, <a href='https:\/\/app.legislapp.com.br\/#\/busca?termo=arrecada\u00e7\u00e3o'>arrecada\u00e7\u00e3o<\/a>, <a href='https:\/\/app.legislapp.com.br\/#\/busca?termo=modalidade lot\u00e9rica'>modalidade lot\u00e9rica<\/a>, <a href='https:\/\/app.legislapp.com.br\/#\/busca?termo=Apostas de Quota Fixa'>Apostas de Quota Fixa<\/a>, <a href='https:\/\/app.legislapp.com.br\/#\/busca?termo=destina\u00e7\u00e3o'>destina\u00e7\u00e3o<\/a>, <a href='https:\/\/app.legislapp.com.br\/#\/busca?termo=Recursos financeiros'>Recursos financeiros<\/a>, <a href='https:\/\/app.legislapp.com.br\/#\/busca?termo=Assist\u00eancia jur\u00eddica'>Assist\u00eancia jur\u00eddica<\/a>, <a href='https:\/\/app.legislapp.com.br\/#\/busca?termo=Defesa jur\u00eddica'>Defesa jur\u00eddica<\/a>, <a href='https:\/\/app.legislapp.com.br\/#\/busca?termo=Profissional da seguran\u00e7a p\u00fablica'>Profissional da seguran\u00e7a p\u00fablica<\/a>, <a href='https:\/\/app.legislapp.com.br\/#\/busca?termo=Processo judicial'>Processo judicial<\/a>, <a href='https:\/\/app.legislapp.com.br\/#\/busca?termo=Exerc\u00edcio profissional'>Exerc\u00edcio profissional<\/a>, <a href='https:\/\/app.legislapp.com.br\/#\/busca?termo=Exerc\u00edcio de fun\u00e7\u00e3o p\u00fablica.'>Exerc\u00edcio de fun\u00e7\u00e3o p\u00fablica.<\/a><\/p>\n<div style=\"text-align: center\">\n      <img decoding=\"async\" style=\"width: 14%;\" src=\"https:\/\/www.legislapp.com.br\/wp-content\/uploads\/2021\/07\/Logo-Legislapp-1-03-1.png\"><br \/>\n      <\/p>\n<div style=\"margin-bottom: 20px;\" class=\"et_pb_button_module_wrapper et_pb_button_5_tb_body_wrapper et_pb_button_alignment_center et_pb_module \">\n         <a class=\"et_pb_button et_pb_button_5_tb_body et_hover_enabled et_pb_bg_layout_dark\" style=\"width: 50%;background-color: black;\" href=\"https:\/\/app.legislapp.com.br\" target=\"_blank\" rel=\"noopener\">Visualizar completo na nossa plataforma (30 dias gr\u00e1tis)<\/a><\/p><\/div>\n<p>      <a href=\"https:\/\/play.google.com\/store\/apps\/details?id=br.com.legislapp\"><img decoding=\"async\" style=\"width: 15%; min-width: 130px;\" src=\"https:\/\/www.legislapp.com.br\/wp-content\/uploads\/google-play.png\"><\/a><br \/>\n      <a href=\"https:\/\/apps.apple.com\/us\/app\/legislapp\/id1568929859\"><img decoding=\"async\" style=\"width: 15%; min-width: 130px\" src=\"https:\/\/www.legislapp.com.br\/wp-content\/uploads\/apple-store.png\"><\/a>\n   <\/div>\n","protected":false},"excerpt":{"rendered":"<p>Avulso Inicial &#8211; Autoria de Sargento Gon\u00e7alves C\u00c2MARA DOS DEPUTADOS GABINETE DO DEPUTADO SARGENTO GON\u00c7ALVES PROJETO DE LEI N\u00ba , DE 2025 (Do Sr. SARGENTO GON\u00c7ALVES) Altera a Lei n\u00ba 13.756, de 12 de dezembro de 2018, para destinar parte dos recursos do Fundo Nacional de Seguran\u00e7a P\u00fablica \u00e0 assist\u00eancia jur\u00eddica de operadores de seguran\u00e7a [&hellip;]<\/p>\n","protected":false},"author":1,"featured_media":0,"parent":0,"menu_order":0,"comment_status":"closed","ping_status":"closed","template":"page-template-blank.php","meta":{"_et_pb_use_builder":"","_et_pb_old_content":"","_et_gb_content_width":"1080","ngg_post_thumbnail":0,"footnotes":""},"class_list":["post-10769","page","type-page","status-publish","hentry"],"yoast_head":"<!-- This site is optimized with the Yoast SEO plugin v24.4 - https:\/\/yoast.com\/wordpress\/plugins\/seo\/ -->\n<title>Avulso Inicial - PL 5584\/2025 - C\u00e2mara - Legislapp<\/title>\n<meta name=\"robots\" content=\"index, follow, max-snippet:-1, max-image-preview:large, max-video-preview:-1\" \/>\n<link rel=\"canonical\" href=\"https:\/\/www.legislapp.com.br\/index.php\/avulso-inicial-pl-5584-2025-camara\/\" \/>\n<meta property=\"og:locale\" content=\"pt_BR\" \/>\n<meta property=\"og:type\" content=\"article\" \/>\n<meta property=\"og:title\" content=\"Avulso Inicial - PL 5584\/2025 - C\u00e2mara - Legislapp\" \/>\n<meta property=\"og:description\" content=\"Avulso Inicial &#8211; Autoria de Sargento Gon\u00e7alves C\u00c2MARA DOS DEPUTADOS GABINETE DO DEPUTADO SARGENTO GON\u00c7ALVES PROJETO DE LEI N\u00ba , DE 2025 (Do Sr. SARGENTO GON\u00c7ALVES) Altera a Lei n\u00ba 13.756, de 12 de dezembro de 2018, para destinar parte dos recursos do Fundo Nacional de Seguran\u00e7a P\u00fablica \u00e0 assist\u00eancia jur\u00eddica de operadores de seguran\u00e7a [&hellip;]\" \/>\n<meta property=\"og:url\" content=\"https:\/\/www.legislapp.com.br\/index.php\/avulso-inicial-pl-5584-2025-camara\/\" \/>\n<meta property=\"og:site_name\" content=\"Legislapp\" \/>\n<meta property=\"article:publisher\" content=\"https:\/\/www.instagram.com\/legislapp\/\" \/>\n<meta property=\"og:image\" content=\"https:\/\/www.legislapp.com.br\/wp-content\/uploads\/2021\/07\/Logo-Legislapp-1-03-1.png\" \/>\n<meta name=\"twitter:card\" content=\"summary_large_image\" \/>\n<meta name=\"twitter:label1\" content=\"Est. tempo de leitura\" \/>\n\t<meta name=\"twitter:data1\" content=\"4 minutos\" \/>\n<script type=\"application\/ld+json\" class=\"yoast-schema-graph\">{\"@context\":\"https:\/\/schema.org\",\"@graph\":[{\"@type\":\"WebPage\",\"@id\":\"https:\/\/www.legislapp.com.br\/index.php\/avulso-inicial-pl-5584-2025-camara\/\",\"url\":\"https:\/\/www.legislapp.com.br\/index.php\/avulso-inicial-pl-5584-2025-camara\/\",\"name\":\"Avulso Inicial - PL 5584\/2025 - C\u00e2mara - Legislapp\",\"isPartOf\":{\"@id\":\"https:\/\/www.legislapp.com.br\/#website\"},\"primaryImageOfPage\":{\"@id\":\"https:\/\/www.legislapp.com.br\/index.php\/avulso-inicial-pl-5584-2025-camara\/#primaryimage\"},\"image\":{\"@id\":\"https:\/\/www.legislapp.com.br\/index.php\/avulso-inicial-pl-5584-2025-camara\/#primaryimage\"},\"thumbnailUrl\":\"https:\/\/www.legislapp.com.br\/wp-content\/uploads\/2021\/07\/Logo-Legislapp-1-03-1.png\",\"datePublished\":\"2025-12-01T14:36:47+00:00\",\"breadcrumb\":{\"@id\":\"https:\/\/www.legislapp.com.br\/index.php\/avulso-inicial-pl-5584-2025-camara\/#breadcrumb\"},\"inLanguage\":\"pt-BR\",\"potentialAction\":[{\"@type\":\"ReadAction\",\"target\":[\"https:\/\/www.legislapp.com.br\/index.php\/avulso-inicial-pl-5584-2025-camara\/\"]}]},{\"@type\":\"ImageObject\",\"inLanguage\":\"pt-BR\",\"@id\":\"https:\/\/www.legislapp.com.br\/index.php\/avulso-inicial-pl-5584-2025-camara\/#primaryimage\",\"url\":\"https:\/\/www.legislapp.com.br\/wp-content\/uploads\/2021\/07\/Logo-Legislapp-1-03-1.png\",\"contentUrl\":\"https:\/\/www.legislapp.com.br\/wp-content\/uploads\/2021\/07\/Logo-Legislapp-1-03-1.png\",\"width\":2679,\"height\":2697},{\"@type\":\"BreadcrumbList\",\"@id\":\"https:\/\/www.legislapp.com.br\/index.php\/avulso-inicial-pl-5584-2025-camara\/#breadcrumb\",\"itemListElement\":[{\"@type\":\"ListItem\",\"position\":1,\"name\":\"In\u00edcio\",\"item\":\"https:\/\/www.legislapp.com.br\/\"},{\"@type\":\"ListItem\",\"position\":2,\"name\":\"Avulso Inicial &#8211; PL 5584\/2025 &#8211; C\u00e2mara\"}]},{\"@type\":\"WebSite\",\"@id\":\"https:\/\/www.legislapp.com.br\/#website\",\"url\":\"https:\/\/www.legislapp.com.br\/\",\"name\":\"Legislapp\",\"description\":\"Intelig\u00eancia governamental em tempo real\",\"publisher\":{\"@id\":\"https:\/\/www.legislapp.com.br\/#organization\"},\"potentialAction\":[{\"@type\":\"SearchAction\",\"target\":{\"@type\":\"EntryPoint\",\"urlTemplate\":\"https:\/\/www.legislapp.com.br\/?s={search_term_string}\"},\"query-input\":{\"@type\":\"PropertyValueSpecification\",\"valueRequired\":true,\"valueName\":\"search_term_string\"}}],\"inLanguage\":\"pt-BR\"},{\"@type\":\"Organization\",\"@id\":\"https:\/\/www.legislapp.com.br\/#organization\",\"name\":\"Legislapp Monitoramento e Intelig\u00eancia Governamental\",\"url\":\"https:\/\/www.legislapp.com.br\/\",\"logo\":{\"@type\":\"ImageObject\",\"inLanguage\":\"pt-BR\",\"@id\":\"https:\/\/www.legislapp.com.br\/#\/schema\/logo\/image\/\",\"url\":\"https:\/\/www.legislapp.com.br\/wp-content\/uploads\/icon.png\",\"contentUrl\":\"https:\/\/www.legislapp.com.br\/wp-content\/uploads\/icon.png\",\"width\":1024,\"height\":1024,\"caption\":\"Legislapp Monitoramento e Intelig\u00eancia Governamental\"},\"image\":{\"@id\":\"https:\/\/www.legislapp.com.br\/#\/schema\/logo\/image\/\"},\"sameAs\":[\"https:\/\/www.instagram.com\/legislapp\/\"]}]}<\/script>\n<!-- \/ Yoast SEO plugin. -->","yoast_head_json":{"title":"Avulso Inicial - PL 5584\/2025 - C\u00e2mara - Legislapp","robots":{"index":"index","follow":"follow","max-snippet":"max-snippet:-1","max-image-preview":"max-image-preview:large","max-video-preview":"max-video-preview:-1"},"canonical":"https:\/\/www.legislapp.com.br\/index.php\/avulso-inicial-pl-5584-2025-camara\/","og_locale":"pt_BR","og_type":"article","og_title":"Avulso Inicial - PL 5584\/2025 - C\u00e2mara - Legislapp","og_description":"Avulso Inicial &#8211; Autoria de Sargento Gon\u00e7alves C\u00c2MARA DOS DEPUTADOS GABINETE DO DEPUTADO SARGENTO GON\u00c7ALVES PROJETO DE LEI N\u00ba , DE 2025 (Do Sr. SARGENTO GON\u00c7ALVES) Altera a Lei n\u00ba 13.756, de 12 de dezembro de 2018, para destinar parte dos recursos do Fundo Nacional de Seguran\u00e7a P\u00fablica \u00e0 assist\u00eancia jur\u00eddica de operadores de seguran\u00e7a [&hellip;]","og_url":"https:\/\/www.legislapp.com.br\/index.php\/avulso-inicial-pl-5584-2025-camara\/","og_site_name":"Legislapp","article_publisher":"https:\/\/www.instagram.com\/legislapp\/","og_image":[{"url":"https:\/\/www.legislapp.com.br\/wp-content\/uploads\/2021\/07\/Logo-Legislapp-1-03-1.png","type":"","width":"","height":""}],"twitter_card":"summary_large_image","twitter_misc":{"Est. tempo de leitura":"4 minutos"},"schema":{"@context":"https:\/\/schema.org","@graph":[{"@type":"WebPage","@id":"https:\/\/www.legislapp.com.br\/index.php\/avulso-inicial-pl-5584-2025-camara\/","url":"https:\/\/www.legislapp.com.br\/index.php\/avulso-inicial-pl-5584-2025-camara\/","name":"Avulso Inicial - PL 5584\/2025 - C\u00e2mara - Legislapp","isPartOf":{"@id":"https:\/\/www.legislapp.com.br\/#website"},"primaryImageOfPage":{"@id":"https:\/\/www.legislapp.com.br\/index.php\/avulso-inicial-pl-5584-2025-camara\/#primaryimage"},"image":{"@id":"https:\/\/www.legislapp.com.br\/index.php\/avulso-inicial-pl-5584-2025-camara\/#primaryimage"},"thumbnailUrl":"https:\/\/www.legislapp.com.br\/wp-content\/uploads\/2021\/07\/Logo-Legislapp-1-03-1.png","datePublished":"2025-12-01T14:36:47+00:00","breadcrumb":{"@id":"https:\/\/www.legislapp.com.br\/index.php\/avulso-inicial-pl-5584-2025-camara\/#breadcrumb"},"inLanguage":"pt-BR","potentialAction":[{"@type":"ReadAction","target":["https:\/\/www.legislapp.com.br\/index.php\/avulso-inicial-pl-5584-2025-camara\/"]}]},{"@type":"ImageObject","inLanguage":"pt-BR","@id":"https:\/\/www.legislapp.com.br\/index.php\/avulso-inicial-pl-5584-2025-camara\/#primaryimage","url":"https:\/\/www.legislapp.com.br\/wp-content\/uploads\/2021\/07\/Logo-Legislapp-1-03-1.png","contentUrl":"https:\/\/www.legislapp.com.br\/wp-content\/uploads\/2021\/07\/Logo-Legislapp-1-03-1.png","width":2679,"height":2697},{"@type":"BreadcrumbList","@id":"https:\/\/www.legislapp.com.br\/index.php\/avulso-inicial-pl-5584-2025-camara\/#breadcrumb","itemListElement":[{"@type":"ListItem","position":1,"name":"In\u00edcio","item":"https:\/\/www.legislapp.com.br\/"},{"@type":"ListItem","position":2,"name":"Avulso Inicial &#8211; PL 5584\/2025 &#8211; C\u00e2mara"}]},{"@type":"WebSite","@id":"https:\/\/www.legislapp.com.br\/#website","url":"https:\/\/www.legislapp.com.br\/","name":"Legislapp","description":"Intelig\u00eancia governamental em tempo real","publisher":{"@id":"https:\/\/www.legislapp.com.br\/#organization"},"potentialAction":[{"@type":"SearchAction","target":{"@type":"EntryPoint","urlTemplate":"https:\/\/www.legislapp.com.br\/?s={search_term_string}"},"query-input":{"@type":"PropertyValueSpecification","valueRequired":true,"valueName":"search_term_string"}}],"inLanguage":"pt-BR"},{"@type":"Organization","@id":"https:\/\/www.legislapp.com.br\/#organization","name":"Legislapp Monitoramento e Intelig\u00eancia Governamental","url":"https:\/\/www.legislapp.com.br\/","logo":{"@type":"ImageObject","inLanguage":"pt-BR","@id":"https:\/\/www.legislapp.com.br\/#\/schema\/logo\/image\/","url":"https:\/\/www.legislapp.com.br\/wp-content\/uploads\/icon.png","contentUrl":"https:\/\/www.legislapp.com.br\/wp-content\/uploads\/icon.png","width":1024,"height":1024,"caption":"Legislapp Monitoramento e Intelig\u00eancia Governamental"},"image":{"@id":"https:\/\/www.legislapp.com.br\/#\/schema\/logo\/image\/"},"sameAs":["https:\/\/www.instagram.com\/legislapp\/"]}]}},"_links":{"self":[{"href":"https:\/\/www.legislapp.com.br\/index.php\/wp-json\/wp\/v2\/pages\/10769","targetHints":{"allow":["GET"]}}],"collection":[{"href":"https:\/\/www.legislapp.com.br\/index.php\/wp-json\/wp\/v2\/pages"}],"about":[{"href":"https:\/\/www.legislapp.com.br\/index.php\/wp-json\/wp\/v2\/types\/page"}],"author":[{"embeddable":true,"href":"https:\/\/www.legislapp.com.br\/index.php\/wp-json\/wp\/v2\/users\/1"}],"replies":[{"embeddable":true,"href":"https:\/\/www.legislapp.com.br\/index.php\/wp-json\/wp\/v2\/comments?post=10769"}],"version-history":[{"count":0,"href":"https:\/\/www.legislapp.com.br\/index.php\/wp-json\/wp\/v2\/pages\/10769\/revisions"}],"wp:attachment":[{"href":"https:\/\/www.legislapp.com.br\/index.php\/wp-json\/wp\/v2\/media?parent=10769"}],"curies":[{"name":"wp","href":"https:\/\/api.w.org\/{rel}","templated":true}]}}