{"id":10779,"date":"2025-12-01T11:37:20","date_gmt":"2025-12-01T14:37:20","guid":{"rendered":"https:\/\/www.legislapp.com.br\/index.php\/avulso-inicial-pl-4715-2025-camara\/"},"modified":"2025-12-01T11:37:20","modified_gmt":"2025-12-01T14:37:20","slug":"avulso-inicial-pl-4715-2025-camara","status":"publish","type":"page","link":"https:\/\/www.legislapp.com.br\/index.php\/avulso-inicial-pl-4715-2025-camara\/","title":{"rendered":"Avulso Inicial &#8211; PL 4715\/2025 &#8211; C\u00e2mara"},"content":{"rendered":"<h1 style='text-align: center;'>Avulso Inicial &#8211; Autoria de Pastor Gil<\/h3>\n<p><\/p>\n<article>PROJETO DE LEI N\u00ba          , DE 2025<br \/>\n(Do Sr. PASTOR GIL)<br \/>\nModifica o Decreto-Lei n\u00ba 2.848, de 7 de<br \/>\ndezembro de 1940 &#8211; C\u00f3digo Pena.<br \/>\nO Congresso Nacional decreta:<br \/>\nArt. 1\u00ba Esta Lei modifica o Decreto-Lei n\u00ba 2.848, de 7 de<br \/>\ndezembro de 1940 &#8211; C\u00f3digo Penal.<br \/>\nArt. 2\u00ba O Decreto-Lei n\u00ba 2.848, de 7 de dezembro de 1940<br \/>\n(C\u00f3digo Penal), passa a vigorar acrescido do seguinte art. 158-A:<br \/>\n\u201cArt. 158-A Constranger algu\u00e9m com o intuito de obter<br \/>\npara si ou para outrem indevida vantagem econ\u00f4mica em<br \/>\ncontrapartida \u00e0 vigil\u00e2ncia de ve\u00edculos estacionados em<br \/>\nvias ou locais p\u00fablicos.<br \/>\nPena &#8211; reclus\u00e3o, de dois a quatro anos, e multa, se a<br \/>\nconduta n\u00e3o constituir crime mais grave.<br \/>\nPar\u00e1grafo \u00fanico &#8211; Aumenta-se a pena de um ter\u00e7o at\u00e9 a<br \/>\nmetade, se o crime \u00e9 cometido por duas ou mais<br \/>\npessoas.\u201d<br \/>\nArt. 3\u00ba Esta Lei entra em vigor na data de sua<br \/>\npublica\u00e7\u00e3o.<br \/>\nJUSTIFICA\u00c7\u00c3O<br \/>\nA presen\u00e7a de flanelinhas nas grandes cidades<br \/>\nbrasileiras tornou-se um fen\u00f4meno urbano recorrente e, muitas vezes,<br \/>\npol\u00eamico. Ainda que algumas pessoas vejam nessa atividade uma tentativa de<br \/>\nsubsist\u00eancia diante da falta de oportunidades formais de emprego, n\u00e3o se pode<br \/>\nignorar os aspectos negativos que envolvem a atua\u00e7\u00e3o de muitos desses<br \/>\nPara verificar a assinatura, acesse https:\/\/infoleg-autenticidade-assinatura.camara.leg.br\/CD251236281000<br \/>\nAssinado eletronicamente pelo(a) Dep. Pastor Gil<br \/>\nApresenta\u00e7\u00e3o: 23\/09\/2025 15:36:15.210 &#8211; Mesa<br \/>\n*CD251236281000* PL n.4715\/2025<br \/>2<br \/>\nindiv\u00edduos, especialmente no que se refere \u00e0 coa\u00e7\u00e3o e intimida\u00e7\u00e3o de<br \/>\nmotoristas.<br \/>\nA pr\u00e1tica que, em tese, deveria ser volunt\u00e1ria e baseada<br \/>\nem uma oferta de servi\u00e7o de vigil\u00e2ncia informal de ve\u00edculos, frequentemente se<br \/>\ntransforma em um mecanismo de extors\u00e3o velada, comprometendo o direito de<br \/>\nir e vir dos cidad\u00e3os.<br \/>\nO que ocorre \u00e9 que muitos flanelinhas se posicionam em<br \/>\nvias p\u00fablicas e se apropriam indevidamente desses espa\u00e7os como se fossem<br \/>\nprivados.<br \/>\n Ao exigir pagamento dos motoristas, muitos agem de<br \/>\nforma intimidadora, lan\u00e7ando amea\u00e7as impl\u00edcitas, que geram um ambiente de<br \/>\nmedo e inseguran\u00e7a. A aus\u00eancia de uma norma penal que tipifique essa<br \/>\nconduta de forma expressa e a omiss\u00e3o do poder p\u00fablico diante dessa pr\u00e1tica<br \/>\nagravam o problema, transformando o que poderia ser uma rela\u00e7\u00e3o de<br \/>\ncordialidade e ajuda m\u00fatua em um cen\u00e1rio de opress\u00e3o.<br \/>\nA coniv\u00eancia com a atua\u00e7\u00e3o arbitr\u00e1ria dos flanelinhas<br \/>\nrevela n\u00e3o apenas falhas na administra\u00e7\u00e3o urbana, mas tamb\u00e9m uma<br \/>\npermissividade preocupante diante de pr\u00e1ticas abusivas. Isso gera um ciclo de<br \/>\ninseguran\u00e7a, degrada\u00e7\u00e3o dos espa\u00e7os p\u00fablicos e descr\u00e9dito nas institui\u00e7\u00f5es<br \/>\nrespons\u00e1veis pela ordem e pelo bem-estar coletivo.<br \/>\nPortanto, \u00e9 necess\u00e1rio enfrentar esse problema,<br \/>\ncriminalizando essa pr\u00e1tica t\u00e3o nociva aos nossos cidad\u00e3os. A prote\u00e7\u00e3o do<br \/>\nespa\u00e7o p\u00fablico, a valoriza\u00e7\u00e3o da liberdade individual e a aplica\u00e7\u00e3o efetiva da lei<br \/>\ndevem caminhar lado a lado para que a conviv\u00eancia urbana seja, de fato,<br \/>\npautada pela seguran\u00e7a, respeito e justi\u00e7a.<br \/>\nAssim, o presente Projeto de Lei apresenta-se como<br \/>\nmedida necess\u00e1ria ao enfrentamento e puni\u00e7\u00e3o dessas a\u00e7\u00f5es, raz\u00e3o pela qual<br \/>\ncontamos com o apoio dos ilustres Pares para a sua aprova\u00e7\u00e3o.<br \/>\nSala das Sess\u00f5es, em        de                     de 2025.<br \/>\nDeputado Federal PASTOR GIL PL\/MA<br \/>\nPara verificar a assinatura, acesse https:\/\/infoleg-autenticidade-assinatura.camara.leg.br\/CD251236281000<br \/>\nAssinado eletronicamente pelo(a) Dep. Pastor Gil<br \/>\nApresenta\u00e7\u00e3o: 23\/09\/2025 15:36:15.210 &#8211; Mesa<br \/>\n*CD251236281000* PL n.4715\/2025<\/article>\n<p><a href='https:\/\/app.legislapp.com.br\/#\/busca?termo=Altera\u00e7\u00e3o'>Altera\u00e7\u00e3o<\/a>, <a href='https:\/\/app.legislapp.com.br\/#\/busca?termo=C\u00f3digo Penal (1940)'>C\u00f3digo Penal (1940)<\/a>, <a href='https:\/\/app.legislapp.com.br\/#\/busca?termo=Crime contra o patrim\u00f4nio'>Crime contra o patrim\u00f4nio<\/a>, <a href='https:\/\/app.legislapp.com.br\/#\/busca?termo=constrangimento'>constrangimento<\/a>, <a href='https:\/\/app.legislapp.com.br\/#\/busca?termo=vantagem econ\u00f4mica'>vantagem econ\u00f4mica<\/a>, <a href='https:\/\/app.legislapp.com.br\/#\/busca?termo=Vigia'>Vigia<\/a>, <a href='https:\/\/app.legislapp.com.br\/#\/busca?termo=ve\u00edculo'>ve\u00edculo<\/a>, <a href='https:\/\/app.legislapp.com.br\/#\/busca?termo=local p\u00fablico'>local p\u00fablico<\/a>, <a href='https:\/\/app.legislapp.com.br\/#\/busca?termo=tipifica\u00e7\u00e3o de conduta.'>tipifica\u00e7\u00e3o de conduta.<\/a><\/p>\n<div style=\"text-align: center\">\n      <img decoding=\"async\" style=\"width: 14%;\" src=\"https:\/\/www.legislapp.com.br\/wp-content\/uploads\/2021\/07\/Logo-Legislapp-1-03-1.png\"><br \/>\n      <\/p>\n<div style=\"margin-bottom: 20px;\" class=\"et_pb_button_module_wrapper et_pb_button_5_tb_body_wrapper et_pb_button_alignment_center et_pb_module \">\n         <a class=\"et_pb_button et_pb_button_5_tb_body et_hover_enabled et_pb_bg_layout_dark\" style=\"width: 50%;background-color: black;\" href=\"https:\/\/app.legislapp.com.br\" target=\"_blank\" rel=\"noopener\">Visualizar completo na nossa plataforma (30 dias gr\u00e1tis)<\/a><\/p><\/div>\n<p>      <a href=\"https:\/\/play.google.com\/store\/apps\/details?id=br.com.legislapp\"><img decoding=\"async\" style=\"width: 15%; min-width: 130px;\" src=\"https:\/\/www.legislapp.com.br\/wp-content\/uploads\/google-play.png\"><\/a><br \/>\n      <a href=\"https:\/\/apps.apple.com\/us\/app\/legislapp\/id1568929859\"><img decoding=\"async\" style=\"width: 15%; min-width: 130px\" src=\"https:\/\/www.legislapp.com.br\/wp-content\/uploads\/apple-store.png\"><\/a>\n   <\/div>\n","protected":false},"excerpt":{"rendered":"<p>Avulso Inicial &#8211; Autoria de Pastor Gil PROJETO DE LEI N\u00ba , DE 2025 (Do Sr. PASTOR GIL) Modifica o Decreto-Lei n\u00ba 2.848, de 7 de dezembro de 1940 &#8211; C\u00f3digo Pena. O Congresso Nacional decreta: Art. 1\u00ba Esta Lei modifica o Decreto-Lei n\u00ba 2.848, de 7 de dezembro de 1940 &#8211; C\u00f3digo Penal. Art. [&hellip;]<\/p>\n","protected":false},"author":1,"featured_media":0,"parent":0,"menu_order":0,"comment_status":"closed","ping_status":"closed","template":"page-template-blank.php","meta":{"_et_pb_use_builder":"","_et_pb_old_content":"","_et_gb_content_width":"1080","ngg_post_thumbnail":0,"footnotes":""},"class_list":["post-10779","page","type-page","status-publish","hentry"],"yoast_head":"<!-- This site is optimized with the Yoast SEO plugin v24.4 - https:\/\/yoast.com\/wordpress\/plugins\/seo\/ -->\n<title>Avulso Inicial - PL 4715\/2025 - C\u00e2mara - Legislapp<\/title>\n<meta name=\"robots\" content=\"index, follow, max-snippet:-1, max-image-preview:large, max-video-preview:-1\" \/>\n<link rel=\"canonical\" href=\"https:\/\/www.legislapp.com.br\/index.php\/avulso-inicial-pl-4715-2025-camara\/\" \/>\n<meta property=\"og:locale\" content=\"pt_BR\" \/>\n<meta property=\"og:type\" content=\"article\" \/>\n<meta property=\"og:title\" content=\"Avulso Inicial - PL 4715\/2025 - C\u00e2mara - Legislapp\" \/>\n<meta property=\"og:description\" content=\"Avulso Inicial &#8211; Autoria de Pastor Gil PROJETO DE LEI N\u00ba , DE 2025 (Do Sr. PASTOR GIL) Modifica o Decreto-Lei n\u00ba 2.848, de 7 de dezembro de 1940 &#8211; C\u00f3digo Pena. O Congresso Nacional decreta: Art. 1\u00ba Esta Lei modifica o Decreto-Lei n\u00ba 2.848, de 7 de dezembro de 1940 &#8211; C\u00f3digo Penal. Art. [&hellip;]\" \/>\n<meta property=\"og:url\" content=\"https:\/\/www.legislapp.com.br\/index.php\/avulso-inicial-pl-4715-2025-camara\/\" \/>\n<meta property=\"og:site_name\" content=\"Legislapp\" \/>\n<meta property=\"article:publisher\" content=\"https:\/\/www.instagram.com\/legislapp\/\" \/>\n<meta property=\"og:image\" content=\"https:\/\/www.legislapp.com.br\/wp-content\/uploads\/2021\/07\/Logo-Legislapp-1-03-1.png\" \/>\n<meta name=\"twitter:card\" content=\"summary_large_image\" \/>\n<meta name=\"twitter:label1\" content=\"Est. tempo de leitura\" \/>\n\t<meta name=\"twitter:data1\" content=\"3 minutos\" \/>\n<script type=\"application\/ld+json\" class=\"yoast-schema-graph\">{\"@context\":\"https:\/\/schema.org\",\"@graph\":[{\"@type\":\"WebPage\",\"@id\":\"https:\/\/www.legislapp.com.br\/index.php\/avulso-inicial-pl-4715-2025-camara\/\",\"url\":\"https:\/\/www.legislapp.com.br\/index.php\/avulso-inicial-pl-4715-2025-camara\/\",\"name\":\"Avulso Inicial - PL 4715\/2025 - C\u00e2mara - Legislapp\",\"isPartOf\":{\"@id\":\"https:\/\/www.legislapp.com.br\/#website\"},\"primaryImageOfPage\":{\"@id\":\"https:\/\/www.legislapp.com.br\/index.php\/avulso-inicial-pl-4715-2025-camara\/#primaryimage\"},\"image\":{\"@id\":\"https:\/\/www.legislapp.com.br\/index.php\/avulso-inicial-pl-4715-2025-camara\/#primaryimage\"},\"thumbnailUrl\":\"https:\/\/www.legislapp.com.br\/wp-content\/uploads\/2021\/07\/Logo-Legislapp-1-03-1.png\",\"datePublished\":\"2025-12-01T14:37:20+00:00\",\"breadcrumb\":{\"@id\":\"https:\/\/www.legislapp.com.br\/index.php\/avulso-inicial-pl-4715-2025-camara\/#breadcrumb\"},\"inLanguage\":\"pt-BR\",\"potentialAction\":[{\"@type\":\"ReadAction\",\"target\":[\"https:\/\/www.legislapp.com.br\/index.php\/avulso-inicial-pl-4715-2025-camara\/\"]}]},{\"@type\":\"ImageObject\",\"inLanguage\":\"pt-BR\",\"@id\":\"https:\/\/www.legislapp.com.br\/index.php\/avulso-inicial-pl-4715-2025-camara\/#primaryimage\",\"url\":\"https:\/\/www.legislapp.com.br\/wp-content\/uploads\/2021\/07\/Logo-Legislapp-1-03-1.png\",\"contentUrl\":\"https:\/\/www.legislapp.com.br\/wp-content\/uploads\/2021\/07\/Logo-Legislapp-1-03-1.png\",\"width\":2679,\"height\":2697},{\"@type\":\"BreadcrumbList\",\"@id\":\"https:\/\/www.legislapp.com.br\/index.php\/avulso-inicial-pl-4715-2025-camara\/#breadcrumb\",\"itemListElement\":[{\"@type\":\"ListItem\",\"position\":1,\"name\":\"In\u00edcio\",\"item\":\"https:\/\/www.legislapp.com.br\/\"},{\"@type\":\"ListItem\",\"position\":2,\"name\":\"Avulso Inicial &#8211; PL 4715\/2025 &#8211; C\u00e2mara\"}]},{\"@type\":\"WebSite\",\"@id\":\"https:\/\/www.legislapp.com.br\/#website\",\"url\":\"https:\/\/www.legislapp.com.br\/\",\"name\":\"Legislapp\",\"description\":\"Intelig\u00eancia governamental em tempo real\",\"publisher\":{\"@id\":\"https:\/\/www.legislapp.com.br\/#organization\"},\"potentialAction\":[{\"@type\":\"SearchAction\",\"target\":{\"@type\":\"EntryPoint\",\"urlTemplate\":\"https:\/\/www.legislapp.com.br\/?s={search_term_string}\"},\"query-input\":{\"@type\":\"PropertyValueSpecification\",\"valueRequired\":true,\"valueName\":\"search_term_string\"}}],\"inLanguage\":\"pt-BR\"},{\"@type\":\"Organization\",\"@id\":\"https:\/\/www.legislapp.com.br\/#organization\",\"name\":\"Legislapp Monitoramento e Intelig\u00eancia Governamental\",\"url\":\"https:\/\/www.legislapp.com.br\/\",\"logo\":{\"@type\":\"ImageObject\",\"inLanguage\":\"pt-BR\",\"@id\":\"https:\/\/www.legislapp.com.br\/#\/schema\/logo\/image\/\",\"url\":\"https:\/\/www.legislapp.com.br\/wp-content\/uploads\/icon.png\",\"contentUrl\":\"https:\/\/www.legislapp.com.br\/wp-content\/uploads\/icon.png\",\"width\":1024,\"height\":1024,\"caption\":\"Legislapp Monitoramento e Intelig\u00eancia Governamental\"},\"image\":{\"@id\":\"https:\/\/www.legislapp.com.br\/#\/schema\/logo\/image\/\"},\"sameAs\":[\"https:\/\/www.instagram.com\/legislapp\/\"]}]}<\/script>\n<!-- \/ Yoast SEO plugin. -->","yoast_head_json":{"title":"Avulso Inicial - PL 4715\/2025 - C\u00e2mara - Legislapp","robots":{"index":"index","follow":"follow","max-snippet":"max-snippet:-1","max-image-preview":"max-image-preview:large","max-video-preview":"max-video-preview:-1"},"canonical":"https:\/\/www.legislapp.com.br\/index.php\/avulso-inicial-pl-4715-2025-camara\/","og_locale":"pt_BR","og_type":"article","og_title":"Avulso Inicial - PL 4715\/2025 - C\u00e2mara - Legislapp","og_description":"Avulso Inicial &#8211; Autoria de Pastor Gil PROJETO DE LEI N\u00ba , DE 2025 (Do Sr. PASTOR GIL) Modifica o Decreto-Lei n\u00ba 2.848, de 7 de dezembro de 1940 &#8211; C\u00f3digo Pena. O Congresso Nacional decreta: Art. 1\u00ba Esta Lei modifica o Decreto-Lei n\u00ba 2.848, de 7 de dezembro de 1940 &#8211; C\u00f3digo Penal. Art. [&hellip;]","og_url":"https:\/\/www.legislapp.com.br\/index.php\/avulso-inicial-pl-4715-2025-camara\/","og_site_name":"Legislapp","article_publisher":"https:\/\/www.instagram.com\/legislapp\/","og_image":[{"url":"https:\/\/www.legislapp.com.br\/wp-content\/uploads\/2021\/07\/Logo-Legislapp-1-03-1.png","type":"","width":"","height":""}],"twitter_card":"summary_large_image","twitter_misc":{"Est. tempo de leitura":"3 minutos"},"schema":{"@context":"https:\/\/schema.org","@graph":[{"@type":"WebPage","@id":"https:\/\/www.legislapp.com.br\/index.php\/avulso-inicial-pl-4715-2025-camara\/","url":"https:\/\/www.legislapp.com.br\/index.php\/avulso-inicial-pl-4715-2025-camara\/","name":"Avulso Inicial - PL 4715\/2025 - C\u00e2mara - Legislapp","isPartOf":{"@id":"https:\/\/www.legislapp.com.br\/#website"},"primaryImageOfPage":{"@id":"https:\/\/www.legislapp.com.br\/index.php\/avulso-inicial-pl-4715-2025-camara\/#primaryimage"},"image":{"@id":"https:\/\/www.legislapp.com.br\/index.php\/avulso-inicial-pl-4715-2025-camara\/#primaryimage"},"thumbnailUrl":"https:\/\/www.legislapp.com.br\/wp-content\/uploads\/2021\/07\/Logo-Legislapp-1-03-1.png","datePublished":"2025-12-01T14:37:20+00:00","breadcrumb":{"@id":"https:\/\/www.legislapp.com.br\/index.php\/avulso-inicial-pl-4715-2025-camara\/#breadcrumb"},"inLanguage":"pt-BR","potentialAction":[{"@type":"ReadAction","target":["https:\/\/www.legislapp.com.br\/index.php\/avulso-inicial-pl-4715-2025-camara\/"]}]},{"@type":"ImageObject","inLanguage":"pt-BR","@id":"https:\/\/www.legislapp.com.br\/index.php\/avulso-inicial-pl-4715-2025-camara\/#primaryimage","url":"https:\/\/www.legislapp.com.br\/wp-content\/uploads\/2021\/07\/Logo-Legislapp-1-03-1.png","contentUrl":"https:\/\/www.legislapp.com.br\/wp-content\/uploads\/2021\/07\/Logo-Legislapp-1-03-1.png","width":2679,"height":2697},{"@type":"BreadcrumbList","@id":"https:\/\/www.legislapp.com.br\/index.php\/avulso-inicial-pl-4715-2025-camara\/#breadcrumb","itemListElement":[{"@type":"ListItem","position":1,"name":"In\u00edcio","item":"https:\/\/www.legislapp.com.br\/"},{"@type":"ListItem","position":2,"name":"Avulso Inicial &#8211; PL 4715\/2025 &#8211; C\u00e2mara"}]},{"@type":"WebSite","@id":"https:\/\/www.legislapp.com.br\/#website","url":"https:\/\/www.legislapp.com.br\/","name":"Legislapp","description":"Intelig\u00eancia governamental em tempo real","publisher":{"@id":"https:\/\/www.legislapp.com.br\/#organization"},"potentialAction":[{"@type":"SearchAction","target":{"@type":"EntryPoint","urlTemplate":"https:\/\/www.legislapp.com.br\/?s={search_term_string}"},"query-input":{"@type":"PropertyValueSpecification","valueRequired":true,"valueName":"search_term_string"}}],"inLanguage":"pt-BR"},{"@type":"Organization","@id":"https:\/\/www.legislapp.com.br\/#organization","name":"Legislapp Monitoramento e Intelig\u00eancia Governamental","url":"https:\/\/www.legislapp.com.br\/","logo":{"@type":"ImageObject","inLanguage":"pt-BR","@id":"https:\/\/www.legislapp.com.br\/#\/schema\/logo\/image\/","url":"https:\/\/www.legislapp.com.br\/wp-content\/uploads\/icon.png","contentUrl":"https:\/\/www.legislapp.com.br\/wp-content\/uploads\/icon.png","width":1024,"height":1024,"caption":"Legislapp Monitoramento e Intelig\u00eancia Governamental"},"image":{"@id":"https:\/\/www.legislapp.com.br\/#\/schema\/logo\/image\/"},"sameAs":["https:\/\/www.instagram.com\/legislapp\/"]}]}},"_links":{"self":[{"href":"https:\/\/www.legislapp.com.br\/index.php\/wp-json\/wp\/v2\/pages\/10779","targetHints":{"allow":["GET"]}}],"collection":[{"href":"https:\/\/www.legislapp.com.br\/index.php\/wp-json\/wp\/v2\/pages"}],"about":[{"href":"https:\/\/www.legislapp.com.br\/index.php\/wp-json\/wp\/v2\/types\/page"}],"author":[{"embeddable":true,"href":"https:\/\/www.legislapp.com.br\/index.php\/wp-json\/wp\/v2\/users\/1"}],"replies":[{"embeddable":true,"href":"https:\/\/www.legislapp.com.br\/index.php\/wp-json\/wp\/v2\/comments?post=10779"}],"version-history":[{"count":0,"href":"https:\/\/www.legislapp.com.br\/index.php\/wp-json\/wp\/v2\/pages\/10779\/revisions"}],"wp:attachment":[{"href":"https:\/\/www.legislapp.com.br\/index.php\/wp-json\/wp\/v2\/media?parent=10779"}],"curies":[{"name":"wp","href":"https:\/\/api.w.org\/{rel}","templated":true}]}}