{"id":10795,"date":"2025-12-01T11:38:18","date_gmt":"2025-12-01T14:38:18","guid":{"rendered":"https:\/\/www.legislapp.com.br\/index.php\/avulso-inicial-pl-3888-2025-camara\/"},"modified":"2025-12-01T11:38:18","modified_gmt":"2025-12-01T14:38:18","slug":"avulso-inicial-pl-3888-2025-camara","status":"publish","type":"page","link":"https:\/\/www.legislapp.com.br\/index.php\/avulso-inicial-pl-3888-2025-camara\/","title":{"rendered":"Avulso Inicial &#8211; PL 3888\/2025 &#8211; C\u00e2mara"},"content":{"rendered":"<h1 style='text-align: center;'>Avulso Inicial &#8211; Autoria de Sidney Leite<\/h3>\n<p><\/p>\n<article>PROJETO DE LEI N\u00ba _____, DE 2025<br \/>\n(Do Sr. SIDNEY LEITE)<br \/>\nAltera a reda\u00e7\u00e3o do art. 3\u00ba, inciso<br \/>\nVI, da Lei n\u00ba 10.169, de 29 de<br \/>\ndezembro de 2000, que disp\u00f5e<br \/>\nsobre os emolumentos relativos<br \/>\naos atos praticados pelos servi\u00e7os<br \/>\nnotariais e de registro.<br \/>\nO CONGRESSO NACIONAL decreta:<br \/>\nArt. 1\u00ba O inciso VI do art. 3\u00ba da Lei n\u00ba 10.169, de 29 de dezembro de<br \/>\n2000, passa a vigorar com a seguinte reda\u00e7\u00e3o:<br \/>\n\u201cVI \u2013 impor quaisquer acr\u00e9scimos a t\u00edtulo de taxas, custas e<br \/>\ncontribui\u00e7\u00f5es para o Estado ou Distrito Federal, carteira de<br \/>\nprevid\u00eancia, fundo de custeio de atos gratuitos e fundos especiais do<br \/>\nTribunal de Justi\u00e7a, bem como de associa\u00e7\u00e3o de classe, ou outros<br \/>\nque venham a ser criados.\u201d<br \/>\nArt. 2\u00ba Esta Lei entra em vigor na data de sua publica\u00e7\u00e3o.<br \/>\nJUSTIFICATIVA<br \/>\nA Lei n\u00ba 10.169, de 29 de dezembro de 2000, regulamenta a fixa\u00e7\u00e3o<br \/>\nde emolumentos relativos aos atos praticados pelos servi\u00e7os notariais e de<br \/>\nregistro. Contudo, ao longo do tempo, verificou-se que, de forma indireta,<br \/>\ndiversos acr\u00e9scimos v\u00eam sendo incorporados aos custos dos servi\u00e7os<br \/>\nextrajudiciais, elevando, de maneira desnecess\u00e1ria, o valor final pago.<br \/>\nEssa pr\u00e1tica tem ocorrido, principalmente, pela inclus\u00e3o de taxas,<br \/>\ncustas e contribui\u00e7\u00f5es destinadas a fundos estaduais ou distritais, carteiras<br \/>\nprevidenci\u00e1rias, associa\u00e7\u00f5es de classe ou outras entidades, que acabam<br \/>\nonerando o cidad\u00e3o sem rela\u00e7\u00e3o direta com a presta\u00e7\u00e3o do servi\u00e7o.<br \/>\nA presente proposta visa modificar a reda\u00e7\u00e3o anterior do inciso VI do<br \/>\nart. 3\u00ba da Lei n\u00ba 10.169\/2000, com o objetivo de vedar expressamente a<br \/>\nimposi\u00e7\u00e3o de quaisquer acr\u00e9scimos que aumentem artificialmente o custo dos<br \/>\nPara verificar a assinatura, acesse https:\/\/infoleg-autenticidade-assinatura.camara.leg.br\/CD256668615900<br \/>\nAssinado eletronicamente pelo(a) Dep. Sidney Leite<br \/>\nApresenta\u00e7\u00e3o: 11\/08\/2025 18:26:03.710 &#8211; Mesa<br \/>\n*CD256668615900* PL n.3888\/2025<br \/>servi\u00e7os notariais e registrais, garantindo maior controle e evitando cobran\u00e7as<br \/>\nque extrapolem a finalidade original da norma.<br \/>\nCom essa altera\u00e7\u00e3o, busca-se assegurar maior transpar\u00eancia e<br \/>\nmodicidade dos valores cobrados, alinhando-se ao princ\u00edpio da efici\u00eancia na<br \/>\npresta\u00e7\u00e3o do servi\u00e7o p\u00fablico delegado e ao respeito ao usu\u00e1rio, que n\u00e3o deve<br \/>\nser compelido a custear encargos alheios \u00e0 natureza do ato praticado.<br \/>\nDessa forma, o presente projeto contribui para reduzir o custo dos<br \/>\nservi\u00e7os cartor\u00e1rios, impedir majora\u00e7\u00f5es desnecess\u00e1rias e resguardar o<br \/>\ninteresse p\u00fablico, sem prejudicar a justa remunera\u00e7\u00e3o dos delegat\u00e1rios.<br \/>\nDiante do exposto, contamos com o apoio dos nobres parlamentares<br \/>\npara a aprova\u00e7\u00e3o da presente proposta.<br \/>\nSala das Sess\u00f5es, em        de                     de 2025.<br \/>\nDeputado SIDNEY LEITE<br \/>\nPSD\/AM<br \/>\nPara verificar a assinatura, acesse https:\/\/infoleg-autenticidade-assinatura.camara.leg.br\/CD256668615900<br \/>\nAssinado eletronicamente pelo(a) Dep. Sidney Leite<br \/>\nApresenta\u00e7\u00e3o: 11\/08\/2025 18:26:03.710 &#8211; Mesa<br \/>\n*CD256668615900* PL n.3888\/2025<\/article>\n<p><a href='https:\/\/app.legislapp.com.br\/#\/busca?termo=Altera\u00e7\u00e3o'>Altera\u00e7\u00e3o<\/a>, <a href='https:\/\/app.legislapp.com.br\/#\/busca?termo=Lei Federal de Emolumentos (2000)'>Lei Federal de Emolumentos (2000)<\/a>, <a href='https:\/\/app.legislapp.com.br\/#\/busca?termo=proibi\u00e7\u00e3o'>proibi\u00e7\u00e3o<\/a>, <a href='https:\/\/app.legislapp.com.br\/#\/busca?termo=acr\u00e9scimo'>acr\u00e9scimo<\/a>, <a href='https:\/\/app.legislapp.com.br\/#\/busca?termo=taxa'>taxa<\/a>, <a href='https:\/\/app.legislapp.com.br\/#\/busca?termo=Custas'>Custas<\/a>, <a href='https:\/\/app.legislapp.com.br\/#\/busca?termo=Contribui\u00e7\u00e3o'>Contribui\u00e7\u00e3o<\/a>, <a href='https:\/\/app.legislapp.com.br\/#\/busca?termo=cobran\u00e7a'>cobran\u00e7a<\/a>, <a href='https:\/\/app.legislapp.com.br\/#\/busca?termo=Emolumento'>Emolumento<\/a>, <a href='https:\/\/app.legislapp.com.br\/#\/busca?termo=Servi\u00e7o notarial e de registro.'>Servi\u00e7o notarial e de registro.<\/a><\/p>\n<div style=\"text-align: center\">\n      <img decoding=\"async\" style=\"width: 14%;\" src=\"https:\/\/www.legislapp.com.br\/wp-content\/uploads\/2021\/07\/Logo-Legislapp-1-03-1.png\"><br \/>\n      <\/p>\n<div style=\"margin-bottom: 20px;\" class=\"et_pb_button_module_wrapper et_pb_button_5_tb_body_wrapper et_pb_button_alignment_center et_pb_module \">\n         <a class=\"et_pb_button et_pb_button_5_tb_body et_hover_enabled et_pb_bg_layout_dark\" style=\"width: 50%;background-color: black;\" href=\"https:\/\/app.legislapp.com.br\" target=\"_blank\" rel=\"noopener\">Visualizar completo na nossa plataforma (30 dias gr\u00e1tis)<\/a><\/p><\/div>\n<p>      <a href=\"https:\/\/play.google.com\/store\/apps\/details?id=br.com.legislapp\"><img decoding=\"async\" style=\"width: 15%; min-width: 130px;\" src=\"https:\/\/www.legislapp.com.br\/wp-content\/uploads\/google-play.png\"><\/a><br \/>\n      <a href=\"https:\/\/apps.apple.com\/us\/app\/legislapp\/id1568929859\"><img decoding=\"async\" style=\"width: 15%; min-width: 130px\" src=\"https:\/\/www.legislapp.com.br\/wp-content\/uploads\/apple-store.png\"><\/a>\n   <\/div>\n","protected":false},"excerpt":{"rendered":"<p>Avulso Inicial &#8211; Autoria de Sidney Leite PROJETO DE LEI N\u00ba _____, DE 2025 (Do Sr. SIDNEY LEITE) Altera a reda\u00e7\u00e3o do art. 3\u00ba, inciso VI, da Lei n\u00ba 10.169, de 29 de dezembro de 2000, que disp\u00f5e sobre os emolumentos relativos aos atos praticados pelos servi\u00e7os notariais e de registro. O CONGRESSO NACIONAL decreta: [&hellip;]<\/p>\n","protected":false},"author":1,"featured_media":0,"parent":0,"menu_order":0,"comment_status":"closed","ping_status":"closed","template":"page-template-blank.php","meta":{"_et_pb_use_builder":"","_et_pb_old_content":"","_et_gb_content_width":"1080","ngg_post_thumbnail":0,"footnotes":""},"class_list":["post-10795","page","type-page","status-publish","hentry"],"yoast_head":"<!-- This site is optimized with the Yoast SEO plugin v24.4 - https:\/\/yoast.com\/wordpress\/plugins\/seo\/ -->\n<title>Avulso Inicial - PL 3888\/2025 - C\u00e2mara - Legislapp<\/title>\n<meta name=\"robots\" content=\"index, follow, max-snippet:-1, max-image-preview:large, max-video-preview:-1\" \/>\n<link rel=\"canonical\" href=\"https:\/\/www.legislapp.com.br\/index.php\/avulso-inicial-pl-3888-2025-camara\/\" \/>\n<meta property=\"og:locale\" content=\"pt_BR\" \/>\n<meta property=\"og:type\" content=\"article\" \/>\n<meta property=\"og:title\" content=\"Avulso Inicial - PL 3888\/2025 - C\u00e2mara - Legislapp\" \/>\n<meta property=\"og:description\" content=\"Avulso Inicial &#8211; Autoria de Sidney Leite PROJETO DE LEI N\u00ba _____, DE 2025 (Do Sr. SIDNEY LEITE) Altera a reda\u00e7\u00e3o do art. 3\u00ba, inciso VI, da Lei n\u00ba 10.169, de 29 de dezembro de 2000, que disp\u00f5e sobre os emolumentos relativos aos atos praticados pelos servi\u00e7os notariais e de registro. O CONGRESSO NACIONAL decreta: [&hellip;]\" \/>\n<meta property=\"og:url\" content=\"https:\/\/www.legislapp.com.br\/index.php\/avulso-inicial-pl-3888-2025-camara\/\" \/>\n<meta property=\"og:site_name\" content=\"Legislapp\" \/>\n<meta property=\"article:publisher\" content=\"https:\/\/www.instagram.com\/legislapp\/\" \/>\n<meta property=\"og:image\" content=\"https:\/\/www.legislapp.com.br\/wp-content\/uploads\/2021\/07\/Logo-Legislapp-1-03-1.png\" \/>\n<meta name=\"twitter:card\" content=\"summary_large_image\" \/>\n<meta name=\"twitter:label1\" content=\"Est. tempo de leitura\" \/>\n\t<meta name=\"twitter:data1\" content=\"2 minutos\" \/>\n<script type=\"application\/ld+json\" class=\"yoast-schema-graph\">{\"@context\":\"https:\/\/schema.org\",\"@graph\":[{\"@type\":\"WebPage\",\"@id\":\"https:\/\/www.legislapp.com.br\/index.php\/avulso-inicial-pl-3888-2025-camara\/\",\"url\":\"https:\/\/www.legislapp.com.br\/index.php\/avulso-inicial-pl-3888-2025-camara\/\",\"name\":\"Avulso Inicial - PL 3888\/2025 - C\u00e2mara - Legislapp\",\"isPartOf\":{\"@id\":\"https:\/\/www.legislapp.com.br\/#website\"},\"primaryImageOfPage\":{\"@id\":\"https:\/\/www.legislapp.com.br\/index.php\/avulso-inicial-pl-3888-2025-camara\/#primaryimage\"},\"image\":{\"@id\":\"https:\/\/www.legislapp.com.br\/index.php\/avulso-inicial-pl-3888-2025-camara\/#primaryimage\"},\"thumbnailUrl\":\"https:\/\/www.legislapp.com.br\/wp-content\/uploads\/2021\/07\/Logo-Legislapp-1-03-1.png\",\"datePublished\":\"2025-12-01T14:38:18+00:00\",\"breadcrumb\":{\"@id\":\"https:\/\/www.legislapp.com.br\/index.php\/avulso-inicial-pl-3888-2025-camara\/#breadcrumb\"},\"inLanguage\":\"pt-BR\",\"potentialAction\":[{\"@type\":\"ReadAction\",\"target\":[\"https:\/\/www.legislapp.com.br\/index.php\/avulso-inicial-pl-3888-2025-camara\/\"]}]},{\"@type\":\"ImageObject\",\"inLanguage\":\"pt-BR\",\"@id\":\"https:\/\/www.legislapp.com.br\/index.php\/avulso-inicial-pl-3888-2025-camara\/#primaryimage\",\"url\":\"https:\/\/www.legislapp.com.br\/wp-content\/uploads\/2021\/07\/Logo-Legislapp-1-03-1.png\",\"contentUrl\":\"https:\/\/www.legislapp.com.br\/wp-content\/uploads\/2021\/07\/Logo-Legislapp-1-03-1.png\",\"width\":2679,\"height\":2697},{\"@type\":\"BreadcrumbList\",\"@id\":\"https:\/\/www.legislapp.com.br\/index.php\/avulso-inicial-pl-3888-2025-camara\/#breadcrumb\",\"itemListElement\":[{\"@type\":\"ListItem\",\"position\":1,\"name\":\"In\u00edcio\",\"item\":\"https:\/\/www.legislapp.com.br\/\"},{\"@type\":\"ListItem\",\"position\":2,\"name\":\"Avulso Inicial &#8211; PL 3888\/2025 &#8211; C\u00e2mara\"}]},{\"@type\":\"WebSite\",\"@id\":\"https:\/\/www.legislapp.com.br\/#website\",\"url\":\"https:\/\/www.legislapp.com.br\/\",\"name\":\"Legislapp\",\"description\":\"Intelig\u00eancia governamental em tempo real\",\"publisher\":{\"@id\":\"https:\/\/www.legislapp.com.br\/#organization\"},\"potentialAction\":[{\"@type\":\"SearchAction\",\"target\":{\"@type\":\"EntryPoint\",\"urlTemplate\":\"https:\/\/www.legislapp.com.br\/?s={search_term_string}\"},\"query-input\":{\"@type\":\"PropertyValueSpecification\",\"valueRequired\":true,\"valueName\":\"search_term_string\"}}],\"inLanguage\":\"pt-BR\"},{\"@type\":\"Organization\",\"@id\":\"https:\/\/www.legislapp.com.br\/#organization\",\"name\":\"Legislapp Monitoramento e Intelig\u00eancia Governamental\",\"url\":\"https:\/\/www.legislapp.com.br\/\",\"logo\":{\"@type\":\"ImageObject\",\"inLanguage\":\"pt-BR\",\"@id\":\"https:\/\/www.legislapp.com.br\/#\/schema\/logo\/image\/\",\"url\":\"https:\/\/www.legislapp.com.br\/wp-content\/uploads\/icon.png\",\"contentUrl\":\"https:\/\/www.legislapp.com.br\/wp-content\/uploads\/icon.png\",\"width\":1024,\"height\":1024,\"caption\":\"Legislapp Monitoramento e Intelig\u00eancia Governamental\"},\"image\":{\"@id\":\"https:\/\/www.legislapp.com.br\/#\/schema\/logo\/image\/\"},\"sameAs\":[\"https:\/\/www.instagram.com\/legislapp\/\"]}]}<\/script>\n<!-- \/ Yoast SEO plugin. -->","yoast_head_json":{"title":"Avulso Inicial - PL 3888\/2025 - C\u00e2mara - Legislapp","robots":{"index":"index","follow":"follow","max-snippet":"max-snippet:-1","max-image-preview":"max-image-preview:large","max-video-preview":"max-video-preview:-1"},"canonical":"https:\/\/www.legislapp.com.br\/index.php\/avulso-inicial-pl-3888-2025-camara\/","og_locale":"pt_BR","og_type":"article","og_title":"Avulso Inicial - PL 3888\/2025 - C\u00e2mara - Legislapp","og_description":"Avulso Inicial &#8211; Autoria de Sidney Leite PROJETO DE LEI N\u00ba _____, DE 2025 (Do Sr. SIDNEY LEITE) Altera a reda\u00e7\u00e3o do art. 3\u00ba, inciso VI, da Lei n\u00ba 10.169, de 29 de dezembro de 2000, que disp\u00f5e sobre os emolumentos relativos aos atos praticados pelos servi\u00e7os notariais e de registro. O CONGRESSO NACIONAL decreta: [&hellip;]","og_url":"https:\/\/www.legislapp.com.br\/index.php\/avulso-inicial-pl-3888-2025-camara\/","og_site_name":"Legislapp","article_publisher":"https:\/\/www.instagram.com\/legislapp\/","og_image":[{"url":"https:\/\/www.legislapp.com.br\/wp-content\/uploads\/2021\/07\/Logo-Legislapp-1-03-1.png","type":"","width":"","height":""}],"twitter_card":"summary_large_image","twitter_misc":{"Est. tempo de leitura":"2 minutos"},"schema":{"@context":"https:\/\/schema.org","@graph":[{"@type":"WebPage","@id":"https:\/\/www.legislapp.com.br\/index.php\/avulso-inicial-pl-3888-2025-camara\/","url":"https:\/\/www.legislapp.com.br\/index.php\/avulso-inicial-pl-3888-2025-camara\/","name":"Avulso Inicial - PL 3888\/2025 - C\u00e2mara - Legislapp","isPartOf":{"@id":"https:\/\/www.legislapp.com.br\/#website"},"primaryImageOfPage":{"@id":"https:\/\/www.legislapp.com.br\/index.php\/avulso-inicial-pl-3888-2025-camara\/#primaryimage"},"image":{"@id":"https:\/\/www.legislapp.com.br\/index.php\/avulso-inicial-pl-3888-2025-camara\/#primaryimage"},"thumbnailUrl":"https:\/\/www.legislapp.com.br\/wp-content\/uploads\/2021\/07\/Logo-Legislapp-1-03-1.png","datePublished":"2025-12-01T14:38:18+00:00","breadcrumb":{"@id":"https:\/\/www.legislapp.com.br\/index.php\/avulso-inicial-pl-3888-2025-camara\/#breadcrumb"},"inLanguage":"pt-BR","potentialAction":[{"@type":"ReadAction","target":["https:\/\/www.legislapp.com.br\/index.php\/avulso-inicial-pl-3888-2025-camara\/"]}]},{"@type":"ImageObject","inLanguage":"pt-BR","@id":"https:\/\/www.legislapp.com.br\/index.php\/avulso-inicial-pl-3888-2025-camara\/#primaryimage","url":"https:\/\/www.legislapp.com.br\/wp-content\/uploads\/2021\/07\/Logo-Legislapp-1-03-1.png","contentUrl":"https:\/\/www.legislapp.com.br\/wp-content\/uploads\/2021\/07\/Logo-Legislapp-1-03-1.png","width":2679,"height":2697},{"@type":"BreadcrumbList","@id":"https:\/\/www.legislapp.com.br\/index.php\/avulso-inicial-pl-3888-2025-camara\/#breadcrumb","itemListElement":[{"@type":"ListItem","position":1,"name":"In\u00edcio","item":"https:\/\/www.legislapp.com.br\/"},{"@type":"ListItem","position":2,"name":"Avulso Inicial &#8211; PL 3888\/2025 &#8211; C\u00e2mara"}]},{"@type":"WebSite","@id":"https:\/\/www.legislapp.com.br\/#website","url":"https:\/\/www.legislapp.com.br\/","name":"Legislapp","description":"Intelig\u00eancia governamental em tempo real","publisher":{"@id":"https:\/\/www.legislapp.com.br\/#organization"},"potentialAction":[{"@type":"SearchAction","target":{"@type":"EntryPoint","urlTemplate":"https:\/\/www.legislapp.com.br\/?s={search_term_string}"},"query-input":{"@type":"PropertyValueSpecification","valueRequired":true,"valueName":"search_term_string"}}],"inLanguage":"pt-BR"},{"@type":"Organization","@id":"https:\/\/www.legislapp.com.br\/#organization","name":"Legislapp Monitoramento e Intelig\u00eancia Governamental","url":"https:\/\/www.legislapp.com.br\/","logo":{"@type":"ImageObject","inLanguage":"pt-BR","@id":"https:\/\/www.legislapp.com.br\/#\/schema\/logo\/image\/","url":"https:\/\/www.legislapp.com.br\/wp-content\/uploads\/icon.png","contentUrl":"https:\/\/www.legislapp.com.br\/wp-content\/uploads\/icon.png","width":1024,"height":1024,"caption":"Legislapp Monitoramento e Intelig\u00eancia Governamental"},"image":{"@id":"https:\/\/www.legislapp.com.br\/#\/schema\/logo\/image\/"},"sameAs":["https:\/\/www.instagram.com\/legislapp\/"]}]}},"_links":{"self":[{"href":"https:\/\/www.legislapp.com.br\/index.php\/wp-json\/wp\/v2\/pages\/10795","targetHints":{"allow":["GET"]}}],"collection":[{"href":"https:\/\/www.legislapp.com.br\/index.php\/wp-json\/wp\/v2\/pages"}],"about":[{"href":"https:\/\/www.legislapp.com.br\/index.php\/wp-json\/wp\/v2\/types\/page"}],"author":[{"embeddable":true,"href":"https:\/\/www.legislapp.com.br\/index.php\/wp-json\/wp\/v2\/users\/1"}],"replies":[{"embeddable":true,"href":"https:\/\/www.legislapp.com.br\/index.php\/wp-json\/wp\/v2\/comments?post=10795"}],"version-history":[{"count":0,"href":"https:\/\/www.legislapp.com.br\/index.php\/wp-json\/wp\/v2\/pages\/10795\/revisions"}],"wp:attachment":[{"href":"https:\/\/www.legislapp.com.br\/index.php\/wp-json\/wp\/v2\/media?parent=10795"}],"curies":[{"name":"wp","href":"https:\/\/api.w.org\/{rel}","templated":true}]}}