{"id":10799,"date":"2025-12-01T11:38:31","date_gmt":"2025-12-01T14:38:31","guid":{"rendered":"https:\/\/www.legislapp.com.br\/index.php\/avulso-inicial-pl-5039-2025-camara\/"},"modified":"2025-12-01T11:38:31","modified_gmt":"2025-12-01T14:38:31","slug":"avulso-inicial-pl-5039-2025-camara","status":"publish","type":"page","link":"https:\/\/www.legislapp.com.br\/index.php\/avulso-inicial-pl-5039-2025-camara\/","title":{"rendered":"Avulso Inicial &#8211; PL 5039\/2025 &#8211; C\u00e2mara"},"content":{"rendered":"<h1 style='text-align: center;'>Avulso Inicial &#8211; Autoria de Luiz Carlos Hauly<\/h3>\n<p><\/p>\n<article>PROJETO DE LEI N\u00ba ___, DE ___ DE ___________ DE 2025<br \/>\n(Do Sr. Deputado Luiz Carlos Hauly)<br \/>\nAutoriza a Empresa Brasileira de<br \/>\nCorreios e Tel\u00e9grafos \u2013 ECT a celebrar<br \/>\ncontratos de parceria p\u00fablico-privada,<br \/>\nnos termos da Lei n\u00ba 11.079, de 30 de<br \/>\ndezembro de 2004, e d\u00e1 outras<br \/>\nprovid\u00eancias.<br \/>\nO CONGRESSO NACIONAL decreta:<br \/>\nArt. 1\u00ba Fica a Empresa Brasileira de Correios e Tel\u00e9grafos \u2013 ECT<br \/>\nautorizada a celebrar contratos de parceria p\u00fablico-privada, nos termos da Lei n\u00ba<br \/>\n11.079, de 30 de dezembro de 2004, observadas as diretrizes do Poder<br \/>\nExecutivo Federal e os princ\u00edpios da efici\u00eancia, economicidade, transpar\u00eancia e<br \/>\ncontinuidade do servi\u00e7o p\u00fablico postal.<br \/>\nArt. 2\u00ba As parcerias p\u00fablico-privadas firmadas pela ECT poder\u00e3o<br \/>\nabranger, principalmente:<br \/>\nI \u2013 a moderniza\u00e7\u00e3o e expans\u00e3o da infraestrutura log\u00edstica e de<br \/>\ntransporte postal, incluindo os servi\u00e7os de log\u00edstica, transporte e entrega de<br \/>\nencomendas, inclusive os vinculados ao com\u00e9rcio eletr\u00f4nico, \u00e0 log\u00edstica reversa<br \/>\ne ao transporte multimodal;<br \/>\nII \u2013 a implanta\u00e7\u00e3o e opera\u00e7\u00e3o de centros automatizados de<br \/>\ntriagem, distribui\u00e7\u00e3o e armazenamento;<br \/>\nIII \u2013 o desenvolvimento e gest\u00e3o de solu\u00e7\u00f5es tecnol\u00f3gicas voltadas<br \/>\n\u00e0 automa\u00e7\u00e3o, rastreamento, certifica\u00e7\u00e3o digital, seguran\u00e7a da informa\u00e7\u00e3o e<br \/>\ntransforma\u00e7\u00e3o digital dos servi\u00e7os postais;<br \/>\nPara verificar a assinatura, acesse https:\/\/infoleg-autenticidade-assinatura.camara.leg.br\/CD259559677200<br \/>\nAssinado eletronicamente pelo(a) Dep. Luiz Carlos Hauly<br \/>\nApresenta\u00e7\u00e3o: 08\/10\/2025 15:16:39.657 &#8211; Mesa<br \/>\n*CD259559677200* PL n.5039\/2025<br \/>IV \u2013 a integra\u00e7\u00e3o dos servi\u00e7os postais com plataformas digitais e<br \/>\nde com\u00e9rcio eletr\u00f4nico;<br \/>\nV \u2013 a explora\u00e7\u00e3o de atividades acess\u00f3rias ou complementares \u00e0<br \/>\natividade postal, desde que n\u00e3o comprometam o car\u00e1ter p\u00fablico e universal do<br \/>\nservi\u00e7o;<br \/>\nVI \u2013 a presta\u00e7\u00e3o de servi\u00e7os financeiros e de inclus\u00e3o digital,<br \/>\nobservadas as normas do Banco Central do Brasil e do Conselho Monet\u00e1rio<br \/>\nNacional;<br \/>\nVII \u2013 a explora\u00e7\u00e3o de atividades acess\u00f3rias ou complementares,<br \/>\ntais como publicidade institucional, marketing direto, emiss\u00e3o de t\u00edtulos, log\u00edstica<br \/>\nintegrada e transporte multimodal;<br \/>\nVIII \u2013 parcerias voltadas \u00e0 sustentabilidade e \u00e0 efici\u00eancia<br \/>\nenerg\u00e9tica, incluindo o uso de energias renov\u00e1veis e frota el\u00e9trica;<br \/>\nIX \u2013 projetos de inova\u00e7\u00e3o e pesquisa aplicada em parceria com<br \/>\nuniversidades, centros tecnol\u00f3gicos e startups.<br \/>\n\u00a7 1\u00ba As parcerias previstas neste artigo dever\u00e3o:<br \/>\nI \u2013 preservar o controle acion\u00e1rio e a titularidade p\u00fablica da ECT;<br \/>\nII \u2013 assegurar a continuidade, a universalidade e a qualidade dos<br \/>\nservi\u00e7os postais sob regime p\u00fablico;<br \/>\nIII \u2013 garantir a transpar\u00eancia, a publicidade e o equil\u00edbrio<br \/>\necon\u00f4mico-financeiro dos contratos;<br \/>\nIV \u2013 respeitar a legisla\u00e7\u00e3o ambiental, trabalhista e de prote\u00e7\u00e3o de<br \/>\ndados pessoais;<br \/>\nV \u2013 observar as diretrizes de governan\u00e7a e integridade<br \/>\nestabelecidas pela Lei n\u00ba 13.303, de 30 de junho de 2016.<br \/>\n\u00a7 2\u00ba \u00c9 vedada a celebra\u00e7\u00e3o de parcerias p\u00fablico-privadas que<br \/>\nenvolvam, direta ou indiretamente, os servi\u00e7os postais de coleta, transporte e<br \/>\nentrega de cartas e cart\u00f5es-postais, bem como a emiss\u00e3o de selos postais e<br \/>\nPara verificar a assinatura, acesse https:\/\/infoleg-autenticidade-assinatura.camara.leg.br\/CD259559677200<br \/>\nAssinado eletronicamente pelo(a) Dep. Luiz Carlos Hauly<br \/>\nApresenta\u00e7\u00e3o: 08\/10\/2025 15:16:39.657 &#8211; Mesa<br \/>\n*CD259559677200* PL n.5039\/2025<br \/>correspond\u00eancias de car\u00e1ter pessoal, mantidos sob o monop\u00f3lio da Uni\u00e3o, nos<br \/>\ntermos da Lei n\u00ba 6.538, de 22 de junho de 1978.<br \/>\nArt. 3\u00ba A celebra\u00e7\u00e3o das parcerias observar\u00e1 as normas de<br \/>\ngovernan\u00e7a e compliance da ECT, bem como os requisitos de publicidade,<br \/>\nsele\u00e7\u00e3o competitiva e equil\u00edbrio econ\u00f4mico-financeiro previstos na legisla\u00e7\u00e3o de<br \/>\nlicita\u00e7\u00f5es e contratos administrativos.<br \/>\nArt. 4\u00ba Os contratos de parceria p\u00fablico-privada dever\u00e3o conter<br \/>\ncl\u00e1usulas que assegurem:<br \/>\nI \u2013 a manuten\u00e7\u00e3o da qualidade e da universalidade dos servi\u00e7os<br \/>\npostais;<br \/>\nII \u2013 a prote\u00e7\u00e3o de dados pessoais e sigilosos dos usu\u00e1rios;<br \/>\nIII \u2013 o respeito aos direitos trabalhistas e previdenci\u00e1rios dos<br \/>\nempregados da ECT;<br \/>\nIV \u2013 a sustentabilidade ambiental dos empreendimentos e<br \/>\nopera\u00e7\u00f5es.<br \/>\nArt. 5\u00ba A ECT dever\u00e1 encaminhar, anualmente, ao Minist\u00e9rio das<br \/>\nComunica\u00e7\u00f5es e ao Congresso Nacional, relat\u00f3rio circunstanciado das parcerias<br \/>\nfirmadas, com informa\u00e7\u00f5es sobre metas, resultados e impactos<br \/>\nsocioecon\u00f4micos.<br \/>\nArt. 6\u00ba Esta Lei entra em vigor na data de sua publica\u00e7\u00e3o.<br \/>\nJUSTIFICA\u00c7\u00c3O<br \/>\nNos \u00faltimos anos, em decorr\u00eancia de m\u00e1 gest\u00e3o operacional e<br \/>\naus\u00eancia de moderniza\u00e7\u00e3o tecnol\u00f3gica, a Empresa Brasileira de Correios e<br \/>\nTel\u00e9grafos-ECT apresentou um d\u00e9ficit operacional de R$ 4,3 bilh\u00f5es no primeiro<br \/>\nPara verificar a assinatura, acesse https:\/\/infoleg-autenticidade-assinatura.camara.leg.br\/CD259559677200<br \/>\nAssinado eletronicamente pelo(a) Dep. Luiz Carlos Hauly<br \/>\nApresenta\u00e7\u00e3o: 08\/10\/2025 15:16:39.657 &#8211; Mesa<br \/>\n*CD259559677200* PL n.5039\/2025<br \/>semestre de 2025, somado aos preju\u00edzos de R$ 3,2 bilh\u00f5es em 2024 e R$ 597<br \/>\nmilh\u00f5es em 2023.<br \/>\nAtualmente, os Correios representam cerca de 50% do d\u00e9ficit total<br \/>\ndas vinte estatais federais deficit\u00e1rias.<br \/>\nUrge promover mudan\u00e7as estruturais e operacionais na empresa,<br \/>\nque por d\u00e9cadas foi uma das institui\u00e7\u00f5es de maior confian\u00e7a do povo brasileiro,<br \/>\nao lado da fam\u00edlia e dos bombeiros, e reconhecida como modelo de efici\u00eancia e<br \/>\ninova\u00e7\u00e3o no setor p\u00fablico.<br \/>\nA presente proposta autoriza a ECT a firmar contratos de parceria<br \/>\np\u00fablico-privada &#8211; PPP como instrumento de fortalecimento institucional,<br \/>\nmoderniza\u00e7\u00e3o operacional e aumento da efici\u00eancia na presta\u00e7\u00e3o dos servi\u00e7os<br \/>\npostais no Brasil.<br \/>\nA ECT, empresa p\u00fablica com papel social e estrat\u00e9gico, enfrenta o<br \/>\ndesafio de adaptar-se \u00e0s novas din\u00e2micas log\u00edsticas e digitais, especialmente<br \/>\ndiante da expans\u00e3o do com\u00e9rcio eletr\u00f4nico, da automa\u00e7\u00e3o de processos e da<br \/>\ncrescente demanda por solu\u00e7\u00f5es integradas de transporte e rastreamento.<br \/>\nAs PPP\u2019s, j\u00e1 consolidadas como instrumentos eficazes em setores<br \/>\ncomo energia, saneamento e transporte, permitem a conjuga\u00e7\u00e3o de<br \/>\ninvestimentos privados, inova\u00e7\u00e3o tecnol\u00f3gica e gest\u00e3o eficiente, preservando o<br \/>\ncontrole p\u00fablico e o car\u00e1ter universal dos servi\u00e7os.<br \/>\nCom a autoriza\u00e7\u00e3o proposta, os Correios poder\u00e3o expandir sua<br \/>\ncapacidade de investimento, reduzir custos operacionais e ampliar a qualidade e<br \/>\no alcance dos servi\u00e7os postais, inclusive em regi\u00f5es remotas, sem comprometer<br \/>\nsua fun\u00e7\u00e3o p\u00fablica e social, desempenhada desde 1663.<br \/>\nAl\u00e9m disso, a ECT poder\u00e1 atuar em novos nichos de mercado \u2014<br \/>\nlog\u00edstica integrada, transporte de \u00faltima milha, armazenamento inteligente e<br \/>\nservi\u00e7os digitais \u2014 consolidando-se como vetor de integra\u00e7\u00e3o nacional e<br \/>\ninclus\u00e3o social, com impacto positivo na sustentabilidade financeira da empresa.<br \/>\nPara verificar a assinatura, acesse https:\/\/infoleg-autenticidade-assinatura.camara.leg.br\/CD259559677200<br \/>\nAssinado eletronicamente pelo(a) Dep. Luiz Carlos Hauly<br \/>\nApresenta\u00e7\u00e3o: 08\/10\/2025 15:16:39.657 &#8211; Mesa<br \/>\n*CD259559677200* PL n.5039\/2025<br \/>Diante do exposto, apresento este Projeto de Lei como passo<br \/>\ndecisivo rumo \u00e0 moderniza\u00e7\u00e3o sustent\u00e1vel da Empresa Brasileira de Correios e<br \/>\nTel\u00e9grafos, conciliando a efici\u00eancia privada com o compromisso p\u00fablico que<br \/>\nsempre norteou sua hist\u00f3ria.<br \/>\nConto com o apoio dos nobres pares \u00e0 presente proposi\u00e7\u00e3o.<br \/>\nSala das Sess\u00f5es, ___ de outubro de 2025.<br \/>\nLUIZ CARLOS HAULY<br \/>\nDeputado Federal<br \/>\nPODE\/PR<br \/>\nPara verificar a assinatura, acesse https:\/\/infoleg-autenticidade-assinatura.camara.leg.br\/CD259559677200<br \/>\nAssinado eletronicamente pelo(a) Dep. Luiz Carlos Hauly<br \/>\nApresenta\u00e7\u00e3o: 08\/10\/2025 15:16:39.657 &#8211; Mesa<br \/>\n*CD259559677200* PL n.5039\/2025<\/article>\n<p><a href='https:\/\/app.legislapp.com.br\/#\/busca?termo='><\/a><\/p>\n<div style=\"text-align: center\">\n      <img decoding=\"async\" style=\"width: 14%;\" src=\"https:\/\/www.legislapp.com.br\/wp-content\/uploads\/2021\/07\/Logo-Legislapp-1-03-1.png\"><br \/>\n      <\/p>\n<div style=\"margin-bottom: 20px;\" class=\"et_pb_button_module_wrapper et_pb_button_5_tb_body_wrapper et_pb_button_alignment_center et_pb_module \">\n         <a class=\"et_pb_button et_pb_button_5_tb_body et_hover_enabled et_pb_bg_layout_dark\" style=\"width: 50%;background-color: black;\" href=\"https:\/\/app.legislapp.com.br\" target=\"_blank\" rel=\"noopener\">Visualizar completo na nossa plataforma (30 dias gr\u00e1tis)<\/a><\/p><\/div>\n<p>      <a href=\"https:\/\/play.google.com\/store\/apps\/details?id=br.com.legislapp\"><img decoding=\"async\" style=\"width: 15%; min-width: 130px;\" src=\"https:\/\/www.legislapp.com.br\/wp-content\/uploads\/google-play.png\"><\/a><br \/>\n      <a href=\"https:\/\/apps.apple.com\/us\/app\/legislapp\/id1568929859\"><img decoding=\"async\" style=\"width: 15%; min-width: 130px\" src=\"https:\/\/www.legislapp.com.br\/wp-content\/uploads\/apple-store.png\"><\/a>\n   <\/div>\n","protected":false},"excerpt":{"rendered":"<p>Avulso Inicial &#8211; Autoria de Luiz Carlos Hauly PROJETO DE LEI N\u00ba ___, DE ___ DE ___________ DE 2025 (Do Sr. Deputado Luiz Carlos Hauly) Autoriza a Empresa Brasileira de Correios e Tel\u00e9grafos \u2013 ECT a celebrar contratos de parceria p\u00fablico-privada, nos termos da Lei n\u00ba 11.079, de 30 de dezembro de 2004, e d\u00e1 [&hellip;]<\/p>\n","protected":false},"author":1,"featured_media":0,"parent":0,"menu_order":0,"comment_status":"closed","ping_status":"closed","template":"page-template-blank.php","meta":{"_et_pb_use_builder":"","_et_pb_old_content":"","_et_gb_content_width":"1080","ngg_post_thumbnail":0,"footnotes":""},"class_list":["post-10799","page","type-page","status-publish","hentry"],"yoast_head":"<!-- This site is optimized with the Yoast SEO plugin v24.4 - https:\/\/yoast.com\/wordpress\/plugins\/seo\/ -->\n<title>Avulso Inicial - PL 5039\/2025 - C\u00e2mara - Legislapp<\/title>\n<meta name=\"robots\" content=\"index, follow, max-snippet:-1, max-image-preview:large, max-video-preview:-1\" \/>\n<link rel=\"canonical\" href=\"https:\/\/www.legislapp.com.br\/index.php\/avulso-inicial-pl-5039-2025-camara\/\" \/>\n<meta property=\"og:locale\" content=\"pt_BR\" \/>\n<meta property=\"og:type\" content=\"article\" \/>\n<meta property=\"og:title\" content=\"Avulso Inicial - PL 5039\/2025 - C\u00e2mara - Legislapp\" \/>\n<meta property=\"og:description\" content=\"Avulso Inicial &#8211; Autoria de Luiz Carlos Hauly PROJETO DE LEI N\u00ba ___, DE ___ DE ___________ DE 2025 (Do Sr. Deputado Luiz Carlos Hauly) Autoriza a Empresa Brasileira de Correios e Tel\u00e9grafos \u2013 ECT a celebrar contratos de parceria p\u00fablico-privada, nos termos da Lei n\u00ba 11.079, de 30 de dezembro de 2004, e d\u00e1 [&hellip;]\" \/>\n<meta property=\"og:url\" content=\"https:\/\/www.legislapp.com.br\/index.php\/avulso-inicial-pl-5039-2025-camara\/\" \/>\n<meta property=\"og:site_name\" content=\"Legislapp\" \/>\n<meta property=\"article:publisher\" content=\"https:\/\/www.instagram.com\/legislapp\/\" \/>\n<meta property=\"og:image\" content=\"https:\/\/www.legislapp.com.br\/wp-content\/uploads\/2021\/07\/Logo-Legislapp-1-03-1.png\" \/>\n<meta name=\"twitter:card\" content=\"summary_large_image\" \/>\n<meta name=\"twitter:label1\" content=\"Est. tempo de leitura\" \/>\n\t<meta name=\"twitter:data1\" content=\"6 minutos\" \/>\n<script type=\"application\/ld+json\" class=\"yoast-schema-graph\">{\"@context\":\"https:\/\/schema.org\",\"@graph\":[{\"@type\":\"WebPage\",\"@id\":\"https:\/\/www.legislapp.com.br\/index.php\/avulso-inicial-pl-5039-2025-camara\/\",\"url\":\"https:\/\/www.legislapp.com.br\/index.php\/avulso-inicial-pl-5039-2025-camara\/\",\"name\":\"Avulso Inicial - PL 5039\/2025 - C\u00e2mara - Legislapp\",\"isPartOf\":{\"@id\":\"https:\/\/www.legislapp.com.br\/#website\"},\"primaryImageOfPage\":{\"@id\":\"https:\/\/www.legislapp.com.br\/index.php\/avulso-inicial-pl-5039-2025-camara\/#primaryimage\"},\"image\":{\"@id\":\"https:\/\/www.legislapp.com.br\/index.php\/avulso-inicial-pl-5039-2025-camara\/#primaryimage\"},\"thumbnailUrl\":\"https:\/\/www.legislapp.com.br\/wp-content\/uploads\/2021\/07\/Logo-Legislapp-1-03-1.png\",\"datePublished\":\"2025-12-01T14:38:31+00:00\",\"breadcrumb\":{\"@id\":\"https:\/\/www.legislapp.com.br\/index.php\/avulso-inicial-pl-5039-2025-camara\/#breadcrumb\"},\"inLanguage\":\"pt-BR\",\"potentialAction\":[{\"@type\":\"ReadAction\",\"target\":[\"https:\/\/www.legislapp.com.br\/index.php\/avulso-inicial-pl-5039-2025-camara\/\"]}]},{\"@type\":\"ImageObject\",\"inLanguage\":\"pt-BR\",\"@id\":\"https:\/\/www.legislapp.com.br\/index.php\/avulso-inicial-pl-5039-2025-camara\/#primaryimage\",\"url\":\"https:\/\/www.legislapp.com.br\/wp-content\/uploads\/2021\/07\/Logo-Legislapp-1-03-1.png\",\"contentUrl\":\"https:\/\/www.legislapp.com.br\/wp-content\/uploads\/2021\/07\/Logo-Legislapp-1-03-1.png\",\"width\":2679,\"height\":2697},{\"@type\":\"BreadcrumbList\",\"@id\":\"https:\/\/www.legislapp.com.br\/index.php\/avulso-inicial-pl-5039-2025-camara\/#breadcrumb\",\"itemListElement\":[{\"@type\":\"ListItem\",\"position\":1,\"name\":\"In\u00edcio\",\"item\":\"https:\/\/www.legislapp.com.br\/\"},{\"@type\":\"ListItem\",\"position\":2,\"name\":\"Avulso Inicial &#8211; PL 5039\/2025 &#8211; C\u00e2mara\"}]},{\"@type\":\"WebSite\",\"@id\":\"https:\/\/www.legislapp.com.br\/#website\",\"url\":\"https:\/\/www.legislapp.com.br\/\",\"name\":\"Legislapp\",\"description\":\"Intelig\u00eancia governamental em tempo real\",\"publisher\":{\"@id\":\"https:\/\/www.legislapp.com.br\/#organization\"},\"potentialAction\":[{\"@type\":\"SearchAction\",\"target\":{\"@type\":\"EntryPoint\",\"urlTemplate\":\"https:\/\/www.legislapp.com.br\/?s={search_term_string}\"},\"query-input\":{\"@type\":\"PropertyValueSpecification\",\"valueRequired\":true,\"valueName\":\"search_term_string\"}}],\"inLanguage\":\"pt-BR\"},{\"@type\":\"Organization\",\"@id\":\"https:\/\/www.legislapp.com.br\/#organization\",\"name\":\"Legislapp Monitoramento e Intelig\u00eancia Governamental\",\"url\":\"https:\/\/www.legislapp.com.br\/\",\"logo\":{\"@type\":\"ImageObject\",\"inLanguage\":\"pt-BR\",\"@id\":\"https:\/\/www.legislapp.com.br\/#\/schema\/logo\/image\/\",\"url\":\"https:\/\/www.legislapp.com.br\/wp-content\/uploads\/icon.png\",\"contentUrl\":\"https:\/\/www.legislapp.com.br\/wp-content\/uploads\/icon.png\",\"width\":1024,\"height\":1024,\"caption\":\"Legislapp Monitoramento e Intelig\u00eancia Governamental\"},\"image\":{\"@id\":\"https:\/\/www.legislapp.com.br\/#\/schema\/logo\/image\/\"},\"sameAs\":[\"https:\/\/www.instagram.com\/legislapp\/\"]}]}<\/script>\n<!-- \/ Yoast SEO plugin. -->","yoast_head_json":{"title":"Avulso Inicial - PL 5039\/2025 - C\u00e2mara - Legislapp","robots":{"index":"index","follow":"follow","max-snippet":"max-snippet:-1","max-image-preview":"max-image-preview:large","max-video-preview":"max-video-preview:-1"},"canonical":"https:\/\/www.legislapp.com.br\/index.php\/avulso-inicial-pl-5039-2025-camara\/","og_locale":"pt_BR","og_type":"article","og_title":"Avulso Inicial - PL 5039\/2025 - C\u00e2mara - Legislapp","og_description":"Avulso Inicial &#8211; Autoria de Luiz Carlos Hauly PROJETO DE LEI N\u00ba ___, DE ___ DE ___________ DE 2025 (Do Sr. Deputado Luiz Carlos Hauly) Autoriza a Empresa Brasileira de Correios e Tel\u00e9grafos \u2013 ECT a celebrar contratos de parceria p\u00fablico-privada, nos termos da Lei n\u00ba 11.079, de 30 de dezembro de 2004, e d\u00e1 [&hellip;]","og_url":"https:\/\/www.legislapp.com.br\/index.php\/avulso-inicial-pl-5039-2025-camara\/","og_site_name":"Legislapp","article_publisher":"https:\/\/www.instagram.com\/legislapp\/","og_image":[{"url":"https:\/\/www.legislapp.com.br\/wp-content\/uploads\/2021\/07\/Logo-Legislapp-1-03-1.png","type":"","width":"","height":""}],"twitter_card":"summary_large_image","twitter_misc":{"Est. tempo de leitura":"6 minutos"},"schema":{"@context":"https:\/\/schema.org","@graph":[{"@type":"WebPage","@id":"https:\/\/www.legislapp.com.br\/index.php\/avulso-inicial-pl-5039-2025-camara\/","url":"https:\/\/www.legislapp.com.br\/index.php\/avulso-inicial-pl-5039-2025-camara\/","name":"Avulso Inicial - PL 5039\/2025 - C\u00e2mara - Legislapp","isPartOf":{"@id":"https:\/\/www.legislapp.com.br\/#website"},"primaryImageOfPage":{"@id":"https:\/\/www.legislapp.com.br\/index.php\/avulso-inicial-pl-5039-2025-camara\/#primaryimage"},"image":{"@id":"https:\/\/www.legislapp.com.br\/index.php\/avulso-inicial-pl-5039-2025-camara\/#primaryimage"},"thumbnailUrl":"https:\/\/www.legislapp.com.br\/wp-content\/uploads\/2021\/07\/Logo-Legislapp-1-03-1.png","datePublished":"2025-12-01T14:38:31+00:00","breadcrumb":{"@id":"https:\/\/www.legislapp.com.br\/index.php\/avulso-inicial-pl-5039-2025-camara\/#breadcrumb"},"inLanguage":"pt-BR","potentialAction":[{"@type":"ReadAction","target":["https:\/\/www.legislapp.com.br\/index.php\/avulso-inicial-pl-5039-2025-camara\/"]}]},{"@type":"ImageObject","inLanguage":"pt-BR","@id":"https:\/\/www.legislapp.com.br\/index.php\/avulso-inicial-pl-5039-2025-camara\/#primaryimage","url":"https:\/\/www.legislapp.com.br\/wp-content\/uploads\/2021\/07\/Logo-Legislapp-1-03-1.png","contentUrl":"https:\/\/www.legislapp.com.br\/wp-content\/uploads\/2021\/07\/Logo-Legislapp-1-03-1.png","width":2679,"height":2697},{"@type":"BreadcrumbList","@id":"https:\/\/www.legislapp.com.br\/index.php\/avulso-inicial-pl-5039-2025-camara\/#breadcrumb","itemListElement":[{"@type":"ListItem","position":1,"name":"In\u00edcio","item":"https:\/\/www.legislapp.com.br\/"},{"@type":"ListItem","position":2,"name":"Avulso Inicial &#8211; PL 5039\/2025 &#8211; C\u00e2mara"}]},{"@type":"WebSite","@id":"https:\/\/www.legislapp.com.br\/#website","url":"https:\/\/www.legislapp.com.br\/","name":"Legislapp","description":"Intelig\u00eancia governamental em tempo real","publisher":{"@id":"https:\/\/www.legislapp.com.br\/#organization"},"potentialAction":[{"@type":"SearchAction","target":{"@type":"EntryPoint","urlTemplate":"https:\/\/www.legislapp.com.br\/?s={search_term_string}"},"query-input":{"@type":"PropertyValueSpecification","valueRequired":true,"valueName":"search_term_string"}}],"inLanguage":"pt-BR"},{"@type":"Organization","@id":"https:\/\/www.legislapp.com.br\/#organization","name":"Legislapp Monitoramento e Intelig\u00eancia Governamental","url":"https:\/\/www.legislapp.com.br\/","logo":{"@type":"ImageObject","inLanguage":"pt-BR","@id":"https:\/\/www.legislapp.com.br\/#\/schema\/logo\/image\/","url":"https:\/\/www.legislapp.com.br\/wp-content\/uploads\/icon.png","contentUrl":"https:\/\/www.legislapp.com.br\/wp-content\/uploads\/icon.png","width":1024,"height":1024,"caption":"Legislapp Monitoramento e Intelig\u00eancia Governamental"},"image":{"@id":"https:\/\/www.legislapp.com.br\/#\/schema\/logo\/image\/"},"sameAs":["https:\/\/www.instagram.com\/legislapp\/"]}]}},"_links":{"self":[{"href":"https:\/\/www.legislapp.com.br\/index.php\/wp-json\/wp\/v2\/pages\/10799","targetHints":{"allow":["GET"]}}],"collection":[{"href":"https:\/\/www.legislapp.com.br\/index.php\/wp-json\/wp\/v2\/pages"}],"about":[{"href":"https:\/\/www.legislapp.com.br\/index.php\/wp-json\/wp\/v2\/types\/page"}],"author":[{"embeddable":true,"href":"https:\/\/www.legislapp.com.br\/index.php\/wp-json\/wp\/v2\/users\/1"}],"replies":[{"embeddable":true,"href":"https:\/\/www.legislapp.com.br\/index.php\/wp-json\/wp\/v2\/comments?post=10799"}],"version-history":[{"count":0,"href":"https:\/\/www.legislapp.com.br\/index.php\/wp-json\/wp\/v2\/pages\/10799\/revisions"}],"wp:attachment":[{"href":"https:\/\/www.legislapp.com.br\/index.php\/wp-json\/wp\/v2\/media?parent=10799"}],"curies":[{"name":"wp","href":"https:\/\/api.w.org\/{rel}","templated":true}]}}