{"id":10811,"date":"2025-12-01T11:39:20","date_gmt":"2025-12-01T14:39:20","guid":{"rendered":"https:\/\/www.legislapp.com.br\/index.php\/avulso-inicial-pl-2995-2025-camara\/"},"modified":"2025-12-01T11:39:20","modified_gmt":"2025-12-01T14:39:20","slug":"avulso-inicial-pl-2995-2025-camara","status":"publish","type":"page","link":"https:\/\/www.legislapp.com.br\/index.php\/avulso-inicial-pl-2995-2025-camara\/","title":{"rendered":"Avulso Inicial &#8211; PL 2995\/2025 &#8211; C\u00e2mara"},"content":{"rendered":"<h1 style='text-align: center;'>Avulso Inicial &#8211; Autoria de Bruno Ganem<\/h3>\n<p><\/p>\n<article>C\u00c2MARA DOS DEPUTADOS<br \/>\nDeputado Federal BRUNO GANEM (PODEMOS\/SP)<br \/>\nPROJETO DE LEI N\u00ba           , DE 2025<br \/>\n(Do Sr. Bruno Ganem \u2013 PODEMOS\/SP)<br \/>\nDisp\u00f5e sobre as medidas para agilizar o<br \/>\natendimento telef\u00f4nico imediato de emerg\u00eancias<br \/>\npor engasgo em crian\u00e7as, adolescentes, adultos e<br \/>\nidosos junto aos servi\u00e7os p\u00fablicos de urg\u00eancia e<br \/>\nemerg\u00eancia, e d\u00e1 outras provid\u00eancias.<br \/>\nO Congresso Nacional decreta:<br \/>\nArt. 1\u00ba Fica institu\u00edda a prioridade m\u00e1xima de atendimento telef\u00f4nico para<br \/>\nchamadas que relatem situa\u00e7\u00f5es de engasgo em crian\u00e7as, adolescentes, adultos ou<br \/>\nidosos junto aos servi\u00e7os p\u00fablicos de urg\u00eancia e emerg\u00eancia, especialmente pelo<br \/>\nSAMU (192) e Corpo de Bombeiros Militar (193) em todo o territ\u00f3rio nacional.<br \/>\nPar\u00e1grafo \u00fanico \u2013 A identifica\u00e7\u00e3o do solicitante dever\u00e1 ser feita somente<br \/>\nap\u00f3s o t\u00e9rmino das instru\u00e7\u00f5es das manobras de salvamento durante a chamada de<br \/>\nemerg\u00eancia por engasgo.<br \/>\nArt. 2\u00ba Ao serem acionados para ocorr\u00eancia de engasgo, os servi\u00e7os<br \/>\ndever\u00e3o, al\u00e9m do imediato despacho de viatura, proceder conforme os seguintes<br \/>\nprotocolos:<br \/>\nI \u2013 Priorizar a chamada na central de regula\u00e7\u00e3o, considerando-a emerg\u00eancia<br \/>\nde risco de morte iminente;<br \/>\nII \u2013 Acionar o recurso dispon\u00edvel mais pr\u00f3ximo da ocorr\u00eancia,<br \/>\npreferencialmente viatura equipada e equipe treinada em manobras de desobstru\u00e7\u00e3o<br \/>\nde vias a\u00e9reas;<br \/>\n1<br \/>\nPara verificar a assinatura, acesse https:\/\/infoleg-autenticidade-assinatura.camara.leg.br\/CD256711921000<br \/>\nAssinado eletronicamente pelo(a) Dep. Bruno Ganem<br \/>\nApresenta\u00e7\u00e3o: 18\/06\/2025 14:54:23.767 &#8211; Mesa<br \/>\n*CD256711921000* PL n.2995\/2025<br \/>C\u00c2MARA DOS DEPUTADOS<br \/>\nDeputado Federal BRUNO GANEM (PODEMOS\/SP)<br \/>\nIII \u2013 Manter o solicitante na linha enquanto o suporte especializado n\u00e3o<br \/>\nchega, fornecendo, de maneira clara e objetiva, orienta\u00e7\u00e3o em tempo real sobre<br \/>\nprocedimentos de primeiros socorros para engasgo, conforme protocolos cient\u00edficos<br \/>\natualizados e adaptados \u00e0 idade da v\u00edtima;<br \/>\nIV \u2013 Realizar registro detalhado dos procedimentos orientados e da evolu\u00e7\u00e3o<br \/>\ndo caso durante o atendimento telef\u00f4nico.<br \/>\nArt. 3\u00ba Os atendentes telef\u00f4nicos dos servi\u00e7os de emerg\u00eancia dever\u00e3o ser<br \/>\nobrigatoriamente capacitados periodicamente em:<br \/>\nI \u2013 Reconhecimento r\u00e1pido e correto dos sinais de engasgo em diferentes<br \/>\nfaixas et\u00e1rias;<br \/>\nII \u2013 Comunica\u00e7\u00e3o eficiente e linguagem adequada para orientar leigos em<br \/>\nsitua\u00e7\u00f5es de emerg\u00eancia;<br \/>\nIII \u2013 T\u00e9cnicas de condu\u00e7\u00e3o emocional do solicitante em situa\u00e7\u00f5es de<br \/>\nestresse.<br \/>\nArt. 4\u00ba Os servi\u00e7os de emerg\u00eancia dever\u00e3o garantir que suas centrais<br \/>\ntelef\u00f4nicas estejam aptas a identificar sinais de engasgo mesmo nas chamadas com<br \/>\ncomunica\u00e7\u00e3o limitada, como gritos de socorro, sons de sufocamento ou impossibilidade<br \/>\nde fala.<br \/>\n Art. 5\u00ba Dever\u00e3o ser realizadas campanhas regulares de conscientiza\u00e7\u00e3o,<br \/>\ninformando a popula\u00e7\u00e3o sobre:<br \/>\nI \u2013 A import\u00e2ncia da liga\u00e7\u00e3o imediata para o 192 ou 193 em caso de<br \/>\nengasgo;<br \/>\nII \u2013 Os sinais de engasgo e medidas iniciais de desobstru\u00e7\u00e3o das vias<br \/>\na\u00e9reas;<br \/>\nIII \u2013 Como proceder durante o atendimento telef\u00f4nico de emerg\u00eancia.<br \/>\nArt. 6\u00ba Os \u00f3rg\u00e3os p\u00fablicos respons\u00e1veis pelos servi\u00e7os de urg\u00eancia e<br \/>\nemerg\u00eancia poder\u00e3o promover e incentivar a forma\u00e7\u00e3o de grupos comunit\u00e1rios de<br \/>\nsocorristas volunt\u00e1rios, compostos por pessoas previamente capacitadas em primeiros<br \/>\nsocorros para desobstru\u00e7\u00e3o de vias a\u00e9reas, especialmente em casos de engasgo, a fim<br \/>\nde prestar assist\u00eancia imediata enquanto o atendimento especializado n\u00e3o chega.<br \/>\n\u00a7 1\u00ba A capacita\u00e7\u00e3o mencionada neste artigo dever\u00e1 ser ofertada<br \/>\ngratuitamente pelo poder p\u00fablico, podendo ser realizada em escolas, associa\u00e7\u00f5es de<br \/>\nbairro, unidades b\u00e1sicas de sa\u00fade e demais espa\u00e7os comunit\u00e1rios.<br \/>\n2<br \/>\nPara verificar a assinatura, acesse https:\/\/infoleg-autenticidade-assinatura.camara.leg.br\/CD256711921000<br \/>\nAssinado eletronicamente pelo(a) Dep. Bruno Ganem<br \/>\nApresenta\u00e7\u00e3o: 18\/06\/2025 14:54:23.767 &#8211; Mesa<br \/>\n*CD256711921000* PL n.2995\/2025<br \/>C\u00c2MARA DOS DEPUTADOS<br \/>\nDeputado Federal BRUNO GANEM (PODEMOS\/SP)<br \/>\n\u00a7 2\u00ba Os grupos de socorristas volunt\u00e1rios, uma vez cadastrados junto aos<br \/>\n\u00f3rg\u00e3os competentes, poder\u00e3o ser acionados pelas centrais de emerg\u00eancia quando<br \/>\nhouver ocorr\u00eancia de engasgo na respectiva \u00e1rea de atua\u00e7\u00e3o, priorizando o tempo-<br \/>\nresposta e a proximidade ao local do acidente.<br \/>\n\u00a7 3\u00ba O poder p\u00fablico poder\u00e1 conceder incentivos, certificados e<br \/>\nreconhecimento p\u00fablico aos volunt\u00e1rios participantes, como forma de est\u00edmulo \u00e0<br \/>\nades\u00e3o e perman\u00eancia nesses grupos.<br \/>\n\u00a7 4\u00ba Os grupos de volunt\u00e1rios atuar\u00e3o de forma complementar e n\u00e3o<br \/>\nsubstitutiva ao servi\u00e7o oficial de urg\u00eancia e emerg\u00eancia, observadas as orienta\u00e7\u00f5es e<br \/>\nprotocolos estabelecidos.<br \/>\nArt. 7\u00ba O Poder Executivo regulamentar\u00e1 esta lei.<br \/>\nArt. 8\u00ba Esta Lei entra em vigor na data de sua publica\u00e7\u00e3o.<br \/>\nJUSTIFICA\u00c7\u00c3O<br \/>\nO presente projeto de lei visa garantir atendimento qualificado, padronizado<br \/>\ne \u00e1gil em uma das principais causas de morte s\u00fabita evit\u00e1vel, o engasgo,<br \/>\nespecialmente em crian\u00e7as e idosos e pessoas com dificuldades de degluti\u00e7\u00e3o, que<br \/>\nintegram os principais grupos de risco. O tempo de resposta adequada, orienta\u00e7\u00e3o<br \/>\ncorreta por telefone e prioriza\u00e7\u00e3o do socorro s\u00e3o fundamentais para a sobreviv\u00eancia e<br \/>\nredu\u00e7\u00e3o de sequelas, sendo imprescind\u00edvel estabelecer protocolos claros,<br \/>\nobrigatoriedade de treinamento e campanha de conscientiza\u00e7\u00e3o para toda a popula\u00e7\u00e3o.<br \/>\nRessalto que pesquisas mostram que muitas mortes por engasgo poderiam<br \/>\nser evitadas com interven\u00e7\u00f5es simples realizadas rapidamente, principalmente quando<br \/>\norientadas por profissionais treinados via telefone de emerg\u00eancia.<br \/>\nNo Brasil, nem sempre o atendimento telef\u00f4nico dos servi\u00e7os p\u00fablicos de<br \/>\nurg\u00eancia e emerg\u00eancia est\u00e1 estruturado para agir de forma priorit\u00e1ria e padronizada<br \/>\ndiante de casos de engasgo, perdendo-se tempo valioso com procedimentos<br \/>\nburocr\u00e1ticos, perguntas extensas ou encaminhamentos indevidos. A literatura m\u00e9dica e<br \/>\nrelatos da m\u00eddia indicam que a demora no atendimento \u00e9 fator determinante para o<br \/>\ndesfecho fatal em epis\u00f3dios de obstru\u00e7\u00e3o das vias a\u00e9reas superiores.<br \/>\nEm 2023, ao menos 2.000 pessoas morreram v\u00edtimas de engasgo no Brasil,<br \/>\nconforme dados do Minist\u00e9rio da Sa\u00fade. A maioria das v\u00edtimas eram beb\u00eas ou idosos,<br \/>\nsendo que mais da metade tinha mais de 65 anos. Entre crian\u00e7as de 0 a 4 anos, foram<br \/>\n3<br \/>\nPara verificar a assinatura, acesse https:\/\/infoleg-autenticidade-assinatura.camara.leg.br\/CD256711921000<br \/>\nAssinado eletronicamente pelo(a) Dep. Bruno Ganem<br \/>\nApresenta\u00e7\u00e3o: 18\/06\/2025 14:54:23.767 &#8211; Mesa<br \/>\n*CD256711921000* PL n.2995\/2025<br \/>C\u00c2MARA DOS DEPUTADOS<br \/>\nDeputado Federal BRUNO GANEM (PODEMOS\/SP)<br \/>\nregistradas 319 mortes. Esse total representa um aumento de 39,8% em compara\u00e7\u00e3o<br \/>\n1<br \/>\ncom 2020, quando foram contabilizados 1.431 \u00f3bitos por engasgo.<br \/>\nPortanto, a aprova\u00e7\u00e3o deste Projeto de Lei visa estabelecer protocolos<br \/>\nclaros para prioridade m\u00e1xima de atendimento e orienta\u00e7\u00e3o imediata durante as<br \/>\nchamadas de emerg\u00eancia por engasgo, determinando suporte t\u00e9cnico cont\u00ednuo durante<br \/>\ntoda a ocorr\u00eancia e treinamento obrigat\u00f3rio das equipes de atendimento. Essas<br \/>\nmedidas t\u00eam potencial comprovado de salvar vidas e prevenir sequelas graves.<br \/>\nSala das Sess\u00f5es, em 13 de junho de 2025.<br \/>\nDeputado BRUNO GANEM<br \/>\nPODEMOS\/SP<br \/>\n(P_125319)<br \/>\n1<br \/>\n https:\/\/www.atlaseducacional.com\/post\/aumento-no-n%C3%BAmero-de-mortes-por-<br \/>\nengasgo-alerta-a-import%C3%A2ncia-de-treinamento-para-todos<br \/>\n4<br \/>\nPara verificar a assinatura, acesse https:\/\/infoleg-autenticidade-assinatura.camara.leg.br\/CD256711921000<br \/>\nAssinado eletronicamente pelo(a) Dep. Bruno Ganem<br \/>\nApresenta\u00e7\u00e3o: 18\/06\/2025 14:54:23.767 &#8211; Mesa<br \/>\n*CD256711921000* PL n.2995\/2025<\/article>\n<p><a href='https:\/\/app.legislapp.com.br\/#\/busca?termo='><\/a><\/p>\n<div style=\"text-align: center\">\n      <img decoding=\"async\" style=\"width: 14%;\" src=\"https:\/\/www.legislapp.com.br\/wp-content\/uploads\/2021\/07\/Logo-Legislapp-1-03-1.png\"><br \/>\n      <\/p>\n<div style=\"margin-bottom: 20px;\" class=\"et_pb_button_module_wrapper et_pb_button_5_tb_body_wrapper et_pb_button_alignment_center et_pb_module \">\n         <a class=\"et_pb_button et_pb_button_5_tb_body et_hover_enabled et_pb_bg_layout_dark\" style=\"width: 50%;background-color: black;\" href=\"https:\/\/app.legislapp.com.br\" target=\"_blank\" rel=\"noopener\">Visualizar completo na nossa plataforma (30 dias gr\u00e1tis)<\/a><\/p><\/div>\n<p>      <a href=\"https:\/\/play.google.com\/store\/apps\/details?id=br.com.legislapp\"><img decoding=\"async\" style=\"width: 15%; min-width: 130px;\" src=\"https:\/\/www.legislapp.com.br\/wp-content\/uploads\/google-play.png\"><\/a><br \/>\n      <a href=\"https:\/\/apps.apple.com\/us\/app\/legislapp\/id1568929859\"><img decoding=\"async\" style=\"width: 15%; min-width: 130px\" src=\"https:\/\/www.legislapp.com.br\/wp-content\/uploads\/apple-store.png\"><\/a>\n   <\/div>\n","protected":false},"excerpt":{"rendered":"<p>Avulso Inicial &#8211; Autoria de Bruno Ganem C\u00c2MARA DOS DEPUTADOS Deputado Federal BRUNO GANEM (PODEMOS\/SP) PROJETO DE LEI N\u00ba , DE 2025 (Do Sr. Bruno Ganem \u2013 PODEMOS\/SP) Disp\u00f5e sobre as medidas para agilizar o atendimento telef\u00f4nico imediato de emerg\u00eancias por engasgo em crian\u00e7as, adolescentes, adultos e idosos junto aos servi\u00e7os p\u00fablicos de urg\u00eancia e [&hellip;]<\/p>\n","protected":false},"author":1,"featured_media":0,"parent":0,"menu_order":0,"comment_status":"closed","ping_status":"closed","template":"page-template-blank.php","meta":{"_et_pb_use_builder":"","_et_pb_old_content":"","_et_gb_content_width":"1080","ngg_post_thumbnail":0,"footnotes":""},"class_list":["post-10811","page","type-page","status-publish","hentry"],"yoast_head":"<!-- This site is optimized with the Yoast SEO plugin v24.4 - https:\/\/yoast.com\/wordpress\/plugins\/seo\/ -->\n<title>Avulso Inicial - PL 2995\/2025 - C\u00e2mara - Legislapp<\/title>\n<meta name=\"robots\" content=\"index, follow, max-snippet:-1, max-image-preview:large, max-video-preview:-1\" \/>\n<link rel=\"canonical\" href=\"https:\/\/www.legislapp.com.br\/index.php\/avulso-inicial-pl-2995-2025-camara\/\" \/>\n<meta property=\"og:locale\" content=\"pt_BR\" \/>\n<meta property=\"og:type\" content=\"article\" \/>\n<meta property=\"og:title\" content=\"Avulso Inicial - PL 2995\/2025 - C\u00e2mara - Legislapp\" \/>\n<meta property=\"og:description\" content=\"Avulso Inicial &#8211; Autoria de Bruno Ganem C\u00c2MARA DOS DEPUTADOS Deputado Federal BRUNO GANEM (PODEMOS\/SP) PROJETO DE LEI N\u00ba , DE 2025 (Do Sr. Bruno Ganem \u2013 PODEMOS\/SP) Disp\u00f5e sobre as medidas para agilizar o atendimento telef\u00f4nico imediato de emerg\u00eancias por engasgo em crian\u00e7as, adolescentes, adultos e idosos junto aos servi\u00e7os p\u00fablicos de urg\u00eancia e [&hellip;]\" \/>\n<meta property=\"og:url\" content=\"https:\/\/www.legislapp.com.br\/index.php\/avulso-inicial-pl-2995-2025-camara\/\" \/>\n<meta property=\"og:site_name\" content=\"Legislapp\" \/>\n<meta property=\"article:publisher\" content=\"https:\/\/www.instagram.com\/legislapp\/\" \/>\n<meta property=\"og:image\" content=\"https:\/\/www.legislapp.com.br\/wp-content\/uploads\/2021\/07\/Logo-Legislapp-1-03-1.png\" \/>\n<meta name=\"twitter:card\" content=\"summary_large_image\" \/>\n<meta name=\"twitter:label1\" content=\"Est. tempo de leitura\" \/>\n\t<meta name=\"twitter:data1\" content=\"6 minutos\" \/>\n<script type=\"application\/ld+json\" class=\"yoast-schema-graph\">{\"@context\":\"https:\/\/schema.org\",\"@graph\":[{\"@type\":\"WebPage\",\"@id\":\"https:\/\/www.legislapp.com.br\/index.php\/avulso-inicial-pl-2995-2025-camara\/\",\"url\":\"https:\/\/www.legislapp.com.br\/index.php\/avulso-inicial-pl-2995-2025-camara\/\",\"name\":\"Avulso Inicial - PL 2995\/2025 - C\u00e2mara - Legislapp\",\"isPartOf\":{\"@id\":\"https:\/\/www.legislapp.com.br\/#website\"},\"primaryImageOfPage\":{\"@id\":\"https:\/\/www.legislapp.com.br\/index.php\/avulso-inicial-pl-2995-2025-camara\/#primaryimage\"},\"image\":{\"@id\":\"https:\/\/www.legislapp.com.br\/index.php\/avulso-inicial-pl-2995-2025-camara\/#primaryimage\"},\"thumbnailUrl\":\"https:\/\/www.legislapp.com.br\/wp-content\/uploads\/2021\/07\/Logo-Legislapp-1-03-1.png\",\"datePublished\":\"2025-12-01T14:39:20+00:00\",\"breadcrumb\":{\"@id\":\"https:\/\/www.legislapp.com.br\/index.php\/avulso-inicial-pl-2995-2025-camara\/#breadcrumb\"},\"inLanguage\":\"pt-BR\",\"potentialAction\":[{\"@type\":\"ReadAction\",\"target\":[\"https:\/\/www.legislapp.com.br\/index.php\/avulso-inicial-pl-2995-2025-camara\/\"]}]},{\"@type\":\"ImageObject\",\"inLanguage\":\"pt-BR\",\"@id\":\"https:\/\/www.legislapp.com.br\/index.php\/avulso-inicial-pl-2995-2025-camara\/#primaryimage\",\"url\":\"https:\/\/www.legislapp.com.br\/wp-content\/uploads\/2021\/07\/Logo-Legislapp-1-03-1.png\",\"contentUrl\":\"https:\/\/www.legislapp.com.br\/wp-content\/uploads\/2021\/07\/Logo-Legislapp-1-03-1.png\",\"width\":2679,\"height\":2697},{\"@type\":\"BreadcrumbList\",\"@id\":\"https:\/\/www.legislapp.com.br\/index.php\/avulso-inicial-pl-2995-2025-camara\/#breadcrumb\",\"itemListElement\":[{\"@type\":\"ListItem\",\"position\":1,\"name\":\"In\u00edcio\",\"item\":\"https:\/\/www.legislapp.com.br\/\"},{\"@type\":\"ListItem\",\"position\":2,\"name\":\"Avulso Inicial &#8211; PL 2995\/2025 &#8211; C\u00e2mara\"}]},{\"@type\":\"WebSite\",\"@id\":\"https:\/\/www.legislapp.com.br\/#website\",\"url\":\"https:\/\/www.legislapp.com.br\/\",\"name\":\"Legislapp\",\"description\":\"Intelig\u00eancia governamental em tempo real\",\"publisher\":{\"@id\":\"https:\/\/www.legislapp.com.br\/#organization\"},\"potentialAction\":[{\"@type\":\"SearchAction\",\"target\":{\"@type\":\"EntryPoint\",\"urlTemplate\":\"https:\/\/www.legislapp.com.br\/?s={search_term_string}\"},\"query-input\":{\"@type\":\"PropertyValueSpecification\",\"valueRequired\":true,\"valueName\":\"search_term_string\"}}],\"inLanguage\":\"pt-BR\"},{\"@type\":\"Organization\",\"@id\":\"https:\/\/www.legislapp.com.br\/#organization\",\"name\":\"Legislapp Monitoramento e Intelig\u00eancia Governamental\",\"url\":\"https:\/\/www.legislapp.com.br\/\",\"logo\":{\"@type\":\"ImageObject\",\"inLanguage\":\"pt-BR\",\"@id\":\"https:\/\/www.legislapp.com.br\/#\/schema\/logo\/image\/\",\"url\":\"https:\/\/www.legislapp.com.br\/wp-content\/uploads\/icon.png\",\"contentUrl\":\"https:\/\/www.legislapp.com.br\/wp-content\/uploads\/icon.png\",\"width\":1024,\"height\":1024,\"caption\":\"Legislapp Monitoramento e Intelig\u00eancia Governamental\"},\"image\":{\"@id\":\"https:\/\/www.legislapp.com.br\/#\/schema\/logo\/image\/\"},\"sameAs\":[\"https:\/\/www.instagram.com\/legislapp\/\"]}]}<\/script>\n<!-- \/ Yoast SEO plugin. -->","yoast_head_json":{"title":"Avulso Inicial - PL 2995\/2025 - C\u00e2mara - Legislapp","robots":{"index":"index","follow":"follow","max-snippet":"max-snippet:-1","max-image-preview":"max-image-preview:large","max-video-preview":"max-video-preview:-1"},"canonical":"https:\/\/www.legislapp.com.br\/index.php\/avulso-inicial-pl-2995-2025-camara\/","og_locale":"pt_BR","og_type":"article","og_title":"Avulso Inicial - PL 2995\/2025 - C\u00e2mara - Legislapp","og_description":"Avulso Inicial &#8211; Autoria de Bruno Ganem C\u00c2MARA DOS DEPUTADOS Deputado Federal BRUNO GANEM (PODEMOS\/SP) PROJETO DE LEI N\u00ba , DE 2025 (Do Sr. Bruno Ganem \u2013 PODEMOS\/SP) Disp\u00f5e sobre as medidas para agilizar o atendimento telef\u00f4nico imediato de emerg\u00eancias por engasgo em crian\u00e7as, adolescentes, adultos e idosos junto aos servi\u00e7os p\u00fablicos de urg\u00eancia e [&hellip;]","og_url":"https:\/\/www.legislapp.com.br\/index.php\/avulso-inicial-pl-2995-2025-camara\/","og_site_name":"Legislapp","article_publisher":"https:\/\/www.instagram.com\/legislapp\/","og_image":[{"url":"https:\/\/www.legislapp.com.br\/wp-content\/uploads\/2021\/07\/Logo-Legislapp-1-03-1.png","type":"","width":"","height":""}],"twitter_card":"summary_large_image","twitter_misc":{"Est. tempo de leitura":"6 minutos"},"schema":{"@context":"https:\/\/schema.org","@graph":[{"@type":"WebPage","@id":"https:\/\/www.legislapp.com.br\/index.php\/avulso-inicial-pl-2995-2025-camara\/","url":"https:\/\/www.legislapp.com.br\/index.php\/avulso-inicial-pl-2995-2025-camara\/","name":"Avulso Inicial - PL 2995\/2025 - C\u00e2mara - Legislapp","isPartOf":{"@id":"https:\/\/www.legislapp.com.br\/#website"},"primaryImageOfPage":{"@id":"https:\/\/www.legislapp.com.br\/index.php\/avulso-inicial-pl-2995-2025-camara\/#primaryimage"},"image":{"@id":"https:\/\/www.legislapp.com.br\/index.php\/avulso-inicial-pl-2995-2025-camara\/#primaryimage"},"thumbnailUrl":"https:\/\/www.legislapp.com.br\/wp-content\/uploads\/2021\/07\/Logo-Legislapp-1-03-1.png","datePublished":"2025-12-01T14:39:20+00:00","breadcrumb":{"@id":"https:\/\/www.legislapp.com.br\/index.php\/avulso-inicial-pl-2995-2025-camara\/#breadcrumb"},"inLanguage":"pt-BR","potentialAction":[{"@type":"ReadAction","target":["https:\/\/www.legislapp.com.br\/index.php\/avulso-inicial-pl-2995-2025-camara\/"]}]},{"@type":"ImageObject","inLanguage":"pt-BR","@id":"https:\/\/www.legislapp.com.br\/index.php\/avulso-inicial-pl-2995-2025-camara\/#primaryimage","url":"https:\/\/www.legislapp.com.br\/wp-content\/uploads\/2021\/07\/Logo-Legislapp-1-03-1.png","contentUrl":"https:\/\/www.legislapp.com.br\/wp-content\/uploads\/2021\/07\/Logo-Legislapp-1-03-1.png","width":2679,"height":2697},{"@type":"BreadcrumbList","@id":"https:\/\/www.legislapp.com.br\/index.php\/avulso-inicial-pl-2995-2025-camara\/#breadcrumb","itemListElement":[{"@type":"ListItem","position":1,"name":"In\u00edcio","item":"https:\/\/www.legislapp.com.br\/"},{"@type":"ListItem","position":2,"name":"Avulso Inicial &#8211; PL 2995\/2025 &#8211; C\u00e2mara"}]},{"@type":"WebSite","@id":"https:\/\/www.legislapp.com.br\/#website","url":"https:\/\/www.legislapp.com.br\/","name":"Legislapp","description":"Intelig\u00eancia governamental em tempo real","publisher":{"@id":"https:\/\/www.legislapp.com.br\/#organization"},"potentialAction":[{"@type":"SearchAction","target":{"@type":"EntryPoint","urlTemplate":"https:\/\/www.legislapp.com.br\/?s={search_term_string}"},"query-input":{"@type":"PropertyValueSpecification","valueRequired":true,"valueName":"search_term_string"}}],"inLanguage":"pt-BR"},{"@type":"Organization","@id":"https:\/\/www.legislapp.com.br\/#organization","name":"Legislapp Monitoramento e Intelig\u00eancia Governamental","url":"https:\/\/www.legislapp.com.br\/","logo":{"@type":"ImageObject","inLanguage":"pt-BR","@id":"https:\/\/www.legislapp.com.br\/#\/schema\/logo\/image\/","url":"https:\/\/www.legislapp.com.br\/wp-content\/uploads\/icon.png","contentUrl":"https:\/\/www.legislapp.com.br\/wp-content\/uploads\/icon.png","width":1024,"height":1024,"caption":"Legislapp Monitoramento e Intelig\u00eancia Governamental"},"image":{"@id":"https:\/\/www.legislapp.com.br\/#\/schema\/logo\/image\/"},"sameAs":["https:\/\/www.instagram.com\/legislapp\/"]}]}},"_links":{"self":[{"href":"https:\/\/www.legislapp.com.br\/index.php\/wp-json\/wp\/v2\/pages\/10811","targetHints":{"allow":["GET"]}}],"collection":[{"href":"https:\/\/www.legislapp.com.br\/index.php\/wp-json\/wp\/v2\/pages"}],"about":[{"href":"https:\/\/www.legislapp.com.br\/index.php\/wp-json\/wp\/v2\/types\/page"}],"author":[{"embeddable":true,"href":"https:\/\/www.legislapp.com.br\/index.php\/wp-json\/wp\/v2\/users\/1"}],"replies":[{"embeddable":true,"href":"https:\/\/www.legislapp.com.br\/index.php\/wp-json\/wp\/v2\/comments?post=10811"}],"version-history":[{"count":0,"href":"https:\/\/www.legislapp.com.br\/index.php\/wp-json\/wp\/v2\/pages\/10811\/revisions"}],"wp:attachment":[{"href":"https:\/\/www.legislapp.com.br\/index.php\/wp-json\/wp\/v2\/media?parent=10811"}],"curies":[{"name":"wp","href":"https:\/\/api.w.org\/{rel}","templated":true}]}}