{"id":10820,"date":"2025-12-01T11:39:54","date_gmt":"2025-12-01T14:39:54","guid":{"rendered":"https:\/\/www.legislapp.com.br\/index.php\/avulso-inicial-pl-2720-2025-camara\/"},"modified":"2025-12-01T11:39:54","modified_gmt":"2025-12-01T14:39:54","slug":"avulso-inicial-pl-2720-2025-camara","status":"publish","type":"page","link":"https:\/\/www.legislapp.com.br\/index.php\/avulso-inicial-pl-2720-2025-camara\/","title":{"rendered":"Avulso Inicial &#8211; PL 2720\/2025 &#8211; C\u00e2mara"},"content":{"rendered":"<h1 style='text-align: center;'>Avulso Inicial &#8211; Autoria de Julio Cesar Ribeiro<\/h3>\n<p><\/p>\n<article>PROJETO DE LEI N\u00ba          , DE 2025<br \/>\n(Do Sr. JULIO CESAR RIBEIRO)<br \/>\nInstitui a Pol\u00edtica Nacional de Preven\u00e7\u00e3o ao<br \/>\nUso Criminoso de Subst\u00e2ncias Qu\u00edmicas T\u00f3xicas,<br \/>\nestabelece crit\u00e9rios para a comercializa\u00e7\u00e3o e<br \/>\nrastreabilidade dessas subst\u00e2ncias e disp\u00f5e sobre<br \/>\npenalidades administrativas e agravantes penais.<br \/>\nO Congresso Nacional decreta:<br \/>\nArt. 1\u00ba Esta Lei Institui a Pol\u00edtica Nacional de Preven\u00e7\u00e3o ao Uso<br \/>\nCriminoso de Subst\u00e2ncias Qu\u00edmicas T\u00f3xicas, estabelece crit\u00e9rios para a<br \/>\ncomercializa\u00e7\u00e3o e rastreabilidade dessas subst\u00e2ncias e disp\u00f5e sobre penalidades<br \/>\nadministrativas e agravantes penais.<br \/>\nArt. 2\u00ba Fica institu\u00edda, em todo o territ\u00f3rio nacional, a Pol\u00edtica Nacional de<br \/>\nPreven\u00e7\u00e3o ao Uso Criminoso de Subst\u00e2ncias Qu\u00edmicas T\u00f3xicas, com o objetivo de<br \/>\nproteger a vida, a sa\u00fade p\u00fablica e a seguran\u00e7a da popula\u00e7\u00e3o, mediante o controle<br \/>\nda comercializa\u00e7\u00e3o, posse e uso dessas subst\u00e2ncias.<br \/>\nArt. 3\u00ba Para os fins desta Lei, consideram-se subst\u00e2ncias qu\u00edmicas de alto<br \/>\nrisco aquelas que, em raz\u00e3o de sua toxicidade ou potencial letal, exijam controle<br \/>\nespecial por parte das autoridades sanit\u00e1rias, ambientais ou de seguran\u00e7a p\u00fablica.<br \/>\nArt. 4\u00ba S\u00e3o diretrizes da Pol\u00edtica Nacional de que trata esta Lei:<br \/>\nI \u2013 o controle da produ\u00e7\u00e3o, comercializa\u00e7\u00e3o, transporte e estocagem das<br \/>\nsubst\u00e2ncias de alto risco;<br \/>\nII \u2013 a rastreabilidade obrigat\u00f3ria das transa\u00e7\u00f5es comerciais, com registro<br \/>\ndetalhado de compradores e finalidade declarada de uso;<br \/>\nIII \u2013 o cadastro obrigat\u00f3rio de pessoas f\u00edsicas ou jur\u00eddicas autorizadas a<br \/>\nadquirir tais subst\u00e2ncias, conforme regulamenta\u00e7\u00e3o do Poder Executivo;<br \/>\nIV \u2013 a proibi\u00e7\u00e3o da comercializa\u00e7\u00e3o dessas subst\u00e2ncias por canais n\u00e3o<br \/>\nsupervisionados, incluindo internet e aplicativos de entrega;<br \/>\nPara verificar a assinatura, acesse https:\/\/infoleg-autenticidade-assinatura.camara.leg.br\/CD252892434200<br \/>\nAssinado eletronicamente pelo(a) Dep. Julio Cesar Ribeiro<br \/>\nApresenta\u00e7\u00e3o: 05\/06\/2025 10:57:56.627 &#8211; Mesa<br \/>\n*CD252892434200* PL n.2720\/2025<br \/>2<br \/>\nV \u2013 a notifica\u00e7\u00e3o obrigat\u00f3ria, por parte dos fornecedores e distribuidores,<br \/>\nde opera\u00e7\u00f5es consideradas at\u00edpicas ou suspeitas;<br \/>\nVI \u2013 a coopera\u00e7\u00e3o entre os \u00f3rg\u00e3os competentes para compartilhamento<br \/>\nde informa\u00e7\u00f5es e aprimoramento da fiscaliza\u00e7\u00e3o;<br \/>\nVII \u2013 a promo\u00e7\u00e3o de campanhas educativas voltadas \u00e0 conscientiza\u00e7\u00e3o<br \/>\nsobre os riscos e consequ\u00eancias do uso indevido dessas subst\u00e2ncias.<br \/>\nArt. 5\u00ba A aquisi\u00e7\u00e3o, o transporte e o armazenamento de subst\u00e2ncias<br \/>\nqu\u00edmicas de alto risco somente poder\u00e3o ser realizados por pessoas jur\u00eddicas<br \/>\nautorizadas ou institui\u00e7\u00f5es p\u00fablicas, para fins cient\u00edficos, m\u00e9dicos, industriais,<br \/>\neducacionais ou outros expressamente previstos em regulamento.<br \/>\nArt. 6\u00ba O descumprimento das obriga\u00e7\u00f5es previstas nesta Lei sujeita o<br \/>\ninfrator \u00e0s seguintes penalidades administrativas, sem preju\u00edzo das san\u00e7\u00f5es penais<br \/>\ne civis aplic\u00e1veis:<br \/>\nI \u2013 advert\u00eancia;<br \/>\nII \u2013 multa proporcional ao porte e \u00e0 reincid\u00eancia, podendo atingir at\u00e9 10%<br \/>\n(dez por cento) do faturamento bruto anual do infrator;<br \/>\nIII \u2013 suspens\u00e3o da atividade por at\u00e9 180 (cento e oitenta) dias;<br \/>\nIV \u2013 cassa\u00e7\u00e3o do alvar\u00e1 de funcionamento ou licen\u00e7a de opera\u00e7\u00e3o, em<br \/>\ncaso de reincid\u00eancia.<br \/>\nArt. 7\u00ba O uso doloso de subst\u00e2ncia qu\u00edmica de alto risco com o objetivo<br \/>\nde causar morte, les\u00e3o corporal ou risco \u00e0 sa\u00fade ser\u00e1 considerado circunst\u00e2ncia<br \/>\nagravante nos crimes previstos nos arts. 121, 129 e 132 do C\u00f3digo Penal.<br \/>\nArt. 8\u00ba O Poder Executivo regulamentar\u00e1 esta Lei no prazo de 180 (cento<br \/>\ne oitenta) dias, estabelecendo:<br \/>\nI \u2013 a lista das subst\u00e2ncias qu\u00edmicas de alto risco sujeitas a controle<br \/>\nespecial;<br \/>\nII \u2013 os crit\u00e9rios t\u00e9cnicos para inclus\u00e3o, exclus\u00e3o e atualiza\u00e7\u00e3o dessa lista;<br \/>\nIII \u2013 os \u00f3rg\u00e3os respons\u00e1veis pela fiscaliza\u00e7\u00e3o, monitoramento e aplica\u00e7\u00e3o<br \/>\ndas san\u00e7\u00f5es previstas;<br \/>\nIV \u2013 os procedimentos de notifica\u00e7\u00e3o obrigat\u00f3ria de opera\u00e7\u00f5es suspeitas;<br \/>\nV \u2013 as obriga\u00e7\u00f5es espec\u00edficas de registro, rastreamento e seguran\u00e7a para<br \/>\nos agentes econ\u00f4micos autorizados;<br \/>\nPara verificar a assinatura, acesse https:\/\/infoleg-autenticidade-assinatura.camara.leg.br\/CD252892434200<br \/>\nAssinado eletronicamente pelo(a) Dep. Julio Cesar Ribeiro<br \/>\nApresenta\u00e7\u00e3o: 05\/06\/2025 10:57:56.627 &#8211; Mesa<br \/>\n*CD252892434200* PL n.2720\/2025<br \/>3<br \/>\nVI \u2013 os mecanismos de coopera\u00e7\u00e3o entre entes federais, estaduais e<br \/>\nmunicipais para o cumprimento da pol\u00edtica.<br \/>\nArt. 9\u00ba Esta Lei entra em vigor na data de sua publica\u00e7\u00e3o.<br \/>\nJUSTIFICA\u00c7\u00c3O<br \/>\nO presente projeto de lei nasce como resposta legislativa a um cen\u00e1rio<br \/>\npreocupante: o aumento de casos de envenenamento doloso por subst\u00e2ncias<br \/>\nqu\u00edmicas de alta toxicidade, frequentemente adquiridas com aparente facilidade e<br \/>\nutilizadas de forma criminosa.<br \/>\nCasos recentes chamaram a aten\u00e7\u00e3o da opini\u00e3o p\u00fablica e demonstram a<br \/>\nurg\u00eancia de medidas preventivas. Em junho de 2025, uma adolescente de 17 anos<br \/>\nmorreu ap\u00f3s ingerir um bolo envenenado com ars\u00eanico, em Itapecerica da Serra<br \/>\n1<br \/>\n(SP) ; o caso ocorreu poucos meses ap\u00f3s uma jovem de 14 anos, na mesma cidade,<br \/>\n2<br \/>\nter sido envenenada com a mesma subst\u00e2ncia, misturada em bebida . Em 2023, um<br \/>\nex-policial militar foi acusado de matar a ex-companheira tamb\u00e9m com ars\u00eanico, em<br \/>\n3<br \/>\num caso que chocou a cidade de Campo Grande (MS) .<br \/>\nTais epis\u00f3dios revelam falhas graves na rastreabilidade e controle dessas<br \/>\nsubst\u00e2ncias. Ainda que algumas possuam uso leg\u00edtimo \u2014 na ind\u00fastria, pesquisa<br \/>\ncient\u00edfica ou medicina \u2014 a inexist\u00eancia de regras claras sobre comercializa\u00e7\u00e3o,<br \/>\nidentifica\u00e7\u00e3o de compradores e notifica\u00e7\u00e3o de opera\u00e7\u00f5es suspeitas facilita seu<br \/>\ndesvio e uso criminoso.<br \/>\nA proposta aqui apresentada evita a proibi\u00e7\u00e3o absoluta \u2014 que poderia<br \/>\ninviabilizar atividades l\u00edcitas \u2014 e aposta em uma abordagem equilibrada: estabelece<br \/>\numa pol\u00edtica nacional preventiva, imp\u00f5e diretrizes gerais para o com\u00e9rcio seguro<br \/>\ndessas subst\u00e2ncias e refor\u00e7a a atua\u00e7\u00e3o coordenada entre \u00f3rg\u00e3os reguladores e de<br \/>\nseguran\u00e7a p\u00fablica.<br \/>\n1<br \/>\n Dispon\u00edvel em <https:\/\/www.cnnbrasil.com.br\/nacional\/sudeste\/sp\/adolescente-morre-apos-comer-bolo-\nenvenenado-veja-cronologia-do-caso\/><br \/>\n2<br \/>\n Dispon\u00edvel em <https:\/\/g1.globo.com\/sp\/sao-paulo\/noticia\/2024\/04\/16\/menina-de-14-anos-envenenada-com-\narsenico-em-itapecerica-da-serra.ghtml><br \/>\n3<br \/>\n Dispon\u00edvel em <https:\/\/g1.globo.com\/ms\/mato-grosso-do-sul\/noticia\/2023\/12\/04\/ex-pm-e-indiciado-por-\nenvenenamento-com-arsenico.ghtml><br \/>\nPara verificar a assinatura, acesse https:\/\/infoleg-autenticidade-assinatura.camara.leg.br\/CD252892434200<br \/>\nAssinado eletronicamente pelo(a) Dep. Julio Cesar Ribeiro<br \/>\nApresenta\u00e7\u00e3o: 05\/06\/2025 10:57:56.627 &#8211; Mesa<br \/>\n*CD252892434200* PL n.2720\/2025<br \/>4<br \/>\nTamb\u00e9m prev\u00ea penalidades administrativas proporcionais e um agravante<br \/>\npenal para o uso doloso com intuito de causar dano, sem necessidade de altera\u00e7\u00e3o<br \/>\ndireta do C\u00f3digo Penal. A previs\u00e3o de regulamenta\u00e7\u00e3o pelo Poder Executivo garante<br \/>\nflexibilidade para adapta\u00e7\u00e3o t\u00e9cnica, respeitando os limites constitucionais da<br \/>\niniciativa parlamentar.<br \/>\nCom isso, o Congresso Nacional cumpre seu papel de responder aos<br \/>\nanseios da sociedade por mais seguran\u00e7a, protegendo vidas sem comprometer o<br \/>\ndesenvolvimento cient\u00edfico e industrial do pa\u00eds.<br \/>\nDiante da urg\u00eancia do tema, contamos com o apoio dos nobres colegas<br \/>\npara a aprova\u00e7\u00e3o c\u00e9lere desta proposi\u00e7\u00e3o.<br \/>\nSala das Sess\u00f5es, em        de                     de 2025.<br \/>\nDeputado JULIO CESAR RIBEIRO<br \/>\nPara verificar a assinatura, acesse https:\/\/infoleg-autenticidade-assinatura.camara.leg.br\/CD252892434200<br \/>\nAssinado eletronicamente pelo(a) Dep. Julio Cesar Ribeiro<br \/>\nApresenta\u00e7\u00e3o: 05\/06\/2025 10:57:56.627 &#8211; Mesa<br \/>\n*CD252892434200* PL n.2720\/2025<\/article>\n<p><a href='https:\/\/app.legislapp.com.br\/#\/busca?termo=Cria\u00e7\u00e3o'>Cria\u00e7\u00e3o<\/a>, <a href='https:\/\/app.legislapp.com.br\/#\/busca?termo=Pol\u00edtica Nacional de Preven\u00e7\u00e3o ao Uso Criminoso de Subst\u00e2ncias Qu\u00edmicas T\u00f3xicas'>Pol\u00edtica Nacional de Preven\u00e7\u00e3o ao Uso Criminoso de Subst\u00e2ncias Qu\u00edmicas T\u00f3xicas<\/a>, <a href='https:\/\/app.legislapp.com.br\/#\/busca?termo=diretrizes'>diretrizes<\/a>, <a href='https:\/\/app.legislapp.com.br\/#\/busca?termo=controle'>controle<\/a>, <a href='https:\/\/app.legislapp.com.br\/#\/busca?termo=produ\u00e7\u00e3o'>produ\u00e7\u00e3o<\/a>, <a href='https:\/\/app.legislapp.com.br\/#\/busca?termo=comercializa\u00e7\u00e3o'>comercializa\u00e7\u00e3o<\/a>, <a href='https:\/\/app.legislapp.com.br\/#\/busca?termo=transporte'>transporte<\/a>, <a href='https:\/\/app.legislapp.com.br\/#\/busca?termo=rastreabilidade'>rastreabilidade<\/a>, <a href='https:\/\/app.legislapp.com.br\/#\/busca?termo=subst\u00e2ncia qu\u00edmica'>subst\u00e2ncia qu\u00edmica<\/a>, <a href='https:\/\/app.legislapp.com.br\/#\/busca?termo=prote\u00e7\u00e3o'>prote\u00e7\u00e3o<\/a>, <a href='https:\/\/app.legislapp.com.br\/#\/busca?termo=sa\u00fade p\u00fablica'>sa\u00fade p\u00fablica<\/a>, <a href='https:\/\/app.legislapp.com.br\/#\/busca?termo=seguran\u00e7a p\u00fablica'>seguran\u00e7a p\u00fablica<\/a>, <a href='https:\/\/app.legislapp.com.br\/#\/busca?termo=descumprimento'>descumprimento<\/a>, <a href='https:\/\/app.legislapp.com.br\/#\/busca?termo=Penalidade administrativa'>Penalidade administrativa<\/a>, <a href='https:\/\/app.legislapp.com.br\/#\/busca?termo=agrava\u00e7\u00e3o penal'>agrava\u00e7\u00e3o penal<\/a>, <a href='https:\/\/app.legislapp.com.br\/#\/busca?termo=homic\u00eddio'>homic\u00eddio<\/a>, <a href='https:\/\/app.legislapp.com.br\/#\/busca?termo=les\u00e3o corporal'>les\u00e3o corporal<\/a>, <a href='https:\/\/app.legislapp.com.br\/#\/busca?termo=Periclita\u00e7\u00e3o da vida e da sa\u00fade'>Periclita\u00e7\u00e3o da vida e da sa\u00fade<\/a>, <a href='https:\/\/app.legislapp.com.br\/#\/busca?termo=envenenamento'>envenenamento<\/a>, <a href='https:\/\/app.legislapp.com.br\/#\/busca?termo=Subst\u00e2ncia t\u00f3xica.'>Subst\u00e2ncia t\u00f3xica.<\/a><\/p>\n<div style=\"text-align: center\">\n      <img decoding=\"async\" style=\"width: 14%;\" src=\"https:\/\/www.legislapp.com.br\/wp-content\/uploads\/2021\/07\/Logo-Legislapp-1-03-1.png\"><br \/>\n      <\/p>\n<div style=\"margin-bottom: 20px;\" class=\"et_pb_button_module_wrapper et_pb_button_5_tb_body_wrapper et_pb_button_alignment_center et_pb_module \">\n         <a class=\"et_pb_button et_pb_button_5_tb_body et_hover_enabled et_pb_bg_layout_dark\" style=\"width: 50%;background-color: black;\" href=\"https:\/\/app.legislapp.com.br\" target=\"_blank\" rel=\"noopener\">Visualizar completo na nossa plataforma (30 dias gr\u00e1tis)<\/a><\/p><\/div>\n<p>      <a href=\"https:\/\/play.google.com\/store\/apps\/details?id=br.com.legislapp\"><img decoding=\"async\" style=\"width: 15%; min-width: 130px;\" src=\"https:\/\/www.legislapp.com.br\/wp-content\/uploads\/google-play.png\"><\/a><br \/>\n      <a href=\"https:\/\/apps.apple.com\/us\/app\/legislapp\/id1568929859\"><img decoding=\"async\" style=\"width: 15%; min-width: 130px\" src=\"https:\/\/www.legislapp.com.br\/wp-content\/uploads\/apple-store.png\"><\/a>\n   <\/div>\n","protected":false},"excerpt":{"rendered":"<p>Avulso Inicial &#8211; Autoria de Julio Cesar Ribeiro PROJETO DE LEI N\u00ba , DE 2025 (Do Sr. JULIO CESAR RIBEIRO) Institui a Pol\u00edtica Nacional de Preven\u00e7\u00e3o ao Uso Criminoso de Subst\u00e2ncias Qu\u00edmicas T\u00f3xicas, estabelece crit\u00e9rios para a comercializa\u00e7\u00e3o e rastreabilidade dessas subst\u00e2ncias e disp\u00f5e sobre penalidades administrativas e agravantes penais. O Congresso Nacional decreta: Art. [&hellip;]<\/p>\n","protected":false},"author":1,"featured_media":0,"parent":0,"menu_order":0,"comment_status":"closed","ping_status":"closed","template":"page-template-blank.php","meta":{"_et_pb_use_builder":"","_et_pb_old_content":"","_et_gb_content_width":"1080","ngg_post_thumbnail":0,"footnotes":""},"class_list":["post-10820","page","type-page","status-publish","hentry"],"yoast_head":"<!-- This site is optimized with the Yoast SEO plugin v24.4 - https:\/\/yoast.com\/wordpress\/plugins\/seo\/ -->\n<title>Avulso Inicial - PL 2720\/2025 - C\u00e2mara - Legislapp<\/title>\n<meta name=\"robots\" content=\"index, follow, max-snippet:-1, max-image-preview:large, max-video-preview:-1\" \/>\n<link rel=\"canonical\" href=\"https:\/\/www.legislapp.com.br\/index.php\/avulso-inicial-pl-2720-2025-camara\/\" \/>\n<meta property=\"og:locale\" content=\"pt_BR\" \/>\n<meta property=\"og:type\" content=\"article\" \/>\n<meta property=\"og:title\" content=\"Avulso Inicial - PL 2720\/2025 - C\u00e2mara - Legislapp\" \/>\n<meta property=\"og:description\" content=\"Avulso Inicial &#8211; Autoria de Julio Cesar Ribeiro PROJETO DE LEI N\u00ba , DE 2025 (Do Sr. JULIO CESAR RIBEIRO) Institui a Pol\u00edtica Nacional de Preven\u00e7\u00e3o ao Uso Criminoso de Subst\u00e2ncias Qu\u00edmicas T\u00f3xicas, estabelece crit\u00e9rios para a comercializa\u00e7\u00e3o e rastreabilidade dessas subst\u00e2ncias e disp\u00f5e sobre penalidades administrativas e agravantes penais. O Congresso Nacional decreta: Art. [&hellip;]\" \/>\n<meta property=\"og:url\" content=\"https:\/\/www.legislapp.com.br\/index.php\/avulso-inicial-pl-2720-2025-camara\/\" \/>\n<meta property=\"og:site_name\" content=\"Legislapp\" \/>\n<meta property=\"article:publisher\" content=\"https:\/\/www.instagram.com\/legislapp\/\" \/>\n<meta property=\"og:image\" content=\"https:\/\/www.legislapp.com.br\/wp-content\/uploads\/2021\/07\/Logo-Legislapp-1-03-1.png\" \/>\n<meta name=\"twitter:card\" content=\"summary_large_image\" \/>\n<meta name=\"twitter:label1\" content=\"Est. tempo de leitura\" \/>\n\t<meta name=\"twitter:data1\" content=\"6 minutos\" \/>\n<script type=\"application\/ld+json\" class=\"yoast-schema-graph\">{\"@context\":\"https:\/\/schema.org\",\"@graph\":[{\"@type\":\"WebPage\",\"@id\":\"https:\/\/www.legislapp.com.br\/index.php\/avulso-inicial-pl-2720-2025-camara\/\",\"url\":\"https:\/\/www.legislapp.com.br\/index.php\/avulso-inicial-pl-2720-2025-camara\/\",\"name\":\"Avulso Inicial - PL 2720\/2025 - C\u00e2mara - Legislapp\",\"isPartOf\":{\"@id\":\"https:\/\/www.legislapp.com.br\/#website\"},\"primaryImageOfPage\":{\"@id\":\"https:\/\/www.legislapp.com.br\/index.php\/avulso-inicial-pl-2720-2025-camara\/#primaryimage\"},\"image\":{\"@id\":\"https:\/\/www.legislapp.com.br\/index.php\/avulso-inicial-pl-2720-2025-camara\/#primaryimage\"},\"thumbnailUrl\":\"https:\/\/www.legislapp.com.br\/wp-content\/uploads\/2021\/07\/Logo-Legislapp-1-03-1.png\",\"datePublished\":\"2025-12-01T14:39:54+00:00\",\"breadcrumb\":{\"@id\":\"https:\/\/www.legislapp.com.br\/index.php\/avulso-inicial-pl-2720-2025-camara\/#breadcrumb\"},\"inLanguage\":\"pt-BR\",\"potentialAction\":[{\"@type\":\"ReadAction\",\"target\":[\"https:\/\/www.legislapp.com.br\/index.php\/avulso-inicial-pl-2720-2025-camara\/\"]}]},{\"@type\":\"ImageObject\",\"inLanguage\":\"pt-BR\",\"@id\":\"https:\/\/www.legislapp.com.br\/index.php\/avulso-inicial-pl-2720-2025-camara\/#primaryimage\",\"url\":\"https:\/\/www.legislapp.com.br\/wp-content\/uploads\/2021\/07\/Logo-Legislapp-1-03-1.png\",\"contentUrl\":\"https:\/\/www.legislapp.com.br\/wp-content\/uploads\/2021\/07\/Logo-Legislapp-1-03-1.png\",\"width\":2679,\"height\":2697},{\"@type\":\"BreadcrumbList\",\"@id\":\"https:\/\/www.legislapp.com.br\/index.php\/avulso-inicial-pl-2720-2025-camara\/#breadcrumb\",\"itemListElement\":[{\"@type\":\"ListItem\",\"position\":1,\"name\":\"In\u00edcio\",\"item\":\"https:\/\/www.legislapp.com.br\/\"},{\"@type\":\"ListItem\",\"position\":2,\"name\":\"Avulso Inicial &#8211; PL 2720\/2025 &#8211; C\u00e2mara\"}]},{\"@type\":\"WebSite\",\"@id\":\"https:\/\/www.legislapp.com.br\/#website\",\"url\":\"https:\/\/www.legislapp.com.br\/\",\"name\":\"Legislapp\",\"description\":\"Intelig\u00eancia governamental em tempo real\",\"publisher\":{\"@id\":\"https:\/\/www.legislapp.com.br\/#organization\"},\"potentialAction\":[{\"@type\":\"SearchAction\",\"target\":{\"@type\":\"EntryPoint\",\"urlTemplate\":\"https:\/\/www.legislapp.com.br\/?s={search_term_string}\"},\"query-input\":{\"@type\":\"PropertyValueSpecification\",\"valueRequired\":true,\"valueName\":\"search_term_string\"}}],\"inLanguage\":\"pt-BR\"},{\"@type\":\"Organization\",\"@id\":\"https:\/\/www.legislapp.com.br\/#organization\",\"name\":\"Legislapp Monitoramento e Intelig\u00eancia Governamental\",\"url\":\"https:\/\/www.legislapp.com.br\/\",\"logo\":{\"@type\":\"ImageObject\",\"inLanguage\":\"pt-BR\",\"@id\":\"https:\/\/www.legislapp.com.br\/#\/schema\/logo\/image\/\",\"url\":\"https:\/\/www.legislapp.com.br\/wp-content\/uploads\/icon.png\",\"contentUrl\":\"https:\/\/www.legislapp.com.br\/wp-content\/uploads\/icon.png\",\"width\":1024,\"height\":1024,\"caption\":\"Legislapp Monitoramento e Intelig\u00eancia Governamental\"},\"image\":{\"@id\":\"https:\/\/www.legislapp.com.br\/#\/schema\/logo\/image\/\"},\"sameAs\":[\"https:\/\/www.instagram.com\/legislapp\/\"]}]}<\/script>\n<!-- \/ Yoast SEO plugin. -->","yoast_head_json":{"title":"Avulso Inicial - PL 2720\/2025 - C\u00e2mara - Legislapp","robots":{"index":"index","follow":"follow","max-snippet":"max-snippet:-1","max-image-preview":"max-image-preview:large","max-video-preview":"max-video-preview:-1"},"canonical":"https:\/\/www.legislapp.com.br\/index.php\/avulso-inicial-pl-2720-2025-camara\/","og_locale":"pt_BR","og_type":"article","og_title":"Avulso Inicial - PL 2720\/2025 - C\u00e2mara - Legislapp","og_description":"Avulso Inicial &#8211; Autoria de Julio Cesar Ribeiro PROJETO DE LEI N\u00ba , DE 2025 (Do Sr. JULIO CESAR RIBEIRO) Institui a Pol\u00edtica Nacional de Preven\u00e7\u00e3o ao Uso Criminoso de Subst\u00e2ncias Qu\u00edmicas T\u00f3xicas, estabelece crit\u00e9rios para a comercializa\u00e7\u00e3o e rastreabilidade dessas subst\u00e2ncias e disp\u00f5e sobre penalidades administrativas e agravantes penais. O Congresso Nacional decreta: Art. [&hellip;]","og_url":"https:\/\/www.legislapp.com.br\/index.php\/avulso-inicial-pl-2720-2025-camara\/","og_site_name":"Legislapp","article_publisher":"https:\/\/www.instagram.com\/legislapp\/","og_image":[{"url":"https:\/\/www.legislapp.com.br\/wp-content\/uploads\/2021\/07\/Logo-Legislapp-1-03-1.png","type":"","width":"","height":""}],"twitter_card":"summary_large_image","twitter_misc":{"Est. tempo de leitura":"6 minutos"},"schema":{"@context":"https:\/\/schema.org","@graph":[{"@type":"WebPage","@id":"https:\/\/www.legislapp.com.br\/index.php\/avulso-inicial-pl-2720-2025-camara\/","url":"https:\/\/www.legislapp.com.br\/index.php\/avulso-inicial-pl-2720-2025-camara\/","name":"Avulso Inicial - PL 2720\/2025 - C\u00e2mara - Legislapp","isPartOf":{"@id":"https:\/\/www.legislapp.com.br\/#website"},"primaryImageOfPage":{"@id":"https:\/\/www.legislapp.com.br\/index.php\/avulso-inicial-pl-2720-2025-camara\/#primaryimage"},"image":{"@id":"https:\/\/www.legislapp.com.br\/index.php\/avulso-inicial-pl-2720-2025-camara\/#primaryimage"},"thumbnailUrl":"https:\/\/www.legislapp.com.br\/wp-content\/uploads\/2021\/07\/Logo-Legislapp-1-03-1.png","datePublished":"2025-12-01T14:39:54+00:00","breadcrumb":{"@id":"https:\/\/www.legislapp.com.br\/index.php\/avulso-inicial-pl-2720-2025-camara\/#breadcrumb"},"inLanguage":"pt-BR","potentialAction":[{"@type":"ReadAction","target":["https:\/\/www.legislapp.com.br\/index.php\/avulso-inicial-pl-2720-2025-camara\/"]}]},{"@type":"ImageObject","inLanguage":"pt-BR","@id":"https:\/\/www.legislapp.com.br\/index.php\/avulso-inicial-pl-2720-2025-camara\/#primaryimage","url":"https:\/\/www.legislapp.com.br\/wp-content\/uploads\/2021\/07\/Logo-Legislapp-1-03-1.png","contentUrl":"https:\/\/www.legislapp.com.br\/wp-content\/uploads\/2021\/07\/Logo-Legislapp-1-03-1.png","width":2679,"height":2697},{"@type":"BreadcrumbList","@id":"https:\/\/www.legislapp.com.br\/index.php\/avulso-inicial-pl-2720-2025-camara\/#breadcrumb","itemListElement":[{"@type":"ListItem","position":1,"name":"In\u00edcio","item":"https:\/\/www.legislapp.com.br\/"},{"@type":"ListItem","position":2,"name":"Avulso Inicial &#8211; PL 2720\/2025 &#8211; C\u00e2mara"}]},{"@type":"WebSite","@id":"https:\/\/www.legislapp.com.br\/#website","url":"https:\/\/www.legislapp.com.br\/","name":"Legislapp","description":"Intelig\u00eancia governamental em tempo real","publisher":{"@id":"https:\/\/www.legislapp.com.br\/#organization"},"potentialAction":[{"@type":"SearchAction","target":{"@type":"EntryPoint","urlTemplate":"https:\/\/www.legislapp.com.br\/?s={search_term_string}"},"query-input":{"@type":"PropertyValueSpecification","valueRequired":true,"valueName":"search_term_string"}}],"inLanguage":"pt-BR"},{"@type":"Organization","@id":"https:\/\/www.legislapp.com.br\/#organization","name":"Legislapp Monitoramento e Intelig\u00eancia Governamental","url":"https:\/\/www.legislapp.com.br\/","logo":{"@type":"ImageObject","inLanguage":"pt-BR","@id":"https:\/\/www.legislapp.com.br\/#\/schema\/logo\/image\/","url":"https:\/\/www.legislapp.com.br\/wp-content\/uploads\/icon.png","contentUrl":"https:\/\/www.legislapp.com.br\/wp-content\/uploads\/icon.png","width":1024,"height":1024,"caption":"Legislapp Monitoramento e Intelig\u00eancia Governamental"},"image":{"@id":"https:\/\/www.legislapp.com.br\/#\/schema\/logo\/image\/"},"sameAs":["https:\/\/www.instagram.com\/legislapp\/"]}]}},"_links":{"self":[{"href":"https:\/\/www.legislapp.com.br\/index.php\/wp-json\/wp\/v2\/pages\/10820","targetHints":{"allow":["GET"]}}],"collection":[{"href":"https:\/\/www.legislapp.com.br\/index.php\/wp-json\/wp\/v2\/pages"}],"about":[{"href":"https:\/\/www.legislapp.com.br\/index.php\/wp-json\/wp\/v2\/types\/page"}],"author":[{"embeddable":true,"href":"https:\/\/www.legislapp.com.br\/index.php\/wp-json\/wp\/v2\/users\/1"}],"replies":[{"embeddable":true,"href":"https:\/\/www.legislapp.com.br\/index.php\/wp-json\/wp\/v2\/comments?post=10820"}],"version-history":[{"count":0,"href":"https:\/\/www.legislapp.com.br\/index.php\/wp-json\/wp\/v2\/pages\/10820\/revisions"}],"wp:attachment":[{"href":"https:\/\/www.legislapp.com.br\/index.php\/wp-json\/wp\/v2\/media?parent=10820"}],"curies":[{"name":"wp","href":"https:\/\/api.w.org\/{rel}","templated":true}]}}