{"id":10838,"date":"2025-12-01T11:41:15","date_gmt":"2025-12-01T14:41:15","guid":{"rendered":"https:\/\/www.legislapp.com.br\/index.php\/avulso-inicial-pl-6029-2025-camara\/"},"modified":"2025-12-01T11:41:15","modified_gmt":"2025-12-01T14:41:15","slug":"avulso-inicial-pl-6029-2025-camara","status":"publish","type":"page","link":"https:\/\/www.legislapp.com.br\/index.php\/avulso-inicial-pl-6029-2025-camara\/","title":{"rendered":"Avulso Inicial &#8211; PL 6029\/2025 &#8211; C\u00e2mara"},"content":{"rendered":"<h1 style='text-align: center;'>Avulso Inicial &#8211; Autoria de Julia Zanatta<\/h3>\n<p><\/p>\n<article>C\u00c2MARA DOS DEPUTADOS<br \/>\nGabinete da Deputada J\u00daLIA ZANATTA \u2013 PL\/SC<br \/>\nPROJETO DE LEI N\u00ba _____\/2025<br \/>\n(Da Sra. J\u00falia Zanatta)<br \/>\nAltera a Lei n\u00ba 9.394, de 20 de dezembro<br \/>\nde 1996, a Lei n\u00ba 8.069, de 13 de julho<br \/>\nde 1990, e o Decreto-Lei n\u00ba 2.848, de 7<br \/>\nde dezembro de 1940 para dispor sobre<br \/>\na possibilidade de oferta domiciliar na<br \/>\neduca\u00e7\u00e3o b\u00e1sica.<br \/>\nO CONGRESSO NACIONAL DECRETA:<br \/>\nArt. 1\u00ba Esta Lei reconhece, em car\u00e1ter excepcional, a possibilidade de<br \/>\noferta domiciliar da educa\u00e7\u00e3o b\u00e1sica, mediante plano pedag\u00f3gico<br \/>\nindividualizado, devidamente fundamentado e comunicado \u00e0 autoridade<br \/>\neducacional competente.<br \/>\nArt. 2\u00ba O art. 58 da Lei n\u00ba 9.394, de 20 de dezembro de 1996, passa a<br \/>\nvigorar acrescido do seguinte \u00a7 4\u00ba:<br \/>\n\u201cArt. 58&#8230;&#8230;&#8230;&#8230;&#8230;&#8230;&#8230;&#8230;&#8230;&#8230;&#8230;&#8230;&#8230;&#8230;&#8230;&#8230;&#8230;&#8230;&#8230;&#8230;&#8230;&#8230;&#8230;&#8230;&#8230;&#8230;&#8230;&#8230;&#8230;&#8230;&#8230;&#8230;&#8230;&#8230;&#8230;<br \/>\n\u00a7 4\u00ba Poder\u00e1 ser admitido, em car\u00e1ter excepcional e por delibera\u00e7\u00e3o<br \/>\nfundamentada dos pais ou respons\u00e1veis legais, o regime domiciliar de<br \/>\neduca\u00e7\u00e3o b\u00e1sica, com plano pedag\u00f3gico individualizado.&#8221; (NR)<br \/>\nArt. 3\u00ba O art. 55 da Lei n\u00ba 8.069, de 13 de julho de 1990, passa a<br \/>\nvigorar com a seguinte reda\u00e7\u00e3o:<br \/>\n&#8220;Art. 55. Os pais ou respons\u00e1veis t\u00eam a obriga\u00e7\u00e3o de matricular seus<br \/>\nfilhos ou pupilos na rede regular de ensino, salvo em casos excepcionais<br \/>\nde oferta de ensino domiciliar.&#8221; (NR)<br \/>\nArt. 4\u00ba O art. 246 do Decreto-Lei n\u00ba 2.848, de 7 de dezembro de 1940<br \/>\n(C\u00f3digo Penal), passa a vigorar acrescido do seguinte par\u00e1grafo:<br \/>\n&#8220;Art. 246&#8230;&#8230;&#8230;&#8230;&#8230;&#8230;&#8230;&#8230;&#8230;&#8230;&#8230;&#8230;&#8230;&#8230;&#8230;&#8230;&#8230;&#8230;&#8230;&#8230;&#8230;&#8230;&#8230;&#8230;&#8230;&#8230;&#8230;&#8230;&#8230;&#8230;&#8230;&#8230;&#8230;<br \/>\nPar\u00e1grafo \u00fanico. N\u00e3o configura abandono intelectual a ado\u00e7\u00e3o de<br \/>\neduca\u00e7\u00e3o domiciliar comunicados formalmente \u00e0 autoridade<br \/>\ncompetente.\u201d<br \/>\nArt. 5\u00ba O estudante em regime de educa\u00e7\u00e3o domiciliar dever\u00e1 cumprir o<br \/>\nmesmo calend\u00e1rio escolar da rede municipal de ensino em que estiver<br \/>\nvinculado, inclusive no que se refere \u00e0s avalia\u00e7\u00f5es oficiais e institucionais,<br \/>\nC\u00e2mara dos Deputados | Anexo IV \u2013 4\u00ba andar \u2013 Gabinete 448 | 70100-970 Bras\u00edlia<br \/>\nDF<br \/>\nTel (61) 3215-5448 | dep.juliazanatta@camara.leg.br<br \/>\nPara verificar a assinatura, acesse https:\/\/infoleg-autenticidade-assinatura.camara.leg.br\/CD251680598400<br \/>\nAssinado eletronicamente pelo(a) Dep. Julia Zanatta<br \/>\nApresenta\u00e7\u00e3o: 27\/11\/2025 18:49:14.073 &#8211; Mesa<br \/>\n*CD251680598400* PL n.6029\/2025<br \/>C\u00c2MARA DOS DEPUTADOS<br \/>\nGabinete da Deputada J\u00daLIA ZANATTA \u2013 PL\/SC<br \/>\npodendo as avalia\u00e7\u00f5es serem realizadas no ambiente domiciliar, competindo \u00e0<br \/>\nfam\u00edlia a livre escolha da metodologia de ensino adotada para atingir os<br \/>\nobjetivos curriculares.<br \/>\nArt. 6\u00ba Os pais ou respons\u00e1veis legais dever\u00e3o elaborar relat\u00f3rios<br \/>\ntrimestrais de acompanhamento pedag\u00f3gico do estudante sob educa\u00e7\u00e3o<br \/>\ndomiciliar, contendo a descri\u00e7\u00e3o das atividades realizadas, conte\u00fados<br \/>\ntrabalhados e resultados obtidos, e encaminh\u00e1-los \u00e0 autoridade educacional<br \/>\nmunicipal para fins de registro e acompanhamento.<br \/>\nArt. 7\u00ba S\u00e3o considerados priorit\u00e1rios para fins de regime domiciliar de<br \/>\neduca\u00e7\u00e3o b\u00e1sica:<br \/>\nI \u2013 crian\u00e7as e adolescentes com altas habilidades ou superdota\u00e7\u00e3o;<br \/>\nII \u2013 estudantes com defici\u00eancia;<br \/>\nIII \u2013 estudantes em tratamento de sa\u00fade de longa dura\u00e7\u00e3o ou com<br \/>\ndoen\u00e7as cr\u00f4nicas que impe\u00e7am a frequ\u00eancia regular;<br \/>\nIV \u2013 estudantes com transtornos do neurodesenvolvimento severos;<br \/>\nV \u2013 estudantes que residam em localidades com elevados \u00edndices de<br \/>\ncriminalidade, perigosas, remotas, isoladas ou sem oferta regular de ensino;<br \/>\nVI \u2013 estudantes que acompanhem pais em mobilidade laboral frequente,<br \/>\ncomo trabalhadores itinerantes, diplomatas, servidores p\u00fablicos em miss\u00e3o no<br \/>\nexterior ou atletas de alto rendimento;<br \/>\nVII \u2013 estudantes sob medida protetiva ou em situa\u00e7\u00e3o de risco;<br \/>\nPar\u00e1grafo \u00fanico. A lista prevista neste artigo n\u00e3o impede a admiss\u00e3o de<br \/>\noutros casos.<br \/>\nArt. 8\u00ba Esta Lei entra em vigor na data de sua publica\u00e7\u00e3o.<br \/>\nJUSTIFICATIVA<br \/>\nA educa\u00e7\u00e3o domiciliar encontra respaldo na tradi\u00e7\u00e3o jur\u00eddica,<br \/>\nespecialmente no princ\u00edpio da prioridade da fam\u00edlia na educa\u00e7\u00e3o de seus filhos.<br \/>\nA Declara\u00e7\u00e3o Universal dos Direitos Humanos (DUDH), de 1948, estabelece no<br \/>\nartigo 26, \u00a73\u00ba:<br \/>\n\u201cOs pais t\u00eam prioridade de direito na escolha do<br \/>\nformato de educa\u00e7\u00e3o a dar aos filhos.\u201d<br \/>\nEssa garantia \u00e9 reiterada no Pacto Internacional sobre Direitos<br \/>\nEcon\u00f4micos, Sociais e Culturais (PIDESC), no artigo 13, \u00a73\u00ba, e tamb\u00e9m na<br \/>\nC\u00e2mara dos Deputados | Anexo IV \u2013 4\u00ba andar \u2013 Gabinete 448 | 70100-970 Bras\u00edlia<br \/>\nDF<br \/>\nTel (61) 3215-5448 | dep.juliazanatta@camara.leg.br<br \/>\nPara verificar a assinatura, acesse https:\/\/infoleg-autenticidade-assinatura.camara.leg.br\/CD251680598400<br \/>\nAssinado eletronicamente pelo(a) Dep. Julia Zanatta<br \/>\nApresenta\u00e7\u00e3o: 27\/11\/2025 18:49:14.073 &#8211; Mesa<br \/>\n*CD251680598400* PL n.6029\/2025<br \/>C\u00c2MARA DOS DEPUTADOS<br \/>\nGabinete da Deputada J\u00daLIA ZANATTA \u2013 PL\/SC<br \/>\nConven\u00e7\u00e3o Americana sobre Direitos Humanos (Pacto de San Jos\u00e9 da Costa<br \/>\nRica), no artigo 12, \u00a74\u00ba:<br \/>\n\u201cOs pais, e quando for o caso os tutores, t\u00eam o<br \/>\ndireito de que seus filhos ou pupilos recebam a<br \/>\neduca\u00e7\u00e3o religiosa e moral que esteja de acordo com<br \/>\nsuas pr\u00f3prias convic\u00e7\u00f5es.\u201d<br \/>\nEsses documentos n\u00e3o imp\u00f5em a escolariza\u00e7\u00e3o obrigat\u00f3ria na forma<br \/>\nexclusiva da presen\u00e7a f\u00edsica em institui\u00e7\u00f5es p\u00fablicas ou privadas. Ao contr\u00e1rio,<br \/>\ngarantem a liberdade dos pais de dirigirem a educa\u00e7\u00e3o de seus filhos, desde<br \/>\nque assegurado o desenvolvimento integral da crian\u00e7a e respeitados os<br \/>\ncurr\u00edculos m\u00ednimos.<br \/>\nEm setembro de 2023, a UNESCO publicou o relat\u00f3rio \u201cNon-state<br \/>\nActors in Education: Who Chooses? Who Loses?\u201d, que representa uma virada<br \/>\nconceitual na posi\u00e7\u00e3o das Na\u00e7\u00f5es Unidas sobre educa\u00e7\u00e3o domiciliar.<br \/>\n Ao contr\u00e1rio de posicionamentos anteriores que tratavam o<br \/>\nhomeschooling com desconfian\u00e7a, o novo relat\u00f3rio reconhece explicitamente:<br \/>\n\uf0b7 A legitimidade da educa\u00e7\u00e3o domiciliar como escolha<br \/>\npedag\u00f3gica v\u00e1lida;<br \/>\n\uf0b7 A necessidade de reconhecimento jur\u00eddico da modalidade<br \/>\nnos pa\u00edses democr\u00e1ticos;<br \/>\n\uf0b7 A import\u00e2ncia de mecanismos de regula\u00e7\u00e3o e<br \/>\nacompanhamento, sem criminaliza\u00e7\u00e3o das fam\u00edlias.<br \/>\nEsse reconhecimento refor\u00e7a que a educa\u00e7\u00e3o domiciliar, quando<br \/>\npraticada de forma respons\u00e1vel e supervisionada, n\u00e3o infringe o direito \u00e0<br \/>\neduca\u00e7\u00e3o, e sim o realiza por meio alternativo. O relat\u00f3rio da UNESCO<br \/>\nrecomenda que os Estados evitem posturas repressivas e busquem integra\u00e7\u00e3o<br \/>\nregulada e colaborativa com as fam\u00edlias.<br \/>\nEm diversos pa\u00edses democr\u00e1ticos, a educa\u00e7\u00e3o domiciliar \u00e9 reconhecida<br \/>\nlegalmente com regras espec\u00edficas:<br \/>\n\uf0b7 Estados Unidos: Regulamentada em todos os 50 estados,<br \/>\ncom liberdade de escolha, avalia\u00e7\u00f5es peri\u00f3dicas e exig\u00eancia de curr\u00edculo<br \/>\nm\u00ednimo.<br \/>\n\uf0b7 Reino Unido: Prev\u00ea ampla liberdade para pais educarem<br \/>\nem casa, com avalia\u00e7\u00e3o de resultados e notifica\u00e7\u00f5es \u00e0s autoridades<br \/>\nlocais.<br \/>\n\uf0b7 Portugal: Regulamenta\u00e7\u00e3o consolidada; exige comunica\u00e7\u00e3o<br \/>\nformal, plano pedag\u00f3gico e avalia\u00e7\u00f5es pela escola p\u00fablica.<br \/>\nC\u00e2mara dos Deputados | Anexo IV \u2013 4\u00ba andar \u2013 Gabinete 448 | 70100-970 Bras\u00edlia<br \/>\nDF<br \/>\nTel (61) 3215-5448 | dep.juliazanatta@camara.leg.br<br \/>\nPara verificar a assinatura, acesse https:\/\/infoleg-autenticidade-assinatura.camara.leg.br\/CD251680598400<br \/>\nAssinado eletronicamente pelo(a) Dep. Julia Zanatta<br \/>\nApresenta\u00e7\u00e3o: 27\/11\/2025 18:49:14.073 &#8211; Mesa<br \/>\n*CD251680598400* PL n.6029\/2025<br \/>C\u00c2MARA DOS DEPUTADOS<br \/>\nGabinete da Deputada J\u00daLIA ZANATTA \u2013 PL\/SC<br \/>\nCanad\u00e1, Fran\u00e7a, Austr\u00e1lia, Chile e Col\u00f4mbia tamb\u00e9m reconhecem a<br \/>\npr\u00e1tica com exig\u00eancias espec\u00edficas de controle.<br \/>\nEm nenhum desses pa\u00edses a educa\u00e7\u00e3o domiciliar \u00e9 considerada crime.<br \/>\nAo contr\u00e1rio, o homeschooling \u00e9 compreendido como instrumento<br \/>\ncomplementar de liberdade educacional, especialmente para grupos com<br \/>\nnecessidades especiais, altas habilidades ou condi\u00e7\u00f5es de sa\u00fade particulares.<br \/>\nNo relat\u00f3rio intitulado Homeschooling through human rights lens, a<br \/>\nUNESCO, no \u00e2mbito da Agenda Global de Educa\u00e7\u00e3o 2030, afirma que<br \/>\n\u201ca educa\u00e7\u00e3o \u00e9 um direito humano b\u00e1sico e a base para a paz e o<br \/>\ndesenvolvimento sustent\u00e1vel\u201d, devendo os sistemas nacionais<br \/>\n\u201catender a todos os alunos\u201d. Tal formula\u00e7\u00e3o traduz uma concep\u00e7\u00e3o<br \/>\nampla e n\u00e3o monopolizadora do direito \u00e0 educa\u00e7\u00e3o, em que o Estado<br \/>\n\u00e9 garantidor e n\u00e3o detentor exclusivo do ato educativo. Dessa<br \/>\npremissa decorre a legitimidade jur\u00eddica da educa\u00e7\u00e3o domiciliar,<br \/>\nexpress\u00e3o da liberdade educacional assegurada pelos tratados<br \/>\ninternacionais de direitos humanos, que reconhecem aos pais o<br \/>\ndireito priorit\u00e1rio de dirigir a educa\u00e7\u00e3o de seus filhos. Ao admitir que<br \/>\na educa\u00e7\u00e3o se realiza por meio de \u201caprendizagem transformadora\u201d, a<br \/>\nUNESCO rompe a vis\u00e3o reducionista de ensino confinado \u00e0 escola e<br \/>\nreconhece a centralidade da fam\u00edlia como ambiente formativo<br \/>\norigin\u00e1rio. Assim, a educa\u00e7\u00e3o domiciliar emerge como exerc\u00edcio<br \/>\nleg\u00edtimo da autonomia familiar e da dignidade da pessoa humana,<br \/>\nharmonizando-se com o princ\u00edpio da pluralidade dos meios educativos<br \/>\ne com o Marco de A\u00e7\u00e3o da Educa\u00e7\u00e3o 2030. Portanto, negar validade<br \/>\njur\u00eddica ao ensino domiciliar equivaleria a restringir o pr\u00f3prio n\u00facleo<br \/>\nessencial do direito humano \u00e0 educa\u00e7\u00e3o, tal como afirmado pela<br \/>\ncomunidade internacional sob a \u00e9gide da UNESCO.<br \/>\nA Constitui\u00e7\u00e3o Federal (art. 205 e 206) garante o pluralismo de ideias e<br \/>\nconcep\u00e7\u00f5es pedag\u00f3gicas e estabelece como dever do Estado a garantia do<br \/>\nacesso e perman\u00eancia na escola, sem especificar que a escolariza\u00e7\u00e3o deva<br \/>\nocorrer exclusivamente em estabelecimentos presenciais.<br \/>\nA proposta legislativa ora apresentada busca compatibilizar os tratados<br \/>\ninternacionais, os princ\u00edpios constitucionais e os novos entendimentos da<br \/>\nUNESCO. Trata-se de reconhecer, em car\u00e1ter excepcional, a possibilidade de<br \/>\nensino domiciliar supervisionado, em benef\u00edcio de crian\u00e7as com condi\u00e7\u00f5es<br \/>\nespeciais, altos rendimentos ou dificuldades justificadas de escolariza\u00e7\u00e3o<br \/>\npresencial.<br \/>\nC\u00e2mara dos Deputados | Anexo IV \u2013 4\u00ba andar \u2013 Gabinete 448 | 70100-970 Bras\u00edlia<br \/>\nDF<br \/>\nTel (61) 3215-5448 | dep.juliazanatta@camara.leg.br<br \/>\nPara verificar a assinatura, acesse https:\/\/infoleg-autenticidade-assinatura.camara.leg.br\/CD251680598400<br \/>\nAssinado eletronicamente pelo(a) Dep. Julia Zanatta<br \/>\nApresenta\u00e7\u00e3o: 27\/11\/2025 18:49:14.073 &#8211; Mesa<br \/>\n*CD251680598400* PL n.6029\/2025<br \/>C\u00c2MARA DOS DEPUTADOS<br \/>\nGabinete da Deputada J\u00daLIA ZANATTA \u2013 PL\/SC<br \/>\nEssa proposta n\u00e3o amplia o homeschooling de forma irrestrita,<br \/>\ntampouco amea\u00e7a o papel do ensino presencial. Pelo contr\u00e1rio, visa consolidar<br \/>\numa solu\u00e7\u00e3o regulada, transparente e respons\u00e1vel, em linha com as melhores<br \/>\npr\u00e1ticas internacionais. O objetivo \u00e9 conferir liberdade \u00e0s fam\u00edlias para escolher<br \/>\na melhor modalidade de ensino que se adapte \u00e0 sua realidade. Diante do<br \/>\nexposto, \u00e9 com convic\u00e7\u00e3o que apresento este projeto de lei, confiante de que<br \/>\nsua aprova\u00e7\u00e3o representar\u00e1 avan\u00e7o jur\u00eddico, pedag\u00f3gico e civilizat\u00f3rio para o<br \/>\nBrasil.<br \/>\nSala das Sess\u00f5es, em  27 de Novembro de 2025<br \/>\nDeputada Federal J\u00falia Zanatta<br \/>\n(PL\/SC).<br \/>\nC\u00e2mara dos Deputados | Anexo IV \u2013 4\u00ba andar \u2013 Gabinete 448 | 70100-970 Bras\u00edlia<br \/>\nDF<br \/>\nTel (61) 3215-5448 | dep.juliazanatta@camara.leg.br<br \/>\nPara verificar a assinatura, acesse https:\/\/infoleg-autenticidade-assinatura.camara.leg.br\/CD251680598400<br \/>\nAssinado eletronicamente pelo(a) Dep. Julia Zanatta<br \/>\nApresenta\u00e7\u00e3o: 27\/11\/2025 18:49:14.073 &#8211; Mesa<br \/>\n*CD251680598400* PL n.6029\/2025<\/article>\n<p><a href='https:\/\/app.legislapp.com.br\/#\/busca?termo='><\/a><\/p>\n<div style=\"text-align: center\">\n      <img decoding=\"async\" style=\"width: 14%;\" src=\"https:\/\/www.legislapp.com.br\/wp-content\/uploads\/2021\/07\/Logo-Legislapp-1-03-1.png\"><br \/>\n      <\/p>\n<div style=\"margin-bottom: 20px;\" class=\"et_pb_button_module_wrapper et_pb_button_5_tb_body_wrapper et_pb_button_alignment_center et_pb_module \">\n         <a class=\"et_pb_button et_pb_button_5_tb_body et_hover_enabled et_pb_bg_layout_dark\" style=\"width: 50%;background-color: black;\" href=\"https:\/\/app.legislapp.com.br\" target=\"_blank\" rel=\"noopener\">Visualizar completo na nossa plataforma (30 dias gr\u00e1tis)<\/a><\/p><\/div>\n<p>      <a href=\"https:\/\/play.google.com\/store\/apps\/details?id=br.com.legislapp\"><img decoding=\"async\" style=\"width: 15%; min-width: 130px;\" src=\"https:\/\/www.legislapp.com.br\/wp-content\/uploads\/google-play.png\"><\/a><br \/>\n      <a href=\"https:\/\/apps.apple.com\/us\/app\/legislapp\/id1568929859\"><img decoding=\"async\" style=\"width: 15%; min-width: 130px\" src=\"https:\/\/www.legislapp.com.br\/wp-content\/uploads\/apple-store.png\"><\/a>\n   <\/div>\n","protected":false},"excerpt":{"rendered":"<p>Avulso Inicial &#8211; Autoria de Julia Zanatta C\u00c2MARA DOS DEPUTADOS Gabinete da Deputada J\u00daLIA ZANATTA \u2013 PL\/SC PROJETO DE LEI N\u00ba _____\/2025 (Da Sra. J\u00falia Zanatta) Altera a Lei n\u00ba 9.394, de 20 de dezembro de 1996, a Lei n\u00ba 8.069, de 13 de julho de 1990, e o Decreto-Lei n\u00ba 2.848, de 7 de [&hellip;]<\/p>\n","protected":false},"author":1,"featured_media":0,"parent":0,"menu_order":0,"comment_status":"closed","ping_status":"closed","template":"page-template-blank.php","meta":{"_et_pb_use_builder":"","_et_pb_old_content":"","_et_gb_content_width":"1080","ngg_post_thumbnail":0,"footnotes":""},"class_list":["post-10838","page","type-page","status-publish","hentry"],"yoast_head":"<!-- This site is optimized with the Yoast SEO plugin v24.4 - https:\/\/yoast.com\/wordpress\/plugins\/seo\/ -->\n<title>Avulso Inicial - PL 6029\/2025 - C\u00e2mara - Legislapp<\/title>\n<meta name=\"robots\" content=\"index, follow, max-snippet:-1, max-image-preview:large, max-video-preview:-1\" \/>\n<link rel=\"canonical\" href=\"https:\/\/www.legislapp.com.br\/index.php\/avulso-inicial-pl-6029-2025-camara\/\" \/>\n<meta property=\"og:locale\" content=\"pt_BR\" \/>\n<meta property=\"og:type\" content=\"article\" \/>\n<meta property=\"og:title\" content=\"Avulso Inicial - PL 6029\/2025 - C\u00e2mara - Legislapp\" \/>\n<meta property=\"og:description\" content=\"Avulso Inicial &#8211; Autoria de Julia Zanatta C\u00c2MARA DOS DEPUTADOS Gabinete da Deputada J\u00daLIA ZANATTA \u2013 PL\/SC PROJETO DE LEI N\u00ba _____\/2025 (Da Sra. J\u00falia Zanatta) Altera a Lei n\u00ba 9.394, de 20 de dezembro de 1996, a Lei n\u00ba 8.069, de 13 de julho de 1990, e o Decreto-Lei n\u00ba 2.848, de 7 de [&hellip;]\" \/>\n<meta property=\"og:url\" content=\"https:\/\/www.legislapp.com.br\/index.php\/avulso-inicial-pl-6029-2025-camara\/\" \/>\n<meta property=\"og:site_name\" content=\"Legislapp\" \/>\n<meta property=\"article:publisher\" content=\"https:\/\/www.instagram.com\/legislapp\/\" \/>\n<meta property=\"og:image\" content=\"https:\/\/www.legislapp.com.br\/wp-content\/uploads\/2021\/07\/Logo-Legislapp-1-03-1.png\" \/>\n<meta name=\"twitter:card\" content=\"summary_large_image\" \/>\n<meta name=\"twitter:label1\" content=\"Est. tempo de leitura\" \/>\n\t<meta name=\"twitter:data1\" content=\"8 minutos\" \/>\n<script type=\"application\/ld+json\" class=\"yoast-schema-graph\">{\"@context\":\"https:\/\/schema.org\",\"@graph\":[{\"@type\":\"WebPage\",\"@id\":\"https:\/\/www.legislapp.com.br\/index.php\/avulso-inicial-pl-6029-2025-camara\/\",\"url\":\"https:\/\/www.legislapp.com.br\/index.php\/avulso-inicial-pl-6029-2025-camara\/\",\"name\":\"Avulso Inicial - PL 6029\/2025 - C\u00e2mara - Legislapp\",\"isPartOf\":{\"@id\":\"https:\/\/www.legislapp.com.br\/#website\"},\"primaryImageOfPage\":{\"@id\":\"https:\/\/www.legislapp.com.br\/index.php\/avulso-inicial-pl-6029-2025-camara\/#primaryimage\"},\"image\":{\"@id\":\"https:\/\/www.legislapp.com.br\/index.php\/avulso-inicial-pl-6029-2025-camara\/#primaryimage\"},\"thumbnailUrl\":\"https:\/\/www.legislapp.com.br\/wp-content\/uploads\/2021\/07\/Logo-Legislapp-1-03-1.png\",\"datePublished\":\"2025-12-01T14:41:15+00:00\",\"breadcrumb\":{\"@id\":\"https:\/\/www.legislapp.com.br\/index.php\/avulso-inicial-pl-6029-2025-camara\/#breadcrumb\"},\"inLanguage\":\"pt-BR\",\"potentialAction\":[{\"@type\":\"ReadAction\",\"target\":[\"https:\/\/www.legislapp.com.br\/index.php\/avulso-inicial-pl-6029-2025-camara\/\"]}]},{\"@type\":\"ImageObject\",\"inLanguage\":\"pt-BR\",\"@id\":\"https:\/\/www.legislapp.com.br\/index.php\/avulso-inicial-pl-6029-2025-camara\/#primaryimage\",\"url\":\"https:\/\/www.legislapp.com.br\/wp-content\/uploads\/2021\/07\/Logo-Legislapp-1-03-1.png\",\"contentUrl\":\"https:\/\/www.legislapp.com.br\/wp-content\/uploads\/2021\/07\/Logo-Legislapp-1-03-1.png\",\"width\":2679,\"height\":2697},{\"@type\":\"BreadcrumbList\",\"@id\":\"https:\/\/www.legislapp.com.br\/index.php\/avulso-inicial-pl-6029-2025-camara\/#breadcrumb\",\"itemListElement\":[{\"@type\":\"ListItem\",\"position\":1,\"name\":\"In\u00edcio\",\"item\":\"https:\/\/www.legislapp.com.br\/\"},{\"@type\":\"ListItem\",\"position\":2,\"name\":\"Avulso Inicial &#8211; PL 6029\/2025 &#8211; C\u00e2mara\"}]},{\"@type\":\"WebSite\",\"@id\":\"https:\/\/www.legislapp.com.br\/#website\",\"url\":\"https:\/\/www.legislapp.com.br\/\",\"name\":\"Legislapp\",\"description\":\"Intelig\u00eancia governamental em tempo real\",\"publisher\":{\"@id\":\"https:\/\/www.legislapp.com.br\/#organization\"},\"potentialAction\":[{\"@type\":\"SearchAction\",\"target\":{\"@type\":\"EntryPoint\",\"urlTemplate\":\"https:\/\/www.legislapp.com.br\/?s={search_term_string}\"},\"query-input\":{\"@type\":\"PropertyValueSpecification\",\"valueRequired\":true,\"valueName\":\"search_term_string\"}}],\"inLanguage\":\"pt-BR\"},{\"@type\":\"Organization\",\"@id\":\"https:\/\/www.legislapp.com.br\/#organization\",\"name\":\"Legislapp Monitoramento e Intelig\u00eancia Governamental\",\"url\":\"https:\/\/www.legislapp.com.br\/\",\"logo\":{\"@type\":\"ImageObject\",\"inLanguage\":\"pt-BR\",\"@id\":\"https:\/\/www.legislapp.com.br\/#\/schema\/logo\/image\/\",\"url\":\"https:\/\/www.legislapp.com.br\/wp-content\/uploads\/icon.png\",\"contentUrl\":\"https:\/\/www.legislapp.com.br\/wp-content\/uploads\/icon.png\",\"width\":1024,\"height\":1024,\"caption\":\"Legislapp Monitoramento e Intelig\u00eancia Governamental\"},\"image\":{\"@id\":\"https:\/\/www.legislapp.com.br\/#\/schema\/logo\/image\/\"},\"sameAs\":[\"https:\/\/www.instagram.com\/legislapp\/\"]}]}<\/script>\n<!-- \/ Yoast SEO plugin. -->","yoast_head_json":{"title":"Avulso Inicial - PL 6029\/2025 - C\u00e2mara - Legislapp","robots":{"index":"index","follow":"follow","max-snippet":"max-snippet:-1","max-image-preview":"max-image-preview:large","max-video-preview":"max-video-preview:-1"},"canonical":"https:\/\/www.legislapp.com.br\/index.php\/avulso-inicial-pl-6029-2025-camara\/","og_locale":"pt_BR","og_type":"article","og_title":"Avulso Inicial - PL 6029\/2025 - C\u00e2mara - Legislapp","og_description":"Avulso Inicial &#8211; Autoria de Julia Zanatta C\u00c2MARA DOS DEPUTADOS Gabinete da Deputada J\u00daLIA ZANATTA \u2013 PL\/SC PROJETO DE LEI N\u00ba _____\/2025 (Da Sra. J\u00falia Zanatta) Altera a Lei n\u00ba 9.394, de 20 de dezembro de 1996, a Lei n\u00ba 8.069, de 13 de julho de 1990, e o Decreto-Lei n\u00ba 2.848, de 7 de [&hellip;]","og_url":"https:\/\/www.legislapp.com.br\/index.php\/avulso-inicial-pl-6029-2025-camara\/","og_site_name":"Legislapp","article_publisher":"https:\/\/www.instagram.com\/legislapp\/","og_image":[{"url":"https:\/\/www.legislapp.com.br\/wp-content\/uploads\/2021\/07\/Logo-Legislapp-1-03-1.png","type":"","width":"","height":""}],"twitter_card":"summary_large_image","twitter_misc":{"Est. tempo de leitura":"8 minutos"},"schema":{"@context":"https:\/\/schema.org","@graph":[{"@type":"WebPage","@id":"https:\/\/www.legislapp.com.br\/index.php\/avulso-inicial-pl-6029-2025-camara\/","url":"https:\/\/www.legislapp.com.br\/index.php\/avulso-inicial-pl-6029-2025-camara\/","name":"Avulso Inicial - PL 6029\/2025 - C\u00e2mara - Legislapp","isPartOf":{"@id":"https:\/\/www.legislapp.com.br\/#website"},"primaryImageOfPage":{"@id":"https:\/\/www.legislapp.com.br\/index.php\/avulso-inicial-pl-6029-2025-camara\/#primaryimage"},"image":{"@id":"https:\/\/www.legislapp.com.br\/index.php\/avulso-inicial-pl-6029-2025-camara\/#primaryimage"},"thumbnailUrl":"https:\/\/www.legislapp.com.br\/wp-content\/uploads\/2021\/07\/Logo-Legislapp-1-03-1.png","datePublished":"2025-12-01T14:41:15+00:00","breadcrumb":{"@id":"https:\/\/www.legislapp.com.br\/index.php\/avulso-inicial-pl-6029-2025-camara\/#breadcrumb"},"inLanguage":"pt-BR","potentialAction":[{"@type":"ReadAction","target":["https:\/\/www.legislapp.com.br\/index.php\/avulso-inicial-pl-6029-2025-camara\/"]}]},{"@type":"ImageObject","inLanguage":"pt-BR","@id":"https:\/\/www.legislapp.com.br\/index.php\/avulso-inicial-pl-6029-2025-camara\/#primaryimage","url":"https:\/\/www.legislapp.com.br\/wp-content\/uploads\/2021\/07\/Logo-Legislapp-1-03-1.png","contentUrl":"https:\/\/www.legislapp.com.br\/wp-content\/uploads\/2021\/07\/Logo-Legislapp-1-03-1.png","width":2679,"height":2697},{"@type":"BreadcrumbList","@id":"https:\/\/www.legislapp.com.br\/index.php\/avulso-inicial-pl-6029-2025-camara\/#breadcrumb","itemListElement":[{"@type":"ListItem","position":1,"name":"In\u00edcio","item":"https:\/\/www.legislapp.com.br\/"},{"@type":"ListItem","position":2,"name":"Avulso Inicial &#8211; PL 6029\/2025 &#8211; C\u00e2mara"}]},{"@type":"WebSite","@id":"https:\/\/www.legislapp.com.br\/#website","url":"https:\/\/www.legislapp.com.br\/","name":"Legislapp","description":"Intelig\u00eancia governamental em tempo real","publisher":{"@id":"https:\/\/www.legislapp.com.br\/#organization"},"potentialAction":[{"@type":"SearchAction","target":{"@type":"EntryPoint","urlTemplate":"https:\/\/www.legislapp.com.br\/?s={search_term_string}"},"query-input":{"@type":"PropertyValueSpecification","valueRequired":true,"valueName":"search_term_string"}}],"inLanguage":"pt-BR"},{"@type":"Organization","@id":"https:\/\/www.legislapp.com.br\/#organization","name":"Legislapp Monitoramento e Intelig\u00eancia Governamental","url":"https:\/\/www.legislapp.com.br\/","logo":{"@type":"ImageObject","inLanguage":"pt-BR","@id":"https:\/\/www.legislapp.com.br\/#\/schema\/logo\/image\/","url":"https:\/\/www.legislapp.com.br\/wp-content\/uploads\/icon.png","contentUrl":"https:\/\/www.legislapp.com.br\/wp-content\/uploads\/icon.png","width":1024,"height":1024,"caption":"Legislapp Monitoramento e Intelig\u00eancia Governamental"},"image":{"@id":"https:\/\/www.legislapp.com.br\/#\/schema\/logo\/image\/"},"sameAs":["https:\/\/www.instagram.com\/legislapp\/"]}]}},"_links":{"self":[{"href":"https:\/\/www.legislapp.com.br\/index.php\/wp-json\/wp\/v2\/pages\/10838","targetHints":{"allow":["GET"]}}],"collection":[{"href":"https:\/\/www.legislapp.com.br\/index.php\/wp-json\/wp\/v2\/pages"}],"about":[{"href":"https:\/\/www.legislapp.com.br\/index.php\/wp-json\/wp\/v2\/types\/page"}],"author":[{"embeddable":true,"href":"https:\/\/www.legislapp.com.br\/index.php\/wp-json\/wp\/v2\/users\/1"}],"replies":[{"embeddable":true,"href":"https:\/\/www.legislapp.com.br\/index.php\/wp-json\/wp\/v2\/comments?post=10838"}],"version-history":[{"count":0,"href":"https:\/\/www.legislapp.com.br\/index.php\/wp-json\/wp\/v2\/pages\/10838\/revisions"}],"wp:attachment":[{"href":"https:\/\/www.legislapp.com.br\/index.php\/wp-json\/wp\/v2\/media?parent=10838"}],"curies":[{"name":"wp","href":"https:\/\/api.w.org\/{rel}","templated":true}]}}