{"id":10840,"date":"2025-12-01T11:41:24","date_gmt":"2025-12-01T14:41:24","guid":{"rendered":"https:\/\/www.legislapp.com.br\/index.php\/avulso-inicial-pl-1527-2022-senado\/"},"modified":"2025-12-01T11:41:24","modified_gmt":"2025-12-01T14:41:24","slug":"avulso-inicial-pl-1527-2022-senado","status":"publish","type":"page","link":"https:\/\/www.legislapp.com.br\/index.php\/avulso-inicial-pl-1527-2022-senado\/","title":{"rendered":"Avulso Inicial &#8211; PL 1527\/2022 &#8211; Senado"},"content":{"rendered":"<h1 style='text-align: center;'>Avulso Inicial &#8211; Autoria de Senador Alessandro Vieira (PSDB\/SE)<\/h3>\n<p><\/p>\n<article>R E Q U E R I M E N T O<br \/>\n(Do Sr. GONZAGA PATRIOTA)<br \/>\nRequer o envio de Indica\u00e7\u00e3o ao Poder<br \/>\nExecutivo sugerindo gest\u00f5es em<br \/>\nbenef\u00edcio do Servi\u00e7o Social da<br \/>\nPrevid\u00eancia nos termos que<br \/>\nespecifica.<br \/>\n Senhor Presidente,<br \/>\n Nos termos do art. 113, inciso I e \u00a7 1\u00ba, do Regimento Interno da<br \/>\nC\u00e2mara dos Deputados, requeiro a V. Ex\u00aa. seja encaminhada ao Poder<br \/>\nExecutivo a Indica\u00e7\u00e3o em anexo, sugerindo que seja dada aten\u00e7\u00e3o<br \/>\nespecial ao Servi\u00e7o Social da Previd\u00eancia, conforme especifica.<br \/>\n Sala das Sess\u00f5es, em       de                      de 2004.<br \/>\nDeputado GONZAGA PATRIOTA<br \/>\nPSB\/PE<br \/>INDICA\u00c7\u00c3O N\u00ba                     , DE 2003<br \/>\n(Do Sr. GONZAGA PATRIOTA)<br \/>\nSugere a provid\u00eancias de valoriza\u00e7\u00e3o<br \/>\nda carreira de Servi\u00e7o Social da<br \/>\nPrevid\u00eancia nos termos que<br \/>\nespecifica.<br \/>\nExcelent\u00edssimo Senhor Ministro de Estado da Previd\u00eancia Social,<br \/>\nConsiderando que h\u00e1 59 anos o Servi\u00e7o Social da Previd\u00eancia vem<br \/>\nprestando relevantes servi\u00e7os \u00e0 classe dos trabalhadores nas quest\u00f5es<br \/>\ninerentes \u00e0 efetiva\u00e7\u00e3o das pol\u00edticas p\u00fablicas sociais, esclarecendo os<br \/>\nbenefici\u00e1rios sobre seus direitos sociais e os meios de obt\u00ea-los e exerc\u00ea-<br \/>\nlos;<br \/>\nConsiderando que no governo anterior o referido servi\u00e7o social foi<br \/>\nretirado da estrutura regimental do INSS, pelo Decreto n\u00ba 3018, de1999, o<br \/>\nque representou maior precariedade no atendimento aos usu\u00e1rios,<br \/>\nsobretudo aos de mais baixa renda;<br \/>\nConsiderando que, com apoio efetivo dos usu\u00e1rios liderados por<br \/>\nsuas entidades representativas, o servi\u00e7o social encontra-se neste<br \/>\nmomento em processo de reestrutura\u00e7\u00e3o com a retomada de sua<br \/>\ncoordena\u00e7\u00e3o nacional na estrutura da Diretoria de Benef\u00edcio do INSS:<br \/>\nVimos sugerir a Vossa Excel\u00eancia:<br \/>\n1. gest\u00f5es junto ao Minist\u00e9rio do Planejamento tendo em vista a<br \/>\nrealiza\u00e7\u00e3o de concurso p\u00fablico para o preenchimento de 1.800<br \/>\ncargos vagos para assistente social, uma vez que o quantitativo<br \/>\ndesse profissional no INSS, atualmente em n\u00famero de 625,<br \/>\nencontra-se extremamente defasado;<br \/>2. proje\u00e7\u00e3o do Servi\u00e7o Social na estrutura organizacional\/regimental a<br \/>\nn\u00edvel de Diretoria de Benef\u00edcio, Ger\u00eancias Executivas e Ag\u00eancias da<br \/>\nPrevid\u00eancia Social;<br \/>\n3. restabelecimento dos instrumentos t\u00e9cnicos-operativos do Servi\u00e7o<br \/>\nSocial: parecer social, recursos materiais e cadastro de recursos<br \/>\nsociais;<br \/>\n4. resgate das dota\u00e7\u00f5es or\u00e7ament\u00e1rias para o Servi\u00e7o social.<br \/>\nCom esta iniciativa pretende-se oportunizar o desenvolvimento das<br \/>\na\u00e7\u00f5es do Servi\u00e7o Social a seu n\u00edvel de outrora, prestando o atendimento<br \/>\nde qualidade aos trabalhadores urbanos, rurais, pessoas idosas, pessoas<br \/>\nportadoras de defici\u00eancia e demais trabalhadores do mercado de trabalho<br \/>\ninformal exclu\u00eddos do sistema produtivo, e ainda junto aos movimentos<br \/>\nsociais, as entidades representativas dos trabalhadores, institui\u00e7\u00f5es<br \/>\np\u00fablicas e organiza\u00e7\u00f5es n\u00e3o governamentais.<br \/>\nSala das Sess\u00f5es, em           de                    de 2004.<br \/>\nDeputado GONZAGA PATRIOTA<br \/>\nPSB\/PE<\/article>\n<p><a href='https:\/\/app.legislapp.com.br\/#\/busca?termo=ALTERA\u00c7\u00c3O'>ALTERA\u00c7\u00c3O<\/a>, <a href='https:\/\/app.legislapp.com.br\/#\/busca?termo=LEI FEDERAL'>LEI FEDERAL<\/a>, <a href='https:\/\/app.legislapp.com.br\/#\/busca?termo=INCLUS\u00c3O'>INCLUS\u00c3O<\/a>, <a href='https:\/\/app.legislapp.com.br\/#\/busca?termo=PROGRAMA'>PROGRAMA<\/a>, <a href='https:\/\/app.legislapp.com.br\/#\/busca?termo=AUXILIO BRASIL'>AUXILIO BRASIL<\/a>, <a href='https:\/\/app.legislapp.com.br\/#\/busca?termo=BENEFICIO'>BENEFICIO<\/a>, <a href='https:\/\/app.legislapp.com.br\/#\/busca?termo=AUXILIO'>AUXILIO<\/a>, <a href='https:\/\/app.legislapp.com.br\/#\/busca?termo=COMBUSTIVEL'>COMBUSTIVEL<\/a>, <a href='https:\/\/app.legislapp.com.br\/#\/busca?termo=TRANSPORTE'>TRANSPORTE<\/a>, <a href='https:\/\/app.legislapp.com.br\/#\/busca?termo=MOTORISTA PROFISSIONAL'>MOTORISTA PROFISSIONAL<\/a>, <a href='https:\/\/app.legislapp.com.br\/#\/busca?termo=CONDUTOR AUTONOMO'>CONDUTOR AUTONOMO<\/a>, <a href='https:\/\/app.legislapp.com.br\/#\/busca?termo=FAMILIA'>FAMILIA<\/a>, <a href='https:\/\/app.legislapp.com.br\/#\/busca?termo=BAIXA RENDA .'>BAIXA RENDA .<\/a><\/p>\n<div style=\"text-align: center\">\n      <img decoding=\"async\" style=\"width: 14%;\" src=\"https:\/\/www.legislapp.com.br\/wp-content\/uploads\/2021\/07\/Logo-Legislapp-1-03-1.png\"><br \/>\n      <\/p>\n<div style=\"margin-bottom: 20px;\" class=\"et_pb_button_module_wrapper et_pb_button_5_tb_body_wrapper et_pb_button_alignment_center et_pb_module \">\n         <a class=\"et_pb_button et_pb_button_5_tb_body et_hover_enabled et_pb_bg_layout_dark\" style=\"width: 50%;background-color: black;\" href=\"https:\/\/app.legislapp.com.br\" target=\"_blank\" rel=\"noopener\">Visualizar completo na nossa plataforma (30 dias gr\u00e1tis)<\/a><\/p><\/div>\n<p>      <a href=\"https:\/\/play.google.com\/store\/apps\/details?id=br.com.legislapp\"><img decoding=\"async\" style=\"width: 15%; min-width: 130px;\" src=\"https:\/\/www.legislapp.com.br\/wp-content\/uploads\/google-play.png\"><\/a><br \/>\n      <a href=\"https:\/\/apps.apple.com\/us\/app\/legislapp\/id1568929859\"><img decoding=\"async\" style=\"width: 15%; min-width: 130px\" src=\"https:\/\/www.legislapp.com.br\/wp-content\/uploads\/apple-store.png\"><\/a>\n   <\/div>\n","protected":false},"excerpt":{"rendered":"<p>Avulso Inicial &#8211; Autoria de Senador Alessandro Vieira (PSDB\/SE) R E Q U E R I M E N T O (Do Sr. GONZAGA PATRIOTA) Requer o envio de Indica\u00e7\u00e3o ao Poder Executivo sugerindo gest\u00f5es em benef\u00edcio do Servi\u00e7o Social da Previd\u00eancia nos termos que especifica. Senhor Presidente, Nos termos do art. 113, inciso I [&hellip;]<\/p>\n","protected":false},"author":1,"featured_media":0,"parent":0,"menu_order":0,"comment_status":"closed","ping_status":"closed","template":"page-template-blank.php","meta":{"_et_pb_use_builder":"","_et_pb_old_content":"","_et_gb_content_width":"1080","ngg_post_thumbnail":0,"footnotes":""},"class_list":["post-10840","page","type-page","status-publish","hentry"],"yoast_head":"<!-- This site is optimized with the Yoast SEO plugin v24.4 - https:\/\/yoast.com\/wordpress\/plugins\/seo\/ -->\n<title>Avulso Inicial - PL 1527\/2022 - Senado - Legislapp<\/title>\n<meta name=\"robots\" content=\"index, follow, max-snippet:-1, max-image-preview:large, max-video-preview:-1\" \/>\n<link rel=\"canonical\" href=\"https:\/\/www.legislapp.com.br\/index.php\/avulso-inicial-pl-1527-2022-senado\/\" \/>\n<meta property=\"og:locale\" content=\"pt_BR\" \/>\n<meta property=\"og:type\" content=\"article\" \/>\n<meta property=\"og:title\" content=\"Avulso Inicial - PL 1527\/2022 - Senado - Legislapp\" \/>\n<meta property=\"og:description\" content=\"Avulso Inicial &#8211; Autoria de Senador Alessandro Vieira (PSDB\/SE) R E Q U E R I M E N T O (Do Sr. GONZAGA PATRIOTA) Requer o envio de Indica\u00e7\u00e3o ao Poder Executivo sugerindo gest\u00f5es em benef\u00edcio do Servi\u00e7o Social da Previd\u00eancia nos termos que especifica. Senhor Presidente, Nos termos do art. 113, inciso I [&hellip;]\" \/>\n<meta property=\"og:url\" content=\"https:\/\/www.legislapp.com.br\/index.php\/avulso-inicial-pl-1527-2022-senado\/\" \/>\n<meta property=\"og:site_name\" content=\"Legislapp\" \/>\n<meta property=\"article:publisher\" content=\"https:\/\/www.instagram.com\/legislapp\/\" \/>\n<meta property=\"og:image\" content=\"https:\/\/www.legislapp.com.br\/wp-content\/uploads\/2021\/07\/Logo-Legislapp-1-03-1.png\" \/>\n<meta name=\"twitter:card\" content=\"summary_large_image\" \/>\n<meta name=\"twitter:label1\" content=\"Est. tempo de leitura\" \/>\n\t<meta name=\"twitter:data1\" content=\"2 minutos\" \/>\n<script type=\"application\/ld+json\" class=\"yoast-schema-graph\">{\"@context\":\"https:\/\/schema.org\",\"@graph\":[{\"@type\":\"WebPage\",\"@id\":\"https:\/\/www.legislapp.com.br\/index.php\/avulso-inicial-pl-1527-2022-senado\/\",\"url\":\"https:\/\/www.legislapp.com.br\/index.php\/avulso-inicial-pl-1527-2022-senado\/\",\"name\":\"Avulso Inicial - PL 1527\/2022 - Senado - Legislapp\",\"isPartOf\":{\"@id\":\"https:\/\/www.legislapp.com.br\/#website\"},\"primaryImageOfPage\":{\"@id\":\"https:\/\/www.legislapp.com.br\/index.php\/avulso-inicial-pl-1527-2022-senado\/#primaryimage\"},\"image\":{\"@id\":\"https:\/\/www.legislapp.com.br\/index.php\/avulso-inicial-pl-1527-2022-senado\/#primaryimage\"},\"thumbnailUrl\":\"https:\/\/www.legislapp.com.br\/wp-content\/uploads\/2021\/07\/Logo-Legislapp-1-03-1.png\",\"datePublished\":\"2025-12-01T14:41:24+00:00\",\"breadcrumb\":{\"@id\":\"https:\/\/www.legislapp.com.br\/index.php\/avulso-inicial-pl-1527-2022-senado\/#breadcrumb\"},\"inLanguage\":\"pt-BR\",\"potentialAction\":[{\"@type\":\"ReadAction\",\"target\":[\"https:\/\/www.legislapp.com.br\/index.php\/avulso-inicial-pl-1527-2022-senado\/\"]}]},{\"@type\":\"ImageObject\",\"inLanguage\":\"pt-BR\",\"@id\":\"https:\/\/www.legislapp.com.br\/index.php\/avulso-inicial-pl-1527-2022-senado\/#primaryimage\",\"url\":\"https:\/\/www.legislapp.com.br\/wp-content\/uploads\/2021\/07\/Logo-Legislapp-1-03-1.png\",\"contentUrl\":\"https:\/\/www.legislapp.com.br\/wp-content\/uploads\/2021\/07\/Logo-Legislapp-1-03-1.png\",\"width\":2679,\"height\":2697},{\"@type\":\"BreadcrumbList\",\"@id\":\"https:\/\/www.legislapp.com.br\/index.php\/avulso-inicial-pl-1527-2022-senado\/#breadcrumb\",\"itemListElement\":[{\"@type\":\"ListItem\",\"position\":1,\"name\":\"In\u00edcio\",\"item\":\"https:\/\/www.legislapp.com.br\/\"},{\"@type\":\"ListItem\",\"position\":2,\"name\":\"Avulso Inicial &#8211; PL 1527\/2022 &#8211; Senado\"}]},{\"@type\":\"WebSite\",\"@id\":\"https:\/\/www.legislapp.com.br\/#website\",\"url\":\"https:\/\/www.legislapp.com.br\/\",\"name\":\"Legislapp\",\"description\":\"Intelig\u00eancia governamental em tempo real\",\"publisher\":{\"@id\":\"https:\/\/www.legislapp.com.br\/#organization\"},\"potentialAction\":[{\"@type\":\"SearchAction\",\"target\":{\"@type\":\"EntryPoint\",\"urlTemplate\":\"https:\/\/www.legislapp.com.br\/?s={search_term_string}\"},\"query-input\":{\"@type\":\"PropertyValueSpecification\",\"valueRequired\":true,\"valueName\":\"search_term_string\"}}],\"inLanguage\":\"pt-BR\"},{\"@type\":\"Organization\",\"@id\":\"https:\/\/www.legislapp.com.br\/#organization\",\"name\":\"Legislapp Monitoramento e Intelig\u00eancia Governamental\",\"url\":\"https:\/\/www.legislapp.com.br\/\",\"logo\":{\"@type\":\"ImageObject\",\"inLanguage\":\"pt-BR\",\"@id\":\"https:\/\/www.legislapp.com.br\/#\/schema\/logo\/image\/\",\"url\":\"https:\/\/www.legislapp.com.br\/wp-content\/uploads\/icon.png\",\"contentUrl\":\"https:\/\/www.legislapp.com.br\/wp-content\/uploads\/icon.png\",\"width\":1024,\"height\":1024,\"caption\":\"Legislapp Monitoramento e Intelig\u00eancia Governamental\"},\"image\":{\"@id\":\"https:\/\/www.legislapp.com.br\/#\/schema\/logo\/image\/\"},\"sameAs\":[\"https:\/\/www.instagram.com\/legislapp\/\"]}]}<\/script>\n<!-- \/ Yoast SEO plugin. -->","yoast_head_json":{"title":"Avulso Inicial - PL 1527\/2022 - Senado - Legislapp","robots":{"index":"index","follow":"follow","max-snippet":"max-snippet:-1","max-image-preview":"max-image-preview:large","max-video-preview":"max-video-preview:-1"},"canonical":"https:\/\/www.legislapp.com.br\/index.php\/avulso-inicial-pl-1527-2022-senado\/","og_locale":"pt_BR","og_type":"article","og_title":"Avulso Inicial - PL 1527\/2022 - Senado - Legislapp","og_description":"Avulso Inicial &#8211; Autoria de Senador Alessandro Vieira (PSDB\/SE) R E Q U E R I M E N T O (Do Sr. GONZAGA PATRIOTA) Requer o envio de Indica\u00e7\u00e3o ao Poder Executivo sugerindo gest\u00f5es em benef\u00edcio do Servi\u00e7o Social da Previd\u00eancia nos termos que especifica. Senhor Presidente, Nos termos do art. 113, inciso I [&hellip;]","og_url":"https:\/\/www.legislapp.com.br\/index.php\/avulso-inicial-pl-1527-2022-senado\/","og_site_name":"Legislapp","article_publisher":"https:\/\/www.instagram.com\/legislapp\/","og_image":[{"url":"https:\/\/www.legislapp.com.br\/wp-content\/uploads\/2021\/07\/Logo-Legislapp-1-03-1.png","type":"","width":"","height":""}],"twitter_card":"summary_large_image","twitter_misc":{"Est. tempo de leitura":"2 minutos"},"schema":{"@context":"https:\/\/schema.org","@graph":[{"@type":"WebPage","@id":"https:\/\/www.legislapp.com.br\/index.php\/avulso-inicial-pl-1527-2022-senado\/","url":"https:\/\/www.legislapp.com.br\/index.php\/avulso-inicial-pl-1527-2022-senado\/","name":"Avulso Inicial - PL 1527\/2022 - Senado - Legislapp","isPartOf":{"@id":"https:\/\/www.legislapp.com.br\/#website"},"primaryImageOfPage":{"@id":"https:\/\/www.legislapp.com.br\/index.php\/avulso-inicial-pl-1527-2022-senado\/#primaryimage"},"image":{"@id":"https:\/\/www.legislapp.com.br\/index.php\/avulso-inicial-pl-1527-2022-senado\/#primaryimage"},"thumbnailUrl":"https:\/\/www.legislapp.com.br\/wp-content\/uploads\/2021\/07\/Logo-Legislapp-1-03-1.png","datePublished":"2025-12-01T14:41:24+00:00","breadcrumb":{"@id":"https:\/\/www.legislapp.com.br\/index.php\/avulso-inicial-pl-1527-2022-senado\/#breadcrumb"},"inLanguage":"pt-BR","potentialAction":[{"@type":"ReadAction","target":["https:\/\/www.legislapp.com.br\/index.php\/avulso-inicial-pl-1527-2022-senado\/"]}]},{"@type":"ImageObject","inLanguage":"pt-BR","@id":"https:\/\/www.legislapp.com.br\/index.php\/avulso-inicial-pl-1527-2022-senado\/#primaryimage","url":"https:\/\/www.legislapp.com.br\/wp-content\/uploads\/2021\/07\/Logo-Legislapp-1-03-1.png","contentUrl":"https:\/\/www.legislapp.com.br\/wp-content\/uploads\/2021\/07\/Logo-Legislapp-1-03-1.png","width":2679,"height":2697},{"@type":"BreadcrumbList","@id":"https:\/\/www.legislapp.com.br\/index.php\/avulso-inicial-pl-1527-2022-senado\/#breadcrumb","itemListElement":[{"@type":"ListItem","position":1,"name":"In\u00edcio","item":"https:\/\/www.legislapp.com.br\/"},{"@type":"ListItem","position":2,"name":"Avulso Inicial &#8211; PL 1527\/2022 &#8211; Senado"}]},{"@type":"WebSite","@id":"https:\/\/www.legislapp.com.br\/#website","url":"https:\/\/www.legislapp.com.br\/","name":"Legislapp","description":"Intelig\u00eancia governamental em tempo real","publisher":{"@id":"https:\/\/www.legislapp.com.br\/#organization"},"potentialAction":[{"@type":"SearchAction","target":{"@type":"EntryPoint","urlTemplate":"https:\/\/www.legislapp.com.br\/?s={search_term_string}"},"query-input":{"@type":"PropertyValueSpecification","valueRequired":true,"valueName":"search_term_string"}}],"inLanguage":"pt-BR"},{"@type":"Organization","@id":"https:\/\/www.legislapp.com.br\/#organization","name":"Legislapp Monitoramento e Intelig\u00eancia Governamental","url":"https:\/\/www.legislapp.com.br\/","logo":{"@type":"ImageObject","inLanguage":"pt-BR","@id":"https:\/\/www.legislapp.com.br\/#\/schema\/logo\/image\/","url":"https:\/\/www.legislapp.com.br\/wp-content\/uploads\/icon.png","contentUrl":"https:\/\/www.legislapp.com.br\/wp-content\/uploads\/icon.png","width":1024,"height":1024,"caption":"Legislapp Monitoramento e Intelig\u00eancia Governamental"},"image":{"@id":"https:\/\/www.legislapp.com.br\/#\/schema\/logo\/image\/"},"sameAs":["https:\/\/www.instagram.com\/legislapp\/"]}]}},"_links":{"self":[{"href":"https:\/\/www.legislapp.com.br\/index.php\/wp-json\/wp\/v2\/pages\/10840","targetHints":{"allow":["GET"]}}],"collection":[{"href":"https:\/\/www.legislapp.com.br\/index.php\/wp-json\/wp\/v2\/pages"}],"about":[{"href":"https:\/\/www.legislapp.com.br\/index.php\/wp-json\/wp\/v2\/types\/page"}],"author":[{"embeddable":true,"href":"https:\/\/www.legislapp.com.br\/index.php\/wp-json\/wp\/v2\/users\/1"}],"replies":[{"embeddable":true,"href":"https:\/\/www.legislapp.com.br\/index.php\/wp-json\/wp\/v2\/comments?post=10840"}],"version-history":[{"count":0,"href":"https:\/\/www.legislapp.com.br\/index.php\/wp-json\/wp\/v2\/pages\/10840\/revisions"}],"wp:attachment":[{"href":"https:\/\/www.legislapp.com.br\/index.php\/wp-json\/wp\/v2\/media?parent=10840"}],"curies":[{"name":"wp","href":"https:\/\/api.w.org\/{rel}","templated":true}]}}