{"id":10856,"date":"2025-12-01T11:42:24","date_gmt":"2025-12-01T14:42:24","guid":{"rendered":"https:\/\/www.legislapp.com.br\/index.php\/avulso-inicial-pl-3554-2025-camara\/"},"modified":"2025-12-01T11:42:24","modified_gmt":"2025-12-01T14:42:24","slug":"avulso-inicial-pl-3554-2025-camara","status":"publish","type":"page","link":"https:\/\/www.legislapp.com.br\/index.php\/avulso-inicial-pl-3554-2025-camara\/","title":{"rendered":"Avulso Inicial &#8211; PL 3554\/2025 &#8211; C\u00e2mara"},"content":{"rendered":"<h1 style='text-align: center;'>Avulso Inicial &#8211; Autoria de Amom Mandel<\/h3>\n<p><\/p>\n<article>\n<p>C\u00c2MARA DOS DEPUTADOS <\/p>\n<p>PROJETO DE LEI N.\u00ba 3.554, DE 2025<br \/>\n(Do Sr. Amom Mandel) <\/p>\n<p>Altera a Lei n\u00ba 9.394, de 20 de dezembro de 1996, para incluir a\u00e7\u00f5es de<br \/>\nescuta, acolhimento e cuidado emocional no ambiente escolar. <\/p>\n<p>DESPACHO:<br \/>\n\u00c0S COMISS\u00d5ES DE<br \/>\nEDUCA\u00c7\u00c3O E<br \/>\nCONSTITUI\u00c7\u00c3O E JUSTI\u00c7A E DE CIDADANIA (ART. 54 RICD) <\/p>\n<p>APRECIA\u00c7\u00c3O:<br \/>\nProposi\u00e7\u00e3o Sujeita \u00e0 Aprecia\u00e7\u00e3o Conclusiva pelas Comiss\u00f5es &#8211; Art. 24 II <\/p>\n<p>PUBLICA\u00c7\u00c3O INICIAL<br \/>\nArt. 137, caput &#8211; RICD <\/p>\n<p>Coordena\u00e7\u00e3o de Comiss\u00f5es Permanentes &#8211; DECOM &#8211; P_6748<br \/>\nCONFERE COM O ORIGINAL AUTENTICADO <br \/>2<br \/>\nC\u00c2MARA DOS DEPUTADOS<br \/>\nGabinete do Deputado Federal AMOM MANDEL \u2013 CIDADANIA\/AM<\/p>\n<p>   PROJETO DE LEI N\u00ba      , DE 2025<br \/>\n(Do Sr. AMOM MANDEL)<br \/>\nAltera a Lei n\u00ba 9.394, de 20 de<br \/>\ndezembro de 1996, para incluir a\u00e7\u00f5es<br \/>\nde escuta, acolhimento e cuidado<br \/>\nemocional no ambiente escolar.<br \/>\nO Congresso Nacional decreta:<br \/>\nArt. 1\u00ba O art. 12 da Lei n\u00ba 9.394, de 20 de dezembro de 1996, passa a vigorar<br \/>\nacrescido do seguinte inciso XIII:<br \/>\n&#8220;Art. 12. Os estabelecimentos de ensino, respeitadas as normas<br \/>\ncomuns e as do seu sistema de ensino, ter\u00e3o a incumb\u00eancia de:<br \/>\n(\u2026)<br \/>\nXIII \u2013 desenvolver, de forma cont\u00ednua, a\u00e7\u00f5es de escuta, acolhimento e<br \/>\ncuidado emocional voltadas aos estudantes da educa\u00e7\u00e3o b\u00e1sica,<br \/>\narticuladas com a rede p\u00fablica de sa\u00fade e assist\u00eancia social, com foco<br \/>\nna preven\u00e7\u00e3o de sofrimento ps\u00edquico.&#8221;<br \/>\nArt. 2\u00b0 Esta Lei entra em vigor na data de sua publica\u00e7\u00e3o.<br \/>\nJUSTIFICA\u00c7\u00c3O<br \/>\nA sa\u00fade mental da juventude brasileira \u00e9 tema de reconhecida gravidade.<br \/>\nSegundo a OPAS\/OMS, transtornos mentais correspondem a cerca de 16% da<br \/>\ncarga global de doen\u00e7as entre adolescentes de 10 a 19 anos, muitos dos quais se<\/p>\n<p>___________________________________________________________________________<\/p>\n<p>C\u00e2mara dos Deputados | Anexo IV Gabinete 760 | \u2013 CEP: 70160-900 \u2013<br \/>\nBras\u00edlia-DF<br \/>\nTel (61) 3215-5760 | dep.amommandel@camara.leg.br<br \/>\nCoordena\u00e7\u00e3o de Comiss\u00f5es Permanentes &#8211; DECOM &#8211; P_6748<br \/>\nCONFERE COM O ORIGINAL AUTENTICADO<br \/>\nPL 3554\/2025<br \/>\nPara verificar a assinatura, acesse https:\/\/infoleg-autenticidade-assinatura.camara.leg.br\/CD254018847800<br \/>\n2<br \/>\nAssinado eletronicamente pelo(a) Dep. Amom Mandel<br \/>\nApresenta\u00e7\u00e3o: 17\/07\/2025 16:41:27.167 &#8211; Mesa<br \/>\n*CD254018847800* PL n.3554\/2025<br \/>3<br \/>\nC\u00c2MARA DOS DEPUTADOS<br \/>\nGabinete do Deputado Federal AMOM MANDEL \u2013 CIDADANIA\/AM<br \/>\niniciam ainda na puberdade. No Brasil, o Relat\u00f3rio Mundial da Inf\u00e2ncia (UNICEF,<br \/>\n2021) estima que quase um em cada seis jovens enfrenta algum n\u00edvel de sofrimento<br \/>\nps\u00edquico, aumentando o risco de depress\u00e3o, automutila\u00e7\u00e3o e suic\u00eddio. A Pesquisa<br \/>\nNacional de Sa\u00fade do Escolar (PeNSE 2019) revela que 29,6% das adolescentes<br \/>\nde 13 a 17 anos afirmaram que \u201ca vida n\u00e3o vale a pena ser vivida\u201d, indicando<br \/>\nsofrimento emocional ainda antes da pandemia. Esses dados refor\u00e7am a<br \/>\nnecessidade de que o ambiente escolar atue como espa\u00e7o de escuta e prote\u00e7\u00e3o<br \/>\nemocional.<br \/>\nAs Leis n\u00ba 13.935\/2019 e n\u00ba 14.819\/2024 j\u00e1 representam avan\u00e7os<br \/>\nimportantes. A primeira prev\u00ea a presen\u00e7a de psic\u00f3logos e assistentes sociais nas<br \/>\nredes p\u00fablicas de ensino; a segunda institui uma pol\u00edtica nacional de aten\u00e7\u00e3o<br \/>\npsicossocial nas comunidades escolares, por meio do Programa Sa\u00fade na Escola.<br \/>\nNo entanto, ambas as normas se apoiam em estruturas externas (profissionais<br \/>\nespecializados, programas intersetoriais) e n\u00e3o criam obriga\u00e7\u00f5es diretas para que<br \/>\nas escolas desenvolvam pr\u00e1ticas cotidianas de escuta e acolhimento.<br \/>\nEsta proposi\u00e7\u00e3o busca justamente preencher essa lacuna normativa ao<br \/>\ninserir, no art. 12 da LDB, a obrigatoriedade de que escolas p\u00fablicas de educa\u00e7\u00e3o<br \/>\nb\u00e1sica desenvolvam, de forma cont\u00ednua, a\u00e7\u00f5es de escuta, acolhimento e cuidado<br \/>\nemocional, articuladas com a rede p\u00fablica de sa\u00fade e assist\u00eancia social. Trata-se<br \/>\nde refor\u00e7ar uma pr\u00e1tica cotidiana e preventiva, com for\u00e7a legal pr\u00f3pria, que ajude a<br \/>\nconstruir ambientes escolares mais saud\u00e1veis e acolhedores, especialmente para<br \/>\nos jovens em situa\u00e7\u00e3o de vulnerabilidade.<br \/>\nNo estado do Amazonas, a urg\u00eancia da medida se agrava. Segundo a<br \/>\nPeNSE (2019), 31,6% dos adolescentes amazonenses se sentiam tristes na maior<br \/>\nparte do tempo, chegando a 42,6% entre meninas. Al\u00e9m disso, 23,6% relataram que<br \/>\n\u201ca vida n\u00e3o vale a pena ser vivida\u201d, superando a m\u00e9dia nacional. Dados da<br \/>\nSecretaria Estadual de Educa\u00e7\u00e3o apontam que boa parte da evas\u00e3o escolar se<\/p>\n<p>___________________________________________________________________________<br \/>\nC\u00e2mara dos Deputados | Anexo IV Gabinete 760 | \u2013 CEP: 70160-900 \u2013<br \/>\nBras\u00edlia-DF<br \/>\nTel (61) 3215-5760 | dep.amommandel@camara.leg.br<br \/>\nCoordena\u00e7\u00e3o de Comiss\u00f5es Permanentes &#8211; DECOM &#8211; P_6748<br \/>\nCONFERE COM O ORIGINAL AUTENTICADO<br \/>\nPL 3554\/2025<br \/>\nPara verificar a assinatura, acesse https:\/\/infoleg-autenticidade-assinatura.camara.leg.br\/CD254018847800<br \/>\n3<br \/>\nAssinado eletronicamente pelo(a) Dep. Amom Mandel<br \/>\nApresenta\u00e7\u00e3o: 17\/07\/2025 16:41:27.167 &#8211; Mesa<br \/>\n*CD254018847800* PL n.3554\/2025<br \/>4<br \/>\nC\u00c2MARA DOS DEPUTADOS<br \/>\nGabinete do Deputado Federal AMOM MANDEL \u2013 CIDADANIA\/AM<br \/>\nrelaciona a fatores emocionais e socioecon\u00f4micos, como gravidez na adolesc\u00eancia<br \/>\ne necessidade de trabalhar. A PNAD Cont\u00ednua de 2023 indica que quase um quarto<br \/>\ndos jovens de 15 a 29 anos no estado est\u00e1 fora da escola e sem ocupa\u00e7\u00e3o.<br \/>\nDiante desse cen\u00e1rio, justifica-se a aprova\u00e7\u00e3o da presente proposta, que<br \/>\nfortalece o papel das escolas como espa\u00e7os de prote\u00e7\u00e3o integral \u00e0 juventude, por<br \/>\nmeio da institucionaliza\u00e7\u00e3o de pr\u00e1ticas psicossociais simples, cont\u00ednuas e<br \/>\ninterligadas com a rede p\u00fablica. Por isso, conto com o apoio dos nobres<br \/>\nParlamentares para a aprova\u00e7\u00e3o deste projeto.<br \/>\n   Sala das Sess\u00f5es, em        de                     de 2025.<br \/>\nDeputado AMOM MANDEL<\/p>\n<p>___________________________________________________________________________<br \/>\nC\u00e2mara dos Deputados | Anexo IV Gabinete 760 | \u2013 CEP: 70160-900 \u2013<br \/>\nBras\u00edlia-DF<br \/>\nTel (61) 3215-5760 | dep.amommandel@camara.leg.br<br \/>\nCoordena\u00e7\u00e3o de Comiss\u00f5es Permanentes &#8211; DECOM &#8211; P_6748<br \/>\nCONFERE COM O ORIGINAL AUTENTICADO<br \/>\nPL 3554\/2025<br \/>\nPara verificar a assinatura, acesse https:\/\/infoleg-autenticidade-assinatura.camara.leg.br\/CD254018847800<br \/>\n4<br \/>\nAssinado eletronicamente pelo(a) Dep. Amom Mandel<br \/>\nApresenta\u00e7\u00e3o: 17\/07\/2025 16:41:27.167 &#8211; Mesa<br \/>\n*CD254018847800* PL n.3554\/2025<br \/>5 <\/p>\n<p>C\u00c2MARA DOS DEPUTADOS<br \/>\nCENTRO DE DOCUMENTA\u00c7\u00c3O E INFORMA\u00c7\u00c3O \u2013 CEDI<br \/>\nCoordena\u00e7\u00e3o de Organiza\u00e7\u00e3o da Informa\u00e7\u00e3o Legislativa \u2013 CELEG  <\/p>\n<p>LEI N\u00ba 9.394, DE 20 DE  https:\/\/normas.leg.br\/?urn=urn:lex:br:federal:lei:199612-<br \/>\nDEZEMBRO DE 1996  20;9394   <\/p>\n<p>FIM DO DOCUMENTO<br \/>\nCoordena\u00e7\u00e3o de Comiss\u00f5es Permanentes &#8211; DECOM &#8211; P_6748<br \/>\nCONFERE COM O ORIGINAL AUTENTICADO<br \/>\nPL 3554\/2025 <\/article>\n<p><a href='https:\/\/app.legislapp.com.br\/#\/busca?termo=Altera\u00e7\u00e3o'>Altera\u00e7\u00e3o<\/a>, <a href='https:\/\/app.legislapp.com.br\/#\/busca?termo=Lei de Diretrizes e Bases da Educa\u00e7\u00e3o Nacional (1996)'>Lei de Diretrizes e Bases da Educa\u00e7\u00e3o Nacional (1996)<\/a>, <a href='https:\/\/app.legislapp.com.br\/#\/busca?termo=inclus\u00e3o'>inclus\u00e3o<\/a>, <a href='https:\/\/app.legislapp.com.br\/#\/busca?termo=Assist\u00eancia afetiva'>Assist\u00eancia afetiva<\/a>, <a href='https:\/\/app.legislapp.com.br\/#\/busca?termo=Atendimento pedag\u00f3gico'>Atendimento pedag\u00f3gico<\/a>, <a href='https:\/\/app.legislapp.com.br\/#\/busca?termo=Sa\u00fade mental'>Sa\u00fade mental<\/a>, <a href='https:\/\/app.legislapp.com.br\/#\/busca?termo=Estudante'>Estudante<\/a>, <a href='https:\/\/app.legislapp.com.br\/#\/busca?termo=Ambiente escolar.'>Ambiente escolar.<\/a><\/p>\n<div style=\"text-align: center\">\n      <img decoding=\"async\" style=\"width: 14%;\" src=\"https:\/\/www.legislapp.com.br\/wp-content\/uploads\/2021\/07\/Logo-Legislapp-1-03-1.png\"><br \/>\n      <\/p>\n<div style=\"margin-bottom: 20px;\" class=\"et_pb_button_module_wrapper et_pb_button_5_tb_body_wrapper et_pb_button_alignment_center et_pb_module \">\n         <a class=\"et_pb_button et_pb_button_5_tb_body et_hover_enabled et_pb_bg_layout_dark\" style=\"width: 50%;background-color: black;\" href=\"https:\/\/app.legislapp.com.br\" target=\"_blank\" rel=\"noopener\">Visualizar completo na nossa plataforma (30 dias gr\u00e1tis)<\/a><\/p><\/div>\n<p>      <a href=\"https:\/\/play.google.com\/store\/apps\/details?id=br.com.legislapp\"><img decoding=\"async\" style=\"width: 15%; min-width: 130px;\" src=\"https:\/\/www.legislapp.com.br\/wp-content\/uploads\/google-play.png\"><\/a><br \/>\n      <a href=\"https:\/\/apps.apple.com\/us\/app\/legislapp\/id1568929859\"><img decoding=\"async\" style=\"width: 15%; min-width: 130px\" src=\"https:\/\/www.legislapp.com.br\/wp-content\/uploads\/apple-store.png\"><\/a>\n   <\/div>\n","protected":false},"excerpt":{"rendered":"<p>Avulso Inicial &#8211; Autoria de Amom Mandel C\u00c2MARA DOS DEPUTADOS PROJETO DE LEI N.\u00ba 3.554, DE 2025 (Do Sr. Amom Mandel) Altera a Lei n\u00ba 9.394, de 20 de dezembro de 1996, para incluir a\u00e7\u00f5es de escuta, acolhimento e cuidado emocional no ambiente escolar. DESPACHO: \u00c0S COMISS\u00d5ES DE EDUCA\u00c7\u00c3O E CONSTITUI\u00c7\u00c3O E JUSTI\u00c7A E DE [&hellip;]<\/p>\n","protected":false},"author":1,"featured_media":0,"parent":0,"menu_order":0,"comment_status":"closed","ping_status":"closed","template":"page-template-blank.php","meta":{"_et_pb_use_builder":"","_et_pb_old_content":"","_et_gb_content_width":"1080","ngg_post_thumbnail":0,"footnotes":""},"class_list":["post-10856","page","type-page","status-publish","hentry"],"yoast_head":"<!-- This site is optimized with the Yoast SEO plugin v24.4 - https:\/\/yoast.com\/wordpress\/plugins\/seo\/ -->\n<title>Avulso Inicial - PL 3554\/2025 - C\u00e2mara - Legislapp<\/title>\n<meta name=\"robots\" content=\"index, follow, max-snippet:-1, max-image-preview:large, max-video-preview:-1\" \/>\n<link rel=\"canonical\" href=\"https:\/\/www.legislapp.com.br\/index.php\/avulso-inicial-pl-3554-2025-camara\/\" \/>\n<meta property=\"og:locale\" content=\"pt_BR\" \/>\n<meta property=\"og:type\" content=\"article\" \/>\n<meta property=\"og:title\" content=\"Avulso Inicial - PL 3554\/2025 - C\u00e2mara - Legislapp\" \/>\n<meta property=\"og:description\" content=\"Avulso Inicial &#8211; Autoria de Amom Mandel C\u00c2MARA DOS DEPUTADOS PROJETO DE LEI N.\u00ba 3.554, DE 2025 (Do Sr. Amom Mandel) Altera a Lei n\u00ba 9.394, de 20 de dezembro de 1996, para incluir a\u00e7\u00f5es de escuta, acolhimento e cuidado emocional no ambiente escolar. DESPACHO: \u00c0S COMISS\u00d5ES DE EDUCA\u00c7\u00c3O E CONSTITUI\u00c7\u00c3O E JUSTI\u00c7A E DE [&hellip;]\" \/>\n<meta property=\"og:url\" content=\"https:\/\/www.legislapp.com.br\/index.php\/avulso-inicial-pl-3554-2025-camara\/\" \/>\n<meta property=\"og:site_name\" content=\"Legislapp\" \/>\n<meta property=\"article:publisher\" content=\"https:\/\/www.instagram.com\/legislapp\/\" \/>\n<meta property=\"og:image\" content=\"https:\/\/www.legislapp.com.br\/wp-content\/uploads\/2021\/07\/Logo-Legislapp-1-03-1.png\" \/>\n<meta name=\"twitter:card\" content=\"summary_large_image\" \/>\n<meta name=\"twitter:label1\" content=\"Est. tempo de leitura\" \/>\n\t<meta name=\"twitter:data1\" content=\"5 minutos\" \/>\n<script type=\"application\/ld+json\" class=\"yoast-schema-graph\">{\"@context\":\"https:\/\/schema.org\",\"@graph\":[{\"@type\":\"WebPage\",\"@id\":\"https:\/\/www.legislapp.com.br\/index.php\/avulso-inicial-pl-3554-2025-camara\/\",\"url\":\"https:\/\/www.legislapp.com.br\/index.php\/avulso-inicial-pl-3554-2025-camara\/\",\"name\":\"Avulso Inicial - PL 3554\/2025 - C\u00e2mara - Legislapp\",\"isPartOf\":{\"@id\":\"https:\/\/www.legislapp.com.br\/#website\"},\"primaryImageOfPage\":{\"@id\":\"https:\/\/www.legislapp.com.br\/index.php\/avulso-inicial-pl-3554-2025-camara\/#primaryimage\"},\"image\":{\"@id\":\"https:\/\/www.legislapp.com.br\/index.php\/avulso-inicial-pl-3554-2025-camara\/#primaryimage\"},\"thumbnailUrl\":\"https:\/\/www.legislapp.com.br\/wp-content\/uploads\/2021\/07\/Logo-Legislapp-1-03-1.png\",\"datePublished\":\"2025-12-01T14:42:24+00:00\",\"breadcrumb\":{\"@id\":\"https:\/\/www.legislapp.com.br\/index.php\/avulso-inicial-pl-3554-2025-camara\/#breadcrumb\"},\"inLanguage\":\"pt-BR\",\"potentialAction\":[{\"@type\":\"ReadAction\",\"target\":[\"https:\/\/www.legislapp.com.br\/index.php\/avulso-inicial-pl-3554-2025-camara\/\"]}]},{\"@type\":\"ImageObject\",\"inLanguage\":\"pt-BR\",\"@id\":\"https:\/\/www.legislapp.com.br\/index.php\/avulso-inicial-pl-3554-2025-camara\/#primaryimage\",\"url\":\"https:\/\/www.legislapp.com.br\/wp-content\/uploads\/2021\/07\/Logo-Legislapp-1-03-1.png\",\"contentUrl\":\"https:\/\/www.legislapp.com.br\/wp-content\/uploads\/2021\/07\/Logo-Legislapp-1-03-1.png\",\"width\":2679,\"height\":2697},{\"@type\":\"BreadcrumbList\",\"@id\":\"https:\/\/www.legislapp.com.br\/index.php\/avulso-inicial-pl-3554-2025-camara\/#breadcrumb\",\"itemListElement\":[{\"@type\":\"ListItem\",\"position\":1,\"name\":\"In\u00edcio\",\"item\":\"https:\/\/www.legislapp.com.br\/\"},{\"@type\":\"ListItem\",\"position\":2,\"name\":\"Avulso Inicial &#8211; PL 3554\/2025 &#8211; C\u00e2mara\"}]},{\"@type\":\"WebSite\",\"@id\":\"https:\/\/www.legislapp.com.br\/#website\",\"url\":\"https:\/\/www.legislapp.com.br\/\",\"name\":\"Legislapp\",\"description\":\"Intelig\u00eancia governamental em tempo real\",\"publisher\":{\"@id\":\"https:\/\/www.legislapp.com.br\/#organization\"},\"potentialAction\":[{\"@type\":\"SearchAction\",\"target\":{\"@type\":\"EntryPoint\",\"urlTemplate\":\"https:\/\/www.legislapp.com.br\/?s={search_term_string}\"},\"query-input\":{\"@type\":\"PropertyValueSpecification\",\"valueRequired\":true,\"valueName\":\"search_term_string\"}}],\"inLanguage\":\"pt-BR\"},{\"@type\":\"Organization\",\"@id\":\"https:\/\/www.legislapp.com.br\/#organization\",\"name\":\"Legislapp Monitoramento e Intelig\u00eancia Governamental\",\"url\":\"https:\/\/www.legislapp.com.br\/\",\"logo\":{\"@type\":\"ImageObject\",\"inLanguage\":\"pt-BR\",\"@id\":\"https:\/\/www.legislapp.com.br\/#\/schema\/logo\/image\/\",\"url\":\"https:\/\/www.legislapp.com.br\/wp-content\/uploads\/icon.png\",\"contentUrl\":\"https:\/\/www.legislapp.com.br\/wp-content\/uploads\/icon.png\",\"width\":1024,\"height\":1024,\"caption\":\"Legislapp Monitoramento e Intelig\u00eancia Governamental\"},\"image\":{\"@id\":\"https:\/\/www.legislapp.com.br\/#\/schema\/logo\/image\/\"},\"sameAs\":[\"https:\/\/www.instagram.com\/legislapp\/\"]}]}<\/script>\n<!-- \/ Yoast SEO plugin. -->","yoast_head_json":{"title":"Avulso Inicial - PL 3554\/2025 - C\u00e2mara - Legislapp","robots":{"index":"index","follow":"follow","max-snippet":"max-snippet:-1","max-image-preview":"max-image-preview:large","max-video-preview":"max-video-preview:-1"},"canonical":"https:\/\/www.legislapp.com.br\/index.php\/avulso-inicial-pl-3554-2025-camara\/","og_locale":"pt_BR","og_type":"article","og_title":"Avulso Inicial - PL 3554\/2025 - C\u00e2mara - Legislapp","og_description":"Avulso Inicial &#8211; Autoria de Amom Mandel C\u00c2MARA DOS DEPUTADOS PROJETO DE LEI N.\u00ba 3.554, DE 2025 (Do Sr. Amom Mandel) Altera a Lei n\u00ba 9.394, de 20 de dezembro de 1996, para incluir a\u00e7\u00f5es de escuta, acolhimento e cuidado emocional no ambiente escolar. DESPACHO: \u00c0S COMISS\u00d5ES DE EDUCA\u00c7\u00c3O E CONSTITUI\u00c7\u00c3O E JUSTI\u00c7A E DE [&hellip;]","og_url":"https:\/\/www.legislapp.com.br\/index.php\/avulso-inicial-pl-3554-2025-camara\/","og_site_name":"Legislapp","article_publisher":"https:\/\/www.instagram.com\/legislapp\/","og_image":[{"url":"https:\/\/www.legislapp.com.br\/wp-content\/uploads\/2021\/07\/Logo-Legislapp-1-03-1.png","type":"","width":"","height":""}],"twitter_card":"summary_large_image","twitter_misc":{"Est. tempo de leitura":"5 minutos"},"schema":{"@context":"https:\/\/schema.org","@graph":[{"@type":"WebPage","@id":"https:\/\/www.legislapp.com.br\/index.php\/avulso-inicial-pl-3554-2025-camara\/","url":"https:\/\/www.legislapp.com.br\/index.php\/avulso-inicial-pl-3554-2025-camara\/","name":"Avulso Inicial - PL 3554\/2025 - C\u00e2mara - Legislapp","isPartOf":{"@id":"https:\/\/www.legislapp.com.br\/#website"},"primaryImageOfPage":{"@id":"https:\/\/www.legislapp.com.br\/index.php\/avulso-inicial-pl-3554-2025-camara\/#primaryimage"},"image":{"@id":"https:\/\/www.legislapp.com.br\/index.php\/avulso-inicial-pl-3554-2025-camara\/#primaryimage"},"thumbnailUrl":"https:\/\/www.legislapp.com.br\/wp-content\/uploads\/2021\/07\/Logo-Legislapp-1-03-1.png","datePublished":"2025-12-01T14:42:24+00:00","breadcrumb":{"@id":"https:\/\/www.legislapp.com.br\/index.php\/avulso-inicial-pl-3554-2025-camara\/#breadcrumb"},"inLanguage":"pt-BR","potentialAction":[{"@type":"ReadAction","target":["https:\/\/www.legislapp.com.br\/index.php\/avulso-inicial-pl-3554-2025-camara\/"]}]},{"@type":"ImageObject","inLanguage":"pt-BR","@id":"https:\/\/www.legislapp.com.br\/index.php\/avulso-inicial-pl-3554-2025-camara\/#primaryimage","url":"https:\/\/www.legislapp.com.br\/wp-content\/uploads\/2021\/07\/Logo-Legislapp-1-03-1.png","contentUrl":"https:\/\/www.legislapp.com.br\/wp-content\/uploads\/2021\/07\/Logo-Legislapp-1-03-1.png","width":2679,"height":2697},{"@type":"BreadcrumbList","@id":"https:\/\/www.legislapp.com.br\/index.php\/avulso-inicial-pl-3554-2025-camara\/#breadcrumb","itemListElement":[{"@type":"ListItem","position":1,"name":"In\u00edcio","item":"https:\/\/www.legislapp.com.br\/"},{"@type":"ListItem","position":2,"name":"Avulso Inicial &#8211; PL 3554\/2025 &#8211; C\u00e2mara"}]},{"@type":"WebSite","@id":"https:\/\/www.legislapp.com.br\/#website","url":"https:\/\/www.legislapp.com.br\/","name":"Legislapp","description":"Intelig\u00eancia governamental em tempo real","publisher":{"@id":"https:\/\/www.legislapp.com.br\/#organization"},"potentialAction":[{"@type":"SearchAction","target":{"@type":"EntryPoint","urlTemplate":"https:\/\/www.legislapp.com.br\/?s={search_term_string}"},"query-input":{"@type":"PropertyValueSpecification","valueRequired":true,"valueName":"search_term_string"}}],"inLanguage":"pt-BR"},{"@type":"Organization","@id":"https:\/\/www.legislapp.com.br\/#organization","name":"Legislapp Monitoramento e Intelig\u00eancia Governamental","url":"https:\/\/www.legislapp.com.br\/","logo":{"@type":"ImageObject","inLanguage":"pt-BR","@id":"https:\/\/www.legislapp.com.br\/#\/schema\/logo\/image\/","url":"https:\/\/www.legislapp.com.br\/wp-content\/uploads\/icon.png","contentUrl":"https:\/\/www.legislapp.com.br\/wp-content\/uploads\/icon.png","width":1024,"height":1024,"caption":"Legislapp Monitoramento e Intelig\u00eancia Governamental"},"image":{"@id":"https:\/\/www.legislapp.com.br\/#\/schema\/logo\/image\/"},"sameAs":["https:\/\/www.instagram.com\/legislapp\/"]}]}},"_links":{"self":[{"href":"https:\/\/www.legislapp.com.br\/index.php\/wp-json\/wp\/v2\/pages\/10856","targetHints":{"allow":["GET"]}}],"collection":[{"href":"https:\/\/www.legislapp.com.br\/index.php\/wp-json\/wp\/v2\/pages"}],"about":[{"href":"https:\/\/www.legislapp.com.br\/index.php\/wp-json\/wp\/v2\/types\/page"}],"author":[{"embeddable":true,"href":"https:\/\/www.legislapp.com.br\/index.php\/wp-json\/wp\/v2\/users\/1"}],"replies":[{"embeddable":true,"href":"https:\/\/www.legislapp.com.br\/index.php\/wp-json\/wp\/v2\/comments?post=10856"}],"version-history":[{"count":0,"href":"https:\/\/www.legislapp.com.br\/index.php\/wp-json\/wp\/v2\/pages\/10856\/revisions"}],"wp:attachment":[{"href":"https:\/\/www.legislapp.com.br\/index.php\/wp-json\/wp\/v2\/media?parent=10856"}],"curies":[{"name":"wp","href":"https:\/\/api.w.org\/{rel}","templated":true}]}}