{"id":10865,"date":"2025-12-01T11:43:08","date_gmt":"2025-12-01T14:43:08","guid":{"rendered":"https:\/\/www.legislapp.com.br\/index.php\/avulso-inicial-pl-3210-2025-camara\/"},"modified":"2025-12-01T11:43:08","modified_gmt":"2025-12-01T14:43:08","slug":"avulso-inicial-pl-3210-2025-camara","status":"publish","type":"page","link":"https:\/\/www.legislapp.com.br\/index.php\/avulso-inicial-pl-3210-2025-camara\/","title":{"rendered":"Avulso Inicial &#8211; PL 3210\/2025 &#8211; C\u00e2mara"},"content":{"rendered":"<h1 style='text-align: center;'>Avulso Inicial &#8211; Autoria de Helena Lima<\/h3>\n<p><\/p>\n<article> C\u00c2MARA DOS DEPUTADOS<br \/>\n Gabinete da Deputada Helena Lima MDB\/RR<br \/>\nPROJETO DE LEI N\u00ba          , DE 2025<br \/>\n(Da Sra. HELENA LIMA)<br \/>\nReduz a zero a al\u00edquota do Imposto sobre<br \/>\nProdutos Industrializados incidente sobre<br \/>\nbiopl\u00e1sticos e embalagens compost\u00e1veis e<br \/>\ninstitui o Imposto Seletivo sobre os produtos<br \/>\nque especifica.<br \/>\nO Congresso Nacional decreta:<br \/>\nArt. 1\u00ba Ficam reduzidas a zero as al\u00edquotas do Imposto sobre<br \/>\nProdutos Industrializados \u2013 IPI incidentes sobre:<br \/>\nI \u2013 biopl\u00e1sticos; e<br \/>\nII \u2013 embalagens compost\u00e1veis.<br \/>\nPar\u00e1grafo \u00fanico. A redu\u00e7\u00e3o de al\u00edquota de que trata o caput<br \/>\ndeste artigo \u00e9 condicionada \u00e0:<br \/>\nI &#8211; certifica\u00e7\u00e3o do produto pelos \u00f3rg\u00e3os respons\u00e1veis conforme<br \/>\ncrit\u00e9rios e condi\u00e7\u00f5es definidos em regulamento.<br \/>\nII \u2013 certifica\u00e7\u00e3o do fabricante pelo Minist\u00e9rio do Meio Ambiente<br \/>\ne Mudan\u00e7a do Clima e habilita\u00e7\u00e3o pela Secretaria Especial da Receita Federal<br \/>\ndo Brasil, conforme regulamento.<br \/>\nArt. 2\u00ba Fica institu\u00eddo o Imposto Seletivo, de que trata o art.<br \/>\n153, VIII, da Constitui\u00e7\u00e3o Federal, incidente sobre a fabrica\u00e7\u00e3o ou importa\u00e7\u00e3o<br \/>\nde:<br \/>\nI \u2013 resinas pl\u00e1sticas virgens de origem f\u00f3ssil; e<br \/>\nII \u2013 pl\u00e1sticos n\u00e3o biodegrad\u00e1veis.<br \/>\nPar\u00e1grafo \u00fanico. S\u00e3o isentos do imposto de que trata este<br \/>\nartigo os produtos industrializados com mat\u00e9ria prima reciclada ou reutilizada.<br \/>\nC\u00e2mara dos Deputados | Anexo III \u2013 Gabinete 191 | CEP 70160-<br \/>\n900 &#8211; Bras\u00edlia, DF<br \/>\nTel (61) 3215-5191 | dep.helenalima.camara.leg.br<br \/>\nPara verificar a assinatura, acesse https:\/\/infoleg-autenticidade-assinatura.camara.leg.br\/CD253262992900<br \/>\nAssinado eletronicamente pelo(a) Dep. Helena Lima<br \/>\nApresenta\u00e7\u00e3o: 02\/07\/2025 17:32:39.447 &#8211; Mesa<br \/>\n*CD253262992900* PL n.3210\/2025<br \/> C\u00c2MARA DOS DEPUTADOS<br \/>\n Gabinete da Deputada Helena Lima MDB\/RR<br \/>\nArt. 3\u00ba S\u00e3o fatos geradores do imposto:<br \/>\nI \u2013 entrada de bens de proced\u00eancia estrangeira no territ\u00f3rio<br \/>\nnacional; e<br \/>\nII \u2013 a sa\u00edda do produto do estabelecimento industrial, ou<br \/>\nequiparado a industrial.<br \/>\nArt. 4\u00ba S\u00e3o contribuintes do imposto o fabricante e o importador<br \/>\ndos produtos referidos nos incisos I e II do art. 2\u00ba.<br \/>\nArt. 5\u00ba Considera-se ocorrido o fato gerador no momento de<br \/>\nlibera\u00e7\u00e3o dos bens submetidos ao despacho aduaneiro ou na sa\u00edda do<br \/>\nestabelecimento industrial ou equiparado a industrial.<br \/>\nArt. 6\u00ba A base de c\u00e1lculo do imposto \u00e9 o valor:<br \/>\nI \u2013 total da opera\u00e7\u00e3o de que decorrer a sa\u00edda do<br \/>\nestabelecimento industrial ou equiparado a industrial; ou<br \/>\nII \u2013 que servir ou que serviria de base para o c\u00e1lculo dos<br \/>\ntributos aduaneiros, por ocasi\u00e3o do despacho de importa\u00e7\u00e3o, acrescido do<br \/>\nmontante desses tributos e dos encargos cambiais efetivamente pagos pelo<br \/>\nimportador ou dele exig\u00edveis.<br \/>\nArt. 7\u00ba A al\u00edquota do imposto incidente sobre os produtos<br \/>\nreferidos nos incisos I e II do art. 2\u00ba desta lei \u00e9 de 4,5% (quatro inteiros e cinco<br \/>\nd\u00e9cimos por cento).<br \/>\nArt. 8\u00ba Esta lei entra em vigor na data de sua publica\u00e7\u00e3o,<br \/>\nproduzindo efeitos em rela\u00e7\u00e3o:<br \/>\nI \u2013 aos arts. 2\u00ba a 7\u00ba, a partir de 1\u00ba janeiro de 2027; e<br \/>\nII \u2013 aos demais artigos, na data de sua publica\u00e7\u00e3o.<br \/>\nC\u00e2mara dos Deputados | Anexo III \u2013 Gabinete 191 | CEP 70160-<br \/>\n900 &#8211; Bras\u00edlia, DF<br \/>\nTel (61) 3215-5191 | dep.helenalima.camara.leg.br<br \/>\nPara verificar a assinatura, acesse https:\/\/infoleg-autenticidade-assinatura.camara.leg.br\/CD253262992900<br \/>\nAssinado eletronicamente pelo(a) Dep. Helena Lima<br \/>\nApresenta\u00e7\u00e3o: 02\/07\/2025 17:32:39.447 &#8211; Mesa<br \/>\n*CD253262992900* PL n.3210\/2025<br \/> C\u00c2MARA DOS DEPUTADOS<br \/>\n Gabinete da Deputada Helena Lima MDB\/RR<br \/>\nJUSTIFICA\u00c7\u00c3O<br \/>\nEm novembro deste ano, o Brasil ter\u00e1 a honra de sediar a<br \/>\nConfer\u00eancia das Na\u00e7\u00f5es Unidas sobre Mudan\u00e7as Clim\u00e1ticas (COP), evento de<br \/>\nenorme relev\u00e2ncia internacional que reafirma o papel de destaque do pa\u00eds<br \/>\nentre os principais atores globais na luta contra as mudan\u00e7as clim\u00e1ticas. A<br \/>\ncrescente urg\u00eancia da agenda ambiental no cen\u00e1rio mundial imp\u00f5e a<br \/>\nnecessidade de a\u00e7\u00f5es concretas e eficazes, tanto em n\u00edvel global quanto<br \/>\nnacional.<br \/>\nO Parlamento brasileiro j\u00e1 demonstrou sensibilidade e<br \/>\ncompromisso com essa pauta, tendo aprovado marcos legislativos importantes,<br \/>\ncomo a Lei n\u00ba 14.260\/2021, que incentiva a ind\u00fastria da reciclagem, a Pol\u00edtica<br \/>\nNacional de Res\u00edduos S\u00f3lidos (Lei n\u00ba 12.305\/2010) e, mais recentemente,<br \/>\ndispositivos da Nova Lei de Licita\u00e7\u00f5es (Lei n\u00ba 14.133\/2021) que introduzem<br \/>\ncrit\u00e9rios de sustentabilidade nas contrata\u00e7\u00f5es p\u00fablicas. Essas conquistas<br \/>\nrepresentam avan\u00e7os significativos, mas \u00e9 evidente que ainda h\u00e1 espa\u00e7o \u2014 e<br \/>\nnecessidade \u2014 para evoluirmos na promo\u00e7\u00e3o de um modelo de<br \/>\ndesenvolvimento ambientalmente respons\u00e1vel.<br \/>\nComplementando o regramento j\u00e1 aprovado nesta Casa, \u00e9<br \/>\nnecess\u00e1rio a cria\u00e7\u00e3o de normas que incentivem a utiliza\u00e7\u00e3o de recursos<br \/>\nrenov\u00e1veis e co\u00edbam o consumo de materiais prejudiciais ao meio ambiente.<br \/>\nPor essa raz\u00e3o, apresentamos o presente Projeto de Lei. Nossa inten\u00e7\u00e3o \u00e9<br \/>\ndesonerar totalmente de IPI os biopl\u00e1sticos e as embalagens compost\u00e1veis e,<br \/>\nde outro lado, taxar com o imposto seletivo, inclu\u00eddo na Constitui\u00e7\u00e3o Federal<br \/>\npela Reforma Tribut\u00e1ria, as resinas pl\u00e1sticas virgens de origem f\u00f3ssil e<br \/>\nos pl\u00e1sticos n\u00e3o biodegrad\u00e1veis. O Imposto Seletivo foi inclu\u00eddo entre os<br \/>\ntributos de compet\u00eancia da Uni\u00e3o, com car\u00e1ter extrafiscal, cuja incid\u00eancia<br \/>\nabrange produtos prejudiciais \u00e0 sa\u00fade e ao meio ambiente.<br \/>\nA proposta se insere em um esfor\u00e7o legislativo mais amplo<br \/>\npara alinhar a pol\u00edtica fiscal \u00e0s diretrizes de sustentabilidade ambiental,<br \/>\nC\u00e2mara dos Deputados | Anexo III \u2013 Gabinete 191 | CEP 70160-<br \/>\n900 &#8211; Bras\u00edlia, DF<br \/>\nTel (61) 3215-5191 | dep.helenalima.camara.leg.br<br \/>\nPara verificar a assinatura, acesse https:\/\/infoleg-autenticidade-assinatura.camara.leg.br\/CD253262992900<br \/>\nAssinado eletronicamente pelo(a) Dep. Helena Lima<br \/>\nApresenta\u00e7\u00e3o: 02\/07\/2025 17:32:39.447 &#8211; Mesa<br \/>\n*CD253262992900* PL n.3210\/2025<br \/> C\u00c2MARA DOS DEPUTADOS<br \/>\n Gabinete da Deputada Helena Lima MDB\/RR<br \/>\nutilizando os tributos como mecanismo de est\u00edmulo a pr\u00e1ticas produtivas<br \/>\nrespons\u00e1veis e de desest\u00edmulo ao uso de insumos altamente poluentes.<br \/>\nDessa forma, visando continuar os avan\u00e7os legislativos<br \/>\nconquistados e refor\u00e7ando ainda mais o protagonismo do pa\u00eds na prote\u00e7\u00e3o do<br \/>\nmeio ambiente, conto com o apoio de meus pares para a aprova\u00e7\u00e3o deste<br \/>\nProjeto de Lei.<br \/>\nSala das Sess\u00f5es, em        de                     de 2025.<br \/>\nDeputada HELENA LIMA<br \/>\nC\u00e2mara dos Deputados | Anexo III \u2013 Gabinete 191 | CEP 70160-<br \/>\n900 &#8211; Bras\u00edlia, DF<br \/>\nTel (61) 3215-5191 | dep.helenalima.camara.leg.br<br \/>\nPara verificar a assinatura, acesse https:\/\/infoleg-autenticidade-assinatura.camara.leg.br\/CD253262992900<br \/>\nAssinado eletronicamente pelo(a) Dep. Helena Lima<br \/>\nApresenta\u00e7\u00e3o: 02\/07\/2025 17:32:39.447 &#8211; Mesa<br \/>\n*CD253262992900* PL n.3210\/2025<\/article>\n<p><a href='https:\/\/app.legislapp.com.br\/#\/busca?termo='><\/a><\/p>\n<div style=\"text-align: center\">\n      <img decoding=\"async\" style=\"width: 14%;\" src=\"https:\/\/www.legislapp.com.br\/wp-content\/uploads\/2021\/07\/Logo-Legislapp-1-03-1.png\"><br \/>\n      <\/p>\n<div style=\"margin-bottom: 20px;\" class=\"et_pb_button_module_wrapper et_pb_button_5_tb_body_wrapper et_pb_button_alignment_center et_pb_module \">\n         <a class=\"et_pb_button et_pb_button_5_tb_body et_hover_enabled et_pb_bg_layout_dark\" style=\"width: 50%;background-color: black;\" href=\"https:\/\/app.legislapp.com.br\" target=\"_blank\" rel=\"noopener\">Visualizar completo na nossa plataforma (30 dias gr\u00e1tis)<\/a><\/p><\/div>\n<p>      <a href=\"https:\/\/play.google.com\/store\/apps\/details?id=br.com.legislapp\"><img decoding=\"async\" style=\"width: 15%; min-width: 130px;\" src=\"https:\/\/www.legislapp.com.br\/wp-content\/uploads\/google-play.png\"><\/a><br \/>\n      <a href=\"https:\/\/apps.apple.com\/us\/app\/legislapp\/id1568929859\"><img decoding=\"async\" style=\"width: 15%; min-width: 130px\" src=\"https:\/\/www.legislapp.com.br\/wp-content\/uploads\/apple-store.png\"><\/a>\n   <\/div>\n","protected":false},"excerpt":{"rendered":"<p>Avulso Inicial &#8211; Autoria de Helena Lima C\u00c2MARA DOS DEPUTADOS Gabinete da Deputada Helena Lima MDB\/RR PROJETO DE LEI N\u00ba , DE 2025 (Da Sra. HELENA LIMA) Reduz a zero a al\u00edquota do Imposto sobre Produtos Industrializados incidente sobre biopl\u00e1sticos e embalagens compost\u00e1veis e institui o Imposto Seletivo sobre os produtos que especifica. O Congresso [&hellip;]<\/p>\n","protected":false},"author":1,"featured_media":0,"parent":0,"menu_order":0,"comment_status":"closed","ping_status":"closed","template":"page-template-blank.php","meta":{"_et_pb_use_builder":"","_et_pb_old_content":"","_et_gb_content_width":"1080","ngg_post_thumbnail":0,"footnotes":""},"class_list":["post-10865","page","type-page","status-publish","hentry"],"yoast_head":"<!-- This site is optimized with the Yoast SEO plugin v24.4 - https:\/\/yoast.com\/wordpress\/plugins\/seo\/ -->\n<title>Avulso Inicial - PL 3210\/2025 - C\u00e2mara - Legislapp<\/title>\n<meta name=\"robots\" content=\"index, follow, max-snippet:-1, max-image-preview:large, max-video-preview:-1\" \/>\n<link rel=\"canonical\" href=\"https:\/\/www.legislapp.com.br\/index.php\/avulso-inicial-pl-3210-2025-camara\/\" \/>\n<meta property=\"og:locale\" content=\"pt_BR\" \/>\n<meta property=\"og:type\" content=\"article\" \/>\n<meta property=\"og:title\" content=\"Avulso Inicial - PL 3210\/2025 - C\u00e2mara - Legislapp\" \/>\n<meta property=\"og:description\" content=\"Avulso Inicial &#8211; Autoria de Helena Lima C\u00c2MARA DOS DEPUTADOS Gabinete da Deputada Helena Lima MDB\/RR PROJETO DE LEI N\u00ba , DE 2025 (Da Sra. HELENA LIMA) Reduz a zero a al\u00edquota do Imposto sobre Produtos Industrializados incidente sobre biopl\u00e1sticos e embalagens compost\u00e1veis e institui o Imposto Seletivo sobre os produtos que especifica. O Congresso [&hellip;]\" \/>\n<meta property=\"og:url\" content=\"https:\/\/www.legislapp.com.br\/index.php\/avulso-inicial-pl-3210-2025-camara\/\" \/>\n<meta property=\"og:site_name\" content=\"Legislapp\" \/>\n<meta property=\"article:publisher\" content=\"https:\/\/www.instagram.com\/legislapp\/\" \/>\n<meta property=\"og:image\" content=\"https:\/\/www.legislapp.com.br\/wp-content\/uploads\/2021\/07\/Logo-Legislapp-1-03-1.png\" \/>\n<meta name=\"twitter:card\" content=\"summary_large_image\" \/>\n<meta name=\"twitter:label1\" content=\"Est. tempo de leitura\" \/>\n\t<meta name=\"twitter:data1\" content=\"5 minutos\" \/>\n<script type=\"application\/ld+json\" class=\"yoast-schema-graph\">{\"@context\":\"https:\/\/schema.org\",\"@graph\":[{\"@type\":\"WebPage\",\"@id\":\"https:\/\/www.legislapp.com.br\/index.php\/avulso-inicial-pl-3210-2025-camara\/\",\"url\":\"https:\/\/www.legislapp.com.br\/index.php\/avulso-inicial-pl-3210-2025-camara\/\",\"name\":\"Avulso Inicial - PL 3210\/2025 - C\u00e2mara - Legislapp\",\"isPartOf\":{\"@id\":\"https:\/\/www.legislapp.com.br\/#website\"},\"primaryImageOfPage\":{\"@id\":\"https:\/\/www.legislapp.com.br\/index.php\/avulso-inicial-pl-3210-2025-camara\/#primaryimage\"},\"image\":{\"@id\":\"https:\/\/www.legislapp.com.br\/index.php\/avulso-inicial-pl-3210-2025-camara\/#primaryimage\"},\"thumbnailUrl\":\"https:\/\/www.legislapp.com.br\/wp-content\/uploads\/2021\/07\/Logo-Legislapp-1-03-1.png\",\"datePublished\":\"2025-12-01T14:43:08+00:00\",\"breadcrumb\":{\"@id\":\"https:\/\/www.legislapp.com.br\/index.php\/avulso-inicial-pl-3210-2025-camara\/#breadcrumb\"},\"inLanguage\":\"pt-BR\",\"potentialAction\":[{\"@type\":\"ReadAction\",\"target\":[\"https:\/\/www.legislapp.com.br\/index.php\/avulso-inicial-pl-3210-2025-camara\/\"]}]},{\"@type\":\"ImageObject\",\"inLanguage\":\"pt-BR\",\"@id\":\"https:\/\/www.legislapp.com.br\/index.php\/avulso-inicial-pl-3210-2025-camara\/#primaryimage\",\"url\":\"https:\/\/www.legislapp.com.br\/wp-content\/uploads\/2021\/07\/Logo-Legislapp-1-03-1.png\",\"contentUrl\":\"https:\/\/www.legislapp.com.br\/wp-content\/uploads\/2021\/07\/Logo-Legislapp-1-03-1.png\",\"width\":2679,\"height\":2697},{\"@type\":\"BreadcrumbList\",\"@id\":\"https:\/\/www.legislapp.com.br\/index.php\/avulso-inicial-pl-3210-2025-camara\/#breadcrumb\",\"itemListElement\":[{\"@type\":\"ListItem\",\"position\":1,\"name\":\"In\u00edcio\",\"item\":\"https:\/\/www.legislapp.com.br\/\"},{\"@type\":\"ListItem\",\"position\":2,\"name\":\"Avulso Inicial &#8211; PL 3210\/2025 &#8211; C\u00e2mara\"}]},{\"@type\":\"WebSite\",\"@id\":\"https:\/\/www.legislapp.com.br\/#website\",\"url\":\"https:\/\/www.legislapp.com.br\/\",\"name\":\"Legislapp\",\"description\":\"Intelig\u00eancia governamental em tempo real\",\"publisher\":{\"@id\":\"https:\/\/www.legislapp.com.br\/#organization\"},\"potentialAction\":[{\"@type\":\"SearchAction\",\"target\":{\"@type\":\"EntryPoint\",\"urlTemplate\":\"https:\/\/www.legislapp.com.br\/?s={search_term_string}\"},\"query-input\":{\"@type\":\"PropertyValueSpecification\",\"valueRequired\":true,\"valueName\":\"search_term_string\"}}],\"inLanguage\":\"pt-BR\"},{\"@type\":\"Organization\",\"@id\":\"https:\/\/www.legislapp.com.br\/#organization\",\"name\":\"Legislapp Monitoramento e Intelig\u00eancia Governamental\",\"url\":\"https:\/\/www.legislapp.com.br\/\",\"logo\":{\"@type\":\"ImageObject\",\"inLanguage\":\"pt-BR\",\"@id\":\"https:\/\/www.legislapp.com.br\/#\/schema\/logo\/image\/\",\"url\":\"https:\/\/www.legislapp.com.br\/wp-content\/uploads\/icon.png\",\"contentUrl\":\"https:\/\/www.legislapp.com.br\/wp-content\/uploads\/icon.png\",\"width\":1024,\"height\":1024,\"caption\":\"Legislapp Monitoramento e Intelig\u00eancia Governamental\"},\"image\":{\"@id\":\"https:\/\/www.legislapp.com.br\/#\/schema\/logo\/image\/\"},\"sameAs\":[\"https:\/\/www.instagram.com\/legislapp\/\"]}]}<\/script>\n<!-- \/ Yoast SEO plugin. -->","yoast_head_json":{"title":"Avulso Inicial - PL 3210\/2025 - C\u00e2mara - Legislapp","robots":{"index":"index","follow":"follow","max-snippet":"max-snippet:-1","max-image-preview":"max-image-preview:large","max-video-preview":"max-video-preview:-1"},"canonical":"https:\/\/www.legislapp.com.br\/index.php\/avulso-inicial-pl-3210-2025-camara\/","og_locale":"pt_BR","og_type":"article","og_title":"Avulso Inicial - PL 3210\/2025 - C\u00e2mara - Legislapp","og_description":"Avulso Inicial &#8211; Autoria de Helena Lima C\u00c2MARA DOS DEPUTADOS Gabinete da Deputada Helena Lima MDB\/RR PROJETO DE LEI N\u00ba , DE 2025 (Da Sra. HELENA LIMA) Reduz a zero a al\u00edquota do Imposto sobre Produtos Industrializados incidente sobre biopl\u00e1sticos e embalagens compost\u00e1veis e institui o Imposto Seletivo sobre os produtos que especifica. O Congresso [&hellip;]","og_url":"https:\/\/www.legislapp.com.br\/index.php\/avulso-inicial-pl-3210-2025-camara\/","og_site_name":"Legislapp","article_publisher":"https:\/\/www.instagram.com\/legislapp\/","og_image":[{"url":"https:\/\/www.legislapp.com.br\/wp-content\/uploads\/2021\/07\/Logo-Legislapp-1-03-1.png","type":"","width":"","height":""}],"twitter_card":"summary_large_image","twitter_misc":{"Est. tempo de leitura":"5 minutos"},"schema":{"@context":"https:\/\/schema.org","@graph":[{"@type":"WebPage","@id":"https:\/\/www.legislapp.com.br\/index.php\/avulso-inicial-pl-3210-2025-camara\/","url":"https:\/\/www.legislapp.com.br\/index.php\/avulso-inicial-pl-3210-2025-camara\/","name":"Avulso Inicial - PL 3210\/2025 - C\u00e2mara - Legislapp","isPartOf":{"@id":"https:\/\/www.legislapp.com.br\/#website"},"primaryImageOfPage":{"@id":"https:\/\/www.legislapp.com.br\/index.php\/avulso-inicial-pl-3210-2025-camara\/#primaryimage"},"image":{"@id":"https:\/\/www.legislapp.com.br\/index.php\/avulso-inicial-pl-3210-2025-camara\/#primaryimage"},"thumbnailUrl":"https:\/\/www.legislapp.com.br\/wp-content\/uploads\/2021\/07\/Logo-Legislapp-1-03-1.png","datePublished":"2025-12-01T14:43:08+00:00","breadcrumb":{"@id":"https:\/\/www.legislapp.com.br\/index.php\/avulso-inicial-pl-3210-2025-camara\/#breadcrumb"},"inLanguage":"pt-BR","potentialAction":[{"@type":"ReadAction","target":["https:\/\/www.legislapp.com.br\/index.php\/avulso-inicial-pl-3210-2025-camara\/"]}]},{"@type":"ImageObject","inLanguage":"pt-BR","@id":"https:\/\/www.legislapp.com.br\/index.php\/avulso-inicial-pl-3210-2025-camara\/#primaryimage","url":"https:\/\/www.legislapp.com.br\/wp-content\/uploads\/2021\/07\/Logo-Legislapp-1-03-1.png","contentUrl":"https:\/\/www.legislapp.com.br\/wp-content\/uploads\/2021\/07\/Logo-Legislapp-1-03-1.png","width":2679,"height":2697},{"@type":"BreadcrumbList","@id":"https:\/\/www.legislapp.com.br\/index.php\/avulso-inicial-pl-3210-2025-camara\/#breadcrumb","itemListElement":[{"@type":"ListItem","position":1,"name":"In\u00edcio","item":"https:\/\/www.legislapp.com.br\/"},{"@type":"ListItem","position":2,"name":"Avulso Inicial &#8211; PL 3210\/2025 &#8211; C\u00e2mara"}]},{"@type":"WebSite","@id":"https:\/\/www.legislapp.com.br\/#website","url":"https:\/\/www.legislapp.com.br\/","name":"Legislapp","description":"Intelig\u00eancia governamental em tempo real","publisher":{"@id":"https:\/\/www.legislapp.com.br\/#organization"},"potentialAction":[{"@type":"SearchAction","target":{"@type":"EntryPoint","urlTemplate":"https:\/\/www.legislapp.com.br\/?s={search_term_string}"},"query-input":{"@type":"PropertyValueSpecification","valueRequired":true,"valueName":"search_term_string"}}],"inLanguage":"pt-BR"},{"@type":"Organization","@id":"https:\/\/www.legislapp.com.br\/#organization","name":"Legislapp Monitoramento e Intelig\u00eancia Governamental","url":"https:\/\/www.legislapp.com.br\/","logo":{"@type":"ImageObject","inLanguage":"pt-BR","@id":"https:\/\/www.legislapp.com.br\/#\/schema\/logo\/image\/","url":"https:\/\/www.legislapp.com.br\/wp-content\/uploads\/icon.png","contentUrl":"https:\/\/www.legislapp.com.br\/wp-content\/uploads\/icon.png","width":1024,"height":1024,"caption":"Legislapp Monitoramento e Intelig\u00eancia Governamental"},"image":{"@id":"https:\/\/www.legislapp.com.br\/#\/schema\/logo\/image\/"},"sameAs":["https:\/\/www.instagram.com\/legislapp\/"]}]}},"_links":{"self":[{"href":"https:\/\/www.legislapp.com.br\/index.php\/wp-json\/wp\/v2\/pages\/10865","targetHints":{"allow":["GET"]}}],"collection":[{"href":"https:\/\/www.legislapp.com.br\/index.php\/wp-json\/wp\/v2\/pages"}],"about":[{"href":"https:\/\/www.legislapp.com.br\/index.php\/wp-json\/wp\/v2\/types\/page"}],"author":[{"embeddable":true,"href":"https:\/\/www.legislapp.com.br\/index.php\/wp-json\/wp\/v2\/users\/1"}],"replies":[{"embeddable":true,"href":"https:\/\/www.legislapp.com.br\/index.php\/wp-json\/wp\/v2\/comments?post=10865"}],"version-history":[{"count":0,"href":"https:\/\/www.legislapp.com.br\/index.php\/wp-json\/wp\/v2\/pages\/10865\/revisions"}],"wp:attachment":[{"href":"https:\/\/www.legislapp.com.br\/index.php\/wp-json\/wp\/v2\/media?parent=10865"}],"curies":[{"name":"wp","href":"https:\/\/api.w.org\/{rel}","templated":true}]}}