{"id":10878,"date":"2025-12-01T11:43:50","date_gmt":"2025-12-01T14:43:50","guid":{"rendered":"https:\/\/www.legislapp.com.br\/index.php\/avulso-inicial-pl-3032-2025-camara\/"},"modified":"2025-12-01T11:43:50","modified_gmt":"2025-12-01T14:43:50","slug":"avulso-inicial-pl-3032-2025-camara","status":"publish","type":"page","link":"https:\/\/www.legislapp.com.br\/index.php\/avulso-inicial-pl-3032-2025-camara\/","title":{"rendered":"Avulso Inicial &#8211; PL 3032\/2025 &#8211; C\u00e2mara"},"content":{"rendered":"<h1 style='text-align: center;'>Avulso Inicial &#8211; Autoria de Pastor Henrique Vieira<\/h3>\n<p><\/p>\n<article>PROJETO DE LEI N\u00ba.                , DE 2025<br \/>\n(Do Sr. PASTOR HENRIQUE VIEIRA)<br \/>\nCria a Pol\u00edtica Nacional de Prote\u00e7\u00e3o<br \/>\na Mulheres Brasileiras Viajantes,<br \/>\nestabelece diretrizes para a\u00e7\u00f5es de<br \/>\nemerg\u00eancia consular, seguran\u00e7a em<br \/>\natividades de risco no exterior,<br \/>\natendimento \u00e0s fam\u00edlias e est\u00edmulo a<br \/>\npr\u00e1ticas seguras de turismo voltado<br \/>\na mulheres.<\/p>\n<p>O Congresso Nacional decreta:<br \/>\nArt. 1\u00ba Esta Lei institui a Pol\u00edtica Nacional de Prote\u00e7\u00e3o a Mulheres Brasileiras<br \/>\nViajantes, com o objetivo de garantir medidas de preven\u00e7\u00e3o, assist\u00eancia e resposta \u00e1gil a<br \/>\ncasos de desaparecimento, acidentes, viol\u00eancias ou viola\u00e7\u00f5es de direitos envolvendo<br \/>\ncidad\u00e3s brasileiras em viagens internacionais.<br \/>\nPara verificar a assinatura, acesse https:\/\/infoleg-autenticidade-assinatura.camara.leg.br\/CD256929761900<br \/>\nAssinado eletronicamente pelo(a) Dep. Pastor Henrique Vieira<br \/>\nApresenta\u00e7\u00e3o: 24\/06\/2025 13:50:13.713 &#8211; Mesa<br \/>\n*CD256929761900* PL n.3032\/2025<br \/>Art. 2\u00ba S\u00e3o diretrizes da Pol\u00edtica:<br \/>\nI \u2013 cria\u00e7\u00e3o de protocolo de emerg\u00eancia consular com recorte de g\u00eanero;<br \/>\nII \u2013 atua\u00e7\u00e3o priorit\u00e1ria das embaixadas e consulados em casos cr\u00edticos;<br \/>\nIII \u2013 apoio psicol\u00f3gico e log\u00edstico \u00e0s fam\u00edlias;<br \/>\nIV \u2013 est\u00edmulo \u00e0 forma\u00e7\u00e3o de redes de apoio seguras para mulheres em tr\u00e2nsito;<br \/>\nV \u2013 monitoramento e avalia\u00e7\u00e3o de riscos em atividades de turismo internacional.<br \/>\nArt. 3\u00ba O Poder Executivo regulamentar\u00e1:<br \/>\nI \u2013 o Protocolo Emergencial para Brasileiras em Situa\u00e7\u00e3o de Risco no Exterior,<br \/>\nincluindo mecanismos de comunica\u00e7\u00e3o multil\u00edngue e resposta em at\u00e9 24h ap\u00f3s<br \/>\nnotifica\u00e7\u00e3o de emerg\u00eancia;<br \/>\nII \u2013 o Cadastro Nacional de Atividades de Risco para Brasileiros no Exterior, em<br \/>\nparceria com a Ag\u00eancia Brasileira de Promo\u00e7\u00e3o Internacional do Turismo (Embratur),<br \/>\nMinist\u00e9rio das Rela\u00e7\u00f5es Exteriores, Minist\u00e9rio da Mulher, Minist\u00e9rio dos Direitos<br \/>\nHumanos e da Cidadania, Minist\u00e9rio da Justi\u00e7a e Seguran\u00e7a P\u00fablica e Pol\u00edcia Federal;<br \/>\nIII \u2013 o Selo de Turismo Seguro para Mulheres, concedido a operadoras e<br \/>\nservi\u00e7os tur\u00edsticos internacionais que cumpram requisitos de seguran\u00e7a e equidade de<br \/>\ng\u00eanero.<br \/>\nArt. 4\u00ba A Uni\u00e3o promover\u00e1 campanhas permanentes de informa\u00e7\u00e3o e conscientiza\u00e7\u00e3o<br \/>\nsobre os direitos das mulheres brasileiras em tr\u00e2nsito internacional, com foco em:<br \/>\nI \u2013 mochileiras e n\u00f4mades digitais;<br \/>\nII \u2013 estudantes em interc\u00e2mbio;<br \/>\nIII \u2013 profissionais aut\u00f4nomas em deslocamento.<br \/>\nPara verificar a assinatura, acesse https:\/\/infoleg-autenticidade-assinatura.camara.leg.br\/CD256929761900<br \/>\nAssinado eletronicamente pelo(a) Dep. Pastor Henrique Vieira<br \/>\nApresenta\u00e7\u00e3o: 24\/06\/2025 13:50:13.713 &#8211; Mesa<br \/>\n*CD256929761900* PL n.3032\/2025<br \/>Art. 5\u00ba Esta Lei entra em vigor na data de sua publica\u00e7\u00e3o.<br \/>\n   J U S T I F I C A \u00c7 \u00c3 O<br \/>\nO presente Projeto de Lei tem como objetivo criar a Pol\u00edtica Nacional de<br \/>\nProte\u00e7\u00e3o a Mulheres Brasileiras Viajantes, estabelece diretrizes para a\u00e7\u00f5es de<br \/>\nemerg\u00eancia consular, seguran\u00e7a em atividades de risco no exterior, atendimento \u00e0s<br \/>\nfam\u00edlias e est\u00edmulo a pr\u00e1ticas seguras de turismo voltado a mulheres<br \/>\nA morte da jovem Juliana Marins, brasileira de 26 anos, v\u00edtima de um acidente<br \/>\nfatal em uma trilha na Indon\u00e9sia, exp\u00f4s a aus\u00eancia de pol\u00edticas espec\u00edficas para<br \/>\nsitua\u00e7\u00f5es de emerg\u00eancia envolvendo mulheres brasileiras no exterior.<br \/>\nEssa proposta busca transformar a dor em mobiliza\u00e7\u00e3o nacional por mais<br \/>\nseguran\u00e7a, cuidado e estrutura para garantir o direito das mulheres de explorar o mundo<br \/>\ncom liberdade, mas tamb\u00e9m com prote\u00e7\u00e3o e dignidade.<br \/>\nPor esses motivos, e diante da urg\u00eancia de promover e defender o direito das<br \/>\nmulheres de explorar o mundo, submeto este projeto e rogo aprecia\u00e7\u00e3o desta Casa<br \/>\nLegislativa.<br \/>\nSala das Sess\u00f5es, em  28 de junho de 2025.<br \/>\nPastor Henrique Vieira<br \/>\nPSOL\/RJ<br \/>\nPara verificar a assinatura, acesse https:\/\/infoleg-autenticidade-assinatura.camara.leg.br\/CD256929761900<br \/>\nAssinado eletronicamente pelo(a) Dep. Pastor Henrique Vieira<br \/>\nApresenta\u00e7\u00e3o: 24\/06\/2025 13:50:13.713 &#8211; Mesa<br \/>\n*CD256929761900* PL n.3032\/2025<\/article>\n<p><a href='https:\/\/app.legislapp.com.br\/#\/busca?termo='><\/a><\/p>\n<div style=\"text-align: center\">\n      <img decoding=\"async\" style=\"width: 14%;\" src=\"https:\/\/www.legislapp.com.br\/wp-content\/uploads\/2021\/07\/Logo-Legislapp-1-03-1.png\"><br \/>\n      <\/p>\n<div style=\"margin-bottom: 20px;\" class=\"et_pb_button_module_wrapper et_pb_button_5_tb_body_wrapper et_pb_button_alignment_center et_pb_module \">\n         <a class=\"et_pb_button et_pb_button_5_tb_body et_hover_enabled et_pb_bg_layout_dark\" style=\"width: 50%;background-color: black;\" href=\"https:\/\/app.legislapp.com.br\" target=\"_blank\" rel=\"noopener\">Visualizar completo na nossa plataforma (30 dias gr\u00e1tis)<\/a><\/p><\/div>\n<p>      <a href=\"https:\/\/play.google.com\/store\/apps\/details?id=br.com.legislapp\"><img decoding=\"async\" style=\"width: 15%; min-width: 130px;\" src=\"https:\/\/www.legislapp.com.br\/wp-content\/uploads\/google-play.png\"><\/a><br \/>\n      <a href=\"https:\/\/apps.apple.com\/us\/app\/legislapp\/id1568929859\"><img decoding=\"async\" style=\"width: 15%; min-width: 130px\" src=\"https:\/\/www.legislapp.com.br\/wp-content\/uploads\/apple-store.png\"><\/a>\n   <\/div>\n","protected":false},"excerpt":{"rendered":"<p>Avulso Inicial &#8211; Autoria de Pastor Henrique Vieira PROJETO DE LEI N\u00ba. , DE 2025 (Do Sr. PASTOR HENRIQUE VIEIRA) Cria a Pol\u00edtica Nacional de Prote\u00e7\u00e3o a Mulheres Brasileiras Viajantes, estabelece diretrizes para a\u00e7\u00f5es de emerg\u00eancia consular, seguran\u00e7a em atividades de risco no exterior, atendimento \u00e0s fam\u00edlias e est\u00edmulo a pr\u00e1ticas seguras de turismo voltado [&hellip;]<\/p>\n","protected":false},"author":1,"featured_media":0,"parent":0,"menu_order":0,"comment_status":"closed","ping_status":"closed","template":"page-template-blank.php","meta":{"_et_pb_use_builder":"","_et_pb_old_content":"","_et_gb_content_width":"1080","ngg_post_thumbnail":0,"footnotes":""},"class_list":["post-10878","page","type-page","status-publish","hentry"],"yoast_head":"<!-- This site is optimized with the Yoast SEO plugin v24.4 - https:\/\/yoast.com\/wordpress\/plugins\/seo\/ -->\n<title>Avulso Inicial - PL 3032\/2025 - C\u00e2mara - Legislapp<\/title>\n<meta name=\"robots\" content=\"index, follow, max-snippet:-1, max-image-preview:large, max-video-preview:-1\" \/>\n<link rel=\"canonical\" href=\"https:\/\/www.legislapp.com.br\/index.php\/avulso-inicial-pl-3032-2025-camara\/\" \/>\n<meta property=\"og:locale\" content=\"pt_BR\" \/>\n<meta property=\"og:type\" content=\"article\" \/>\n<meta property=\"og:title\" content=\"Avulso Inicial - PL 3032\/2025 - C\u00e2mara - Legislapp\" \/>\n<meta property=\"og:description\" content=\"Avulso Inicial &#8211; Autoria de Pastor Henrique Vieira PROJETO DE LEI N\u00ba. , DE 2025 (Do Sr. PASTOR HENRIQUE VIEIRA) Cria a Pol\u00edtica Nacional de Prote\u00e7\u00e3o a Mulheres Brasileiras Viajantes, estabelece diretrizes para a\u00e7\u00f5es de emerg\u00eancia consular, seguran\u00e7a em atividades de risco no exterior, atendimento \u00e0s fam\u00edlias e est\u00edmulo a pr\u00e1ticas seguras de turismo voltado [&hellip;]\" \/>\n<meta property=\"og:url\" content=\"https:\/\/www.legislapp.com.br\/index.php\/avulso-inicial-pl-3032-2025-camara\/\" \/>\n<meta property=\"og:site_name\" content=\"Legislapp\" \/>\n<meta property=\"article:publisher\" content=\"https:\/\/www.instagram.com\/legislapp\/\" \/>\n<meta property=\"og:image\" content=\"https:\/\/www.legislapp.com.br\/wp-content\/uploads\/2021\/07\/Logo-Legislapp-1-03-1.png\" \/>\n<meta name=\"twitter:card\" content=\"summary_large_image\" \/>\n<meta name=\"twitter:label1\" content=\"Est. tempo de leitura\" \/>\n\t<meta name=\"twitter:data1\" content=\"3 minutos\" \/>\n<script type=\"application\/ld+json\" class=\"yoast-schema-graph\">{\"@context\":\"https:\/\/schema.org\",\"@graph\":[{\"@type\":\"WebPage\",\"@id\":\"https:\/\/www.legislapp.com.br\/index.php\/avulso-inicial-pl-3032-2025-camara\/\",\"url\":\"https:\/\/www.legislapp.com.br\/index.php\/avulso-inicial-pl-3032-2025-camara\/\",\"name\":\"Avulso Inicial - PL 3032\/2025 - C\u00e2mara - Legislapp\",\"isPartOf\":{\"@id\":\"https:\/\/www.legislapp.com.br\/#website\"},\"primaryImageOfPage\":{\"@id\":\"https:\/\/www.legislapp.com.br\/index.php\/avulso-inicial-pl-3032-2025-camara\/#primaryimage\"},\"image\":{\"@id\":\"https:\/\/www.legislapp.com.br\/index.php\/avulso-inicial-pl-3032-2025-camara\/#primaryimage\"},\"thumbnailUrl\":\"https:\/\/www.legislapp.com.br\/wp-content\/uploads\/2021\/07\/Logo-Legislapp-1-03-1.png\",\"datePublished\":\"2025-12-01T14:43:50+00:00\",\"breadcrumb\":{\"@id\":\"https:\/\/www.legislapp.com.br\/index.php\/avulso-inicial-pl-3032-2025-camara\/#breadcrumb\"},\"inLanguage\":\"pt-BR\",\"potentialAction\":[{\"@type\":\"ReadAction\",\"target\":[\"https:\/\/www.legislapp.com.br\/index.php\/avulso-inicial-pl-3032-2025-camara\/\"]}]},{\"@type\":\"ImageObject\",\"inLanguage\":\"pt-BR\",\"@id\":\"https:\/\/www.legislapp.com.br\/index.php\/avulso-inicial-pl-3032-2025-camara\/#primaryimage\",\"url\":\"https:\/\/www.legislapp.com.br\/wp-content\/uploads\/2021\/07\/Logo-Legislapp-1-03-1.png\",\"contentUrl\":\"https:\/\/www.legislapp.com.br\/wp-content\/uploads\/2021\/07\/Logo-Legislapp-1-03-1.png\",\"width\":2679,\"height\":2697},{\"@type\":\"BreadcrumbList\",\"@id\":\"https:\/\/www.legislapp.com.br\/index.php\/avulso-inicial-pl-3032-2025-camara\/#breadcrumb\",\"itemListElement\":[{\"@type\":\"ListItem\",\"position\":1,\"name\":\"In\u00edcio\",\"item\":\"https:\/\/www.legislapp.com.br\/\"},{\"@type\":\"ListItem\",\"position\":2,\"name\":\"Avulso Inicial &#8211; PL 3032\/2025 &#8211; C\u00e2mara\"}]},{\"@type\":\"WebSite\",\"@id\":\"https:\/\/www.legislapp.com.br\/#website\",\"url\":\"https:\/\/www.legislapp.com.br\/\",\"name\":\"Legislapp\",\"description\":\"Intelig\u00eancia governamental em tempo real\",\"publisher\":{\"@id\":\"https:\/\/www.legislapp.com.br\/#organization\"},\"potentialAction\":[{\"@type\":\"SearchAction\",\"target\":{\"@type\":\"EntryPoint\",\"urlTemplate\":\"https:\/\/www.legislapp.com.br\/?s={search_term_string}\"},\"query-input\":{\"@type\":\"PropertyValueSpecification\",\"valueRequired\":true,\"valueName\":\"search_term_string\"}}],\"inLanguage\":\"pt-BR\"},{\"@type\":\"Organization\",\"@id\":\"https:\/\/www.legislapp.com.br\/#organization\",\"name\":\"Legislapp Monitoramento e Intelig\u00eancia Governamental\",\"url\":\"https:\/\/www.legislapp.com.br\/\",\"logo\":{\"@type\":\"ImageObject\",\"inLanguage\":\"pt-BR\",\"@id\":\"https:\/\/www.legislapp.com.br\/#\/schema\/logo\/image\/\",\"url\":\"https:\/\/www.legislapp.com.br\/wp-content\/uploads\/icon.png\",\"contentUrl\":\"https:\/\/www.legislapp.com.br\/wp-content\/uploads\/icon.png\",\"width\":1024,\"height\":1024,\"caption\":\"Legislapp Monitoramento e Intelig\u00eancia Governamental\"},\"image\":{\"@id\":\"https:\/\/www.legislapp.com.br\/#\/schema\/logo\/image\/\"},\"sameAs\":[\"https:\/\/www.instagram.com\/legislapp\/\"]}]}<\/script>\n<!-- \/ Yoast SEO plugin. -->","yoast_head_json":{"title":"Avulso Inicial - PL 3032\/2025 - C\u00e2mara - Legislapp","robots":{"index":"index","follow":"follow","max-snippet":"max-snippet:-1","max-image-preview":"max-image-preview:large","max-video-preview":"max-video-preview:-1"},"canonical":"https:\/\/www.legislapp.com.br\/index.php\/avulso-inicial-pl-3032-2025-camara\/","og_locale":"pt_BR","og_type":"article","og_title":"Avulso Inicial - PL 3032\/2025 - C\u00e2mara - Legislapp","og_description":"Avulso Inicial &#8211; Autoria de Pastor Henrique Vieira PROJETO DE LEI N\u00ba. , DE 2025 (Do Sr. PASTOR HENRIQUE VIEIRA) Cria a Pol\u00edtica Nacional de Prote\u00e7\u00e3o a Mulheres Brasileiras Viajantes, estabelece diretrizes para a\u00e7\u00f5es de emerg\u00eancia consular, seguran\u00e7a em atividades de risco no exterior, atendimento \u00e0s fam\u00edlias e est\u00edmulo a pr\u00e1ticas seguras de turismo voltado [&hellip;]","og_url":"https:\/\/www.legislapp.com.br\/index.php\/avulso-inicial-pl-3032-2025-camara\/","og_site_name":"Legislapp","article_publisher":"https:\/\/www.instagram.com\/legislapp\/","og_image":[{"url":"https:\/\/www.legislapp.com.br\/wp-content\/uploads\/2021\/07\/Logo-Legislapp-1-03-1.png","type":"","width":"","height":""}],"twitter_card":"summary_large_image","twitter_misc":{"Est. tempo de leitura":"3 minutos"},"schema":{"@context":"https:\/\/schema.org","@graph":[{"@type":"WebPage","@id":"https:\/\/www.legislapp.com.br\/index.php\/avulso-inicial-pl-3032-2025-camara\/","url":"https:\/\/www.legislapp.com.br\/index.php\/avulso-inicial-pl-3032-2025-camara\/","name":"Avulso Inicial - PL 3032\/2025 - C\u00e2mara - Legislapp","isPartOf":{"@id":"https:\/\/www.legislapp.com.br\/#website"},"primaryImageOfPage":{"@id":"https:\/\/www.legislapp.com.br\/index.php\/avulso-inicial-pl-3032-2025-camara\/#primaryimage"},"image":{"@id":"https:\/\/www.legislapp.com.br\/index.php\/avulso-inicial-pl-3032-2025-camara\/#primaryimage"},"thumbnailUrl":"https:\/\/www.legislapp.com.br\/wp-content\/uploads\/2021\/07\/Logo-Legislapp-1-03-1.png","datePublished":"2025-12-01T14:43:50+00:00","breadcrumb":{"@id":"https:\/\/www.legislapp.com.br\/index.php\/avulso-inicial-pl-3032-2025-camara\/#breadcrumb"},"inLanguage":"pt-BR","potentialAction":[{"@type":"ReadAction","target":["https:\/\/www.legislapp.com.br\/index.php\/avulso-inicial-pl-3032-2025-camara\/"]}]},{"@type":"ImageObject","inLanguage":"pt-BR","@id":"https:\/\/www.legislapp.com.br\/index.php\/avulso-inicial-pl-3032-2025-camara\/#primaryimage","url":"https:\/\/www.legislapp.com.br\/wp-content\/uploads\/2021\/07\/Logo-Legislapp-1-03-1.png","contentUrl":"https:\/\/www.legislapp.com.br\/wp-content\/uploads\/2021\/07\/Logo-Legislapp-1-03-1.png","width":2679,"height":2697},{"@type":"BreadcrumbList","@id":"https:\/\/www.legislapp.com.br\/index.php\/avulso-inicial-pl-3032-2025-camara\/#breadcrumb","itemListElement":[{"@type":"ListItem","position":1,"name":"In\u00edcio","item":"https:\/\/www.legislapp.com.br\/"},{"@type":"ListItem","position":2,"name":"Avulso Inicial &#8211; PL 3032\/2025 &#8211; C\u00e2mara"}]},{"@type":"WebSite","@id":"https:\/\/www.legislapp.com.br\/#website","url":"https:\/\/www.legislapp.com.br\/","name":"Legislapp","description":"Intelig\u00eancia governamental em tempo real","publisher":{"@id":"https:\/\/www.legislapp.com.br\/#organization"},"potentialAction":[{"@type":"SearchAction","target":{"@type":"EntryPoint","urlTemplate":"https:\/\/www.legislapp.com.br\/?s={search_term_string}"},"query-input":{"@type":"PropertyValueSpecification","valueRequired":true,"valueName":"search_term_string"}}],"inLanguage":"pt-BR"},{"@type":"Organization","@id":"https:\/\/www.legislapp.com.br\/#organization","name":"Legislapp Monitoramento e Intelig\u00eancia Governamental","url":"https:\/\/www.legislapp.com.br\/","logo":{"@type":"ImageObject","inLanguage":"pt-BR","@id":"https:\/\/www.legislapp.com.br\/#\/schema\/logo\/image\/","url":"https:\/\/www.legislapp.com.br\/wp-content\/uploads\/icon.png","contentUrl":"https:\/\/www.legislapp.com.br\/wp-content\/uploads\/icon.png","width":1024,"height":1024,"caption":"Legislapp Monitoramento e Intelig\u00eancia Governamental"},"image":{"@id":"https:\/\/www.legislapp.com.br\/#\/schema\/logo\/image\/"},"sameAs":["https:\/\/www.instagram.com\/legislapp\/"]}]}},"_links":{"self":[{"href":"https:\/\/www.legislapp.com.br\/index.php\/wp-json\/wp\/v2\/pages\/10878","targetHints":{"allow":["GET"]}}],"collection":[{"href":"https:\/\/www.legislapp.com.br\/index.php\/wp-json\/wp\/v2\/pages"}],"about":[{"href":"https:\/\/www.legislapp.com.br\/index.php\/wp-json\/wp\/v2\/types\/page"}],"author":[{"embeddable":true,"href":"https:\/\/www.legislapp.com.br\/index.php\/wp-json\/wp\/v2\/users\/1"}],"replies":[{"embeddable":true,"href":"https:\/\/www.legislapp.com.br\/index.php\/wp-json\/wp\/v2\/comments?post=10878"}],"version-history":[{"count":0,"href":"https:\/\/www.legislapp.com.br\/index.php\/wp-json\/wp\/v2\/pages\/10878\/revisions"}],"wp:attachment":[{"href":"https:\/\/www.legislapp.com.br\/index.php\/wp-json\/wp\/v2\/media?parent=10878"}],"curies":[{"name":"wp","href":"https:\/\/api.w.org\/{rel}","templated":true}]}}