{"id":10901,"date":"2025-12-01T11:45:07","date_gmt":"2025-12-01T14:45:07","guid":{"rendered":"https:\/\/www.legislapp.com.br\/index.php\/avulso-inicial-pl-6482-2013-camara\/"},"modified":"2025-12-01T11:45:07","modified_gmt":"2025-12-01T14:45:07","slug":"avulso-inicial-pl-6482-2013-camara","status":"publish","type":"page","link":"https:\/\/www.legislapp.com.br\/index.php\/avulso-inicial-pl-6482-2013-camara\/","title":{"rendered":"Avulso Inicial &#8211; PL 6482\/2013 &#8211; C\u00e2mara"},"content":{"rendered":"<h1 style='text-align: center;'>Avulso Inicial &#8211; Autoria de Francisco Ten\u00f3rio<\/h3>\n<p><\/p>\n<article>\nPROJETO DE LEI N.              DE 2013<br \/>\n(Do Sr. Deputado Francisco Ten\u00f3rio)<br \/>\nAltera o art. 8\u00ba da Lei n\u00ba 9.250, de 26<br \/>\nde dezembro de 1995, para permitir<br \/>\naos aposentados, pensionistas,<br \/>\nmilitares da reserva ou reformados, a<br \/>\ndedu\u00e7\u00e3o das despesas com<br \/>\nmedicamentos da base de c\u00e1lculo do<br \/>\nimposto de renda da pessoa f\u00edsica.<br \/>\n                       O Congresso Nacional decreta:<br \/>\nArt. 1\u00ba  Esta Lei altera o art. 8\u00ba da Lei n\u00ba 9.250, de 26 de<br \/>\ndezembro de 1995, para permitir aos aposentados, pensionistas, militares da<br \/>\nreserva ou reformados, a dedu\u00e7\u00e3o das despesas com medicamentos da base<br \/>\nde c\u00e1lculo do imposto de renda da pessoa f\u00edsica.<br \/>\nArt. 2\u00ba  O inciso II do artigo 8\u00ba da Lei n\u00ba 9.250, de 26 de<br \/>\ndezembro de 1995, passa a vigorar  acrescido da al\u00ednea \u201ch\u201d, com a seguinte<br \/>\nreda\u00e7\u00e3o:<br \/>\n\u201cArt. 8\u00ba &#8230;&#8230;&#8230;&#8230;&#8230;&#8230;&#8230;&#8230;&#8230;&#8230;&#8230;&#8230;&#8230;&#8230;&#8230;&#8230;&#8230;&#8230;&#8230;&#8230;<br \/>\n&#8230;&#8230;&#8230;&#8230;&#8230;&#8230;&#8230;&#8230;&#8230;&#8230;&#8230;&#8230;&#8230;&#8230;&#8230;&#8230;&#8230;&#8230;&#8230;&#8230;&#8230;&#8230;&#8230;&#8230;&#8230;&#8230;&#8230;&#8230;&#8230;&#8230;&#8230;.<br \/>\nII &#8211; &#8230;&#8230;&#8230;&#8230;&#8230;&#8230;&#8230;&#8230;&#8230;&#8230;&#8230;&#8230;&#8230;&#8230;&#8230;&#8230;&#8230;&#8230;&#8230;&#8230;&#8230;&#8230;.<br \/>\n&#8230;&#8230;&#8230;&#8230;&#8230;&#8230;&#8230;&#8230;&#8230;&#8230;&#8230;&#8230;&#8230;&#8230;&#8230;&#8230;&#8230;&#8230;&#8230;&#8230;&#8230;&#8230;&#8230;&#8230;&#8230;&#8230;&#8230;&#8230;.<br \/>\nh) aos pagamentos efetuados no ano-<br \/>\ncalend\u00e1rio, por aposentado, pensionista, militar da<br \/>\nreserva ou reformado, relativos a medicamentos<br \/>\npara uso pr\u00f3prio e para seus dependentes, desde<br \/>\nque comprovados por receita m\u00e9dica e nota fiscal.<br \/>\n(NR)\u201d                                                                                   <br \/>Art. 3\u00ba  O Poder Executivo, com vistas ao cumprimento do<br \/>\ndisposto nos arts. 5\u00ba, II, 12 e 14, da Lei Complementar n\u00ba 101, de 4 de maio de<br \/>\n2000, estimar\u00e1 o montante da renuncia fiscal decorrente do disposto nesta Lei<br \/>\ne o incluir\u00e1 no demonstrativo a que se refere o \u00a7 6\u00ba do art. 165 da Constitui\u00e7\u00e3o<br \/>\nFederal, que acompanhar\u00e1 o projeto de lei or\u00e7ament\u00e1ria, cuja apresenta\u00e7\u00e3o se<br \/>\nder ap\u00f3s decorridos sessenta dias da publica\u00e7\u00e3o desta Lei.<br \/>\nPar\u00e1grafo \u00fanico \u2013 A permiss\u00e3o para dedu\u00e7\u00e3o de que trata<br \/>\nesta Lei s\u00f3 produzir\u00e1 efeito a partir de 1\u00ba de janeiro do ano subsequente \u00e0quele<br \/>\nem que for implementado o disposto no art. 2\u00ba.<br \/>\nArt. 4\u00ba  Esta Lei entra em vigor na data de sua publica\u00e7\u00e3o.<br \/>\nJUSTIFICA\u00c7\u00c3O<br \/>\nA Carta Magna de 1988, inteligentemente prev\u00ea, no seu<br \/>\nart. 196, que a sa\u00fade \u00e9 direito de todos e dever do Estado garantido mediante<br \/>\npol\u00edticas sociais e econ\u00f4micas que visem \u00e0 redu\u00e7\u00e3o do risco de doen\u00e7a e de<br \/>\noutros agravos e ao acesso universal e igualit\u00e1rio \u00e0s a\u00e7\u00f5es e servi\u00e7os para sua<br \/>\npromo\u00e7\u00e3o, prote\u00e7\u00e3o e recupera\u00e7\u00e3o.<br \/>\nNeste eminente racioc\u00ednio, esta proposi\u00e7\u00e3o legislativa visa<br \/>\nconsertar uma excessiva inconsist\u00eancia da legisla\u00e7\u00e3o que trata do imposto de<br \/>\nrenda, no af\u00e3 de fazer prosperar a justi\u00e7a aos aposentados, pensionistas,<br \/>\nmilitares da reserva e reformados.<br \/>\n\u00c9 p\u00fablico e not\u00f3rio, o abandono e o desprezo com que<br \/>\ns\u00e3o tratados os aposentados em geral, principalmente no Brasil, mormente em<br \/>\nrela\u00e7\u00e3o \u00e0 sa\u00fade, cuja essencialidade \u00e9 incontest\u00e1vel, todavia, \u00e9 nesta fase da<br \/>\nvida em que surgem os mais diversos problemas de sa\u00fade, causando s\u00e9rios<br \/>\ntranstornos ao bolso do aposentado, face \u00e0s despesas com medicamentos,<br \/>\npara uso pr\u00f3prio e de seus dependentes, sendo desnecess\u00e1rio lembrar, que o<br \/>\npre\u00e7o dos medicamentos vem crescendo acima da infla\u00e7\u00e3o oficial.<br \/>\nAtualmente a medicina acena com a utiliza\u00e7\u00e3o de \u201chome<br \/>\ncare\u201d servi\u00e7o t\u00e9cnico para promover, manter e\/ou restaurar a sa\u00fade,<br \/>\nmaximizando o n\u00edvel de independ\u00eancia do paciente, enquanto minimiza os<br \/>\nefeitos debilitantes das v\u00e1rias patologias e condi\u00e7\u00f5es que gerencia em <br \/>ambiente extra-hospitalar, cujas despesas com medicamentos, geralmente s\u00e3o<br \/>\nde grande soma.<br \/>\nVale ressaltar, que no caso dos pacientes internados em<br \/>\ninstitui\u00e7\u00e3o hospitalar, as despesas com os medicamentos ali administrados,<br \/>\npoder\u00e3o ser deduzidos no imposto de renda, mediante nota fiscal expedida<br \/>\npela unidade hospitalar, enquanto, que, o paciente tratado fora do referido<br \/>\nnosoc\u00f4mio a legisla\u00e7\u00e3o atual n\u00e3o recepciona a dedu\u00e7\u00e3o de despesas com<br \/>\nmedicamentos.<br \/>\nDesta a forma, o aposentado que tanto contribuiu para o<br \/>\nprogresso deste Pa\u00eds e, continua a colaborar de forma incisiva, como veremos<br \/>\nmais adiante, permanece no esquecimento quanto \u00e0 sua sobreviv\u00eancia durante<br \/>\nos \u00faltimos anos de vida que lhe restam, pois o Sistema \u00danico de Sa\u00fade \u2013 SUS,<br \/>\nn\u00e3o condiz com as suas necessidades e, al\u00e9m do mais, as despesas com<br \/>\nmedicamentos s\u00e3o gigantescas, achatando os sal\u00e1rios e acarretando<br \/>\ndificuldades em cuidar da sua sa\u00fade, trazendo consequ\u00eancias irremedi\u00e1veis<br \/>\npara a classe dos aposentados.<br \/>\n\u00c9 pertinente lembrar que uma quantidade enorme de<br \/>\naposentados contribuem de forma obrigat\u00f3ria para a previd\u00eancia social,<br \/>\nconfigurando um ato ultrajante e inconstitucional do Governo, bem como,<br \/>\nflagrante caso de injusti\u00e7a social, porque os aposentados n\u00e3o s\u00e3o respons\u00e1veis<br \/>\npelo d\u00e9ficit no caixa da previd\u00eancia p\u00fablica. O Desequil\u00edbrio do caixa tem<br \/>\noutros respons\u00e1veis j\u00e1 apontados na lista de grandes devedores. Ou no uso de<br \/>\npoupan\u00e7a previdenci\u00e1ria para executar obras fara\u00f4nicas desde meados do<br \/>\ns\u00e9culo passado (Constru\u00e7\u00e3o de Bras\u00edlia, Transamaz\u00f4nica, Ponte Rio-Niter\u00f3i,<br \/>\nentre outras). Ou mais recentemente, para garantir super\u00e1vits fiscais e pagar<br \/>\njuros da d\u00edvida.<br \/>\nContextualizando o tema, \u00e9 importante lembrar que \u00e9<br \/>\nimposs\u00edvel se dissociar o aposentado do idoso, pois se encontram no mesmo<br \/>\nn\u00edvel em rela\u00e7\u00e3o \u00e0 idade, sendo de fundamental import\u00e2ncia citar que a<br \/>\nOrganiza\u00e7\u00e3o das Na\u00e7\u00f5es Unidas (ONU) estabeleceu em 1991 os princ\u00edpios<br \/>\npara as pessoas idosas, estimulando os Governos a inclu\u00ed-los em seus<br \/>\nprogramas para assegurar dignidade a esses indiv\u00edduos, inserindo em primeiro<br \/>\nplano aten\u00e7\u00e3o \u00e0 sa\u00fade.<br \/>\nOs medicamentos tem representado um dos itens mais<br \/>\nimportantes da aten\u00e7\u00e3o \u00e0 sa\u00fade do idoso. Pessoas idosas tendem a usar mais<br \/>\nprodutos farmac\u00eauticos e apresentam particularidades farmacocin\u00e9ticas e <br \/>farmacodin\u00e2micas que as tornam particularmente vulner\u00e1veis a efeitos<br \/>\ndiversos.<br \/>\nOs aposentados s\u00e3o, possivelmente, o grupo et\u00e1rio mais<br \/>\nmedicalizado na sociedade, devido ao aumento da preval\u00eancia de doen\u00e7as<br \/>\ncr\u00f4nicas que surgem com a idade, motivo pelo qual, \u00e9 a classe que mais gasta<br \/>\ncom medicamentos.<br \/>\nOra, se assiste o direito ao indiv\u00edduo deduzir no imposto<br \/>\nde renda (pessoa f\u00edsica) despesas com medicamento em raz\u00e3o de<br \/>\ninternamento hospitalar, independentemente de qualquer condi\u00e7\u00e3o, porque n\u00e3o<br \/>\nestender esse direito aos aposentados, pensionistas e militares da reserva ou<br \/>\nreformados, de forma mais abrangente, ou seja, permitindo a dedu\u00e7\u00e3o<br \/>\nindependentemente de interna\u00e7\u00e3o nosoc\u00f4mial, utilizando como meio probat\u00f3rio<br \/>\na competente nota fiscal expedida pelos \u00f3rg\u00e3os afins.<br \/>\nCom muita propriedade, discorreu o eminente Deputado<br \/>\nFederal Amauri Teixeira \u2013 PT\/BA, em seu venturoso discurso, na C\u00e2mara de<br \/>\nDeputados, em 11 de mar\u00e7o de 2011:<br \/>\n\u201cAntes de ter responsabilidade fiscal, temos de<br \/>\nter responsabilidade social e a sa\u00fade \u00e9 uma das<br \/>\nnecessidades mais prementes da pessoa humana. N\u00e3o<br \/>\nse pode impedir o acesso \u00e0 sa\u00fade por uma quest\u00e3o<br \/>\nmeramente fiscal.\u201d<br \/>\nAs distor\u00e7\u00f5es tribut\u00e1rias do pa\u00eds prejudicam a classe<br \/>\nm\u00e9dia, incluindo, ent\u00e3o, o aposentado que contribui com mais impostos do que<br \/>\nos bancos. Segundo o especialista Jo\u00e3o Eloi Ozenike, presidente do Instituto<br \/>\nBrasileiro de Planejamento Tribut\u00e1rio (IBPT):<br \/>\n\u201cOs dados mostram a op\u00e7\u00e3o equivocada do<br \/>\ngoverno brasileiro de tributar a renda em vez das<br \/>\nriquezas e do patrim\u00f4nio.\u201d<br \/>\nCumpre, ainda, pontuar que os aposentados,<br \/>\npensionistas, militares da reserva e reformados, s\u00e3o hoje as categorias mais<br \/>\ninjusti\u00e7adas do pa\u00eds, pois sofrem com o preconceito social, o descaso de<br \/>\nimportantes setores do Governo, al\u00e9m do achatamento salarial, causado entre<br \/>\noutros motivos, pela nociva taxa\u00e7\u00e3o dos inativos pela previd\u00eancia social e, que,<br \/>\ndiga-se de passagem, sem registro de qualquer benef\u00edcio em prol do destas <br \/>categorias, com isso, acarretando imensur\u00e1vel preju\u00edzo e tamanha injusti\u00e7a<br \/>\nsocial.<br \/>\nPortanto, nobres colegas Parlamentares, o momento<br \/>\nexige provid\u00eancias urgentes, na repara\u00e7\u00e3o de uma pol\u00edtica social que dignifique<br \/>\nas classes supracitadas, as quais continuam contribuindo de forma efetiva com<br \/>\no nosso pa\u00eds, mesmo se aproximando ao fim de sua jornada neste planeta e,<br \/>\nsob- hip\u00f3tese alguma devem ser abandonados \u00e0 sua pr\u00f3pria sorte, muito pelo<br \/>\ncontr\u00e1rio, precisamos fazer uma reflex\u00e3o verdadeira, desnudada de<br \/>\nsubmiss\u00f5es ou paix\u00f5es, priorizando melhor qualidade de vida para estas<br \/>\ncategorias t\u00e3o carentes de justi\u00e7a social.<br \/>\nAssim sendo, \u00e9 salutar que os aposentados, pensionistas,<br \/>\nmilitares da reserva ou reformados sejam contemplados neste Projeto de Lei,<br \/>\ncom a dedu\u00e7\u00e3o no Imposto de Renda (pessoa f\u00edsica), das despesas eventuais<br \/>\ncom medicamentos de uso pr\u00f3prio e\/ou de seus dependentes, fato que sem<br \/>\nd\u00favida alguma, ir\u00e1 minimizar a sua situa\u00e7\u00e3o financeira, como contribuir\u00e1 com<br \/>\numa melhor qualidade de vida, elevando-se o grau de cuidados com a sua<br \/>\nsa\u00fade e de seus familiares.<br \/>\nNa certeza de que o Projeto de Lei, em tela, traduz o<br \/>\nfulgor da justi\u00e7a, \u00e0 categoria dos aposentados, pensionistas, militares da<br \/>\nreserva e reformados do Brasil, presumimos contar com o especial apoio dos<br \/>\nilustres parlamentares para a aprova\u00e7\u00e3o c\u00e9lere da mat\u00e9ria. <\/p>\n<p>Sala das sess\u00f5es, em         de outubro de 2013. <\/p>\n<p>Deputado FRANCISCO TEN\u00d3RIO <\/p>\n<\/article>\n<p><a href='https:\/\/app.legislapp.com.br\/#\/busca?termo=Altera\u00e7\u00e3o'>Altera\u00e7\u00e3o<\/a>, <a href='https:\/\/app.legislapp.com.br\/#\/busca?termo=Legisla\u00e7\u00e3o Tribut\u00e1ria  Federal'>Legisla\u00e7\u00e3o Tribut\u00e1ria  Federal<\/a>, <a href='https:\/\/app.legislapp.com.br\/#\/busca?termo='><\/a>, <a href='https:\/\/app.legislapp.com.br\/#\/busca?termo=aposentado'>aposentado<\/a>, <a href='https:\/\/app.legislapp.com.br\/#\/busca?termo=pensionista'>pensionista<\/a>, <a href='https:\/\/app.legislapp.com.br\/#\/busca?termo=militar da reserva'>militar da reserva<\/a>, <a href='https:\/\/app.legislapp.com.br\/#\/busca?termo=dedu\u00e7\u00e3o'>dedu\u00e7\u00e3o<\/a>, <a href='https:\/\/app.legislapp.com.br\/#\/busca?termo=despesa'>despesa<\/a>, <a href='https:\/\/app.legislapp.com.br\/#\/busca?termo=medicamento'>medicamento<\/a>, <a href='https:\/\/app.legislapp.com.br\/#\/busca?termo=Imposto sobre a Renda da Pessoa F\u00edsica (IRPF)'>Imposto sobre a Renda da Pessoa F\u00edsica (IRPF)<\/a>, <a href='https:\/\/app.legislapp.com.br\/#\/busca?termo=tributa\u00e7\u00e3o'>tributa\u00e7\u00e3o<\/a>, <a href='https:\/\/app.legislapp.com.br\/#\/busca?termo=benef\u00edcio fiscal.'>benef\u00edcio fiscal.<\/a><\/p>\n<div style=\"text-align: center\">\n      <img decoding=\"async\" style=\"width: 14%;\" src=\"https:\/\/www.legislapp.com.br\/wp-content\/uploads\/2021\/07\/Logo-Legislapp-1-03-1.png\"><br \/>\n      <\/p>\n<div style=\"margin-bottom: 20px;\" class=\"et_pb_button_module_wrapper et_pb_button_5_tb_body_wrapper et_pb_button_alignment_center et_pb_module \">\n         <a class=\"et_pb_button et_pb_button_5_tb_body et_hover_enabled et_pb_bg_layout_dark\" style=\"width: 50%;background-color: black;\" href=\"https:\/\/app.legislapp.com.br\" target=\"_blank\" rel=\"noopener\">Visualizar completo na nossa plataforma (30 dias gr\u00e1tis)<\/a><\/p><\/div>\n<p>      <a href=\"https:\/\/play.google.com\/store\/apps\/details?id=br.com.legislapp\"><img decoding=\"async\" style=\"width: 15%; min-width: 130px;\" src=\"https:\/\/www.legislapp.com.br\/wp-content\/uploads\/google-play.png\"><\/a><br \/>\n      <a href=\"https:\/\/apps.apple.com\/us\/app\/legislapp\/id1568929859\"><img decoding=\"async\" style=\"width: 15%; min-width: 130px\" src=\"https:\/\/www.legislapp.com.br\/wp-content\/uploads\/apple-store.png\"><\/a>\n   <\/div>\n","protected":false},"excerpt":{"rendered":"<p>Avulso Inicial &#8211; Autoria de Francisco Ten\u00f3rio PROJETO DE LEI N. DE 2013 (Do Sr. Deputado Francisco Ten\u00f3rio) Altera o art. 8\u00ba da Lei n\u00ba 9.250, de 26 de dezembro de 1995, para permitir aos aposentados, pensionistas, militares da reserva ou reformados, a dedu\u00e7\u00e3o das despesas com medicamentos da base de c\u00e1lculo do imposto de [&hellip;]<\/p>\n","protected":false},"author":1,"featured_media":0,"parent":0,"menu_order":0,"comment_status":"closed","ping_status":"closed","template":"page-template-blank.php","meta":{"_et_pb_use_builder":"","_et_pb_old_content":"","_et_gb_content_width":"1080","ngg_post_thumbnail":0,"footnotes":""},"class_list":["post-10901","page","type-page","status-publish","hentry"],"yoast_head":"<!-- This site is optimized with the Yoast SEO plugin v24.4 - https:\/\/yoast.com\/wordpress\/plugins\/seo\/ -->\n<title>Avulso Inicial - PL 6482\/2013 - C\u00e2mara - Legislapp<\/title>\n<meta name=\"robots\" content=\"index, follow, max-snippet:-1, max-image-preview:large, max-video-preview:-1\" \/>\n<link rel=\"canonical\" href=\"https:\/\/www.legislapp.com.br\/index.php\/avulso-inicial-pl-6482-2013-camara\/\" \/>\n<meta property=\"og:locale\" content=\"pt_BR\" \/>\n<meta property=\"og:type\" content=\"article\" \/>\n<meta property=\"og:title\" content=\"Avulso Inicial - PL 6482\/2013 - C\u00e2mara - Legislapp\" \/>\n<meta property=\"og:description\" content=\"Avulso Inicial &#8211; Autoria de Francisco Ten\u00f3rio PROJETO DE LEI N. DE 2013 (Do Sr. Deputado Francisco Ten\u00f3rio) Altera o art. 8\u00ba da Lei n\u00ba 9.250, de 26 de dezembro de 1995, para permitir aos aposentados, pensionistas, militares da reserva ou reformados, a dedu\u00e7\u00e3o das despesas com medicamentos da base de c\u00e1lculo do imposto de [&hellip;]\" \/>\n<meta property=\"og:url\" content=\"https:\/\/www.legislapp.com.br\/index.php\/avulso-inicial-pl-6482-2013-camara\/\" \/>\n<meta property=\"og:site_name\" content=\"Legislapp\" \/>\n<meta property=\"article:publisher\" content=\"https:\/\/www.instagram.com\/legislapp\/\" \/>\n<meta property=\"og:image\" content=\"https:\/\/www.legislapp.com.br\/wp-content\/uploads\/2021\/07\/Logo-Legislapp-1-03-1.png\" \/>\n<meta name=\"twitter:card\" content=\"summary_large_image\" \/>\n<meta name=\"twitter:label1\" content=\"Est. tempo de leitura\" \/>\n\t<meta name=\"twitter:data1\" content=\"8 minutos\" \/>\n<script type=\"application\/ld+json\" class=\"yoast-schema-graph\">{\"@context\":\"https:\/\/schema.org\",\"@graph\":[{\"@type\":\"WebPage\",\"@id\":\"https:\/\/www.legislapp.com.br\/index.php\/avulso-inicial-pl-6482-2013-camara\/\",\"url\":\"https:\/\/www.legislapp.com.br\/index.php\/avulso-inicial-pl-6482-2013-camara\/\",\"name\":\"Avulso Inicial - PL 6482\/2013 - C\u00e2mara - Legislapp\",\"isPartOf\":{\"@id\":\"https:\/\/www.legislapp.com.br\/#website\"},\"primaryImageOfPage\":{\"@id\":\"https:\/\/www.legislapp.com.br\/index.php\/avulso-inicial-pl-6482-2013-camara\/#primaryimage\"},\"image\":{\"@id\":\"https:\/\/www.legislapp.com.br\/index.php\/avulso-inicial-pl-6482-2013-camara\/#primaryimage\"},\"thumbnailUrl\":\"https:\/\/www.legislapp.com.br\/wp-content\/uploads\/2021\/07\/Logo-Legislapp-1-03-1.png\",\"datePublished\":\"2025-12-01T14:45:07+00:00\",\"breadcrumb\":{\"@id\":\"https:\/\/www.legislapp.com.br\/index.php\/avulso-inicial-pl-6482-2013-camara\/#breadcrumb\"},\"inLanguage\":\"pt-BR\",\"potentialAction\":[{\"@type\":\"ReadAction\",\"target\":[\"https:\/\/www.legislapp.com.br\/index.php\/avulso-inicial-pl-6482-2013-camara\/\"]}]},{\"@type\":\"ImageObject\",\"inLanguage\":\"pt-BR\",\"@id\":\"https:\/\/www.legislapp.com.br\/index.php\/avulso-inicial-pl-6482-2013-camara\/#primaryimage\",\"url\":\"https:\/\/www.legislapp.com.br\/wp-content\/uploads\/2021\/07\/Logo-Legislapp-1-03-1.png\",\"contentUrl\":\"https:\/\/www.legislapp.com.br\/wp-content\/uploads\/2021\/07\/Logo-Legislapp-1-03-1.png\",\"width\":2679,\"height\":2697},{\"@type\":\"BreadcrumbList\",\"@id\":\"https:\/\/www.legislapp.com.br\/index.php\/avulso-inicial-pl-6482-2013-camara\/#breadcrumb\",\"itemListElement\":[{\"@type\":\"ListItem\",\"position\":1,\"name\":\"In\u00edcio\",\"item\":\"https:\/\/www.legislapp.com.br\/\"},{\"@type\":\"ListItem\",\"position\":2,\"name\":\"Avulso Inicial &#8211; PL 6482\/2013 &#8211; C\u00e2mara\"}]},{\"@type\":\"WebSite\",\"@id\":\"https:\/\/www.legislapp.com.br\/#website\",\"url\":\"https:\/\/www.legislapp.com.br\/\",\"name\":\"Legislapp\",\"description\":\"Intelig\u00eancia governamental em tempo real\",\"publisher\":{\"@id\":\"https:\/\/www.legislapp.com.br\/#organization\"},\"potentialAction\":[{\"@type\":\"SearchAction\",\"target\":{\"@type\":\"EntryPoint\",\"urlTemplate\":\"https:\/\/www.legislapp.com.br\/?s={search_term_string}\"},\"query-input\":{\"@type\":\"PropertyValueSpecification\",\"valueRequired\":true,\"valueName\":\"search_term_string\"}}],\"inLanguage\":\"pt-BR\"},{\"@type\":\"Organization\",\"@id\":\"https:\/\/www.legislapp.com.br\/#organization\",\"name\":\"Legislapp Monitoramento e Intelig\u00eancia Governamental\",\"url\":\"https:\/\/www.legislapp.com.br\/\",\"logo\":{\"@type\":\"ImageObject\",\"inLanguage\":\"pt-BR\",\"@id\":\"https:\/\/www.legislapp.com.br\/#\/schema\/logo\/image\/\",\"url\":\"https:\/\/www.legislapp.com.br\/wp-content\/uploads\/icon.png\",\"contentUrl\":\"https:\/\/www.legislapp.com.br\/wp-content\/uploads\/icon.png\",\"width\":1024,\"height\":1024,\"caption\":\"Legislapp Monitoramento e Intelig\u00eancia Governamental\"},\"image\":{\"@id\":\"https:\/\/www.legislapp.com.br\/#\/schema\/logo\/image\/\"},\"sameAs\":[\"https:\/\/www.instagram.com\/legislapp\/\"]}]}<\/script>\n<!-- \/ Yoast SEO plugin. -->","yoast_head_json":{"title":"Avulso Inicial - PL 6482\/2013 - C\u00e2mara - Legislapp","robots":{"index":"index","follow":"follow","max-snippet":"max-snippet:-1","max-image-preview":"max-image-preview:large","max-video-preview":"max-video-preview:-1"},"canonical":"https:\/\/www.legislapp.com.br\/index.php\/avulso-inicial-pl-6482-2013-camara\/","og_locale":"pt_BR","og_type":"article","og_title":"Avulso Inicial - PL 6482\/2013 - C\u00e2mara - Legislapp","og_description":"Avulso Inicial &#8211; Autoria de Francisco Ten\u00f3rio PROJETO DE LEI N. DE 2013 (Do Sr. Deputado Francisco Ten\u00f3rio) Altera o art. 8\u00ba da Lei n\u00ba 9.250, de 26 de dezembro de 1995, para permitir aos aposentados, pensionistas, militares da reserva ou reformados, a dedu\u00e7\u00e3o das despesas com medicamentos da base de c\u00e1lculo do imposto de [&hellip;]","og_url":"https:\/\/www.legislapp.com.br\/index.php\/avulso-inicial-pl-6482-2013-camara\/","og_site_name":"Legislapp","article_publisher":"https:\/\/www.instagram.com\/legislapp\/","og_image":[{"url":"https:\/\/www.legislapp.com.br\/wp-content\/uploads\/2021\/07\/Logo-Legislapp-1-03-1.png","type":"","width":"","height":""}],"twitter_card":"summary_large_image","twitter_misc":{"Est. tempo de leitura":"8 minutos"},"schema":{"@context":"https:\/\/schema.org","@graph":[{"@type":"WebPage","@id":"https:\/\/www.legislapp.com.br\/index.php\/avulso-inicial-pl-6482-2013-camara\/","url":"https:\/\/www.legislapp.com.br\/index.php\/avulso-inicial-pl-6482-2013-camara\/","name":"Avulso Inicial - PL 6482\/2013 - C\u00e2mara - Legislapp","isPartOf":{"@id":"https:\/\/www.legislapp.com.br\/#website"},"primaryImageOfPage":{"@id":"https:\/\/www.legislapp.com.br\/index.php\/avulso-inicial-pl-6482-2013-camara\/#primaryimage"},"image":{"@id":"https:\/\/www.legislapp.com.br\/index.php\/avulso-inicial-pl-6482-2013-camara\/#primaryimage"},"thumbnailUrl":"https:\/\/www.legislapp.com.br\/wp-content\/uploads\/2021\/07\/Logo-Legislapp-1-03-1.png","datePublished":"2025-12-01T14:45:07+00:00","breadcrumb":{"@id":"https:\/\/www.legislapp.com.br\/index.php\/avulso-inicial-pl-6482-2013-camara\/#breadcrumb"},"inLanguage":"pt-BR","potentialAction":[{"@type":"ReadAction","target":["https:\/\/www.legislapp.com.br\/index.php\/avulso-inicial-pl-6482-2013-camara\/"]}]},{"@type":"ImageObject","inLanguage":"pt-BR","@id":"https:\/\/www.legislapp.com.br\/index.php\/avulso-inicial-pl-6482-2013-camara\/#primaryimage","url":"https:\/\/www.legislapp.com.br\/wp-content\/uploads\/2021\/07\/Logo-Legislapp-1-03-1.png","contentUrl":"https:\/\/www.legislapp.com.br\/wp-content\/uploads\/2021\/07\/Logo-Legislapp-1-03-1.png","width":2679,"height":2697},{"@type":"BreadcrumbList","@id":"https:\/\/www.legislapp.com.br\/index.php\/avulso-inicial-pl-6482-2013-camara\/#breadcrumb","itemListElement":[{"@type":"ListItem","position":1,"name":"In\u00edcio","item":"https:\/\/www.legislapp.com.br\/"},{"@type":"ListItem","position":2,"name":"Avulso Inicial &#8211; PL 6482\/2013 &#8211; C\u00e2mara"}]},{"@type":"WebSite","@id":"https:\/\/www.legislapp.com.br\/#website","url":"https:\/\/www.legislapp.com.br\/","name":"Legislapp","description":"Intelig\u00eancia governamental em tempo real","publisher":{"@id":"https:\/\/www.legislapp.com.br\/#organization"},"potentialAction":[{"@type":"SearchAction","target":{"@type":"EntryPoint","urlTemplate":"https:\/\/www.legislapp.com.br\/?s={search_term_string}"},"query-input":{"@type":"PropertyValueSpecification","valueRequired":true,"valueName":"search_term_string"}}],"inLanguage":"pt-BR"},{"@type":"Organization","@id":"https:\/\/www.legislapp.com.br\/#organization","name":"Legislapp Monitoramento e Intelig\u00eancia Governamental","url":"https:\/\/www.legislapp.com.br\/","logo":{"@type":"ImageObject","inLanguage":"pt-BR","@id":"https:\/\/www.legislapp.com.br\/#\/schema\/logo\/image\/","url":"https:\/\/www.legislapp.com.br\/wp-content\/uploads\/icon.png","contentUrl":"https:\/\/www.legislapp.com.br\/wp-content\/uploads\/icon.png","width":1024,"height":1024,"caption":"Legislapp Monitoramento e Intelig\u00eancia Governamental"},"image":{"@id":"https:\/\/www.legislapp.com.br\/#\/schema\/logo\/image\/"},"sameAs":["https:\/\/www.instagram.com\/legislapp\/"]}]}},"_links":{"self":[{"href":"https:\/\/www.legislapp.com.br\/index.php\/wp-json\/wp\/v2\/pages\/10901","targetHints":{"allow":["GET"]}}],"collection":[{"href":"https:\/\/www.legislapp.com.br\/index.php\/wp-json\/wp\/v2\/pages"}],"about":[{"href":"https:\/\/www.legislapp.com.br\/index.php\/wp-json\/wp\/v2\/types\/page"}],"author":[{"embeddable":true,"href":"https:\/\/www.legislapp.com.br\/index.php\/wp-json\/wp\/v2\/users\/1"}],"replies":[{"embeddable":true,"href":"https:\/\/www.legislapp.com.br\/index.php\/wp-json\/wp\/v2\/comments?post=10901"}],"version-history":[{"count":0,"href":"https:\/\/www.legislapp.com.br\/index.php\/wp-json\/wp\/v2\/pages\/10901\/revisions"}],"wp:attachment":[{"href":"https:\/\/www.legislapp.com.br\/index.php\/wp-json\/wp\/v2\/media?parent=10901"}],"curies":[{"name":"wp","href":"https:\/\/api.w.org\/{rel}","templated":true}]}}