{"id":10911,"date":"2025-12-01T11:45:39","date_gmt":"2025-12-01T14:45:39","guid":{"rendered":"https:\/\/www.legislapp.com.br\/index.php\/avulso-inicial-pl-272-2011-camara\/"},"modified":"2025-12-01T11:45:39","modified_gmt":"2025-12-01T14:45:39","slug":"avulso-inicial-pl-272-2011-camara","status":"publish","type":"page","link":"https:\/\/www.legislapp.com.br\/index.php\/avulso-inicial-pl-272-2011-camara\/","title":{"rendered":"Avulso Inicial &#8211; PL 272\/2011 &#8211; C\u00e2mara"},"content":{"rendered":"<h1 style='text-align: center;'>Avulso Inicial &#8211; Autoria de Assis Melo<\/h3>\n<p><\/p>\n<article>\nC\u00c2MARA DOS DEPUTADOS<br \/>\nGABINETE DO DEPUTADO ASSIS MELO  <\/p>\n<p>PROJETO DE LEI N\u00ba DE 2011.<br \/>\n(Do Sr. Assis Melo)<br \/>\nInclui os gastos com profissionais da<br \/>\nenfermagem entre as despesas m\u00e9dicas<br \/>\ndedut\u00edveis do imposto de renda da pessoa<br \/>\nf\u00edsica.<br \/>\nO Congresso Nacional decreta:<br \/>\nArt. 1\u00ba A al\u00ednea \u201ca\u201d do inciso II do art. 8\u00ba da Lei 9.250, de<br \/>\n1995, passa a vigorar com a seguinte reda\u00e7\u00e3o:  <\/p>\n<p>\u201cArt.8\u00ba&#8230;&#8230;&#8230;&#8230;&#8230;&#8230;&#8230;&#8230;&#8230;&#8230;&#8230;&#8230;&#8230;&#8230;&#8230;&#8230;&#8230;&#8230;&#8230;&#8230;&#8230;&#8230;&#8230;&#8230;..<br \/>\n&#8230;&#8230;&#8230;&#8230;&#8230;&#8230;&#8230;&#8230;&#8230;&#8230;&#8230;&#8230;&#8230;&#8230;&#8230;&#8230;&#8230;&#8230;&#8230;&#8230;&#8230;&#8230;&#8230;&#8230;&#8230;&#8230;&#8230;.<br \/>\nII &#8211; &#8230;&#8230;&#8230;&#8230;&#8230;&#8230;&#8230;&#8230;&#8230;&#8230;&#8230;&#8230;&#8230;&#8230;&#8230;&#8230;&#8230;&#8230;&#8230;&#8230;&#8230;&#8230;&#8230;&#8230;&#8230;..<br \/>\na) aos pagamentos efetuados, no ano-<br \/>\ncalend\u00e1rio, a m\u00e9dicos, enfermeiros, dentistas,<br \/>\npsic\u00f3logos, fisioterapeutas, fonoaudi\u00f3logos,<br \/>\nterapeutas ocupacionais e hospitais, bem como<br \/>\nas despesas com exames laboratoriais, servi\u00e7os<br \/>\nradi\u00f3logos, aparelhos ortop\u00e9dicos e pr\u00f3teses<br \/>\ndent\u00e1rias;<br \/>\n&#8230;&#8230;&#8230;&#8230;&#8230;&#8230;&#8230;&#8230;&#8230;&#8230;&#8230;&#8230;&#8230;&#8230;&#8230;&#8230;&#8230;&#8230;&#8230;&#8230;&#8230;&#8230;&#8230;&#8230;&#8230;\u201d(NR)<br \/>\nArt. 2\u00ba Esta lei entra em vigor na data de sua publica\u00e7\u00e3o,<br \/>\ncom efeitos a partir do primeiro dia do ano seguinte.  <\/p>\n<p> <br \/>\nJUSTIFICA\u00c7\u00c3O <\/p>\n<p>A legisla\u00e7\u00e3o tribut\u00e1ria, reconhecendo a atual<br \/>\nincapacidade do Estado no cumprimento eficiente do dever que lhe imp\u00f5e a<br \/>\nConstitui\u00e7\u00e3o, no que diz respeito \u00e0 garantia do direito \u00e0 sa\u00fade, em car\u00e1ter<br \/>\nuniversal, permite que o contribuinte pessoa f\u00edsica deduza de sua renda bruta,<br \/>\npara a determina\u00e7\u00e3o da base de c\u00e1lculo do imposto de renda, as despesas<br \/>\ncom \u201cm\u00e9dicos, dentistas, psic\u00f3logos, fisioterapeutas, fonoaudi\u00f3logos,<br \/>\nterapeutas ocupacionais e hospitais, bem como as despesas com exames<br \/>\nlaboratoriais, servi\u00e7os radiol\u00f3gicos, aparelhos ortop\u00e9dicos e pr\u00f3teses<br \/>\nortop\u00e9dicas e dent\u00e1rias\u201d (art. 8\u00ba, II, \u201ca\u201d, da Lei n\u00ba 9.250, de 1995).  <\/p>\n<p>Inexplic\u00e1vel a omiss\u00e3o do legislador quanto \u00e0<br \/>\nenfermagem, nesse dispositivo. Omiss\u00e3o que perpetra injusta e descabida<br \/>\ndiscrimina\u00e7\u00e3o contra essa categoria. Trata-se, com efeito, de profissionais a<br \/>\nquem a lei outorga compet\u00eancia para uma s\u00e9rie de procedimentos na \u00e1rea da<br \/>\nsa\u00fade, tais como a assist\u00eancia \u00e0s diversas necessidades do paciente (o<br \/>\nchamado \u201chome care\u201d), os primeiros socorros, a realiza\u00e7\u00e3o de consultas de<br \/>\nenfermagem (hist\u00f3rico, exame f\u00edsico, diagn\u00f3stico), a solicita\u00e7\u00e3o de exames e a<br \/>\ncoleta de material para exames laboratoriais. At\u00e9 mesmo procedimentos<br \/>\nrelacionados com atividades mais complexas, como a instala\u00e7\u00e3o e<br \/>\nacompanhamento de alguns tratamentos fisioter\u00e1picos, a prescri\u00e7\u00e3o e a<br \/>\naplica\u00e7\u00e3o de certos medicamentos ou ainda o acompanhamento de<br \/>\nhemodi\u00e1lise, situam-se no \u00e2mbito das atribui\u00e7\u00f5es do enfermeiro.  <\/p>\n<p>A discrimina\u00e7\u00e3o que ora se pretende corrigir estabeleceu,<br \/>\nportanto, uma situa\u00e7\u00e3o em que as despesas com certos procedimentos podem<br \/>\nou n\u00e3o ser deduzidas da base de c\u00e1lculo do imposto, dependendo da categoria<br \/>\nprofissional de quem os tiver realizado: quando a cargo de algum integrante<br \/>\ndas privilegiadas com o arrolamento expresso na lei, os gastos s\u00e3o dedut\u00edveis;<br \/>\nquando, no entanto, praticados por enfermeiros, os mesmos procedimentos<br \/>\nn\u00e3o se podem abater do imposto, em vista da aus\u00eancia de previs\u00e3o legal.<br \/>\n <br \/>A proposta que ora se submete para an\u00e1lise dessa Casa,<br \/>\nCongresso Nacional destina-se a corrigir essa discrimina\u00e7\u00e3o. Uma<br \/>\ndiscrimina\u00e7\u00e3o mais do que injusta, at\u00e9 mesmo atentat\u00f3ria aos princ\u00edpios da<br \/>\nigualdade e da liberdade de exerc\u00edcio profissional. Conclamo, portanto, os<br \/>\nilustres Parlamentares desta Casa a emprestarem o apoio indispens\u00e1vel \u00e0 sua<br \/>\naprova\u00e7\u00e3o.<br \/>\nSala das Sess\u00f5es, em         de                         de 2011. <\/p>\n<p>Deputado Assis Melo<br \/>\nPCdoB\/RS <\/p>\n<\/article>\n<p><a href='https:\/\/app.legislapp.com.br\/#\/busca?termo=Altera\u00e7\u00e3o'>Altera\u00e7\u00e3o<\/a>, <a href='https:\/\/app.legislapp.com.br\/#\/busca?termo=Legisla\u00e7\u00e3o Tibut\u00e1ria  Federal'>Legisla\u00e7\u00e3o Tibut\u00e1ria  Federal<\/a>, <a href='https:\/\/app.legislapp.com.br\/#\/busca?termo=inclus\u00e3o'>inclus\u00e3o<\/a>, <a href='https:\/\/app.legislapp.com.br\/#\/busca?termo=declara\u00e7\u00e3o de rendimento'>declara\u00e7\u00e3o de rendimento<\/a>, <a href='https:\/\/app.legislapp.com.br\/#\/busca?termo=dedu\u00e7\u00e3o'>dedu\u00e7\u00e3o<\/a>, <a href='https:\/\/app.legislapp.com.br\/#\/busca?termo=base de c\u00e1lculo'>base de c\u00e1lculo<\/a>, <a href='https:\/\/app.legislapp.com.br\/#\/busca?termo=Imposto sobre a Renda da Pessoa F\u00edsica (IRPF)'>Imposto sobre a Renda da Pessoa F\u00edsica (IRPF)<\/a>, <a href='https:\/\/app.legislapp.com.br\/#\/busca?termo=despesa'>despesa<\/a>, <a href='https:\/\/app.legislapp.com.br\/#\/busca?termo=assist\u00eancia de enfermagem'>assist\u00eancia de enfermagem<\/a>, <a href='https:\/\/app.legislapp.com.br\/#\/busca?termo=tributa\u00e7\u00e3o'>tributa\u00e7\u00e3o<\/a>, <a href='https:\/\/app.legislapp.com.br\/#\/busca?termo=benef\u00edcio fiscal.'>benef\u00edcio fiscal.<\/a><\/p>\n<div style=\"text-align: center\">\n      <img decoding=\"async\" style=\"width: 14%;\" src=\"https:\/\/www.legislapp.com.br\/wp-content\/uploads\/2021\/07\/Logo-Legislapp-1-03-1.png\"><br \/>\n      <\/p>\n<div style=\"margin-bottom: 20px;\" class=\"et_pb_button_module_wrapper et_pb_button_5_tb_body_wrapper et_pb_button_alignment_center et_pb_module \">\n         <a class=\"et_pb_button et_pb_button_5_tb_body et_hover_enabled et_pb_bg_layout_dark\" style=\"width: 50%;background-color: black;\" href=\"https:\/\/app.legislapp.com.br\" target=\"_blank\" rel=\"noopener\">Visualizar completo na nossa plataforma (30 dias gr\u00e1tis)<\/a><\/p><\/div>\n<p>      <a href=\"https:\/\/play.google.com\/store\/apps\/details?id=br.com.legislapp\"><img decoding=\"async\" style=\"width: 15%; min-width: 130px;\" src=\"https:\/\/www.legislapp.com.br\/wp-content\/uploads\/google-play.png\"><\/a><br \/>\n      <a href=\"https:\/\/apps.apple.com\/us\/app\/legislapp\/id1568929859\"><img decoding=\"async\" style=\"width: 15%; min-width: 130px\" src=\"https:\/\/www.legislapp.com.br\/wp-content\/uploads\/apple-store.png\"><\/a>\n   <\/div>\n","protected":false},"excerpt":{"rendered":"<p>Avulso Inicial &#8211; Autoria de Assis Melo C\u00c2MARA DOS DEPUTADOS GABINETE DO DEPUTADO ASSIS MELO PROJETO DE LEI N\u00ba DE 2011. (Do Sr. Assis Melo) Inclui os gastos com profissionais da enfermagem entre as despesas m\u00e9dicas dedut\u00edveis do imposto de renda da pessoa f\u00edsica. O Congresso Nacional decreta: Art. 1\u00ba A al\u00ednea \u201ca\u201d do inciso [&hellip;]<\/p>\n","protected":false},"author":1,"featured_media":0,"parent":0,"menu_order":0,"comment_status":"closed","ping_status":"closed","template":"page-template-blank.php","meta":{"_et_pb_use_builder":"","_et_pb_old_content":"","_et_gb_content_width":"1080","ngg_post_thumbnail":0,"footnotes":""},"class_list":["post-10911","page","type-page","status-publish","hentry"],"yoast_head":"<!-- This site is optimized with the Yoast SEO plugin v24.4 - https:\/\/yoast.com\/wordpress\/plugins\/seo\/ -->\n<title>Avulso Inicial - PL 272\/2011 - C\u00e2mara - Legislapp<\/title>\n<meta name=\"robots\" content=\"index, follow, max-snippet:-1, max-image-preview:large, max-video-preview:-1\" \/>\n<link rel=\"canonical\" href=\"https:\/\/www.legislapp.com.br\/index.php\/avulso-inicial-pl-272-2011-camara\/\" \/>\n<meta property=\"og:locale\" content=\"pt_BR\" \/>\n<meta property=\"og:type\" content=\"article\" \/>\n<meta property=\"og:title\" content=\"Avulso Inicial - PL 272\/2011 - C\u00e2mara - Legislapp\" \/>\n<meta property=\"og:description\" content=\"Avulso Inicial &#8211; Autoria de Assis Melo C\u00c2MARA DOS DEPUTADOS GABINETE DO DEPUTADO ASSIS MELO PROJETO DE LEI N\u00ba DE 2011. (Do Sr. Assis Melo) Inclui os gastos com profissionais da enfermagem entre as despesas m\u00e9dicas dedut\u00edveis do imposto de renda da pessoa f\u00edsica. O Congresso Nacional decreta: Art. 1\u00ba A al\u00ednea \u201ca\u201d do inciso [&hellip;]\" \/>\n<meta property=\"og:url\" content=\"https:\/\/www.legislapp.com.br\/index.php\/avulso-inicial-pl-272-2011-camara\/\" \/>\n<meta property=\"og:site_name\" content=\"Legislapp\" \/>\n<meta property=\"article:publisher\" content=\"https:\/\/www.instagram.com\/legislapp\/\" \/>\n<meta property=\"og:image\" content=\"https:\/\/www.legislapp.com.br\/wp-content\/uploads\/2021\/07\/Logo-Legislapp-1-03-1.png\" \/>\n<meta name=\"twitter:card\" content=\"summary_large_image\" \/>\n<meta name=\"twitter:label1\" content=\"Est. tempo de leitura\" \/>\n\t<meta name=\"twitter:data1\" content=\"3 minutos\" \/>\n<script type=\"application\/ld+json\" class=\"yoast-schema-graph\">{\"@context\":\"https:\/\/schema.org\",\"@graph\":[{\"@type\":\"WebPage\",\"@id\":\"https:\/\/www.legislapp.com.br\/index.php\/avulso-inicial-pl-272-2011-camara\/\",\"url\":\"https:\/\/www.legislapp.com.br\/index.php\/avulso-inicial-pl-272-2011-camara\/\",\"name\":\"Avulso Inicial - PL 272\/2011 - C\u00e2mara - Legislapp\",\"isPartOf\":{\"@id\":\"https:\/\/www.legislapp.com.br\/#website\"},\"primaryImageOfPage\":{\"@id\":\"https:\/\/www.legislapp.com.br\/index.php\/avulso-inicial-pl-272-2011-camara\/#primaryimage\"},\"image\":{\"@id\":\"https:\/\/www.legislapp.com.br\/index.php\/avulso-inicial-pl-272-2011-camara\/#primaryimage\"},\"thumbnailUrl\":\"https:\/\/www.legislapp.com.br\/wp-content\/uploads\/2021\/07\/Logo-Legislapp-1-03-1.png\",\"datePublished\":\"2025-12-01T14:45:39+00:00\",\"breadcrumb\":{\"@id\":\"https:\/\/www.legislapp.com.br\/index.php\/avulso-inicial-pl-272-2011-camara\/#breadcrumb\"},\"inLanguage\":\"pt-BR\",\"potentialAction\":[{\"@type\":\"ReadAction\",\"target\":[\"https:\/\/www.legislapp.com.br\/index.php\/avulso-inicial-pl-272-2011-camara\/\"]}]},{\"@type\":\"ImageObject\",\"inLanguage\":\"pt-BR\",\"@id\":\"https:\/\/www.legislapp.com.br\/index.php\/avulso-inicial-pl-272-2011-camara\/#primaryimage\",\"url\":\"https:\/\/www.legislapp.com.br\/wp-content\/uploads\/2021\/07\/Logo-Legislapp-1-03-1.png\",\"contentUrl\":\"https:\/\/www.legislapp.com.br\/wp-content\/uploads\/2021\/07\/Logo-Legislapp-1-03-1.png\",\"width\":2679,\"height\":2697},{\"@type\":\"BreadcrumbList\",\"@id\":\"https:\/\/www.legislapp.com.br\/index.php\/avulso-inicial-pl-272-2011-camara\/#breadcrumb\",\"itemListElement\":[{\"@type\":\"ListItem\",\"position\":1,\"name\":\"In\u00edcio\",\"item\":\"https:\/\/www.legislapp.com.br\/\"},{\"@type\":\"ListItem\",\"position\":2,\"name\":\"Avulso Inicial &#8211; PL 272\/2011 &#8211; C\u00e2mara\"}]},{\"@type\":\"WebSite\",\"@id\":\"https:\/\/www.legislapp.com.br\/#website\",\"url\":\"https:\/\/www.legislapp.com.br\/\",\"name\":\"Legislapp\",\"description\":\"Intelig\u00eancia governamental em tempo real\",\"publisher\":{\"@id\":\"https:\/\/www.legislapp.com.br\/#organization\"},\"potentialAction\":[{\"@type\":\"SearchAction\",\"target\":{\"@type\":\"EntryPoint\",\"urlTemplate\":\"https:\/\/www.legislapp.com.br\/?s={search_term_string}\"},\"query-input\":{\"@type\":\"PropertyValueSpecification\",\"valueRequired\":true,\"valueName\":\"search_term_string\"}}],\"inLanguage\":\"pt-BR\"},{\"@type\":\"Organization\",\"@id\":\"https:\/\/www.legislapp.com.br\/#organization\",\"name\":\"Legislapp Monitoramento e Intelig\u00eancia Governamental\",\"url\":\"https:\/\/www.legislapp.com.br\/\",\"logo\":{\"@type\":\"ImageObject\",\"inLanguage\":\"pt-BR\",\"@id\":\"https:\/\/www.legislapp.com.br\/#\/schema\/logo\/image\/\",\"url\":\"https:\/\/www.legislapp.com.br\/wp-content\/uploads\/icon.png\",\"contentUrl\":\"https:\/\/www.legislapp.com.br\/wp-content\/uploads\/icon.png\",\"width\":1024,\"height\":1024,\"caption\":\"Legislapp Monitoramento e Intelig\u00eancia Governamental\"},\"image\":{\"@id\":\"https:\/\/www.legislapp.com.br\/#\/schema\/logo\/image\/\"},\"sameAs\":[\"https:\/\/www.instagram.com\/legislapp\/\"]}]}<\/script>\n<!-- \/ Yoast SEO plugin. -->","yoast_head_json":{"title":"Avulso Inicial - PL 272\/2011 - C\u00e2mara - Legislapp","robots":{"index":"index","follow":"follow","max-snippet":"max-snippet:-1","max-image-preview":"max-image-preview:large","max-video-preview":"max-video-preview:-1"},"canonical":"https:\/\/www.legislapp.com.br\/index.php\/avulso-inicial-pl-272-2011-camara\/","og_locale":"pt_BR","og_type":"article","og_title":"Avulso Inicial - PL 272\/2011 - C\u00e2mara - Legislapp","og_description":"Avulso Inicial &#8211; Autoria de Assis Melo C\u00c2MARA DOS DEPUTADOS GABINETE DO DEPUTADO ASSIS MELO PROJETO DE LEI N\u00ba DE 2011. (Do Sr. Assis Melo) Inclui os gastos com profissionais da enfermagem entre as despesas m\u00e9dicas dedut\u00edveis do imposto de renda da pessoa f\u00edsica. O Congresso Nacional decreta: Art. 1\u00ba A al\u00ednea \u201ca\u201d do inciso [&hellip;]","og_url":"https:\/\/www.legislapp.com.br\/index.php\/avulso-inicial-pl-272-2011-camara\/","og_site_name":"Legislapp","article_publisher":"https:\/\/www.instagram.com\/legislapp\/","og_image":[{"url":"https:\/\/www.legislapp.com.br\/wp-content\/uploads\/2021\/07\/Logo-Legislapp-1-03-1.png","type":"","width":"","height":""}],"twitter_card":"summary_large_image","twitter_misc":{"Est. tempo de leitura":"3 minutos"},"schema":{"@context":"https:\/\/schema.org","@graph":[{"@type":"WebPage","@id":"https:\/\/www.legislapp.com.br\/index.php\/avulso-inicial-pl-272-2011-camara\/","url":"https:\/\/www.legislapp.com.br\/index.php\/avulso-inicial-pl-272-2011-camara\/","name":"Avulso Inicial - PL 272\/2011 - C\u00e2mara - Legislapp","isPartOf":{"@id":"https:\/\/www.legislapp.com.br\/#website"},"primaryImageOfPage":{"@id":"https:\/\/www.legislapp.com.br\/index.php\/avulso-inicial-pl-272-2011-camara\/#primaryimage"},"image":{"@id":"https:\/\/www.legislapp.com.br\/index.php\/avulso-inicial-pl-272-2011-camara\/#primaryimage"},"thumbnailUrl":"https:\/\/www.legislapp.com.br\/wp-content\/uploads\/2021\/07\/Logo-Legislapp-1-03-1.png","datePublished":"2025-12-01T14:45:39+00:00","breadcrumb":{"@id":"https:\/\/www.legislapp.com.br\/index.php\/avulso-inicial-pl-272-2011-camara\/#breadcrumb"},"inLanguage":"pt-BR","potentialAction":[{"@type":"ReadAction","target":["https:\/\/www.legislapp.com.br\/index.php\/avulso-inicial-pl-272-2011-camara\/"]}]},{"@type":"ImageObject","inLanguage":"pt-BR","@id":"https:\/\/www.legislapp.com.br\/index.php\/avulso-inicial-pl-272-2011-camara\/#primaryimage","url":"https:\/\/www.legislapp.com.br\/wp-content\/uploads\/2021\/07\/Logo-Legislapp-1-03-1.png","contentUrl":"https:\/\/www.legislapp.com.br\/wp-content\/uploads\/2021\/07\/Logo-Legislapp-1-03-1.png","width":2679,"height":2697},{"@type":"BreadcrumbList","@id":"https:\/\/www.legislapp.com.br\/index.php\/avulso-inicial-pl-272-2011-camara\/#breadcrumb","itemListElement":[{"@type":"ListItem","position":1,"name":"In\u00edcio","item":"https:\/\/www.legislapp.com.br\/"},{"@type":"ListItem","position":2,"name":"Avulso Inicial &#8211; PL 272\/2011 &#8211; C\u00e2mara"}]},{"@type":"WebSite","@id":"https:\/\/www.legislapp.com.br\/#website","url":"https:\/\/www.legislapp.com.br\/","name":"Legislapp","description":"Intelig\u00eancia governamental em tempo real","publisher":{"@id":"https:\/\/www.legislapp.com.br\/#organization"},"potentialAction":[{"@type":"SearchAction","target":{"@type":"EntryPoint","urlTemplate":"https:\/\/www.legislapp.com.br\/?s={search_term_string}"},"query-input":{"@type":"PropertyValueSpecification","valueRequired":true,"valueName":"search_term_string"}}],"inLanguage":"pt-BR"},{"@type":"Organization","@id":"https:\/\/www.legislapp.com.br\/#organization","name":"Legislapp Monitoramento e Intelig\u00eancia Governamental","url":"https:\/\/www.legislapp.com.br\/","logo":{"@type":"ImageObject","inLanguage":"pt-BR","@id":"https:\/\/www.legislapp.com.br\/#\/schema\/logo\/image\/","url":"https:\/\/www.legislapp.com.br\/wp-content\/uploads\/icon.png","contentUrl":"https:\/\/www.legislapp.com.br\/wp-content\/uploads\/icon.png","width":1024,"height":1024,"caption":"Legislapp Monitoramento e Intelig\u00eancia Governamental"},"image":{"@id":"https:\/\/www.legislapp.com.br\/#\/schema\/logo\/image\/"},"sameAs":["https:\/\/www.instagram.com\/legislapp\/"]}]}},"_links":{"self":[{"href":"https:\/\/www.legislapp.com.br\/index.php\/wp-json\/wp\/v2\/pages\/10911","targetHints":{"allow":["GET"]}}],"collection":[{"href":"https:\/\/www.legislapp.com.br\/index.php\/wp-json\/wp\/v2\/pages"}],"about":[{"href":"https:\/\/www.legislapp.com.br\/index.php\/wp-json\/wp\/v2\/types\/page"}],"author":[{"embeddable":true,"href":"https:\/\/www.legislapp.com.br\/index.php\/wp-json\/wp\/v2\/users\/1"}],"replies":[{"embeddable":true,"href":"https:\/\/www.legislapp.com.br\/index.php\/wp-json\/wp\/v2\/comments?post=10911"}],"version-history":[{"count":0,"href":"https:\/\/www.legislapp.com.br\/index.php\/wp-json\/wp\/v2\/pages\/10911\/revisions"}],"wp:attachment":[{"href":"https:\/\/www.legislapp.com.br\/index.php\/wp-json\/wp\/v2\/media?parent=10911"}],"curies":[{"name":"wp","href":"https:\/\/api.w.org\/{rel}","templated":true}]}}