{"id":10914,"date":"2025-12-01T11:45:51","date_gmt":"2025-12-01T14:45:51","guid":{"rendered":"https:\/\/www.legislapp.com.br\/index.php\/avulso-inicial-pl-3196-2025-camara\/"},"modified":"2025-12-01T11:45:51","modified_gmt":"2025-12-01T14:45:51","slug":"avulso-inicial-pl-3196-2025-camara","status":"publish","type":"page","link":"https:\/\/www.legislapp.com.br\/index.php\/avulso-inicial-pl-3196-2025-camara\/","title":{"rendered":"Avulso Inicial &#8211; PL 3196\/2025 &#8211; C\u00e2mara"},"content":{"rendered":"<h1 style='text-align: center;'>Avulso Inicial &#8211; Autoria de Gilvan Maximo<\/h3>\n<p><\/p>\n<article>PROJETO DE LEI N\u00ba        , DE 2025.<br \/>\n(Do Sr. Gilvan Maximo)<br \/>\nAltera a Lei n.\u00ba 8.069, de 13 de julho de<br \/>\n1990 \u2013 Estatuto da Crian\u00e7a e do<br \/>\nAdolescente, o Decreto-Lei n\u00ba 3.688, de 3<br \/>\nde outubro de 1941 (Lei das<br \/>\nContraven\u00e7\u00f5es Penais) Decreto-Lei n\u00ba<br \/>\n2.848, de 7 de dezembro de 1940 (C\u00f3digo<br \/>\nPenal) para tipificar o crime de agress\u00e3o<br \/>\nf\u00edsica adolescente e crian\u00e7as, em qualquer<br \/>\nque sejam os ambientes e tipificar a pena<br \/>\nda contraven\u00e7\u00e3o de vias de fato quando<br \/>\ncometida contra crian\u00e7a ou adolescente.<br \/>\nO Congresso Nacional decreta:<br \/>\nArt. 1\u00ba O Decreto-Lei n\u00ba 2.848, de 7 de dezembro de 1940 (C\u00f3digo<br \/>\nPenal), passa a vigorar acrescido do seguinte artigo:<br \/>\n\u201cArt. 129-A. Usar da agress\u00e3o f\u00edsica para ofender a<br \/>\nintegridade corporal ou a sa\u00fade de crian\u00e7a, em qualquer<br \/>\nque seja evento, que venha a causar abalo psicol\u00f3gico,<br \/>\nconstrangimento p\u00fablico ou perturba\u00e7\u00e3o social:<br \/>\nPena \u2013 reclus\u00e3o, de seis meses a dois anos, se o fato n\u00e3o<br \/>\nconstituir crime mais grave.<br \/>\n Par\u00e1grafo \u00fanico. A pena ser\u00e1 aumentada de um ter\u00e7o \u00e0<br \/>\nmetade se a conduta for praticada com a inten\u00e7\u00e3o de<br \/>\ncausar p\u00e2nico, humilha\u00e7\u00e3o ou exposi\u00e7\u00e3o p\u00fablica da<br \/>\ncrian\u00e7a ou do grupo infantil.\u201d (NR)<br \/>\nPara verificar a assinatura, acesse https:\/\/infoleg-autenticidade-assinatura.camara.leg.br\/CD256345357800<br \/>\nAssinado eletronicamente pelo(a) Dep. Gilvan Maximo<br \/>\nApresenta\u00e7\u00e3o: 02\/07\/2025 14:37:07.887 &#8211; Mesa<br \/>\n*CD256345357800* PL n.3196\/2025<br \/>Art. 2\u00ba A Lei n\u00ba 8.069, de 13 de julho de 1990 (Estatuto da Crian\u00e7a e<br \/>\ndo Adolescente), passa a vigorar acrescida do seguinte artigo:<br \/>\n \u201cArt. 245-A. A pr\u00e1tica de agress\u00e3o f\u00edsica contra crian\u00e7a ou<br \/>\nadolescente, ainda que sem causar les\u00e3o corporal<br \/>\naparente, ocorrida em ambiente p\u00fablico ou em qualquer<br \/>\noutro local, constitui crime nos termos do art. 129-A do<br \/>\nC\u00f3digo Penal.<br \/>\n\u00a71\u00ba A autoridade policial caber\u00e1 a lavratura do auto de<br \/>\npris\u00e3o em flagrante, sendo vedada a lavratura de termo<br \/>\ncircunstanciado.<br \/>\n \u00a72\u00ba De imediato ser\u00e1 levado ao Conselho Tutelar e ao<br \/>\nMinist\u00e9rio P\u00fablico, para as provid\u00eancias cab\u00edveis de<br \/>\nprote\u00e7\u00e3o \u00e0 v\u00edtima, a ocorr\u00eancia policial.<br \/>\n\u00a73\u00ba As institui\u00e7\u00f5es de ensino, entidades assistenciais,<br \/>\n\u00f3rg\u00e3os p\u00fablicos e estabelecimentos que atendam crian\u00e7as<br \/>\ne adolescentes dever\u00e3o, ao presenciarem ou receberem<br \/>\nden\u00fancia de ocorr\u00eancia semelhante, proceder \u00e0<br \/>\ncomunica\u00e7\u00e3o imediata \u00e0s autoridades competentes.\u201d (NR)<br \/>\nArt. 4\u00ba Esta Lei entra em vigor na data de sua publica\u00e7\u00e3o.<br \/>\nJUSTIFICATIVA<br \/>\nA presente proposta que ora apresentamos, vem<br \/>\nem atendimento \u00e0 solicita\u00e7\u00f5es a n\u00f3s enviadas para que cri\u00e1ssemos<br \/>\numa proposta com o objetivo de coibirmos toda e qualquer pr\u00e1tica<br \/>\nde agress\u00e3o f\u00edsicas, psicol\u00f3gicas praticadas por adultos, em<br \/>\nqualquer que seja o ambiente, visando a maior prote\u00e7\u00e3o \u00e1 crian\u00e7a e<br \/>\nadolescentes.<br \/>\nRecentemente a m\u00eddia noticiou um fato ocorrido<br \/>\nem Bras\u00edlia, precisamente em Vicente Pires, onde o pai de um<br \/>\nPara verificar a assinatura, acesse https:\/\/infoleg-autenticidade-assinatura.camara.leg.br\/CD256345357800<br \/>\nAssinado eletronicamente pelo(a) Dep. Gilvan Maximo<br \/>\nApresenta\u00e7\u00e3o: 02\/07\/2025 14:37:07.887 &#8211; Mesa<br \/>\n*CD256345357800* PL n.3196\/2025<br \/>aluno, durante uma apresenta\u00e7\u00e3o junina numa escola particular<br \/>\ndaquela cidade, adentrou ao palco onde empurrou ao solo uma<br \/>\ncrian\u00e7a aparentemente no m\u00e1ximo de 05 anos, colocando-lhe o<br \/>\ndedo no rosto amea\u00e7ando-o.<br \/>\nTal fato \u00e9 de extrema gravidade, pois a crian\u00e7a \u00e9<br \/>\no bem maior de uma fam\u00edlia, de um pai. Como pai, considero<br \/>\ninaceit\u00e1vel toda e qualquer agress\u00e3o praticada contra menores,<br \/>\nprincipalmente mediante amea\u00e7as. Al\u00e9m do mais, o ambiente<br \/>\nescolar era de uma escola particular onde todo pagam valores<br \/>\niguais de mensalidades e recebem, da institui\u00e7\u00e3o educacional, os<br \/>\nmesmos ensinamentos e princ\u00edpios.<br \/>\nTal atitude praticada causa transtornos e traumas<br \/>\na menores, principalmente nessa faixa et\u00e1ria e \u00e9 atrav\u00e9s da nossa<br \/>\nproposta que procuramos evitar uma adolesc\u00eancia traum\u00e1tica e de<br \/>\ntranstornos que podem gerar maiores danos \u00e0 crian\u00e7a e ao<br \/>\nambiente familiar.<br \/>\nDiante disto, levo ao conhecimento de meus<br \/>\npares a presente proposta e, conto com o apoio para aprovarmos<br \/>\ncom a maior brevidade este Projeto de Lei.<br \/>\nSala das Sess\u00f5es, em 30 de junho de 2025.<br \/>\nGilvan Maximo<br \/>\nDeputado Federal<br \/>\nRepublicanos DF<br \/>\nPara verificar a assinatura, acesse https:\/\/infoleg-autenticidade-assinatura.camara.leg.br\/CD256345357800<br \/>\nAssinado eletronicamente pelo(a) Dep. Gilvan Maximo<br \/>\nApresenta\u00e7\u00e3o: 02\/07\/2025 14:37:07.887 &#8211; Mesa<br \/>\n*CD256345357800* PL n.3196\/2025<\/article>\n<p><a href='https:\/\/app.legislapp.com.br\/#\/busca?termo=Altera\u00e7\u00e3o'>Altera\u00e7\u00e3o<\/a>, <a href='https:\/\/app.legislapp.com.br\/#\/busca?termo=Estatuto da Crian\u00e7a e do Adolescente (ECA) (1990)'>Estatuto da Crian\u00e7a e do Adolescente (ECA) (1990)<\/a>, <a href='https:\/\/app.legislapp.com.br\/#\/busca?termo=C\u00f3digo Penal (1940)'>C\u00f3digo Penal (1940)<\/a>, <a href='https:\/\/app.legislapp.com.br\/#\/busca?termo=crime contra a vida'>crime contra a vida<\/a>, <a href='https:\/\/app.legislapp.com.br\/#\/busca?termo=Viol\u00eancia f\u00edsica'>Viol\u00eancia f\u00edsica<\/a>, <a href='https:\/\/app.legislapp.com.br\/#\/busca?termo=maus-tratos'>maus-tratos<\/a>, <a href='https:\/\/app.legislapp.com.br\/#\/busca?termo=constrangimento'>constrangimento<\/a>, <a href='https:\/\/app.legislapp.com.br\/#\/busca?termo=crian\u00e7a'>crian\u00e7a<\/a>, <a href='https:\/\/app.legislapp.com.br\/#\/busca?termo=local p\u00fablico'>local p\u00fablico<\/a>, <a href='https:\/\/app.legislapp.com.br\/#\/busca?termo=ambiente escolar'>ambiente escolar<\/a>, <a href='https:\/\/app.legislapp.com.br\/#\/busca?termo=Crime contra a crian\u00e7a e o adolescente'>Crime contra a crian\u00e7a e o adolescente<\/a>, <a href='https:\/\/app.legislapp.com.br\/#\/busca?termo=diretrizes.'>diretrizes.<\/a><\/p>\n<div style=\"text-align: center\">\n      <img decoding=\"async\" style=\"width: 14%;\" src=\"https:\/\/www.legislapp.com.br\/wp-content\/uploads\/2021\/07\/Logo-Legislapp-1-03-1.png\"><br \/>\n      <\/p>\n<div style=\"margin-bottom: 20px;\" class=\"et_pb_button_module_wrapper et_pb_button_5_tb_body_wrapper et_pb_button_alignment_center et_pb_module \">\n         <a class=\"et_pb_button et_pb_button_5_tb_body et_hover_enabled et_pb_bg_layout_dark\" style=\"width: 50%;background-color: black;\" href=\"https:\/\/app.legislapp.com.br\" target=\"_blank\" rel=\"noopener\">Visualizar completo na nossa plataforma (30 dias gr\u00e1tis)<\/a><\/p><\/div>\n<p>      <a href=\"https:\/\/play.google.com\/store\/apps\/details?id=br.com.legislapp\"><img decoding=\"async\" style=\"width: 15%; min-width: 130px;\" src=\"https:\/\/www.legislapp.com.br\/wp-content\/uploads\/google-play.png\"><\/a><br \/>\n      <a href=\"https:\/\/apps.apple.com\/us\/app\/legislapp\/id1568929859\"><img decoding=\"async\" style=\"width: 15%; min-width: 130px\" src=\"https:\/\/www.legislapp.com.br\/wp-content\/uploads\/apple-store.png\"><\/a>\n   <\/div>\n","protected":false},"excerpt":{"rendered":"<p>Avulso Inicial &#8211; Autoria de Gilvan Maximo PROJETO DE LEI N\u00ba , DE 2025. (Do Sr. Gilvan Maximo) Altera a Lei n.\u00ba 8.069, de 13 de julho de 1990 \u2013 Estatuto da Crian\u00e7a e do Adolescente, o Decreto-Lei n\u00ba 3.688, de 3 de outubro de 1941 (Lei das Contraven\u00e7\u00f5es Penais) Decreto-Lei n\u00ba 2.848, de 7 [&hellip;]<\/p>\n","protected":false},"author":1,"featured_media":0,"parent":0,"menu_order":0,"comment_status":"closed","ping_status":"closed","template":"page-template-blank.php","meta":{"_et_pb_use_builder":"","_et_pb_old_content":"","_et_gb_content_width":"1080","ngg_post_thumbnail":0,"footnotes":""},"class_list":["post-10914","page","type-page","status-publish","hentry"],"yoast_head":"<!-- This site is optimized with the Yoast SEO plugin v24.4 - https:\/\/yoast.com\/wordpress\/plugins\/seo\/ -->\n<title>Avulso Inicial - PL 3196\/2025 - C\u00e2mara - Legislapp<\/title>\n<meta name=\"robots\" content=\"index, follow, max-snippet:-1, max-image-preview:large, max-video-preview:-1\" \/>\n<link rel=\"canonical\" href=\"https:\/\/www.legislapp.com.br\/index.php\/avulso-inicial-pl-3196-2025-camara\/\" \/>\n<meta property=\"og:locale\" content=\"pt_BR\" \/>\n<meta property=\"og:type\" content=\"article\" \/>\n<meta property=\"og:title\" content=\"Avulso Inicial - PL 3196\/2025 - C\u00e2mara - Legislapp\" \/>\n<meta property=\"og:description\" content=\"Avulso Inicial &#8211; Autoria de Gilvan Maximo PROJETO DE LEI N\u00ba , DE 2025. (Do Sr. Gilvan Maximo) Altera a Lei n.\u00ba 8.069, de 13 de julho de 1990 \u2013 Estatuto da Crian\u00e7a e do Adolescente, o Decreto-Lei n\u00ba 3.688, de 3 de outubro de 1941 (Lei das Contraven\u00e7\u00f5es Penais) Decreto-Lei n\u00ba 2.848, de 7 [&hellip;]\" \/>\n<meta property=\"og:url\" content=\"https:\/\/www.legislapp.com.br\/index.php\/avulso-inicial-pl-3196-2025-camara\/\" \/>\n<meta property=\"og:site_name\" content=\"Legislapp\" \/>\n<meta property=\"article:publisher\" content=\"https:\/\/www.instagram.com\/legislapp\/\" \/>\n<meta property=\"og:image\" content=\"https:\/\/www.legislapp.com.br\/wp-content\/uploads\/2021\/07\/Logo-Legislapp-1-03-1.png\" \/>\n<meta name=\"twitter:card\" content=\"summary_large_image\" \/>\n<meta name=\"twitter:label1\" content=\"Est. tempo de leitura\" \/>\n\t<meta name=\"twitter:data1\" content=\"4 minutos\" \/>\n<script type=\"application\/ld+json\" class=\"yoast-schema-graph\">{\"@context\":\"https:\/\/schema.org\",\"@graph\":[{\"@type\":\"WebPage\",\"@id\":\"https:\/\/www.legislapp.com.br\/index.php\/avulso-inicial-pl-3196-2025-camara\/\",\"url\":\"https:\/\/www.legislapp.com.br\/index.php\/avulso-inicial-pl-3196-2025-camara\/\",\"name\":\"Avulso Inicial - PL 3196\/2025 - C\u00e2mara - Legislapp\",\"isPartOf\":{\"@id\":\"https:\/\/www.legislapp.com.br\/#website\"},\"primaryImageOfPage\":{\"@id\":\"https:\/\/www.legislapp.com.br\/index.php\/avulso-inicial-pl-3196-2025-camara\/#primaryimage\"},\"image\":{\"@id\":\"https:\/\/www.legislapp.com.br\/index.php\/avulso-inicial-pl-3196-2025-camara\/#primaryimage\"},\"thumbnailUrl\":\"https:\/\/www.legislapp.com.br\/wp-content\/uploads\/2021\/07\/Logo-Legislapp-1-03-1.png\",\"datePublished\":\"2025-12-01T14:45:51+00:00\",\"breadcrumb\":{\"@id\":\"https:\/\/www.legislapp.com.br\/index.php\/avulso-inicial-pl-3196-2025-camara\/#breadcrumb\"},\"inLanguage\":\"pt-BR\",\"potentialAction\":[{\"@type\":\"ReadAction\",\"target\":[\"https:\/\/www.legislapp.com.br\/index.php\/avulso-inicial-pl-3196-2025-camara\/\"]}]},{\"@type\":\"ImageObject\",\"inLanguage\":\"pt-BR\",\"@id\":\"https:\/\/www.legislapp.com.br\/index.php\/avulso-inicial-pl-3196-2025-camara\/#primaryimage\",\"url\":\"https:\/\/www.legislapp.com.br\/wp-content\/uploads\/2021\/07\/Logo-Legislapp-1-03-1.png\",\"contentUrl\":\"https:\/\/www.legislapp.com.br\/wp-content\/uploads\/2021\/07\/Logo-Legislapp-1-03-1.png\",\"width\":2679,\"height\":2697},{\"@type\":\"BreadcrumbList\",\"@id\":\"https:\/\/www.legislapp.com.br\/index.php\/avulso-inicial-pl-3196-2025-camara\/#breadcrumb\",\"itemListElement\":[{\"@type\":\"ListItem\",\"position\":1,\"name\":\"In\u00edcio\",\"item\":\"https:\/\/www.legislapp.com.br\/\"},{\"@type\":\"ListItem\",\"position\":2,\"name\":\"Avulso Inicial &#8211; PL 3196\/2025 &#8211; C\u00e2mara\"}]},{\"@type\":\"WebSite\",\"@id\":\"https:\/\/www.legislapp.com.br\/#website\",\"url\":\"https:\/\/www.legislapp.com.br\/\",\"name\":\"Legislapp\",\"description\":\"Intelig\u00eancia governamental em tempo real\",\"publisher\":{\"@id\":\"https:\/\/www.legislapp.com.br\/#organization\"},\"potentialAction\":[{\"@type\":\"SearchAction\",\"target\":{\"@type\":\"EntryPoint\",\"urlTemplate\":\"https:\/\/www.legislapp.com.br\/?s={search_term_string}\"},\"query-input\":{\"@type\":\"PropertyValueSpecification\",\"valueRequired\":true,\"valueName\":\"search_term_string\"}}],\"inLanguage\":\"pt-BR\"},{\"@type\":\"Organization\",\"@id\":\"https:\/\/www.legislapp.com.br\/#organization\",\"name\":\"Legislapp Monitoramento e Intelig\u00eancia Governamental\",\"url\":\"https:\/\/www.legislapp.com.br\/\",\"logo\":{\"@type\":\"ImageObject\",\"inLanguage\":\"pt-BR\",\"@id\":\"https:\/\/www.legislapp.com.br\/#\/schema\/logo\/image\/\",\"url\":\"https:\/\/www.legislapp.com.br\/wp-content\/uploads\/icon.png\",\"contentUrl\":\"https:\/\/www.legislapp.com.br\/wp-content\/uploads\/icon.png\",\"width\":1024,\"height\":1024,\"caption\":\"Legislapp Monitoramento e Intelig\u00eancia Governamental\"},\"image\":{\"@id\":\"https:\/\/www.legislapp.com.br\/#\/schema\/logo\/image\/\"},\"sameAs\":[\"https:\/\/www.instagram.com\/legislapp\/\"]}]}<\/script>\n<!-- \/ Yoast SEO plugin. -->","yoast_head_json":{"title":"Avulso Inicial - PL 3196\/2025 - C\u00e2mara - Legislapp","robots":{"index":"index","follow":"follow","max-snippet":"max-snippet:-1","max-image-preview":"max-image-preview:large","max-video-preview":"max-video-preview:-1"},"canonical":"https:\/\/www.legislapp.com.br\/index.php\/avulso-inicial-pl-3196-2025-camara\/","og_locale":"pt_BR","og_type":"article","og_title":"Avulso Inicial - PL 3196\/2025 - C\u00e2mara - Legislapp","og_description":"Avulso Inicial &#8211; Autoria de Gilvan Maximo PROJETO DE LEI N\u00ba , DE 2025. (Do Sr. Gilvan Maximo) Altera a Lei n.\u00ba 8.069, de 13 de julho de 1990 \u2013 Estatuto da Crian\u00e7a e do Adolescente, o Decreto-Lei n\u00ba 3.688, de 3 de outubro de 1941 (Lei das Contraven\u00e7\u00f5es Penais) Decreto-Lei n\u00ba 2.848, de 7 [&hellip;]","og_url":"https:\/\/www.legislapp.com.br\/index.php\/avulso-inicial-pl-3196-2025-camara\/","og_site_name":"Legislapp","article_publisher":"https:\/\/www.instagram.com\/legislapp\/","og_image":[{"url":"https:\/\/www.legislapp.com.br\/wp-content\/uploads\/2021\/07\/Logo-Legislapp-1-03-1.png","type":"","width":"","height":""}],"twitter_card":"summary_large_image","twitter_misc":{"Est. tempo de leitura":"4 minutos"},"schema":{"@context":"https:\/\/schema.org","@graph":[{"@type":"WebPage","@id":"https:\/\/www.legislapp.com.br\/index.php\/avulso-inicial-pl-3196-2025-camara\/","url":"https:\/\/www.legislapp.com.br\/index.php\/avulso-inicial-pl-3196-2025-camara\/","name":"Avulso Inicial - PL 3196\/2025 - C\u00e2mara - Legislapp","isPartOf":{"@id":"https:\/\/www.legislapp.com.br\/#website"},"primaryImageOfPage":{"@id":"https:\/\/www.legislapp.com.br\/index.php\/avulso-inicial-pl-3196-2025-camara\/#primaryimage"},"image":{"@id":"https:\/\/www.legislapp.com.br\/index.php\/avulso-inicial-pl-3196-2025-camara\/#primaryimage"},"thumbnailUrl":"https:\/\/www.legislapp.com.br\/wp-content\/uploads\/2021\/07\/Logo-Legislapp-1-03-1.png","datePublished":"2025-12-01T14:45:51+00:00","breadcrumb":{"@id":"https:\/\/www.legislapp.com.br\/index.php\/avulso-inicial-pl-3196-2025-camara\/#breadcrumb"},"inLanguage":"pt-BR","potentialAction":[{"@type":"ReadAction","target":["https:\/\/www.legislapp.com.br\/index.php\/avulso-inicial-pl-3196-2025-camara\/"]}]},{"@type":"ImageObject","inLanguage":"pt-BR","@id":"https:\/\/www.legislapp.com.br\/index.php\/avulso-inicial-pl-3196-2025-camara\/#primaryimage","url":"https:\/\/www.legislapp.com.br\/wp-content\/uploads\/2021\/07\/Logo-Legislapp-1-03-1.png","contentUrl":"https:\/\/www.legislapp.com.br\/wp-content\/uploads\/2021\/07\/Logo-Legislapp-1-03-1.png","width":2679,"height":2697},{"@type":"BreadcrumbList","@id":"https:\/\/www.legislapp.com.br\/index.php\/avulso-inicial-pl-3196-2025-camara\/#breadcrumb","itemListElement":[{"@type":"ListItem","position":1,"name":"In\u00edcio","item":"https:\/\/www.legislapp.com.br\/"},{"@type":"ListItem","position":2,"name":"Avulso Inicial &#8211; PL 3196\/2025 &#8211; C\u00e2mara"}]},{"@type":"WebSite","@id":"https:\/\/www.legislapp.com.br\/#website","url":"https:\/\/www.legislapp.com.br\/","name":"Legislapp","description":"Intelig\u00eancia governamental em tempo real","publisher":{"@id":"https:\/\/www.legislapp.com.br\/#organization"},"potentialAction":[{"@type":"SearchAction","target":{"@type":"EntryPoint","urlTemplate":"https:\/\/www.legislapp.com.br\/?s={search_term_string}"},"query-input":{"@type":"PropertyValueSpecification","valueRequired":true,"valueName":"search_term_string"}}],"inLanguage":"pt-BR"},{"@type":"Organization","@id":"https:\/\/www.legislapp.com.br\/#organization","name":"Legislapp Monitoramento e Intelig\u00eancia Governamental","url":"https:\/\/www.legislapp.com.br\/","logo":{"@type":"ImageObject","inLanguage":"pt-BR","@id":"https:\/\/www.legislapp.com.br\/#\/schema\/logo\/image\/","url":"https:\/\/www.legislapp.com.br\/wp-content\/uploads\/icon.png","contentUrl":"https:\/\/www.legislapp.com.br\/wp-content\/uploads\/icon.png","width":1024,"height":1024,"caption":"Legislapp Monitoramento e Intelig\u00eancia Governamental"},"image":{"@id":"https:\/\/www.legislapp.com.br\/#\/schema\/logo\/image\/"},"sameAs":["https:\/\/www.instagram.com\/legislapp\/"]}]}},"_links":{"self":[{"href":"https:\/\/www.legislapp.com.br\/index.php\/wp-json\/wp\/v2\/pages\/10914","targetHints":{"allow":["GET"]}}],"collection":[{"href":"https:\/\/www.legislapp.com.br\/index.php\/wp-json\/wp\/v2\/pages"}],"about":[{"href":"https:\/\/www.legislapp.com.br\/index.php\/wp-json\/wp\/v2\/types\/page"}],"author":[{"embeddable":true,"href":"https:\/\/www.legislapp.com.br\/index.php\/wp-json\/wp\/v2\/users\/1"}],"replies":[{"embeddable":true,"href":"https:\/\/www.legislapp.com.br\/index.php\/wp-json\/wp\/v2\/comments?post=10914"}],"version-history":[{"count":0,"href":"https:\/\/www.legislapp.com.br\/index.php\/wp-json\/wp\/v2\/pages\/10914\/revisions"}],"wp:attachment":[{"href":"https:\/\/www.legislapp.com.br\/index.php\/wp-json\/wp\/v2\/media?parent=10914"}],"curies":[{"name":"wp","href":"https:\/\/api.w.org\/{rel}","templated":true}]}}