{"id":10923,"date":"2025-12-01T11:46:26","date_gmt":"2025-12-01T14:46:26","guid":{"rendered":"https:\/\/www.legislapp.com.br\/index.php\/avulso-inicial-pl-5245-2025-camara\/"},"modified":"2025-12-01T11:46:26","modified_gmt":"2025-12-01T14:46:26","slug":"avulso-inicial-pl-5245-2025-camara","status":"publish","type":"page","link":"https:\/\/www.legislapp.com.br\/index.php\/avulso-inicial-pl-5245-2025-camara\/","title":{"rendered":"Avulso Inicial &#8211; PL 5245\/2025 &#8211; C\u00e2mara"},"content":{"rendered":"<h1 style='text-align: center;'>Avulso Inicial &#8211; Autoria de Rodolfo Nogueira<\/h3>\n<p><\/p>\n<article>PROJETO DE LEI N\u00b0         , DE 2025<br \/>\n(Do Sr. Rodolfo Nogueira)<br \/>\nAltera o art. 9\u00ba da Lei n\u00ba 14.701, de 20<br \/>\nde outubro de 2023, para vedar<br \/>\nexpressamente a imposi\u00e7\u00e3o de restri\u00e7\u00f5es<br \/>\nadministrativas, t\u00e9cnicas, normativas ou<br \/>\ncadastrais que impe\u00e7am, limitem ou onerem<br \/>\no pleno exerc\u00edcio dos direitos de posse ou<br \/>\npropriedade sobre \u00e1reas submetidas a<br \/>\nprocedimento demarcat\u00f3rio de terras<br \/>\nind\u00edgenas.<br \/>\nO Congresso Nacional decreta:<br \/>\nArt. 1\u00ba Esta lei altera o art. 9\u00ba da Lei n\u00ba 14.701, de 20 de<br \/>\noutubro de 2023, para vedar expressamente a imposi\u00e7\u00e3o de restri\u00e7\u00f5es<br \/>\nadministrativas, t\u00e9cnicas, normativas ou cadastrais que impe\u00e7am, limitem<br \/>\nou onerem o pleno exerc\u00edcio dos direitos de posse ou propriedade sobre<br \/>\n\u00e1reas submetidas a procedimento demarcat\u00f3rio de terras ind\u00edgenas.<br \/>\nArt. 2\u00ba O art. 9\u00b0da Lei n\u00ba 14.701, de 20 de outubro de<br \/>\n2023, passa a vigorar com a seguinte reda\u00e7\u00e3o:<br \/>\n\u201cArt. 9\u00b0.  Antes da conclus\u00e3o do procedimento<br \/>\ndemarcat\u00f3rio e da efetiva indeniza\u00e7\u00e3o das benfeitorias<br \/>\nrealizadas de boa-f\u00e9 pelos ocupantes n\u00e3o ind\u00edgenas,<br \/>\nnos termos do \u00a76\u00ba do art. 231 da Constitui\u00e7\u00e3o Federal,<br \/>\nfica vedada a imposi\u00e7\u00e3o de quaisquer restri\u00e7\u00f5es<br \/>\nadministrativas, t\u00e9cnicas, normativas ou cadastrais que<br \/>\nimpe\u00e7am, limitem ou onerem, de qualquer modo, o<br \/>\nPara verificar a assinatura, acesse https:\/\/infoleg-autenticidade-assinatura.camara.leg.br\/CD251579040800<br \/>\nAssinado eletronicamente pelo(a) Dep. Rodolfo Nogueira<br \/>\nApresenta\u00e7\u00e3o: 16\/10\/2025 12:51:37.617 &#8211; Mesa<br \/>\n*CD251579040800* PL n.5245\/2025<br \/>2<br \/>\npleno exerc\u00edcio dos direitos de posse ou propriedade<br \/>\nsobre a \u00e1rea objeto do estudo demarcat\u00f3rio.\u201d(NR)<br \/>\nArt. 3\u00ba Esta Lei entra em vigor na data de sua publica\u00e7\u00e3o.<br \/>\nJUSTIFICA\u00c7\u00c3O<br \/>\nA presente proposi\u00e7\u00e3o tem por objetivo refor\u00e7ar a prote\u00e7\u00e3o do<br \/>\ndireito de propriedade diante de situa\u00e7\u00f5es em que im\u00f3veis rurais s\u00e3o<br \/>\ninseridos em procedimentos administrativos de demarca\u00e7\u00e3o de terras<br \/>\nind\u00edgenas ainda em fase inicial de estudos.<br \/>\nEmbora o art. 9\u00ba da Lei n\u00ba 14.701\/2023 j\u00e1 estabele\u00e7a, em sua<br \/>\nreda\u00e7\u00e3o vigente, que n\u00e3o haver\u00e1 qualquer limita\u00e7\u00e3o de uso e gozo aos<br \/>\nn\u00e3o ind\u00edgenas que exer\u00e7am posse sobre a \u00e1rea antes da conclus\u00e3o do<br \/>\nprocedimento demarcat\u00f3rio e da devida indeniza\u00e7\u00e3o pelas benfeitorias<br \/>\nrealizadas de boa-f\u00e9, a realidade tem demonstrado que tal garantia legal<br \/>\nvem sendo reiteradamente desrespeitada.<br \/>\nDiversos produtores rurais t\u00eam enfrentado restri\u00e7\u00f5es de ordem<br \/>\nt\u00e9cnica, administrativa e especialmente cadastral, resultantes da inclus\u00e3o<br \/>\nde suas propriedades em cadastros vinculados a processos<br \/>\ndemarcat\u00f3rios ainda n\u00e3o conclu\u00eddos nem homologados. Tais restri\u00e7\u00f5es<br \/>\nv\u00eam impedindo ou dificultando o acesso a financiamentos banc\u00e1rios, ao<br \/>\ncr\u00e9dito rural e a programas de incentivo \u00e0 produ\u00e7\u00e3o, comprometendo a<br \/>\nseguran\u00e7a jur\u00eddica, a produtividade e a viabilidade econ\u00f4mica das<br \/>\natividades agropecu\u00e1rias.<br \/>\nDessa forma, a proposta de acr\u00e9scimo normativo visa tornar<br \/>\nainda mais inequ\u00edvoca a veda\u00e7\u00e3o de quaisquer medidas que possam<br \/>\nonerar, restringir ou de algum modo inviabilizar o exerc\u00edcio pleno do<br \/>\ndireito \u00e0 posse ou \u00e0 propriedade leg\u00edtima, enquanto n\u00e3o conclu\u00eddo o<br \/>\nPara verificar a assinatura, acesse https:\/\/infoleg-autenticidade-assinatura.camara.leg.br\/CD251579040800<br \/>\nAssinado eletronicamente pelo(a) Dep. Rodolfo Nogueira<br \/>\nApresenta\u00e7\u00e3o: 16\/10\/2025 12:51:37.617 &#8211; Mesa<br \/>\n*CD251579040800* PL n.5245\/2025<br \/>3<br \/>\nprocesso demarcat\u00f3rio e realizada a indeniza\u00e7\u00e3o devida, em<br \/>\nconson\u00e2ncia com o \u00a76\u00ba do art. 231 da Constitui\u00e7\u00e3o Federal.<br \/>\nPelo exposto, conta-se com o apoio dos nobres pares para a<br \/>\naprova\u00e7\u00e3o da presente proposi\u00e7\u00e3o.<br \/>\n                Sala das Sess\u00f5es, em      de      de 2025<br \/>\n                   DEPUTADO RODOLFO NOGUEIRA &#8211; PL\/MS<br \/>\nPresidente da Comiss\u00e3o de Agricultura, Pecu\u00e1ria, Abastecimento e<br \/>\nDesenvolvimento Rural.<\/p>\n<p>Para verificar a assinatura, acesse https:\/\/infoleg-autenticidade-assinatura.camara.leg.br\/CD251579040800<br \/>\nAssinado eletronicamente pelo(a) Dep. Rodolfo Nogueira<br \/>\nApresenta\u00e7\u00e3o: 16\/10\/2025 12:51:37.617 &#8211; Mesa<br \/>\n*CD251579040800* PL n.5245\/2025<\/article>\n<p><a href='https:\/\/app.legislapp.com.br\/#\/busca?termo=Altera\u00e7\u00e3o'>Altera\u00e7\u00e3o<\/a>, <a href='https:\/\/app.legislapp.com.br\/#\/busca?termo=Legisla\u00e7\u00e3o'>Legisla\u00e7\u00e3o<\/a>, <a href='https:\/\/app.legislapp.com.br\/#\/busca?termo=Demarca\u00e7\u00e3o de terra'>Demarca\u00e7\u00e3o de terra<\/a>, <a href='https:\/\/app.legislapp.com.br\/#\/busca?termo=Terras ind\u00edgenas'>Terras ind\u00edgenas<\/a>, <a href='https:\/\/app.legislapp.com.br\/#\/busca?termo=proibi\u00e7\u00e3o'>proibi\u00e7\u00e3o<\/a>, <a href='https:\/\/app.legislapp.com.br\/#\/busca?termo=restri\u00e7\u00e3o'>restri\u00e7\u00e3o<\/a>, <a href='https:\/\/app.legislapp.com.br\/#\/busca?termo=Direito de posse'>Direito de posse<\/a>, <a href='https:\/\/app.legislapp.com.br\/#\/busca?termo=Direito de propriedade'>Direito de propriedade<\/a>, <a href='https:\/\/app.legislapp.com.br\/#\/busca?termo=Produtor rural'>Produtor rural<\/a>, <a href='https:\/\/app.legislapp.com.br\/#\/busca?termo=Im\u00f3vel rural.'>Im\u00f3vel rural.<\/a><\/p>\n<div style=\"text-align: center\">\n      <img decoding=\"async\" style=\"width: 14%;\" src=\"https:\/\/www.legislapp.com.br\/wp-content\/uploads\/2021\/07\/Logo-Legislapp-1-03-1.png\"><br \/>\n      <\/p>\n<div style=\"margin-bottom: 20px;\" class=\"et_pb_button_module_wrapper et_pb_button_5_tb_body_wrapper et_pb_button_alignment_center et_pb_module \">\n         <a class=\"et_pb_button et_pb_button_5_tb_body et_hover_enabled et_pb_bg_layout_dark\" style=\"width: 50%;background-color: black;\" href=\"https:\/\/app.legislapp.com.br\" target=\"_blank\" rel=\"noopener\">Visualizar completo na nossa plataforma (30 dias gr\u00e1tis)<\/a><\/p><\/div>\n<p>      <a href=\"https:\/\/play.google.com\/store\/apps\/details?id=br.com.legislapp\"><img decoding=\"async\" style=\"width: 15%; min-width: 130px;\" src=\"https:\/\/www.legislapp.com.br\/wp-content\/uploads\/google-play.png\"><\/a><br \/>\n      <a href=\"https:\/\/apps.apple.com\/us\/app\/legislapp\/id1568929859\"><img decoding=\"async\" style=\"width: 15%; min-width: 130px\" src=\"https:\/\/www.legislapp.com.br\/wp-content\/uploads\/apple-store.png\"><\/a>\n   <\/div>\n","protected":false},"excerpt":{"rendered":"<p>Avulso Inicial &#8211; Autoria de Rodolfo Nogueira PROJETO DE LEI N\u00b0 , DE 2025 (Do Sr. Rodolfo Nogueira) Altera o art. 9\u00ba da Lei n\u00ba 14.701, de 20 de outubro de 2023, para vedar expressamente a imposi\u00e7\u00e3o de restri\u00e7\u00f5es administrativas, t\u00e9cnicas, normativas ou cadastrais que impe\u00e7am, limitem ou onerem o pleno exerc\u00edcio dos direitos de [&hellip;]<\/p>\n","protected":false},"author":1,"featured_media":0,"parent":0,"menu_order":0,"comment_status":"closed","ping_status":"closed","template":"page-template-blank.php","meta":{"_et_pb_use_builder":"","_et_pb_old_content":"","_et_gb_content_width":"1080","ngg_post_thumbnail":0,"footnotes":""},"class_list":["post-10923","page","type-page","status-publish","hentry"],"yoast_head":"<!-- This site is optimized with the Yoast SEO plugin v24.4 - https:\/\/yoast.com\/wordpress\/plugins\/seo\/ -->\n<title>Avulso Inicial - PL 5245\/2025 - C\u00e2mara - Legislapp<\/title>\n<meta name=\"robots\" content=\"index, follow, max-snippet:-1, max-image-preview:large, max-video-preview:-1\" \/>\n<link rel=\"canonical\" href=\"https:\/\/www.legislapp.com.br\/index.php\/avulso-inicial-pl-5245-2025-camara\/\" \/>\n<meta property=\"og:locale\" content=\"pt_BR\" \/>\n<meta property=\"og:type\" content=\"article\" \/>\n<meta property=\"og:title\" content=\"Avulso Inicial - PL 5245\/2025 - C\u00e2mara - Legislapp\" \/>\n<meta property=\"og:description\" content=\"Avulso Inicial &#8211; Autoria de Rodolfo Nogueira PROJETO DE LEI N\u00b0 , DE 2025 (Do Sr. Rodolfo Nogueira) Altera o art. 9\u00ba da Lei n\u00ba 14.701, de 20 de outubro de 2023, para vedar expressamente a imposi\u00e7\u00e3o de restri\u00e7\u00f5es administrativas, t\u00e9cnicas, normativas ou cadastrais que impe\u00e7am, limitem ou onerem o pleno exerc\u00edcio dos direitos de [&hellip;]\" \/>\n<meta property=\"og:url\" content=\"https:\/\/www.legislapp.com.br\/index.php\/avulso-inicial-pl-5245-2025-camara\/\" \/>\n<meta property=\"og:site_name\" content=\"Legislapp\" \/>\n<meta property=\"article:publisher\" content=\"https:\/\/www.instagram.com\/legislapp\/\" \/>\n<meta property=\"og:image\" content=\"https:\/\/www.legislapp.com.br\/wp-content\/uploads\/2021\/07\/Logo-Legislapp-1-03-1.png\" \/>\n<meta name=\"twitter:card\" content=\"summary_large_image\" \/>\n<meta name=\"twitter:label1\" content=\"Est. tempo de leitura\" \/>\n\t<meta name=\"twitter:data1\" content=\"3 minutos\" \/>\n<script type=\"application\/ld+json\" class=\"yoast-schema-graph\">{\"@context\":\"https:\/\/schema.org\",\"@graph\":[{\"@type\":\"WebPage\",\"@id\":\"https:\/\/www.legislapp.com.br\/index.php\/avulso-inicial-pl-5245-2025-camara\/\",\"url\":\"https:\/\/www.legislapp.com.br\/index.php\/avulso-inicial-pl-5245-2025-camara\/\",\"name\":\"Avulso Inicial - PL 5245\/2025 - C\u00e2mara - Legislapp\",\"isPartOf\":{\"@id\":\"https:\/\/www.legislapp.com.br\/#website\"},\"primaryImageOfPage\":{\"@id\":\"https:\/\/www.legislapp.com.br\/index.php\/avulso-inicial-pl-5245-2025-camara\/#primaryimage\"},\"image\":{\"@id\":\"https:\/\/www.legislapp.com.br\/index.php\/avulso-inicial-pl-5245-2025-camara\/#primaryimage\"},\"thumbnailUrl\":\"https:\/\/www.legislapp.com.br\/wp-content\/uploads\/2021\/07\/Logo-Legislapp-1-03-1.png\",\"datePublished\":\"2025-12-01T14:46:26+00:00\",\"breadcrumb\":{\"@id\":\"https:\/\/www.legislapp.com.br\/index.php\/avulso-inicial-pl-5245-2025-camara\/#breadcrumb\"},\"inLanguage\":\"pt-BR\",\"potentialAction\":[{\"@type\":\"ReadAction\",\"target\":[\"https:\/\/www.legislapp.com.br\/index.php\/avulso-inicial-pl-5245-2025-camara\/\"]}]},{\"@type\":\"ImageObject\",\"inLanguage\":\"pt-BR\",\"@id\":\"https:\/\/www.legislapp.com.br\/index.php\/avulso-inicial-pl-5245-2025-camara\/#primaryimage\",\"url\":\"https:\/\/www.legislapp.com.br\/wp-content\/uploads\/2021\/07\/Logo-Legislapp-1-03-1.png\",\"contentUrl\":\"https:\/\/www.legislapp.com.br\/wp-content\/uploads\/2021\/07\/Logo-Legislapp-1-03-1.png\",\"width\":2679,\"height\":2697},{\"@type\":\"BreadcrumbList\",\"@id\":\"https:\/\/www.legislapp.com.br\/index.php\/avulso-inicial-pl-5245-2025-camara\/#breadcrumb\",\"itemListElement\":[{\"@type\":\"ListItem\",\"position\":1,\"name\":\"In\u00edcio\",\"item\":\"https:\/\/www.legislapp.com.br\/\"},{\"@type\":\"ListItem\",\"position\":2,\"name\":\"Avulso Inicial &#8211; PL 5245\/2025 &#8211; C\u00e2mara\"}]},{\"@type\":\"WebSite\",\"@id\":\"https:\/\/www.legislapp.com.br\/#website\",\"url\":\"https:\/\/www.legislapp.com.br\/\",\"name\":\"Legislapp\",\"description\":\"Intelig\u00eancia governamental em tempo real\",\"publisher\":{\"@id\":\"https:\/\/www.legislapp.com.br\/#organization\"},\"potentialAction\":[{\"@type\":\"SearchAction\",\"target\":{\"@type\":\"EntryPoint\",\"urlTemplate\":\"https:\/\/www.legislapp.com.br\/?s={search_term_string}\"},\"query-input\":{\"@type\":\"PropertyValueSpecification\",\"valueRequired\":true,\"valueName\":\"search_term_string\"}}],\"inLanguage\":\"pt-BR\"},{\"@type\":\"Organization\",\"@id\":\"https:\/\/www.legislapp.com.br\/#organization\",\"name\":\"Legislapp Monitoramento e Intelig\u00eancia Governamental\",\"url\":\"https:\/\/www.legislapp.com.br\/\",\"logo\":{\"@type\":\"ImageObject\",\"inLanguage\":\"pt-BR\",\"@id\":\"https:\/\/www.legislapp.com.br\/#\/schema\/logo\/image\/\",\"url\":\"https:\/\/www.legislapp.com.br\/wp-content\/uploads\/icon.png\",\"contentUrl\":\"https:\/\/www.legislapp.com.br\/wp-content\/uploads\/icon.png\",\"width\":1024,\"height\":1024,\"caption\":\"Legislapp Monitoramento e Intelig\u00eancia Governamental\"},\"image\":{\"@id\":\"https:\/\/www.legislapp.com.br\/#\/schema\/logo\/image\/\"},\"sameAs\":[\"https:\/\/www.instagram.com\/legislapp\/\"]}]}<\/script>\n<!-- \/ Yoast SEO plugin. -->","yoast_head_json":{"title":"Avulso Inicial - PL 5245\/2025 - C\u00e2mara - Legislapp","robots":{"index":"index","follow":"follow","max-snippet":"max-snippet:-1","max-image-preview":"max-image-preview:large","max-video-preview":"max-video-preview:-1"},"canonical":"https:\/\/www.legislapp.com.br\/index.php\/avulso-inicial-pl-5245-2025-camara\/","og_locale":"pt_BR","og_type":"article","og_title":"Avulso Inicial - PL 5245\/2025 - C\u00e2mara - Legislapp","og_description":"Avulso Inicial &#8211; Autoria de Rodolfo Nogueira PROJETO DE LEI N\u00b0 , DE 2025 (Do Sr. Rodolfo Nogueira) Altera o art. 9\u00ba da Lei n\u00ba 14.701, de 20 de outubro de 2023, para vedar expressamente a imposi\u00e7\u00e3o de restri\u00e7\u00f5es administrativas, t\u00e9cnicas, normativas ou cadastrais que impe\u00e7am, limitem ou onerem o pleno exerc\u00edcio dos direitos de [&hellip;]","og_url":"https:\/\/www.legislapp.com.br\/index.php\/avulso-inicial-pl-5245-2025-camara\/","og_site_name":"Legislapp","article_publisher":"https:\/\/www.instagram.com\/legislapp\/","og_image":[{"url":"https:\/\/www.legislapp.com.br\/wp-content\/uploads\/2021\/07\/Logo-Legislapp-1-03-1.png","type":"","width":"","height":""}],"twitter_card":"summary_large_image","twitter_misc":{"Est. tempo de leitura":"3 minutos"},"schema":{"@context":"https:\/\/schema.org","@graph":[{"@type":"WebPage","@id":"https:\/\/www.legislapp.com.br\/index.php\/avulso-inicial-pl-5245-2025-camara\/","url":"https:\/\/www.legislapp.com.br\/index.php\/avulso-inicial-pl-5245-2025-camara\/","name":"Avulso Inicial - PL 5245\/2025 - C\u00e2mara - Legislapp","isPartOf":{"@id":"https:\/\/www.legislapp.com.br\/#website"},"primaryImageOfPage":{"@id":"https:\/\/www.legislapp.com.br\/index.php\/avulso-inicial-pl-5245-2025-camara\/#primaryimage"},"image":{"@id":"https:\/\/www.legislapp.com.br\/index.php\/avulso-inicial-pl-5245-2025-camara\/#primaryimage"},"thumbnailUrl":"https:\/\/www.legislapp.com.br\/wp-content\/uploads\/2021\/07\/Logo-Legislapp-1-03-1.png","datePublished":"2025-12-01T14:46:26+00:00","breadcrumb":{"@id":"https:\/\/www.legislapp.com.br\/index.php\/avulso-inicial-pl-5245-2025-camara\/#breadcrumb"},"inLanguage":"pt-BR","potentialAction":[{"@type":"ReadAction","target":["https:\/\/www.legislapp.com.br\/index.php\/avulso-inicial-pl-5245-2025-camara\/"]}]},{"@type":"ImageObject","inLanguage":"pt-BR","@id":"https:\/\/www.legislapp.com.br\/index.php\/avulso-inicial-pl-5245-2025-camara\/#primaryimage","url":"https:\/\/www.legislapp.com.br\/wp-content\/uploads\/2021\/07\/Logo-Legislapp-1-03-1.png","contentUrl":"https:\/\/www.legislapp.com.br\/wp-content\/uploads\/2021\/07\/Logo-Legislapp-1-03-1.png","width":2679,"height":2697},{"@type":"BreadcrumbList","@id":"https:\/\/www.legislapp.com.br\/index.php\/avulso-inicial-pl-5245-2025-camara\/#breadcrumb","itemListElement":[{"@type":"ListItem","position":1,"name":"In\u00edcio","item":"https:\/\/www.legislapp.com.br\/"},{"@type":"ListItem","position":2,"name":"Avulso Inicial &#8211; PL 5245\/2025 &#8211; C\u00e2mara"}]},{"@type":"WebSite","@id":"https:\/\/www.legislapp.com.br\/#website","url":"https:\/\/www.legislapp.com.br\/","name":"Legislapp","description":"Intelig\u00eancia governamental em tempo real","publisher":{"@id":"https:\/\/www.legislapp.com.br\/#organization"},"potentialAction":[{"@type":"SearchAction","target":{"@type":"EntryPoint","urlTemplate":"https:\/\/www.legislapp.com.br\/?s={search_term_string}"},"query-input":{"@type":"PropertyValueSpecification","valueRequired":true,"valueName":"search_term_string"}}],"inLanguage":"pt-BR"},{"@type":"Organization","@id":"https:\/\/www.legislapp.com.br\/#organization","name":"Legislapp Monitoramento e Intelig\u00eancia Governamental","url":"https:\/\/www.legislapp.com.br\/","logo":{"@type":"ImageObject","inLanguage":"pt-BR","@id":"https:\/\/www.legislapp.com.br\/#\/schema\/logo\/image\/","url":"https:\/\/www.legislapp.com.br\/wp-content\/uploads\/icon.png","contentUrl":"https:\/\/www.legislapp.com.br\/wp-content\/uploads\/icon.png","width":1024,"height":1024,"caption":"Legislapp Monitoramento e Intelig\u00eancia Governamental"},"image":{"@id":"https:\/\/www.legislapp.com.br\/#\/schema\/logo\/image\/"},"sameAs":["https:\/\/www.instagram.com\/legislapp\/"]}]}},"_links":{"self":[{"href":"https:\/\/www.legislapp.com.br\/index.php\/wp-json\/wp\/v2\/pages\/10923","targetHints":{"allow":["GET"]}}],"collection":[{"href":"https:\/\/www.legislapp.com.br\/index.php\/wp-json\/wp\/v2\/pages"}],"about":[{"href":"https:\/\/www.legislapp.com.br\/index.php\/wp-json\/wp\/v2\/types\/page"}],"author":[{"embeddable":true,"href":"https:\/\/www.legislapp.com.br\/index.php\/wp-json\/wp\/v2\/users\/1"}],"replies":[{"embeddable":true,"href":"https:\/\/www.legislapp.com.br\/index.php\/wp-json\/wp\/v2\/comments?post=10923"}],"version-history":[{"count":0,"href":"https:\/\/www.legislapp.com.br\/index.php\/wp-json\/wp\/v2\/pages\/10923\/revisions"}],"wp:attachment":[{"href":"https:\/\/www.legislapp.com.br\/index.php\/wp-json\/wp\/v2\/media?parent=10923"}],"curies":[{"name":"wp","href":"https:\/\/api.w.org\/{rel}","templated":true}]}}