{"id":10942,"date":"2025-12-01T11:47:29","date_gmt":"2025-12-01T14:47:29","guid":{"rendered":"https:\/\/www.legislapp.com.br\/index.php\/avulso-inicial-mpv-1308-2025-camara\/"},"modified":"2025-12-01T11:47:29","modified_gmt":"2025-12-01T14:47:29","slug":"avulso-inicial-mpv-1308-2025-camara","status":"publish","type":"page","link":"https:\/\/www.legislapp.com.br\/index.php\/avulso-inicial-mpv-1308-2025-camara\/","title":{"rendered":"Avulso Inicial &#8211; MPV 1308\/2025 &#8211; C\u00e2mara"},"content":{"rendered":"<h1 style='text-align: center;'>Avulso Inicial &#8211; Autoria de Poder Executivo<\/h3>\n<p><\/p>\n<article>\n<p>MEDIDA PROVIS\u00d3RIA N\u00ba 1.308, DE 8  DE AGOSTO DE 2025 <\/p>\n<p>Disp\u00f5e sobre o licenciamento ambiental<br \/>\nespecial, visando \u00e0 consecu\u00e7\u00e3o eficiente e<br \/>\neficaz de atividades e empreendimentos<br \/>\nestrat\u00e9gicos, nos termos que especifica. <\/p>\n<p>O PRESIDENTE DA REP\u00daBLICA, no uso da atribui\u00e7\u00e3o que lhe confere o art. 62<br \/>\nda Constitui\u00e7\u00e3o, adota a seguinte Medida Provis\u00f3ria, com for\u00e7a de lei: <\/p>\n<p>Art. 1\u00ba  Esta Medida Provis\u00f3ria disp\u00f5e sobre o licenciamento ambiental especial,<br \/>\nvisando \u00e0 consecu\u00e7\u00e3o eficiente e eficaz de atividades e empreendimentos estrat\u00e9gicos, nos<br \/>\ntermos que especifica.<br \/>\nArt. 2\u00ba  A Licen\u00e7a Ambiental Especial \u2013 LAE \u00e9 ato administrativo expedido pela<br \/>\nautoridade licenciadora que estabelece condicionantes que dever\u00e3o ser observadas e cumpridas<br \/>\npelo empreendedor para localiza\u00e7\u00e3o, instala\u00e7\u00e3o e opera\u00e7\u00e3o de atividade ou de empreendimento<br \/>\nestrat\u00e9gico, ainda que utilizador de recursos ambientais, efetiva ou potencialmente causador de<br \/>\nsignificativa degrada\u00e7\u00e3o do meio ambiente, nos termos do regulamento.<br \/>\nArt. 3\u00ba  O procedimento do licenciamento ambiental especial aplica-se a atividades<br \/>\nou empreendimentos estrat\u00e9gicos, assim definidos em decreto mediante proposta bianual do<br \/>\nConselho de Governo, que dimensionar\u00e1 equipe t\u00e9cnica permanentemente dedicada \u00e0 fun\u00e7\u00e3o,<br \/>\nconforme regulamento.<br \/>\n\u00a7 1\u00ba  A autoridade licenciadora dar\u00e1 prioridade \u00e0 an\u00e1lise e \u00e0 decis\u00e3o dos respectivos<br \/>\npedidos de licen\u00e7a ambiental das atividades ou dos empreendimentos definidos como<br \/>\nestrat\u00e9gicos na forma do caput.<br \/>\n\u00a7 2\u00ba  Dever\u00e1 ser priorizada, pelas entidades e pelos \u00f3rg\u00e3os p\u00fablicos de qualquer<br \/>\nesfera federativa, a emiss\u00e3o de anu\u00eancias, licen\u00e7as, autoriza\u00e7\u00f5es, certid\u00f5es, outorgas e outros<br \/>\ndocumentos necess\u00e1rios ao licenciamento ambiental especial.<br \/>\nArt. 4\u00ba  O licenciamento ambiental especial observar\u00e1 os seguintes procedimentos:<br \/>\nI &#8211; defini\u00e7\u00e3o do conte\u00fado e elabora\u00e7\u00e3o do termo de refer\u00eancia \u2013 TR pela autoridade<br \/>\nlicenciadora, ouvidas as autoridades envolvidas, quando for o caso;<br \/>\nII &#8211; requerimento da LAE, acompanhado dos documentos, dos projetos, do<br \/>\ncronograma e dos estudos ambientais exigidos, de responsabilidade do empreendedor, bem<br \/>\ncomo de anu\u00eancias, de licen\u00e7as, de autoriza\u00e7\u00f5es, de certid\u00f5es, de outorgas e de outros<br \/>\ndocumentos necess\u00e1rios ao licenciamento ambiental especial;<br \/>\nIII &#8211; apresenta\u00e7\u00e3o \u00e0 autoridade licenciadora das manifesta\u00e7\u00f5es das autoridades<br \/>\nenvolvidas, quando for o caso;<br \/>\nMP-LICENCIAMENTO AMBIENTAL ESPECIAL     1 <br \/>IV &#8211; an\u00e1lise, pela autoridade licenciadora, dos documentos, dos projetos, do<br \/>\ncronograma e dos estudos ambientais apresentados, realiza\u00e7\u00e3o de audi\u00eancia p\u00fablica e, se<br \/>\nnecess\u00e1rio, solicita\u00e7\u00e3o de informa\u00e7\u00f5es adicionais e complementares, uma \u00fanica vez;<br \/>\nV &#8211; emiss\u00e3o de parecer t\u00e9cnico conclusivo; e<br \/>\nVI &#8211; concess\u00e3o ou indeferimento da LAE.<br \/>\nPar\u00e1grafo \u00fanico.  O estudo pr\u00e9vio de impacto ambiental \u2013 EIA e respectivo relat\u00f3rio<br \/>\nde impacto ambiental \u2013 Rima, conforme TR definido pela autoridade licenciadora, s\u00e3o requisitos<br \/>\npara a emiss\u00e3o da licen\u00e7a ambiental especial.<br \/>\nArt. 5\u00ba O processo de licenciamento ambiental especial deve respeitar o prazo<br \/>\nm\u00e1ximo de doze meses para an\u00e1lise e conclus\u00e3o do processo, que poder\u00e1 ser dividido em etapas,<br \/>\ncontado da entrega do estudo ambiental pertinente e das demais informa\u00e7\u00f5es ou dos<br \/>\ndocumentos requeridos na forma desta Medida Provis\u00f3ria.<br \/>\nArt. 6\u00ba  Esta Medida Provis\u00f3ria entra em vigor na data de sua publica\u00e7\u00e3o.<br \/>\nBras\u00edlia, 8 de agosto de 2025; 204\u00ba da Independ\u00eancia e 137\u00ba da Rep\u00fablica. <\/p>\n<p>MP-LICENCIAMENTO AMBIENTAL ESPECIAL     2 <br \/> <br \/>\nEM n\u00ba 00031\/2025 MMA <\/p>\n<p>Bras\u00edlia, 8 de Agosto de 2025<br \/>\nExcelent\u00edssimo Senhor Presidente da Rep\u00fablica,<br \/>\n1.                Submeto \u00e0 elevada aprecia\u00e7\u00e3o de Vossa Excel\u00eancia a presente Medida Provis\u00f3ria, que<br \/>\nprop\u00f5e, na esteira da aprova\u00e7\u00e3o congressual da nova Lei Geral do Licenciamento Ambiental, a<br \/>\ninstitui\u00e7\u00e3o da Licen\u00e7a Ambiental Especial \u2013 LAE, com o prop\u00f3sito de conferir maior efici\u00eancia e<br \/>\nceleridade \u00e0 autoriza\u00e7\u00e3o de atividades e empreendimentos considerados estrat\u00e9gicos para o<br \/>\ndesenvolvimento nacional. <\/p>\n<p>2.                A inova\u00e7\u00e3o pretendida \u00e9 originariamente fruto do processo legislativo que originou a Lei,<br \/>\nque disp\u00f5e sobre o licenciamento ambiental; regulamenta o inciso IV do \u00a7 1\u00ba do art. 225 da<br \/>\nConstitui\u00e7\u00e3o Federal; altera as Leis n\u00bas 9.605, de 12 de fevereiro de 1998, e 9.985, de 18 de julho de<br \/>\n2000; revoga dispositivo da Lei n\u00ba 7.661, de 16 de maio de 1988; e d\u00e1 outras provid\u00eancias. Trata-se<br \/>\nde novo mecanismo para prioriza\u00e7\u00e3o do processo de licenciamento ambiental para aquelas atividades<br \/>\ne empreendimentos considerados pelo Poder Executivo como estrat\u00e9gicos, elencados pelo Conselho<br \/>\nde Governo. Esse conselho tamb\u00e9m ser\u00e1 respons\u00e1vel por dimensionar uma equipe t\u00e9cnica dedicada<br \/>\nexclusivamente \u00e0 an\u00e1lise desses processos. <\/p>\n<p>3.                A nova lei, por\u00e9m, tem uma vacatio legis de cento e oitenta dias. A presente medida<br \/>\nprovis\u00f3ria visa a dar efic\u00e1cia imediata a esse instituto jur\u00eddico. <\/p>\n<p>4.                Nos termos propostos, a Licen\u00e7a Ambiental Especial \u2013 LAE \u00e9 caracterizada como um ato<br \/>\nadministrativo expedido pela autoridade licenciadora competente, que estabelece condicionantes<br \/>\nespec\u00edficas a serem observadas pelo empreendedor, visando \u00e0 agilidade nos licenciamentos<br \/>\nestrat\u00e9gicos para o Pa\u00eds. <\/p>\n<p>5.                A relev\u00e2ncia da presente Medida Provis\u00f3ria consiste no fato de que atividades e<br \/>\nempreendimentos estrat\u00e9gicos s\u00e3o vitais para o desenvolvimento econ\u00f4mico do Brasil. A sociedade<br \/>\nanseia por solu\u00e7\u00f5es eficientes na infraestrutura nacional, desde que preservado o meio ambiente nos<br \/>\ntermos postos pela Constitui\u00e7\u00e3o Federal e pela legisla\u00e7\u00e3o nacional. <\/p>\n<p>6.                A urg\u00eancia est\u00e1 presente eis que existem atividades e empreendimentos estrat\u00e9gicos para <br \/>a vida nacional que requerem licenciamento ambiental suficientemente c\u00e9leres e capazes de manter<br \/>\no meio ambiente ecologicamente equilibrado, consoante o disposto no art. 225 da Constitui\u00e7\u00e3o<br \/>\nFederal. <\/p>\n<p>7.                Nesse sentido, a edi\u00e7\u00e3o da Medida Provis\u00f3ria veicula objeto que possibilita a<br \/>\noperacionaliza\u00e7\u00e3o do procedimento para a emiss\u00e3o da LAE, o que destaca o requisito de urg\u00eancia<br \/>\nconstitucional na medida em que a instala\u00e7\u00e3o, a implanta\u00e7\u00e3o e a opera\u00e7\u00e3o dos empreendimentos e<br \/>\natividades deve se pautar em um processo que resguarde o meio ambiente sem comprometer a<br \/>\nefici\u00eancia administrativa, nos termos do art. 37, caput, da Constitui\u00e7\u00e3o Federal. <\/p>\n<p>8.                Diante disso, apresenta-se esta Medida Provis\u00f3ria com o objetivo de viabilizar a emiss\u00e3o<br \/>\nde LAE em compasso com a Lei Geral de Licenciamento Ambiental, a fim de evitar preju\u00edzos \u00e0<br \/>\ncoletividade e ao interesse p\u00fablico. <\/p>\n<p>9.                A proposta tamb\u00e9m n\u00e3o acarreta aumento de despesa ou ren\u00fancia de receita, raz\u00e3o pela<br \/>\nqual atende \u00e0s normas constitucionais e legais relativas \u00e0s finan\u00e7as p\u00fablicas. <\/p>\n<p>10.              Essas, Excelent\u00edssimo Senhor Presidente, s\u00e3o as raz\u00f5es que justificam a elabora\u00e7\u00e3o da<br \/>\nMedida Provis\u00f3ria que ora submetemos \u00e0 considera\u00e7\u00e3o de Vossa Excel\u00eancia.<br \/>\nRespeitosamente, <\/p>\n<p>Assinado eletronicamente por: Marina Silva <br \/> <br \/>\nMENSAGEM N\u00ba 1.098 <\/p>\n<p>Senhores Membros do Congresso Nacional, <\/p>\n<p>Nos termos do art. 62 da Constitui\u00e7\u00e3o, submeto \u00e0 elevada delibera\u00e7\u00e3o de<br \/>\nVossas Excel\u00eancias o texto da Medida Provis\u00f3ria n\u00ba 1.308, de 8 de agosto de 2025, que<br \/>\n\u201cDisp\u00f5e sobre o licenciamento ambiental especial, visando \u00e0 consecu\u00e7\u00e3o eficiente e<br \/>\neficaz de atividades e empreendimentos estrat\u00e9gicos, nos termos que especifica.\u201d. <\/p>\n<p>Bras\u00edlia, 8 de agosto de 2025. <\/p>\n<p> 02000.009784\/2025-23<\/p>\n<p>PRESID\u00caNCIA DA REP\u00daBLICA<br \/>\nCasa Civil<\/p>\n<p>                   OF\u00cdCIO N\u00ba 1280\/2025\/CC\/PR<br \/>\nBras\u00edlia, na data da assinatura digital.    <\/p>\n<p>A Sua Excel\u00eancia a Senhora<br \/>\nSenadora Daniella Ribeiro<br \/>\nPrimeira-Secret\u00e1ria<br \/>\nSenado Federal Bloco 2 \u2013 2\u00ba Pavimento<br \/>\n70165-900 Bras\u00edlia\/DF<\/p>\n<p>Assunto: Medida Provis\u00f3ria. <\/p>\n<p>Senhora Primeira-Secret\u00e1ria,<\/p>\n<p>Encaminho Mensagem com a qual o Senhor Presidente da Rep\u00fablica submete \u00e0<br \/>\ndelibera\u00e7\u00e3o do Congresso Nacional o texto da Medida Provis\u00f3ria n\u00ba 1.308, de 8 de agosto de 2025,<br \/>\nque \u201cDisp\u00f5e sobre o licenciamento ambiental especial, visando \u00e0 consecu\u00e7\u00e3o e\ufb01ciente e e\ufb01caz de<br \/>\natividades e empr eendimentos estrat\u00e9gicos, nos termos que especi\ufb01ca.\u201d.<\/p>\n<p>Atenciosamente,<\/p>\n<p>MIRIAM BELCHIOR<br \/>\nMinistra de Estado substitut a<br \/>\nDocumento assinado eletronicamente por Miriam Belchior, Ministro(a) de Estado da Casa Civil da<br \/>\nPresid\u00eancia da Rep\u00fablica substi tuto(a), em 08\/08\/2025, \u00e0s 18:04, conforme hor\u00e1rio o\ufb01cial de Bras\u00edlia, com<br \/>\nfundamento no \u00a7 3\u00ba do art. 4\u00ba, do Decreto n\u00ba 10.543, de 13 de novembro de 2020.<br \/>\nA autenticidade do documento pode ser conferida informando o c\u00f3digo verificador 6905281 e o c\u00f3digo CRC<br \/>\n48781B 6E no site:<br \/>\nht t ps : \/ \/ pr ot oc ol o.pr e s i de nc i a .gov.br \/ c ont r ol a dor _e xt e r no.php?<br \/>\na c a o= doc um e nt o_c onf e r i r &#038; i d_orga o_a c e s s o_e xt e r no= 0<br \/>\nRefer\u00eancia: Caso responda este Of\u00ed cio, indicar expressamente o Processo n\u00ba 02000.009784\/2025-23 SEI n\u00ba 6905281<br \/>\nPal\u00e1cio do Planalto &#8211; 4\u00ba andar &#8211; Sala: 426 &#8211; Telefone: 61-3411-1121<br \/>\nCEP 70150-900 &#8211; Bras\u00edlia\/DF &#8211; http s:\/\/www.gov.br\/planalto\/pt-br<br \/>\n <\/article>\n<p><a href='https:\/\/app.legislapp.com.br\/#\/busca?termo='><\/a><\/p>\n<div style=\"text-align: center\">\n      <img decoding=\"async\" style=\"width: 14%;\" src=\"https:\/\/www.legislapp.com.br\/wp-content\/uploads\/2021\/07\/Logo-Legislapp-1-03-1.png\"><br \/>\n      <\/p>\n<div style=\"margin-bottom: 20px;\" class=\"et_pb_button_module_wrapper et_pb_button_5_tb_body_wrapper et_pb_button_alignment_center et_pb_module \">\n         <a class=\"et_pb_button et_pb_button_5_tb_body et_hover_enabled et_pb_bg_layout_dark\" style=\"width: 50%;background-color: black;\" href=\"https:\/\/app.legislapp.com.br\" target=\"_blank\" rel=\"noopener\">Visualizar completo na nossa plataforma (30 dias gr\u00e1tis)<\/a><\/p><\/div>\n<p>      <a href=\"https:\/\/play.google.com\/store\/apps\/details?id=br.com.legislapp\"><img decoding=\"async\" style=\"width: 15%; min-width: 130px;\" src=\"https:\/\/www.legislapp.com.br\/wp-content\/uploads\/google-play.png\"><\/a><br \/>\n      <a href=\"https:\/\/apps.apple.com\/us\/app\/legislapp\/id1568929859\"><img decoding=\"async\" style=\"width: 15%; min-width: 130px\" src=\"https:\/\/www.legislapp.com.br\/wp-content\/uploads\/apple-store.png\"><\/a>\n   <\/div>\n","protected":false},"excerpt":{"rendered":"<p>Avulso Inicial &#8211; Autoria de Poder Executivo MEDIDA PROVIS\u00d3RIA N\u00ba 1.308, DE 8 DE AGOSTO DE 2025 Disp\u00f5e sobre o licenciamento ambiental especial, visando \u00e0 consecu\u00e7\u00e3o eficiente e eficaz de atividades e empreendimentos estrat\u00e9gicos, nos termos que especifica. O PRESIDENTE DA REP\u00daBLICA, no uso da atribui\u00e7\u00e3o que lhe confere o art. 62 da Constitui\u00e7\u00e3o, adota [&hellip;]<\/p>\n","protected":false},"author":1,"featured_media":0,"parent":0,"menu_order":0,"comment_status":"closed","ping_status":"closed","template":"page-template-blank.php","meta":{"_et_pb_use_builder":"","_et_pb_old_content":"","_et_gb_content_width":"1080","ngg_post_thumbnail":0,"footnotes":""},"class_list":["post-10942","page","type-page","status-publish","hentry"],"yoast_head":"<!-- This site is optimized with the Yoast SEO plugin v24.4 - https:\/\/yoast.com\/wordpress\/plugins\/seo\/ -->\n<title>Avulso Inicial - MPV 1308\/2025 - C\u00e2mara - Legislapp<\/title>\n<meta name=\"robots\" content=\"index, follow, max-snippet:-1, max-image-preview:large, max-video-preview:-1\" \/>\n<link rel=\"canonical\" href=\"https:\/\/www.legislapp.com.br\/index.php\/avulso-inicial-mpv-1308-2025-camara\/\" \/>\n<meta property=\"og:locale\" content=\"pt_BR\" \/>\n<meta property=\"og:type\" content=\"article\" \/>\n<meta property=\"og:title\" content=\"Avulso Inicial - MPV 1308\/2025 - C\u00e2mara - Legislapp\" \/>\n<meta property=\"og:description\" content=\"Avulso Inicial &#8211; Autoria de Poder Executivo MEDIDA PROVIS\u00d3RIA N\u00ba 1.308, DE 8 DE AGOSTO DE 2025 Disp\u00f5e sobre o licenciamento ambiental especial, visando \u00e0 consecu\u00e7\u00e3o eficiente e eficaz de atividades e empreendimentos estrat\u00e9gicos, nos termos que especifica. O PRESIDENTE DA REP\u00daBLICA, no uso da atribui\u00e7\u00e3o que lhe confere o art. 62 da Constitui\u00e7\u00e3o, adota [&hellip;]\" \/>\n<meta property=\"og:url\" content=\"https:\/\/www.legislapp.com.br\/index.php\/avulso-inicial-mpv-1308-2025-camara\/\" \/>\n<meta property=\"og:site_name\" content=\"Legislapp\" \/>\n<meta property=\"article:publisher\" content=\"https:\/\/www.instagram.com\/legislapp\/\" \/>\n<meta property=\"og:image\" content=\"https:\/\/www.legislapp.com.br\/wp-content\/uploads\/2021\/07\/Logo-Legislapp-1-03-1.png\" \/>\n<meta name=\"twitter:card\" content=\"summary_large_image\" \/>\n<meta name=\"twitter:label1\" content=\"Est. tempo de leitura\" \/>\n\t<meta name=\"twitter:data1\" content=\"7 minutos\" \/>\n<script type=\"application\/ld+json\" class=\"yoast-schema-graph\">{\"@context\":\"https:\/\/schema.org\",\"@graph\":[{\"@type\":\"WebPage\",\"@id\":\"https:\/\/www.legislapp.com.br\/index.php\/avulso-inicial-mpv-1308-2025-camara\/\",\"url\":\"https:\/\/www.legislapp.com.br\/index.php\/avulso-inicial-mpv-1308-2025-camara\/\",\"name\":\"Avulso Inicial - MPV 1308\/2025 - C\u00e2mara - Legislapp\",\"isPartOf\":{\"@id\":\"https:\/\/www.legislapp.com.br\/#website\"},\"primaryImageOfPage\":{\"@id\":\"https:\/\/www.legislapp.com.br\/index.php\/avulso-inicial-mpv-1308-2025-camara\/#primaryimage\"},\"image\":{\"@id\":\"https:\/\/www.legislapp.com.br\/index.php\/avulso-inicial-mpv-1308-2025-camara\/#primaryimage\"},\"thumbnailUrl\":\"https:\/\/www.legislapp.com.br\/wp-content\/uploads\/2021\/07\/Logo-Legislapp-1-03-1.png\",\"datePublished\":\"2025-12-01T14:47:29+00:00\",\"breadcrumb\":{\"@id\":\"https:\/\/www.legislapp.com.br\/index.php\/avulso-inicial-mpv-1308-2025-camara\/#breadcrumb\"},\"inLanguage\":\"pt-BR\",\"potentialAction\":[{\"@type\":\"ReadAction\",\"target\":[\"https:\/\/www.legislapp.com.br\/index.php\/avulso-inicial-mpv-1308-2025-camara\/\"]}]},{\"@type\":\"ImageObject\",\"inLanguage\":\"pt-BR\",\"@id\":\"https:\/\/www.legislapp.com.br\/index.php\/avulso-inicial-mpv-1308-2025-camara\/#primaryimage\",\"url\":\"https:\/\/www.legislapp.com.br\/wp-content\/uploads\/2021\/07\/Logo-Legislapp-1-03-1.png\",\"contentUrl\":\"https:\/\/www.legislapp.com.br\/wp-content\/uploads\/2021\/07\/Logo-Legislapp-1-03-1.png\",\"width\":2679,\"height\":2697},{\"@type\":\"BreadcrumbList\",\"@id\":\"https:\/\/www.legislapp.com.br\/index.php\/avulso-inicial-mpv-1308-2025-camara\/#breadcrumb\",\"itemListElement\":[{\"@type\":\"ListItem\",\"position\":1,\"name\":\"In\u00edcio\",\"item\":\"https:\/\/www.legislapp.com.br\/\"},{\"@type\":\"ListItem\",\"position\":2,\"name\":\"Avulso Inicial &#8211; MPV 1308\/2025 &#8211; C\u00e2mara\"}]},{\"@type\":\"WebSite\",\"@id\":\"https:\/\/www.legislapp.com.br\/#website\",\"url\":\"https:\/\/www.legislapp.com.br\/\",\"name\":\"Legislapp\",\"description\":\"Intelig\u00eancia governamental em tempo real\",\"publisher\":{\"@id\":\"https:\/\/www.legislapp.com.br\/#organization\"},\"potentialAction\":[{\"@type\":\"SearchAction\",\"target\":{\"@type\":\"EntryPoint\",\"urlTemplate\":\"https:\/\/www.legislapp.com.br\/?s={search_term_string}\"},\"query-input\":{\"@type\":\"PropertyValueSpecification\",\"valueRequired\":true,\"valueName\":\"search_term_string\"}}],\"inLanguage\":\"pt-BR\"},{\"@type\":\"Organization\",\"@id\":\"https:\/\/www.legislapp.com.br\/#organization\",\"name\":\"Legislapp Monitoramento e Intelig\u00eancia Governamental\",\"url\":\"https:\/\/www.legislapp.com.br\/\",\"logo\":{\"@type\":\"ImageObject\",\"inLanguage\":\"pt-BR\",\"@id\":\"https:\/\/www.legislapp.com.br\/#\/schema\/logo\/image\/\",\"url\":\"https:\/\/www.legislapp.com.br\/wp-content\/uploads\/icon.png\",\"contentUrl\":\"https:\/\/www.legislapp.com.br\/wp-content\/uploads\/icon.png\",\"width\":1024,\"height\":1024,\"caption\":\"Legislapp Monitoramento e Intelig\u00eancia Governamental\"},\"image\":{\"@id\":\"https:\/\/www.legislapp.com.br\/#\/schema\/logo\/image\/\"},\"sameAs\":[\"https:\/\/www.instagram.com\/legislapp\/\"]}]}<\/script>\n<!-- \/ Yoast SEO plugin. -->","yoast_head_json":{"title":"Avulso Inicial - MPV 1308\/2025 - C\u00e2mara - Legislapp","robots":{"index":"index","follow":"follow","max-snippet":"max-snippet:-1","max-image-preview":"max-image-preview:large","max-video-preview":"max-video-preview:-1"},"canonical":"https:\/\/www.legislapp.com.br\/index.php\/avulso-inicial-mpv-1308-2025-camara\/","og_locale":"pt_BR","og_type":"article","og_title":"Avulso Inicial - MPV 1308\/2025 - C\u00e2mara - Legislapp","og_description":"Avulso Inicial &#8211; Autoria de Poder Executivo MEDIDA PROVIS\u00d3RIA N\u00ba 1.308, DE 8 DE AGOSTO DE 2025 Disp\u00f5e sobre o licenciamento ambiental especial, visando \u00e0 consecu\u00e7\u00e3o eficiente e eficaz de atividades e empreendimentos estrat\u00e9gicos, nos termos que especifica. O PRESIDENTE DA REP\u00daBLICA, no uso da atribui\u00e7\u00e3o que lhe confere o art. 62 da Constitui\u00e7\u00e3o, adota [&hellip;]","og_url":"https:\/\/www.legislapp.com.br\/index.php\/avulso-inicial-mpv-1308-2025-camara\/","og_site_name":"Legislapp","article_publisher":"https:\/\/www.instagram.com\/legislapp\/","og_image":[{"url":"https:\/\/www.legislapp.com.br\/wp-content\/uploads\/2021\/07\/Logo-Legislapp-1-03-1.png","type":"","width":"","height":""}],"twitter_card":"summary_large_image","twitter_misc":{"Est. tempo de leitura":"7 minutos"},"schema":{"@context":"https:\/\/schema.org","@graph":[{"@type":"WebPage","@id":"https:\/\/www.legislapp.com.br\/index.php\/avulso-inicial-mpv-1308-2025-camara\/","url":"https:\/\/www.legislapp.com.br\/index.php\/avulso-inicial-mpv-1308-2025-camara\/","name":"Avulso Inicial - MPV 1308\/2025 - C\u00e2mara - Legislapp","isPartOf":{"@id":"https:\/\/www.legislapp.com.br\/#website"},"primaryImageOfPage":{"@id":"https:\/\/www.legislapp.com.br\/index.php\/avulso-inicial-mpv-1308-2025-camara\/#primaryimage"},"image":{"@id":"https:\/\/www.legislapp.com.br\/index.php\/avulso-inicial-mpv-1308-2025-camara\/#primaryimage"},"thumbnailUrl":"https:\/\/www.legislapp.com.br\/wp-content\/uploads\/2021\/07\/Logo-Legislapp-1-03-1.png","datePublished":"2025-12-01T14:47:29+00:00","breadcrumb":{"@id":"https:\/\/www.legislapp.com.br\/index.php\/avulso-inicial-mpv-1308-2025-camara\/#breadcrumb"},"inLanguage":"pt-BR","potentialAction":[{"@type":"ReadAction","target":["https:\/\/www.legislapp.com.br\/index.php\/avulso-inicial-mpv-1308-2025-camara\/"]}]},{"@type":"ImageObject","inLanguage":"pt-BR","@id":"https:\/\/www.legislapp.com.br\/index.php\/avulso-inicial-mpv-1308-2025-camara\/#primaryimage","url":"https:\/\/www.legislapp.com.br\/wp-content\/uploads\/2021\/07\/Logo-Legislapp-1-03-1.png","contentUrl":"https:\/\/www.legislapp.com.br\/wp-content\/uploads\/2021\/07\/Logo-Legislapp-1-03-1.png","width":2679,"height":2697},{"@type":"BreadcrumbList","@id":"https:\/\/www.legislapp.com.br\/index.php\/avulso-inicial-mpv-1308-2025-camara\/#breadcrumb","itemListElement":[{"@type":"ListItem","position":1,"name":"In\u00edcio","item":"https:\/\/www.legislapp.com.br\/"},{"@type":"ListItem","position":2,"name":"Avulso Inicial &#8211; MPV 1308\/2025 &#8211; C\u00e2mara"}]},{"@type":"WebSite","@id":"https:\/\/www.legislapp.com.br\/#website","url":"https:\/\/www.legislapp.com.br\/","name":"Legislapp","description":"Intelig\u00eancia governamental em tempo real","publisher":{"@id":"https:\/\/www.legislapp.com.br\/#organization"},"potentialAction":[{"@type":"SearchAction","target":{"@type":"EntryPoint","urlTemplate":"https:\/\/www.legislapp.com.br\/?s={search_term_string}"},"query-input":{"@type":"PropertyValueSpecification","valueRequired":true,"valueName":"search_term_string"}}],"inLanguage":"pt-BR"},{"@type":"Organization","@id":"https:\/\/www.legislapp.com.br\/#organization","name":"Legislapp Monitoramento e Intelig\u00eancia Governamental","url":"https:\/\/www.legislapp.com.br\/","logo":{"@type":"ImageObject","inLanguage":"pt-BR","@id":"https:\/\/www.legislapp.com.br\/#\/schema\/logo\/image\/","url":"https:\/\/www.legislapp.com.br\/wp-content\/uploads\/icon.png","contentUrl":"https:\/\/www.legislapp.com.br\/wp-content\/uploads\/icon.png","width":1024,"height":1024,"caption":"Legislapp Monitoramento e Intelig\u00eancia Governamental"},"image":{"@id":"https:\/\/www.legislapp.com.br\/#\/schema\/logo\/image\/"},"sameAs":["https:\/\/www.instagram.com\/legislapp\/"]}]}},"_links":{"self":[{"href":"https:\/\/www.legislapp.com.br\/index.php\/wp-json\/wp\/v2\/pages\/10942","targetHints":{"allow":["GET"]}}],"collection":[{"href":"https:\/\/www.legislapp.com.br\/index.php\/wp-json\/wp\/v2\/pages"}],"about":[{"href":"https:\/\/www.legislapp.com.br\/index.php\/wp-json\/wp\/v2\/types\/page"}],"author":[{"embeddable":true,"href":"https:\/\/www.legislapp.com.br\/index.php\/wp-json\/wp\/v2\/users\/1"}],"replies":[{"embeddable":true,"href":"https:\/\/www.legislapp.com.br\/index.php\/wp-json\/wp\/v2\/comments?post=10942"}],"version-history":[{"count":0,"href":"https:\/\/www.legislapp.com.br\/index.php\/wp-json\/wp\/v2\/pages\/10942\/revisions"}],"wp:attachment":[{"href":"https:\/\/www.legislapp.com.br\/index.php\/wp-json\/wp\/v2\/media?parent=10942"}],"curies":[{"name":"wp","href":"https:\/\/api.w.org\/{rel}","templated":true}]}}