{"id":10945,"date":"2025-12-01T11:47:37","date_gmt":"2025-12-01T14:47:37","guid":{"rendered":"https:\/\/www.legislapp.com.br\/index.php\/avulso-inicial-mpv-1311-2025-camara\/"},"modified":"2025-12-01T11:47:37","modified_gmt":"2025-12-01T14:47:37","slug":"avulso-inicial-mpv-1311-2025-camara","status":"publish","type":"page","link":"https:\/\/www.legislapp.com.br\/index.php\/avulso-inicial-mpv-1311-2025-camara\/","title":{"rendered":"Avulso Inicial &#8211; MPV 1311\/2025 &#8211; C\u00e2mara"},"content":{"rendered":"<h1 style='text-align: center;'>Avulso Inicial &#8211; Autoria de Poder Executivo<\/h3>\n<p><\/p>\n<article>Se\u00e7\u00e3o 1 ISSN 1677-7042 N\u00ba 166, ter\u00e7a-feira, 2 de setembro de 2025<br \/>\n\u00d3RG\u00c3O: 71000 &#8211; Encargos Financeiros da Uni\u00e3o<br \/>\nUNIDADE: 71905 &#8211; Fundo de Garantia \u00e0 Exporta\u00e7\u00e3o &#8211; Recursos sob Supervis\u00e3o do Minist\u00e9rio da Fazenda<br \/>\nANEXO Cr\u00e9dito Extraordin\u00e1rio<br \/>\nPROGRAMA DE TRABALHO (APLICA\u00c7\u00c3O) Recurso de Todas as Fontes R$ 1,00<br \/>\n.P R O G R A M \u00c1T I C A .P R O G R A M A \/ A\u00c7 \u00c3O \/ LO C A L I Z A D O R \/ P R O D U T O .FUNCIONAL .E .G .R .M .I .F V A LO R<br \/>\nS N P O U T<br \/>\nF D D E<br \/>\n0909 Opera\u00e7\u00f5es Especiais: Outros Encargos Especiais 30.000.000.000<br \/>\n.Opera\u00e7\u00f5es Especiais<br \/>\n0909 00XO Financiamentos a Pessoas F\u00edsicas e Jur\u00eddicas de Direito Privado 28 846 30.000.000.000<br \/>\nExportadoras de Bens e Servi\u00e7os, bem como seus Fornecedores,<br \/>\nabrangidos pelo Plano Brasil Soberano<br \/>\n0909 00XO 6500 Financiamentos a Pessoas F\u00edsicas e Jur\u00eddicas de Direito Privado 28 846 30.000.000.000<br \/>\nExportadoras de Bens e Servi\u00e7os, bem como seus Fornecedores,<br \/>\nabrangidos pelo Plano Brasil Soberano &#8211; Nacional (Cr\u00e9dito<br \/>\nExtraordin\u00e1rio)<br \/>\n. .Financiamento concedido (unidade): 8.424 (Acr\u00e9scimo) . .F .5-IFI .0 .90 .0 .3050 30.000.000.000<br \/>\n.TOTAL &#8211; FISCAL 30.000.000.000<br \/>\n.TOTAL &#8211; S EG U R I DA D E 0<br \/>\n.TOTAL &#8211; GERAL 30.000.000.000<br \/>\nMEDIDA PROVIS\u00d3RIA N\u00ba 1.311, DE 1\u00ba DE SETEMBRO DE 2025<br \/>\nAbre cr\u00e9dito extraordin\u00e1rio, em favor do Minist\u00e9rio do Desenvolvimento e Assist\u00eancia Social,<br \/>\nFam\u00edlia e Combate \u00e0 Fome, no valor de R$ 30.590.400,00, para os fins que especifica.<br \/>\nO PRESIDENTE DA REP\u00daBLICA, no uso da atribui\u00e7\u00e3o que lhe confere o art. 62, combinado com o art. 167, \u00a7 3\u00ba, da Constitui\u00e7\u00e3o, adota a seguinte Medida Provis\u00f3ria,<br \/>\ncom for\u00e7a de lei:<br \/>\nArt. 1\u00ba Fica aberto cr\u00e9dito extraordin\u00e1rio, em favor do Minist\u00e9rio do Desenvolvimento e Assist\u00eancia Social, Fam\u00edlia e Combate \u00e0 Fome, no valor de R$ 30.590.400,00 (trinta<br \/>\nmilh\u00f5es quinhentos e noventa mil quatrocentos reais), para atender \u00e0 programa\u00e7\u00e3o constante do Anexo.<br \/>\nArt. 2\u00ba Esta Medida Provis\u00f3ria entra em vigor na data de sua publica\u00e7\u00e3o.<br \/>\nBras\u00edlia, 1\u00ba de setembro de 2025; 204\u00ba da Independ\u00eancia e 137\u00ba da Rep\u00fablica.<br \/>\nLUIZ IN\u00c1CIO LULA DA SILVA<br \/>\nSimone Nassar Tebet<br \/>\n\u00d3RG\u00c3O: 55000 &#8211; Minist\u00e9rio do Desenvolvimento e Assist\u00eancia Social, Fam\u00edlia e Combate \u00e0 Fome<br \/>\nUNIDADE: 55101 &#8211; Minist\u00e9rio do Desenvolvimento e Assist\u00eancia Social, Fam\u00edlia e Combate \u00e0 Fome &#8211;<br \/>\nAdministra\u00e7\u00e3o Direta<br \/>\nANEXO Cr\u00e9dito Extraordin\u00e1rio<br \/>\nPROGRAMA DE TRABALHO (APLICA\u00c7\u00c3O) Recurso de Todas as Fontes R$ 1,00<br \/>\n.P R O G R A M \u00c1T I C A . P R O G R A M A \/ A\u00c7 \u00c3O \/ LO C A L I Z A D O R \/ P R O D U T O .FUNCIONAL .E . G .R .M .I .F V A LO R<br \/>\nS N P O U T<br \/>\nF D D E<br \/>\n5133 Seguran\u00e7a Alimentar e Nutricional e Combate \u00e0 Fome 30.590.400<br \/>\n. At i v i d a d e s<br \/>\n5133 20GD Inclus\u00e3o Produtiva Rural 08 244 17.590.400<br \/>\n5133 20GD Inclus\u00e3o Produtiva Rural &#8211; Na Regi\u00e3o Norte (Cr\u00e9dito 08 244 17.590.400<br \/>\n6504 Extraordin\u00e1rio &#8211; Emerg\u00eancia Fitossanit\u00e1ria)<br \/>\nFam\u00edlia atendida (unidade): 3.824 (Acr\u00e9scimo) S 3- 2 90 0 1000 17.590.400<br \/>\nODC<br \/>\n5133 2792 Distribui\u00e7\u00e3o de Alimentos a Grupos Populacionais 08 244 13.000.000<br \/>\nTradicionais e Espec\u00edficos e a Fam\u00edlias em Situa\u00e7\u00e3o de<br \/>\nInseguran\u00e7a Alimentar e Nutricional Advindas de<br \/>\nSitua\u00e7\u00f5es de Emerg\u00eancia ou Calamidade P\u00fablica<br \/>\n5133 2792 Distribui\u00e7\u00e3o de Alimentos a Grupos Populacionais 08 244 13.000.000<br \/>\n6504 Tradicionais e Espec\u00edficos e a Fam\u00edlias em Situa\u00e7\u00e3o de<br \/>\nInseguran\u00e7a Alimentar e Nutricional Advindas de Situa\u00e7\u00f5es<br \/>\nde Emerg\u00eancia ou Calamidade P\u00fablica &#8211; Na Regi\u00e3o Norte<br \/>\n(Cr\u00e9dito Extraordin\u00e1rio &#8211; Emerg\u00eancia Fitossanit\u00e1ria)<br \/>\n. .Fam\u00edlia beneficiada (unidade): 23.496 (Acr\u00e9scimo) . . .3- . 2 . . 0 . 13.000.000<br \/>\nS ODC 90 1000<br \/>\n.TOTAL &#8211; FISCAL 0<br \/>\n.TOTAL &#8211; S EG U R I DA D E 30.590.400<br \/>\n.TOTAL &#8211; GERAL 30.590.400<br \/>\nMEDIDA PROVIS\u00d3RIA N\u00ba 1.312, DE 1\u00ba DE SETEMBRO DE 2025<br \/>\nAbre cr\u00e9dito extraordin\u00e1rio, em favor do Minist\u00e9rio da Agricultura e Pecu\u00e1ria, no valor de R$<br \/>\n83.500.000,00, para o fim que especifica.<br \/>\nO PRESIDENTE DA REP\u00daBLICA, no uso da atribui\u00e7\u00e3o que lhe confere o art. 62, combinado com o art. 167, \u00a7 3\u00ba, da Constitui\u00e7\u00e3o, adota a seguinte Medida Provis\u00f3ria, com for\u00e7a de lei:<br \/>\nArt. 1\u00ba Fica aberto cr\u00e9dito extraordin\u00e1rio, em favor do Minist\u00e9rio da Agricultura e Pecu\u00e1ria, no valor de R$ 83.500.000,00 (oitenta e tr\u00eas milh\u00f5es e quinhentos mil reais), para atender<br \/>\n\u00e0 programa\u00e7\u00e3o constante do Anexo.<br \/>\nArt. 2\u00ba Esta Medida Provis\u00f3ria entra em vigor na data de sua publica\u00e7\u00e3o.<br \/>\nBras\u00edlia, 1\u00ba de setembro de 2025; 204\u00ba da Independ\u00eancia e 137\u00ba da Rep\u00fablica.<br \/>\nLUIZ IN\u00c1CIO LULA DA SILVA<br \/>\nSimone Nassar Tebet<br \/>\nPRESID\u00caNCIA DA REP\u00daBLICA \u2022 CASA CIVIL \u2022 IMPRENSA NACIONAL<br \/>\nLUIZ IN\u00c1CIO LULA DA SILVA RUI COSTA DOS SANTOS<br \/>\nAFONSO OLIVEIRA DE ALMEIDA<br \/>\nPresidente da Rep\u00fablica Ministro de Estado Chefe da Casa Civil Diretor-Geral da Imprensa Nacional<br \/>\nDI\u00c1RIO OFICIAL DA UNI\u00c3O<br \/>\n\u00b0<br \/>\nEm circula\u00e7\u00e0o desde 1 de outubro de 1862<br \/>\nLARISSA CANDIDA COSTA ALEXANDRE MIRANDA MACHADO<br \/>\nCoordenadora-Geral de Publica\u00e7\u00e3o, Produ\u00e7\u00e3o e Preserva\u00e7\u00e3o<br \/>\nCoordenador de Publica\u00e7\u00e3o do Di\u00e1rio Oficial da Uni\u00e3o<br \/>\nSE\u00c7\u00c3O 1 \u2022 Publica\u00e7\u00e3o de atos normativos<br \/>\nSE\u00c7\u00c3O 2 \u2022 Publica\u00e7\u00e3o de atos relativos a pessoal da Administra\u00e7\u00e3o P\u00cdlblica Federal<br \/>\nSE\u00c7\u00c3O 3 \u2022 Publica\u00e7\u00e3o de contratos, editais, avisos e ineditoriais<br \/>\nwww.in.gov.br ouvidoria@in.gov.br<br \/>\nSIG, Quadra 6, Lote 800, CEP 70610-460, Bras\u00edlia &#8211; DF<br \/>\nCNPJ: 04196645\/0001-00 Fone: (61) 3411-9450<br \/>\nEste documento pode ser verificado no endere\u00e7o eletr\u00f4nico Documento assinado digitalmente conforme MP n\u00ba 2.200-2 de 24\/08\/2001,<br \/>\n2<br \/>\nhttp:\/\/www.in.gov.br\/autenticidade.html, pelo c\u00f3digo 05152025090200002 que institui a Infraestrutura de Chaves P\u00fablicas Brasileira &#8211; ICP-Brasil.<\/article>\n<p><a href='https:\/\/app.legislapp.com.br\/#\/busca?termo='><\/a><\/p>\n<div style=\"text-align: center\">\n      <img decoding=\"async\" style=\"width: 14%;\" src=\"https:\/\/www.legislapp.com.br\/wp-content\/uploads\/2021\/07\/Logo-Legislapp-1-03-1.png\"><br \/>\n      <\/p>\n<div style=\"margin-bottom: 20px;\" class=\"et_pb_button_module_wrapper et_pb_button_5_tb_body_wrapper et_pb_button_alignment_center et_pb_module \">\n         <a class=\"et_pb_button et_pb_button_5_tb_body et_hover_enabled et_pb_bg_layout_dark\" style=\"width: 50%;background-color: black;\" href=\"https:\/\/app.legislapp.com.br\" target=\"_blank\" rel=\"noopener\">Visualizar completo na nossa plataforma (30 dias gr\u00e1tis)<\/a><\/p><\/div>\n<p>      <a href=\"https:\/\/play.google.com\/store\/apps\/details?id=br.com.legislapp\"><img decoding=\"async\" style=\"width: 15%; min-width: 130px;\" src=\"https:\/\/www.legislapp.com.br\/wp-content\/uploads\/google-play.png\"><\/a><br \/>\n      <a href=\"https:\/\/apps.apple.com\/us\/app\/legislapp\/id1568929859\"><img decoding=\"async\" style=\"width: 15%; min-width: 130px\" src=\"https:\/\/www.legislapp.com.br\/wp-content\/uploads\/apple-store.png\"><\/a>\n   <\/div>\n","protected":false},"excerpt":{"rendered":"<p>Avulso Inicial &#8211; Autoria de Poder Executivo Se\u00e7\u00e3o 1 ISSN 1677-7042 N\u00ba 166, ter\u00e7a-feira, 2 de setembro de 2025 \u00d3RG\u00c3O: 71000 &#8211; Encargos Financeiros da Uni\u00e3o UNIDADE: 71905 &#8211; Fundo de Garantia \u00e0 Exporta\u00e7\u00e3o &#8211; Recursos sob Supervis\u00e3o do Minist\u00e9rio da Fazenda ANEXO Cr\u00e9dito Extraordin\u00e1rio PROGRAMA DE TRABALHO (APLICA\u00c7\u00c3O) Recurso de Todas as Fontes R$ [&hellip;]<\/p>\n","protected":false},"author":1,"featured_media":0,"parent":0,"menu_order":0,"comment_status":"closed","ping_status":"closed","template":"page-template-blank.php","meta":{"_et_pb_use_builder":"","_et_pb_old_content":"","_et_gb_content_width":"1080","ngg_post_thumbnail":0,"footnotes":""},"class_list":["post-10945","page","type-page","status-publish","hentry"],"yoast_head":"<!-- This site is optimized with the Yoast SEO plugin v24.4 - https:\/\/yoast.com\/wordpress\/plugins\/seo\/ -->\n<title>Avulso Inicial - MPV 1311\/2025 - C\u00e2mara - Legislapp<\/title>\n<meta name=\"robots\" content=\"index, follow, max-snippet:-1, max-image-preview:large, max-video-preview:-1\" \/>\n<link rel=\"canonical\" href=\"https:\/\/www.legislapp.com.br\/index.php\/avulso-inicial-mpv-1311-2025-camara\/\" \/>\n<meta property=\"og:locale\" content=\"pt_BR\" \/>\n<meta property=\"og:type\" content=\"article\" \/>\n<meta property=\"og:title\" content=\"Avulso Inicial - MPV 1311\/2025 - C\u00e2mara - Legislapp\" \/>\n<meta property=\"og:description\" content=\"Avulso Inicial &#8211; Autoria de Poder Executivo Se\u00e7\u00e3o 1 ISSN 1677-7042 N\u00ba 166, ter\u00e7a-feira, 2 de setembro de 2025 \u00d3RG\u00c3O: 71000 &#8211; Encargos Financeiros da Uni\u00e3o UNIDADE: 71905 &#8211; Fundo de Garantia \u00e0 Exporta\u00e7\u00e3o &#8211; Recursos sob Supervis\u00e3o do Minist\u00e9rio da Fazenda ANEXO Cr\u00e9dito Extraordin\u00e1rio PROGRAMA DE TRABALHO (APLICA\u00c7\u00c3O) Recurso de Todas as Fontes R$ [&hellip;]\" \/>\n<meta property=\"og:url\" content=\"https:\/\/www.legislapp.com.br\/index.php\/avulso-inicial-mpv-1311-2025-camara\/\" \/>\n<meta property=\"og:site_name\" content=\"Legislapp\" \/>\n<meta property=\"article:publisher\" content=\"https:\/\/www.instagram.com\/legislapp\/\" \/>\n<meta property=\"og:image\" content=\"https:\/\/www.legislapp.com.br\/wp-content\/uploads\/2021\/07\/Logo-Legislapp-1-03-1.png\" \/>\n<meta name=\"twitter:card\" content=\"summary_large_image\" \/>\n<meta name=\"twitter:label1\" content=\"Est. tempo de leitura\" \/>\n\t<meta name=\"twitter:data1\" content=\"5 minutos\" \/>\n<script type=\"application\/ld+json\" class=\"yoast-schema-graph\">{\"@context\":\"https:\/\/schema.org\",\"@graph\":[{\"@type\":\"WebPage\",\"@id\":\"https:\/\/www.legislapp.com.br\/index.php\/avulso-inicial-mpv-1311-2025-camara\/\",\"url\":\"https:\/\/www.legislapp.com.br\/index.php\/avulso-inicial-mpv-1311-2025-camara\/\",\"name\":\"Avulso Inicial - MPV 1311\/2025 - C\u00e2mara - Legislapp\",\"isPartOf\":{\"@id\":\"https:\/\/www.legislapp.com.br\/#website\"},\"primaryImageOfPage\":{\"@id\":\"https:\/\/www.legislapp.com.br\/index.php\/avulso-inicial-mpv-1311-2025-camara\/#primaryimage\"},\"image\":{\"@id\":\"https:\/\/www.legislapp.com.br\/index.php\/avulso-inicial-mpv-1311-2025-camara\/#primaryimage\"},\"thumbnailUrl\":\"https:\/\/www.legislapp.com.br\/wp-content\/uploads\/2021\/07\/Logo-Legislapp-1-03-1.png\",\"datePublished\":\"2025-12-01T14:47:37+00:00\",\"breadcrumb\":{\"@id\":\"https:\/\/www.legislapp.com.br\/index.php\/avulso-inicial-mpv-1311-2025-camara\/#breadcrumb\"},\"inLanguage\":\"pt-BR\",\"potentialAction\":[{\"@type\":\"ReadAction\",\"target\":[\"https:\/\/www.legislapp.com.br\/index.php\/avulso-inicial-mpv-1311-2025-camara\/\"]}]},{\"@type\":\"ImageObject\",\"inLanguage\":\"pt-BR\",\"@id\":\"https:\/\/www.legislapp.com.br\/index.php\/avulso-inicial-mpv-1311-2025-camara\/#primaryimage\",\"url\":\"https:\/\/www.legislapp.com.br\/wp-content\/uploads\/2021\/07\/Logo-Legislapp-1-03-1.png\",\"contentUrl\":\"https:\/\/www.legislapp.com.br\/wp-content\/uploads\/2021\/07\/Logo-Legislapp-1-03-1.png\",\"width\":2679,\"height\":2697},{\"@type\":\"BreadcrumbList\",\"@id\":\"https:\/\/www.legislapp.com.br\/index.php\/avulso-inicial-mpv-1311-2025-camara\/#breadcrumb\",\"itemListElement\":[{\"@type\":\"ListItem\",\"position\":1,\"name\":\"In\u00edcio\",\"item\":\"https:\/\/www.legislapp.com.br\/\"},{\"@type\":\"ListItem\",\"position\":2,\"name\":\"Avulso Inicial &#8211; MPV 1311\/2025 &#8211; C\u00e2mara\"}]},{\"@type\":\"WebSite\",\"@id\":\"https:\/\/www.legislapp.com.br\/#website\",\"url\":\"https:\/\/www.legislapp.com.br\/\",\"name\":\"Legislapp\",\"description\":\"Intelig\u00eancia governamental em tempo real\",\"publisher\":{\"@id\":\"https:\/\/www.legislapp.com.br\/#organization\"},\"potentialAction\":[{\"@type\":\"SearchAction\",\"target\":{\"@type\":\"EntryPoint\",\"urlTemplate\":\"https:\/\/www.legislapp.com.br\/?s={search_term_string}\"},\"query-input\":{\"@type\":\"PropertyValueSpecification\",\"valueRequired\":true,\"valueName\":\"search_term_string\"}}],\"inLanguage\":\"pt-BR\"},{\"@type\":\"Organization\",\"@id\":\"https:\/\/www.legislapp.com.br\/#organization\",\"name\":\"Legislapp Monitoramento e Intelig\u00eancia Governamental\",\"url\":\"https:\/\/www.legislapp.com.br\/\",\"logo\":{\"@type\":\"ImageObject\",\"inLanguage\":\"pt-BR\",\"@id\":\"https:\/\/www.legislapp.com.br\/#\/schema\/logo\/image\/\",\"url\":\"https:\/\/www.legislapp.com.br\/wp-content\/uploads\/icon.png\",\"contentUrl\":\"https:\/\/www.legislapp.com.br\/wp-content\/uploads\/icon.png\",\"width\":1024,\"height\":1024,\"caption\":\"Legislapp Monitoramento e Intelig\u00eancia Governamental\"},\"image\":{\"@id\":\"https:\/\/www.legislapp.com.br\/#\/schema\/logo\/image\/\"},\"sameAs\":[\"https:\/\/www.instagram.com\/legislapp\/\"]}]}<\/script>\n<!-- \/ Yoast SEO plugin. -->","yoast_head_json":{"title":"Avulso Inicial - MPV 1311\/2025 - C\u00e2mara - Legislapp","robots":{"index":"index","follow":"follow","max-snippet":"max-snippet:-1","max-image-preview":"max-image-preview:large","max-video-preview":"max-video-preview:-1"},"canonical":"https:\/\/www.legislapp.com.br\/index.php\/avulso-inicial-mpv-1311-2025-camara\/","og_locale":"pt_BR","og_type":"article","og_title":"Avulso Inicial - MPV 1311\/2025 - C\u00e2mara - Legislapp","og_description":"Avulso Inicial &#8211; Autoria de Poder Executivo Se\u00e7\u00e3o 1 ISSN 1677-7042 N\u00ba 166, ter\u00e7a-feira, 2 de setembro de 2025 \u00d3RG\u00c3O: 71000 &#8211; Encargos Financeiros da Uni\u00e3o UNIDADE: 71905 &#8211; Fundo de Garantia \u00e0 Exporta\u00e7\u00e3o &#8211; Recursos sob Supervis\u00e3o do Minist\u00e9rio da Fazenda ANEXO Cr\u00e9dito Extraordin\u00e1rio PROGRAMA DE TRABALHO (APLICA\u00c7\u00c3O) Recurso de Todas as Fontes R$ [&hellip;]","og_url":"https:\/\/www.legislapp.com.br\/index.php\/avulso-inicial-mpv-1311-2025-camara\/","og_site_name":"Legislapp","article_publisher":"https:\/\/www.instagram.com\/legislapp\/","og_image":[{"url":"https:\/\/www.legislapp.com.br\/wp-content\/uploads\/2021\/07\/Logo-Legislapp-1-03-1.png","type":"","width":"","height":""}],"twitter_card":"summary_large_image","twitter_misc":{"Est. tempo de leitura":"5 minutos"},"schema":{"@context":"https:\/\/schema.org","@graph":[{"@type":"WebPage","@id":"https:\/\/www.legislapp.com.br\/index.php\/avulso-inicial-mpv-1311-2025-camara\/","url":"https:\/\/www.legislapp.com.br\/index.php\/avulso-inicial-mpv-1311-2025-camara\/","name":"Avulso Inicial - MPV 1311\/2025 - C\u00e2mara - Legislapp","isPartOf":{"@id":"https:\/\/www.legislapp.com.br\/#website"},"primaryImageOfPage":{"@id":"https:\/\/www.legislapp.com.br\/index.php\/avulso-inicial-mpv-1311-2025-camara\/#primaryimage"},"image":{"@id":"https:\/\/www.legislapp.com.br\/index.php\/avulso-inicial-mpv-1311-2025-camara\/#primaryimage"},"thumbnailUrl":"https:\/\/www.legislapp.com.br\/wp-content\/uploads\/2021\/07\/Logo-Legislapp-1-03-1.png","datePublished":"2025-12-01T14:47:37+00:00","breadcrumb":{"@id":"https:\/\/www.legislapp.com.br\/index.php\/avulso-inicial-mpv-1311-2025-camara\/#breadcrumb"},"inLanguage":"pt-BR","potentialAction":[{"@type":"ReadAction","target":["https:\/\/www.legislapp.com.br\/index.php\/avulso-inicial-mpv-1311-2025-camara\/"]}]},{"@type":"ImageObject","inLanguage":"pt-BR","@id":"https:\/\/www.legislapp.com.br\/index.php\/avulso-inicial-mpv-1311-2025-camara\/#primaryimage","url":"https:\/\/www.legislapp.com.br\/wp-content\/uploads\/2021\/07\/Logo-Legislapp-1-03-1.png","contentUrl":"https:\/\/www.legislapp.com.br\/wp-content\/uploads\/2021\/07\/Logo-Legislapp-1-03-1.png","width":2679,"height":2697},{"@type":"BreadcrumbList","@id":"https:\/\/www.legislapp.com.br\/index.php\/avulso-inicial-mpv-1311-2025-camara\/#breadcrumb","itemListElement":[{"@type":"ListItem","position":1,"name":"In\u00edcio","item":"https:\/\/www.legislapp.com.br\/"},{"@type":"ListItem","position":2,"name":"Avulso Inicial &#8211; MPV 1311\/2025 &#8211; C\u00e2mara"}]},{"@type":"WebSite","@id":"https:\/\/www.legislapp.com.br\/#website","url":"https:\/\/www.legislapp.com.br\/","name":"Legislapp","description":"Intelig\u00eancia governamental em tempo real","publisher":{"@id":"https:\/\/www.legislapp.com.br\/#organization"},"potentialAction":[{"@type":"SearchAction","target":{"@type":"EntryPoint","urlTemplate":"https:\/\/www.legislapp.com.br\/?s={search_term_string}"},"query-input":{"@type":"PropertyValueSpecification","valueRequired":true,"valueName":"search_term_string"}}],"inLanguage":"pt-BR"},{"@type":"Organization","@id":"https:\/\/www.legislapp.com.br\/#organization","name":"Legislapp Monitoramento e Intelig\u00eancia Governamental","url":"https:\/\/www.legislapp.com.br\/","logo":{"@type":"ImageObject","inLanguage":"pt-BR","@id":"https:\/\/www.legislapp.com.br\/#\/schema\/logo\/image\/","url":"https:\/\/www.legislapp.com.br\/wp-content\/uploads\/icon.png","contentUrl":"https:\/\/www.legislapp.com.br\/wp-content\/uploads\/icon.png","width":1024,"height":1024,"caption":"Legislapp Monitoramento e Intelig\u00eancia Governamental"},"image":{"@id":"https:\/\/www.legislapp.com.br\/#\/schema\/logo\/image\/"},"sameAs":["https:\/\/www.instagram.com\/legislapp\/"]}]}},"_links":{"self":[{"href":"https:\/\/www.legislapp.com.br\/index.php\/wp-json\/wp\/v2\/pages\/10945","targetHints":{"allow":["GET"]}}],"collection":[{"href":"https:\/\/www.legislapp.com.br\/index.php\/wp-json\/wp\/v2\/pages"}],"about":[{"href":"https:\/\/www.legislapp.com.br\/index.php\/wp-json\/wp\/v2\/types\/page"}],"author":[{"embeddable":true,"href":"https:\/\/www.legislapp.com.br\/index.php\/wp-json\/wp\/v2\/users\/1"}],"replies":[{"embeddable":true,"href":"https:\/\/www.legislapp.com.br\/index.php\/wp-json\/wp\/v2\/comments?post=10945"}],"version-history":[{"count":0,"href":"https:\/\/www.legislapp.com.br\/index.php\/wp-json\/wp\/v2\/pages\/10945\/revisions"}],"wp:attachment":[{"href":"https:\/\/www.legislapp.com.br\/index.php\/wp-json\/wp\/v2\/media?parent=10945"}],"curies":[{"name":"wp","href":"https:\/\/api.w.org\/{rel}","templated":true}]}}