{"id":10947,"date":"2025-12-01T11:47:42","date_gmt":"2025-12-01T14:47:42","guid":{"rendered":"https:\/\/www.legislapp.com.br\/index.php\/avulso-inicial-pl-3630-2025-camara\/"},"modified":"2025-12-01T11:47:42","modified_gmt":"2025-12-01T14:47:42","slug":"avulso-inicial-pl-3630-2025-camara","status":"publish","type":"page","link":"https:\/\/www.legislapp.com.br\/index.php\/avulso-inicial-pl-3630-2025-camara\/","title":{"rendered":"Avulso Inicial &#8211; PL 3630\/2025 &#8211; C\u00e2mara"},"content":{"rendered":"<h1 style='text-align: center;'>Avulso Inicial &#8211; Autoria de Bia Kicis<\/h3>\n<p><\/p>\n<article>C\u00c2MARA DOS DEPUTADOS<br \/>\nGabinete da Deputada Bia Kicis \u2013 PL\/DF<br \/>\nPROJETO DE LEI N\u00ba          , DE 2025<br \/>\n(Da Deputada BIA KICIS)<br \/>\nAltera a Lei n\u00ba 13.709, de 14 de agosto de 2018 (Lei Geral<br \/>\nde Prote\u00e7\u00e3o de Dados Pessoais), para permitir a<br \/>\ndivulga\u00e7\u00e3o de imagens de pessoas flagradas cometendo<br \/>\ncrimes dentro de estabelecimentos comerciais.<br \/>\nO CONGRESSO NACIONAL decreta:<br \/>\nArt. 1\u00ba Esta Lei altera a Lei n\u00ba 13.709, de 14 de agosto de 2018, para<br \/>\npermitir a divulga\u00e7\u00e3o de imagens de pessoas flagradas cometendo crimes dentro de<br \/>\nestabelecimentos comerciais.<br \/>\nArt. 2\u00ba O art. 7\u00ba da Lei n\u00ba 13.709, de 14 de agosto de 2018, passa a<br \/>\nvigorar acrescido do seguinte \u00a7 8\u00ba:<br \/>\n\u00a7 8\u00ba N\u00e3o se aplica a veda\u00e7\u00e3o ao tratamento e \u00e0 divulga\u00e7\u00e3o de dados<br \/>\npessoais, inclusive por meio de imagens e \u00e1udios, nos casos em que a capta\u00e7\u00e3o tenha<br \/>\nocorrido em flagrante de crime cometido dentro de estabelecimento comercial, desde que<br \/>\na divulga\u00e7\u00e3o:<br \/>\nI \u2013 tenha por finalidade identificar o infrator, alertar a popula\u00e7\u00e3o ou<br \/>\ncolaborar com autoridades p\u00fablicas;<br \/>\nII \u2013 n\u00e3o exponha terceiros que n\u00e3o estejam envolvidos na pr\u00e1tica<br \/>\ncriminosa;<br \/>\nPara verificar a assinatura, acesse https:\/\/infoleg-autenticidade-assinatura.camara.leg.br\/CD254252059500<br \/>\nAssinado eletronicamente pelo(a) Dep. Bia Kicis<br \/>\nApresenta\u00e7\u00e3o: 23\/07\/2025 10:28:53.927 &#8211; Mesa<br \/>\n*CD254252059500* PL n.3630\/2025<br \/>C\u00c2MARA DOS DEPUTADOS<br \/>\nGabinete da Deputada Bia Kicis \u2013 PL\/DF<br \/>\nIII \u2013 respeite, quando poss\u00edvel, os princ\u00edpios da necessidade e<br \/>\nproporcionalidade.<br \/>\nArt. 3\u00ba Esta Lei entra em vigor na data de sua publica\u00e7\u00e3o.<br \/>\nJUSTIFICA\u00c7\u00c3O<br \/>\nA crescente incid\u00eancia de crimes cometidos dentro de estabelecimentos<br \/>\ncomerciais tem gerado inseguran\u00e7a e preju\u00edzos \u00e0 popula\u00e7\u00e3o e aos empreendedores.<br \/>\nDiante disso, \u00e9 cada vez mais comum o uso de sistemas de vigil\u00e2ncia que registram, por<br \/>\nmeio de imagens e \u00e1udios, a pr\u00e1tica de atos il\u00edcitos.<br \/>\nEntretanto, a atual reda\u00e7\u00e3o da Lei Geral de Prote\u00e7\u00e3o de Dados pode ser<br \/>\ninterpretada de modo a restringir ou penalizar a divulga\u00e7\u00e3o desses registros, mesmo<br \/>\nquando h\u00e1 flagrante da pr\u00e1tica criminosa. Isso cria um paradoxo jur\u00eddico, pois impede que<br \/>\nos cidad\u00e3os e comerciantes se defendam de forma leg\u00edtima e colaborem com a<br \/>\nidentifica\u00e7\u00e3o dos infratores.<br \/>\nO presente Projeto de Lei visa, portanto, assegurar a possibilidade de<br \/>\ndivulga\u00e7\u00e3o de imagens de pessoas flagradas cometendo crimes em estabelecimentos<br \/>\ncomerciais, observando-se crit\u00e9rios objetivos e razo\u00e1veis. A medida garante a preval\u00eancia<br \/>\ndo interesse p\u00fablico, da seguran\u00e7a e da justi\u00e7a sobre o direito individual \u00e0 privacidade,<br \/>\nquando este for usado de forma abusiva para proteger atos il\u00edcitos.<br \/>\nAl\u00e9m disso, a possibilidade de divulga\u00e7\u00e3o de imagens de criminosos<br \/>\ncapturados em flagrante pode exercer um importante efeito inibit\u00f3rio, desestimulando a<br \/>\na\u00e7\u00e3o de pessoas mal-intencionadas que consideram agir impunemente. Saber que suas<br \/>\na\u00e7\u00f5es poder\u00e3o ser imediatamente expostas e identificadas funciona como um mecanismo<br \/>\nadicional de preven\u00e7\u00e3o ao crime, contribuindo para a seguran\u00e7a de comerciantes,<br \/>\nconsumidores e trabalhadores.<br \/>\n\u00c9 preciso garantir seguran\u00e7a jur\u00eddica a quem busca se proteger, alertar a<br \/>\nsociedade ou colaborar com autoridades, sem, contudo, permitir abusos ou exposi\u00e7\u00f5es<br \/>\nindevidas de pessoas inocentes.<br \/>\nPara verificar a assinatura, acesse https:\/\/infoleg-autenticidade-assinatura.camara.leg.br\/CD254252059500<br \/>\nAssinado eletronicamente pelo(a) Dep. Bia Kicis<br \/>\nApresenta\u00e7\u00e3o: 23\/07\/2025 10:28:53.927 &#8211; Mesa<br \/>\n*CD254252059500* PL n.3630\/2025<br \/>C\u00c2MARA DOS DEPUTADOS<br \/>\nGabinete da Deputada Bia Kicis \u2013 PL\/DF<br \/>\nPelas raz\u00f5es expostas, esperamos contar com o apoio dos Nobres Pares<br \/>\npara aprova\u00e7\u00e3o deste Projeto de Lei.<br \/>\nSala das Sess\u00f5es, em        de      de 2025.<br \/>\nDeputada BIA KICIS<br \/>\nPara verificar a assinatura, acesse https:\/\/infoleg-autenticidade-assinatura.camara.leg.br\/CD254252059500<br \/>\nAssinado eletronicamente pelo(a) Dep. Bia Kicis<br \/>\nApresenta\u00e7\u00e3o: 23\/07\/2025 10:28:53.927 &#8211; Mesa<br \/>\n*CD254252059500* PL n.3630\/2025<\/article>\n<p><a href='https:\/\/app.legislapp.com.br\/#\/busca?termo='><\/a><\/p>\n<div style=\"text-align: center\">\n      <img decoding=\"async\" style=\"width: 14%;\" src=\"https:\/\/www.legislapp.com.br\/wp-content\/uploads\/2021\/07\/Logo-Legislapp-1-03-1.png\"><br \/>\n      <\/p>\n<div style=\"margin-bottom: 20px;\" class=\"et_pb_button_module_wrapper et_pb_button_5_tb_body_wrapper et_pb_button_alignment_center et_pb_module \">\n         <a class=\"et_pb_button et_pb_button_5_tb_body et_hover_enabled et_pb_bg_layout_dark\" style=\"width: 50%;background-color: black;\" href=\"https:\/\/app.legislapp.com.br\" target=\"_blank\" rel=\"noopener\">Visualizar completo na nossa plataforma (30 dias gr\u00e1tis)<\/a><\/p><\/div>\n<p>      <a href=\"https:\/\/play.google.com\/store\/apps\/details?id=br.com.legislapp\"><img decoding=\"async\" style=\"width: 15%; min-width: 130px;\" src=\"https:\/\/www.legislapp.com.br\/wp-content\/uploads\/google-play.png\"><\/a><br \/>\n      <a href=\"https:\/\/apps.apple.com\/us\/app\/legislapp\/id1568929859\"><img decoding=\"async\" style=\"width: 15%; min-width: 130px\" src=\"https:\/\/www.legislapp.com.br\/wp-content\/uploads\/apple-store.png\"><\/a>\n   <\/div>\n","protected":false},"excerpt":{"rendered":"<p>Avulso Inicial &#8211; Autoria de Bia Kicis C\u00c2MARA DOS DEPUTADOS Gabinete da Deputada Bia Kicis \u2013 PL\/DF PROJETO DE LEI N\u00ba , DE 2025 (Da Deputada BIA KICIS) Altera a Lei n\u00ba 13.709, de 14 de agosto de 2018 (Lei Geral de Prote\u00e7\u00e3o de Dados Pessoais), para permitir a divulga\u00e7\u00e3o de imagens de pessoas flagradas [&hellip;]<\/p>\n","protected":false},"author":1,"featured_media":0,"parent":0,"menu_order":0,"comment_status":"closed","ping_status":"closed","template":"page-template-blank.php","meta":{"_et_pb_use_builder":"","_et_pb_old_content":"","_et_gb_content_width":"1080","ngg_post_thumbnail":0,"footnotes":""},"class_list":["post-10947","page","type-page","status-publish","hentry"],"yoast_head":"<!-- This site is optimized with the Yoast SEO plugin v24.4 - https:\/\/yoast.com\/wordpress\/plugins\/seo\/ -->\n<title>Avulso Inicial - PL 3630\/2025 - C\u00e2mara - Legislapp<\/title>\n<meta name=\"robots\" content=\"index, follow, max-snippet:-1, max-image-preview:large, max-video-preview:-1\" \/>\n<link rel=\"canonical\" href=\"https:\/\/www.legislapp.com.br\/index.php\/avulso-inicial-pl-3630-2025-camara\/\" \/>\n<meta property=\"og:locale\" content=\"pt_BR\" \/>\n<meta property=\"og:type\" content=\"article\" \/>\n<meta property=\"og:title\" content=\"Avulso Inicial - PL 3630\/2025 - C\u00e2mara - Legislapp\" \/>\n<meta property=\"og:description\" content=\"Avulso Inicial &#8211; Autoria de Bia Kicis C\u00c2MARA DOS DEPUTADOS Gabinete da Deputada Bia Kicis \u2013 PL\/DF PROJETO DE LEI N\u00ba , DE 2025 (Da Deputada BIA KICIS) Altera a Lei n\u00ba 13.709, de 14 de agosto de 2018 (Lei Geral de Prote\u00e7\u00e3o de Dados Pessoais), para permitir a divulga\u00e7\u00e3o de imagens de pessoas flagradas [&hellip;]\" \/>\n<meta property=\"og:url\" content=\"https:\/\/www.legislapp.com.br\/index.php\/avulso-inicial-pl-3630-2025-camara\/\" \/>\n<meta property=\"og:site_name\" content=\"Legislapp\" \/>\n<meta property=\"article:publisher\" content=\"https:\/\/www.instagram.com\/legislapp\/\" \/>\n<meta property=\"og:image\" content=\"https:\/\/www.legislapp.com.br\/wp-content\/uploads\/2021\/07\/Logo-Legislapp-1-03-1.png\" \/>\n<meta name=\"twitter:card\" content=\"summary_large_image\" \/>\n<meta name=\"twitter:label1\" content=\"Est. tempo de leitura\" \/>\n\t<meta name=\"twitter:data1\" content=\"3 minutos\" \/>\n<script type=\"application\/ld+json\" class=\"yoast-schema-graph\">{\"@context\":\"https:\/\/schema.org\",\"@graph\":[{\"@type\":\"WebPage\",\"@id\":\"https:\/\/www.legislapp.com.br\/index.php\/avulso-inicial-pl-3630-2025-camara\/\",\"url\":\"https:\/\/www.legislapp.com.br\/index.php\/avulso-inicial-pl-3630-2025-camara\/\",\"name\":\"Avulso Inicial - PL 3630\/2025 - C\u00e2mara - Legislapp\",\"isPartOf\":{\"@id\":\"https:\/\/www.legislapp.com.br\/#website\"},\"primaryImageOfPage\":{\"@id\":\"https:\/\/www.legislapp.com.br\/index.php\/avulso-inicial-pl-3630-2025-camara\/#primaryimage\"},\"image\":{\"@id\":\"https:\/\/www.legislapp.com.br\/index.php\/avulso-inicial-pl-3630-2025-camara\/#primaryimage\"},\"thumbnailUrl\":\"https:\/\/www.legislapp.com.br\/wp-content\/uploads\/2021\/07\/Logo-Legislapp-1-03-1.png\",\"datePublished\":\"2025-12-01T14:47:42+00:00\",\"breadcrumb\":{\"@id\":\"https:\/\/www.legislapp.com.br\/index.php\/avulso-inicial-pl-3630-2025-camara\/#breadcrumb\"},\"inLanguage\":\"pt-BR\",\"potentialAction\":[{\"@type\":\"ReadAction\",\"target\":[\"https:\/\/www.legislapp.com.br\/index.php\/avulso-inicial-pl-3630-2025-camara\/\"]}]},{\"@type\":\"ImageObject\",\"inLanguage\":\"pt-BR\",\"@id\":\"https:\/\/www.legislapp.com.br\/index.php\/avulso-inicial-pl-3630-2025-camara\/#primaryimage\",\"url\":\"https:\/\/www.legislapp.com.br\/wp-content\/uploads\/2021\/07\/Logo-Legislapp-1-03-1.png\",\"contentUrl\":\"https:\/\/www.legislapp.com.br\/wp-content\/uploads\/2021\/07\/Logo-Legislapp-1-03-1.png\",\"width\":2679,\"height\":2697},{\"@type\":\"BreadcrumbList\",\"@id\":\"https:\/\/www.legislapp.com.br\/index.php\/avulso-inicial-pl-3630-2025-camara\/#breadcrumb\",\"itemListElement\":[{\"@type\":\"ListItem\",\"position\":1,\"name\":\"In\u00edcio\",\"item\":\"https:\/\/www.legislapp.com.br\/\"},{\"@type\":\"ListItem\",\"position\":2,\"name\":\"Avulso Inicial &#8211; PL 3630\/2025 &#8211; C\u00e2mara\"}]},{\"@type\":\"WebSite\",\"@id\":\"https:\/\/www.legislapp.com.br\/#website\",\"url\":\"https:\/\/www.legislapp.com.br\/\",\"name\":\"Legislapp\",\"description\":\"Intelig\u00eancia governamental em tempo real\",\"publisher\":{\"@id\":\"https:\/\/www.legislapp.com.br\/#organization\"},\"potentialAction\":[{\"@type\":\"SearchAction\",\"target\":{\"@type\":\"EntryPoint\",\"urlTemplate\":\"https:\/\/www.legislapp.com.br\/?s={search_term_string}\"},\"query-input\":{\"@type\":\"PropertyValueSpecification\",\"valueRequired\":true,\"valueName\":\"search_term_string\"}}],\"inLanguage\":\"pt-BR\"},{\"@type\":\"Organization\",\"@id\":\"https:\/\/www.legislapp.com.br\/#organization\",\"name\":\"Legislapp Monitoramento e Intelig\u00eancia Governamental\",\"url\":\"https:\/\/www.legislapp.com.br\/\",\"logo\":{\"@type\":\"ImageObject\",\"inLanguage\":\"pt-BR\",\"@id\":\"https:\/\/www.legislapp.com.br\/#\/schema\/logo\/image\/\",\"url\":\"https:\/\/www.legislapp.com.br\/wp-content\/uploads\/icon.png\",\"contentUrl\":\"https:\/\/www.legislapp.com.br\/wp-content\/uploads\/icon.png\",\"width\":1024,\"height\":1024,\"caption\":\"Legislapp Monitoramento e Intelig\u00eancia Governamental\"},\"image\":{\"@id\":\"https:\/\/www.legislapp.com.br\/#\/schema\/logo\/image\/\"},\"sameAs\":[\"https:\/\/www.instagram.com\/legislapp\/\"]}]}<\/script>\n<!-- \/ Yoast SEO plugin. -->","yoast_head_json":{"title":"Avulso Inicial - PL 3630\/2025 - C\u00e2mara - Legislapp","robots":{"index":"index","follow":"follow","max-snippet":"max-snippet:-1","max-image-preview":"max-image-preview:large","max-video-preview":"max-video-preview:-1"},"canonical":"https:\/\/www.legislapp.com.br\/index.php\/avulso-inicial-pl-3630-2025-camara\/","og_locale":"pt_BR","og_type":"article","og_title":"Avulso Inicial - PL 3630\/2025 - C\u00e2mara - Legislapp","og_description":"Avulso Inicial &#8211; Autoria de Bia Kicis C\u00c2MARA DOS DEPUTADOS Gabinete da Deputada Bia Kicis \u2013 PL\/DF PROJETO DE LEI N\u00ba , DE 2025 (Da Deputada BIA KICIS) Altera a Lei n\u00ba 13.709, de 14 de agosto de 2018 (Lei Geral de Prote\u00e7\u00e3o de Dados Pessoais), para permitir a divulga\u00e7\u00e3o de imagens de pessoas flagradas [&hellip;]","og_url":"https:\/\/www.legislapp.com.br\/index.php\/avulso-inicial-pl-3630-2025-camara\/","og_site_name":"Legislapp","article_publisher":"https:\/\/www.instagram.com\/legislapp\/","og_image":[{"url":"https:\/\/www.legislapp.com.br\/wp-content\/uploads\/2021\/07\/Logo-Legislapp-1-03-1.png","type":"","width":"","height":""}],"twitter_card":"summary_large_image","twitter_misc":{"Est. tempo de leitura":"3 minutos"},"schema":{"@context":"https:\/\/schema.org","@graph":[{"@type":"WebPage","@id":"https:\/\/www.legislapp.com.br\/index.php\/avulso-inicial-pl-3630-2025-camara\/","url":"https:\/\/www.legislapp.com.br\/index.php\/avulso-inicial-pl-3630-2025-camara\/","name":"Avulso Inicial - PL 3630\/2025 - C\u00e2mara - Legislapp","isPartOf":{"@id":"https:\/\/www.legislapp.com.br\/#website"},"primaryImageOfPage":{"@id":"https:\/\/www.legislapp.com.br\/index.php\/avulso-inicial-pl-3630-2025-camara\/#primaryimage"},"image":{"@id":"https:\/\/www.legislapp.com.br\/index.php\/avulso-inicial-pl-3630-2025-camara\/#primaryimage"},"thumbnailUrl":"https:\/\/www.legislapp.com.br\/wp-content\/uploads\/2021\/07\/Logo-Legislapp-1-03-1.png","datePublished":"2025-12-01T14:47:42+00:00","breadcrumb":{"@id":"https:\/\/www.legislapp.com.br\/index.php\/avulso-inicial-pl-3630-2025-camara\/#breadcrumb"},"inLanguage":"pt-BR","potentialAction":[{"@type":"ReadAction","target":["https:\/\/www.legislapp.com.br\/index.php\/avulso-inicial-pl-3630-2025-camara\/"]}]},{"@type":"ImageObject","inLanguage":"pt-BR","@id":"https:\/\/www.legislapp.com.br\/index.php\/avulso-inicial-pl-3630-2025-camara\/#primaryimage","url":"https:\/\/www.legislapp.com.br\/wp-content\/uploads\/2021\/07\/Logo-Legislapp-1-03-1.png","contentUrl":"https:\/\/www.legislapp.com.br\/wp-content\/uploads\/2021\/07\/Logo-Legislapp-1-03-1.png","width":2679,"height":2697},{"@type":"BreadcrumbList","@id":"https:\/\/www.legislapp.com.br\/index.php\/avulso-inicial-pl-3630-2025-camara\/#breadcrumb","itemListElement":[{"@type":"ListItem","position":1,"name":"In\u00edcio","item":"https:\/\/www.legislapp.com.br\/"},{"@type":"ListItem","position":2,"name":"Avulso Inicial &#8211; PL 3630\/2025 &#8211; C\u00e2mara"}]},{"@type":"WebSite","@id":"https:\/\/www.legislapp.com.br\/#website","url":"https:\/\/www.legislapp.com.br\/","name":"Legislapp","description":"Intelig\u00eancia governamental em tempo real","publisher":{"@id":"https:\/\/www.legislapp.com.br\/#organization"},"potentialAction":[{"@type":"SearchAction","target":{"@type":"EntryPoint","urlTemplate":"https:\/\/www.legislapp.com.br\/?s={search_term_string}"},"query-input":{"@type":"PropertyValueSpecification","valueRequired":true,"valueName":"search_term_string"}}],"inLanguage":"pt-BR"},{"@type":"Organization","@id":"https:\/\/www.legislapp.com.br\/#organization","name":"Legislapp Monitoramento e Intelig\u00eancia Governamental","url":"https:\/\/www.legislapp.com.br\/","logo":{"@type":"ImageObject","inLanguage":"pt-BR","@id":"https:\/\/www.legislapp.com.br\/#\/schema\/logo\/image\/","url":"https:\/\/www.legislapp.com.br\/wp-content\/uploads\/icon.png","contentUrl":"https:\/\/www.legislapp.com.br\/wp-content\/uploads\/icon.png","width":1024,"height":1024,"caption":"Legislapp Monitoramento e Intelig\u00eancia Governamental"},"image":{"@id":"https:\/\/www.legislapp.com.br\/#\/schema\/logo\/image\/"},"sameAs":["https:\/\/www.instagram.com\/legislapp\/"]}]}},"_links":{"self":[{"href":"https:\/\/www.legislapp.com.br\/index.php\/wp-json\/wp\/v2\/pages\/10947","targetHints":{"allow":["GET"]}}],"collection":[{"href":"https:\/\/www.legislapp.com.br\/index.php\/wp-json\/wp\/v2\/pages"}],"about":[{"href":"https:\/\/www.legislapp.com.br\/index.php\/wp-json\/wp\/v2\/types\/page"}],"author":[{"embeddable":true,"href":"https:\/\/www.legislapp.com.br\/index.php\/wp-json\/wp\/v2\/users\/1"}],"replies":[{"embeddable":true,"href":"https:\/\/www.legislapp.com.br\/index.php\/wp-json\/wp\/v2\/comments?post=10947"}],"version-history":[{"count":0,"href":"https:\/\/www.legislapp.com.br\/index.php\/wp-json\/wp\/v2\/pages\/10947\/revisions"}],"wp:attachment":[{"href":"https:\/\/www.legislapp.com.br\/index.php\/wp-json\/wp\/v2\/media?parent=10947"}],"curies":[{"name":"wp","href":"https:\/\/api.w.org\/{rel}","templated":true}]}}