{"id":10966,"date":"2025-12-01T11:48:46","date_gmt":"2025-12-01T14:48:46","guid":{"rendered":"https:\/\/www.legislapp.com.br\/index.php\/avulso-inicial-pl-4060-2025-camara\/"},"modified":"2025-12-01T11:48:46","modified_gmt":"2025-12-01T14:48:46","slug":"avulso-inicial-pl-4060-2025-camara","status":"publish","type":"page","link":"https:\/\/www.legislapp.com.br\/index.php\/avulso-inicial-pl-4060-2025-camara\/","title":{"rendered":"Avulso Inicial &#8211; PL 4060\/2025 &#8211; C\u00e2mara"},"content":{"rendered":"<h1 style='text-align: center;'>Avulso Inicial &#8211; Autoria de Renata Abreu<\/h3>\n<p><\/p>\n<article>C\u00c2MARA DOS DEPUTADOS<br \/>\nPROJETO DE LEI N\u00ba          , DE 2025<br \/>\n(Da Sra. Renata Abreu)<br \/>\nDetermina a instala\u00e7\u00e3o de c\u00e2meras de<br \/>\nseguran\u00e7a nas institui\u00e7\u00f5es da educa\u00e7\u00e3o infantil e<br \/>\nda educa\u00e7\u00e3o b\u00e1sica.<br \/>\nO Congresso Nacional decreta:<br \/>\nArt. 1\u00ba \u00c9 obrigat\u00f3ria instala\u00e7\u00e3o de c\u00e2meras de seguran\u00e7a com capta\u00e7\u00e3o de<br \/>\nimagem e de som, nas \u00e1reas externas e nos recintos das institui\u00e7\u00f5es da educa\u00e7\u00e3o<br \/>\ninfantil e da educa\u00e7\u00e3o b\u00e1sica, com exce\u00e7\u00e3o de banheiros, sanit\u00e1rios, lavat\u00f3rios e<br \/>\nvesti\u00e1rios.<br \/>\n\u00a7 1\u00ba O monitoramento da comunidade escolar pelas c\u00e2meras de<br \/>\nseguran\u00e7a dever\u00e1 ser\u00e1 mantido ininterruptamente durante todo o per\u00edodo das<br \/>\natividades escolares.<br \/>\n\u00a7 2\u00ba As grava\u00e7\u00f5es das c\u00e2meras de seguran\u00e7a devem ser armazenadas<br \/>\npor pelo menos 90 (noventa) dias.<br \/>\nArt. 2\u00ba \u00c9 obrigat\u00f3ria a coloca\u00e7\u00e3o de placas alertando para monitoramento<br \/>\npor c\u00e2meras de seguran\u00e7a nas \u00e1reas externas e nos recintos das institui\u00e7\u00f5es de<br \/>\nensino.<br \/>\nArt. 3\u00ba A dire\u00e7\u00e3o da institui\u00e7\u00e3o de ensino, o Minist\u00e9rio P\u00fablico, os \u00f3rg\u00e3os<br \/>\nde seguran\u00e7a p\u00fablica, os Centros de Defesa dos Direitos da Crian\u00e7a e do<br \/>\nAdolescente, os Conselhos Estaduais ou Distrital dos Direitos da Crian\u00e7a e do<br \/>\nAdolescente, os Conselhos Tutelares e as entidades de promo\u00e7\u00e3o e defesa de<br \/>\ndireitos da crian\u00e7a e do adolescente poder\u00e3o ter o acesso \u00e0s grava\u00e7\u00f5es das<br \/>\nimagens feitas pelas c\u00e2meras de seguran\u00e7a.<br \/>\nPara verificar a assinatura, acesse https:\/\/infoleg-autenticidade-assinatura.camara.leg.br\/CD256395467500<br \/>\nAssinado eletronicamente pelo(a) Dep. Renata Abreu<br \/>\nApresenta\u00e7\u00e3o: 18\/08\/2025 16:43:59.150 &#8211; Mesa<br \/>\n*CD256395467500* PL n.4060\/2025<br \/>C\u00c2MARA DOS DEPUTADOS<br \/>\nArt. 4\u00ba Os custos com a instala\u00e7\u00e3o e a manuten\u00e7\u00e3o das c\u00e2meras de<br \/>\nseguran\u00e7a nas institui\u00e7\u00f5es p\u00fablicas de ensino ser\u00e3o custeados por dota\u00e7\u00f5es<br \/>\nor\u00e7ament\u00e1rias espec\u00edficas.<br \/>\nArt. 5\u00ba Esta Lei entrar\u00e1 em vigor 18 (dezoito) meses ap\u00f3s sua publica\u00e7\u00e3o.<br \/>\nJUSTIFICA\u00c7\u00c3O<br \/>\nA seguran\u00e7a no ambiente escolar mostra-se indispens\u00e1vel para o<br \/>\naprendizado e o desenvolvimento pleno dos estudantes. Infelizmente, epis\u00f3dios<br \/>\nrecentes de viol\u00eancia t\u00eam revelado a vulnerabilidade das institui\u00e7\u00f5es de ensino,<br \/>\nexigindo medidas concretas e imediatas de preven\u00e7\u00e3o.<br \/>\nEste projeto de lei prop\u00f5e a instala\u00e7\u00e3o de c\u00e2meras de monitoramento nas<br \/>\nescolas, com o objetivo de proteger alunos, professores e demais membros da<br \/>\ncomunidade escolar, prevenindo atos il\u00edcitos e registrando situa\u00e7\u00f5es que exijam<br \/>\napura\u00e7\u00e3o. Trata-se de medida de baixo custo relativo e alto impacto social, que<br \/>\nalia preven\u00e7\u00e3o, dissuas\u00e3o e efici\u00eancia na responsabiliza\u00e7\u00e3o de eventuais<br \/>\ninfratores.<br \/>\nO projeto prev\u00ea a guarda das grava\u00e7\u00f5es por no m\u00ednimo noventa dias e<br \/>\nestabelece protocolos de acesso, preservando a privacidade e a dignidade de<br \/>\ntodos. Dessa forma, conjuga-se a prote\u00e7\u00e3o integral, prevista no art. 227 da<br \/>\nConstitui\u00e7\u00e3o Federal, com o respeito aos direitos fundamentais.<br \/>\nAo assegurar um ambiente mais seguro, este projeto fortalece o processo<br \/>\npedag\u00f3gico e promove a tranquilidade necess\u00e1ria para que nossas escolas<br \/>\ncumpram sua miss\u00e3o de educar com qualidade e seguran\u00e7a.<br \/>\nPara verificar a assinatura, acesse https:\/\/infoleg-autenticidade-assinatura.camara.leg.br\/CD256395467500<br \/>\nAssinado eletronicamente pelo(a) Dep. Renata Abreu<br \/>\nApresenta\u00e7\u00e3o: 18\/08\/2025 16:43:59.150 &#8211; Mesa<br \/>\n*CD256395467500* PL n.4060\/2025<br \/>C\u00c2MARA DOS DEPUTADOS<br \/>\nConvictos de que os argumentos expostos demonstram cabalmente a<br \/>\noportunidade e a conveni\u00eancia pol\u00edtica de nossa iniciativa, rogamos o apoio dos<br \/>\nnobres Deputados para a aprova\u00e7\u00e3o desta proposi\u00e7\u00e3o.<br \/>\nSala das Sess\u00f5es, em 18 de August de 2025.<br \/>\nDeputada Renata Abreu<br \/>\nPodemos\/SP<br \/>\nPara verificar a assinatura, acesse https:\/\/infoleg-autenticidade-assinatura.camara.leg.br\/CD256395467500<br \/>\nAssinado eletronicamente pelo(a) Dep. Renata Abreu<br \/>\nApresenta\u00e7\u00e3o: 18\/08\/2025 16:43:59.150 &#8211; Mesa<br \/>\n*CD256395467500* PL n.4060\/2025<\/article>\n<p><a href='https:\/\/app.legislapp.com.br\/#\/busca?termo='><\/a><\/p>\n<div style=\"text-align: center\">\n      <img decoding=\"async\" style=\"width: 14%;\" src=\"https:\/\/www.legislapp.com.br\/wp-content\/uploads\/2021\/07\/Logo-Legislapp-1-03-1.png\"><br \/>\n      <\/p>\n<div style=\"margin-bottom: 20px;\" class=\"et_pb_button_module_wrapper et_pb_button_5_tb_body_wrapper et_pb_button_alignment_center et_pb_module \">\n         <a class=\"et_pb_button et_pb_button_5_tb_body et_hover_enabled et_pb_bg_layout_dark\" style=\"width: 50%;background-color: black;\" href=\"https:\/\/app.legislapp.com.br\" target=\"_blank\" rel=\"noopener\">Visualizar completo na nossa plataforma (30 dias gr\u00e1tis)<\/a><\/p><\/div>\n<p>      <a href=\"https:\/\/play.google.com\/store\/apps\/details?id=br.com.legislapp\"><img decoding=\"async\" style=\"width: 15%; min-width: 130px;\" src=\"https:\/\/www.legislapp.com.br\/wp-content\/uploads\/google-play.png\"><\/a><br \/>\n      <a href=\"https:\/\/apps.apple.com\/us\/app\/legislapp\/id1568929859\"><img decoding=\"async\" style=\"width: 15%; min-width: 130px\" src=\"https:\/\/www.legislapp.com.br\/wp-content\/uploads\/apple-store.png\"><\/a>\n   <\/div>\n","protected":false},"excerpt":{"rendered":"<p>Avulso Inicial &#8211; Autoria de Renata Abreu C\u00c2MARA DOS DEPUTADOS PROJETO DE LEI N\u00ba , DE 2025 (Da Sra. Renata Abreu) Determina a instala\u00e7\u00e3o de c\u00e2meras de seguran\u00e7a nas institui\u00e7\u00f5es da educa\u00e7\u00e3o infantil e da educa\u00e7\u00e3o b\u00e1sica. O Congresso Nacional decreta: Art. 1\u00ba \u00c9 obrigat\u00f3ria instala\u00e7\u00e3o de c\u00e2meras de seguran\u00e7a com capta\u00e7\u00e3o de imagem e [&hellip;]<\/p>\n","protected":false},"author":1,"featured_media":0,"parent":0,"menu_order":0,"comment_status":"closed","ping_status":"closed","template":"page-template-blank.php","meta":{"_et_pb_use_builder":"","_et_pb_old_content":"","_et_gb_content_width":"1080","ngg_post_thumbnail":0,"footnotes":""},"class_list":["post-10966","page","type-page","status-publish","hentry"],"yoast_head":"<!-- This site is optimized with the Yoast SEO plugin v24.4 - https:\/\/yoast.com\/wordpress\/plugins\/seo\/ -->\n<title>Avulso Inicial - PL 4060\/2025 - C\u00e2mara - Legislapp<\/title>\n<meta name=\"robots\" content=\"index, follow, max-snippet:-1, max-image-preview:large, max-video-preview:-1\" \/>\n<link rel=\"canonical\" href=\"https:\/\/www.legislapp.com.br\/index.php\/avulso-inicial-pl-4060-2025-camara\/\" \/>\n<meta property=\"og:locale\" content=\"pt_BR\" \/>\n<meta property=\"og:type\" content=\"article\" \/>\n<meta property=\"og:title\" content=\"Avulso Inicial - PL 4060\/2025 - C\u00e2mara - Legislapp\" \/>\n<meta property=\"og:description\" content=\"Avulso Inicial &#8211; Autoria de Renata Abreu C\u00c2MARA DOS DEPUTADOS PROJETO DE LEI N\u00ba , DE 2025 (Da Sra. Renata Abreu) Determina a instala\u00e7\u00e3o de c\u00e2meras de seguran\u00e7a nas institui\u00e7\u00f5es da educa\u00e7\u00e3o infantil e da educa\u00e7\u00e3o b\u00e1sica. O Congresso Nacional decreta: Art. 1\u00ba \u00c9 obrigat\u00f3ria instala\u00e7\u00e3o de c\u00e2meras de seguran\u00e7a com capta\u00e7\u00e3o de imagem e [&hellip;]\" \/>\n<meta property=\"og:url\" content=\"https:\/\/www.legislapp.com.br\/index.php\/avulso-inicial-pl-4060-2025-camara\/\" \/>\n<meta property=\"og:site_name\" content=\"Legislapp\" \/>\n<meta property=\"article:publisher\" content=\"https:\/\/www.instagram.com\/legislapp\/\" \/>\n<meta property=\"og:image\" content=\"https:\/\/www.legislapp.com.br\/wp-content\/uploads\/2021\/07\/Logo-Legislapp-1-03-1.png\" \/>\n<meta name=\"twitter:card\" content=\"summary_large_image\" \/>\n<meta name=\"twitter:label1\" content=\"Est. tempo de leitura\" \/>\n\t<meta name=\"twitter:data1\" content=\"3 minutos\" \/>\n<script type=\"application\/ld+json\" class=\"yoast-schema-graph\">{\"@context\":\"https:\/\/schema.org\",\"@graph\":[{\"@type\":\"WebPage\",\"@id\":\"https:\/\/www.legislapp.com.br\/index.php\/avulso-inicial-pl-4060-2025-camara\/\",\"url\":\"https:\/\/www.legislapp.com.br\/index.php\/avulso-inicial-pl-4060-2025-camara\/\",\"name\":\"Avulso Inicial - PL 4060\/2025 - C\u00e2mara - Legislapp\",\"isPartOf\":{\"@id\":\"https:\/\/www.legislapp.com.br\/#website\"},\"primaryImageOfPage\":{\"@id\":\"https:\/\/www.legislapp.com.br\/index.php\/avulso-inicial-pl-4060-2025-camara\/#primaryimage\"},\"image\":{\"@id\":\"https:\/\/www.legislapp.com.br\/index.php\/avulso-inicial-pl-4060-2025-camara\/#primaryimage\"},\"thumbnailUrl\":\"https:\/\/www.legislapp.com.br\/wp-content\/uploads\/2021\/07\/Logo-Legislapp-1-03-1.png\",\"datePublished\":\"2025-12-01T14:48:46+00:00\",\"breadcrumb\":{\"@id\":\"https:\/\/www.legislapp.com.br\/index.php\/avulso-inicial-pl-4060-2025-camara\/#breadcrumb\"},\"inLanguage\":\"pt-BR\",\"potentialAction\":[{\"@type\":\"ReadAction\",\"target\":[\"https:\/\/www.legislapp.com.br\/index.php\/avulso-inicial-pl-4060-2025-camara\/\"]}]},{\"@type\":\"ImageObject\",\"inLanguage\":\"pt-BR\",\"@id\":\"https:\/\/www.legislapp.com.br\/index.php\/avulso-inicial-pl-4060-2025-camara\/#primaryimage\",\"url\":\"https:\/\/www.legislapp.com.br\/wp-content\/uploads\/2021\/07\/Logo-Legislapp-1-03-1.png\",\"contentUrl\":\"https:\/\/www.legislapp.com.br\/wp-content\/uploads\/2021\/07\/Logo-Legislapp-1-03-1.png\",\"width\":2679,\"height\":2697},{\"@type\":\"BreadcrumbList\",\"@id\":\"https:\/\/www.legislapp.com.br\/index.php\/avulso-inicial-pl-4060-2025-camara\/#breadcrumb\",\"itemListElement\":[{\"@type\":\"ListItem\",\"position\":1,\"name\":\"In\u00edcio\",\"item\":\"https:\/\/www.legislapp.com.br\/\"},{\"@type\":\"ListItem\",\"position\":2,\"name\":\"Avulso Inicial &#8211; PL 4060\/2025 &#8211; C\u00e2mara\"}]},{\"@type\":\"WebSite\",\"@id\":\"https:\/\/www.legislapp.com.br\/#website\",\"url\":\"https:\/\/www.legislapp.com.br\/\",\"name\":\"Legislapp\",\"description\":\"Intelig\u00eancia governamental em tempo real\",\"publisher\":{\"@id\":\"https:\/\/www.legislapp.com.br\/#organization\"},\"potentialAction\":[{\"@type\":\"SearchAction\",\"target\":{\"@type\":\"EntryPoint\",\"urlTemplate\":\"https:\/\/www.legislapp.com.br\/?s={search_term_string}\"},\"query-input\":{\"@type\":\"PropertyValueSpecification\",\"valueRequired\":true,\"valueName\":\"search_term_string\"}}],\"inLanguage\":\"pt-BR\"},{\"@type\":\"Organization\",\"@id\":\"https:\/\/www.legislapp.com.br\/#organization\",\"name\":\"Legislapp Monitoramento e Intelig\u00eancia Governamental\",\"url\":\"https:\/\/www.legislapp.com.br\/\",\"logo\":{\"@type\":\"ImageObject\",\"inLanguage\":\"pt-BR\",\"@id\":\"https:\/\/www.legislapp.com.br\/#\/schema\/logo\/image\/\",\"url\":\"https:\/\/www.legislapp.com.br\/wp-content\/uploads\/icon.png\",\"contentUrl\":\"https:\/\/www.legislapp.com.br\/wp-content\/uploads\/icon.png\",\"width\":1024,\"height\":1024,\"caption\":\"Legislapp Monitoramento e Intelig\u00eancia Governamental\"},\"image\":{\"@id\":\"https:\/\/www.legislapp.com.br\/#\/schema\/logo\/image\/\"},\"sameAs\":[\"https:\/\/www.instagram.com\/legislapp\/\"]}]}<\/script>\n<!-- \/ Yoast SEO plugin. -->","yoast_head_json":{"title":"Avulso Inicial - PL 4060\/2025 - C\u00e2mara - Legislapp","robots":{"index":"index","follow":"follow","max-snippet":"max-snippet:-1","max-image-preview":"max-image-preview:large","max-video-preview":"max-video-preview:-1"},"canonical":"https:\/\/www.legislapp.com.br\/index.php\/avulso-inicial-pl-4060-2025-camara\/","og_locale":"pt_BR","og_type":"article","og_title":"Avulso Inicial - PL 4060\/2025 - C\u00e2mara - Legislapp","og_description":"Avulso Inicial &#8211; Autoria de Renata Abreu C\u00c2MARA DOS DEPUTADOS PROJETO DE LEI N\u00ba , DE 2025 (Da Sra. Renata Abreu) Determina a instala\u00e7\u00e3o de c\u00e2meras de seguran\u00e7a nas institui\u00e7\u00f5es da educa\u00e7\u00e3o infantil e da educa\u00e7\u00e3o b\u00e1sica. O Congresso Nacional decreta: Art. 1\u00ba \u00c9 obrigat\u00f3ria instala\u00e7\u00e3o de c\u00e2meras de seguran\u00e7a com capta\u00e7\u00e3o de imagem e [&hellip;]","og_url":"https:\/\/www.legislapp.com.br\/index.php\/avulso-inicial-pl-4060-2025-camara\/","og_site_name":"Legislapp","article_publisher":"https:\/\/www.instagram.com\/legislapp\/","og_image":[{"url":"https:\/\/www.legislapp.com.br\/wp-content\/uploads\/2021\/07\/Logo-Legislapp-1-03-1.png","type":"","width":"","height":""}],"twitter_card":"summary_large_image","twitter_misc":{"Est. tempo de leitura":"3 minutos"},"schema":{"@context":"https:\/\/schema.org","@graph":[{"@type":"WebPage","@id":"https:\/\/www.legislapp.com.br\/index.php\/avulso-inicial-pl-4060-2025-camara\/","url":"https:\/\/www.legislapp.com.br\/index.php\/avulso-inicial-pl-4060-2025-camara\/","name":"Avulso Inicial - PL 4060\/2025 - C\u00e2mara - Legislapp","isPartOf":{"@id":"https:\/\/www.legislapp.com.br\/#website"},"primaryImageOfPage":{"@id":"https:\/\/www.legislapp.com.br\/index.php\/avulso-inicial-pl-4060-2025-camara\/#primaryimage"},"image":{"@id":"https:\/\/www.legislapp.com.br\/index.php\/avulso-inicial-pl-4060-2025-camara\/#primaryimage"},"thumbnailUrl":"https:\/\/www.legislapp.com.br\/wp-content\/uploads\/2021\/07\/Logo-Legislapp-1-03-1.png","datePublished":"2025-12-01T14:48:46+00:00","breadcrumb":{"@id":"https:\/\/www.legislapp.com.br\/index.php\/avulso-inicial-pl-4060-2025-camara\/#breadcrumb"},"inLanguage":"pt-BR","potentialAction":[{"@type":"ReadAction","target":["https:\/\/www.legislapp.com.br\/index.php\/avulso-inicial-pl-4060-2025-camara\/"]}]},{"@type":"ImageObject","inLanguage":"pt-BR","@id":"https:\/\/www.legislapp.com.br\/index.php\/avulso-inicial-pl-4060-2025-camara\/#primaryimage","url":"https:\/\/www.legislapp.com.br\/wp-content\/uploads\/2021\/07\/Logo-Legislapp-1-03-1.png","contentUrl":"https:\/\/www.legislapp.com.br\/wp-content\/uploads\/2021\/07\/Logo-Legislapp-1-03-1.png","width":2679,"height":2697},{"@type":"BreadcrumbList","@id":"https:\/\/www.legislapp.com.br\/index.php\/avulso-inicial-pl-4060-2025-camara\/#breadcrumb","itemListElement":[{"@type":"ListItem","position":1,"name":"In\u00edcio","item":"https:\/\/www.legislapp.com.br\/"},{"@type":"ListItem","position":2,"name":"Avulso Inicial &#8211; PL 4060\/2025 &#8211; C\u00e2mara"}]},{"@type":"WebSite","@id":"https:\/\/www.legislapp.com.br\/#website","url":"https:\/\/www.legislapp.com.br\/","name":"Legislapp","description":"Intelig\u00eancia governamental em tempo real","publisher":{"@id":"https:\/\/www.legislapp.com.br\/#organization"},"potentialAction":[{"@type":"SearchAction","target":{"@type":"EntryPoint","urlTemplate":"https:\/\/www.legislapp.com.br\/?s={search_term_string}"},"query-input":{"@type":"PropertyValueSpecification","valueRequired":true,"valueName":"search_term_string"}}],"inLanguage":"pt-BR"},{"@type":"Organization","@id":"https:\/\/www.legislapp.com.br\/#organization","name":"Legislapp Monitoramento e Intelig\u00eancia Governamental","url":"https:\/\/www.legislapp.com.br\/","logo":{"@type":"ImageObject","inLanguage":"pt-BR","@id":"https:\/\/www.legislapp.com.br\/#\/schema\/logo\/image\/","url":"https:\/\/www.legislapp.com.br\/wp-content\/uploads\/icon.png","contentUrl":"https:\/\/www.legislapp.com.br\/wp-content\/uploads\/icon.png","width":1024,"height":1024,"caption":"Legislapp Monitoramento e Intelig\u00eancia Governamental"},"image":{"@id":"https:\/\/www.legislapp.com.br\/#\/schema\/logo\/image\/"},"sameAs":["https:\/\/www.instagram.com\/legislapp\/"]}]}},"_links":{"self":[{"href":"https:\/\/www.legislapp.com.br\/index.php\/wp-json\/wp\/v2\/pages\/10966","targetHints":{"allow":["GET"]}}],"collection":[{"href":"https:\/\/www.legislapp.com.br\/index.php\/wp-json\/wp\/v2\/pages"}],"about":[{"href":"https:\/\/www.legislapp.com.br\/index.php\/wp-json\/wp\/v2\/types\/page"}],"author":[{"embeddable":true,"href":"https:\/\/www.legislapp.com.br\/index.php\/wp-json\/wp\/v2\/users\/1"}],"replies":[{"embeddable":true,"href":"https:\/\/www.legislapp.com.br\/index.php\/wp-json\/wp\/v2\/comments?post=10966"}],"version-history":[{"count":0,"href":"https:\/\/www.legislapp.com.br\/index.php\/wp-json\/wp\/v2\/pages\/10966\/revisions"}],"wp:attachment":[{"href":"https:\/\/www.legislapp.com.br\/index.php\/wp-json\/wp\/v2\/media?parent=10966"}],"curies":[{"name":"wp","href":"https:\/\/api.w.org\/{rel}","templated":true}]}}