{"id":10968,"date":"2025-12-01T11:48:50","date_gmt":"2025-12-01T14:48:50","guid":{"rendered":"https:\/\/www.legislapp.com.br\/index.php\/avulso-inicial-pl-3771-2025-camara\/"},"modified":"2025-12-01T11:48:50","modified_gmt":"2025-12-01T14:48:50","slug":"avulso-inicial-pl-3771-2025-camara","status":"publish","type":"page","link":"https:\/\/www.legislapp.com.br\/index.php\/avulso-inicial-pl-3771-2025-camara\/","title":{"rendered":"Avulso Inicial &#8211; PL 3771\/2025 &#8211; C\u00e2mara"},"content":{"rendered":"<h1 style='text-align: center;'>Avulso Inicial &#8211; Autoria de Otto Alencar Filho<\/h3>\n<p><\/p>\n<article>PROJETO DE LEI N\u00ba            DE 2025<br \/>\n(Do Sr. Otto Alencar Filho)<br \/>\nPro\u00edbe a pr\u00e1tica e a explora\u00e7\u00e3o comercial de<br \/>\napostas relativas a eventos reais ou virtuais com<br \/>\nquota fixa (bets) no territ\u00f3rio nacional e d\u00e1 outras<br \/>\nprovid\u00eancias.<br \/>\nO CONGRESSO NACIONAL decreta:<br \/>\nArt. 1\u00ba Fica proibida, em todo o territ\u00f3rio nacional, a pr\u00e1tica e a explora\u00e7\u00e3o<br \/>\ncomercial de apostas relativas a eventos reais ou virtuais em que seja previamente<br \/>\nestabelecido o valor da premia\u00e7\u00e3o a ser recebido pelo apostador em caso de acerto do<br \/>\nprogn\u00f3stico, modalidade conhecida como &#8220;aposta de quota fixa&#8221;, tamb\u00e9m<br \/>\ndenominada \u201cbet\u201d.<br \/>\nArt. 2\u00ba Considera-se aposta de quota fixa, para os efeitos desta Lei, aquela<br \/>\nem que:<br \/>\nI \u2013 o participante realiza um progn\u00f3stico sobre o resultado de evento<br \/>\nfuturo, real ou virtual;<br \/>\nII \u2013 no momento da efetiva\u00e7\u00e3o da aposta, a premia\u00e7\u00e3o potencial \u00e9<br \/>\npreviamente determinada com base em uma quota fixa divulgada pela operadora;<br \/>\nIII \u2013 h\u00e1 explora\u00e7\u00e3o econ\u00f4mica por empresa ou pessoa jur\u00eddica, por meio<br \/>\nf\u00edsico ou digital.<br \/>\nArt. 3\u00ba Fica vedado a pessoas f\u00edsicas e jur\u00eddicas:<br \/>\nI \u2013 explorar comercialmente a atividade descrita no art. 1\u00ba, inclusive por<br \/>\nmeio de plataformas digitais, aplicativos ou qualquer meio eletr\u00f4nico;<br \/>\nII \u2013 realizar propaganda, publicidade ou patroc\u00ednio envolvendo a<br \/>\nmodalidade de aposta de quota fixa;<br \/>\nIII \u2013 facilitar, intermediar ou promover o acesso de terceiros a tais<br \/>\nmodalidades de aposta.<br \/>\nArt. 4\u00ba O descumprimento desta Lei acarretar\u00e1:<br \/>\nI \u2013 multa administrativa de at\u00e9 R$ 2.000.000.000,00 (dois bilh\u00f5es de reais),<br \/>\naplicada pela autoridade competente, sem preju\u00edzo da responsabilidade civil e penal;<br \/>\nII \u2013 responsabiliza\u00e7\u00e3o solid\u00e1ria de pessoas f\u00edsicas ou jur\u00eddicas que<br \/>\nobtenham proveito direto ou indireto da explora\u00e7\u00e3o da atividade proibida;<br \/>\nPara verificar a assinatura, acesse https:\/\/infoleg-autenticidade-assinatura.camara.leg.br\/CD253143909100<br \/>\nAssinado eletronicamente pelo(a) Dep. Otto Alencar Filho<br \/>\nApresenta\u00e7\u00e3o: 06\/08\/2025 14:51:35.823 &#8211; Mesa<br \/>\n*CD253143909100* PL n.3771\/2025<br \/>III \u2013 apreens\u00e3o de bens, valores ou ativos financeiros vinculados \u00e0<br \/>\natividade il\u00edcita, com destina\u00e7\u00e3o aos Fundos de Sa\u00fade e de Seguran\u00e7a P\u00fablica.<br \/>\nArt. 5\u00ba Fica determinada a atua\u00e7\u00e3o conjunta dos seguintes \u00f3rg\u00e3os no<br \/>\ncumprimento desta Lei:<br \/>\nI \u2013 Minist\u00e9rio da Justi\u00e7a e Seguran\u00e7a P\u00fablica;<br \/>\nII \u2013 Minist\u00e9rio da Fazenda;<br \/>\nIII \u2013 Minist\u00e9rio das Comunica\u00e7\u00f5es;<br \/>\nIV \u2013 Autoridades do Sistema Financeiro Nacional;<br \/>\nV \u2013 Pol\u00edcia Federal e Minist\u00e9rio P\u00fablico.<br \/>\nArt. 6\u00ba As plataformas digitais, redes sociais e provedores de conex\u00e3o e<br \/>\naplica\u00e7\u00e3o sediados no Brasil ou que atuem no territ\u00f3rio nacional dever\u00e3o:<br \/>\nI \u2013 bloquear o acesso a sites e aplicativos que promovam apostas de quota<br \/>\nfixa;<br \/>\nII \u2013 remover conte\u00fados de divulga\u00e7\u00e3o ou publicidade dessa natureza, no<br \/>\nprazo de at\u00e9 48 horas ap\u00f3s notifica\u00e7\u00e3o da autoridade competente.<br \/>\nArt. 7\u00ba Esta Lei entra em vigor na data de sua publica\u00e7\u00e3o.<br \/>\nJUSTIFICA\u00c7\u00c3O<br \/>\nO presente Projeto de Lei visa proteger a sociedade brasileira dos efeitos<br \/>\nprofundamente nocivos causados pela pr\u00e1tica e pela explora\u00e7\u00e3o comercial das<br \/>\napostas de quota fixa, popularmente conhecida como &#8220;bets&#8221;, uma modalidade que tem<br \/>\nse espalhado com velocidade alarmante e atingido, de forma descontrolada, jovens,<br \/>\nadolescentes, trabalhadores e fam\u00edlias inteiras.<br \/>\nAs apostas de quota fixa, por seu modelo de funcionamento, exploram<br \/>\ndeliberadamente os mecanismos psicol\u00f3gicos da dopamina, da expectativa de<br \/>\nrecompensa e da impulsividade, favorecendo a depend\u00eancia comportamental<br \/>\nconhecida como ludopatia, uma forma reconhecida de transtorno mental pela<br \/>\nOrganiza\u00e7\u00e3o Mundial da Sa\u00fade (OMS).<br \/>\nEstudos cient\u00edficos e dados emp\u00edricos v\u00eam revelando os efeitos<br \/>\ndevastadores desse tipo de aposta. De acordo com a Sociedade Brasileira de<br \/>\nPsiquiatria, o n\u00famero de jovens com transtornos relacionados ao jogo aumentou<br \/>\ndrasticamente desde a populariza\u00e7\u00e3o das bets no Brasil. Muitos apostadores perdem<br \/>\nn\u00e3o apenas economias, mas tamb\u00e9m carreiras, relacionamentos, sa\u00fade mental e a<br \/>\npr\u00f3pria dignidade.<br \/>\nPara verificar a assinatura, acesse https:\/\/infoleg-autenticidade-assinatura.camara.leg.br\/CD253143909100<br \/>\nAssinado eletronicamente pelo(a) Dep. Otto Alencar Filho<br \/>\nApresenta\u00e7\u00e3o: 06\/08\/2025 14:51:35.823 &#8211; Mesa<br \/>\n*CD253143909100* PL n.3771\/2025<br \/>In\u00fameros casos v\u00eam se multiplicando na imprensa e nos servi\u00e7os p\u00fablicos<br \/>\nde sa\u00fade:<br \/>\nEm 2024, um jovem de 19 anos em Belo Horizonte cometeu suic\u00eddio ap\u00f3s<br \/>\nacumular d\u00edvidas de mais de R$ 80 mil em apostas online.<br \/>\nEm S\u00e3o Paulo, um pai de fam\u00edlia perdeu o apartamento onde morava com<br \/>\nseus tr\u00eas filhos ap\u00f3s comprometer seu sal\u00e1rio e realizar sucessivos empr\u00e9stimos para<br \/>\ncobrir perdas com apostas.<br \/>\nEm Recife, uma mulher de 33 anos foi internada compulsoriamente ap\u00f3s<br \/>\nsofrer surto psic\u00f3tico relacionado ao v\u00edcio em apostas digitais.<br \/>\nEsses casos s\u00e3o apenas alguns dos milhares que n\u00e3o v\u00eam \u00e0 tona, mas<br \/>\nque t\u00eam gerado desagrega\u00e7\u00e3o familiar, aumento da viol\u00eancia dom\u00e9stica, evas\u00e3o<br \/>\nescolar, desemprego e casos graves de depress\u00e3o e ansiedade.<br \/>\nA depend\u00eancia em apostas de quota fixa n\u00e3o afeta apenas o indiv\u00edduo,<br \/>\nmas arrastra consigo todo o n\u00facleo familiar. H\u00e1 registros de pessoas que utilizam<br \/>\ncart\u00f5es de cr\u00e9dito de c\u00f4njuges ou parentes sem autoriza\u00e7\u00e3o, comprometem o sustento<br \/>\nde crian\u00e7as e idosos para &#8220;recuperar&#8221; perdas anteriores e mentem, se isolam e<br \/>\nrompem la\u00e7os familiares por vergonha ou compuls\u00e3o.<br \/>\nA Funda\u00e7\u00e3o Oswaldo Cruz &#8211; Fiocruz identificou que, para cada viciado em<br \/>\njogo, entre 5 e 7 pessoas do conv\u00edvio pr\u00f3ximo s\u00e3o diretamente afetadas emocional,<br \/>\nfinanceira ou psicologicamente.<br \/>\nO crescimento das bets tem gerado circula\u00e7\u00e3o opaca de bilh\u00f5es de reais,<br \/>\nboa parte sem controle fiscal ou supervis\u00e3o estatal. Plataformas operam do exterior,<br \/>\nsem sede legal no Brasil, o que favorece a evas\u00e3o fiscal, lavagem de dinheiro e crimes<br \/>\nfinanceiros, aliciamento de menores e adolescentes e publicidade enganosa,<br \/>\ndisfar\u00e7ada de marketing esportivo.<br \/>\nIn\u00fameros trabalhadores, inclusive de baixa renda, gastam sal\u00e1rios inteiros<br \/>\nem minutos, incentivados por influenciadores digitais pagos por plataformas. O apelo<br \/>\nao lucro f\u00e1cil, somado \u00e0 baixa compreens\u00e3o financeira da popula\u00e7\u00e3o, cria um ciclo de<br \/>\nexplora\u00e7\u00e3o e mis\u00e9ria.<br \/>\nA Carta Constitucional de 88 determina, em seu art. 1\u00ba, III, que a dignidade<br \/>\nda pessoa humana \u00e9 um dos fundamentos da Rep\u00fablica. O Estado, portanto, n\u00e3o<br \/>\npode compactuar com atividades que corroem a integridade mental, econ\u00f4mica e<br \/>\nemocional de seus cidad\u00e3os.<br \/>\nA ordem econ\u00f4mica, conforme o art. 170 da Constitui\u00e7\u00e3o, deve observar<br \/>\nos princ\u00edpios da valoriza\u00e7\u00e3o do trabalho humano e da fun\u00e7\u00e3o social da atividade<br \/>\necon\u00f4mica. A pr\u00e1tica de apostas de quota fixa n\u00e3o gera emprego produtivo, mas<br \/>\nPara verificar a assinatura, acesse https:\/\/infoleg-autenticidade-assinatura.camara.leg.br\/CD253143909100<br \/>\nAssinado eletronicamente pelo(a) Dep. Otto Alencar Filho<br \/>\nApresenta\u00e7\u00e3o: 06\/08\/2025 14:51:35.823 &#8211; Mesa<br \/>\n*CD253143909100* PL n.3771\/2025<br \/>reproduz a l\u00f3gica de extra\u00e7\u00e3o de recursos de vulner\u00e1veis em benef\u00edcio de empresas<br \/>\nmilion\u00e1rias, muitas vezes estrangeiras e sem qualquer compromisso com o pa\u00eds.<br \/>\nO art. 196 da Constitui\u00e7\u00e3o ainda estabelece que a sa\u00fade \u00e9 direito de todos<br \/>\ne dever do Estado, o que inclui a preven\u00e7\u00e3o e o combate \u00e0 ludopatia e seus efeitos<br \/>\ncolaterais: depress\u00e3o, suic\u00eddio, automutila\u00e7\u00e3o, alcoolismo, etc.<br \/>\nA legaliza\u00e7\u00e3o silenciosa das apostas de quota fixa, sem controle efetivo,<br \/>\nsem pol\u00edtica p\u00fablica preventiva, sem limites de acesso e com publicidade agressiva,<br \/>\nrepresenta um risco social e moral de grandes propor\u00e7\u00f5es.<br \/>\nDessa forma, o presente projeto de Lei, se apresenta como uma resposta<br \/>\nnecess\u00e1ria, urgente e fundamentada para proteger o povo brasileiro, especialmente os<br \/>\nmais vulner\u00e1veis, da expans\u00e3o de um modelo de neg\u00f3cio que n\u00e3o gera<br \/>\ndesenvolvimento, mas sim mis\u00e9ria, depend\u00eancia e destrui\u00e7\u00e3o social.<br \/>\nAnte o exposto, conto com a aprova\u00e7\u00e3o deste projeto de lei pelos<br \/>\neminentes Pares.<br \/>\nSala das Sess\u00f5es,  em         de                    de 2025.<br \/>\nDeputado OTTO ALENCAR FILHO<br \/>\nPSD &#8211; BA<br \/>\nPara verificar a assinatura, acesse https:\/\/infoleg-autenticidade-assinatura.camara.leg.br\/CD253143909100<br \/>\nAssinado eletronicamente pelo(a) Dep. Otto Alencar Filho<br \/>\nApresenta\u00e7\u00e3o: 06\/08\/2025 14:51:35.823 &#8211; Mesa<br \/>\n*CD253143909100* PL n.3771\/2025<\/article>\n<p><a href='https:\/\/app.legislapp.com.br\/#\/busca?termo='><\/a><\/p>\n<div style=\"text-align: center\">\n      <img decoding=\"async\" style=\"width: 14%;\" src=\"https:\/\/www.legislapp.com.br\/wp-content\/uploads\/2021\/07\/Logo-Legislapp-1-03-1.png\"><br \/>\n      <\/p>\n<div style=\"margin-bottom: 20px;\" class=\"et_pb_button_module_wrapper et_pb_button_5_tb_body_wrapper et_pb_button_alignment_center et_pb_module \">\n         <a class=\"et_pb_button et_pb_button_5_tb_body et_hover_enabled et_pb_bg_layout_dark\" style=\"width: 50%;background-color: black;\" href=\"https:\/\/app.legislapp.com.br\" target=\"_blank\" rel=\"noopener\">Visualizar completo na nossa plataforma (30 dias gr\u00e1tis)<\/a><\/p><\/div>\n<p>      <a href=\"https:\/\/play.google.com\/store\/apps\/details?id=br.com.legislapp\"><img decoding=\"async\" style=\"width: 15%; min-width: 130px;\" src=\"https:\/\/www.legislapp.com.br\/wp-content\/uploads\/google-play.png\"><\/a><br \/>\n      <a href=\"https:\/\/apps.apple.com\/us\/app\/legislapp\/id1568929859\"><img decoding=\"async\" style=\"width: 15%; min-width: 130px\" src=\"https:\/\/www.legislapp.com.br\/wp-content\/uploads\/apple-store.png\"><\/a>\n   <\/div>\n","protected":false},"excerpt":{"rendered":"<p>Avulso Inicial &#8211; Autoria de Otto Alencar Filho PROJETO DE LEI N\u00ba DE 2025 (Do Sr. Otto Alencar Filho) Pro\u00edbe a pr\u00e1tica e a explora\u00e7\u00e3o comercial de apostas relativas a eventos reais ou virtuais com quota fixa (bets) no territ\u00f3rio nacional e d\u00e1 outras provid\u00eancias. O CONGRESSO NACIONAL decreta: Art. 1\u00ba Fica proibida, em todo [&hellip;]<\/p>\n","protected":false},"author":1,"featured_media":0,"parent":0,"menu_order":0,"comment_status":"closed","ping_status":"closed","template":"page-template-blank.php","meta":{"_et_pb_use_builder":"","_et_pb_old_content":"","_et_gb_content_width":"1080","ngg_post_thumbnail":0,"footnotes":""},"class_list":["post-10968","page","type-page","status-publish","hentry"],"yoast_head":"<!-- This site is optimized with the Yoast SEO plugin v24.4 - https:\/\/yoast.com\/wordpress\/plugins\/seo\/ -->\n<title>Avulso Inicial - PL 3771\/2025 - C\u00e2mara - Legislapp<\/title>\n<meta name=\"robots\" content=\"index, follow, max-snippet:-1, max-image-preview:large, max-video-preview:-1\" \/>\n<link rel=\"canonical\" href=\"https:\/\/www.legislapp.com.br\/index.php\/avulso-inicial-pl-3771-2025-camara\/\" \/>\n<meta property=\"og:locale\" content=\"pt_BR\" \/>\n<meta property=\"og:type\" content=\"article\" \/>\n<meta property=\"og:title\" content=\"Avulso Inicial - PL 3771\/2025 - C\u00e2mara - Legislapp\" \/>\n<meta property=\"og:description\" content=\"Avulso Inicial &#8211; Autoria de Otto Alencar Filho PROJETO DE LEI N\u00ba DE 2025 (Do Sr. Otto Alencar Filho) Pro\u00edbe a pr\u00e1tica e a explora\u00e7\u00e3o comercial de apostas relativas a eventos reais ou virtuais com quota fixa (bets) no territ\u00f3rio nacional e d\u00e1 outras provid\u00eancias. O CONGRESSO NACIONAL decreta: Art. 1\u00ba Fica proibida, em todo [&hellip;]\" \/>\n<meta property=\"og:url\" content=\"https:\/\/www.legislapp.com.br\/index.php\/avulso-inicial-pl-3771-2025-camara\/\" \/>\n<meta property=\"og:site_name\" content=\"Legislapp\" \/>\n<meta property=\"article:publisher\" content=\"https:\/\/www.instagram.com\/legislapp\/\" \/>\n<meta property=\"og:image\" content=\"https:\/\/www.legislapp.com.br\/wp-content\/uploads\/2021\/07\/Logo-Legislapp-1-03-1.png\" \/>\n<meta name=\"twitter:card\" content=\"summary_large_image\" \/>\n<meta name=\"twitter:label1\" content=\"Est. tempo de leitura\" \/>\n\t<meta name=\"twitter:data1\" content=\"7 minutos\" \/>\n<script type=\"application\/ld+json\" class=\"yoast-schema-graph\">{\"@context\":\"https:\/\/schema.org\",\"@graph\":[{\"@type\":\"WebPage\",\"@id\":\"https:\/\/www.legislapp.com.br\/index.php\/avulso-inicial-pl-3771-2025-camara\/\",\"url\":\"https:\/\/www.legislapp.com.br\/index.php\/avulso-inicial-pl-3771-2025-camara\/\",\"name\":\"Avulso Inicial - PL 3771\/2025 - C\u00e2mara - Legislapp\",\"isPartOf\":{\"@id\":\"https:\/\/www.legislapp.com.br\/#website\"},\"primaryImageOfPage\":{\"@id\":\"https:\/\/www.legislapp.com.br\/index.php\/avulso-inicial-pl-3771-2025-camara\/#primaryimage\"},\"image\":{\"@id\":\"https:\/\/www.legislapp.com.br\/index.php\/avulso-inicial-pl-3771-2025-camara\/#primaryimage\"},\"thumbnailUrl\":\"https:\/\/www.legislapp.com.br\/wp-content\/uploads\/2021\/07\/Logo-Legislapp-1-03-1.png\",\"datePublished\":\"2025-12-01T14:48:50+00:00\",\"breadcrumb\":{\"@id\":\"https:\/\/www.legislapp.com.br\/index.php\/avulso-inicial-pl-3771-2025-camara\/#breadcrumb\"},\"inLanguage\":\"pt-BR\",\"potentialAction\":[{\"@type\":\"ReadAction\",\"target\":[\"https:\/\/www.legislapp.com.br\/index.php\/avulso-inicial-pl-3771-2025-camara\/\"]}]},{\"@type\":\"ImageObject\",\"inLanguage\":\"pt-BR\",\"@id\":\"https:\/\/www.legislapp.com.br\/index.php\/avulso-inicial-pl-3771-2025-camara\/#primaryimage\",\"url\":\"https:\/\/www.legislapp.com.br\/wp-content\/uploads\/2021\/07\/Logo-Legislapp-1-03-1.png\",\"contentUrl\":\"https:\/\/www.legislapp.com.br\/wp-content\/uploads\/2021\/07\/Logo-Legislapp-1-03-1.png\",\"width\":2679,\"height\":2697},{\"@type\":\"BreadcrumbList\",\"@id\":\"https:\/\/www.legislapp.com.br\/index.php\/avulso-inicial-pl-3771-2025-camara\/#breadcrumb\",\"itemListElement\":[{\"@type\":\"ListItem\",\"position\":1,\"name\":\"In\u00edcio\",\"item\":\"https:\/\/www.legislapp.com.br\/\"},{\"@type\":\"ListItem\",\"position\":2,\"name\":\"Avulso Inicial &#8211; PL 3771\/2025 &#8211; C\u00e2mara\"}]},{\"@type\":\"WebSite\",\"@id\":\"https:\/\/www.legislapp.com.br\/#website\",\"url\":\"https:\/\/www.legislapp.com.br\/\",\"name\":\"Legislapp\",\"description\":\"Intelig\u00eancia governamental em tempo real\",\"publisher\":{\"@id\":\"https:\/\/www.legislapp.com.br\/#organization\"},\"potentialAction\":[{\"@type\":\"SearchAction\",\"target\":{\"@type\":\"EntryPoint\",\"urlTemplate\":\"https:\/\/www.legislapp.com.br\/?s={search_term_string}\"},\"query-input\":{\"@type\":\"PropertyValueSpecification\",\"valueRequired\":true,\"valueName\":\"search_term_string\"}}],\"inLanguage\":\"pt-BR\"},{\"@type\":\"Organization\",\"@id\":\"https:\/\/www.legislapp.com.br\/#organization\",\"name\":\"Legislapp Monitoramento e Intelig\u00eancia Governamental\",\"url\":\"https:\/\/www.legislapp.com.br\/\",\"logo\":{\"@type\":\"ImageObject\",\"inLanguage\":\"pt-BR\",\"@id\":\"https:\/\/www.legislapp.com.br\/#\/schema\/logo\/image\/\",\"url\":\"https:\/\/www.legislapp.com.br\/wp-content\/uploads\/icon.png\",\"contentUrl\":\"https:\/\/www.legislapp.com.br\/wp-content\/uploads\/icon.png\",\"width\":1024,\"height\":1024,\"caption\":\"Legislapp Monitoramento e Intelig\u00eancia Governamental\"},\"image\":{\"@id\":\"https:\/\/www.legislapp.com.br\/#\/schema\/logo\/image\/\"},\"sameAs\":[\"https:\/\/www.instagram.com\/legislapp\/\"]}]}<\/script>\n<!-- \/ Yoast SEO plugin. -->","yoast_head_json":{"title":"Avulso Inicial - PL 3771\/2025 - C\u00e2mara - Legislapp","robots":{"index":"index","follow":"follow","max-snippet":"max-snippet:-1","max-image-preview":"max-image-preview:large","max-video-preview":"max-video-preview:-1"},"canonical":"https:\/\/www.legislapp.com.br\/index.php\/avulso-inicial-pl-3771-2025-camara\/","og_locale":"pt_BR","og_type":"article","og_title":"Avulso Inicial - PL 3771\/2025 - C\u00e2mara - Legislapp","og_description":"Avulso Inicial &#8211; Autoria de Otto Alencar Filho PROJETO DE LEI N\u00ba DE 2025 (Do Sr. Otto Alencar Filho) Pro\u00edbe a pr\u00e1tica e a explora\u00e7\u00e3o comercial de apostas relativas a eventos reais ou virtuais com quota fixa (bets) no territ\u00f3rio nacional e d\u00e1 outras provid\u00eancias. O CONGRESSO NACIONAL decreta: Art. 1\u00ba Fica proibida, em todo [&hellip;]","og_url":"https:\/\/www.legislapp.com.br\/index.php\/avulso-inicial-pl-3771-2025-camara\/","og_site_name":"Legislapp","article_publisher":"https:\/\/www.instagram.com\/legislapp\/","og_image":[{"url":"https:\/\/www.legislapp.com.br\/wp-content\/uploads\/2021\/07\/Logo-Legislapp-1-03-1.png","type":"","width":"","height":""}],"twitter_card":"summary_large_image","twitter_misc":{"Est. tempo de leitura":"7 minutos"},"schema":{"@context":"https:\/\/schema.org","@graph":[{"@type":"WebPage","@id":"https:\/\/www.legislapp.com.br\/index.php\/avulso-inicial-pl-3771-2025-camara\/","url":"https:\/\/www.legislapp.com.br\/index.php\/avulso-inicial-pl-3771-2025-camara\/","name":"Avulso Inicial - PL 3771\/2025 - C\u00e2mara - Legislapp","isPartOf":{"@id":"https:\/\/www.legislapp.com.br\/#website"},"primaryImageOfPage":{"@id":"https:\/\/www.legislapp.com.br\/index.php\/avulso-inicial-pl-3771-2025-camara\/#primaryimage"},"image":{"@id":"https:\/\/www.legislapp.com.br\/index.php\/avulso-inicial-pl-3771-2025-camara\/#primaryimage"},"thumbnailUrl":"https:\/\/www.legislapp.com.br\/wp-content\/uploads\/2021\/07\/Logo-Legislapp-1-03-1.png","datePublished":"2025-12-01T14:48:50+00:00","breadcrumb":{"@id":"https:\/\/www.legislapp.com.br\/index.php\/avulso-inicial-pl-3771-2025-camara\/#breadcrumb"},"inLanguage":"pt-BR","potentialAction":[{"@type":"ReadAction","target":["https:\/\/www.legislapp.com.br\/index.php\/avulso-inicial-pl-3771-2025-camara\/"]}]},{"@type":"ImageObject","inLanguage":"pt-BR","@id":"https:\/\/www.legislapp.com.br\/index.php\/avulso-inicial-pl-3771-2025-camara\/#primaryimage","url":"https:\/\/www.legislapp.com.br\/wp-content\/uploads\/2021\/07\/Logo-Legislapp-1-03-1.png","contentUrl":"https:\/\/www.legislapp.com.br\/wp-content\/uploads\/2021\/07\/Logo-Legislapp-1-03-1.png","width":2679,"height":2697},{"@type":"BreadcrumbList","@id":"https:\/\/www.legislapp.com.br\/index.php\/avulso-inicial-pl-3771-2025-camara\/#breadcrumb","itemListElement":[{"@type":"ListItem","position":1,"name":"In\u00edcio","item":"https:\/\/www.legislapp.com.br\/"},{"@type":"ListItem","position":2,"name":"Avulso Inicial &#8211; PL 3771\/2025 &#8211; C\u00e2mara"}]},{"@type":"WebSite","@id":"https:\/\/www.legislapp.com.br\/#website","url":"https:\/\/www.legislapp.com.br\/","name":"Legislapp","description":"Intelig\u00eancia governamental em tempo real","publisher":{"@id":"https:\/\/www.legislapp.com.br\/#organization"},"potentialAction":[{"@type":"SearchAction","target":{"@type":"EntryPoint","urlTemplate":"https:\/\/www.legislapp.com.br\/?s={search_term_string}"},"query-input":{"@type":"PropertyValueSpecification","valueRequired":true,"valueName":"search_term_string"}}],"inLanguage":"pt-BR"},{"@type":"Organization","@id":"https:\/\/www.legislapp.com.br\/#organization","name":"Legislapp Monitoramento e Intelig\u00eancia Governamental","url":"https:\/\/www.legislapp.com.br\/","logo":{"@type":"ImageObject","inLanguage":"pt-BR","@id":"https:\/\/www.legislapp.com.br\/#\/schema\/logo\/image\/","url":"https:\/\/www.legislapp.com.br\/wp-content\/uploads\/icon.png","contentUrl":"https:\/\/www.legislapp.com.br\/wp-content\/uploads\/icon.png","width":1024,"height":1024,"caption":"Legislapp Monitoramento e Intelig\u00eancia Governamental"},"image":{"@id":"https:\/\/www.legislapp.com.br\/#\/schema\/logo\/image\/"},"sameAs":["https:\/\/www.instagram.com\/legislapp\/"]}]}},"_links":{"self":[{"href":"https:\/\/www.legislapp.com.br\/index.php\/wp-json\/wp\/v2\/pages\/10968","targetHints":{"allow":["GET"]}}],"collection":[{"href":"https:\/\/www.legislapp.com.br\/index.php\/wp-json\/wp\/v2\/pages"}],"about":[{"href":"https:\/\/www.legislapp.com.br\/index.php\/wp-json\/wp\/v2\/types\/page"}],"author":[{"embeddable":true,"href":"https:\/\/www.legislapp.com.br\/index.php\/wp-json\/wp\/v2\/users\/1"}],"replies":[{"embeddable":true,"href":"https:\/\/www.legislapp.com.br\/index.php\/wp-json\/wp\/v2\/comments?post=10968"}],"version-history":[{"count":0,"href":"https:\/\/www.legislapp.com.br\/index.php\/wp-json\/wp\/v2\/pages\/10968\/revisions"}],"wp:attachment":[{"href":"https:\/\/www.legislapp.com.br\/index.php\/wp-json\/wp\/v2\/media?parent=10968"}],"curies":[{"name":"wp","href":"https:\/\/api.w.org\/{rel}","templated":true}]}}