{"id":10972,"date":"2025-12-01T11:49:00","date_gmt":"2025-12-01T14:49:00","guid":{"rendered":"https:\/\/www.legislapp.com.br\/index.php\/avulso-inicial-pl-3706-2025-camara\/"},"modified":"2025-12-01T11:49:00","modified_gmt":"2025-12-01T14:49:00","slug":"avulso-inicial-pl-3706-2025-camara","status":"publish","type":"page","link":"https:\/\/www.legislapp.com.br\/index.php\/avulso-inicial-pl-3706-2025-camara\/","title":{"rendered":"Avulso Inicial &#8211; PL 3706\/2025 &#8211; C\u00e2mara"},"content":{"rendered":"<h1 style='text-align: center;'>Avulso Inicial &#8211; Autoria de Romero Rodrigues<\/h3>\n<p><\/p>\n<article>PROJETO DE LEI N\u00ba          , DE 2025<br \/>\n(Do Sr. ROMERO RODRIGUES)<br \/>\nAltera a Lei n\u00ba 12.764, de 27 de<br \/>\ndezembro de 2012, para estabelecer que a<br \/>\nassist\u00eancia \u00e0 sa\u00fade das pessoas com<br \/>\ntranstorno do espectro autista dever\u00e1 ser<br \/>\nrealizada, preferencialmente, sempre pelos<br \/>\nos mesmos profissionais.<br \/>\nO Congresso Nacional decreta:<br \/>\nArt. 1\u00ba Esta Lei altera a Lei n\u00ba 12.764, de 27 de dezembro de<br \/>\n2012, que \u201cInstitui a Pol\u00edtica Nacional de Prote\u00e7\u00e3o dos Direitos da Pessoa com<br \/>\nTranstorno do Espectro Autista\u201d, para estabelecer que a assist\u00eancia \u00e0 sa\u00fade<br \/>\ndas pessoas com transtorno do espectro autista dever\u00e1 ser realizada,<br \/>\npreferencialmente, sempre pelos os mesmos profissionais.<br \/>\nArt. 2\u00ba A Lei n\u00ba 12.764, de 27 de dezembro de 2012, passa a<br \/>\nvigorar acrescido do seguinte art. 5\u00ba-A:<br \/>\n\u201cArt. 5\u00ba-A A assist\u00eancia \u00e0 sa\u00fade das pessoas com<br \/>\ntranstorno do espectro autista dever\u00e1 ser realizada,<br \/>\npreferencialmente, sempre pelos mesmos profissionais.<br \/>\nPar\u00e1grafo \u00fanico: Havendo necessidade de substitui\u00e7\u00e3o do<br \/>\nprofissional que realiza o atendimento multidisciplinar, o<br \/>\npaciente dever\u00e1 ser notificado sempre que poss\u00edvel com,<br \/>\nno m\u00ednimo, trinta dias de anteced\u00eancia, salvo situa\u00e7\u00f5es de<br \/>\ncaso fortuito ou for\u00e7a maior.\u201d<br \/>\nArt. 3\u00ba Esta lei entra em vigor na data de sua publica\u00e7\u00e3o.<br \/>\nJUSTIFICA\u00c7\u00c3O<br \/>\nEste projeto de lei tem como objetivo assegurar que, sempre<br \/>\nque poss\u00edvel, o atendimento de pessoas com Transtorno do Espectro Autista<br \/>\n(TEA) seja realizado pelos mesmos profissionais de sa\u00fade, preservando o<br \/>\nPara verificar a assinatura, acesse https:\/\/infoleg-autenticidade-assinatura.camara.leg.br\/CD257063718900<br \/>\nAssinado eletronicamente pelo(a) Dep. Romero Rodrigues<br \/>\nApresenta\u00e7\u00e3o: 05\/08\/2025 11:17:32.590 &#8211; Mesa<br \/>\n*CD257063718900* PL n.3706\/2025<br \/>2<br \/>\nv\u00ednculo terap\u00eautico estabelecido. Tal v\u00ednculo \u00e9 essencial para o progresso<br \/>\ncl\u00ednico, especialmente em indiv\u00edduos que apresentam rigidez cognitiva,<br \/>\ndificuldade de comunica\u00e7\u00e3o e sensibilidade a mudan\u00e7as de rotina.<br \/>\nA continuidade no atendimento permite que os profissionais<br \/>\nadquiram conhecimento profundo sobre as caracter\u00edsticas, comportamentos e<br \/>\nnecessidades espec\u00edficas do paciente. Essa const\u00e2ncia favorece a<br \/>\nidentifica\u00e7\u00e3o de sinais n\u00e3o verbais e altera\u00e7\u00f5es emocionais sutis, aspectos que<br \/>\ns\u00e3o fundamentais na abordagem terap\u00eautica de pessoas com TEA.<br \/>\nA quebra abrupta desse v\u00ednculo, por meio da troca de<br \/>\nprofissionais ou da modifica\u00e7\u00e3o do ambiente terap\u00eautico, pode resultar em<br \/>\nregress\u00e3o cl\u00ednica, crises de comportamento, desregula\u00e7\u00e3o emocional e<br \/>\nsofrimento tanto para os pacientes quanto para seus familiares. Essas<br \/>\nconsequ\u00eancias s\u00e3o especialmente severas no caso de pessoas com TEA, cuja<br \/>\nadapta\u00e7\u00e3o a novas intera\u00e7\u00f5es pode ser bastante limitada.<br \/>\nInfelizmente, situa\u00e7\u00f5es como descredenciamento de cl\u00ednicas e<br \/>\nmudan\u00e7as estruturais nos sistemas de sa\u00fade, p\u00fablico ou privado, t\u00eam<br \/>\nprovocado a substitui\u00e7\u00e3o repentina de equipes, sem o devido planejamento de<br \/>\ntransi\u00e7\u00e3o, impactando negativamente o tratamento.<br \/>\nReconhece-se, por outro lado, que h\u00e1 situa\u00e7\u00f5es inevit\u00e1veis que<br \/>\njustificam a troca de profissionais, como afastamentos por motivos de sa\u00fade,<br \/>\ntransfer\u00eancias ou desligamentos. Assim, a presente proposta busca equilibrar a<br \/>\nimport\u00e2ncia da continuidade terap\u00eautica com a realidade da rotatividade<br \/>\nprofissional, promovendo um cuidado mais humanizado e est\u00e1vel para pessoas<br \/>\ncom TEA.<br \/>\nEm face ao exposto, pe\u00e7o a meus nobres Pares o apoio<br \/>\nnecess\u00e1rio para aprova\u00e7\u00e3o deste projeto de lei.<br \/>\nSala das Sess\u00f5es, em        de                     de 2025.<br \/>\nDeputado ROMERO RODRIGUES<br \/>\n2025-8469<br \/>\nPara verificar a assinatura, acesse https:\/\/infoleg-autenticidade-assinatura.camara.leg.br\/CD257063718900<br \/>\nAssinado eletronicamente pelo(a) Dep. Romero Rodrigues<br \/>\nApresenta\u00e7\u00e3o: 05\/08\/2025 11:17:32.590 &#8211; Mesa<br \/>\n*CD257063718900* PL n.3706\/2025<\/article>\n<p><a href='https:\/\/app.legislapp.com.br\/#\/busca?termo=Altera\u00e7\u00e3o'>Altera\u00e7\u00e3o<\/a>, <a href='https:\/\/app.legislapp.com.br\/#\/busca?termo=Lei Berenice Piana (2012)'>Lei Berenice Piana (2012)<\/a>, <a href='https:\/\/app.legislapp.com.br\/#\/busca?termo=atendimento'>atendimento<\/a>, <a href='https:\/\/app.legislapp.com.br\/#\/busca?termo=pessoa com transtorno do espectro autista'>pessoa com transtorno do espectro autista<\/a>, <a href='https:\/\/app.legislapp.com.br\/#\/busca?termo=assist\u00eancia \u00e0 sa\u00fade'>assist\u00eancia \u00e0 sa\u00fade<\/a>, <a href='https:\/\/app.legislapp.com.br\/#\/busca?termo=profissional de sa\u00fade.'>profissional de sa\u00fade.<\/a><\/p>\n<div style=\"text-align: center\">\n      <img decoding=\"async\" style=\"width: 14%;\" src=\"https:\/\/www.legislapp.com.br\/wp-content\/uploads\/2021\/07\/Logo-Legislapp-1-03-1.png\"><br \/>\n      <\/p>\n<div style=\"margin-bottom: 20px;\" class=\"et_pb_button_module_wrapper et_pb_button_5_tb_body_wrapper et_pb_button_alignment_center et_pb_module \">\n         <a class=\"et_pb_button et_pb_button_5_tb_body et_hover_enabled et_pb_bg_layout_dark\" style=\"width: 50%;background-color: black;\" href=\"https:\/\/app.legislapp.com.br\" target=\"_blank\" rel=\"noopener\">Visualizar completo na nossa plataforma (30 dias gr\u00e1tis)<\/a><\/p><\/div>\n<p>      <a href=\"https:\/\/play.google.com\/store\/apps\/details?id=br.com.legislapp\"><img decoding=\"async\" style=\"width: 15%; min-width: 130px;\" src=\"https:\/\/www.legislapp.com.br\/wp-content\/uploads\/google-play.png\"><\/a><br \/>\n      <a href=\"https:\/\/apps.apple.com\/us\/app\/legislapp\/id1568929859\"><img decoding=\"async\" style=\"width: 15%; min-width: 130px\" src=\"https:\/\/www.legislapp.com.br\/wp-content\/uploads\/apple-store.png\"><\/a>\n   <\/div>\n","protected":false},"excerpt":{"rendered":"<p>Avulso Inicial &#8211; Autoria de Romero Rodrigues PROJETO DE LEI N\u00ba , DE 2025 (Do Sr. ROMERO RODRIGUES) Altera a Lei n\u00ba 12.764, de 27 de dezembro de 2012, para estabelecer que a assist\u00eancia \u00e0 sa\u00fade das pessoas com transtorno do espectro autista dever\u00e1 ser realizada, preferencialmente, sempre pelos os mesmos profissionais. O Congresso Nacional [&hellip;]<\/p>\n","protected":false},"author":1,"featured_media":0,"parent":0,"menu_order":0,"comment_status":"closed","ping_status":"closed","template":"page-template-blank.php","meta":{"_et_pb_use_builder":"","_et_pb_old_content":"","_et_gb_content_width":"1080","ngg_post_thumbnail":0,"footnotes":""},"class_list":["post-10972","page","type-page","status-publish","hentry"],"yoast_head":"<!-- This site is optimized with the Yoast SEO plugin v24.4 - https:\/\/yoast.com\/wordpress\/plugins\/seo\/ -->\n<title>Avulso Inicial - PL 3706\/2025 - C\u00e2mara - Legislapp<\/title>\n<meta name=\"robots\" content=\"index, follow, max-snippet:-1, max-image-preview:large, max-video-preview:-1\" \/>\n<link rel=\"canonical\" href=\"https:\/\/www.legislapp.com.br\/index.php\/avulso-inicial-pl-3706-2025-camara\/\" \/>\n<meta property=\"og:locale\" content=\"pt_BR\" \/>\n<meta property=\"og:type\" content=\"article\" \/>\n<meta property=\"og:title\" content=\"Avulso Inicial - PL 3706\/2025 - C\u00e2mara - Legislapp\" \/>\n<meta property=\"og:description\" content=\"Avulso Inicial &#8211; Autoria de Romero Rodrigues PROJETO DE LEI N\u00ba , DE 2025 (Do Sr. ROMERO RODRIGUES) Altera a Lei n\u00ba 12.764, de 27 de dezembro de 2012, para estabelecer que a assist\u00eancia \u00e0 sa\u00fade das pessoas com transtorno do espectro autista dever\u00e1 ser realizada, preferencialmente, sempre pelos os mesmos profissionais. O Congresso Nacional [&hellip;]\" \/>\n<meta property=\"og:url\" content=\"https:\/\/www.legislapp.com.br\/index.php\/avulso-inicial-pl-3706-2025-camara\/\" \/>\n<meta property=\"og:site_name\" content=\"Legislapp\" \/>\n<meta property=\"article:publisher\" content=\"https:\/\/www.instagram.com\/legislapp\/\" \/>\n<meta property=\"og:image\" content=\"https:\/\/www.legislapp.com.br\/wp-content\/uploads\/2021\/07\/Logo-Legislapp-1-03-1.png\" \/>\n<meta name=\"twitter:card\" content=\"summary_large_image\" \/>\n<meta name=\"twitter:label1\" content=\"Est. tempo de leitura\" \/>\n\t<meta name=\"twitter:data1\" content=\"3 minutos\" \/>\n<script type=\"application\/ld+json\" class=\"yoast-schema-graph\">{\"@context\":\"https:\/\/schema.org\",\"@graph\":[{\"@type\":\"WebPage\",\"@id\":\"https:\/\/www.legislapp.com.br\/index.php\/avulso-inicial-pl-3706-2025-camara\/\",\"url\":\"https:\/\/www.legislapp.com.br\/index.php\/avulso-inicial-pl-3706-2025-camara\/\",\"name\":\"Avulso Inicial - PL 3706\/2025 - C\u00e2mara - Legislapp\",\"isPartOf\":{\"@id\":\"https:\/\/www.legislapp.com.br\/#website\"},\"primaryImageOfPage\":{\"@id\":\"https:\/\/www.legislapp.com.br\/index.php\/avulso-inicial-pl-3706-2025-camara\/#primaryimage\"},\"image\":{\"@id\":\"https:\/\/www.legislapp.com.br\/index.php\/avulso-inicial-pl-3706-2025-camara\/#primaryimage\"},\"thumbnailUrl\":\"https:\/\/www.legislapp.com.br\/wp-content\/uploads\/2021\/07\/Logo-Legislapp-1-03-1.png\",\"datePublished\":\"2025-12-01T14:49:00+00:00\",\"breadcrumb\":{\"@id\":\"https:\/\/www.legislapp.com.br\/index.php\/avulso-inicial-pl-3706-2025-camara\/#breadcrumb\"},\"inLanguage\":\"pt-BR\",\"potentialAction\":[{\"@type\":\"ReadAction\",\"target\":[\"https:\/\/www.legislapp.com.br\/index.php\/avulso-inicial-pl-3706-2025-camara\/\"]}]},{\"@type\":\"ImageObject\",\"inLanguage\":\"pt-BR\",\"@id\":\"https:\/\/www.legislapp.com.br\/index.php\/avulso-inicial-pl-3706-2025-camara\/#primaryimage\",\"url\":\"https:\/\/www.legislapp.com.br\/wp-content\/uploads\/2021\/07\/Logo-Legislapp-1-03-1.png\",\"contentUrl\":\"https:\/\/www.legislapp.com.br\/wp-content\/uploads\/2021\/07\/Logo-Legislapp-1-03-1.png\",\"width\":2679,\"height\":2697},{\"@type\":\"BreadcrumbList\",\"@id\":\"https:\/\/www.legislapp.com.br\/index.php\/avulso-inicial-pl-3706-2025-camara\/#breadcrumb\",\"itemListElement\":[{\"@type\":\"ListItem\",\"position\":1,\"name\":\"In\u00edcio\",\"item\":\"https:\/\/www.legislapp.com.br\/\"},{\"@type\":\"ListItem\",\"position\":2,\"name\":\"Avulso Inicial &#8211; PL 3706\/2025 &#8211; C\u00e2mara\"}]},{\"@type\":\"WebSite\",\"@id\":\"https:\/\/www.legislapp.com.br\/#website\",\"url\":\"https:\/\/www.legislapp.com.br\/\",\"name\":\"Legislapp\",\"description\":\"Intelig\u00eancia governamental em tempo real\",\"publisher\":{\"@id\":\"https:\/\/www.legislapp.com.br\/#organization\"},\"potentialAction\":[{\"@type\":\"SearchAction\",\"target\":{\"@type\":\"EntryPoint\",\"urlTemplate\":\"https:\/\/www.legislapp.com.br\/?s={search_term_string}\"},\"query-input\":{\"@type\":\"PropertyValueSpecification\",\"valueRequired\":true,\"valueName\":\"search_term_string\"}}],\"inLanguage\":\"pt-BR\"},{\"@type\":\"Organization\",\"@id\":\"https:\/\/www.legislapp.com.br\/#organization\",\"name\":\"Legislapp Monitoramento e Intelig\u00eancia Governamental\",\"url\":\"https:\/\/www.legislapp.com.br\/\",\"logo\":{\"@type\":\"ImageObject\",\"inLanguage\":\"pt-BR\",\"@id\":\"https:\/\/www.legislapp.com.br\/#\/schema\/logo\/image\/\",\"url\":\"https:\/\/www.legislapp.com.br\/wp-content\/uploads\/icon.png\",\"contentUrl\":\"https:\/\/www.legislapp.com.br\/wp-content\/uploads\/icon.png\",\"width\":1024,\"height\":1024,\"caption\":\"Legislapp Monitoramento e Intelig\u00eancia Governamental\"},\"image\":{\"@id\":\"https:\/\/www.legislapp.com.br\/#\/schema\/logo\/image\/\"},\"sameAs\":[\"https:\/\/www.instagram.com\/legislapp\/\"]}]}<\/script>\n<!-- \/ Yoast SEO plugin. -->","yoast_head_json":{"title":"Avulso Inicial - PL 3706\/2025 - C\u00e2mara - Legislapp","robots":{"index":"index","follow":"follow","max-snippet":"max-snippet:-1","max-image-preview":"max-image-preview:large","max-video-preview":"max-video-preview:-1"},"canonical":"https:\/\/www.legislapp.com.br\/index.php\/avulso-inicial-pl-3706-2025-camara\/","og_locale":"pt_BR","og_type":"article","og_title":"Avulso Inicial - PL 3706\/2025 - C\u00e2mara - Legislapp","og_description":"Avulso Inicial &#8211; Autoria de Romero Rodrigues PROJETO DE LEI N\u00ba , DE 2025 (Do Sr. ROMERO RODRIGUES) Altera a Lei n\u00ba 12.764, de 27 de dezembro de 2012, para estabelecer que a assist\u00eancia \u00e0 sa\u00fade das pessoas com transtorno do espectro autista dever\u00e1 ser realizada, preferencialmente, sempre pelos os mesmos profissionais. O Congresso Nacional [&hellip;]","og_url":"https:\/\/www.legislapp.com.br\/index.php\/avulso-inicial-pl-3706-2025-camara\/","og_site_name":"Legislapp","article_publisher":"https:\/\/www.instagram.com\/legislapp\/","og_image":[{"url":"https:\/\/www.legislapp.com.br\/wp-content\/uploads\/2021\/07\/Logo-Legislapp-1-03-1.png","type":"","width":"","height":""}],"twitter_card":"summary_large_image","twitter_misc":{"Est. tempo de leitura":"3 minutos"},"schema":{"@context":"https:\/\/schema.org","@graph":[{"@type":"WebPage","@id":"https:\/\/www.legislapp.com.br\/index.php\/avulso-inicial-pl-3706-2025-camara\/","url":"https:\/\/www.legislapp.com.br\/index.php\/avulso-inicial-pl-3706-2025-camara\/","name":"Avulso Inicial - PL 3706\/2025 - C\u00e2mara - Legislapp","isPartOf":{"@id":"https:\/\/www.legislapp.com.br\/#website"},"primaryImageOfPage":{"@id":"https:\/\/www.legislapp.com.br\/index.php\/avulso-inicial-pl-3706-2025-camara\/#primaryimage"},"image":{"@id":"https:\/\/www.legislapp.com.br\/index.php\/avulso-inicial-pl-3706-2025-camara\/#primaryimage"},"thumbnailUrl":"https:\/\/www.legislapp.com.br\/wp-content\/uploads\/2021\/07\/Logo-Legislapp-1-03-1.png","datePublished":"2025-12-01T14:49:00+00:00","breadcrumb":{"@id":"https:\/\/www.legislapp.com.br\/index.php\/avulso-inicial-pl-3706-2025-camara\/#breadcrumb"},"inLanguage":"pt-BR","potentialAction":[{"@type":"ReadAction","target":["https:\/\/www.legislapp.com.br\/index.php\/avulso-inicial-pl-3706-2025-camara\/"]}]},{"@type":"ImageObject","inLanguage":"pt-BR","@id":"https:\/\/www.legislapp.com.br\/index.php\/avulso-inicial-pl-3706-2025-camara\/#primaryimage","url":"https:\/\/www.legislapp.com.br\/wp-content\/uploads\/2021\/07\/Logo-Legislapp-1-03-1.png","contentUrl":"https:\/\/www.legislapp.com.br\/wp-content\/uploads\/2021\/07\/Logo-Legislapp-1-03-1.png","width":2679,"height":2697},{"@type":"BreadcrumbList","@id":"https:\/\/www.legislapp.com.br\/index.php\/avulso-inicial-pl-3706-2025-camara\/#breadcrumb","itemListElement":[{"@type":"ListItem","position":1,"name":"In\u00edcio","item":"https:\/\/www.legislapp.com.br\/"},{"@type":"ListItem","position":2,"name":"Avulso Inicial &#8211; PL 3706\/2025 &#8211; C\u00e2mara"}]},{"@type":"WebSite","@id":"https:\/\/www.legislapp.com.br\/#website","url":"https:\/\/www.legislapp.com.br\/","name":"Legislapp","description":"Intelig\u00eancia governamental em tempo real","publisher":{"@id":"https:\/\/www.legislapp.com.br\/#organization"},"potentialAction":[{"@type":"SearchAction","target":{"@type":"EntryPoint","urlTemplate":"https:\/\/www.legislapp.com.br\/?s={search_term_string}"},"query-input":{"@type":"PropertyValueSpecification","valueRequired":true,"valueName":"search_term_string"}}],"inLanguage":"pt-BR"},{"@type":"Organization","@id":"https:\/\/www.legislapp.com.br\/#organization","name":"Legislapp Monitoramento e Intelig\u00eancia Governamental","url":"https:\/\/www.legislapp.com.br\/","logo":{"@type":"ImageObject","inLanguage":"pt-BR","@id":"https:\/\/www.legislapp.com.br\/#\/schema\/logo\/image\/","url":"https:\/\/www.legislapp.com.br\/wp-content\/uploads\/icon.png","contentUrl":"https:\/\/www.legislapp.com.br\/wp-content\/uploads\/icon.png","width":1024,"height":1024,"caption":"Legislapp Monitoramento e Intelig\u00eancia Governamental"},"image":{"@id":"https:\/\/www.legislapp.com.br\/#\/schema\/logo\/image\/"},"sameAs":["https:\/\/www.instagram.com\/legislapp\/"]}]}},"_links":{"self":[{"href":"https:\/\/www.legislapp.com.br\/index.php\/wp-json\/wp\/v2\/pages\/10972","targetHints":{"allow":["GET"]}}],"collection":[{"href":"https:\/\/www.legislapp.com.br\/index.php\/wp-json\/wp\/v2\/pages"}],"about":[{"href":"https:\/\/www.legislapp.com.br\/index.php\/wp-json\/wp\/v2\/types\/page"}],"author":[{"embeddable":true,"href":"https:\/\/www.legislapp.com.br\/index.php\/wp-json\/wp\/v2\/users\/1"}],"replies":[{"embeddable":true,"href":"https:\/\/www.legislapp.com.br\/index.php\/wp-json\/wp\/v2\/comments?post=10972"}],"version-history":[{"count":0,"href":"https:\/\/www.legislapp.com.br\/index.php\/wp-json\/wp\/v2\/pages\/10972\/revisions"}],"wp:attachment":[{"href":"https:\/\/www.legislapp.com.br\/index.php\/wp-json\/wp\/v2\/media?parent=10972"}],"curies":[{"name":"wp","href":"https:\/\/api.w.org\/{rel}","templated":true}]}}