{"id":10975,"date":"2025-12-01T11:49:06","date_gmt":"2025-12-01T14:49:06","guid":{"rendered":"https:\/\/www.legislapp.com.br\/index.php\/avulso-inicial-pl-3179-2025-camara\/"},"modified":"2025-12-01T11:49:06","modified_gmt":"2025-12-01T14:49:06","slug":"avulso-inicial-pl-3179-2025-camara","status":"publish","type":"page","link":"https:\/\/www.legislapp.com.br\/index.php\/avulso-inicial-pl-3179-2025-camara\/","title":{"rendered":"Avulso Inicial &#8211; PL 3179\/2025 &#8211; C\u00e2mara"},"content":{"rendered":"<h1 style='text-align: center;'>Avulso Inicial &#8211; Autoria de Duarte Jr.<\/h3>\n<p><\/p>\n<article>PROJETO DE LEI N\u00ba          , DE 2025<br \/>\n(Do Sr. Duarte Jr)<br \/>\nDisp\u00f5e sobre a inclus\u00e3o das mulheres<br \/>\ncom defici\u00eancia no Programa de Prote\u00e7\u00e3o e<br \/>\nPromo\u00e7\u00e3o da Sa\u00fade Menstrual.<br \/>\nO Congresso Nacional decreta:<br \/>\nArt. 1\u00ba O Art. 3\u00ba da Lei n\u00ba 14.214, de 6 de outubro de 2021,<br \/>\npassa a vigorar com a seguinte reda\u00e7\u00e3o:<br \/>\n\u201cArt.3\u00ba&#8230;&#8230;&#8230;&#8230;&#8230;&#8230;&#8230;&#8230;&#8230;&#8230;&#8230;&#8230;&#8230;&#8230;&#8230;&#8230;&#8230;&#8230;&#8230;&#8230;&#8230;&#8230;&#8230;&#8230;&#8230;&#8230;&#8230;&#8230;&#8230;&#8230;.<br \/>\n&#8230;&#8230;&#8230;&#8230;&#8230;&#8230;&#8230;&#8230;&#8230;&#8230;&#8230;&#8230;&#8230;&#8230;&#8230;&#8230;&#8230;&#8230;&#8230;&#8230;&#8230;&#8230;&#8230;&#8230;&#8230;&#8230;&#8230;&#8230;&#8230;&#8230;&#8230;&#8230;&#8230;&#8230;<br \/>\nV &#8211; Mulheres com defici\u00eancia, em situa\u00e7\u00e3o de vulnerabilidade<br \/>\necon\u00f4mica ou social.<br \/>\nPar\u00e1grafo \u00fanico. Para o atendimento das mulheres com<br \/>\ndefici\u00eancia benefici\u00e1rias do programa, \u00e9 assegurada, quando cab\u00edvel, a oferta<br \/>\nde absorventes higi\u00eanicos adaptados, bem como adapta\u00e7\u00f5es de outros<br \/>\ncuidados b\u00e1sicos de sa\u00fade relativos \u00e0s suas sa\u00fades menstruais\u201d (NR).<br \/>\nArt 2\u00ba Esta lei entra em vigor na data de sua publica\u00e7\u00e3o.<br \/>\nJUSTIFICA\u00c7\u00c3O<br \/>\nA presente proposi\u00e7\u00e3o visa incluir as mulheres com defici\u00eancia entre<br \/>\nas benefici\u00e1rias do Programa de Prote\u00e7\u00e3o e Promo\u00e7\u00e3o da Sa\u00fade Menstrual,<br \/>\ninstitu\u00eddo pela Lei n\u00ba 14.214, de 6 de outubro de 2021, assegurando-lhes o<br \/>\nfornecimento de absorventes adaptados, an\u00e1logos e demais insumos<br \/>\napropriados \u00e0s suas condi\u00e7\u00f5es espec\u00edficas. Trata-se de uma demanda da<br \/>\n\u00faltima Confer\u00eancia Nacional das Pessoas com Defici\u00eancia que estamos aqui<br \/>\natendendo, com todas as raz\u00f5es do mundo para faz\u00ea-lo.<br \/>\nPara verificar a assinatura, acesse https:\/\/infoleg-autenticidade-assinatura.camara.leg.br\/CD251247942700<br \/>\nAssinado eletronicamente pelo(a) Dep. Duarte Jr.<br \/>\nApresenta\u00e7\u00e3o: 02\/07\/2025 01:03:06.443 &#8211; Mesa<br \/>\n*CD251247942700* PL n.3179\/2025<br \/>2<br \/>\nMilh\u00f5es de brasileiras menstruam todos os meses em condi\u00e7\u00f5es<br \/>\nindignas, sem acesso a produtos de higiene, saneamento ou privacidade.<br \/>\nQuando essa precariedade atinge mulheres com defici\u00eancia, ela se multiplica<br \/>\n\u2014 somam-se \u00e0s barreiras da pobreza menstrual as barreiras arquitet\u00f4nicas,<br \/>\ncomunicacionais, atitudinais e institucionais. Ademais, \u00e9 preciso considerar que<br \/>\nas solu\u00e7\u00f5es ditas \u201cuniversais\u201d muitas vezes desconsideram essas<br \/>\nnecessidades espec\u00edficas.<br \/>\nA Conven\u00e7\u00e3o sobre os Direitos das Pessoas com Defici\u00eancia<br \/>\n(CDPD), com status constitucional no Brasil, estabelece que o Estado deve<br \/>\nadotar medidas espec\u00edficas para assegurar \u00e0s pessoas com defici\u00eancia acesso<br \/>\na servi\u00e7os de sa\u00fade em igualdade de condi\u00e7\u00f5es com as demais pessoas,<br \/>\nincluindo os relacionados \u00e0 sa\u00fade sexual e reprodutiva. A Lei Brasileira de<br \/>\nInclus\u00e3o (Lei n\u00ba 13.146\/2015) reafirma esse dever, determinando que a pol\u00edtica<br \/>\np\u00fablica de sa\u00fade deve ser adaptada \u00e0s condi\u00e7\u00f5es e particularidades das<br \/>\npessoas com defici\u00eancia.<br \/>\nEste projeto de lei responde, portanto, a uma omiss\u00e3o hist\u00f3rica. Ele<br \/>\namplia o conceito de dignidade menstrual para que seja verdadeiramente<br \/>\nuniversal, reconhecendo que o corpo feminino n\u00e3o \u00e9 homog\u00eaneo e que<br \/>\npol\u00edticas p\u00fablicas devem ser interseccionais. A dignidade menstrual de<br \/>\nmulheres com defici\u00eancia passa por produtos adequados. Passa tamb\u00e9m por<br \/>\nbanheiros acess\u00edveis, por informa\u00e7\u00e3o em formatos acess\u00edveis e por<br \/>\nprofissionais de sa\u00fade capacitados para lidar com a diversidade funcional.<br \/>\n\u00c9 preciso afirmar, por fim, que este projeto n\u00e3o se limita a incluir<br \/>\nnovos dispositivos na lei: ele afirma que justi\u00e7a social tamb\u00e9m se mede pelo<br \/>\ncuidado \u00edntimo a sociedade \u00e9 capaz de oferecer aos corpos que mais ignora.<br \/>\n\u00c9 hora de transformar a dignidade menstrual em pol\u00edtica de<br \/>\nequidade. Mulheres com defici\u00eancia n\u00e3o podem continuar invis\u00edveis na<br \/>\nformula\u00e7\u00e3o de direitos que lhes dizem respeito de forma t\u00e3o direta. N\u00e3o h\u00e1<br \/>\ndignidade menstrual sem acessibilidade menstrual. Aprovar esta proposi\u00e7\u00e3o \u00e9,<br \/>\nportanto, um ato de justi\u00e7a, de repara\u00e7\u00e3o e de luta pela equidade.<br \/>\nPara verificar a assinatura, acesse https:\/\/infoleg-autenticidade-assinatura.camara.leg.br\/CD251247942700<br \/>\nAssinado eletronicamente pelo(a) Dep. Duarte Jr.<br \/>\nApresenta\u00e7\u00e3o: 02\/07\/2025 01:03:06.443 &#8211; Mesa<br \/>\n*CD251247942700* PL n.3179\/2025<br \/>3<br \/>\nSala das Sess\u00f5es, em        de                     de 2025.<br \/>\nDeputado DUARTE JR<br \/>\nPSB\/MA<br \/>\nPara verificar a assinatura, acesse https:\/\/infoleg-autenticidade-assinatura.camara.leg.br\/CD251247942700<br \/>\nAssinado eletronicamente pelo(a) Dep. Duarte Jr.<br \/>\nApresenta\u00e7\u00e3o: 02\/07\/2025 01:03:06.443 &#8211; Mesa<br \/>\n*CD251247942700* PL n.3179\/2025<\/article>\n<p><a href='https:\/\/app.legislapp.com.br\/#\/busca?termo=Altera\u00e7\u00e3o'>Altera\u00e7\u00e3o<\/a>, <a href='https:\/\/app.legislapp.com.br\/#\/busca?termo=Lei federal'>Lei federal<\/a>, <a href='https:\/\/app.legislapp.com.br\/#\/busca?termo=Programa de Prote\u00e7\u00e3o e Promo\u00e7\u00e3o da Sa\u00fade Menstrual'>Programa de Prote\u00e7\u00e3o e Promo\u00e7\u00e3o da Sa\u00fade Menstrual<\/a>, <a href='https:\/\/app.legislapp.com.br\/#\/busca?termo=inclus\u00e3o'>inclus\u00e3o<\/a>, <a href='https:\/\/app.legislapp.com.br\/#\/busca?termo=benefici\u00e1rio'>benefici\u00e1rio<\/a>, <a href='https:\/\/app.legislapp.com.br\/#\/busca?termo=mulher'>mulher<\/a>, <a href='https:\/\/app.legislapp.com.br\/#\/busca?termo=pessoa com defici\u00eancia'>pessoa com defici\u00eancia<\/a>, <a href='https:\/\/app.legislapp.com.br\/#\/busca?termo=vulnerabilidade econ\u00f4mica'>vulnerabilidade econ\u00f4mica<\/a>, <a href='https:\/\/app.legislapp.com.br\/#\/busca?termo=vulnerabilidade social'>vulnerabilidade social<\/a>, <a href='https:\/\/app.legislapp.com.br\/#\/busca?termo=oferta'>oferta<\/a>, <a href='https:\/\/app.legislapp.com.br\/#\/busca?termo=adapta\u00e7\u00e3o'>adapta\u00e7\u00e3o<\/a>, <a href='https:\/\/app.legislapp.com.br\/#\/busca?termo=absorvente feminino'>absorvente feminino<\/a>, <a href='https:\/\/app.legislapp.com.br\/#\/busca?termo=aten\u00e7\u00e3o \u00e0 sa\u00fade'>aten\u00e7\u00e3o \u00e0 sa\u00fade<\/a>, <a href='https:\/\/app.legislapp.com.br\/#\/busca?termo=per\u00edodo menstrual.'>per\u00edodo menstrual.<\/a><\/p>\n<div style=\"text-align: center\">\n      <img decoding=\"async\" style=\"width: 14%;\" src=\"https:\/\/www.legislapp.com.br\/wp-content\/uploads\/2021\/07\/Logo-Legislapp-1-03-1.png\"><br \/>\n      <\/p>\n<div style=\"margin-bottom: 20px;\" class=\"et_pb_button_module_wrapper et_pb_button_5_tb_body_wrapper et_pb_button_alignment_center et_pb_module \">\n         <a class=\"et_pb_button et_pb_button_5_tb_body et_hover_enabled et_pb_bg_layout_dark\" style=\"width: 50%;background-color: black;\" href=\"https:\/\/app.legislapp.com.br\" target=\"_blank\" rel=\"noopener\">Visualizar completo na nossa plataforma (30 dias gr\u00e1tis)<\/a><\/p><\/div>\n<p>      <a href=\"https:\/\/play.google.com\/store\/apps\/details?id=br.com.legislapp\"><img decoding=\"async\" style=\"width: 15%; min-width: 130px;\" src=\"https:\/\/www.legislapp.com.br\/wp-content\/uploads\/google-play.png\"><\/a><br \/>\n      <a href=\"https:\/\/apps.apple.com\/us\/app\/legislapp\/id1568929859\"><img decoding=\"async\" style=\"width: 15%; min-width: 130px\" src=\"https:\/\/www.legislapp.com.br\/wp-content\/uploads\/apple-store.png\"><\/a>\n   <\/div>\n","protected":false},"excerpt":{"rendered":"<p>Avulso Inicial &#8211; Autoria de Duarte Jr. PROJETO DE LEI N\u00ba , DE 2025 (Do Sr. Duarte Jr) Disp\u00f5e sobre a inclus\u00e3o das mulheres com defici\u00eancia no Programa de Prote\u00e7\u00e3o e Promo\u00e7\u00e3o da Sa\u00fade Menstrual. O Congresso Nacional decreta: Art. 1\u00ba O Art. 3\u00ba da Lei n\u00ba 14.214, de 6 de outubro de 2021, passa [&hellip;]<\/p>\n","protected":false},"author":1,"featured_media":0,"parent":0,"menu_order":0,"comment_status":"closed","ping_status":"closed","template":"page-template-blank.php","meta":{"_et_pb_use_builder":"","_et_pb_old_content":"","_et_gb_content_width":"1080","ngg_post_thumbnail":0,"footnotes":""},"class_list":["post-10975","page","type-page","status-publish","hentry"],"yoast_head":"<!-- This site is optimized with the Yoast SEO plugin v24.4 - https:\/\/yoast.com\/wordpress\/plugins\/seo\/ -->\n<title>Avulso Inicial - PL 3179\/2025 - C\u00e2mara - Legislapp<\/title>\n<meta name=\"robots\" content=\"index, follow, max-snippet:-1, max-image-preview:large, max-video-preview:-1\" \/>\n<link rel=\"canonical\" href=\"https:\/\/www.legislapp.com.br\/index.php\/avulso-inicial-pl-3179-2025-camara\/\" \/>\n<meta property=\"og:locale\" content=\"pt_BR\" \/>\n<meta property=\"og:type\" content=\"article\" \/>\n<meta property=\"og:title\" content=\"Avulso Inicial - PL 3179\/2025 - C\u00e2mara - Legislapp\" \/>\n<meta property=\"og:description\" content=\"Avulso Inicial &#8211; Autoria de Duarte Jr. PROJETO DE LEI N\u00ba , DE 2025 (Do Sr. Duarte Jr) Disp\u00f5e sobre a inclus\u00e3o das mulheres com defici\u00eancia no Programa de Prote\u00e7\u00e3o e Promo\u00e7\u00e3o da Sa\u00fade Menstrual. O Congresso Nacional decreta: Art. 1\u00ba O Art. 3\u00ba da Lei n\u00ba 14.214, de 6 de outubro de 2021, passa [&hellip;]\" \/>\n<meta property=\"og:url\" content=\"https:\/\/www.legislapp.com.br\/index.php\/avulso-inicial-pl-3179-2025-camara\/\" \/>\n<meta property=\"og:site_name\" content=\"Legislapp\" \/>\n<meta property=\"article:publisher\" content=\"https:\/\/www.instagram.com\/legislapp\/\" \/>\n<meta property=\"og:image\" content=\"https:\/\/www.legislapp.com.br\/wp-content\/uploads\/2021\/07\/Logo-Legislapp-1-03-1.png\" \/>\n<meta name=\"twitter:card\" content=\"summary_large_image\" \/>\n<meta name=\"twitter:label1\" content=\"Est. tempo de leitura\" \/>\n\t<meta name=\"twitter:data1\" content=\"3 minutos\" \/>\n<script type=\"application\/ld+json\" class=\"yoast-schema-graph\">{\"@context\":\"https:\/\/schema.org\",\"@graph\":[{\"@type\":\"WebPage\",\"@id\":\"https:\/\/www.legislapp.com.br\/index.php\/avulso-inicial-pl-3179-2025-camara\/\",\"url\":\"https:\/\/www.legislapp.com.br\/index.php\/avulso-inicial-pl-3179-2025-camara\/\",\"name\":\"Avulso Inicial - PL 3179\/2025 - C\u00e2mara - Legislapp\",\"isPartOf\":{\"@id\":\"https:\/\/www.legislapp.com.br\/#website\"},\"primaryImageOfPage\":{\"@id\":\"https:\/\/www.legislapp.com.br\/index.php\/avulso-inicial-pl-3179-2025-camara\/#primaryimage\"},\"image\":{\"@id\":\"https:\/\/www.legislapp.com.br\/index.php\/avulso-inicial-pl-3179-2025-camara\/#primaryimage\"},\"thumbnailUrl\":\"https:\/\/www.legislapp.com.br\/wp-content\/uploads\/2021\/07\/Logo-Legislapp-1-03-1.png\",\"datePublished\":\"2025-12-01T14:49:06+00:00\",\"breadcrumb\":{\"@id\":\"https:\/\/www.legislapp.com.br\/index.php\/avulso-inicial-pl-3179-2025-camara\/#breadcrumb\"},\"inLanguage\":\"pt-BR\",\"potentialAction\":[{\"@type\":\"ReadAction\",\"target\":[\"https:\/\/www.legislapp.com.br\/index.php\/avulso-inicial-pl-3179-2025-camara\/\"]}]},{\"@type\":\"ImageObject\",\"inLanguage\":\"pt-BR\",\"@id\":\"https:\/\/www.legislapp.com.br\/index.php\/avulso-inicial-pl-3179-2025-camara\/#primaryimage\",\"url\":\"https:\/\/www.legislapp.com.br\/wp-content\/uploads\/2021\/07\/Logo-Legislapp-1-03-1.png\",\"contentUrl\":\"https:\/\/www.legislapp.com.br\/wp-content\/uploads\/2021\/07\/Logo-Legislapp-1-03-1.png\",\"width\":2679,\"height\":2697},{\"@type\":\"BreadcrumbList\",\"@id\":\"https:\/\/www.legislapp.com.br\/index.php\/avulso-inicial-pl-3179-2025-camara\/#breadcrumb\",\"itemListElement\":[{\"@type\":\"ListItem\",\"position\":1,\"name\":\"In\u00edcio\",\"item\":\"https:\/\/www.legislapp.com.br\/\"},{\"@type\":\"ListItem\",\"position\":2,\"name\":\"Avulso Inicial &#8211; PL 3179\/2025 &#8211; C\u00e2mara\"}]},{\"@type\":\"WebSite\",\"@id\":\"https:\/\/www.legislapp.com.br\/#website\",\"url\":\"https:\/\/www.legislapp.com.br\/\",\"name\":\"Legislapp\",\"description\":\"Intelig\u00eancia governamental em tempo real\",\"publisher\":{\"@id\":\"https:\/\/www.legislapp.com.br\/#organization\"},\"potentialAction\":[{\"@type\":\"SearchAction\",\"target\":{\"@type\":\"EntryPoint\",\"urlTemplate\":\"https:\/\/www.legislapp.com.br\/?s={search_term_string}\"},\"query-input\":{\"@type\":\"PropertyValueSpecification\",\"valueRequired\":true,\"valueName\":\"search_term_string\"}}],\"inLanguage\":\"pt-BR\"},{\"@type\":\"Organization\",\"@id\":\"https:\/\/www.legislapp.com.br\/#organization\",\"name\":\"Legislapp Monitoramento e Intelig\u00eancia Governamental\",\"url\":\"https:\/\/www.legislapp.com.br\/\",\"logo\":{\"@type\":\"ImageObject\",\"inLanguage\":\"pt-BR\",\"@id\":\"https:\/\/www.legislapp.com.br\/#\/schema\/logo\/image\/\",\"url\":\"https:\/\/www.legislapp.com.br\/wp-content\/uploads\/icon.png\",\"contentUrl\":\"https:\/\/www.legislapp.com.br\/wp-content\/uploads\/icon.png\",\"width\":1024,\"height\":1024,\"caption\":\"Legislapp Monitoramento e Intelig\u00eancia Governamental\"},\"image\":{\"@id\":\"https:\/\/www.legislapp.com.br\/#\/schema\/logo\/image\/\"},\"sameAs\":[\"https:\/\/www.instagram.com\/legislapp\/\"]}]}<\/script>\n<!-- \/ Yoast SEO plugin. -->","yoast_head_json":{"title":"Avulso Inicial - PL 3179\/2025 - C\u00e2mara - Legislapp","robots":{"index":"index","follow":"follow","max-snippet":"max-snippet:-1","max-image-preview":"max-image-preview:large","max-video-preview":"max-video-preview:-1"},"canonical":"https:\/\/www.legislapp.com.br\/index.php\/avulso-inicial-pl-3179-2025-camara\/","og_locale":"pt_BR","og_type":"article","og_title":"Avulso Inicial - PL 3179\/2025 - C\u00e2mara - Legislapp","og_description":"Avulso Inicial &#8211; Autoria de Duarte Jr. PROJETO DE LEI N\u00ba , DE 2025 (Do Sr. Duarte Jr) Disp\u00f5e sobre a inclus\u00e3o das mulheres com defici\u00eancia no Programa de Prote\u00e7\u00e3o e Promo\u00e7\u00e3o da Sa\u00fade Menstrual. O Congresso Nacional decreta: Art. 1\u00ba O Art. 3\u00ba da Lei n\u00ba 14.214, de 6 de outubro de 2021, passa [&hellip;]","og_url":"https:\/\/www.legislapp.com.br\/index.php\/avulso-inicial-pl-3179-2025-camara\/","og_site_name":"Legislapp","article_publisher":"https:\/\/www.instagram.com\/legislapp\/","og_image":[{"url":"https:\/\/www.legislapp.com.br\/wp-content\/uploads\/2021\/07\/Logo-Legislapp-1-03-1.png","type":"","width":"","height":""}],"twitter_card":"summary_large_image","twitter_misc":{"Est. tempo de leitura":"3 minutos"},"schema":{"@context":"https:\/\/schema.org","@graph":[{"@type":"WebPage","@id":"https:\/\/www.legislapp.com.br\/index.php\/avulso-inicial-pl-3179-2025-camara\/","url":"https:\/\/www.legislapp.com.br\/index.php\/avulso-inicial-pl-3179-2025-camara\/","name":"Avulso Inicial - PL 3179\/2025 - C\u00e2mara - Legislapp","isPartOf":{"@id":"https:\/\/www.legislapp.com.br\/#website"},"primaryImageOfPage":{"@id":"https:\/\/www.legislapp.com.br\/index.php\/avulso-inicial-pl-3179-2025-camara\/#primaryimage"},"image":{"@id":"https:\/\/www.legislapp.com.br\/index.php\/avulso-inicial-pl-3179-2025-camara\/#primaryimage"},"thumbnailUrl":"https:\/\/www.legislapp.com.br\/wp-content\/uploads\/2021\/07\/Logo-Legislapp-1-03-1.png","datePublished":"2025-12-01T14:49:06+00:00","breadcrumb":{"@id":"https:\/\/www.legislapp.com.br\/index.php\/avulso-inicial-pl-3179-2025-camara\/#breadcrumb"},"inLanguage":"pt-BR","potentialAction":[{"@type":"ReadAction","target":["https:\/\/www.legislapp.com.br\/index.php\/avulso-inicial-pl-3179-2025-camara\/"]}]},{"@type":"ImageObject","inLanguage":"pt-BR","@id":"https:\/\/www.legislapp.com.br\/index.php\/avulso-inicial-pl-3179-2025-camara\/#primaryimage","url":"https:\/\/www.legislapp.com.br\/wp-content\/uploads\/2021\/07\/Logo-Legislapp-1-03-1.png","contentUrl":"https:\/\/www.legislapp.com.br\/wp-content\/uploads\/2021\/07\/Logo-Legislapp-1-03-1.png","width":2679,"height":2697},{"@type":"BreadcrumbList","@id":"https:\/\/www.legislapp.com.br\/index.php\/avulso-inicial-pl-3179-2025-camara\/#breadcrumb","itemListElement":[{"@type":"ListItem","position":1,"name":"In\u00edcio","item":"https:\/\/www.legislapp.com.br\/"},{"@type":"ListItem","position":2,"name":"Avulso Inicial &#8211; PL 3179\/2025 &#8211; C\u00e2mara"}]},{"@type":"WebSite","@id":"https:\/\/www.legislapp.com.br\/#website","url":"https:\/\/www.legislapp.com.br\/","name":"Legislapp","description":"Intelig\u00eancia governamental em tempo real","publisher":{"@id":"https:\/\/www.legislapp.com.br\/#organization"},"potentialAction":[{"@type":"SearchAction","target":{"@type":"EntryPoint","urlTemplate":"https:\/\/www.legislapp.com.br\/?s={search_term_string}"},"query-input":{"@type":"PropertyValueSpecification","valueRequired":true,"valueName":"search_term_string"}}],"inLanguage":"pt-BR"},{"@type":"Organization","@id":"https:\/\/www.legislapp.com.br\/#organization","name":"Legislapp Monitoramento e Intelig\u00eancia Governamental","url":"https:\/\/www.legislapp.com.br\/","logo":{"@type":"ImageObject","inLanguage":"pt-BR","@id":"https:\/\/www.legislapp.com.br\/#\/schema\/logo\/image\/","url":"https:\/\/www.legislapp.com.br\/wp-content\/uploads\/icon.png","contentUrl":"https:\/\/www.legislapp.com.br\/wp-content\/uploads\/icon.png","width":1024,"height":1024,"caption":"Legislapp Monitoramento e Intelig\u00eancia Governamental"},"image":{"@id":"https:\/\/www.legislapp.com.br\/#\/schema\/logo\/image\/"},"sameAs":["https:\/\/www.instagram.com\/legislapp\/"]}]}},"_links":{"self":[{"href":"https:\/\/www.legislapp.com.br\/index.php\/wp-json\/wp\/v2\/pages\/10975","targetHints":{"allow":["GET"]}}],"collection":[{"href":"https:\/\/www.legislapp.com.br\/index.php\/wp-json\/wp\/v2\/pages"}],"about":[{"href":"https:\/\/www.legislapp.com.br\/index.php\/wp-json\/wp\/v2\/types\/page"}],"author":[{"embeddable":true,"href":"https:\/\/www.legislapp.com.br\/index.php\/wp-json\/wp\/v2\/users\/1"}],"replies":[{"embeddable":true,"href":"https:\/\/www.legislapp.com.br\/index.php\/wp-json\/wp\/v2\/comments?post=10975"}],"version-history":[{"count":0,"href":"https:\/\/www.legislapp.com.br\/index.php\/wp-json\/wp\/v2\/pages\/10975\/revisions"}],"wp:attachment":[{"href":"https:\/\/www.legislapp.com.br\/index.php\/wp-json\/wp\/v2\/media?parent=10975"}],"curies":[{"name":"wp","href":"https:\/\/api.w.org\/{rel}","templated":true}]}}